{"id":130657,"date":"2022-06-14T06:01:51","date_gmt":"2022-06-14T04:01:51","guid":{"rendered":"https:\/\/marktxxl.de\/markt\/produkt\/wasserdank-premium-duschkopf-mit-schlauch-und-halterung-9-strahlarten-fuer-regendusche-massage-15m-rostfreier-duschschlauch-wassersparende-handbrause-aus-chrom-mit-antikalk-silikond\/"},"modified":"2023-04-11T04:04:20","modified_gmt":"2023-04-11T02:04:20","slug":"wasserdank-premium-duschkopf-mit-schlauch-und-halterung-9-strahlarten-fuer-regendusche-massage-15m-rostfreier-duschschlauch-wassersparende-handbrause-aus-chrom-mit-antikalk-silikond","status":"publish","type":"product","link":"https:\/\/marktxxl.de\/markt\/produkt\/wasserdank-premium-duschkopf-mit-schlauch-und-halterung-9-strahlarten-fuer-regendusche-massage-15m-rostfreier-duschschlauch-wassersparende-handbrause-aus-chrom-mit-antikalk-silikond\/","title":{"rendered":"WASSERDANK\u00ae Premium Duschkopf mit Schlauch und Halterung | 9 Strahlarten f\u00fcr Regendusche &amp; Massage | 1,5m rostfreier\u2026"},"content":{"rendered":"<p>DUSCHKOPF SET MIT HALTERUNG: Die hocheffiziente Funktionalit\u00e4t der Handbrause mit Duschschlauch von Wasserdank erm\u00f6glicht Ihnen ein besonders erholsames Duscherlebnis mit \u00e4u\u00dferst angenehmen Wasserdruck. Das erstklassige Duscharmatur Set aus hochwertigem Chrom beinhaltet das n\u00f6tige Zubeh\u00f6r f\u00fcr eine einfache Installation und ist somit sofort einsatzbereit.<br \/>\n9 MODI STRAHLMUSTER: Die vielf\u00e4ltigen Strahlarten der leistungsstarken Massaged\u00fcsen des extra gro\u00dfen Duschkopf bieten Ihnen facettenreiche M\u00f6glichkeiten f\u00fcr eine wohltuende Dusche. Die Handbrause kann unter anderem als kraftvolle Massage Dusche, als kleiner oder gro\u00dfer Wasserstrahl, als angenehmer Spr\u00fchnebel sowie als Regendusche eingestellt werden.<br \/>\nEINFACHE INSTALLATION: Das wassersparende Duschbrause Set mit Schlauch kommt komplett anschlussfertig bei Ihnen Zuhause an und eignet sich f\u00fcr alle haushalts\u00fcblichen Dusch-Anschl\u00fcsse. Die Installation der Handbrause, der Halterung und des 1,5m Schlauch in Ihrer Dusche erfolgt problemlos mithilfe des mitgelieferten Zubeh\u00f6r in nur wenigen Handgriffen.<br \/>\nLEICHTE REINIGUNG: Dank der innovativen Antikalk-Funktion der Handbrause werden Kalkablagerungen sowie Kalkflecken auf der Oberfl\u00e4che des Duschkopf verringert. Die effektiven Silikond\u00fcsen lassen sich problemlos mit einem Reinigungstuch abwischen und durch die einfache Demontage des 1,5m Duschschlauch l\u00e4sst sich auch dieser, wenn n\u00f6tig ganz einfach reinigen.<br \/>\nHOCHWERTIGE MATERIALIEN: Die hochwertig verarbeitete Duschbrause und Halterung besteht aus gepr\u00fcftem Chrom, welches rostfrei, korrosions- und anlaufbest\u00e4ndig ist. Der 1,5m lange Duschschlauch aus rostfreiem Material ist zudem bruch- und auslaufsicher und die eingearbeiteten Silikond\u00fcsen des Duscharmatur Set sind leistungsf\u00e4hig und zugleich wassersparend.<br \/>\n<div class=\"main-cross-sell\" data-asin=\"B097CK2HCZ\">\n\n\t<div class=\"WooZone-cross-sell-loader\">\n\t\t<div>\n\t\t\t<div id=\"floatingBarsG\">\n\t\t\t\t<div class=\"blockG\" id=\"rotateG_01\"><\/div>\n\t\t\t\t<div class=\"blockG\" id=\"rotateG_02\"><\/div>\n\t\t\t\t<div class=\"blockG\" id=\"rotateG_03\"><\/div>\n\t\t\t\t<div class=\"blockG\" id=\"rotateG_04\"><\/div>\n\t\t\t\t<div class=\"blockG\" id=\"rotateG_05\"><\/div>\n\t\t\t\t<div class=\"blockG\" id=\"rotateG_06\"><\/div>\n\t\t\t\t<div class=\"blockG\" id=\"rotateG_07\"><\/div>\n\t\t\t\t<div class=\"blockG\" id=\"rotateG_08\"><\/div>\n\t\t\t<\/div>\n\t\t\t<div class=\"WooZone-cross-sell-loader-text\"><\/div>\n\t\t<\/div>\n\t<\/div>\n\n\t\t\n<\/div>\n<div style=\"clear:both;\"><\/div><\/p>\n","protected":false},"excerpt":{"rendered":"<p>DUSCHKOPF SET MIT HALTERUNG: Die hocheffiziente Funktionalit\u00e4t der Handbrause mit Duschschlauch von Wasserdank erm\u00f6glicht Ihnen ein besonders erholsames Duscherlebnis mit \u00e4u\u00dferst angenehmen Wasserdruck. Das erstklassige Duscharmatur Set aus hochwertigem Chrom beinhaltet das n\u00f6tige Zubeh\u00f6r f\u00fcr eine einfache Installation und ist somit sofort einsatzbereit.<br \/>\n9 MODI STRAHLMUSTER: Die vielf\u00e4ltigen Strahlarten der leistungsstarken Massaged\u00fcsen des extra gro\u00dfen Duschkopf bieten Ihnen facettenreiche M\u00f6glichkeiten f\u00fcr eine wohltuende Dusche. Die Handbrause kann unter anderem als kraftvolle Massage Dusche, als kleiner oder gro\u00dfer Wasserstrahl, als angenehmer Spr\u00fchnebel sowie als Regendusche eingestellt werden.<br \/>\nEINFACHE INSTALLATION: Das wassersparende Duschbrause Set mit Schlauch kommt komplett anschlussfertig bei Ihnen Zuhause an und eignet sich f\u00fcr alle haushalts\u00fcblichen Dusch-Anschl\u00fcsse. Die Installation der Handbrause, der Halterung und des 1,5m Schlauch in Ihrer Dusche erfolgt problemlos mithilfe des mitgelieferten Zubeh\u00f6r in nur wenigen Handgriffen.<\/p>\n","protected":false},"featured_media":130658,"comment_status":"open","ping_status":"closed","template":"","meta":[],"product_brand":[],"product_cat":[1983,11101],"product_tag":[],"class_list":{"0":"post-130657","1":"product","2":"type-product","3":"status-publish","4":"has-post-thumbnail","6":"product_cat-baumarkt","7":"product_cat-kuechen-badinstallation","8":"pa_brand-busch-jaeger-3","9":"pa_brand-wasserdank","10":"pa_height-1-968503935-zoll","11":"pa_length-9-842519675-zoll","12":"pa_manufacturer-wasserdank","13":"pa_width-4-724409444-zoll","15":"first","16":"instock","17":"shipping-taxable","18":"purchasable","19":"product-type-simple","20":"customify-col","21":"product-has-gallery"},"yoast_head":"<!-- This site is optimized with the Yoast SEO plugin v27.4 - https:\/\/yoast.com\/product\/yoast-seo-wordpress\/ -->\n<title>WASSERDANK\u00ae Premium Duschkopf mit Schlauch und Halterung | 9 Strahlarten f\u00fcr Regendusche &amp; Massage | 1,5m rostfreier\u2026 - Markt-XXL<\/title>\n<meta name=\"description\" content=\"Markt-XXL WASSERDANK\u00ae Premium Duschkopf mit Schlauch und Halterung | 9 Strahlarten f\u00fcr Regendusche &amp; Massage | 1,5m rostfreier\u2026\" \/>\n<meta name=\"robots\" content=\"index, follow, max-snippet:-1, max-image-preview:large, max-video-preview:-1\" \/>\n<link rel=\"canonical\" href=\"https:\/\/marktxxl.de\/markt\/produkt\/wasserdank-premium-duschkopf-mit-schlauch-und-halterung-9-strahlarten-fuer-regendusche-massage-15m-rostfreier-duschschlauch-wassersparende-handbrause-aus-chrom-mit-antikalk-silikond\/\" \/>\n<meta property=\"og:locale\" content=\"de_DE\" \/>\n<meta property=\"og:type\" content=\"article\" \/>\n<meta property=\"og:title\" content=\"WASSERDANK\u00ae Premium Duschkopf mit Schlauch und Halterung | 9 Strahlarten f\u00fcr Regendusche &amp; Massage | 1,5m rostfreier\u2026 - Markt-XXL\" \/>\n<meta property=\"og:description\" content=\"Markt-XXL WASSERDANK\u00ae Premium Duschkopf mit Schlauch und Halterung | 9 Strahlarten f\u00fcr Regendusche &amp; Massage | 1,5m rostfreier\u2026\" \/>\n<meta property=\"og:url\" content=\"https:\/\/marktxxl.de\/markt\/produkt\/wasserdank-premium-duschkopf-mit-schlauch-und-halterung-9-strahlarten-fuer-regendusche-massage-15m-rostfreier-duschschlauch-wassersparende-handbrause-aus-chrom-mit-antikalk-silikond\/\" \/>\n<meta property=\"og:site_name\" content=\"Markt-XXL\" \/>\n<meta property=\"article:modified_time\" content=\"2023-04-11T02:04:20+00:00\" \/>\n<meta property=\"og:image\" content=\"https:\/\/m.media-amazon.com\/images\/I\/51VEN-hOg2L._SL500_.jpg\" \/>\n\t<meta property=\"og:image:width\" content=\"500\" \/>\n\t<meta property=\"og:image:height\" content=\"500\" \/>\n\t<meta property=\"og:image:type\" content=\"image\/jpeg\" \/>\n<meta name=\"twitter:card\" content=\"summary_large_image\" \/>\n<meta name=\"twitter:label1\" content=\"Gesch\u00e4tzte Lesezeit\" \/>\n\t<meta name=\"twitter:data1\" content=\"1\u00a0Minute\" \/>\n<script type=\"application\/ld+json\" class=\"yoast-schema-graph\">{\"@context\":\"https:\\\/\\\/schema.org\",\"@graph\":[{\"@type\":\"WebPage\",\"@id\":\"https:\\\/\\\/marktxxl.de\\\/markt\\\/produkt\\\/wasserdank-premium-duschkopf-mit-schlauch-und-halterung-9-strahlarten-fuer-regendusche-massage-15m-rostfreier-duschschlauch-wassersparende-handbrause-aus-chrom-mit-antikalk-silikond\\\/\",\"url\":\"https:\\\/\\\/marktxxl.de\\\/markt\\\/produkt\\\/wasserdank-premium-duschkopf-mit-schlauch-und-halterung-9-strahlarten-fuer-regendusche-massage-15m-rostfreier-duschschlauch-wassersparende-handbrause-aus-chrom-mit-antikalk-silikond\\\/\",\"name\":\"WASSERDANK\u00ae Premium Duschkopf mit Schlauch und Halterung | 9 Strahlarten f\u00fcr Regendusche &amp; Massage | 1,5m rostfreier\u2026 - Markt-XXL\",\"isPartOf\":{\"@id\":\"https:\\\/\\\/marktxxl.de\\\/markt\\\/#website\"},\"primaryImageOfPage\":{\"@id\":\"https:\\\/\\\/marktxxl.de\\\/markt\\\/produkt\\\/wasserdank-premium-duschkopf-mit-schlauch-und-halterung-9-strahlarten-fuer-regendusche-massage-15m-rostfreier-duschschlauch-wassersparende-handbrause-aus-chrom-mit-antikalk-silikond\\\/#primaryimage\"},\"image\":{\"@id\":\"https:\\\/\\\/marktxxl.de\\\/markt\\\/produkt\\\/wasserdank-premium-duschkopf-mit-schlauch-und-halterung-9-strahlarten-fuer-regendusche-massage-15m-rostfreier-duschschlauch-wassersparende-handbrause-aus-chrom-mit-antikalk-silikond\\\/#primaryimage\"},\"thumbnailUrl\":\"https:\\\/\\\/m.media-amazon.com\\\/images\\\/I\\\/51VEN-hOg2L._SL500_.jpg\",\"datePublished\":\"2022-06-14T04:01:51+00:00\",\"dateModified\":\"2023-04-11T02:04:20+00:00\",\"description\":\"Markt-XXL WASSERDANK\u00ae Premium Duschkopf mit Schlauch und Halterung | 9 Strahlarten f\u00fcr Regendusche &amp; Massage | 1,5m rostfreier\u2026\",\"breadcrumb\":{\"@id\":\"https:\\\/\\\/marktxxl.de\\\/markt\\\/produkt\\\/wasserdank-premium-duschkopf-mit-schlauch-und-halterung-9-strahlarten-fuer-regendusche-massage-15m-rostfreier-duschschlauch-wassersparende-handbrause-aus-chrom-mit-antikalk-silikond\\\/#breadcrumb\"},\"inLanguage\":\"de\",\"potentialAction\":[{\"@type\":\"ReadAction\",\"target\":[\"https:\\\/\\\/marktxxl.de\\\/markt\\\/produkt\\\/wasserdank-premium-duschkopf-mit-schlauch-und-halterung-9-strahlarten-fuer-regendusche-massage-15m-rostfreier-duschschlauch-wassersparende-handbrause-aus-chrom-mit-antikalk-silikond\\\/\"]}]},{\"@type\":\"ImageObject\",\"inLanguage\":\"de\",\"@id\":\"https:\\\/\\\/marktxxl.de\\\/markt\\\/produkt\\\/wasserdank-premium-duschkopf-mit-schlauch-und-halterung-9-strahlarten-fuer-regendusche-massage-15m-rostfreier-duschschlauch-wassersparende-handbrause-aus-chrom-mit-antikalk-silikond\\\/#primaryimage\",\"url\":\"https:\\\/\\\/m.media-amazon.com\\\/images\\\/I\\\/51VEN-hOg2L._SL500_.jpg\",\"contentUrl\":\"https:\\\/\\\/m.media-amazon.com\\\/images\\\/I\\\/51VEN-hOg2L._SL500_.jpg\",\"width\":500,\"height\":500},{\"@type\":\"BreadcrumbList\",\"@id\":\"https:\\\/\\\/marktxxl.de\\\/markt\\\/produkt\\\/wasserdank-premium-duschkopf-mit-schlauch-und-halterung-9-strahlarten-fuer-regendusche-massage-15m-rostfreier-duschschlauch-wassersparende-handbrause-aus-chrom-mit-antikalk-silikond\\\/#breadcrumb\",\"itemListElement\":[{\"@type\":\"ListItem\",\"position\":1,\"name\":\"Startseite\",\"item\":\"https:\\\/\\\/marktxxl.de\\\/markt\\\/\"},{\"@type\":\"ListItem\",\"position\":2,\"name\":\"Markt\",\"item\":\"https:\\\/\\\/marktxxl.de\\\/markt\\\/\"},{\"@type\":\"ListItem\",\"position\":3,\"name\":\"WASSERDANK\u00ae Premium Duschkopf mit Schlauch und Halterung | 9 Strahlarten f\u00fcr Regendusche &amp; Massage | 1,5m rostfreier\u2026\"}]},{\"@type\":\"WebSite\",\"@id\":\"https:\\\/\\\/marktxxl.de\\\/markt\\\/#website\",\"url\":\"https:\\\/\\\/marktxxl.de\\\/markt\\\/\",\"name\":\"Markt-XXL\",\"description\":\"Ihr Markt Online\",\"publisher\":{\"@id\":\"https:\\\/\\\/marktxxl.de\\\/markt\\\/#organization\"},\"potentialAction\":[{\"@type\":\"SearchAction\",\"target\":{\"@type\":\"EntryPoint\",\"urlTemplate\":\"https:\\\/\\\/marktxxl.de\\\/markt\\\/?s={search_term_string}\"},\"query-input\":{\"@type\":\"PropertyValueSpecification\",\"valueRequired\":true,\"valueName\":\"search_term_string\"}}],\"inLanguage\":\"de\"},{\"@type\":\"Organization\",\"@id\":\"https:\\\/\\\/marktxxl.de\\\/markt\\\/#organization\",\"name\":\"Markt-XXL\",\"url\":\"https:\\\/\\\/marktxxl.de\\\/markt\\\/\",\"logo\":{\"@type\":\"ImageObject\",\"inLanguage\":\"de\",\"@id\":\"https:\\\/\\\/marktxxl.de\\\/markt\\\/#\\\/schema\\\/logo\\\/image\\\/\",\"url\":\"https:\\\/\\\/marktxxl.de\\\/markt\\\/wp-content\\\/uploads\\\/sites\\\/3\\\/2020\\\/12\\\/logo.png\",\"contentUrl\":\"https:\\\/\\\/marktxxl.de\\\/markt\\\/wp-content\\\/uploads\\\/sites\\\/3\\\/2020\\\/12\\\/logo.png\",\"width\":200,\"height\":70,\"caption\":\"Markt-XXL\"},\"image\":{\"@id\":\"https:\\\/\\\/marktxxl.de\\\/markt\\\/#\\\/schema\\\/logo\\\/image\\\/\"}}]}<\/script>\n<!-- \/ Yoast SEO plugin. -->","yoast_head_json":{"title":"WASSERDANK\u00ae Premium Duschkopf mit Schlauch und Halterung | 9 Strahlarten f\u00fcr Regendusche &amp; Massage | 1,5m rostfreier\u2026 - Markt-XXL","description":"Markt-XXL WASSERDANK\u00ae Premium Duschkopf mit Schlauch und Halterung | 9 Strahlarten f\u00fcr Regendusche &amp; Massage | 1,5m rostfreier\u2026","robots":{"index":"index","follow":"follow","max-snippet":"max-snippet:-1","max-image-preview":"max-image-preview:large","max-video-preview":"max-video-preview:-1"},"canonical":"https:\/\/marktxxl.de\/markt\/produkt\/wasserdank-premium-duschkopf-mit-schlauch-und-halterung-9-strahlarten-fuer-regendusche-massage-15m-rostfreier-duschschlauch-wassersparende-handbrause-aus-chrom-mit-antikalk-silikond\/","og_locale":"de_DE","og_type":"article","og_title":"WASSERDANK\u00ae Premium Duschkopf mit Schlauch und Halterung | 9 Strahlarten f\u00fcr Regendusche &amp; Massage | 1,5m rostfreier\u2026 - Markt-XXL","og_description":"Markt-XXL WASSERDANK\u00ae Premium Duschkopf mit Schlauch und Halterung | 9 Strahlarten f\u00fcr Regendusche &amp; Massage | 1,5m rostfreier\u2026","og_url":"https:\/\/marktxxl.de\/markt\/produkt\/wasserdank-premium-duschkopf-mit-schlauch-und-halterung-9-strahlarten-fuer-regendusche-massage-15m-rostfreier-duschschlauch-wassersparende-handbrause-aus-chrom-mit-antikalk-silikond\/","og_site_name":"Markt-XXL","article_modified_time":"2023-04-11T02:04:20+00:00","og_image":[{"width":500,"height":500,"url":"https:\/\/m.media-amazon.com\/images\/I\/51VEN-hOg2L._SL500_.jpg","type":"image\/jpeg"}],"twitter_card":"summary_large_image","twitter_misc":{"Gesch\u00e4tzte Lesezeit":"1\u00a0Minute"},"schema":{"@context":"https:\/\/schema.org","@graph":[{"@type":"WebPage","@id":"https:\/\/marktxxl.de\/markt\/produkt\/wasserdank-premium-duschkopf-mit-schlauch-und-halterung-9-strahlarten-fuer-regendusche-massage-15m-rostfreier-duschschlauch-wassersparende-handbrause-aus-chrom-mit-antikalk-silikond\/","url":"https:\/\/marktxxl.de\/markt\/produkt\/wasserdank-premium-duschkopf-mit-schlauch-und-halterung-9-strahlarten-fuer-regendusche-massage-15m-rostfreier-duschschlauch-wassersparende-handbrause-aus-chrom-mit-antikalk-silikond\/","name":"WASSERDANK\u00ae Premium Duschkopf mit Schlauch und Halterung | 9 Strahlarten f\u00fcr Regendusche &amp; Massage | 1,5m rostfreier\u2026 - Markt-XXL","isPartOf":{"@id":"https:\/\/marktxxl.de\/markt\/#website"},"primaryImageOfPage":{"@id":"https:\/\/marktxxl.de\/markt\/produkt\/wasserdank-premium-duschkopf-mit-schlauch-und-halterung-9-strahlarten-fuer-regendusche-massage-15m-rostfreier-duschschlauch-wassersparende-handbrause-aus-chrom-mit-antikalk-silikond\/#primaryimage"},"image":{"@id":"https:\/\/marktxxl.de\/markt\/produkt\/wasserdank-premium-duschkopf-mit-schlauch-und-halterung-9-strahlarten-fuer-regendusche-massage-15m-rostfreier-duschschlauch-wassersparende-handbrause-aus-chrom-mit-antikalk-silikond\/#primaryimage"},"thumbnailUrl":"https:\/\/m.media-amazon.com\/images\/I\/51VEN-hOg2L._SL500_.jpg","datePublished":"2022-06-14T04:01:51+00:00","dateModified":"2023-04-11T02:04:20+00:00","description":"Markt-XXL WASSERDANK\u00ae Premium Duschkopf mit Schlauch und Halterung | 9 Strahlarten f\u00fcr Regendusche &amp; Massage | 1,5m rostfreier\u2026","breadcrumb":{"@id":"https:\/\/marktxxl.de\/markt\/produkt\/wasserdank-premium-duschkopf-mit-schlauch-und-halterung-9-strahlarten-fuer-regendusche-massage-15m-rostfreier-duschschlauch-wassersparende-handbrause-aus-chrom-mit-antikalk-silikond\/#breadcrumb"},"inLanguage":"de","potentialAction":[{"@type":"ReadAction","target":["https:\/\/marktxxl.de\/markt\/produkt\/wasserdank-premium-duschkopf-mit-schlauch-und-halterung-9-strahlarten-fuer-regendusche-massage-15m-rostfreier-duschschlauch-wassersparende-handbrause-aus-chrom-mit-antikalk-silikond\/"]}]},{"@type":"ImageObject","inLanguage":"de","@id":"https:\/\/marktxxl.de\/markt\/produkt\/wasserdank-premium-duschkopf-mit-schlauch-und-halterung-9-strahlarten-fuer-regendusche-massage-15m-rostfreier-duschschlauch-wassersparende-handbrause-aus-chrom-mit-antikalk-silikond\/#primaryimage","url":"https:\/\/m.media-amazon.com\/images\/I\/51VEN-hOg2L._SL500_.jpg","contentUrl":"https:\/\/m.media-amazon.com\/images\/I\/51VEN-hOg2L._SL500_.jpg","width":500,"height":500},{"@type":"BreadcrumbList","@id":"https:\/\/marktxxl.de\/markt\/produkt\/wasserdank-premium-duschkopf-mit-schlauch-und-halterung-9-strahlarten-fuer-regendusche-massage-15m-rostfreier-duschschlauch-wassersparende-handbrause-aus-chrom-mit-antikalk-silikond\/#breadcrumb","itemListElement":[{"@type":"ListItem","position":1,"name":"Startseite","item":"https:\/\/marktxxl.de\/markt\/"},{"@type":"ListItem","position":2,"name":"Markt","item":"https:\/\/marktxxl.de\/markt\/"},{"@type":"ListItem","position":3,"name":"WASSERDANK\u00ae Premium Duschkopf mit Schlauch und Halterung | 9 Strahlarten f\u00fcr Regendusche &amp; Massage | 1,5m rostfreier\u2026"}]},{"@type":"WebSite","@id":"https:\/\/marktxxl.de\/markt\/#website","url":"https:\/\/marktxxl.de\/markt\/","name":"Markt-XXL","description":"Ihr Markt Online","publisher":{"@id":"https:\/\/marktxxl.de\/markt\/#organization"},"potentialAction":[{"@type":"SearchAction","target":{"@type":"EntryPoint","urlTemplate":"https:\/\/marktxxl.de\/markt\/?s={search_term_string}"},"query-input":{"@type":"PropertyValueSpecification","valueRequired":true,"valueName":"search_term_string"}}],"inLanguage":"de"},{"@type":"Organization","@id":"https:\/\/marktxxl.de\/markt\/#organization","name":"Markt-XXL","url":"https:\/\/marktxxl.de\/markt\/","logo":{"@type":"ImageObject","inLanguage":"de","@id":"https:\/\/marktxxl.de\/markt\/#\/schema\/logo\/image\/","url":"https:\/\/marktxxl.de\/markt\/wp-content\/uploads\/sites\/3\/2020\/12\/logo.png","contentUrl":"https:\/\/marktxxl.de\/markt\/wp-content\/uploads\/sites\/3\/2020\/12\/logo.png","width":200,"height":70,"caption":"Markt-XXL"},"image":{"@id":"https:\/\/marktxxl.de\/markt\/#\/schema\/logo\/image\/"}}]}},"_links":{"self":[{"href":"https:\/\/marktxxl.de\/markt\/wp-json\/wp\/v2\/product\/130657","targetHints":{"allow":["GET"]}}],"collection":[{"href":"https:\/\/marktxxl.de\/markt\/wp-json\/wp\/v2\/product"}],"about":[{"href":"https:\/\/marktxxl.de\/markt\/wp-json\/wp\/v2\/types\/product"}],"replies":[{"embeddable":true,"href":"https:\/\/marktxxl.de\/markt\/wp-json\/wp\/v2\/comments?post=130657"}],"wp:featuredmedia":[{"embeddable":true,"href":"https:\/\/marktxxl.de\/markt\/wp-json\/wp\/v2\/media\/130658"}],"wp:attachment":[{"href":"https:\/\/marktxxl.de\/markt\/wp-json\/wp\/v2\/media?parent=130657"}],"wp:term":[{"taxonomy":"product_brand","embeddable":true,"href":"https:\/\/marktxxl.de\/markt\/wp-json\/wp\/v2\/product_brand?post=130657"},{"taxonomy":"product_cat","embeddable":true,"href":"https:\/\/marktxxl.de\/markt\/wp-json\/wp\/v2\/product_cat?post=130657"},{"taxonomy":"product_tag","embeddable":true,"href":"https:\/\/marktxxl.de\/markt\/wp-json\/wp\/v2\/product_tag?post=130657"}],"curies":[{"name":"wp","href":"https:\/\/api.w.org\/{rel}","templated":true}]}}