{"id":130413,"date":"2022-06-14T05:14:36","date_gmt":"2022-06-14T03:14:36","guid":{"rendered":"https:\/\/marktxxl.de\/markt\/produkt\/splenda-stevia-suessstoff-von-naturals-keine-kalorien-ganz-natuerlicher-zuckerersatz-ohne-bitteren-nachgeschmack-98-unzen-glas-packung-mit-1\/"},"modified":"2023-04-11T04:04:15","modified_gmt":"2023-04-11T02:04:15","slug":"splenda-stevia-suessstoff-von-naturals-keine-kalorien-ganz-natuerlicher-zuckerersatz-ohne-bitteren-nachgeschmack-98-unzen-glas-packung-mit-1","status":"publish","type":"product","link":"https:\/\/marktxxl.de\/markt\/produkt\/splenda-stevia-suessstoff-von-naturals-keine-kalorien-ganz-natuerlicher-zuckerersatz-ohne-bitteren-nachgeschmack-98-unzen-glas-packung-mit-1\/","title":{"rendered":"Splenda Stevia-S\u00fc\u00dfstoff von Naturals: Keine Kalorien, ganz nat\u00fcrlicher Zuckerersatz ohne bitteren Nachgeschmack. 9,8\u2026"},"content":{"rendered":"<p>DAS BESTE STEVIA: SPLENDA Naturals Stevia erh\u00e4lt seine einzigartige S\u00fc\u00dfe von Reb D, einem der leckersten Extrakte aus dem Stevia-Blatt. (Wir glauben, dass das \u201eD\u201c f\u00fcr k\u00f6stlich steht!) Bisher haben Sie m\u00f6glicherweise nur S\u00fc\u00dfstoffe mit einem Stevia-Extrakt namens Reb A probiert, der einen bitteren Nachgeschmack haben kann. Durch die Verwendung eines Stevia-Extrakts, der reich an Reb D ist, haben wir den nat\u00fcrlich s\u00fc\u00dfen Geschmack von Stevia wirklich freigesetzt.<br \/>\n100% NAT\u00dcRLICH: SPLENDA Naturals Stevia enth\u00e4lt nichts K\u00fcnstliches; Keine k\u00fcnstlichen Aromen, Farbstoffe oder Konservierungsstoffe und vollst\u00e4ndig gentechnikfrei<br \/>\nALLZWECK-S\u00dc\u00dfMITTEL: Verwenden Sie \u00fcberall dort, wo Sie Zucker verwenden w\u00fcrden! Passt hervorragend zu Ihren Lieblingsrezepten f\u00fcr Backwaren, Saucen und Getr\u00e4nke.<br \/>\nNULLKALORIEN: SPLENDA Naturals Stevia ist kalorienfrei, zuckerfrei und schmeckt hervorragend. Es ist ein einfacher Schritt, um Kalorien zu reduzieren und beim Gewichtsmanagement zu helfen. Es ist auch f\u00fcr Menschen mit Diabetes geeignet.<br \/>\nS\u00dcSSEN SIE IHR LEBEN: Ohne bitteren Nachgeschmack ist die Verwendung des granulierten S\u00fc\u00dfungsmittels SPLENDA Naturals Stevia der nat\u00fcrliche Weg und Sie werden den Zucker nicht verpassen!<br \/>\n<div class=\"main-cross-sell\" data-asin=\"B071VWKNH2\">\n\n\t<div class=\"WooZone-cross-sell-loader\">\n\t\t<div>\n\t\t\t<div id=\"floatingBarsG\">\n\t\t\t\t<div class=\"blockG\" id=\"rotateG_01\"><\/div>\n\t\t\t\t<div class=\"blockG\" id=\"rotateG_02\"><\/div>\n\t\t\t\t<div class=\"blockG\" id=\"rotateG_03\"><\/div>\n\t\t\t\t<div class=\"blockG\" id=\"rotateG_04\"><\/div>\n\t\t\t\t<div class=\"blockG\" id=\"rotateG_05\"><\/div>\n\t\t\t\t<div class=\"blockG\" id=\"rotateG_06\"><\/div>\n\t\t\t\t<div class=\"blockG\" id=\"rotateG_07\"><\/div>\n\t\t\t\t<div class=\"blockG\" id=\"rotateG_08\"><\/div>\n\t\t\t<\/div>\n\t\t\t<div class=\"WooZone-cross-sell-loader-text\"><\/div>\n\t\t<\/div>\n\t<\/div>\n\n\t\t\n<\/div>\n<div style=\"clear:both;\"><\/div><\/p>\n","protected":false},"excerpt":{"rendered":"<p>DAS BESTE STEVIA: SPLENDA Naturals Stevia erh\u00e4lt seine einzigartige S\u00fc\u00dfe von Reb D, einem der leckersten Extrakte aus dem Stevia-Blatt. (Wir glauben, dass das \u201eD\u201c f\u00fcr k\u00f6stlich steht!) Bisher haben Sie m\u00f6glicherweise nur S\u00fc\u00dfstoffe mit einem Stevia-Extrakt namens Reb A probiert, der einen bitteren Nachgeschmack haben kann. Durch die Verwendung eines Stevia-Extrakts, der reich an Reb D ist, haben wir den nat\u00fcrlich s\u00fc\u00dfen Geschmack von Stevia wirklich freigesetzt.<br \/>\n100% NAT\u00dcRLICH: SPLENDA Naturals Stevia enth\u00e4lt nichts K\u00fcnstliches; Keine k\u00fcnstlichen Aromen, Farbstoffe oder Konservierungsstoffe und vollst\u00e4ndig gentechnikfrei<br \/>\nALLZWECK-S\u00dc\u00dfMITTEL: Verwenden Sie \u00fcberall dort, wo Sie Zucker verwenden w\u00fcrden! Passt hervorragend zu Ihren Lieblingsrezepten f\u00fcr Backwaren, Saucen und Getr\u00e4nke.<\/p>\n","protected":false},"featured_media":130414,"comment_status":"open","ping_status":"closed","template":"","meta":[],"product_brand":[],"product_cat":[566,6104],"product_tag":[],"class_list":{"0":"post-130413","1":"product","2":"type-product","3":"status-publish","4":"has-post-thumbnail","6":"product_cat-drogerie-koerperpflege","7":"product_cat-nahrungsergaenzung","8":"pa_binding-lebensmittel-getraenke","9":"pa_brand-splenda","10":"pa_height-3-5-zoll","11":"pa_length-3-5-zoll","12":"pa_manufacturer-heartland-fpg","13":"pa_model-sp06710510","14":"pa_size-98-ounce-1-stueck","15":"pa_weight-0-6125-pfund","16":"pa_width-3-81-zoll","18":"first","19":"instock","20":"shipping-taxable","21":"purchasable","22":"product-type-simple","23":"customify-col","24":"product-has-gallery"},"yoast_head":"<!-- This site is optimized with the Yoast SEO plugin v27.4 - https:\/\/yoast.com\/product\/yoast-seo-wordpress\/ -->\n<title>Splenda Stevia-S\u00fc\u00dfstoff von Naturals: Keine Kalorien, ganz nat\u00fcrlicher Zuckerersatz ohne bitteren Nachgeschmack. 9,8\u2026 - Markt-XXL<\/title>\n<meta name=\"description\" content=\"Markt-XXL Splenda Stevia-S\u00fc\u00dfstoff von Naturals: Keine Kalorien, ganz nat\u00fcrlicher Zuckerersatz ohne bitteren Nachgeschmack. 9,8\u2026\" \/>\n<meta name=\"robots\" content=\"index, follow, max-snippet:-1, max-image-preview:large, max-video-preview:-1\" \/>\n<link rel=\"canonical\" href=\"https:\/\/marktxxl.de\/markt\/produkt\/splenda-stevia-suessstoff-von-naturals-keine-kalorien-ganz-natuerlicher-zuckerersatz-ohne-bitteren-nachgeschmack-98-unzen-glas-packung-mit-1\/\" \/>\n<meta property=\"og:locale\" content=\"de_DE\" \/>\n<meta property=\"og:type\" content=\"article\" \/>\n<meta property=\"og:title\" content=\"Splenda Stevia-S\u00fc\u00dfstoff von Naturals: Keine Kalorien, ganz nat\u00fcrlicher Zuckerersatz ohne bitteren Nachgeschmack. 9,8\u2026 - Markt-XXL\" \/>\n<meta property=\"og:description\" content=\"Markt-XXL Splenda Stevia-S\u00fc\u00dfstoff von Naturals: Keine Kalorien, ganz nat\u00fcrlicher Zuckerersatz ohne bitteren Nachgeschmack. 9,8\u2026\" \/>\n<meta property=\"og:url\" content=\"https:\/\/marktxxl.de\/markt\/produkt\/splenda-stevia-suessstoff-von-naturals-keine-kalorien-ganz-natuerlicher-zuckerersatz-ohne-bitteren-nachgeschmack-98-unzen-glas-packung-mit-1\/\" \/>\n<meta property=\"og:site_name\" content=\"Markt-XXL\" \/>\n<meta property=\"article:modified_time\" content=\"2023-04-11T02:04:15+00:00\" \/>\n<meta property=\"og:image\" content=\"https:\/\/m.media-amazon.com\/images\/I\/514T7y1DObL._SL500_.jpg\" \/>\n\t<meta property=\"og:image:width\" content=\"500\" \/>\n\t<meta property=\"og:image:height\" content=\"500\" \/>\n\t<meta property=\"og:image:type\" content=\"image\/jpeg\" \/>\n<meta name=\"twitter:card\" content=\"summary_large_image\" \/>\n<meta name=\"twitter:label1\" content=\"Gesch\u00e4tzte Lesezeit\" \/>\n\t<meta name=\"twitter:data1\" content=\"1\u00a0Minute\" \/>\n<script type=\"application\/ld+json\" class=\"yoast-schema-graph\">{\"@context\":\"https:\\\/\\\/schema.org\",\"@graph\":[{\"@type\":\"WebPage\",\"@id\":\"https:\\\/\\\/marktxxl.de\\\/markt\\\/produkt\\\/splenda-stevia-suessstoff-von-naturals-keine-kalorien-ganz-natuerlicher-zuckerersatz-ohne-bitteren-nachgeschmack-98-unzen-glas-packung-mit-1\\\/\",\"url\":\"https:\\\/\\\/marktxxl.de\\\/markt\\\/produkt\\\/splenda-stevia-suessstoff-von-naturals-keine-kalorien-ganz-natuerlicher-zuckerersatz-ohne-bitteren-nachgeschmack-98-unzen-glas-packung-mit-1\\\/\",\"name\":\"Splenda Stevia-S\u00fc\u00dfstoff von Naturals: Keine Kalorien, ganz nat\u00fcrlicher Zuckerersatz ohne bitteren Nachgeschmack. 9,8\u2026 - Markt-XXL\",\"isPartOf\":{\"@id\":\"https:\\\/\\\/marktxxl.de\\\/markt\\\/#website\"},\"primaryImageOfPage\":{\"@id\":\"https:\\\/\\\/marktxxl.de\\\/markt\\\/produkt\\\/splenda-stevia-suessstoff-von-naturals-keine-kalorien-ganz-natuerlicher-zuckerersatz-ohne-bitteren-nachgeschmack-98-unzen-glas-packung-mit-1\\\/#primaryimage\"},\"image\":{\"@id\":\"https:\\\/\\\/marktxxl.de\\\/markt\\\/produkt\\\/splenda-stevia-suessstoff-von-naturals-keine-kalorien-ganz-natuerlicher-zuckerersatz-ohne-bitteren-nachgeschmack-98-unzen-glas-packung-mit-1\\\/#primaryimage\"},\"thumbnailUrl\":\"https:\\\/\\\/m.media-amazon.com\\\/images\\\/I\\\/514T7y1DObL._SL500_.jpg\",\"datePublished\":\"2022-06-14T03:14:36+00:00\",\"dateModified\":\"2023-04-11T02:04:15+00:00\",\"description\":\"Markt-XXL Splenda Stevia-S\u00fc\u00dfstoff von Naturals: Keine Kalorien, ganz nat\u00fcrlicher Zuckerersatz ohne bitteren Nachgeschmack. 9,8\u2026\",\"breadcrumb\":{\"@id\":\"https:\\\/\\\/marktxxl.de\\\/markt\\\/produkt\\\/splenda-stevia-suessstoff-von-naturals-keine-kalorien-ganz-natuerlicher-zuckerersatz-ohne-bitteren-nachgeschmack-98-unzen-glas-packung-mit-1\\\/#breadcrumb\"},\"inLanguage\":\"de\",\"potentialAction\":[{\"@type\":\"ReadAction\",\"target\":[\"https:\\\/\\\/marktxxl.de\\\/markt\\\/produkt\\\/splenda-stevia-suessstoff-von-naturals-keine-kalorien-ganz-natuerlicher-zuckerersatz-ohne-bitteren-nachgeschmack-98-unzen-glas-packung-mit-1\\\/\"]}]},{\"@type\":\"ImageObject\",\"inLanguage\":\"de\",\"@id\":\"https:\\\/\\\/marktxxl.de\\\/markt\\\/produkt\\\/splenda-stevia-suessstoff-von-naturals-keine-kalorien-ganz-natuerlicher-zuckerersatz-ohne-bitteren-nachgeschmack-98-unzen-glas-packung-mit-1\\\/#primaryimage\",\"url\":\"https:\\\/\\\/m.media-amazon.com\\\/images\\\/I\\\/514T7y1DObL._SL500_.jpg\",\"contentUrl\":\"https:\\\/\\\/m.media-amazon.com\\\/images\\\/I\\\/514T7y1DObL._SL500_.jpg\",\"width\":500,\"height\":500},{\"@type\":\"BreadcrumbList\",\"@id\":\"https:\\\/\\\/marktxxl.de\\\/markt\\\/produkt\\\/splenda-stevia-suessstoff-von-naturals-keine-kalorien-ganz-natuerlicher-zuckerersatz-ohne-bitteren-nachgeschmack-98-unzen-glas-packung-mit-1\\\/#breadcrumb\",\"itemListElement\":[{\"@type\":\"ListItem\",\"position\":1,\"name\":\"Startseite\",\"item\":\"https:\\\/\\\/marktxxl.de\\\/markt\\\/\"},{\"@type\":\"ListItem\",\"position\":2,\"name\":\"Markt\",\"item\":\"https:\\\/\\\/marktxxl.de\\\/markt\\\/\"},{\"@type\":\"ListItem\",\"position\":3,\"name\":\"Splenda Stevia-S\u00fc\u00dfstoff von Naturals: Keine Kalorien, ganz nat\u00fcrlicher Zuckerersatz ohne bitteren Nachgeschmack. 9,8\u2026\"}]},{\"@type\":\"WebSite\",\"@id\":\"https:\\\/\\\/marktxxl.de\\\/markt\\\/#website\",\"url\":\"https:\\\/\\\/marktxxl.de\\\/markt\\\/\",\"name\":\"Markt-XXL\",\"description\":\"Ihr Markt Online\",\"publisher\":{\"@id\":\"https:\\\/\\\/marktxxl.de\\\/markt\\\/#organization\"},\"potentialAction\":[{\"@type\":\"SearchAction\",\"target\":{\"@type\":\"EntryPoint\",\"urlTemplate\":\"https:\\\/\\\/marktxxl.de\\\/markt\\\/?s={search_term_string}\"},\"query-input\":{\"@type\":\"PropertyValueSpecification\",\"valueRequired\":true,\"valueName\":\"search_term_string\"}}],\"inLanguage\":\"de\"},{\"@type\":\"Organization\",\"@id\":\"https:\\\/\\\/marktxxl.de\\\/markt\\\/#organization\",\"name\":\"Markt-XXL\",\"url\":\"https:\\\/\\\/marktxxl.de\\\/markt\\\/\",\"logo\":{\"@type\":\"ImageObject\",\"inLanguage\":\"de\",\"@id\":\"https:\\\/\\\/marktxxl.de\\\/markt\\\/#\\\/schema\\\/logo\\\/image\\\/\",\"url\":\"https:\\\/\\\/marktxxl.de\\\/markt\\\/wp-content\\\/uploads\\\/sites\\\/3\\\/2020\\\/12\\\/logo.png\",\"contentUrl\":\"https:\\\/\\\/marktxxl.de\\\/markt\\\/wp-content\\\/uploads\\\/sites\\\/3\\\/2020\\\/12\\\/logo.png\",\"width\":200,\"height\":70,\"caption\":\"Markt-XXL\"},\"image\":{\"@id\":\"https:\\\/\\\/marktxxl.de\\\/markt\\\/#\\\/schema\\\/logo\\\/image\\\/\"}}]}<\/script>\n<!-- \/ Yoast SEO plugin. -->","yoast_head_json":{"title":"Splenda Stevia-S\u00fc\u00dfstoff von Naturals: Keine Kalorien, ganz nat\u00fcrlicher Zuckerersatz ohne bitteren Nachgeschmack. 9,8\u2026 - Markt-XXL","description":"Markt-XXL Splenda Stevia-S\u00fc\u00dfstoff von Naturals: Keine Kalorien, ganz nat\u00fcrlicher Zuckerersatz ohne bitteren Nachgeschmack. 9,8\u2026","robots":{"index":"index","follow":"follow","max-snippet":"max-snippet:-1","max-image-preview":"max-image-preview:large","max-video-preview":"max-video-preview:-1"},"canonical":"https:\/\/marktxxl.de\/markt\/produkt\/splenda-stevia-suessstoff-von-naturals-keine-kalorien-ganz-natuerlicher-zuckerersatz-ohne-bitteren-nachgeschmack-98-unzen-glas-packung-mit-1\/","og_locale":"de_DE","og_type":"article","og_title":"Splenda Stevia-S\u00fc\u00dfstoff von Naturals: Keine Kalorien, ganz nat\u00fcrlicher Zuckerersatz ohne bitteren Nachgeschmack. 9,8\u2026 - Markt-XXL","og_description":"Markt-XXL Splenda Stevia-S\u00fc\u00dfstoff von Naturals: Keine Kalorien, ganz nat\u00fcrlicher Zuckerersatz ohne bitteren Nachgeschmack. 9,8\u2026","og_url":"https:\/\/marktxxl.de\/markt\/produkt\/splenda-stevia-suessstoff-von-naturals-keine-kalorien-ganz-natuerlicher-zuckerersatz-ohne-bitteren-nachgeschmack-98-unzen-glas-packung-mit-1\/","og_site_name":"Markt-XXL","article_modified_time":"2023-04-11T02:04:15+00:00","og_image":[{"width":500,"height":500,"url":"https:\/\/m.media-amazon.com\/images\/I\/514T7y1DObL._SL500_.jpg","type":"image\/jpeg"}],"twitter_card":"summary_large_image","twitter_misc":{"Gesch\u00e4tzte Lesezeit":"1\u00a0Minute"},"schema":{"@context":"https:\/\/schema.org","@graph":[{"@type":"WebPage","@id":"https:\/\/marktxxl.de\/markt\/produkt\/splenda-stevia-suessstoff-von-naturals-keine-kalorien-ganz-natuerlicher-zuckerersatz-ohne-bitteren-nachgeschmack-98-unzen-glas-packung-mit-1\/","url":"https:\/\/marktxxl.de\/markt\/produkt\/splenda-stevia-suessstoff-von-naturals-keine-kalorien-ganz-natuerlicher-zuckerersatz-ohne-bitteren-nachgeschmack-98-unzen-glas-packung-mit-1\/","name":"Splenda Stevia-S\u00fc\u00dfstoff von Naturals: Keine Kalorien, ganz nat\u00fcrlicher Zuckerersatz ohne bitteren Nachgeschmack. 9,8\u2026 - Markt-XXL","isPartOf":{"@id":"https:\/\/marktxxl.de\/markt\/#website"},"primaryImageOfPage":{"@id":"https:\/\/marktxxl.de\/markt\/produkt\/splenda-stevia-suessstoff-von-naturals-keine-kalorien-ganz-natuerlicher-zuckerersatz-ohne-bitteren-nachgeschmack-98-unzen-glas-packung-mit-1\/#primaryimage"},"image":{"@id":"https:\/\/marktxxl.de\/markt\/produkt\/splenda-stevia-suessstoff-von-naturals-keine-kalorien-ganz-natuerlicher-zuckerersatz-ohne-bitteren-nachgeschmack-98-unzen-glas-packung-mit-1\/#primaryimage"},"thumbnailUrl":"https:\/\/m.media-amazon.com\/images\/I\/514T7y1DObL._SL500_.jpg","datePublished":"2022-06-14T03:14:36+00:00","dateModified":"2023-04-11T02:04:15+00:00","description":"Markt-XXL Splenda Stevia-S\u00fc\u00dfstoff von Naturals: Keine Kalorien, ganz nat\u00fcrlicher Zuckerersatz ohne bitteren Nachgeschmack. 9,8\u2026","breadcrumb":{"@id":"https:\/\/marktxxl.de\/markt\/produkt\/splenda-stevia-suessstoff-von-naturals-keine-kalorien-ganz-natuerlicher-zuckerersatz-ohne-bitteren-nachgeschmack-98-unzen-glas-packung-mit-1\/#breadcrumb"},"inLanguage":"de","potentialAction":[{"@type":"ReadAction","target":["https:\/\/marktxxl.de\/markt\/produkt\/splenda-stevia-suessstoff-von-naturals-keine-kalorien-ganz-natuerlicher-zuckerersatz-ohne-bitteren-nachgeschmack-98-unzen-glas-packung-mit-1\/"]}]},{"@type":"ImageObject","inLanguage":"de","@id":"https:\/\/marktxxl.de\/markt\/produkt\/splenda-stevia-suessstoff-von-naturals-keine-kalorien-ganz-natuerlicher-zuckerersatz-ohne-bitteren-nachgeschmack-98-unzen-glas-packung-mit-1\/#primaryimage","url":"https:\/\/m.media-amazon.com\/images\/I\/514T7y1DObL._SL500_.jpg","contentUrl":"https:\/\/m.media-amazon.com\/images\/I\/514T7y1DObL._SL500_.jpg","width":500,"height":500},{"@type":"BreadcrumbList","@id":"https:\/\/marktxxl.de\/markt\/produkt\/splenda-stevia-suessstoff-von-naturals-keine-kalorien-ganz-natuerlicher-zuckerersatz-ohne-bitteren-nachgeschmack-98-unzen-glas-packung-mit-1\/#breadcrumb","itemListElement":[{"@type":"ListItem","position":1,"name":"Startseite","item":"https:\/\/marktxxl.de\/markt\/"},{"@type":"ListItem","position":2,"name":"Markt","item":"https:\/\/marktxxl.de\/markt\/"},{"@type":"ListItem","position":3,"name":"Splenda Stevia-S\u00fc\u00dfstoff von Naturals: Keine Kalorien, ganz nat\u00fcrlicher Zuckerersatz ohne bitteren Nachgeschmack. 9,8\u2026"}]},{"@type":"WebSite","@id":"https:\/\/marktxxl.de\/markt\/#website","url":"https:\/\/marktxxl.de\/markt\/","name":"Markt-XXL","description":"Ihr Markt Online","publisher":{"@id":"https:\/\/marktxxl.de\/markt\/#organization"},"potentialAction":[{"@type":"SearchAction","target":{"@type":"EntryPoint","urlTemplate":"https:\/\/marktxxl.de\/markt\/?s={search_term_string}"},"query-input":{"@type":"PropertyValueSpecification","valueRequired":true,"valueName":"search_term_string"}}],"inLanguage":"de"},{"@type":"Organization","@id":"https:\/\/marktxxl.de\/markt\/#organization","name":"Markt-XXL","url":"https:\/\/marktxxl.de\/markt\/","logo":{"@type":"ImageObject","inLanguage":"de","@id":"https:\/\/marktxxl.de\/markt\/#\/schema\/logo\/image\/","url":"https:\/\/marktxxl.de\/markt\/wp-content\/uploads\/sites\/3\/2020\/12\/logo.png","contentUrl":"https:\/\/marktxxl.de\/markt\/wp-content\/uploads\/sites\/3\/2020\/12\/logo.png","width":200,"height":70,"caption":"Markt-XXL"},"image":{"@id":"https:\/\/marktxxl.de\/markt\/#\/schema\/logo\/image\/"}}]}},"_links":{"self":[{"href":"https:\/\/marktxxl.de\/markt\/wp-json\/wp\/v2\/product\/130413","targetHints":{"allow":["GET"]}}],"collection":[{"href":"https:\/\/marktxxl.de\/markt\/wp-json\/wp\/v2\/product"}],"about":[{"href":"https:\/\/marktxxl.de\/markt\/wp-json\/wp\/v2\/types\/product"}],"replies":[{"embeddable":true,"href":"https:\/\/marktxxl.de\/markt\/wp-json\/wp\/v2\/comments?post=130413"}],"wp:featuredmedia":[{"embeddable":true,"href":"https:\/\/marktxxl.de\/markt\/wp-json\/wp\/v2\/media\/130414"}],"wp:attachment":[{"href":"https:\/\/marktxxl.de\/markt\/wp-json\/wp\/v2\/media?parent=130413"}],"wp:term":[{"taxonomy":"product_brand","embeddable":true,"href":"https:\/\/marktxxl.de\/markt\/wp-json\/wp\/v2\/product_brand?post=130413"},{"taxonomy":"product_cat","embeddable":true,"href":"https:\/\/marktxxl.de\/markt\/wp-json\/wp\/v2\/product_cat?post=130413"},{"taxonomy":"product_tag","embeddable":true,"href":"https:\/\/marktxxl.de\/markt\/wp-json\/wp\/v2\/product_tag?post=130413"}],"curies":[{"name":"wp","href":"https:\/\/api.w.org\/{rel}","templated":true}]}}