{"id":130069,"date":"2022-06-14T04:59:00","date_gmt":"2022-06-14T02:59:00","guid":{"rendered":"https:\/\/marktxxl.de\/markt\/produkt\/shisha-set-2-anschluessen-guenstig-shisha-klein-wasserpfeife-alu-schischa-45cm-huka-komplettset-2-schlauch-ink-shisha-zubehoer-klick-system-stabiler-verpackung-pefekt-fuer-einsteiger\/"},"modified":"2023-04-11T04:04:09","modified_gmt":"2023-04-11T02:04:09","slug":"shisha-set-2-anschluessen-guenstig-shisha-klein-wasserpfeife-alu-schischa-45cm-huka-komplettset-2-schlauch-ink-shisha-zubehoer-klick-system-stabiler-verpackung-pefekt-fuer-einsteiger","status":"publish","type":"product","link":"https:\/\/marktxxl.de\/markt\/produkt\/shisha-set-2-anschluessen-guenstig-shisha-klein-wasserpfeife-alu-schischa-45cm-huka-komplettset-2-schlauch-ink-shisha-zubehoer-klick-system-stabiler-verpackung-pefekt-fuer-einsteiger\/","title":{"rendered":"Shisha Set 2 Anschl\u00fcssen, g\u00fcnstig Shisha Komplettset Wasserpfeife Alu Schischa 45cm Huka 2 Schlauch, Ink. Shisha Zubeh\u00f6r\u2026"},"content":{"rendered":"<p>\u2705 WAHRES ZUGEH\u00d6RGEF\u00dcHL F\u00dcR ANF\u00c4NGER: Das Basis-Shisha-Komplettset ist speziell f\u00fcr Shisha-Einsteiger mit sehr erschwinglichem Budget, hoher Qualit\u00e4t aus langlebigem Aluminiummaterial und den notwendigen Shisha-Zubeh\u00f6rteilen konzipiert. Verabschieden Sie sich von anderen dekorativen und teuren Sets. Achtung: Was Sie zus\u00e4tzlich ben\u00f6tigen, ist eine Alufolie oder ein Kaminaufsatz.<br \/>\n\u2705 VERBESSERTES RAUCHERLEBNIS: Das neueste geschlossene Kammersystem, das stilvolle Shisha-Mundst\u00fcck mit komfortablem Griff und die kompromisslose Verarbeitung f\u00fcr den Dauereinsatz tragen zu einem brandneuen Erlebnis bei \u2013 sanfterer Rauch, dickere Wolken und leichterer Zug.<br \/>\n\u2705 L\u00c4NGERE HALTBARKEIT F\u00dcR DEN T\u00c4GLICHEN GEBRAUCH: Die starke Verpackung, die mit Falltests verifiziert wurde, das mundgeblasene dickere Glas der Vase und das hochwertig verarbeitete Aluminiummaterial halten l\u00e4nger beim t\u00e4glichen Shisha-Rauchen zu allen Jahreszeiten.<br \/>\n\u2705 KINDERLEICHTE BEDIENUNG: Ohne l\u00e4stiges Suchen direkt zu Ihrer Shisha starten, eine Aufbauanleitung wird Ihnen mitgeliefert. Die Shisha l\u00e4sst sich leicht zerlegen und Sie k\u00f6nnen jedes der Einzelteile nach jedem Gebrauch gr\u00fcndlich reinigen. Dank der breiteren Mund\u00f6ffnung ist es einfacher, Wasser, Getr\u00e4nke oder Eismischungen einzuf\u00fcllen.<br \/>\n\u2705 IDEAL, UM MIT IHREM SOULMATE ZU GENIESSEN: Die Originalverpackung enth\u00e4lt zwei Silikonschlauchsets und zwei Aluminiummundst\u00fccke. Sie sind immer bereit, den Shisha-Genuss gemeinsam mit Ihrem Seelenverwandten zu genie\u00dfen. Es ist die beste Option, um ein Geschenk f\u00fcr Ihren Vater, Ehemann oder Freund zu sein.<br \/>\n<div class=\"main-cross-sell\" data-asin=\"B09X1D4GT2\">\n\n\t<div class=\"WooZone-cross-sell-loader\">\n\t\t<div>\n\t\t\t<div id=\"floatingBarsG\">\n\t\t\t\t<div class=\"blockG\" id=\"rotateG_01\"><\/div>\n\t\t\t\t<div class=\"blockG\" id=\"rotateG_02\"><\/div>\n\t\t\t\t<div class=\"blockG\" id=\"rotateG_03\"><\/div>\n\t\t\t\t<div class=\"blockG\" id=\"rotateG_04\"><\/div>\n\t\t\t\t<div class=\"blockG\" id=\"rotateG_05\"><\/div>\n\t\t\t\t<div class=\"blockG\" id=\"rotateG_06\"><\/div>\n\t\t\t\t<div class=\"blockG\" id=\"rotateG_07\"><\/div>\n\t\t\t\t<div class=\"blockG\" id=\"rotateG_08\"><\/div>\n\t\t\t<\/div>\n\t\t\t<div class=\"WooZone-cross-sell-loader-text\"><\/div>\n\t\t<\/div>\n\t<\/div>\n\n\t\t\n<\/div>\n<div style=\"clear:both;\"><\/div><\/p>\n","protected":false},"excerpt":{"rendered":"<p>\u2705 WAHRES ZUGEH\u00d6RGEF\u00dcHL F\u00dcR ANF\u00c4NGER: Das Basis-Shisha-Komplettset ist speziell f\u00fcr Shisha-Einsteiger mit sehr erschwinglichem Budget, hoher Qualit\u00e4t aus langlebigem Aluminiummaterial und den notwendigen Shisha-Zubeh\u00f6rteilen konzipiert. Verabschieden Sie sich von anderen dekorativen und teuren Sets. Achtung: Was Sie zus\u00e4tzlich ben\u00f6tigen, ist eine Alufolie oder ein Kaminaufsatz.<br \/>\n\u2705 VERBESSERTES RAUCHERLEBNIS: Das neueste geschlossene Kammersystem, das stilvolle Shisha-Mundst\u00fcck mit komfortablem Griff und die kompromisslose Verarbeitung f\u00fcr den Dauereinsatz tragen zu einem brandneuen Erlebnis bei \u2013 sanfterer Rauch, dickere Wolken und leichterer Zug.<br \/>\n\u2705 L\u00c4NGERE HALTBARKEIT F\u00dcR DEN T\u00c4GLICHEN GEBRAUCH: Die starke Verpackung, die mit Falltests verifiziert wurde, das mundgeblasene dickere Glas der Vase und das hochwertig verarbeitete Aluminiummaterial halten l\u00e4nger beim t\u00e4glichen Shisha-Rauchen zu allen Jahreszeiten.<\/p>\n","protected":false},"featured_media":130070,"comment_status":"open","ping_status":"closed","template":"","meta":[],"product_brand":[],"product_cat":[566,5626],"product_tag":[],"class_list":{"0":"post-130069","1":"product","2":"type-product","3":"status-publish","4":"has-post-thumbnail","6":"product_cat-drogerie-koerperpflege","7":"product_cat-elektronische-zigaretten-shishas-zubehoer","8":"pa_brand-cookah","9":"pa_color-schwarz","10":"pa_manufacturer-cookah","12":"first","13":"instock","14":"shipping-taxable","15":"purchasable","16":"product-type-simple","17":"customify-col","18":"product-has-gallery"},"yoast_head":"<!-- This site is optimized with the Yoast SEO plugin v27.4 - https:\/\/yoast.com\/product\/yoast-seo-wordpress\/ -->\n<title>Shisha Set 2 Anschl\u00fcssen, g\u00fcnstig Shisha Komplettset Wasserpfeife Alu Schischa 45cm Huka 2 Schlauch, Ink. Shisha Zubeh\u00f6r\u2026 - Markt-XXL<\/title>\n<meta name=\"description\" content=\"Markt-XXL Shisha Set 2 Anschl\u00fcssen, g\u00fcnstig Shisha Komplettset Wasserpfeife Alu Schischa 45cm Huka 2 Schlauch, Ink. Shisha Zubeh\u00f6r\u2026\" \/>\n<meta name=\"robots\" content=\"index, follow, max-snippet:-1, max-image-preview:large, max-video-preview:-1\" \/>\n<link rel=\"canonical\" href=\"https:\/\/marktxxl.de\/markt\/produkt\/shisha-set-2-anschluessen-guenstig-shisha-klein-wasserpfeife-alu-schischa-45cm-huka-komplettset-2-schlauch-ink-shisha-zubehoer-klick-system-stabiler-verpackung-pefekt-fuer-einsteiger\/\" \/>\n<meta property=\"og:locale\" content=\"de_DE\" \/>\n<meta property=\"og:type\" content=\"article\" \/>\n<meta property=\"og:title\" content=\"Shisha Set 2 Anschl\u00fcssen, g\u00fcnstig Shisha Komplettset Wasserpfeife Alu Schischa 45cm Huka 2 Schlauch, Ink. Shisha Zubeh\u00f6r\u2026 - Markt-XXL\" \/>\n<meta property=\"og:description\" content=\"Markt-XXL Shisha Set 2 Anschl\u00fcssen, g\u00fcnstig Shisha Komplettset Wasserpfeife Alu Schischa 45cm Huka 2 Schlauch, Ink. Shisha Zubeh\u00f6r\u2026\" \/>\n<meta property=\"og:url\" content=\"https:\/\/marktxxl.de\/markt\/produkt\/shisha-set-2-anschluessen-guenstig-shisha-klein-wasserpfeife-alu-schischa-45cm-huka-komplettset-2-schlauch-ink-shisha-zubehoer-klick-system-stabiler-verpackung-pefekt-fuer-einsteiger\/\" \/>\n<meta property=\"og:site_name\" content=\"Markt-XXL\" \/>\n<meta property=\"article:modified_time\" content=\"2023-04-11T02:04:09+00:00\" \/>\n<meta property=\"og:image\" content=\"https:\/\/m.media-amazon.com\/images\/I\/5196PJ0FBtL._SL500_.jpg\" \/>\n\t<meta property=\"og:image:width\" content=\"500\" \/>\n\t<meta property=\"og:image:height\" content=\"500\" \/>\n\t<meta property=\"og:image:type\" content=\"image\/jpeg\" \/>\n<meta name=\"twitter:card\" content=\"summary_large_image\" \/>\n<meta name=\"twitter:label1\" content=\"Gesch\u00e4tzte Lesezeit\" \/>\n\t<meta name=\"twitter:data1\" content=\"1\u00a0Minute\" \/>\n<script type=\"application\/ld+json\" class=\"yoast-schema-graph\">{\"@context\":\"https:\\\/\\\/schema.org\",\"@graph\":[{\"@type\":\"WebPage\",\"@id\":\"https:\\\/\\\/marktxxl.de\\\/markt\\\/produkt\\\/shisha-set-2-anschluessen-guenstig-shisha-klein-wasserpfeife-alu-schischa-45cm-huka-komplettset-2-schlauch-ink-shisha-zubehoer-klick-system-stabiler-verpackung-pefekt-fuer-einsteiger\\\/\",\"url\":\"https:\\\/\\\/marktxxl.de\\\/markt\\\/produkt\\\/shisha-set-2-anschluessen-guenstig-shisha-klein-wasserpfeife-alu-schischa-45cm-huka-komplettset-2-schlauch-ink-shisha-zubehoer-klick-system-stabiler-verpackung-pefekt-fuer-einsteiger\\\/\",\"name\":\"Shisha Set 2 Anschl\u00fcssen, g\u00fcnstig Shisha Komplettset Wasserpfeife Alu Schischa 45cm Huka 2 Schlauch, Ink. Shisha Zubeh\u00f6r\u2026 - Markt-XXL\",\"isPartOf\":{\"@id\":\"https:\\\/\\\/marktxxl.de\\\/markt\\\/#website\"},\"primaryImageOfPage\":{\"@id\":\"https:\\\/\\\/marktxxl.de\\\/markt\\\/produkt\\\/shisha-set-2-anschluessen-guenstig-shisha-klein-wasserpfeife-alu-schischa-45cm-huka-komplettset-2-schlauch-ink-shisha-zubehoer-klick-system-stabiler-verpackung-pefekt-fuer-einsteiger\\\/#primaryimage\"},\"image\":{\"@id\":\"https:\\\/\\\/marktxxl.de\\\/markt\\\/produkt\\\/shisha-set-2-anschluessen-guenstig-shisha-klein-wasserpfeife-alu-schischa-45cm-huka-komplettset-2-schlauch-ink-shisha-zubehoer-klick-system-stabiler-verpackung-pefekt-fuer-einsteiger\\\/#primaryimage\"},\"thumbnailUrl\":\"https:\\\/\\\/m.media-amazon.com\\\/images\\\/I\\\/5196PJ0FBtL._SL500_.jpg\",\"datePublished\":\"2022-06-14T02:59:00+00:00\",\"dateModified\":\"2023-04-11T02:04:09+00:00\",\"description\":\"Markt-XXL Shisha Set 2 Anschl\u00fcssen, g\u00fcnstig Shisha Komplettset Wasserpfeife Alu Schischa 45cm Huka 2 Schlauch, Ink. Shisha Zubeh\u00f6r\u2026\",\"breadcrumb\":{\"@id\":\"https:\\\/\\\/marktxxl.de\\\/markt\\\/produkt\\\/shisha-set-2-anschluessen-guenstig-shisha-klein-wasserpfeife-alu-schischa-45cm-huka-komplettset-2-schlauch-ink-shisha-zubehoer-klick-system-stabiler-verpackung-pefekt-fuer-einsteiger\\\/#breadcrumb\"},\"inLanguage\":\"de\",\"potentialAction\":[{\"@type\":\"ReadAction\",\"target\":[\"https:\\\/\\\/marktxxl.de\\\/markt\\\/produkt\\\/shisha-set-2-anschluessen-guenstig-shisha-klein-wasserpfeife-alu-schischa-45cm-huka-komplettset-2-schlauch-ink-shisha-zubehoer-klick-system-stabiler-verpackung-pefekt-fuer-einsteiger\\\/\"]}]},{\"@type\":\"ImageObject\",\"inLanguage\":\"de\",\"@id\":\"https:\\\/\\\/marktxxl.de\\\/markt\\\/produkt\\\/shisha-set-2-anschluessen-guenstig-shisha-klein-wasserpfeife-alu-schischa-45cm-huka-komplettset-2-schlauch-ink-shisha-zubehoer-klick-system-stabiler-verpackung-pefekt-fuer-einsteiger\\\/#primaryimage\",\"url\":\"https:\\\/\\\/m.media-amazon.com\\\/images\\\/I\\\/5196PJ0FBtL._SL500_.jpg\",\"contentUrl\":\"https:\\\/\\\/m.media-amazon.com\\\/images\\\/I\\\/5196PJ0FBtL._SL500_.jpg\",\"width\":500,\"height\":500},{\"@type\":\"BreadcrumbList\",\"@id\":\"https:\\\/\\\/marktxxl.de\\\/markt\\\/produkt\\\/shisha-set-2-anschluessen-guenstig-shisha-klein-wasserpfeife-alu-schischa-45cm-huka-komplettset-2-schlauch-ink-shisha-zubehoer-klick-system-stabiler-verpackung-pefekt-fuer-einsteiger\\\/#breadcrumb\",\"itemListElement\":[{\"@type\":\"ListItem\",\"position\":1,\"name\":\"Startseite\",\"item\":\"https:\\\/\\\/marktxxl.de\\\/markt\\\/\"},{\"@type\":\"ListItem\",\"position\":2,\"name\":\"Markt\",\"item\":\"https:\\\/\\\/marktxxl.de\\\/markt\\\/\"},{\"@type\":\"ListItem\",\"position\":3,\"name\":\"Shisha Set 2 Anschl\u00fcssen, g\u00fcnstig Shisha Komplettset Wasserpfeife Alu Schischa 45cm Huka 2 Schlauch, Ink. Shisha Zubeh\u00f6r\u2026\"}]},{\"@type\":\"WebSite\",\"@id\":\"https:\\\/\\\/marktxxl.de\\\/markt\\\/#website\",\"url\":\"https:\\\/\\\/marktxxl.de\\\/markt\\\/\",\"name\":\"Markt-XXL\",\"description\":\"Ihr Markt Online\",\"publisher\":{\"@id\":\"https:\\\/\\\/marktxxl.de\\\/markt\\\/#organization\"},\"potentialAction\":[{\"@type\":\"SearchAction\",\"target\":{\"@type\":\"EntryPoint\",\"urlTemplate\":\"https:\\\/\\\/marktxxl.de\\\/markt\\\/?s={search_term_string}\"},\"query-input\":{\"@type\":\"PropertyValueSpecification\",\"valueRequired\":true,\"valueName\":\"search_term_string\"}}],\"inLanguage\":\"de\"},{\"@type\":\"Organization\",\"@id\":\"https:\\\/\\\/marktxxl.de\\\/markt\\\/#organization\",\"name\":\"Markt-XXL\",\"url\":\"https:\\\/\\\/marktxxl.de\\\/markt\\\/\",\"logo\":{\"@type\":\"ImageObject\",\"inLanguage\":\"de\",\"@id\":\"https:\\\/\\\/marktxxl.de\\\/markt\\\/#\\\/schema\\\/logo\\\/image\\\/\",\"url\":\"https:\\\/\\\/marktxxl.de\\\/markt\\\/wp-content\\\/uploads\\\/sites\\\/3\\\/2020\\\/12\\\/logo.png\",\"contentUrl\":\"https:\\\/\\\/marktxxl.de\\\/markt\\\/wp-content\\\/uploads\\\/sites\\\/3\\\/2020\\\/12\\\/logo.png\",\"width\":200,\"height\":70,\"caption\":\"Markt-XXL\"},\"image\":{\"@id\":\"https:\\\/\\\/marktxxl.de\\\/markt\\\/#\\\/schema\\\/logo\\\/image\\\/\"}}]}<\/script>\n<!-- \/ Yoast SEO plugin. -->","yoast_head_json":{"title":"Shisha Set 2 Anschl\u00fcssen, g\u00fcnstig Shisha Komplettset Wasserpfeife Alu Schischa 45cm Huka 2 Schlauch, Ink. Shisha Zubeh\u00f6r\u2026 - Markt-XXL","description":"Markt-XXL Shisha Set 2 Anschl\u00fcssen, g\u00fcnstig Shisha Komplettset Wasserpfeife Alu Schischa 45cm Huka 2 Schlauch, Ink. Shisha Zubeh\u00f6r\u2026","robots":{"index":"index","follow":"follow","max-snippet":"max-snippet:-1","max-image-preview":"max-image-preview:large","max-video-preview":"max-video-preview:-1"},"canonical":"https:\/\/marktxxl.de\/markt\/produkt\/shisha-set-2-anschluessen-guenstig-shisha-klein-wasserpfeife-alu-schischa-45cm-huka-komplettset-2-schlauch-ink-shisha-zubehoer-klick-system-stabiler-verpackung-pefekt-fuer-einsteiger\/","og_locale":"de_DE","og_type":"article","og_title":"Shisha Set 2 Anschl\u00fcssen, g\u00fcnstig Shisha Komplettset Wasserpfeife Alu Schischa 45cm Huka 2 Schlauch, Ink. Shisha Zubeh\u00f6r\u2026 - Markt-XXL","og_description":"Markt-XXL Shisha Set 2 Anschl\u00fcssen, g\u00fcnstig Shisha Komplettset Wasserpfeife Alu Schischa 45cm Huka 2 Schlauch, Ink. Shisha Zubeh\u00f6r\u2026","og_url":"https:\/\/marktxxl.de\/markt\/produkt\/shisha-set-2-anschluessen-guenstig-shisha-klein-wasserpfeife-alu-schischa-45cm-huka-komplettset-2-schlauch-ink-shisha-zubehoer-klick-system-stabiler-verpackung-pefekt-fuer-einsteiger\/","og_site_name":"Markt-XXL","article_modified_time":"2023-04-11T02:04:09+00:00","og_image":[{"width":500,"height":500,"url":"https:\/\/m.media-amazon.com\/images\/I\/5196PJ0FBtL._SL500_.jpg","type":"image\/jpeg"}],"twitter_card":"summary_large_image","twitter_misc":{"Gesch\u00e4tzte Lesezeit":"1\u00a0Minute"},"schema":{"@context":"https:\/\/schema.org","@graph":[{"@type":"WebPage","@id":"https:\/\/marktxxl.de\/markt\/produkt\/shisha-set-2-anschluessen-guenstig-shisha-klein-wasserpfeife-alu-schischa-45cm-huka-komplettset-2-schlauch-ink-shisha-zubehoer-klick-system-stabiler-verpackung-pefekt-fuer-einsteiger\/","url":"https:\/\/marktxxl.de\/markt\/produkt\/shisha-set-2-anschluessen-guenstig-shisha-klein-wasserpfeife-alu-schischa-45cm-huka-komplettset-2-schlauch-ink-shisha-zubehoer-klick-system-stabiler-verpackung-pefekt-fuer-einsteiger\/","name":"Shisha Set 2 Anschl\u00fcssen, g\u00fcnstig Shisha Komplettset Wasserpfeife Alu Schischa 45cm Huka 2 Schlauch, Ink. Shisha Zubeh\u00f6r\u2026 - Markt-XXL","isPartOf":{"@id":"https:\/\/marktxxl.de\/markt\/#website"},"primaryImageOfPage":{"@id":"https:\/\/marktxxl.de\/markt\/produkt\/shisha-set-2-anschluessen-guenstig-shisha-klein-wasserpfeife-alu-schischa-45cm-huka-komplettset-2-schlauch-ink-shisha-zubehoer-klick-system-stabiler-verpackung-pefekt-fuer-einsteiger\/#primaryimage"},"image":{"@id":"https:\/\/marktxxl.de\/markt\/produkt\/shisha-set-2-anschluessen-guenstig-shisha-klein-wasserpfeife-alu-schischa-45cm-huka-komplettset-2-schlauch-ink-shisha-zubehoer-klick-system-stabiler-verpackung-pefekt-fuer-einsteiger\/#primaryimage"},"thumbnailUrl":"https:\/\/m.media-amazon.com\/images\/I\/5196PJ0FBtL._SL500_.jpg","datePublished":"2022-06-14T02:59:00+00:00","dateModified":"2023-04-11T02:04:09+00:00","description":"Markt-XXL Shisha Set 2 Anschl\u00fcssen, g\u00fcnstig Shisha Komplettset Wasserpfeife Alu Schischa 45cm Huka 2 Schlauch, Ink. Shisha Zubeh\u00f6r\u2026","breadcrumb":{"@id":"https:\/\/marktxxl.de\/markt\/produkt\/shisha-set-2-anschluessen-guenstig-shisha-klein-wasserpfeife-alu-schischa-45cm-huka-komplettset-2-schlauch-ink-shisha-zubehoer-klick-system-stabiler-verpackung-pefekt-fuer-einsteiger\/#breadcrumb"},"inLanguage":"de","potentialAction":[{"@type":"ReadAction","target":["https:\/\/marktxxl.de\/markt\/produkt\/shisha-set-2-anschluessen-guenstig-shisha-klein-wasserpfeife-alu-schischa-45cm-huka-komplettset-2-schlauch-ink-shisha-zubehoer-klick-system-stabiler-verpackung-pefekt-fuer-einsteiger\/"]}]},{"@type":"ImageObject","inLanguage":"de","@id":"https:\/\/marktxxl.de\/markt\/produkt\/shisha-set-2-anschluessen-guenstig-shisha-klein-wasserpfeife-alu-schischa-45cm-huka-komplettset-2-schlauch-ink-shisha-zubehoer-klick-system-stabiler-verpackung-pefekt-fuer-einsteiger\/#primaryimage","url":"https:\/\/m.media-amazon.com\/images\/I\/5196PJ0FBtL._SL500_.jpg","contentUrl":"https:\/\/m.media-amazon.com\/images\/I\/5196PJ0FBtL._SL500_.jpg","width":500,"height":500},{"@type":"BreadcrumbList","@id":"https:\/\/marktxxl.de\/markt\/produkt\/shisha-set-2-anschluessen-guenstig-shisha-klein-wasserpfeife-alu-schischa-45cm-huka-komplettset-2-schlauch-ink-shisha-zubehoer-klick-system-stabiler-verpackung-pefekt-fuer-einsteiger\/#breadcrumb","itemListElement":[{"@type":"ListItem","position":1,"name":"Startseite","item":"https:\/\/marktxxl.de\/markt\/"},{"@type":"ListItem","position":2,"name":"Markt","item":"https:\/\/marktxxl.de\/markt\/"},{"@type":"ListItem","position":3,"name":"Shisha Set 2 Anschl\u00fcssen, g\u00fcnstig Shisha Komplettset Wasserpfeife Alu Schischa 45cm Huka 2 Schlauch, Ink. Shisha Zubeh\u00f6r\u2026"}]},{"@type":"WebSite","@id":"https:\/\/marktxxl.de\/markt\/#website","url":"https:\/\/marktxxl.de\/markt\/","name":"Markt-XXL","description":"Ihr Markt Online","publisher":{"@id":"https:\/\/marktxxl.de\/markt\/#organization"},"potentialAction":[{"@type":"SearchAction","target":{"@type":"EntryPoint","urlTemplate":"https:\/\/marktxxl.de\/markt\/?s={search_term_string}"},"query-input":{"@type":"PropertyValueSpecification","valueRequired":true,"valueName":"search_term_string"}}],"inLanguage":"de"},{"@type":"Organization","@id":"https:\/\/marktxxl.de\/markt\/#organization","name":"Markt-XXL","url":"https:\/\/marktxxl.de\/markt\/","logo":{"@type":"ImageObject","inLanguage":"de","@id":"https:\/\/marktxxl.de\/markt\/#\/schema\/logo\/image\/","url":"https:\/\/marktxxl.de\/markt\/wp-content\/uploads\/sites\/3\/2020\/12\/logo.png","contentUrl":"https:\/\/marktxxl.de\/markt\/wp-content\/uploads\/sites\/3\/2020\/12\/logo.png","width":200,"height":70,"caption":"Markt-XXL"},"image":{"@id":"https:\/\/marktxxl.de\/markt\/#\/schema\/logo\/image\/"}}]}},"_links":{"self":[{"href":"https:\/\/marktxxl.de\/markt\/wp-json\/wp\/v2\/product\/130069","targetHints":{"allow":["GET"]}}],"collection":[{"href":"https:\/\/marktxxl.de\/markt\/wp-json\/wp\/v2\/product"}],"about":[{"href":"https:\/\/marktxxl.de\/markt\/wp-json\/wp\/v2\/types\/product"}],"replies":[{"embeddable":true,"href":"https:\/\/marktxxl.de\/markt\/wp-json\/wp\/v2\/comments?post=130069"}],"wp:featuredmedia":[{"embeddable":true,"href":"https:\/\/marktxxl.de\/markt\/wp-json\/wp\/v2\/media\/130070"}],"wp:attachment":[{"href":"https:\/\/marktxxl.de\/markt\/wp-json\/wp\/v2\/media?parent=130069"}],"wp:term":[{"taxonomy":"product_brand","embeddable":true,"href":"https:\/\/marktxxl.de\/markt\/wp-json\/wp\/v2\/product_brand?post=130069"},{"taxonomy":"product_cat","embeddable":true,"href":"https:\/\/marktxxl.de\/markt\/wp-json\/wp\/v2\/product_cat?post=130069"},{"taxonomy":"product_tag","embeddable":true,"href":"https:\/\/marktxxl.de\/markt\/wp-json\/wp\/v2\/product_tag?post=130069"}],"curies":[{"name":"wp","href":"https:\/\/api.w.org\/{rel}","templated":true}]}}