{"id":129994,"date":"2022-06-14T04:56:13","date_gmt":"2022-06-14T02:56:13","guid":{"rendered":"https:\/\/marktxxl.de\/markt\/produkt\/50-meilensteinkarten-schwangerschaft-schwangerschaftswochen-schwanger-schwangerschaftswochen-geschenke-fuer-schwangere-werdende-mutter-fotokarten-erinnerungskarten-liebe-im-bauch\/"},"modified":"2023-04-11T04:03:19","modified_gmt":"2023-04-11T02:03:19","slug":"50-meilensteinkarten-schwangerschaft-schwangerschaftswochen-schwanger-schwangerschaftswochen-geschenke-fuer-schwangere-werdende-mutter-fotokarten-erinnerungskarten-liebe-im-bauch","status":"publish","type":"product","link":"https:\/\/marktxxl.de\/markt\/produkt\/50-meilensteinkarten-schwangerschaft-schwangerschaftswochen-schwanger-schwangerschaftswochen-geschenke-fuer-schwangere-werdende-mutter-fotokarten-erinnerungskarten-liebe-im-bauch\/","title":{"rendered":"50 Meilensteinkarten Schwangerschaft Schwangerschaftswochen schwanger Schwangerschaftswochen Geschenke f\u00fcr Schwangere\u2026"},"content":{"rendered":"<p>\u2665 LIEBE IM BAUCH &#8211; Schwangerschafts Meilensteinkarten. Die Schwangerschaft &#8211; eine aufregende und unvergessliche Zeit f\u00fcr alle werdenden Eltern.<br \/>\n\u2665 GL\u00dcCKSMOMENTE &#8211; Die 50 liebevoll gestalteten Schwangerschafts-Karten helfen dir dabei, die einzelnen Meilensteine deiner Schwangerschaft festzuhalten. Mit diesem Set k\u00f6nnen tolle Erinnerungen f\u00fcr das Fotobuch geschaffen werden, indem die Schwangere die Entwicklung vom Babybauch mithilfe der Monatskarten festh\u00e4lt.<br \/>\n\u2665 GESCHENKIDEE &#8211; Die Karten sind in DIN A6 auf 350g\/m\u00b2 Designpapier gedruckt. Das Kartenset ist in einer sch\u00f6nen Erinnerungsbox verpackt und eignet sich somit auch hervorragend zum verschenken an die werdende Mama.<br \/>\n\u2665 MADE IN GERMANY &#8211; Unsere Meilensteinkarten werden nicht nur in Deutschland designt, sondern auch gedruckt, sortiert und in liebevoller Handarbeit verpackt.<br \/>\n\u2665 100% GELD-ZUR\u00dcCK &#8211; Wir von Himmel.Herz.Papier vertrauen in unsere Qualit\u00e4t und m\u00f6chten Ihnen deshalb einen absolut risikofreien Kauf erm\u00f6glichen. Sollten Sie nach 30 Tagen nicht zu 100,0% zufrieden sein, erhalten Sie Ihr Geld zur\u00fcck!<br \/>\n<div class=\"main-cross-sell\" data-asin=\"B08DQ2RHHT\">\n\n\t<div class=\"WooZone-cross-sell-loader\">\n\t\t<div>\n\t\t\t<div id=\"floatingBarsG\">\n\t\t\t\t<div class=\"blockG\" id=\"rotateG_01\"><\/div>\n\t\t\t\t<div class=\"blockG\" id=\"rotateG_02\"><\/div>\n\t\t\t\t<div class=\"blockG\" id=\"rotateG_03\"><\/div>\n\t\t\t\t<div class=\"blockG\" id=\"rotateG_04\"><\/div>\n\t\t\t\t<div class=\"blockG\" id=\"rotateG_05\"><\/div>\n\t\t\t\t<div class=\"blockG\" id=\"rotateG_06\"><\/div>\n\t\t\t\t<div class=\"blockG\" id=\"rotateG_07\"><\/div>\n\t\t\t\t<div class=\"blockG\" id=\"rotateG_08\"><\/div>\n\t\t\t<\/div>\n\t\t\t<div class=\"WooZone-cross-sell-loader-text\"><\/div>\n\t\t<\/div>\n\t<\/div>\n\n\t\t\n<\/div>\n<div style=\"clear:both;\"><\/div><\/p>\n","protected":false},"excerpt":{"rendered":"<p>\u2665 LIEBE IM BAUCH &#8211; Schwangerschafts Meilensteinkarten. Die Schwangerschaft &#8211; eine aufregende und unvergessliche Zeit f\u00fcr alle werdenden Eltern.<br \/>\n\u2665 GL\u00dcCKSMOMENTE &#8211; Die 50 liebevoll gestalteten Schwangerschafts-Karten helfen dir dabei, die einzelnen Meilensteine deiner Schwangerschaft festzuhalten. Mit diesem Set k\u00f6nnen tolle Erinnerungen f\u00fcr das Fotobuch geschaffen werden, indem die Schwangere die Entwicklung vom Babybauch mithilfe der Monatskarten festh\u00e4lt.<br \/>\n\u2665 GESCHENKIDEE &#8211; Die Karten sind in DIN A6 auf 350g\/m\u00b2 Designpapier gedruckt. Das Kartenset ist in einer sch\u00f6nen Erinnerungsbox verpackt und eignet sich somit auch hervorragend zum verschenken an die werdende Mama.<\/p>\n","protected":false},"featured_media":129995,"comment_status":"open","ping_status":"closed","template":"","meta":[],"product_brand":[],"product_cat":[21],"product_tag":[],"class_list":{"0":"post-129994","1":"product","2":"type-product","3":"status-publish","4":"has-post-thumbnail","6":"product_cat-baby","7":"pa_binding-babyartikel","8":"pa_brand-himmel-herz-papier","9":"pa_color-schwangerschaft-liebe-im-bauch","10":"pa_manufacturer-himmel-herz-papier","11":"pa_size-50-stueck-1er-pack","13":"first","14":"instock","15":"shipping-taxable","16":"purchasable","17":"product-type-simple","18":"customify-col","19":"product-has-gallery"},"yoast_head":"<!-- This site is optimized with the Yoast SEO plugin v27.4 - https:\/\/yoast.com\/product\/yoast-seo-wordpress\/ -->\n<title>50 Meilensteinkarten Schwangerschaft Schwangerschaftswochen schwanger Schwangerschaftswochen Geschenke f\u00fcr Schwangere\u2026 - Markt-XXL<\/title>\n<meta name=\"description\" content=\"Markt-XXL 50 Meilensteinkarten Schwangerschaft Schwangerschaftswochen schwanger Schwangerschaftswochen Geschenke f\u00fcr Schwangere\u2026\" \/>\n<meta name=\"robots\" content=\"index, follow, max-snippet:-1, max-image-preview:large, max-video-preview:-1\" \/>\n<link rel=\"canonical\" href=\"https:\/\/marktxxl.de\/markt\/produkt\/50-meilensteinkarten-schwangerschaft-schwangerschaftswochen-schwanger-schwangerschaftswochen-geschenke-fuer-schwangere-werdende-mutter-fotokarten-erinnerungskarten-liebe-im-bauch\/\" \/>\n<meta property=\"og:locale\" content=\"de_DE\" \/>\n<meta property=\"og:type\" content=\"article\" \/>\n<meta property=\"og:title\" content=\"50 Meilensteinkarten Schwangerschaft Schwangerschaftswochen schwanger Schwangerschaftswochen Geschenke f\u00fcr Schwangere\u2026 - Markt-XXL\" \/>\n<meta property=\"og:description\" content=\"Markt-XXL 50 Meilensteinkarten Schwangerschaft Schwangerschaftswochen schwanger Schwangerschaftswochen Geschenke f\u00fcr Schwangere\u2026\" \/>\n<meta property=\"og:url\" content=\"https:\/\/marktxxl.de\/markt\/produkt\/50-meilensteinkarten-schwangerschaft-schwangerschaftswochen-schwanger-schwangerschaftswochen-geschenke-fuer-schwangere-werdende-mutter-fotokarten-erinnerungskarten-liebe-im-bauch\/\" \/>\n<meta property=\"og:site_name\" content=\"Markt-XXL\" \/>\n<meta property=\"article:modified_time\" content=\"2023-04-11T02:03:19+00:00\" \/>\n<meta property=\"og:image\" content=\"https:\/\/m.media-amazon.com\/images\/I\/41onVH8oHQL._SL500_.jpg\" \/>\n\t<meta property=\"og:image:width\" content=\"355\" \/>\n\t<meta property=\"og:image:height\" content=\"500\" \/>\n\t<meta property=\"og:image:type\" content=\"image\/jpeg\" \/>\n<meta name=\"twitter:card\" content=\"summary_large_image\" \/>\n<meta name=\"twitter:label1\" content=\"Gesch\u00e4tzte Lesezeit\" \/>\n\t<meta name=\"twitter:data1\" content=\"1\u00a0Minute\" \/>\n<script type=\"application\/ld+json\" class=\"yoast-schema-graph\">{\"@context\":\"https:\\\/\\\/schema.org\",\"@graph\":[{\"@type\":\"WebPage\",\"@id\":\"https:\\\/\\\/marktxxl.de\\\/markt\\\/produkt\\\/50-meilensteinkarten-schwangerschaft-schwangerschaftswochen-schwanger-schwangerschaftswochen-geschenke-fuer-schwangere-werdende-mutter-fotokarten-erinnerungskarten-liebe-im-bauch\\\/\",\"url\":\"https:\\\/\\\/marktxxl.de\\\/markt\\\/produkt\\\/50-meilensteinkarten-schwangerschaft-schwangerschaftswochen-schwanger-schwangerschaftswochen-geschenke-fuer-schwangere-werdende-mutter-fotokarten-erinnerungskarten-liebe-im-bauch\\\/\",\"name\":\"50 Meilensteinkarten Schwangerschaft Schwangerschaftswochen schwanger Schwangerschaftswochen Geschenke f\u00fcr Schwangere\u2026 - Markt-XXL\",\"isPartOf\":{\"@id\":\"https:\\\/\\\/marktxxl.de\\\/markt\\\/#website\"},\"primaryImageOfPage\":{\"@id\":\"https:\\\/\\\/marktxxl.de\\\/markt\\\/produkt\\\/50-meilensteinkarten-schwangerschaft-schwangerschaftswochen-schwanger-schwangerschaftswochen-geschenke-fuer-schwangere-werdende-mutter-fotokarten-erinnerungskarten-liebe-im-bauch\\\/#primaryimage\"},\"image\":{\"@id\":\"https:\\\/\\\/marktxxl.de\\\/markt\\\/produkt\\\/50-meilensteinkarten-schwangerschaft-schwangerschaftswochen-schwanger-schwangerschaftswochen-geschenke-fuer-schwangere-werdende-mutter-fotokarten-erinnerungskarten-liebe-im-bauch\\\/#primaryimage\"},\"thumbnailUrl\":\"https:\\\/\\\/m.media-amazon.com\\\/images\\\/I\\\/41onVH8oHQL._SL500_.jpg\",\"datePublished\":\"2022-06-14T02:56:13+00:00\",\"dateModified\":\"2023-04-11T02:03:19+00:00\",\"description\":\"Markt-XXL 50 Meilensteinkarten Schwangerschaft Schwangerschaftswochen schwanger Schwangerschaftswochen Geschenke f\u00fcr Schwangere\u2026\",\"breadcrumb\":{\"@id\":\"https:\\\/\\\/marktxxl.de\\\/markt\\\/produkt\\\/50-meilensteinkarten-schwangerschaft-schwangerschaftswochen-schwanger-schwangerschaftswochen-geschenke-fuer-schwangere-werdende-mutter-fotokarten-erinnerungskarten-liebe-im-bauch\\\/#breadcrumb\"},\"inLanguage\":\"de\",\"potentialAction\":[{\"@type\":\"ReadAction\",\"target\":[\"https:\\\/\\\/marktxxl.de\\\/markt\\\/produkt\\\/50-meilensteinkarten-schwangerschaft-schwangerschaftswochen-schwanger-schwangerschaftswochen-geschenke-fuer-schwangere-werdende-mutter-fotokarten-erinnerungskarten-liebe-im-bauch\\\/\"]}]},{\"@type\":\"ImageObject\",\"inLanguage\":\"de\",\"@id\":\"https:\\\/\\\/marktxxl.de\\\/markt\\\/produkt\\\/50-meilensteinkarten-schwangerschaft-schwangerschaftswochen-schwanger-schwangerschaftswochen-geschenke-fuer-schwangere-werdende-mutter-fotokarten-erinnerungskarten-liebe-im-bauch\\\/#primaryimage\",\"url\":\"https:\\\/\\\/m.media-amazon.com\\\/images\\\/I\\\/41onVH8oHQL._SL500_.jpg\",\"contentUrl\":\"https:\\\/\\\/m.media-amazon.com\\\/images\\\/I\\\/41onVH8oHQL._SL500_.jpg\",\"width\":355,\"height\":500},{\"@type\":\"BreadcrumbList\",\"@id\":\"https:\\\/\\\/marktxxl.de\\\/markt\\\/produkt\\\/50-meilensteinkarten-schwangerschaft-schwangerschaftswochen-schwanger-schwangerschaftswochen-geschenke-fuer-schwangere-werdende-mutter-fotokarten-erinnerungskarten-liebe-im-bauch\\\/#breadcrumb\",\"itemListElement\":[{\"@type\":\"ListItem\",\"position\":1,\"name\":\"Startseite\",\"item\":\"https:\\\/\\\/marktxxl.de\\\/markt\\\/\"},{\"@type\":\"ListItem\",\"position\":2,\"name\":\"Markt\",\"item\":\"https:\\\/\\\/marktxxl.de\\\/markt\\\/\"},{\"@type\":\"ListItem\",\"position\":3,\"name\":\"50 Meilensteinkarten Schwangerschaft Schwangerschaftswochen schwanger Schwangerschaftswochen Geschenke f\u00fcr Schwangere\u2026\"}]},{\"@type\":\"WebSite\",\"@id\":\"https:\\\/\\\/marktxxl.de\\\/markt\\\/#website\",\"url\":\"https:\\\/\\\/marktxxl.de\\\/markt\\\/\",\"name\":\"Markt-XXL\",\"description\":\"Ihr Markt Online\",\"publisher\":{\"@id\":\"https:\\\/\\\/marktxxl.de\\\/markt\\\/#organization\"},\"potentialAction\":[{\"@type\":\"SearchAction\",\"target\":{\"@type\":\"EntryPoint\",\"urlTemplate\":\"https:\\\/\\\/marktxxl.de\\\/markt\\\/?s={search_term_string}\"},\"query-input\":{\"@type\":\"PropertyValueSpecification\",\"valueRequired\":true,\"valueName\":\"search_term_string\"}}],\"inLanguage\":\"de\"},{\"@type\":\"Organization\",\"@id\":\"https:\\\/\\\/marktxxl.de\\\/markt\\\/#organization\",\"name\":\"Markt-XXL\",\"url\":\"https:\\\/\\\/marktxxl.de\\\/markt\\\/\",\"logo\":{\"@type\":\"ImageObject\",\"inLanguage\":\"de\",\"@id\":\"https:\\\/\\\/marktxxl.de\\\/markt\\\/#\\\/schema\\\/logo\\\/image\\\/\",\"url\":\"https:\\\/\\\/marktxxl.de\\\/markt\\\/wp-content\\\/uploads\\\/sites\\\/3\\\/2020\\\/12\\\/logo.png\",\"contentUrl\":\"https:\\\/\\\/marktxxl.de\\\/markt\\\/wp-content\\\/uploads\\\/sites\\\/3\\\/2020\\\/12\\\/logo.png\",\"width\":200,\"height\":70,\"caption\":\"Markt-XXL\"},\"image\":{\"@id\":\"https:\\\/\\\/marktxxl.de\\\/markt\\\/#\\\/schema\\\/logo\\\/image\\\/\"}}]}<\/script>\n<!-- \/ Yoast SEO plugin. -->","yoast_head_json":{"title":"50 Meilensteinkarten Schwangerschaft Schwangerschaftswochen schwanger Schwangerschaftswochen Geschenke f\u00fcr Schwangere\u2026 - Markt-XXL","description":"Markt-XXL 50 Meilensteinkarten Schwangerschaft Schwangerschaftswochen schwanger Schwangerschaftswochen Geschenke f\u00fcr Schwangere\u2026","robots":{"index":"index","follow":"follow","max-snippet":"max-snippet:-1","max-image-preview":"max-image-preview:large","max-video-preview":"max-video-preview:-1"},"canonical":"https:\/\/marktxxl.de\/markt\/produkt\/50-meilensteinkarten-schwangerschaft-schwangerschaftswochen-schwanger-schwangerschaftswochen-geschenke-fuer-schwangere-werdende-mutter-fotokarten-erinnerungskarten-liebe-im-bauch\/","og_locale":"de_DE","og_type":"article","og_title":"50 Meilensteinkarten Schwangerschaft Schwangerschaftswochen schwanger Schwangerschaftswochen Geschenke f\u00fcr Schwangere\u2026 - Markt-XXL","og_description":"Markt-XXL 50 Meilensteinkarten Schwangerschaft Schwangerschaftswochen schwanger Schwangerschaftswochen Geschenke f\u00fcr Schwangere\u2026","og_url":"https:\/\/marktxxl.de\/markt\/produkt\/50-meilensteinkarten-schwangerschaft-schwangerschaftswochen-schwanger-schwangerschaftswochen-geschenke-fuer-schwangere-werdende-mutter-fotokarten-erinnerungskarten-liebe-im-bauch\/","og_site_name":"Markt-XXL","article_modified_time":"2023-04-11T02:03:19+00:00","og_image":[{"width":355,"height":500,"url":"https:\/\/m.media-amazon.com\/images\/I\/41onVH8oHQL._SL500_.jpg","type":"image\/jpeg"}],"twitter_card":"summary_large_image","twitter_misc":{"Gesch\u00e4tzte Lesezeit":"1\u00a0Minute"},"schema":{"@context":"https:\/\/schema.org","@graph":[{"@type":"WebPage","@id":"https:\/\/marktxxl.de\/markt\/produkt\/50-meilensteinkarten-schwangerschaft-schwangerschaftswochen-schwanger-schwangerschaftswochen-geschenke-fuer-schwangere-werdende-mutter-fotokarten-erinnerungskarten-liebe-im-bauch\/","url":"https:\/\/marktxxl.de\/markt\/produkt\/50-meilensteinkarten-schwangerschaft-schwangerschaftswochen-schwanger-schwangerschaftswochen-geschenke-fuer-schwangere-werdende-mutter-fotokarten-erinnerungskarten-liebe-im-bauch\/","name":"50 Meilensteinkarten Schwangerschaft Schwangerschaftswochen schwanger Schwangerschaftswochen Geschenke f\u00fcr Schwangere\u2026 - Markt-XXL","isPartOf":{"@id":"https:\/\/marktxxl.de\/markt\/#website"},"primaryImageOfPage":{"@id":"https:\/\/marktxxl.de\/markt\/produkt\/50-meilensteinkarten-schwangerschaft-schwangerschaftswochen-schwanger-schwangerschaftswochen-geschenke-fuer-schwangere-werdende-mutter-fotokarten-erinnerungskarten-liebe-im-bauch\/#primaryimage"},"image":{"@id":"https:\/\/marktxxl.de\/markt\/produkt\/50-meilensteinkarten-schwangerschaft-schwangerschaftswochen-schwanger-schwangerschaftswochen-geschenke-fuer-schwangere-werdende-mutter-fotokarten-erinnerungskarten-liebe-im-bauch\/#primaryimage"},"thumbnailUrl":"https:\/\/m.media-amazon.com\/images\/I\/41onVH8oHQL._SL500_.jpg","datePublished":"2022-06-14T02:56:13+00:00","dateModified":"2023-04-11T02:03:19+00:00","description":"Markt-XXL 50 Meilensteinkarten Schwangerschaft Schwangerschaftswochen schwanger Schwangerschaftswochen Geschenke f\u00fcr Schwangere\u2026","breadcrumb":{"@id":"https:\/\/marktxxl.de\/markt\/produkt\/50-meilensteinkarten-schwangerschaft-schwangerschaftswochen-schwanger-schwangerschaftswochen-geschenke-fuer-schwangere-werdende-mutter-fotokarten-erinnerungskarten-liebe-im-bauch\/#breadcrumb"},"inLanguage":"de","potentialAction":[{"@type":"ReadAction","target":["https:\/\/marktxxl.de\/markt\/produkt\/50-meilensteinkarten-schwangerschaft-schwangerschaftswochen-schwanger-schwangerschaftswochen-geschenke-fuer-schwangere-werdende-mutter-fotokarten-erinnerungskarten-liebe-im-bauch\/"]}]},{"@type":"ImageObject","inLanguage":"de","@id":"https:\/\/marktxxl.de\/markt\/produkt\/50-meilensteinkarten-schwangerschaft-schwangerschaftswochen-schwanger-schwangerschaftswochen-geschenke-fuer-schwangere-werdende-mutter-fotokarten-erinnerungskarten-liebe-im-bauch\/#primaryimage","url":"https:\/\/m.media-amazon.com\/images\/I\/41onVH8oHQL._SL500_.jpg","contentUrl":"https:\/\/m.media-amazon.com\/images\/I\/41onVH8oHQL._SL500_.jpg","width":355,"height":500},{"@type":"BreadcrumbList","@id":"https:\/\/marktxxl.de\/markt\/produkt\/50-meilensteinkarten-schwangerschaft-schwangerschaftswochen-schwanger-schwangerschaftswochen-geschenke-fuer-schwangere-werdende-mutter-fotokarten-erinnerungskarten-liebe-im-bauch\/#breadcrumb","itemListElement":[{"@type":"ListItem","position":1,"name":"Startseite","item":"https:\/\/marktxxl.de\/markt\/"},{"@type":"ListItem","position":2,"name":"Markt","item":"https:\/\/marktxxl.de\/markt\/"},{"@type":"ListItem","position":3,"name":"50 Meilensteinkarten Schwangerschaft Schwangerschaftswochen schwanger Schwangerschaftswochen Geschenke f\u00fcr Schwangere\u2026"}]},{"@type":"WebSite","@id":"https:\/\/marktxxl.de\/markt\/#website","url":"https:\/\/marktxxl.de\/markt\/","name":"Markt-XXL","description":"Ihr Markt Online","publisher":{"@id":"https:\/\/marktxxl.de\/markt\/#organization"},"potentialAction":[{"@type":"SearchAction","target":{"@type":"EntryPoint","urlTemplate":"https:\/\/marktxxl.de\/markt\/?s={search_term_string}"},"query-input":{"@type":"PropertyValueSpecification","valueRequired":true,"valueName":"search_term_string"}}],"inLanguage":"de"},{"@type":"Organization","@id":"https:\/\/marktxxl.de\/markt\/#organization","name":"Markt-XXL","url":"https:\/\/marktxxl.de\/markt\/","logo":{"@type":"ImageObject","inLanguage":"de","@id":"https:\/\/marktxxl.de\/markt\/#\/schema\/logo\/image\/","url":"https:\/\/marktxxl.de\/markt\/wp-content\/uploads\/sites\/3\/2020\/12\/logo.png","contentUrl":"https:\/\/marktxxl.de\/markt\/wp-content\/uploads\/sites\/3\/2020\/12\/logo.png","width":200,"height":70,"caption":"Markt-XXL"},"image":{"@id":"https:\/\/marktxxl.de\/markt\/#\/schema\/logo\/image\/"}}]}},"_links":{"self":[{"href":"https:\/\/marktxxl.de\/markt\/wp-json\/wp\/v2\/product\/129994","targetHints":{"allow":["GET"]}}],"collection":[{"href":"https:\/\/marktxxl.de\/markt\/wp-json\/wp\/v2\/product"}],"about":[{"href":"https:\/\/marktxxl.de\/markt\/wp-json\/wp\/v2\/types\/product"}],"replies":[{"embeddable":true,"href":"https:\/\/marktxxl.de\/markt\/wp-json\/wp\/v2\/comments?post=129994"}],"wp:featuredmedia":[{"embeddable":true,"href":"https:\/\/marktxxl.de\/markt\/wp-json\/wp\/v2\/media\/129995"}],"wp:attachment":[{"href":"https:\/\/marktxxl.de\/markt\/wp-json\/wp\/v2\/media?parent=129994"}],"wp:term":[{"taxonomy":"product_brand","embeddable":true,"href":"https:\/\/marktxxl.de\/markt\/wp-json\/wp\/v2\/product_brand?post=129994"},{"taxonomy":"product_cat","embeddable":true,"href":"https:\/\/marktxxl.de\/markt\/wp-json\/wp\/v2\/product_cat?post=129994"},{"taxonomy":"product_tag","embeddable":true,"href":"https:\/\/marktxxl.de\/markt\/wp-json\/wp\/v2\/product_tag?post=129994"}],"curies":[{"name":"wp","href":"https:\/\/api.w.org\/{rel}","templated":true}]}}