{"id":129948,"date":"2022-06-14T04:38:21","date_gmt":"2022-06-14T02:38:21","guid":{"rendered":"https:\/\/marktxxl.de\/markt\/produkt\/paw-patrol-rucksack-kinder-kindergartenrucksack-maedchen-mit-den-mighty-pups-skye-und-everest\/"},"modified":"2023-04-11T04:03:18","modified_gmt":"2023-04-11T02:03:18","slug":"paw-patrol-rucksack-kinder-kindergartenrucksack-maedchen-mit-den-mighty-pups-skye-und-everest","status":"publish","type":"product","link":"https:\/\/marktxxl.de\/markt\/produkt\/paw-patrol-rucksack-kinder-kindergartenrucksack-maedchen-mit-den-mighty-pups-skye-und-everest\/","title":{"rendered":"PAW PATROL Rucksack Kinder, Kindergartenrucksack M\u00e4dchen mit den Mighty Pups Skye und Everest"},"content":{"rendered":"<p>PAW PATROL SKYE EVEREST KINDER RUCKSACK: Der Kindergarten Rucksack f\u00fcr M\u00e4dchen verf\u00fcgt \u00fcber 1 Hauptfach und 1 Frontfach mit hochwertigen Rei\u00dfverschl\u00fcssen, sowie 1 seitliche Netztasche f\u00fcr eine Trinkflasche, verstellbare Tr\u00e4ger und einen Tragegriff<br \/>\nOFFIZIELLES PAW PATROL MERCH: Die Kinderrucksack M\u00e4dchen Tasche ist ein lizenzierter Paw Patrol Fanartikel. Der Kindergarten Rucksack zeigt eine niedliche Abbildung der zwei beliebten Helfer auf vier Pfoten Skye und Everest mit dem Schriftzug &#8216;Follow Your Rainbow&#8217;<br \/>\nPREMIUM QUALIT\u00c4T: Unsere Rucksack Kindergarten Taschen sind leicht und angenehm zu tragen. Die Kindergarten Tasche f\u00fcr M\u00e4dchen ist hochwertig verarbeitet und aus einem leicht abwischbaren Material gefertigt<br \/>\nGESCHENKE F\u00dcR M\u00c4DCHEN: Unser niedlicher Everest Skye Rucksack M\u00e4dchen Backpack eignet sich ideal als M\u00e4dchen Geschenk, zum Beispiel als Kindergarten Geschenk, zu Weihnachten, zum Geburtstag oder einem anderen, besonderen Anlass. Unsere Paw Patrol Rucksack M\u00e4dchen Backpacks werden Fans der Mighty Pups begeistern<br \/>\nABMESSUNGEN: Die Ma\u00dfe unseres Paw Patrol M\u00e4dchen Rucksack betragen 29 cm x 23 cm x 9 cm<br \/>\n<div class=\"main-cross-sell\" data-asin=\"B091B8MM81\">\n\n\t<div class=\"WooZone-cross-sell-loader\">\n\t\t<div>\n\t\t\t<div id=\"floatingBarsG\">\n\t\t\t\t<div class=\"blockG\" id=\"rotateG_01\"><\/div>\n\t\t\t\t<div class=\"blockG\" id=\"rotateG_02\"><\/div>\n\t\t\t\t<div class=\"blockG\" id=\"rotateG_03\"><\/div>\n\t\t\t\t<div class=\"blockG\" id=\"rotateG_04\"><\/div>\n\t\t\t\t<div class=\"blockG\" id=\"rotateG_05\"><\/div>\n\t\t\t\t<div class=\"blockG\" id=\"rotateG_06\"><\/div>\n\t\t\t\t<div class=\"blockG\" id=\"rotateG_07\"><\/div>\n\t\t\t\t<div class=\"blockG\" id=\"rotateG_08\"><\/div>\n\t\t\t<\/div>\n\t\t\t<div class=\"WooZone-cross-sell-loader-text\"><\/div>\n\t\t<\/div>\n\t<\/div>\n\n\t\t\n<\/div>\n<div style=\"clear:both;\"><\/div><\/p>\n","protected":false},"excerpt":{"rendered":"<p>PAW PATROL SKYE EVEREST KINDER RUCKSACK: Der Kindergarten Rucksack f\u00fcr M\u00e4dchen verf\u00fcgt \u00fcber 1 Hauptfach und 1 Frontfach mit hochwertigen Rei\u00dfverschl\u00fcssen, sowie 1 seitliche Netztasche f\u00fcr eine Trinkflasche, verstellbare Tr\u00e4ger und einen Tragegriff<br \/>\nOFFIZIELLES PAW PATROL MERCH: Die Kinderrucksack M\u00e4dchen Tasche ist ein lizenzierter Paw Patrol Fanartikel. Der Kindergarten Rucksack zeigt eine niedliche Abbildung der zwei beliebten Helfer auf vier Pfoten Skye und Everest mit dem Schriftzug &#8216;Follow Your Rainbow&#8217;<br \/>\nPREMIUM QUALIT\u00c4T: Unsere Rucksack Kindergarten Taschen sind leicht und angenehm zu tragen. Die Kindergarten Tasche f\u00fcr M\u00e4dchen ist hochwertig verarbeitet und aus einem leicht abwischbaren Material gefertigt<\/p>\n","protected":false},"featured_media":129949,"comment_status":"open","ping_status":"closed","template":"","meta":[],"product_brand":[],"product_cat":[504,8631],"product_tag":[],"class_list":{"0":"post-129948","1":"product","2":"type-product","3":"status-publish","4":"has-post-thumbnail","6":"product_cat-buerobedarf-schreibwaren","7":"product_cat-schul-unibedarf","8":"pa_brand-paw-patrol","9":"pa_brand-thames-hudson","10":"pa_height-11-417322823-zoll","11":"pa_length-9-055118101-zoll","12":"pa_size-einheitsgroesse","13":"pa_width-3-543307083-zoll","15":"first","16":"instock","17":"shipping-taxable","18":"purchasable","19":"product-type-simple","20":"customify-col","21":"product-has-gallery"},"yoast_head":"<!-- This site is optimized with the Yoast SEO plugin v27.3 - https:\/\/yoast.com\/product\/yoast-seo-wordpress\/ -->\n<title>PAW PATROL Rucksack Kinder, Kindergartenrucksack M\u00e4dchen mit den Mighty Pups Skye und Everest - Markt-XXL<\/title>\n<meta name=\"description\" content=\"Markt-XXL PAW PATROL Rucksack Kinder, Kindergartenrucksack M\u00e4dchen mit den Mighty Pups Skye und Everest\" \/>\n<meta name=\"robots\" content=\"index, follow, max-snippet:-1, max-image-preview:large, max-video-preview:-1\" \/>\n<link rel=\"canonical\" href=\"https:\/\/marktxxl.de\/markt\/produkt\/paw-patrol-rucksack-kinder-kindergartenrucksack-maedchen-mit-den-mighty-pups-skye-und-everest\/\" \/>\n<meta property=\"og:locale\" content=\"de_DE\" \/>\n<meta property=\"og:type\" content=\"article\" \/>\n<meta property=\"og:title\" content=\"PAW PATROL Rucksack Kinder, Kindergartenrucksack M\u00e4dchen mit den Mighty Pups Skye und Everest - Markt-XXL\" \/>\n<meta property=\"og:description\" content=\"Markt-XXL PAW PATROL Rucksack Kinder, Kindergartenrucksack M\u00e4dchen mit den Mighty Pups Skye und Everest\" \/>\n<meta property=\"og:url\" content=\"https:\/\/marktxxl.de\/markt\/produkt\/paw-patrol-rucksack-kinder-kindergartenrucksack-maedchen-mit-den-mighty-pups-skye-und-everest\/\" \/>\n<meta property=\"og:site_name\" content=\"Markt-XXL\" \/>\n<meta property=\"article:modified_time\" content=\"2023-04-11T02:03:18+00:00\" \/>\n<meta property=\"og:image\" content=\"https:\/\/m.media-amazon.com\/images\/I\/51CheOhSghL._SL500_.jpg\" \/>\n\t<meta property=\"og:image:width\" content=\"500\" \/>\n\t<meta property=\"og:image:height\" content=\"500\" \/>\n\t<meta property=\"og:image:type\" content=\"image\/jpeg\" \/>\n<meta name=\"twitter:card\" content=\"summary_large_image\" \/>\n<meta name=\"twitter:label1\" content=\"Gesch\u00e4tzte Lesezeit\" \/>\n\t<meta name=\"twitter:data1\" content=\"1\u00a0Minute\" \/>\n<script type=\"application\/ld+json\" class=\"yoast-schema-graph\">{\"@context\":\"https:\\\/\\\/schema.org\",\"@graph\":[{\"@type\":\"WebPage\",\"@id\":\"https:\\\/\\\/marktxxl.de\\\/markt\\\/produkt\\\/paw-patrol-rucksack-kinder-kindergartenrucksack-maedchen-mit-den-mighty-pups-skye-und-everest\\\/\",\"url\":\"https:\\\/\\\/marktxxl.de\\\/markt\\\/produkt\\\/paw-patrol-rucksack-kinder-kindergartenrucksack-maedchen-mit-den-mighty-pups-skye-und-everest\\\/\",\"name\":\"PAW PATROL Rucksack Kinder, Kindergartenrucksack M\u00e4dchen mit den Mighty Pups Skye und Everest - Markt-XXL\",\"isPartOf\":{\"@id\":\"https:\\\/\\\/marktxxl.de\\\/markt\\\/#website\"},\"primaryImageOfPage\":{\"@id\":\"https:\\\/\\\/marktxxl.de\\\/markt\\\/produkt\\\/paw-patrol-rucksack-kinder-kindergartenrucksack-maedchen-mit-den-mighty-pups-skye-und-everest\\\/#primaryimage\"},\"image\":{\"@id\":\"https:\\\/\\\/marktxxl.de\\\/markt\\\/produkt\\\/paw-patrol-rucksack-kinder-kindergartenrucksack-maedchen-mit-den-mighty-pups-skye-und-everest\\\/#primaryimage\"},\"thumbnailUrl\":\"https:\\\/\\\/m.media-amazon.com\\\/images\\\/I\\\/51CheOhSghL._SL500_.jpg\",\"datePublished\":\"2022-06-14T02:38:21+00:00\",\"dateModified\":\"2023-04-11T02:03:18+00:00\",\"description\":\"Markt-XXL PAW PATROL Rucksack Kinder, Kindergartenrucksack M\u00e4dchen mit den Mighty Pups Skye und Everest\",\"breadcrumb\":{\"@id\":\"https:\\\/\\\/marktxxl.de\\\/markt\\\/produkt\\\/paw-patrol-rucksack-kinder-kindergartenrucksack-maedchen-mit-den-mighty-pups-skye-und-everest\\\/#breadcrumb\"},\"inLanguage\":\"de\",\"potentialAction\":[{\"@type\":\"ReadAction\",\"target\":[\"https:\\\/\\\/marktxxl.de\\\/markt\\\/produkt\\\/paw-patrol-rucksack-kinder-kindergartenrucksack-maedchen-mit-den-mighty-pups-skye-und-everest\\\/\"]}]},{\"@type\":\"ImageObject\",\"inLanguage\":\"de\",\"@id\":\"https:\\\/\\\/marktxxl.de\\\/markt\\\/produkt\\\/paw-patrol-rucksack-kinder-kindergartenrucksack-maedchen-mit-den-mighty-pups-skye-und-everest\\\/#primaryimage\",\"url\":\"https:\\\/\\\/m.media-amazon.com\\\/images\\\/I\\\/51CheOhSghL._SL500_.jpg\",\"contentUrl\":\"https:\\\/\\\/m.media-amazon.com\\\/images\\\/I\\\/51CheOhSghL._SL500_.jpg\",\"width\":500,\"height\":500},{\"@type\":\"BreadcrumbList\",\"@id\":\"https:\\\/\\\/marktxxl.de\\\/markt\\\/produkt\\\/paw-patrol-rucksack-kinder-kindergartenrucksack-maedchen-mit-den-mighty-pups-skye-und-everest\\\/#breadcrumb\",\"itemListElement\":[{\"@type\":\"ListItem\",\"position\":1,\"name\":\"Startseite\",\"item\":\"https:\\\/\\\/marktxxl.de\\\/markt\\\/\"},{\"@type\":\"ListItem\",\"position\":2,\"name\":\"Markt\",\"item\":\"https:\\\/\\\/marktxxl.de\\\/markt\\\/\"},{\"@type\":\"ListItem\",\"position\":3,\"name\":\"PAW PATROL Rucksack Kinder, Kindergartenrucksack M\u00e4dchen mit den Mighty Pups Skye und Everest\"}]},{\"@type\":\"WebSite\",\"@id\":\"https:\\\/\\\/marktxxl.de\\\/markt\\\/#website\",\"url\":\"https:\\\/\\\/marktxxl.de\\\/markt\\\/\",\"name\":\"Markt-XXL\",\"description\":\"Ihr Markt Online\",\"publisher\":{\"@id\":\"https:\\\/\\\/marktxxl.de\\\/markt\\\/#organization\"},\"potentialAction\":[{\"@type\":\"SearchAction\",\"target\":{\"@type\":\"EntryPoint\",\"urlTemplate\":\"https:\\\/\\\/marktxxl.de\\\/markt\\\/?s={search_term_string}\"},\"query-input\":{\"@type\":\"PropertyValueSpecification\",\"valueRequired\":true,\"valueName\":\"search_term_string\"}}],\"inLanguage\":\"de\"},{\"@type\":\"Organization\",\"@id\":\"https:\\\/\\\/marktxxl.de\\\/markt\\\/#organization\",\"name\":\"Markt-XXL\",\"url\":\"https:\\\/\\\/marktxxl.de\\\/markt\\\/\",\"logo\":{\"@type\":\"ImageObject\",\"inLanguage\":\"de\",\"@id\":\"https:\\\/\\\/marktxxl.de\\\/markt\\\/#\\\/schema\\\/logo\\\/image\\\/\",\"url\":\"https:\\\/\\\/marktxxl.de\\\/markt\\\/wp-content\\\/uploads\\\/sites\\\/3\\\/2020\\\/12\\\/logo.png\",\"contentUrl\":\"https:\\\/\\\/marktxxl.de\\\/markt\\\/wp-content\\\/uploads\\\/sites\\\/3\\\/2020\\\/12\\\/logo.png\",\"width\":200,\"height\":70,\"caption\":\"Markt-XXL\"},\"image\":{\"@id\":\"https:\\\/\\\/marktxxl.de\\\/markt\\\/#\\\/schema\\\/logo\\\/image\\\/\"}}]}<\/script>\n<!-- \/ Yoast SEO plugin. -->","yoast_head_json":{"title":"PAW PATROL Rucksack Kinder, Kindergartenrucksack M\u00e4dchen mit den Mighty Pups Skye und Everest - Markt-XXL","description":"Markt-XXL PAW PATROL Rucksack Kinder, Kindergartenrucksack M\u00e4dchen mit den Mighty Pups Skye und Everest","robots":{"index":"index","follow":"follow","max-snippet":"max-snippet:-1","max-image-preview":"max-image-preview:large","max-video-preview":"max-video-preview:-1"},"canonical":"https:\/\/marktxxl.de\/markt\/produkt\/paw-patrol-rucksack-kinder-kindergartenrucksack-maedchen-mit-den-mighty-pups-skye-und-everest\/","og_locale":"de_DE","og_type":"article","og_title":"PAW PATROL Rucksack Kinder, Kindergartenrucksack M\u00e4dchen mit den Mighty Pups Skye und Everest - Markt-XXL","og_description":"Markt-XXL PAW PATROL Rucksack Kinder, Kindergartenrucksack M\u00e4dchen mit den Mighty Pups Skye und Everest","og_url":"https:\/\/marktxxl.de\/markt\/produkt\/paw-patrol-rucksack-kinder-kindergartenrucksack-maedchen-mit-den-mighty-pups-skye-und-everest\/","og_site_name":"Markt-XXL","article_modified_time":"2023-04-11T02:03:18+00:00","og_image":[{"width":500,"height":500,"url":"https:\/\/m.media-amazon.com\/images\/I\/51CheOhSghL._SL500_.jpg","type":"image\/jpeg"}],"twitter_card":"summary_large_image","twitter_misc":{"Gesch\u00e4tzte Lesezeit":"1\u00a0Minute"},"schema":{"@context":"https:\/\/schema.org","@graph":[{"@type":"WebPage","@id":"https:\/\/marktxxl.de\/markt\/produkt\/paw-patrol-rucksack-kinder-kindergartenrucksack-maedchen-mit-den-mighty-pups-skye-und-everest\/","url":"https:\/\/marktxxl.de\/markt\/produkt\/paw-patrol-rucksack-kinder-kindergartenrucksack-maedchen-mit-den-mighty-pups-skye-und-everest\/","name":"PAW PATROL Rucksack Kinder, Kindergartenrucksack M\u00e4dchen mit den Mighty Pups Skye und Everest - Markt-XXL","isPartOf":{"@id":"https:\/\/marktxxl.de\/markt\/#website"},"primaryImageOfPage":{"@id":"https:\/\/marktxxl.de\/markt\/produkt\/paw-patrol-rucksack-kinder-kindergartenrucksack-maedchen-mit-den-mighty-pups-skye-und-everest\/#primaryimage"},"image":{"@id":"https:\/\/marktxxl.de\/markt\/produkt\/paw-patrol-rucksack-kinder-kindergartenrucksack-maedchen-mit-den-mighty-pups-skye-und-everest\/#primaryimage"},"thumbnailUrl":"https:\/\/m.media-amazon.com\/images\/I\/51CheOhSghL._SL500_.jpg","datePublished":"2022-06-14T02:38:21+00:00","dateModified":"2023-04-11T02:03:18+00:00","description":"Markt-XXL PAW PATROL Rucksack Kinder, Kindergartenrucksack M\u00e4dchen mit den Mighty Pups Skye und Everest","breadcrumb":{"@id":"https:\/\/marktxxl.de\/markt\/produkt\/paw-patrol-rucksack-kinder-kindergartenrucksack-maedchen-mit-den-mighty-pups-skye-und-everest\/#breadcrumb"},"inLanguage":"de","potentialAction":[{"@type":"ReadAction","target":["https:\/\/marktxxl.de\/markt\/produkt\/paw-patrol-rucksack-kinder-kindergartenrucksack-maedchen-mit-den-mighty-pups-skye-und-everest\/"]}]},{"@type":"ImageObject","inLanguage":"de","@id":"https:\/\/marktxxl.de\/markt\/produkt\/paw-patrol-rucksack-kinder-kindergartenrucksack-maedchen-mit-den-mighty-pups-skye-und-everest\/#primaryimage","url":"https:\/\/m.media-amazon.com\/images\/I\/51CheOhSghL._SL500_.jpg","contentUrl":"https:\/\/m.media-amazon.com\/images\/I\/51CheOhSghL._SL500_.jpg","width":500,"height":500},{"@type":"BreadcrumbList","@id":"https:\/\/marktxxl.de\/markt\/produkt\/paw-patrol-rucksack-kinder-kindergartenrucksack-maedchen-mit-den-mighty-pups-skye-und-everest\/#breadcrumb","itemListElement":[{"@type":"ListItem","position":1,"name":"Startseite","item":"https:\/\/marktxxl.de\/markt\/"},{"@type":"ListItem","position":2,"name":"Markt","item":"https:\/\/marktxxl.de\/markt\/"},{"@type":"ListItem","position":3,"name":"PAW PATROL Rucksack Kinder, Kindergartenrucksack M\u00e4dchen mit den Mighty Pups Skye und Everest"}]},{"@type":"WebSite","@id":"https:\/\/marktxxl.de\/markt\/#website","url":"https:\/\/marktxxl.de\/markt\/","name":"Markt-XXL","description":"Ihr Markt Online","publisher":{"@id":"https:\/\/marktxxl.de\/markt\/#organization"},"potentialAction":[{"@type":"SearchAction","target":{"@type":"EntryPoint","urlTemplate":"https:\/\/marktxxl.de\/markt\/?s={search_term_string}"},"query-input":{"@type":"PropertyValueSpecification","valueRequired":true,"valueName":"search_term_string"}}],"inLanguage":"de"},{"@type":"Organization","@id":"https:\/\/marktxxl.de\/markt\/#organization","name":"Markt-XXL","url":"https:\/\/marktxxl.de\/markt\/","logo":{"@type":"ImageObject","inLanguage":"de","@id":"https:\/\/marktxxl.de\/markt\/#\/schema\/logo\/image\/","url":"https:\/\/marktxxl.de\/markt\/wp-content\/uploads\/sites\/3\/2020\/12\/logo.png","contentUrl":"https:\/\/marktxxl.de\/markt\/wp-content\/uploads\/sites\/3\/2020\/12\/logo.png","width":200,"height":70,"caption":"Markt-XXL"},"image":{"@id":"https:\/\/marktxxl.de\/markt\/#\/schema\/logo\/image\/"}}]}},"_links":{"self":[{"href":"https:\/\/marktxxl.de\/markt\/wp-json\/wp\/v2\/product\/129948","targetHints":{"allow":["GET"]}}],"collection":[{"href":"https:\/\/marktxxl.de\/markt\/wp-json\/wp\/v2\/product"}],"about":[{"href":"https:\/\/marktxxl.de\/markt\/wp-json\/wp\/v2\/types\/product"}],"replies":[{"embeddable":true,"href":"https:\/\/marktxxl.de\/markt\/wp-json\/wp\/v2\/comments?post=129948"}],"wp:featuredmedia":[{"embeddable":true,"href":"https:\/\/marktxxl.de\/markt\/wp-json\/wp\/v2\/media\/129949"}],"wp:attachment":[{"href":"https:\/\/marktxxl.de\/markt\/wp-json\/wp\/v2\/media?parent=129948"}],"wp:term":[{"taxonomy":"product_brand","embeddable":true,"href":"https:\/\/marktxxl.de\/markt\/wp-json\/wp\/v2\/product_brand?post=129948"},{"taxonomy":"product_cat","embeddable":true,"href":"https:\/\/marktxxl.de\/markt\/wp-json\/wp\/v2\/product_cat?post=129948"},{"taxonomy":"product_tag","embeddable":true,"href":"https:\/\/marktxxl.de\/markt\/wp-json\/wp\/v2\/product_tag?post=129948"}],"curies":[{"name":"wp","href":"https:\/\/api.w.org\/{rel}","templated":true}]}}