{"id":129910,"date":"2022-06-14T04:37:32","date_gmt":"2022-06-14T02:37:32","guid":{"rendered":"https:\/\/marktxxl.de\/markt\/produkt\/central-23-suesse-jubilaeumskarte-to-my-otter-half-sweet-pun-tier-fuer-ehemann-ehefrau-freundin-freund-kommt-mit-lustigen-aufklebern\/"},"modified":"2023-04-11T04:03:18","modified_gmt":"2023-04-11T02:03:18","slug":"central-23-suesse-jubilaeumskarte-to-my-otter-half-sweet-pun-tier-fuer-ehemann-ehefrau-freundin-freund-kommt-mit-lustigen-aufklebern","status":"publish","type":"product","link":"https:\/\/marktxxl.de\/markt\/produkt\/central-23-suesse-jubilaeumskarte-to-my-otter-half-sweet-pun-tier-fuer-ehemann-ehefrau-freundin-freund-kommt-mit-lustigen-aufklebern\/","title":{"rendered":"Central 23 &#8211; S\u00fc\u00dfe Jubil\u00e4umskarte &#8211; &#8220;To My Otter Half&#8221; &#8211; Sweet Pun &#8211; Tier &#8211; f\u00fcr Ehemann, Ehefrau, Freundin, Freund &#8211; kommt mit lustigen Aufklebern"},"content":{"rendered":"<p>Gute Qualit\u00e4t \u2013 hergestellt und gedruckt in Gro\u00dfbritannien auf dickem 300 g\/m\u00b2-Karton. S\u00fc\u00dfes und witziges Design. Kommt mit einem hochwertigen Umschlag und alle aus nachhaltigen Materialien hergestellt, um die Umweltbelastung zu minimieren. \ud83c\udf33\ud83c\udf33<br \/>\nLeere Innenseite \u2013 f\u00fcr Ihre eigene Nachricht, legen wir ein s\u00fc\u00dfes Tipp-Blatt hinzu, damit Sie etwas Sch\u00f6nes schreiben k\u00f6nnen. \ud83c\udf89<br \/>\nGr\u00f6\u00dfe \u2013 Diese Karte ist 145 x 145 mm gro\u00df und wird mit einem 150 x 150 mm Umschlag geliefert, versiegelt in einem Polybeutel.<br \/>\nMit lustigen Aufklebern \u2013 um Ihrer Feier etwas Spa\u00df zu verleihen und Ihre Botschaft super h\u00fcbsch und pers\u00f6nlich zu machen. Wir sind immer auf der Suche nach Verbesserung und bieten Ihnen die besten Aufkleber f\u00fcr Ihre Karte. Designs k\u00f6nnen je nach Feedback variieren. \ud83c\udf33<br \/>\nInternational products have separate terms, are sold from abroad and may differ from local products, including fit, age ratings, and language of product, labeling or instructions.<br \/>\n<div class=\"main-cross-sell\" data-asin=\"B08CYY2KR1\">\n\n\t<div class=\"WooZone-cross-sell-loader\">\n\t\t<div>\n\t\t\t<div id=\"floatingBarsG\">\n\t\t\t\t<div class=\"blockG\" id=\"rotateG_01\"><\/div>\n\t\t\t\t<div class=\"blockG\" id=\"rotateG_02\"><\/div>\n\t\t\t\t<div class=\"blockG\" id=\"rotateG_03\"><\/div>\n\t\t\t\t<div class=\"blockG\" id=\"rotateG_04\"><\/div>\n\t\t\t\t<div class=\"blockG\" id=\"rotateG_05\"><\/div>\n\t\t\t\t<div class=\"blockG\" id=\"rotateG_06\"><\/div>\n\t\t\t\t<div class=\"blockG\" id=\"rotateG_07\"><\/div>\n\t\t\t\t<div class=\"blockG\" id=\"rotateG_08\"><\/div>\n\t\t\t<\/div>\n\t\t\t<div class=\"WooZone-cross-sell-loader-text\"><\/div>\n\t\t<\/div>\n\t<\/div>\n\n\t\t\n<\/div>\n<div style=\"clear:both;\"><\/div><\/p>\n","protected":false},"excerpt":{"rendered":"<p>Gute Qualit\u00e4t \u2013 hergestellt und gedruckt in Gro\u00dfbritannien auf dickem 300 g\/m\u00b2-Karton. S\u00fc\u00dfes und witziges Design. Kommt mit einem hochwertigen Umschlag und alle aus nachhaltigen Materialien hergestellt, um die Umweltbelastung zu minimieren. \ud83c\udf33\ud83c\udf33<br \/>\nLeere Innenseite \u2013 f\u00fcr Ihre eigene Nachricht, legen wir ein s\u00fc\u00dfes Tipp-Blatt hinzu, damit Sie etwas Sch\u00f6nes schreiben k\u00f6nnen. \ud83c\udf89<br \/>\nGr\u00f6\u00dfe \u2013 Diese Karte ist 145 x 145 mm gro\u00df und wird mit einem 150 x 150 mm Umschlag geliefert, versiegelt in einem Polybeutel.<\/p>\n","protected":false},"featured_media":129911,"comment_status":"open","ping_status":"closed","template":"","meta":[],"product_brand":[],"product_cat":[504,8527],"product_tag":[],"class_list":{"0":"post-129910","1":"product","2":"type-product","3":"status-publish","4":"has-post-thumbnail","6":"product_cat-buerobedarf-schreibwaren","7":"product_cat-papierprodukte","8":"pa_binding-karten","9":"pa_brand-central-23","10":"pa_color-blau","11":"pa_height-0-19685-zoll","12":"pa_length-5-9055-zoll","13":"pa_manufacturer-central-23","14":"pa_model-cc859","15":"pa_weight-0-0661386786-pfund","16":"pa_width-5-9055-zoll","18":"first","19":"instock","20":"shipping-taxable","21":"purchasable","22":"product-type-simple","23":"customify-col","24":"product-has-gallery"},"yoast_head":"<!-- This site is optimized with the Yoast SEO plugin v27.4 - https:\/\/yoast.com\/product\/yoast-seo-wordpress\/ -->\n<title>Central 23 - S\u00fc\u00dfe Jubil\u00e4umskarte - &quot;To My Otter Half&quot; - Sweet Pun - Tier - f\u00fcr Ehemann, Ehefrau, Freundin, Freund - kommt mit lustigen Aufklebern - Markt-XXL<\/title>\n<meta name=\"description\" content=\"Markt-XXL Central 23 - S\u00fc\u00dfe Jubil\u00e4umskarte - &quot;To My Otter Half&quot; - Sweet Pun - Tier - f\u00fcr Ehemann, Ehefrau, Freundin, Freund - kommt mit lustigen Aufklebern\" \/>\n<meta name=\"robots\" content=\"index, follow, max-snippet:-1, max-image-preview:large, max-video-preview:-1\" \/>\n<link rel=\"canonical\" href=\"https:\/\/marktxxl.de\/markt\/produkt\/central-23-suesse-jubilaeumskarte-to-my-otter-half-sweet-pun-tier-fuer-ehemann-ehefrau-freundin-freund-kommt-mit-lustigen-aufklebern\/\" \/>\n<meta property=\"og:locale\" content=\"de_DE\" \/>\n<meta property=\"og:type\" content=\"article\" \/>\n<meta property=\"og:title\" content=\"Central 23 - S\u00fc\u00dfe Jubil\u00e4umskarte - &quot;To My Otter Half&quot; - Sweet Pun - Tier - f\u00fcr Ehemann, Ehefrau, Freundin, Freund - kommt mit lustigen Aufklebern - Markt-XXL\" \/>\n<meta property=\"og:description\" content=\"Markt-XXL Central 23 - S\u00fc\u00dfe Jubil\u00e4umskarte - &quot;To My Otter Half&quot; - Sweet Pun - Tier - f\u00fcr Ehemann, Ehefrau, Freundin, Freund - kommt mit lustigen Aufklebern\" \/>\n<meta property=\"og:url\" content=\"https:\/\/marktxxl.de\/markt\/produkt\/central-23-suesse-jubilaeumskarte-to-my-otter-half-sweet-pun-tier-fuer-ehemann-ehefrau-freundin-freund-kommt-mit-lustigen-aufklebern\/\" \/>\n<meta property=\"og:site_name\" content=\"Markt-XXL\" \/>\n<meta property=\"article:modified_time\" content=\"2023-04-11T02:03:18+00:00\" \/>\n<meta property=\"og:image\" content=\"https:\/\/m.media-amazon.com\/images\/I\/41Dbe8ZbOwL._SL500_.jpg\" \/>\n\t<meta property=\"og:image:width\" content=\"500\" \/>\n\t<meta property=\"og:image:height\" content=\"500\" \/>\n\t<meta property=\"og:image:type\" content=\"image\/jpeg\" \/>\n<meta name=\"twitter:card\" content=\"summary_large_image\" \/>\n<meta name=\"twitter:label1\" content=\"Gesch\u00e4tzte Lesezeit\" \/>\n\t<meta name=\"twitter:data1\" content=\"1\u00a0Minute\" \/>\n<script type=\"application\/ld+json\" class=\"yoast-schema-graph\">{\"@context\":\"https:\\\/\\\/schema.org\",\"@graph\":[{\"@type\":\"WebPage\",\"@id\":\"https:\\\/\\\/marktxxl.de\\\/markt\\\/produkt\\\/central-23-suesse-jubilaeumskarte-to-my-otter-half-sweet-pun-tier-fuer-ehemann-ehefrau-freundin-freund-kommt-mit-lustigen-aufklebern\\\/\",\"url\":\"https:\\\/\\\/marktxxl.de\\\/markt\\\/produkt\\\/central-23-suesse-jubilaeumskarte-to-my-otter-half-sweet-pun-tier-fuer-ehemann-ehefrau-freundin-freund-kommt-mit-lustigen-aufklebern\\\/\",\"name\":\"Central 23 - S\u00fc\u00dfe Jubil\u00e4umskarte - \\\"To My Otter Half\\\" - Sweet Pun - Tier - f\u00fcr Ehemann, Ehefrau, Freundin, Freund - kommt mit lustigen Aufklebern - Markt-XXL\",\"isPartOf\":{\"@id\":\"https:\\\/\\\/marktxxl.de\\\/markt\\\/#website\"},\"primaryImageOfPage\":{\"@id\":\"https:\\\/\\\/marktxxl.de\\\/markt\\\/produkt\\\/central-23-suesse-jubilaeumskarte-to-my-otter-half-sweet-pun-tier-fuer-ehemann-ehefrau-freundin-freund-kommt-mit-lustigen-aufklebern\\\/#primaryimage\"},\"image\":{\"@id\":\"https:\\\/\\\/marktxxl.de\\\/markt\\\/produkt\\\/central-23-suesse-jubilaeumskarte-to-my-otter-half-sweet-pun-tier-fuer-ehemann-ehefrau-freundin-freund-kommt-mit-lustigen-aufklebern\\\/#primaryimage\"},\"thumbnailUrl\":\"https:\\\/\\\/m.media-amazon.com\\\/images\\\/I\\\/41Dbe8ZbOwL._SL500_.jpg\",\"datePublished\":\"2022-06-14T02:37:32+00:00\",\"dateModified\":\"2023-04-11T02:03:18+00:00\",\"description\":\"Markt-XXL Central 23 - S\u00fc\u00dfe Jubil\u00e4umskarte - \\\"To My Otter Half\\\" - Sweet Pun - Tier - f\u00fcr Ehemann, Ehefrau, Freundin, Freund - kommt mit lustigen Aufklebern\",\"breadcrumb\":{\"@id\":\"https:\\\/\\\/marktxxl.de\\\/markt\\\/produkt\\\/central-23-suesse-jubilaeumskarte-to-my-otter-half-sweet-pun-tier-fuer-ehemann-ehefrau-freundin-freund-kommt-mit-lustigen-aufklebern\\\/#breadcrumb\"},\"inLanguage\":\"de\",\"potentialAction\":[{\"@type\":\"ReadAction\",\"target\":[\"https:\\\/\\\/marktxxl.de\\\/markt\\\/produkt\\\/central-23-suesse-jubilaeumskarte-to-my-otter-half-sweet-pun-tier-fuer-ehemann-ehefrau-freundin-freund-kommt-mit-lustigen-aufklebern\\\/\"]}]},{\"@type\":\"ImageObject\",\"inLanguage\":\"de\",\"@id\":\"https:\\\/\\\/marktxxl.de\\\/markt\\\/produkt\\\/central-23-suesse-jubilaeumskarte-to-my-otter-half-sweet-pun-tier-fuer-ehemann-ehefrau-freundin-freund-kommt-mit-lustigen-aufklebern\\\/#primaryimage\",\"url\":\"https:\\\/\\\/m.media-amazon.com\\\/images\\\/I\\\/41Dbe8ZbOwL._SL500_.jpg\",\"contentUrl\":\"https:\\\/\\\/m.media-amazon.com\\\/images\\\/I\\\/41Dbe8ZbOwL._SL500_.jpg\",\"width\":500,\"height\":500},{\"@type\":\"BreadcrumbList\",\"@id\":\"https:\\\/\\\/marktxxl.de\\\/markt\\\/produkt\\\/central-23-suesse-jubilaeumskarte-to-my-otter-half-sweet-pun-tier-fuer-ehemann-ehefrau-freundin-freund-kommt-mit-lustigen-aufklebern\\\/#breadcrumb\",\"itemListElement\":[{\"@type\":\"ListItem\",\"position\":1,\"name\":\"Startseite\",\"item\":\"https:\\\/\\\/marktxxl.de\\\/markt\\\/\"},{\"@type\":\"ListItem\",\"position\":2,\"name\":\"Markt\",\"item\":\"https:\\\/\\\/marktxxl.de\\\/markt\\\/\"},{\"@type\":\"ListItem\",\"position\":3,\"name\":\"Central 23 &#8211; S\u00fc\u00dfe Jubil\u00e4umskarte &#8211; &#8220;To My Otter Half&#8221; &#8211; Sweet Pun &#8211; Tier &#8211; f\u00fcr Ehemann, Ehefrau, Freundin, Freund &#8211; kommt mit lustigen Aufklebern\"}]},{\"@type\":\"WebSite\",\"@id\":\"https:\\\/\\\/marktxxl.de\\\/markt\\\/#website\",\"url\":\"https:\\\/\\\/marktxxl.de\\\/markt\\\/\",\"name\":\"Markt-XXL\",\"description\":\"Ihr Markt Online\",\"publisher\":{\"@id\":\"https:\\\/\\\/marktxxl.de\\\/markt\\\/#organization\"},\"potentialAction\":[{\"@type\":\"SearchAction\",\"target\":{\"@type\":\"EntryPoint\",\"urlTemplate\":\"https:\\\/\\\/marktxxl.de\\\/markt\\\/?s={search_term_string}\"},\"query-input\":{\"@type\":\"PropertyValueSpecification\",\"valueRequired\":true,\"valueName\":\"search_term_string\"}}],\"inLanguage\":\"de\"},{\"@type\":\"Organization\",\"@id\":\"https:\\\/\\\/marktxxl.de\\\/markt\\\/#organization\",\"name\":\"Markt-XXL\",\"url\":\"https:\\\/\\\/marktxxl.de\\\/markt\\\/\",\"logo\":{\"@type\":\"ImageObject\",\"inLanguage\":\"de\",\"@id\":\"https:\\\/\\\/marktxxl.de\\\/markt\\\/#\\\/schema\\\/logo\\\/image\\\/\",\"url\":\"https:\\\/\\\/marktxxl.de\\\/markt\\\/wp-content\\\/uploads\\\/sites\\\/3\\\/2020\\\/12\\\/logo.png\",\"contentUrl\":\"https:\\\/\\\/marktxxl.de\\\/markt\\\/wp-content\\\/uploads\\\/sites\\\/3\\\/2020\\\/12\\\/logo.png\",\"width\":200,\"height\":70,\"caption\":\"Markt-XXL\"},\"image\":{\"@id\":\"https:\\\/\\\/marktxxl.de\\\/markt\\\/#\\\/schema\\\/logo\\\/image\\\/\"}}]}<\/script>\n<!-- \/ Yoast SEO plugin. -->","yoast_head_json":{"title":"Central 23 - S\u00fc\u00dfe Jubil\u00e4umskarte - \"To My Otter Half\" - Sweet Pun - Tier - f\u00fcr Ehemann, Ehefrau, Freundin, Freund - kommt mit lustigen Aufklebern - Markt-XXL","description":"Markt-XXL Central 23 - S\u00fc\u00dfe Jubil\u00e4umskarte - \"To My Otter Half\" - Sweet Pun - Tier - f\u00fcr Ehemann, Ehefrau, Freundin, Freund - kommt mit lustigen Aufklebern","robots":{"index":"index","follow":"follow","max-snippet":"max-snippet:-1","max-image-preview":"max-image-preview:large","max-video-preview":"max-video-preview:-1"},"canonical":"https:\/\/marktxxl.de\/markt\/produkt\/central-23-suesse-jubilaeumskarte-to-my-otter-half-sweet-pun-tier-fuer-ehemann-ehefrau-freundin-freund-kommt-mit-lustigen-aufklebern\/","og_locale":"de_DE","og_type":"article","og_title":"Central 23 - S\u00fc\u00dfe Jubil\u00e4umskarte - \"To My Otter Half\" - Sweet Pun - Tier - f\u00fcr Ehemann, Ehefrau, Freundin, Freund - kommt mit lustigen Aufklebern - Markt-XXL","og_description":"Markt-XXL Central 23 - S\u00fc\u00dfe Jubil\u00e4umskarte - \"To My Otter Half\" - Sweet Pun - Tier - f\u00fcr Ehemann, Ehefrau, Freundin, Freund - kommt mit lustigen Aufklebern","og_url":"https:\/\/marktxxl.de\/markt\/produkt\/central-23-suesse-jubilaeumskarte-to-my-otter-half-sweet-pun-tier-fuer-ehemann-ehefrau-freundin-freund-kommt-mit-lustigen-aufklebern\/","og_site_name":"Markt-XXL","article_modified_time":"2023-04-11T02:03:18+00:00","og_image":[{"width":500,"height":500,"url":"https:\/\/m.media-amazon.com\/images\/I\/41Dbe8ZbOwL._SL500_.jpg","type":"image\/jpeg"}],"twitter_card":"summary_large_image","twitter_misc":{"Gesch\u00e4tzte Lesezeit":"1\u00a0Minute"},"schema":{"@context":"https:\/\/schema.org","@graph":[{"@type":"WebPage","@id":"https:\/\/marktxxl.de\/markt\/produkt\/central-23-suesse-jubilaeumskarte-to-my-otter-half-sweet-pun-tier-fuer-ehemann-ehefrau-freundin-freund-kommt-mit-lustigen-aufklebern\/","url":"https:\/\/marktxxl.de\/markt\/produkt\/central-23-suesse-jubilaeumskarte-to-my-otter-half-sweet-pun-tier-fuer-ehemann-ehefrau-freundin-freund-kommt-mit-lustigen-aufklebern\/","name":"Central 23 - S\u00fc\u00dfe Jubil\u00e4umskarte - \"To My Otter Half\" - Sweet Pun - Tier - f\u00fcr Ehemann, Ehefrau, Freundin, Freund - kommt mit lustigen Aufklebern - Markt-XXL","isPartOf":{"@id":"https:\/\/marktxxl.de\/markt\/#website"},"primaryImageOfPage":{"@id":"https:\/\/marktxxl.de\/markt\/produkt\/central-23-suesse-jubilaeumskarte-to-my-otter-half-sweet-pun-tier-fuer-ehemann-ehefrau-freundin-freund-kommt-mit-lustigen-aufklebern\/#primaryimage"},"image":{"@id":"https:\/\/marktxxl.de\/markt\/produkt\/central-23-suesse-jubilaeumskarte-to-my-otter-half-sweet-pun-tier-fuer-ehemann-ehefrau-freundin-freund-kommt-mit-lustigen-aufklebern\/#primaryimage"},"thumbnailUrl":"https:\/\/m.media-amazon.com\/images\/I\/41Dbe8ZbOwL._SL500_.jpg","datePublished":"2022-06-14T02:37:32+00:00","dateModified":"2023-04-11T02:03:18+00:00","description":"Markt-XXL Central 23 - S\u00fc\u00dfe Jubil\u00e4umskarte - \"To My Otter Half\" - Sweet Pun - Tier - f\u00fcr Ehemann, Ehefrau, Freundin, Freund - kommt mit lustigen Aufklebern","breadcrumb":{"@id":"https:\/\/marktxxl.de\/markt\/produkt\/central-23-suesse-jubilaeumskarte-to-my-otter-half-sweet-pun-tier-fuer-ehemann-ehefrau-freundin-freund-kommt-mit-lustigen-aufklebern\/#breadcrumb"},"inLanguage":"de","potentialAction":[{"@type":"ReadAction","target":["https:\/\/marktxxl.de\/markt\/produkt\/central-23-suesse-jubilaeumskarte-to-my-otter-half-sweet-pun-tier-fuer-ehemann-ehefrau-freundin-freund-kommt-mit-lustigen-aufklebern\/"]}]},{"@type":"ImageObject","inLanguage":"de","@id":"https:\/\/marktxxl.de\/markt\/produkt\/central-23-suesse-jubilaeumskarte-to-my-otter-half-sweet-pun-tier-fuer-ehemann-ehefrau-freundin-freund-kommt-mit-lustigen-aufklebern\/#primaryimage","url":"https:\/\/m.media-amazon.com\/images\/I\/41Dbe8ZbOwL._SL500_.jpg","contentUrl":"https:\/\/m.media-amazon.com\/images\/I\/41Dbe8ZbOwL._SL500_.jpg","width":500,"height":500},{"@type":"BreadcrumbList","@id":"https:\/\/marktxxl.de\/markt\/produkt\/central-23-suesse-jubilaeumskarte-to-my-otter-half-sweet-pun-tier-fuer-ehemann-ehefrau-freundin-freund-kommt-mit-lustigen-aufklebern\/#breadcrumb","itemListElement":[{"@type":"ListItem","position":1,"name":"Startseite","item":"https:\/\/marktxxl.de\/markt\/"},{"@type":"ListItem","position":2,"name":"Markt","item":"https:\/\/marktxxl.de\/markt\/"},{"@type":"ListItem","position":3,"name":"Central 23 &#8211; S\u00fc\u00dfe Jubil\u00e4umskarte &#8211; &#8220;To My Otter Half&#8221; &#8211; Sweet Pun &#8211; Tier &#8211; f\u00fcr Ehemann, Ehefrau, Freundin, Freund &#8211; kommt mit lustigen Aufklebern"}]},{"@type":"WebSite","@id":"https:\/\/marktxxl.de\/markt\/#website","url":"https:\/\/marktxxl.de\/markt\/","name":"Markt-XXL","description":"Ihr Markt Online","publisher":{"@id":"https:\/\/marktxxl.de\/markt\/#organization"},"potentialAction":[{"@type":"SearchAction","target":{"@type":"EntryPoint","urlTemplate":"https:\/\/marktxxl.de\/markt\/?s={search_term_string}"},"query-input":{"@type":"PropertyValueSpecification","valueRequired":true,"valueName":"search_term_string"}}],"inLanguage":"de"},{"@type":"Organization","@id":"https:\/\/marktxxl.de\/markt\/#organization","name":"Markt-XXL","url":"https:\/\/marktxxl.de\/markt\/","logo":{"@type":"ImageObject","inLanguage":"de","@id":"https:\/\/marktxxl.de\/markt\/#\/schema\/logo\/image\/","url":"https:\/\/marktxxl.de\/markt\/wp-content\/uploads\/sites\/3\/2020\/12\/logo.png","contentUrl":"https:\/\/marktxxl.de\/markt\/wp-content\/uploads\/sites\/3\/2020\/12\/logo.png","width":200,"height":70,"caption":"Markt-XXL"},"image":{"@id":"https:\/\/marktxxl.de\/markt\/#\/schema\/logo\/image\/"}}]}},"_links":{"self":[{"href":"https:\/\/marktxxl.de\/markt\/wp-json\/wp\/v2\/product\/129910","targetHints":{"allow":["GET"]}}],"collection":[{"href":"https:\/\/marktxxl.de\/markt\/wp-json\/wp\/v2\/product"}],"about":[{"href":"https:\/\/marktxxl.de\/markt\/wp-json\/wp\/v2\/types\/product"}],"replies":[{"embeddable":true,"href":"https:\/\/marktxxl.de\/markt\/wp-json\/wp\/v2\/comments?post=129910"}],"wp:featuredmedia":[{"embeddable":true,"href":"https:\/\/marktxxl.de\/markt\/wp-json\/wp\/v2\/media\/129911"}],"wp:attachment":[{"href":"https:\/\/marktxxl.de\/markt\/wp-json\/wp\/v2\/media?parent=129910"}],"wp:term":[{"taxonomy":"product_brand","embeddable":true,"href":"https:\/\/marktxxl.de\/markt\/wp-json\/wp\/v2\/product_brand?post=129910"},{"taxonomy":"product_cat","embeddable":true,"href":"https:\/\/marktxxl.de\/markt\/wp-json\/wp\/v2\/product_cat?post=129910"},{"taxonomy":"product_tag","embeddable":true,"href":"https:\/\/marktxxl.de\/markt\/wp-json\/wp\/v2\/product_tag?post=129910"}],"curies":[{"name":"wp","href":"https:\/\/api.w.org\/{rel}","templated":true}]}}