{"id":129844,"date":"2022-06-14T04:35:11","date_gmt":"2022-06-14T02:35:11","guid":{"rendered":"https:\/\/marktxxl.de\/markt\/produkt\/ohuhu-honolulu-pinselmarker-auf-alkoholbasis-216-farben-doppelspitzen-kunstmarker-set-fuer-kuenstler-erwachsene-malen-zeichnen-skizzen-illustration-pinsel-feine-doppelspitze-mit-1-mischer\/"},"modified":"2023-04-11T04:03:16","modified_gmt":"2023-04-11T02:03:16","slug":"ohuhu-honolulu-pinselmarker-auf-alkoholbasis-216-farben-doppelspitzen-kunstmarker-set-fuer-kuenstler-erwachsene-malen-zeichnen-skizzen-illustration-pinsel-feine-doppelspitze-mit-1-mischer","status":"publish","type":"product","link":"https:\/\/marktxxl.de\/markt\/produkt\/ohuhu-honolulu-pinselmarker-auf-alkoholbasis-216-farben-doppelspitzen-kunstmarker-set-fuer-kuenstler-erwachsene-malen-zeichnen-skizzen-illustration-pinsel-feine-doppelspitze-mit-1-mischer\/","title":{"rendered":"Graffiti Stifte 216 Farben: Ohuhu Doppelspitzen Marker Stifte SetAlkoholbasis f\u00fcr K\u00fcnstler Erwachsene Malen Zeichnen\u2026"},"content":{"rendered":"<p>Pinselmarker auf Alkoholbasis, einfaches Mischen, kein Verschmieren: Vergessen Sie fleckige, unebene F\u00e4rbung. Hochwertige professionelle Tinte mischt sich nahtlos, um sch\u00f6ne Farbeffekte zu erzielen, auch f\u00fcr Anf\u00e4nger. Dank der permanenten Tinte wird Ihr Kunstwerk nie verblassen oder mit der Zeit verschmieren<br \/>\nPinsel und fein, doppelte Spitze, doppelter Spa\u00df: Erweitern Sie Ihren k\u00fcnstlerischen Horizont mit dem Zeichenmarker-Design. W\u00e4hlen Sie die flexible Pinselspitze zum Fegen, Mischen oder F\u00e4rben von Details mit der feinen Spitze<br \/>\n217 St\u00fcck \u2013 216 Farben und 1 farbloser Mixer: Der Regenbogen ist griffbereit \u2013 w\u00e4hlen Sie aus 216 brillanten Farben und erwecken Sie Ihre Ideen zum Leben. Ob es sich um ein Malbuch oder ein Meisterwerk bei der Herstellung handelt, Ihr Kunstwerk wird mit diesen Zeichenmarkern sicher auf hohem Niveau stehen<br \/>\nFarben schnell finden: Verschwenden Sie keine Zeit auf der Suche nach der richtigen Farbe. Farbkodierte Kappen verhindern das Austrocknen und helfen Ihnen, jeden Marker blitzschnell zu finden<br \/>\nAufbewahrungstasche f\u00fcr Marker im Lieferumfang enthalten \u2013 tolle Geschenkidee: Eine Tragetasche mit Schultergurt h\u00e4lt Ihre Marker organisiert und tragbar f\u00fcr jedes Malerei-Reiseabenteuer. Tolle Geschenkidee f\u00fcr Weihnachten, Geburtstag<br \/>\nTinte auf Alkoholbasis, trocknet sofort: Lassen Sie nasse Tinte nie wieder Ihre Arbeit ruinieren. Skizzen schmierfrei dank seiner schnelltrocknenden Formel auf Alkoholbasis<br \/>\n<div class=\"main-cross-sell\" data-asin=\"B09P7WS4P7\">\n\n\t<div class=\"WooZone-cross-sell-loader\">\n\t\t<div>\n\t\t\t<div id=\"floatingBarsG\">\n\t\t\t\t<div class=\"blockG\" id=\"rotateG_01\"><\/div>\n\t\t\t\t<div class=\"blockG\" id=\"rotateG_02\"><\/div>\n\t\t\t\t<div class=\"blockG\" id=\"rotateG_03\"><\/div>\n\t\t\t\t<div class=\"blockG\" id=\"rotateG_04\"><\/div>\n\t\t\t\t<div class=\"blockG\" id=\"rotateG_05\"><\/div>\n\t\t\t\t<div class=\"blockG\" id=\"rotateG_06\"><\/div>\n\t\t\t\t<div class=\"blockG\" id=\"rotateG_07\"><\/div>\n\t\t\t\t<div class=\"blockG\" id=\"rotateG_08\"><\/div>\n\t\t\t<\/div>\n\t\t\t<div class=\"WooZone-cross-sell-loader-text\"><\/div>\n\t\t<\/div>\n\t<\/div>\n\n\t\t\n<\/div>\n<div style=\"clear:both;\"><\/div><\/p>\n","protected":false},"excerpt":{"rendered":"<p>Pinselmarker auf Alkoholbasis, einfaches Mischen, kein Verschmieren: Vergessen Sie fleckige, unebene F\u00e4rbung. Hochwertige professionelle Tinte mischt sich nahtlos, um sch\u00f6ne Farbeffekte zu erzielen, auch f\u00fcr Anf\u00e4nger. Dank der permanenten Tinte wird Ihr Kunstwerk nie verblassen oder mit der Zeit verschmieren<br \/>\nPinsel und fein, doppelte Spitze, doppelter Spa\u00df: Erweitern Sie Ihren k\u00fcnstlerischen Horizont mit dem Zeichenmarker-Design. W\u00e4hlen Sie die flexible Pinselspitze zum Fegen, Mischen oder F\u00e4rben von Details mit der feinen Spitze<br \/>\n217 St\u00fcck \u2013 216 Farben und 1 farbloser Mixer: Der Regenbogen ist griffbereit \u2013 w\u00e4hlen Sie aus 216 brillanten Farben und erwecken Sie Ihre Ideen zum Leben. Ob es sich um ein Malbuch oder ein Meisterwerk bei der Herstellung handelt, Ihr Kunstwerk wird mit diesen Zeichenmarkern sicher auf hohem Niveau stehen<\/p>\n","protected":false},"featured_media":129845,"comment_status":"open","ping_status":"closed","template":"","meta":[],"product_brand":[],"product_cat":[504,8597],"product_tag":[],"class_list":{"0":"post-129844","1":"product","2":"type-product","3":"status-publish","4":"has-post-thumbnail","6":"product_cat-buerobedarf-schreibwaren","7":"product_cat-schreibwaren","8":"pa_brand-ohuhu","9":"pa_manufacturer-ohuhu","11":"first","12":"instock","13":"shipping-taxable","14":"purchasable","15":"product-type-simple","16":"customify-col","17":"product-has-gallery"},"yoast_head":"<!-- This site is optimized with the Yoast SEO plugin v27.3 - https:\/\/yoast.com\/product\/yoast-seo-wordpress\/ -->\n<title>Graffiti Stifte 216 Farben: Ohuhu Doppelspitzen Marker Stifte SetAlkoholbasis f\u00fcr K\u00fcnstler Erwachsene Malen Zeichnen\u2026 - Markt-XXL<\/title>\n<meta name=\"description\" content=\"Markt-XXL Graffiti Stifte 216 Farben: Ohuhu Doppelspitzen Marker Stifte SetAlkoholbasis f\u00fcr K\u00fcnstler Erwachsene Malen Zeichnen\u2026\" \/>\n<meta name=\"robots\" content=\"index, follow, max-snippet:-1, max-image-preview:large, max-video-preview:-1\" \/>\n<link rel=\"canonical\" href=\"https:\/\/marktxxl.de\/markt\/produkt\/ohuhu-honolulu-pinselmarker-auf-alkoholbasis-216-farben-doppelspitzen-kunstmarker-set-fuer-kuenstler-erwachsene-malen-zeichnen-skizzen-illustration-pinsel-feine-doppelspitze-mit-1-mischer\/\" \/>\n<meta property=\"og:locale\" content=\"de_DE\" \/>\n<meta property=\"og:type\" content=\"article\" \/>\n<meta property=\"og:title\" content=\"Graffiti Stifte 216 Farben: Ohuhu Doppelspitzen Marker Stifte SetAlkoholbasis f\u00fcr K\u00fcnstler Erwachsene Malen Zeichnen\u2026 - Markt-XXL\" \/>\n<meta property=\"og:description\" content=\"Markt-XXL Graffiti Stifte 216 Farben: Ohuhu Doppelspitzen Marker Stifte SetAlkoholbasis f\u00fcr K\u00fcnstler Erwachsene Malen Zeichnen\u2026\" \/>\n<meta property=\"og:url\" content=\"https:\/\/marktxxl.de\/markt\/produkt\/ohuhu-honolulu-pinselmarker-auf-alkoholbasis-216-farben-doppelspitzen-kunstmarker-set-fuer-kuenstler-erwachsene-malen-zeichnen-skizzen-illustration-pinsel-feine-doppelspitze-mit-1-mischer\/\" \/>\n<meta property=\"og:site_name\" content=\"Markt-XXL\" \/>\n<meta property=\"article:modified_time\" content=\"2023-04-11T02:03:16+00:00\" \/>\n<meta property=\"og:image\" content=\"https:\/\/m.media-amazon.com\/images\/I\/51AuYU41JnL._SL500_.jpg\" \/>\n\t<meta property=\"og:image:width\" content=\"500\" \/>\n\t<meta property=\"og:image:height\" content=\"500\" \/>\n\t<meta property=\"og:image:type\" content=\"image\/jpeg\" \/>\n<meta name=\"twitter:card\" content=\"summary_large_image\" \/>\n<meta name=\"twitter:label1\" content=\"Gesch\u00e4tzte Lesezeit\" \/>\n\t<meta name=\"twitter:data1\" content=\"1\u00a0Minute\" \/>\n<script type=\"application\/ld+json\" class=\"yoast-schema-graph\">{\"@context\":\"https:\\\/\\\/schema.org\",\"@graph\":[{\"@type\":\"WebPage\",\"@id\":\"https:\\\/\\\/marktxxl.de\\\/markt\\\/produkt\\\/ohuhu-honolulu-pinselmarker-auf-alkoholbasis-216-farben-doppelspitzen-kunstmarker-set-fuer-kuenstler-erwachsene-malen-zeichnen-skizzen-illustration-pinsel-feine-doppelspitze-mit-1-mischer\\\/\",\"url\":\"https:\\\/\\\/marktxxl.de\\\/markt\\\/produkt\\\/ohuhu-honolulu-pinselmarker-auf-alkoholbasis-216-farben-doppelspitzen-kunstmarker-set-fuer-kuenstler-erwachsene-malen-zeichnen-skizzen-illustration-pinsel-feine-doppelspitze-mit-1-mischer\\\/\",\"name\":\"Graffiti Stifte 216 Farben: Ohuhu Doppelspitzen Marker Stifte SetAlkoholbasis f\u00fcr K\u00fcnstler Erwachsene Malen Zeichnen\u2026 - Markt-XXL\",\"isPartOf\":{\"@id\":\"https:\\\/\\\/marktxxl.de\\\/markt\\\/#website\"},\"primaryImageOfPage\":{\"@id\":\"https:\\\/\\\/marktxxl.de\\\/markt\\\/produkt\\\/ohuhu-honolulu-pinselmarker-auf-alkoholbasis-216-farben-doppelspitzen-kunstmarker-set-fuer-kuenstler-erwachsene-malen-zeichnen-skizzen-illustration-pinsel-feine-doppelspitze-mit-1-mischer\\\/#primaryimage\"},\"image\":{\"@id\":\"https:\\\/\\\/marktxxl.de\\\/markt\\\/produkt\\\/ohuhu-honolulu-pinselmarker-auf-alkoholbasis-216-farben-doppelspitzen-kunstmarker-set-fuer-kuenstler-erwachsene-malen-zeichnen-skizzen-illustration-pinsel-feine-doppelspitze-mit-1-mischer\\\/#primaryimage\"},\"thumbnailUrl\":\"https:\\\/\\\/m.media-amazon.com\\\/images\\\/I\\\/51AuYU41JnL._SL500_.jpg\",\"datePublished\":\"2022-06-14T02:35:11+00:00\",\"dateModified\":\"2023-04-11T02:03:16+00:00\",\"description\":\"Markt-XXL Graffiti Stifte 216 Farben: Ohuhu Doppelspitzen Marker Stifte SetAlkoholbasis f\u00fcr K\u00fcnstler Erwachsene Malen Zeichnen\u2026\",\"breadcrumb\":{\"@id\":\"https:\\\/\\\/marktxxl.de\\\/markt\\\/produkt\\\/ohuhu-honolulu-pinselmarker-auf-alkoholbasis-216-farben-doppelspitzen-kunstmarker-set-fuer-kuenstler-erwachsene-malen-zeichnen-skizzen-illustration-pinsel-feine-doppelspitze-mit-1-mischer\\\/#breadcrumb\"},\"inLanguage\":\"de\",\"potentialAction\":[{\"@type\":\"ReadAction\",\"target\":[\"https:\\\/\\\/marktxxl.de\\\/markt\\\/produkt\\\/ohuhu-honolulu-pinselmarker-auf-alkoholbasis-216-farben-doppelspitzen-kunstmarker-set-fuer-kuenstler-erwachsene-malen-zeichnen-skizzen-illustration-pinsel-feine-doppelspitze-mit-1-mischer\\\/\"]}]},{\"@type\":\"ImageObject\",\"inLanguage\":\"de\",\"@id\":\"https:\\\/\\\/marktxxl.de\\\/markt\\\/produkt\\\/ohuhu-honolulu-pinselmarker-auf-alkoholbasis-216-farben-doppelspitzen-kunstmarker-set-fuer-kuenstler-erwachsene-malen-zeichnen-skizzen-illustration-pinsel-feine-doppelspitze-mit-1-mischer\\\/#primaryimage\",\"url\":\"https:\\\/\\\/m.media-amazon.com\\\/images\\\/I\\\/51AuYU41JnL._SL500_.jpg\",\"contentUrl\":\"https:\\\/\\\/m.media-amazon.com\\\/images\\\/I\\\/51AuYU41JnL._SL500_.jpg\",\"width\":500,\"height\":500},{\"@type\":\"BreadcrumbList\",\"@id\":\"https:\\\/\\\/marktxxl.de\\\/markt\\\/produkt\\\/ohuhu-honolulu-pinselmarker-auf-alkoholbasis-216-farben-doppelspitzen-kunstmarker-set-fuer-kuenstler-erwachsene-malen-zeichnen-skizzen-illustration-pinsel-feine-doppelspitze-mit-1-mischer\\\/#breadcrumb\",\"itemListElement\":[{\"@type\":\"ListItem\",\"position\":1,\"name\":\"Startseite\",\"item\":\"https:\\\/\\\/marktxxl.de\\\/markt\\\/\"},{\"@type\":\"ListItem\",\"position\":2,\"name\":\"Markt\",\"item\":\"https:\\\/\\\/marktxxl.de\\\/markt\\\/\"},{\"@type\":\"ListItem\",\"position\":3,\"name\":\"Graffiti Stifte 216 Farben: Ohuhu Doppelspitzen Marker Stifte SetAlkoholbasis f\u00fcr K\u00fcnstler Erwachsene Malen Zeichnen\u2026\"}]},{\"@type\":\"WebSite\",\"@id\":\"https:\\\/\\\/marktxxl.de\\\/markt\\\/#website\",\"url\":\"https:\\\/\\\/marktxxl.de\\\/markt\\\/\",\"name\":\"Markt-XXL\",\"description\":\"Ihr Markt Online\",\"publisher\":{\"@id\":\"https:\\\/\\\/marktxxl.de\\\/markt\\\/#organization\"},\"potentialAction\":[{\"@type\":\"SearchAction\",\"target\":{\"@type\":\"EntryPoint\",\"urlTemplate\":\"https:\\\/\\\/marktxxl.de\\\/markt\\\/?s={search_term_string}\"},\"query-input\":{\"@type\":\"PropertyValueSpecification\",\"valueRequired\":true,\"valueName\":\"search_term_string\"}}],\"inLanguage\":\"de\"},{\"@type\":\"Organization\",\"@id\":\"https:\\\/\\\/marktxxl.de\\\/markt\\\/#organization\",\"name\":\"Markt-XXL\",\"url\":\"https:\\\/\\\/marktxxl.de\\\/markt\\\/\",\"logo\":{\"@type\":\"ImageObject\",\"inLanguage\":\"de\",\"@id\":\"https:\\\/\\\/marktxxl.de\\\/markt\\\/#\\\/schema\\\/logo\\\/image\\\/\",\"url\":\"https:\\\/\\\/marktxxl.de\\\/markt\\\/wp-content\\\/uploads\\\/sites\\\/3\\\/2020\\\/12\\\/logo.png\",\"contentUrl\":\"https:\\\/\\\/marktxxl.de\\\/markt\\\/wp-content\\\/uploads\\\/sites\\\/3\\\/2020\\\/12\\\/logo.png\",\"width\":200,\"height\":70,\"caption\":\"Markt-XXL\"},\"image\":{\"@id\":\"https:\\\/\\\/marktxxl.de\\\/markt\\\/#\\\/schema\\\/logo\\\/image\\\/\"}}]}<\/script>\n<!-- \/ Yoast SEO plugin. -->","yoast_head_json":{"title":"Graffiti Stifte 216 Farben: Ohuhu Doppelspitzen Marker Stifte SetAlkoholbasis f\u00fcr K\u00fcnstler Erwachsene Malen Zeichnen\u2026 - Markt-XXL","description":"Markt-XXL Graffiti Stifte 216 Farben: Ohuhu Doppelspitzen Marker Stifte SetAlkoholbasis f\u00fcr K\u00fcnstler Erwachsene Malen Zeichnen\u2026","robots":{"index":"index","follow":"follow","max-snippet":"max-snippet:-1","max-image-preview":"max-image-preview:large","max-video-preview":"max-video-preview:-1"},"canonical":"https:\/\/marktxxl.de\/markt\/produkt\/ohuhu-honolulu-pinselmarker-auf-alkoholbasis-216-farben-doppelspitzen-kunstmarker-set-fuer-kuenstler-erwachsene-malen-zeichnen-skizzen-illustration-pinsel-feine-doppelspitze-mit-1-mischer\/","og_locale":"de_DE","og_type":"article","og_title":"Graffiti Stifte 216 Farben: Ohuhu Doppelspitzen Marker Stifte SetAlkoholbasis f\u00fcr K\u00fcnstler Erwachsene Malen Zeichnen\u2026 - Markt-XXL","og_description":"Markt-XXL Graffiti Stifte 216 Farben: Ohuhu Doppelspitzen Marker Stifte SetAlkoholbasis f\u00fcr K\u00fcnstler Erwachsene Malen Zeichnen\u2026","og_url":"https:\/\/marktxxl.de\/markt\/produkt\/ohuhu-honolulu-pinselmarker-auf-alkoholbasis-216-farben-doppelspitzen-kunstmarker-set-fuer-kuenstler-erwachsene-malen-zeichnen-skizzen-illustration-pinsel-feine-doppelspitze-mit-1-mischer\/","og_site_name":"Markt-XXL","article_modified_time":"2023-04-11T02:03:16+00:00","og_image":[{"width":500,"height":500,"url":"https:\/\/m.media-amazon.com\/images\/I\/51AuYU41JnL._SL500_.jpg","type":"image\/jpeg"}],"twitter_card":"summary_large_image","twitter_misc":{"Gesch\u00e4tzte Lesezeit":"1\u00a0Minute"},"schema":{"@context":"https:\/\/schema.org","@graph":[{"@type":"WebPage","@id":"https:\/\/marktxxl.de\/markt\/produkt\/ohuhu-honolulu-pinselmarker-auf-alkoholbasis-216-farben-doppelspitzen-kunstmarker-set-fuer-kuenstler-erwachsene-malen-zeichnen-skizzen-illustration-pinsel-feine-doppelspitze-mit-1-mischer\/","url":"https:\/\/marktxxl.de\/markt\/produkt\/ohuhu-honolulu-pinselmarker-auf-alkoholbasis-216-farben-doppelspitzen-kunstmarker-set-fuer-kuenstler-erwachsene-malen-zeichnen-skizzen-illustration-pinsel-feine-doppelspitze-mit-1-mischer\/","name":"Graffiti Stifte 216 Farben: Ohuhu Doppelspitzen Marker Stifte SetAlkoholbasis f\u00fcr K\u00fcnstler Erwachsene Malen Zeichnen\u2026 - Markt-XXL","isPartOf":{"@id":"https:\/\/marktxxl.de\/markt\/#website"},"primaryImageOfPage":{"@id":"https:\/\/marktxxl.de\/markt\/produkt\/ohuhu-honolulu-pinselmarker-auf-alkoholbasis-216-farben-doppelspitzen-kunstmarker-set-fuer-kuenstler-erwachsene-malen-zeichnen-skizzen-illustration-pinsel-feine-doppelspitze-mit-1-mischer\/#primaryimage"},"image":{"@id":"https:\/\/marktxxl.de\/markt\/produkt\/ohuhu-honolulu-pinselmarker-auf-alkoholbasis-216-farben-doppelspitzen-kunstmarker-set-fuer-kuenstler-erwachsene-malen-zeichnen-skizzen-illustration-pinsel-feine-doppelspitze-mit-1-mischer\/#primaryimage"},"thumbnailUrl":"https:\/\/m.media-amazon.com\/images\/I\/51AuYU41JnL._SL500_.jpg","datePublished":"2022-06-14T02:35:11+00:00","dateModified":"2023-04-11T02:03:16+00:00","description":"Markt-XXL Graffiti Stifte 216 Farben: Ohuhu Doppelspitzen Marker Stifte SetAlkoholbasis f\u00fcr K\u00fcnstler Erwachsene Malen Zeichnen\u2026","breadcrumb":{"@id":"https:\/\/marktxxl.de\/markt\/produkt\/ohuhu-honolulu-pinselmarker-auf-alkoholbasis-216-farben-doppelspitzen-kunstmarker-set-fuer-kuenstler-erwachsene-malen-zeichnen-skizzen-illustration-pinsel-feine-doppelspitze-mit-1-mischer\/#breadcrumb"},"inLanguage":"de","potentialAction":[{"@type":"ReadAction","target":["https:\/\/marktxxl.de\/markt\/produkt\/ohuhu-honolulu-pinselmarker-auf-alkoholbasis-216-farben-doppelspitzen-kunstmarker-set-fuer-kuenstler-erwachsene-malen-zeichnen-skizzen-illustration-pinsel-feine-doppelspitze-mit-1-mischer\/"]}]},{"@type":"ImageObject","inLanguage":"de","@id":"https:\/\/marktxxl.de\/markt\/produkt\/ohuhu-honolulu-pinselmarker-auf-alkoholbasis-216-farben-doppelspitzen-kunstmarker-set-fuer-kuenstler-erwachsene-malen-zeichnen-skizzen-illustration-pinsel-feine-doppelspitze-mit-1-mischer\/#primaryimage","url":"https:\/\/m.media-amazon.com\/images\/I\/51AuYU41JnL._SL500_.jpg","contentUrl":"https:\/\/m.media-amazon.com\/images\/I\/51AuYU41JnL._SL500_.jpg","width":500,"height":500},{"@type":"BreadcrumbList","@id":"https:\/\/marktxxl.de\/markt\/produkt\/ohuhu-honolulu-pinselmarker-auf-alkoholbasis-216-farben-doppelspitzen-kunstmarker-set-fuer-kuenstler-erwachsene-malen-zeichnen-skizzen-illustration-pinsel-feine-doppelspitze-mit-1-mischer\/#breadcrumb","itemListElement":[{"@type":"ListItem","position":1,"name":"Startseite","item":"https:\/\/marktxxl.de\/markt\/"},{"@type":"ListItem","position":2,"name":"Markt","item":"https:\/\/marktxxl.de\/markt\/"},{"@type":"ListItem","position":3,"name":"Graffiti Stifte 216 Farben: Ohuhu Doppelspitzen Marker Stifte SetAlkoholbasis f\u00fcr K\u00fcnstler Erwachsene Malen Zeichnen\u2026"}]},{"@type":"WebSite","@id":"https:\/\/marktxxl.de\/markt\/#website","url":"https:\/\/marktxxl.de\/markt\/","name":"Markt-XXL","description":"Ihr Markt Online","publisher":{"@id":"https:\/\/marktxxl.de\/markt\/#organization"},"potentialAction":[{"@type":"SearchAction","target":{"@type":"EntryPoint","urlTemplate":"https:\/\/marktxxl.de\/markt\/?s={search_term_string}"},"query-input":{"@type":"PropertyValueSpecification","valueRequired":true,"valueName":"search_term_string"}}],"inLanguage":"de"},{"@type":"Organization","@id":"https:\/\/marktxxl.de\/markt\/#organization","name":"Markt-XXL","url":"https:\/\/marktxxl.de\/markt\/","logo":{"@type":"ImageObject","inLanguage":"de","@id":"https:\/\/marktxxl.de\/markt\/#\/schema\/logo\/image\/","url":"https:\/\/marktxxl.de\/markt\/wp-content\/uploads\/sites\/3\/2020\/12\/logo.png","contentUrl":"https:\/\/marktxxl.de\/markt\/wp-content\/uploads\/sites\/3\/2020\/12\/logo.png","width":200,"height":70,"caption":"Markt-XXL"},"image":{"@id":"https:\/\/marktxxl.de\/markt\/#\/schema\/logo\/image\/"}}]}},"_links":{"self":[{"href":"https:\/\/marktxxl.de\/markt\/wp-json\/wp\/v2\/product\/129844","targetHints":{"allow":["GET"]}}],"collection":[{"href":"https:\/\/marktxxl.de\/markt\/wp-json\/wp\/v2\/product"}],"about":[{"href":"https:\/\/marktxxl.de\/markt\/wp-json\/wp\/v2\/types\/product"}],"replies":[{"embeddable":true,"href":"https:\/\/marktxxl.de\/markt\/wp-json\/wp\/v2\/comments?post=129844"}],"wp:featuredmedia":[{"embeddable":true,"href":"https:\/\/marktxxl.de\/markt\/wp-json\/wp\/v2\/media\/129845"}],"wp:attachment":[{"href":"https:\/\/marktxxl.de\/markt\/wp-json\/wp\/v2\/media?parent=129844"}],"wp:term":[{"taxonomy":"product_brand","embeddable":true,"href":"https:\/\/marktxxl.de\/markt\/wp-json\/wp\/v2\/product_brand?post=129844"},{"taxonomy":"product_cat","embeddable":true,"href":"https:\/\/marktxxl.de\/markt\/wp-json\/wp\/v2\/product_cat?post=129844"},{"taxonomy":"product_tag","embeddable":true,"href":"https:\/\/marktxxl.de\/markt\/wp-json\/wp\/v2\/product_tag?post=129844"}],"curies":[{"name":"wp","href":"https:\/\/api.w.org\/{rel}","templated":true}]}}