{"id":129668,"date":"2022-06-14T04:25:55","date_gmt":"2022-06-14T02:25:55","guid":{"rendered":"https:\/\/marktxxl.de\/markt\/produkt\/red-ember-shiba-inus-wandkalender-2022-zum-aufhaengen-305-x-61-cm-geoeffnetes-dickes-und-stabiles-papier-geschenk-grosser-hund-in-einem-kleinen-koerper\/"},"modified":"2023-04-11T04:03:14","modified_gmt":"2023-04-11T02:03:14","slug":"red-ember-shiba-inus-wandkalender-2022-zum-aufhaengen-305-x-61-cm-geoeffnetes-dickes-und-stabiles-papier-geschenk-grosser-hund-in-einem-kleinen-koerper","status":"publish","type":"product","link":"https:\/\/marktxxl.de\/markt\/produkt\/red-ember-shiba-inus-wandkalender-2022-zum-aufhaengen-305-x-61-cm-geoeffnetes-dickes-und-stabiles-papier-geschenk-grosser-hund-in-einem-kleinen-koerper\/","title":{"rendered":"RED EMBER Shiba Inus Wandkalender 2022, zum Aufh\u00e4ngen, 30,5 x 61 cm, ge\u00f6ffnetes dickes und stabiles Papier, Geschenk\u2026"},"content":{"rendered":"<p>Gro\u00dfer Hund in einem kleinen K\u00f6rper \u2013 Der japanische Shiba Inu ist bekannt f\u00fcr sein enges, selbstbewusstes Verhalten. Dieser sch\u00f6ne Wandkalender 2022 feiert ihre starke Pers\u00f6nlichkeit in atemberaubenden Details. Entdecken Sie 12 professionelle Fotos von Shiba Inus, einschlie\u00dflich Welpen und ausgewachsene Shibas, in einer Vielzahl von Umgebungen, inspiriert von der Saison. Jeder Monat f\u00e4ngt seinen einzigartigen Geist ein inspirierendes Zitat \u00fcber Hunde ein.<br \/>\nLeben sch\u00f6n organisiert \u2013 bessere Fotos, bessere Organisation. Wir haben unsere atemberaubenden Bilder von nur den besten Fotografen der Welt handverlesen. Roter Glut Kalender sehen einfach sch\u00f6n an jeder Wand aus. Robust und langlebig \u2013 Sie wissen, dass es ein roter Glutkalender ist, weil er h\u00e4lt. Rote Glut Kalender rollen sich nicht auf, rei\u00dfen und fallen von Ihrer Wand ab. Gr\u00f6\u00dfe geschlossen: 30,5 x 30,5 cm. Gr\u00f6\u00dfe ge\u00f6ffnet: 30,5 x 61 cm.<br \/>\nDickes Qualit\u00e4tspapier und Druck \u2013 Organisieren Sie Ihr Leben. \u00dcbergro\u00dfe t\u00e4gliche Bl\u00f6cke (3,8 x 4,7 cm) geben Ihnen zus\u00e4tzlichen Platz zum Aufzeichnen von Aufgaben und Terminen. Enth\u00e4lt alle wichtigen US- und kanadischen Feiertage und Mondphasen. Wir schlie\u00dfen keine Feiertage aus anderen L\u00e4ndern ein, die Ihren Kalender \u00fcbereinander bringen und Ihren Platz beim Schreiben reduzieren. BONUS: Enth\u00e4lt 2-seitiges Kalenderlayout f\u00fcr November &amp; Dezember 2021, zus\u00e4tzlich zu 12 Monaten 2022.<br \/>\nPERFEKTES GESCHENK &#8211; Macht ein tolles Geschenk f\u00fcr Weihnachten, Geburtstage, Jubil\u00e4en oder eine nette \u00dcberraschung. Jeder wird es Ihnen das ganze Jahr \u00fcber danken, f\u00fcr dieses durchdachte Geschenk. Ein Kalender ist ein ideales Geschenk f\u00fcr jemanden, der schwer zu kaufen ist, und es ist eine tolle Last-Minute-Geschenkidee. Riesige Auswahl: Wir haben mehr als 230 andere einzigartige Kalender zur Auswahl. Natur, Reisen, Weltraum, Katzen, Hunderassen, niedliche Tiere, spirituell, Organisation und sch\u00f6ne Kunst sind nur einige der Kategorien in unserem Amazon-Shop.<br \/>\nUmweltfreundlich \u2013 Wir verwenden verantwortungsvoll angebautes Papier, das vor der Ernte seltener alter W\u00e4lder sch\u00fctzt und den Verlust der nat\u00fcrlichen Waldbedeckung verhindert und keine Verwendung von hochgef\u00e4hrlichen Chemikalien besteht. Sie werden das Gef\u00fchl lieben, Ordnung und Organisation in Ihr Leben zu bringen und gleichzeitig die Erde zu sch\u00fctzen.<br \/>\n<div class=\"main-cross-sell\" data-asin=\"B097P9XW39\">\n\n\t<div class=\"WooZone-cross-sell-loader\">\n\t\t<div>\n\t\t\t<div id=\"floatingBarsG\">\n\t\t\t\t<div class=\"blockG\" id=\"rotateG_01\"><\/div>\n\t\t\t\t<div class=\"blockG\" id=\"rotateG_02\"><\/div>\n\t\t\t\t<div class=\"blockG\" id=\"rotateG_03\"><\/div>\n\t\t\t\t<div class=\"blockG\" id=\"rotateG_04\"><\/div>\n\t\t\t\t<div class=\"blockG\" id=\"rotateG_05\"><\/div>\n\t\t\t\t<div class=\"blockG\" id=\"rotateG_06\"><\/div>\n\t\t\t\t<div class=\"blockG\" id=\"rotateG_07\"><\/div>\n\t\t\t\t<div class=\"blockG\" id=\"rotateG_08\"><\/div>\n\t\t\t<\/div>\n\t\t\t<div class=\"WooZone-cross-sell-loader-text\"><\/div>\n\t\t<\/div>\n\t<\/div>\n\n\t\t\n<\/div>\n<div style=\"clear:both;\"><\/div><\/p>\n","protected":false},"excerpt":{"rendered":"<p>Gro\u00dfer Hund in einem kleinen K\u00f6rper \u2013 Der japanische Shiba Inu ist bekannt f\u00fcr sein enges, selbstbewusstes Verhalten. Dieser sch\u00f6ne Wandkalender 2022 feiert ihre starke Pers\u00f6nlichkeit in atemberaubenden Details. Entdecken Sie 12 professionelle Fotos von Shiba Inus, einschlie\u00dflich Welpen und ausgewachsene Shibas, in einer Vielzahl von Umgebungen, inspiriert von der Saison. Jeder Monat f\u00e4ngt seinen einzigartigen Geist ein inspirierendes Zitat \u00fcber Hunde ein.<br \/>\nLeben sch\u00f6n organisiert \u2013 bessere Fotos, bessere Organisation. Wir haben unsere atemberaubenden Bilder von nur den besten Fotografen der Welt handverlesen. Roter Glut Kalender sehen einfach sch\u00f6n an jeder Wand aus. Robust und langlebig \u2013 Sie wissen, dass es ein roter Glutkalender ist, weil er h\u00e4lt. Rote Glut Kalender rollen sich nicht auf, rei\u00dfen und fallen von Ihrer Wand ab. Gr\u00f6\u00dfe geschlossen: 30,5 x 30,5 cm. Gr\u00f6\u00dfe ge\u00f6ffnet: 30,5 x 61 cm.<br \/>\nDickes Qualit\u00e4tspapier und Druck \u2013 Organisieren Sie Ihr Leben. \u00dcbergro\u00dfe t\u00e4gliche Bl\u00f6cke (3,8 x 4,7 cm) geben Ihnen zus\u00e4tzlichen Platz zum Aufzeichnen von Aufgaben und Terminen. Enth\u00e4lt alle wichtigen US- und kanadischen Feiertage und Mondphasen. Wir schlie\u00dfen keine Feiertage aus anderen L\u00e4ndern ein, die Ihren Kalender \u00fcbereinander bringen und Ihren Platz beim Schreiben reduzieren. BONUS: Enth\u00e4lt 2-seitiges Kalenderlayout f\u00fcr November &amp; Dezember 2021, zus\u00e4tzlich zu 12 Monaten 2022.<\/p>\n","protected":false},"featured_media":129669,"comment_status":"open","ping_status":"closed","template":"","meta":[],"product_brand":[],"product_cat":[504,8381],"product_tag":[],"class_list":{"0":"post-129668","1":"product","2":"type-product","3":"status-publish","4":"has-post-thumbnail","6":"product_cat-buerobedarf-schreibwaren","7":"product_cat-kalender-planer-und-organizer","8":"pa_brand-red-ember","9":"pa_height-0-12-zoll","10":"pa_length-11-8-zoll","11":"pa_manufacturer-red-ember-press","12":"pa_width-11-8-zoll","14":"first","15":"instock","16":"shipping-taxable","17":"purchasable","18":"product-type-simple","19":"customify-col","20":"product-has-gallery"},"yoast_head":"<!-- This site is optimized with the Yoast SEO plugin v27.3 - https:\/\/yoast.com\/product\/yoast-seo-wordpress\/ -->\n<title>RED EMBER Shiba Inus Wandkalender 2022, zum Aufh\u00e4ngen, 30,5 x 61 cm, ge\u00f6ffnetes dickes und stabiles Papier, Geschenk\u2026 - Markt-XXL<\/title>\n<meta name=\"description\" content=\"Markt-XXL RED EMBER Shiba Inus Wandkalender 2022, zum Aufh\u00e4ngen, 30,5 x 61 cm, ge\u00f6ffnetes dickes und stabiles Papier, Geschenk\u2026\" \/>\n<meta name=\"robots\" content=\"index, follow, max-snippet:-1, max-image-preview:large, max-video-preview:-1\" \/>\n<link rel=\"canonical\" href=\"https:\/\/marktxxl.de\/markt\/produkt\/red-ember-shiba-inus-wandkalender-2022-zum-aufhaengen-305-x-61-cm-geoeffnetes-dickes-und-stabiles-papier-geschenk-grosser-hund-in-einem-kleinen-koerper\/\" \/>\n<meta property=\"og:locale\" content=\"de_DE\" \/>\n<meta property=\"og:type\" content=\"article\" \/>\n<meta property=\"og:title\" content=\"RED EMBER Shiba Inus Wandkalender 2022, zum Aufh\u00e4ngen, 30,5 x 61 cm, ge\u00f6ffnetes dickes und stabiles Papier, Geschenk\u2026 - Markt-XXL\" \/>\n<meta property=\"og:description\" content=\"Markt-XXL RED EMBER Shiba Inus Wandkalender 2022, zum Aufh\u00e4ngen, 30,5 x 61 cm, ge\u00f6ffnetes dickes und stabiles Papier, Geschenk\u2026\" \/>\n<meta property=\"og:url\" content=\"https:\/\/marktxxl.de\/markt\/produkt\/red-ember-shiba-inus-wandkalender-2022-zum-aufhaengen-305-x-61-cm-geoeffnetes-dickes-und-stabiles-papier-geschenk-grosser-hund-in-einem-kleinen-koerper\/\" \/>\n<meta property=\"og:site_name\" content=\"Markt-XXL\" \/>\n<meta property=\"article:modified_time\" content=\"2023-04-11T02:03:14+00:00\" \/>\n<meta property=\"og:image\" content=\"https:\/\/m.media-amazon.com\/images\/I\/51bw55wupFS._SL500_.jpg\" \/>\n\t<meta property=\"og:image:width\" content=\"500\" \/>\n\t<meta property=\"og:image:height\" content=\"500\" \/>\n\t<meta property=\"og:image:type\" content=\"image\/jpeg\" \/>\n<meta name=\"twitter:card\" content=\"summary_large_image\" \/>\n<meta name=\"twitter:label1\" content=\"Gesch\u00e4tzte Lesezeit\" \/>\n\t<meta name=\"twitter:data1\" content=\"2\u00a0Minuten\" \/>\n<script type=\"application\/ld+json\" class=\"yoast-schema-graph\">{\"@context\":\"https:\\\/\\\/schema.org\",\"@graph\":[{\"@type\":\"WebPage\",\"@id\":\"https:\\\/\\\/marktxxl.de\\\/markt\\\/produkt\\\/red-ember-shiba-inus-wandkalender-2022-zum-aufhaengen-305-x-61-cm-geoeffnetes-dickes-und-stabiles-papier-geschenk-grosser-hund-in-einem-kleinen-koerper\\\/\",\"url\":\"https:\\\/\\\/marktxxl.de\\\/markt\\\/produkt\\\/red-ember-shiba-inus-wandkalender-2022-zum-aufhaengen-305-x-61-cm-geoeffnetes-dickes-und-stabiles-papier-geschenk-grosser-hund-in-einem-kleinen-koerper\\\/\",\"name\":\"RED EMBER Shiba Inus Wandkalender 2022, zum Aufh\u00e4ngen, 30,5 x 61 cm, ge\u00f6ffnetes dickes und stabiles Papier, Geschenk\u2026 - Markt-XXL\",\"isPartOf\":{\"@id\":\"https:\\\/\\\/marktxxl.de\\\/markt\\\/#website\"},\"primaryImageOfPage\":{\"@id\":\"https:\\\/\\\/marktxxl.de\\\/markt\\\/produkt\\\/red-ember-shiba-inus-wandkalender-2022-zum-aufhaengen-305-x-61-cm-geoeffnetes-dickes-und-stabiles-papier-geschenk-grosser-hund-in-einem-kleinen-koerper\\\/#primaryimage\"},\"image\":{\"@id\":\"https:\\\/\\\/marktxxl.de\\\/markt\\\/produkt\\\/red-ember-shiba-inus-wandkalender-2022-zum-aufhaengen-305-x-61-cm-geoeffnetes-dickes-und-stabiles-papier-geschenk-grosser-hund-in-einem-kleinen-koerper\\\/#primaryimage\"},\"thumbnailUrl\":\"https:\\\/\\\/m.media-amazon.com\\\/images\\\/I\\\/51bw55wupFS._SL500_.jpg\",\"datePublished\":\"2022-06-14T02:25:55+00:00\",\"dateModified\":\"2023-04-11T02:03:14+00:00\",\"description\":\"Markt-XXL RED EMBER Shiba Inus Wandkalender 2022, zum Aufh\u00e4ngen, 30,5 x 61 cm, ge\u00f6ffnetes dickes und stabiles Papier, Geschenk\u2026\",\"breadcrumb\":{\"@id\":\"https:\\\/\\\/marktxxl.de\\\/markt\\\/produkt\\\/red-ember-shiba-inus-wandkalender-2022-zum-aufhaengen-305-x-61-cm-geoeffnetes-dickes-und-stabiles-papier-geschenk-grosser-hund-in-einem-kleinen-koerper\\\/#breadcrumb\"},\"inLanguage\":\"de\",\"potentialAction\":[{\"@type\":\"ReadAction\",\"target\":[\"https:\\\/\\\/marktxxl.de\\\/markt\\\/produkt\\\/red-ember-shiba-inus-wandkalender-2022-zum-aufhaengen-305-x-61-cm-geoeffnetes-dickes-und-stabiles-papier-geschenk-grosser-hund-in-einem-kleinen-koerper\\\/\"]}]},{\"@type\":\"ImageObject\",\"inLanguage\":\"de\",\"@id\":\"https:\\\/\\\/marktxxl.de\\\/markt\\\/produkt\\\/red-ember-shiba-inus-wandkalender-2022-zum-aufhaengen-305-x-61-cm-geoeffnetes-dickes-und-stabiles-papier-geschenk-grosser-hund-in-einem-kleinen-koerper\\\/#primaryimage\",\"url\":\"https:\\\/\\\/m.media-amazon.com\\\/images\\\/I\\\/51bw55wupFS._SL500_.jpg\",\"contentUrl\":\"https:\\\/\\\/m.media-amazon.com\\\/images\\\/I\\\/51bw55wupFS._SL500_.jpg\",\"width\":500,\"height\":500},{\"@type\":\"BreadcrumbList\",\"@id\":\"https:\\\/\\\/marktxxl.de\\\/markt\\\/produkt\\\/red-ember-shiba-inus-wandkalender-2022-zum-aufhaengen-305-x-61-cm-geoeffnetes-dickes-und-stabiles-papier-geschenk-grosser-hund-in-einem-kleinen-koerper\\\/#breadcrumb\",\"itemListElement\":[{\"@type\":\"ListItem\",\"position\":1,\"name\":\"Startseite\",\"item\":\"https:\\\/\\\/marktxxl.de\\\/markt\\\/\"},{\"@type\":\"ListItem\",\"position\":2,\"name\":\"Markt\",\"item\":\"https:\\\/\\\/marktxxl.de\\\/markt\\\/\"},{\"@type\":\"ListItem\",\"position\":3,\"name\":\"RED EMBER Shiba Inus Wandkalender 2022, zum Aufh\u00e4ngen, 30,5 x 61 cm, ge\u00f6ffnetes dickes und stabiles Papier, Geschenk\u2026\"}]},{\"@type\":\"WebSite\",\"@id\":\"https:\\\/\\\/marktxxl.de\\\/markt\\\/#website\",\"url\":\"https:\\\/\\\/marktxxl.de\\\/markt\\\/\",\"name\":\"Markt-XXL\",\"description\":\"Ihr Markt Online\",\"publisher\":{\"@id\":\"https:\\\/\\\/marktxxl.de\\\/markt\\\/#organization\"},\"potentialAction\":[{\"@type\":\"SearchAction\",\"target\":{\"@type\":\"EntryPoint\",\"urlTemplate\":\"https:\\\/\\\/marktxxl.de\\\/markt\\\/?s={search_term_string}\"},\"query-input\":{\"@type\":\"PropertyValueSpecification\",\"valueRequired\":true,\"valueName\":\"search_term_string\"}}],\"inLanguage\":\"de\"},{\"@type\":\"Organization\",\"@id\":\"https:\\\/\\\/marktxxl.de\\\/markt\\\/#organization\",\"name\":\"Markt-XXL\",\"url\":\"https:\\\/\\\/marktxxl.de\\\/markt\\\/\",\"logo\":{\"@type\":\"ImageObject\",\"inLanguage\":\"de\",\"@id\":\"https:\\\/\\\/marktxxl.de\\\/markt\\\/#\\\/schema\\\/logo\\\/image\\\/\",\"url\":\"https:\\\/\\\/marktxxl.de\\\/markt\\\/wp-content\\\/uploads\\\/sites\\\/3\\\/2020\\\/12\\\/logo.png\",\"contentUrl\":\"https:\\\/\\\/marktxxl.de\\\/markt\\\/wp-content\\\/uploads\\\/sites\\\/3\\\/2020\\\/12\\\/logo.png\",\"width\":200,\"height\":70,\"caption\":\"Markt-XXL\"},\"image\":{\"@id\":\"https:\\\/\\\/marktxxl.de\\\/markt\\\/#\\\/schema\\\/logo\\\/image\\\/\"}}]}<\/script>\n<!-- \/ Yoast SEO plugin. -->","yoast_head_json":{"title":"RED EMBER Shiba Inus Wandkalender 2022, zum Aufh\u00e4ngen, 30,5 x 61 cm, ge\u00f6ffnetes dickes und stabiles Papier, Geschenk\u2026 - Markt-XXL","description":"Markt-XXL RED EMBER Shiba Inus Wandkalender 2022, zum Aufh\u00e4ngen, 30,5 x 61 cm, ge\u00f6ffnetes dickes und stabiles Papier, Geschenk\u2026","robots":{"index":"index","follow":"follow","max-snippet":"max-snippet:-1","max-image-preview":"max-image-preview:large","max-video-preview":"max-video-preview:-1"},"canonical":"https:\/\/marktxxl.de\/markt\/produkt\/red-ember-shiba-inus-wandkalender-2022-zum-aufhaengen-305-x-61-cm-geoeffnetes-dickes-und-stabiles-papier-geschenk-grosser-hund-in-einem-kleinen-koerper\/","og_locale":"de_DE","og_type":"article","og_title":"RED EMBER Shiba Inus Wandkalender 2022, zum Aufh\u00e4ngen, 30,5 x 61 cm, ge\u00f6ffnetes dickes und stabiles Papier, Geschenk\u2026 - Markt-XXL","og_description":"Markt-XXL RED EMBER Shiba Inus Wandkalender 2022, zum Aufh\u00e4ngen, 30,5 x 61 cm, ge\u00f6ffnetes dickes und stabiles Papier, Geschenk\u2026","og_url":"https:\/\/marktxxl.de\/markt\/produkt\/red-ember-shiba-inus-wandkalender-2022-zum-aufhaengen-305-x-61-cm-geoeffnetes-dickes-und-stabiles-papier-geschenk-grosser-hund-in-einem-kleinen-koerper\/","og_site_name":"Markt-XXL","article_modified_time":"2023-04-11T02:03:14+00:00","og_image":[{"width":500,"height":500,"url":"https:\/\/m.media-amazon.com\/images\/I\/51bw55wupFS._SL500_.jpg","type":"image\/jpeg"}],"twitter_card":"summary_large_image","twitter_misc":{"Gesch\u00e4tzte Lesezeit":"2\u00a0Minuten"},"schema":{"@context":"https:\/\/schema.org","@graph":[{"@type":"WebPage","@id":"https:\/\/marktxxl.de\/markt\/produkt\/red-ember-shiba-inus-wandkalender-2022-zum-aufhaengen-305-x-61-cm-geoeffnetes-dickes-und-stabiles-papier-geschenk-grosser-hund-in-einem-kleinen-koerper\/","url":"https:\/\/marktxxl.de\/markt\/produkt\/red-ember-shiba-inus-wandkalender-2022-zum-aufhaengen-305-x-61-cm-geoeffnetes-dickes-und-stabiles-papier-geschenk-grosser-hund-in-einem-kleinen-koerper\/","name":"RED EMBER Shiba Inus Wandkalender 2022, zum Aufh\u00e4ngen, 30,5 x 61 cm, ge\u00f6ffnetes dickes und stabiles Papier, Geschenk\u2026 - Markt-XXL","isPartOf":{"@id":"https:\/\/marktxxl.de\/markt\/#website"},"primaryImageOfPage":{"@id":"https:\/\/marktxxl.de\/markt\/produkt\/red-ember-shiba-inus-wandkalender-2022-zum-aufhaengen-305-x-61-cm-geoeffnetes-dickes-und-stabiles-papier-geschenk-grosser-hund-in-einem-kleinen-koerper\/#primaryimage"},"image":{"@id":"https:\/\/marktxxl.de\/markt\/produkt\/red-ember-shiba-inus-wandkalender-2022-zum-aufhaengen-305-x-61-cm-geoeffnetes-dickes-und-stabiles-papier-geschenk-grosser-hund-in-einem-kleinen-koerper\/#primaryimage"},"thumbnailUrl":"https:\/\/m.media-amazon.com\/images\/I\/51bw55wupFS._SL500_.jpg","datePublished":"2022-06-14T02:25:55+00:00","dateModified":"2023-04-11T02:03:14+00:00","description":"Markt-XXL RED EMBER Shiba Inus Wandkalender 2022, zum Aufh\u00e4ngen, 30,5 x 61 cm, ge\u00f6ffnetes dickes und stabiles Papier, Geschenk\u2026","breadcrumb":{"@id":"https:\/\/marktxxl.de\/markt\/produkt\/red-ember-shiba-inus-wandkalender-2022-zum-aufhaengen-305-x-61-cm-geoeffnetes-dickes-und-stabiles-papier-geschenk-grosser-hund-in-einem-kleinen-koerper\/#breadcrumb"},"inLanguage":"de","potentialAction":[{"@type":"ReadAction","target":["https:\/\/marktxxl.de\/markt\/produkt\/red-ember-shiba-inus-wandkalender-2022-zum-aufhaengen-305-x-61-cm-geoeffnetes-dickes-und-stabiles-papier-geschenk-grosser-hund-in-einem-kleinen-koerper\/"]}]},{"@type":"ImageObject","inLanguage":"de","@id":"https:\/\/marktxxl.de\/markt\/produkt\/red-ember-shiba-inus-wandkalender-2022-zum-aufhaengen-305-x-61-cm-geoeffnetes-dickes-und-stabiles-papier-geschenk-grosser-hund-in-einem-kleinen-koerper\/#primaryimage","url":"https:\/\/m.media-amazon.com\/images\/I\/51bw55wupFS._SL500_.jpg","contentUrl":"https:\/\/m.media-amazon.com\/images\/I\/51bw55wupFS._SL500_.jpg","width":500,"height":500},{"@type":"BreadcrumbList","@id":"https:\/\/marktxxl.de\/markt\/produkt\/red-ember-shiba-inus-wandkalender-2022-zum-aufhaengen-305-x-61-cm-geoeffnetes-dickes-und-stabiles-papier-geschenk-grosser-hund-in-einem-kleinen-koerper\/#breadcrumb","itemListElement":[{"@type":"ListItem","position":1,"name":"Startseite","item":"https:\/\/marktxxl.de\/markt\/"},{"@type":"ListItem","position":2,"name":"Markt","item":"https:\/\/marktxxl.de\/markt\/"},{"@type":"ListItem","position":3,"name":"RED EMBER Shiba Inus Wandkalender 2022, zum Aufh\u00e4ngen, 30,5 x 61 cm, ge\u00f6ffnetes dickes und stabiles Papier, Geschenk\u2026"}]},{"@type":"WebSite","@id":"https:\/\/marktxxl.de\/markt\/#website","url":"https:\/\/marktxxl.de\/markt\/","name":"Markt-XXL","description":"Ihr Markt Online","publisher":{"@id":"https:\/\/marktxxl.de\/markt\/#organization"},"potentialAction":[{"@type":"SearchAction","target":{"@type":"EntryPoint","urlTemplate":"https:\/\/marktxxl.de\/markt\/?s={search_term_string}"},"query-input":{"@type":"PropertyValueSpecification","valueRequired":true,"valueName":"search_term_string"}}],"inLanguage":"de"},{"@type":"Organization","@id":"https:\/\/marktxxl.de\/markt\/#organization","name":"Markt-XXL","url":"https:\/\/marktxxl.de\/markt\/","logo":{"@type":"ImageObject","inLanguage":"de","@id":"https:\/\/marktxxl.de\/markt\/#\/schema\/logo\/image\/","url":"https:\/\/marktxxl.de\/markt\/wp-content\/uploads\/sites\/3\/2020\/12\/logo.png","contentUrl":"https:\/\/marktxxl.de\/markt\/wp-content\/uploads\/sites\/3\/2020\/12\/logo.png","width":200,"height":70,"caption":"Markt-XXL"},"image":{"@id":"https:\/\/marktxxl.de\/markt\/#\/schema\/logo\/image\/"}}]}},"_links":{"self":[{"href":"https:\/\/marktxxl.de\/markt\/wp-json\/wp\/v2\/product\/129668","targetHints":{"allow":["GET"]}}],"collection":[{"href":"https:\/\/marktxxl.de\/markt\/wp-json\/wp\/v2\/product"}],"about":[{"href":"https:\/\/marktxxl.de\/markt\/wp-json\/wp\/v2\/types\/product"}],"replies":[{"embeddable":true,"href":"https:\/\/marktxxl.de\/markt\/wp-json\/wp\/v2\/comments?post=129668"}],"wp:featuredmedia":[{"embeddable":true,"href":"https:\/\/marktxxl.de\/markt\/wp-json\/wp\/v2\/media\/129669"}],"wp:attachment":[{"href":"https:\/\/marktxxl.de\/markt\/wp-json\/wp\/v2\/media?parent=129668"}],"wp:term":[{"taxonomy":"product_brand","embeddable":true,"href":"https:\/\/marktxxl.de\/markt\/wp-json\/wp\/v2\/product_brand?post=129668"},{"taxonomy":"product_cat","embeddable":true,"href":"https:\/\/marktxxl.de\/markt\/wp-json\/wp\/v2\/product_cat?post=129668"},{"taxonomy":"product_tag","embeddable":true,"href":"https:\/\/marktxxl.de\/markt\/wp-json\/wp\/v2\/product_tag?post=129668"}],"curies":[{"name":"wp","href":"https:\/\/api.w.org\/{rel}","templated":true}]}}