{"id":129569,"date":"2022-06-14T04:07:31","date_gmt":"2022-06-14T02:07:31","guid":{"rendered":"https:\/\/marktxxl.de\/markt\/produkt\/aeris-swopper-air-new-edition-ergonomischer-hocker-mit-gleitern-dynamischer-buerostuhl-fuer-einen-gesunden-ruecken-buerohocker-und-sitztrainer-45-59-cm-sitzhoehe-feder-s\/"},"modified":"2023-04-11T04:03:13","modified_gmt":"2023-04-11T02:03:13","slug":"aeris-swopper-air-new-edition-ergonomischer-hocker-mit-gleitern-dynamischer-buerostuhl-fuer-einen-gesunden-ruecken-buerohocker-und-sitztrainer-45-59-cm-sitzhoehe-feder-s","status":"publish","type":"product","link":"https:\/\/marktxxl.de\/markt\/produkt\/aeris-swopper-air-new-edition-ergonomischer-hocker-mit-gleitern-dynamischer-buerostuhl-fuer-einen-gesunden-ruecken-buerohocker-und-sitztrainer-45-59-cm-sitzhoehe-feder-s\/","title":{"rendered":"aeris Swopper mit extra Baumwolltasche, Ergonomischer Hocker, B\u00fcrohocker h\u00f6henverstellbar, Vielseitiger Sitzhocker f\u00fcr\u2026"},"content":{"rendered":"<p>PATENTIERTE 3D TECHNOLOGIE \u2013 Die einzigartige Aeris Technologie sorgt f\u00fcr ein dynamisches Sitzen, bei dem der ergonomische Stuhl den Bewegungen des K\u00f6rpers folgt. Die uneingeschr\u00e4nkte Beweglichkeit in alle Dimensionen erlaubt eine tiefere Atmung, kurbelt Kreislauf und Stoffwechsel an und entlastet die Bandscheiben. Ein echter Sitztrainer.<br \/>\nVOLLE KONZENTRATION \u2013 Durch die effektive Auf- und Abw\u00e4rtsbewegung des B\u00fcrostuhls bleibt der K\u00f6rper aktiv, alle Organe \u2013 auch das Gehirn \u2013 werden besser versorgt. So wird die Konzentration gef\u00f6rdert und die R\u00fcckenmuskulatur gest\u00e4rkt. Weil man besser \u00fcberlegt, wenn der K\u00f6rper sich bewegt.<br \/>\nVIELSEITIG EINSETZBAR \u2013 Den Sitzbezug gibt es in vielen verschienen Stoffen und in vielen spannenden Farben f\u00fcr jeden Geschmack und Einsatzzweck. Die konvexe (\u00fcberw\u00f6lbte) Form des hochwertig gepolsterten Sitzes sorgt f\u00fcr eine aufrechte Haltung und vermeidet dr\u00fcckende Sitzkanten. Ob im B\u00fcro, beim Friseur, im Kosmetikstudio oder im Home Office \u2013 der hochwertige Sitzhocker sorgt \u00fcberall f\u00fcr Bewegung im Sitzen.<br \/>\nSPA\u00df STATT STRESS \u2013 Durch die effektive Auf- und Abw\u00e4rtsbewegung des Aeris Swopper B\u00fcrohstuhls, wie beim Gehen oder Laufen, werden die Bandscheiben gut ern\u00e4hrt und entlastet. Eine starke Muskulatur st\u00fctzt den R\u00fccken, statt Verspannungen versp\u00fcrt man gute Laune.<br \/>\nHANDMADE IN GERMANY \u2013 Seit 25 Jahren f\u00fchren wir den Kampf gegen R\u00fcckenschmerzen mit der von Aeris entwickelten 3D Technologie an. Wir fertigen in Deutschland nach Manufaktur-Art, daher sind unsere Produkte sehr hochwertig und halten extrem lange. Unsere Produkte und Konzepte tragen zu einem aktiven und gesunden Lebensstil bei. Sie erm\u00f6glichen genau da Bewegung, wo man sie am wenigsten erwartet, jedoch am n\u00f6tigsten braucht \u2013 beim Sitzen.<br \/>\n<div class=\"main-cross-sell\" data-asin=\"B0874PPVFQ\">\n\n\t<div class=\"WooZone-cross-sell-loader\">\n\t\t<div>\n\t\t\t<div id=\"floatingBarsG\">\n\t\t\t\t<div class=\"blockG\" id=\"rotateG_01\"><\/div>\n\t\t\t\t<div class=\"blockG\" id=\"rotateG_02\"><\/div>\n\t\t\t\t<div class=\"blockG\" id=\"rotateG_03\"><\/div>\n\t\t\t\t<div class=\"blockG\" id=\"rotateG_04\"><\/div>\n\t\t\t\t<div class=\"blockG\" id=\"rotateG_05\"><\/div>\n\t\t\t\t<div class=\"blockG\" id=\"rotateG_06\"><\/div>\n\t\t\t\t<div class=\"blockG\" id=\"rotateG_07\"><\/div>\n\t\t\t\t<div class=\"blockG\" id=\"rotateG_08\"><\/div>\n\t\t\t<\/div>\n\t\t\t<div class=\"WooZone-cross-sell-loader-text\"><\/div>\n\t\t<\/div>\n\t<\/div>\n\n\t\t\n<\/div>\n<div style=\"clear:both;\"><\/div><\/p>\n","protected":false},"excerpt":{"rendered":"<p>PATENTIERTE 3D TECHNOLOGIE \u2013 Die einzigartige Aeris Technologie sorgt f\u00fcr ein dynamisches Sitzen, bei dem der ergonomische Stuhl den Bewegungen des K\u00f6rpers folgt. Die uneingeschr\u00e4nkte Beweglichkeit in alle Dimensionen erlaubt eine tiefere Atmung, kurbelt Kreislauf und Stoffwechsel an und entlastet die Bandscheiben. Ein echter Sitztrainer.<br \/>\nVOLLE KONZENTRATION \u2013 Durch die effektive Auf- und Abw\u00e4rtsbewegung des B\u00fcrostuhls bleibt der K\u00f6rper aktiv, alle Organe \u2013 auch das Gehirn \u2013 werden besser versorgt. So wird die Konzentration gef\u00f6rdert und die R\u00fcckenmuskulatur gest\u00e4rkt. Weil man besser \u00fcberlegt, wenn der K\u00f6rper sich bewegt.<br \/>\nVIELSEITIG EINSETZBAR \u2013 Den Sitzbezug gibt es in vielen verschienen Stoffen und in vielen spannenden Farben f\u00fcr jeden Geschmack und Einsatzzweck. Die konvexe (\u00fcberw\u00f6lbte) Form des hochwertig gepolsterten Sitzes sorgt f\u00fcr eine aufrechte Haltung und vermeidet dr\u00fcckende Sitzkanten. Ob im B\u00fcro, beim Friseur, im Kosmetikstudio oder im Home Office \u2013 der hochwertige Sitzhocker sorgt \u00fcberall f\u00fcr Bewegung im Sitzen.<\/p>\n","protected":false},"featured_media":129570,"comment_status":"open","ping_status":"closed","template":"","meta":[],"product_brand":[],"product_cat":[504,8312],"product_tag":[],"class_list":{"0":"post-129569","1":"product","2":"type-product","3":"status-publish","4":"has-post-thumbnail","6":"product_cat-buerobedarf-schreibwaren","7":"product_cat-bueromoebel-beleuchtung","8":"pa_brand-aeris","9":"pa_manufacturer-aeris-gmbh","11":"first","12":"instock","13":"shipping-taxable","14":"purchasable","15":"product-type-simple","16":"customify-col","17":"product-has-gallery"},"yoast_head":"<!-- This site is optimized with the Yoast SEO plugin v27.3 - https:\/\/yoast.com\/product\/yoast-seo-wordpress\/ -->\n<title>aeris Swopper mit extra Baumwolltasche, Ergonomischer Hocker, B\u00fcrohocker h\u00f6henverstellbar, Vielseitiger Sitzhocker f\u00fcr\u2026 - Markt-XXL<\/title>\n<meta name=\"description\" content=\"Markt-XXL aeris Swopper mit extra Baumwolltasche, Ergonomischer Hocker, B\u00fcrohocker h\u00f6henverstellbar, Vielseitiger Sitzhocker f\u00fcr\u2026\" \/>\n<meta name=\"robots\" content=\"index, follow, max-snippet:-1, max-image-preview:large, max-video-preview:-1\" \/>\n<link rel=\"canonical\" href=\"https:\/\/marktxxl.de\/markt\/produkt\/aeris-swopper-air-new-edition-ergonomischer-hocker-mit-gleitern-dynamischer-buerostuhl-fuer-einen-gesunden-ruecken-buerohocker-und-sitztrainer-45-59-cm-sitzhoehe-feder-s\/\" \/>\n<meta property=\"og:locale\" content=\"de_DE\" \/>\n<meta property=\"og:type\" content=\"article\" \/>\n<meta property=\"og:title\" content=\"aeris Swopper mit extra Baumwolltasche, Ergonomischer Hocker, B\u00fcrohocker h\u00f6henverstellbar, Vielseitiger Sitzhocker f\u00fcr\u2026 - Markt-XXL\" \/>\n<meta property=\"og:description\" content=\"Markt-XXL aeris Swopper mit extra Baumwolltasche, Ergonomischer Hocker, B\u00fcrohocker h\u00f6henverstellbar, Vielseitiger Sitzhocker f\u00fcr\u2026\" \/>\n<meta property=\"og:url\" content=\"https:\/\/marktxxl.de\/markt\/produkt\/aeris-swopper-air-new-edition-ergonomischer-hocker-mit-gleitern-dynamischer-buerostuhl-fuer-einen-gesunden-ruecken-buerohocker-und-sitztrainer-45-59-cm-sitzhoehe-feder-s\/\" \/>\n<meta property=\"og:site_name\" content=\"Markt-XXL\" \/>\n<meta property=\"article:modified_time\" content=\"2023-04-11T02:03:13+00:00\" \/>\n<meta property=\"og:image\" content=\"https:\/\/m.media-amazon.com\/images\/I\/31m6iWMYksL._SL500_.jpg\" \/>\n\t<meta property=\"og:image:width\" content=\"475\" \/>\n\t<meta property=\"og:image:height\" content=\"500\" \/>\n\t<meta property=\"og:image:type\" content=\"image\/jpeg\" \/>\n<meta name=\"twitter:card\" content=\"summary_large_image\" \/>\n<meta name=\"twitter:label1\" content=\"Gesch\u00e4tzte Lesezeit\" \/>\n\t<meta name=\"twitter:data1\" content=\"1\u00a0Minute\" \/>\n<script type=\"application\/ld+json\" class=\"yoast-schema-graph\">{\"@context\":\"https:\\\/\\\/schema.org\",\"@graph\":[{\"@type\":\"WebPage\",\"@id\":\"https:\\\/\\\/marktxxl.de\\\/markt\\\/produkt\\\/aeris-swopper-air-new-edition-ergonomischer-hocker-mit-gleitern-dynamischer-buerostuhl-fuer-einen-gesunden-ruecken-buerohocker-und-sitztrainer-45-59-cm-sitzhoehe-feder-s\\\/\",\"url\":\"https:\\\/\\\/marktxxl.de\\\/markt\\\/produkt\\\/aeris-swopper-air-new-edition-ergonomischer-hocker-mit-gleitern-dynamischer-buerostuhl-fuer-einen-gesunden-ruecken-buerohocker-und-sitztrainer-45-59-cm-sitzhoehe-feder-s\\\/\",\"name\":\"aeris Swopper mit extra Baumwolltasche, Ergonomischer Hocker, B\u00fcrohocker h\u00f6henverstellbar, Vielseitiger Sitzhocker f\u00fcr\u2026 - Markt-XXL\",\"isPartOf\":{\"@id\":\"https:\\\/\\\/marktxxl.de\\\/markt\\\/#website\"},\"primaryImageOfPage\":{\"@id\":\"https:\\\/\\\/marktxxl.de\\\/markt\\\/produkt\\\/aeris-swopper-air-new-edition-ergonomischer-hocker-mit-gleitern-dynamischer-buerostuhl-fuer-einen-gesunden-ruecken-buerohocker-und-sitztrainer-45-59-cm-sitzhoehe-feder-s\\\/#primaryimage\"},\"image\":{\"@id\":\"https:\\\/\\\/marktxxl.de\\\/markt\\\/produkt\\\/aeris-swopper-air-new-edition-ergonomischer-hocker-mit-gleitern-dynamischer-buerostuhl-fuer-einen-gesunden-ruecken-buerohocker-und-sitztrainer-45-59-cm-sitzhoehe-feder-s\\\/#primaryimage\"},\"thumbnailUrl\":\"https:\\\/\\\/m.media-amazon.com\\\/images\\\/I\\\/31m6iWMYksL._SL500_.jpg\",\"datePublished\":\"2022-06-14T02:07:31+00:00\",\"dateModified\":\"2023-04-11T02:03:13+00:00\",\"description\":\"Markt-XXL aeris Swopper mit extra Baumwolltasche, Ergonomischer Hocker, B\u00fcrohocker h\u00f6henverstellbar, Vielseitiger Sitzhocker f\u00fcr\u2026\",\"breadcrumb\":{\"@id\":\"https:\\\/\\\/marktxxl.de\\\/markt\\\/produkt\\\/aeris-swopper-air-new-edition-ergonomischer-hocker-mit-gleitern-dynamischer-buerostuhl-fuer-einen-gesunden-ruecken-buerohocker-und-sitztrainer-45-59-cm-sitzhoehe-feder-s\\\/#breadcrumb\"},\"inLanguage\":\"de\",\"potentialAction\":[{\"@type\":\"ReadAction\",\"target\":[\"https:\\\/\\\/marktxxl.de\\\/markt\\\/produkt\\\/aeris-swopper-air-new-edition-ergonomischer-hocker-mit-gleitern-dynamischer-buerostuhl-fuer-einen-gesunden-ruecken-buerohocker-und-sitztrainer-45-59-cm-sitzhoehe-feder-s\\\/\"]}]},{\"@type\":\"ImageObject\",\"inLanguage\":\"de\",\"@id\":\"https:\\\/\\\/marktxxl.de\\\/markt\\\/produkt\\\/aeris-swopper-air-new-edition-ergonomischer-hocker-mit-gleitern-dynamischer-buerostuhl-fuer-einen-gesunden-ruecken-buerohocker-und-sitztrainer-45-59-cm-sitzhoehe-feder-s\\\/#primaryimage\",\"url\":\"https:\\\/\\\/m.media-amazon.com\\\/images\\\/I\\\/31m6iWMYksL._SL500_.jpg\",\"contentUrl\":\"https:\\\/\\\/m.media-amazon.com\\\/images\\\/I\\\/31m6iWMYksL._SL500_.jpg\",\"width\":475,\"height\":500},{\"@type\":\"BreadcrumbList\",\"@id\":\"https:\\\/\\\/marktxxl.de\\\/markt\\\/produkt\\\/aeris-swopper-air-new-edition-ergonomischer-hocker-mit-gleitern-dynamischer-buerostuhl-fuer-einen-gesunden-ruecken-buerohocker-und-sitztrainer-45-59-cm-sitzhoehe-feder-s\\\/#breadcrumb\",\"itemListElement\":[{\"@type\":\"ListItem\",\"position\":1,\"name\":\"Startseite\",\"item\":\"https:\\\/\\\/marktxxl.de\\\/markt\\\/\"},{\"@type\":\"ListItem\",\"position\":2,\"name\":\"Markt\",\"item\":\"https:\\\/\\\/marktxxl.de\\\/markt\\\/\"},{\"@type\":\"ListItem\",\"position\":3,\"name\":\"aeris Swopper mit extra Baumwolltasche, Ergonomischer Hocker, B\u00fcrohocker h\u00f6henverstellbar, Vielseitiger Sitzhocker f\u00fcr\u2026\"}]},{\"@type\":\"WebSite\",\"@id\":\"https:\\\/\\\/marktxxl.de\\\/markt\\\/#website\",\"url\":\"https:\\\/\\\/marktxxl.de\\\/markt\\\/\",\"name\":\"Markt-XXL\",\"description\":\"Ihr Markt Online\",\"publisher\":{\"@id\":\"https:\\\/\\\/marktxxl.de\\\/markt\\\/#organization\"},\"potentialAction\":[{\"@type\":\"SearchAction\",\"target\":{\"@type\":\"EntryPoint\",\"urlTemplate\":\"https:\\\/\\\/marktxxl.de\\\/markt\\\/?s={search_term_string}\"},\"query-input\":{\"@type\":\"PropertyValueSpecification\",\"valueRequired\":true,\"valueName\":\"search_term_string\"}}],\"inLanguage\":\"de\"},{\"@type\":\"Organization\",\"@id\":\"https:\\\/\\\/marktxxl.de\\\/markt\\\/#organization\",\"name\":\"Markt-XXL\",\"url\":\"https:\\\/\\\/marktxxl.de\\\/markt\\\/\",\"logo\":{\"@type\":\"ImageObject\",\"inLanguage\":\"de\",\"@id\":\"https:\\\/\\\/marktxxl.de\\\/markt\\\/#\\\/schema\\\/logo\\\/image\\\/\",\"url\":\"https:\\\/\\\/marktxxl.de\\\/markt\\\/wp-content\\\/uploads\\\/sites\\\/3\\\/2020\\\/12\\\/logo.png\",\"contentUrl\":\"https:\\\/\\\/marktxxl.de\\\/markt\\\/wp-content\\\/uploads\\\/sites\\\/3\\\/2020\\\/12\\\/logo.png\",\"width\":200,\"height\":70,\"caption\":\"Markt-XXL\"},\"image\":{\"@id\":\"https:\\\/\\\/marktxxl.de\\\/markt\\\/#\\\/schema\\\/logo\\\/image\\\/\"}}]}<\/script>\n<!-- \/ Yoast SEO plugin. -->","yoast_head_json":{"title":"aeris Swopper mit extra Baumwolltasche, Ergonomischer Hocker, B\u00fcrohocker h\u00f6henverstellbar, Vielseitiger Sitzhocker f\u00fcr\u2026 - Markt-XXL","description":"Markt-XXL aeris Swopper mit extra Baumwolltasche, Ergonomischer Hocker, B\u00fcrohocker h\u00f6henverstellbar, Vielseitiger Sitzhocker f\u00fcr\u2026","robots":{"index":"index","follow":"follow","max-snippet":"max-snippet:-1","max-image-preview":"max-image-preview:large","max-video-preview":"max-video-preview:-1"},"canonical":"https:\/\/marktxxl.de\/markt\/produkt\/aeris-swopper-air-new-edition-ergonomischer-hocker-mit-gleitern-dynamischer-buerostuhl-fuer-einen-gesunden-ruecken-buerohocker-und-sitztrainer-45-59-cm-sitzhoehe-feder-s\/","og_locale":"de_DE","og_type":"article","og_title":"aeris Swopper mit extra Baumwolltasche, Ergonomischer Hocker, B\u00fcrohocker h\u00f6henverstellbar, Vielseitiger Sitzhocker f\u00fcr\u2026 - Markt-XXL","og_description":"Markt-XXL aeris Swopper mit extra Baumwolltasche, Ergonomischer Hocker, B\u00fcrohocker h\u00f6henverstellbar, Vielseitiger Sitzhocker f\u00fcr\u2026","og_url":"https:\/\/marktxxl.de\/markt\/produkt\/aeris-swopper-air-new-edition-ergonomischer-hocker-mit-gleitern-dynamischer-buerostuhl-fuer-einen-gesunden-ruecken-buerohocker-und-sitztrainer-45-59-cm-sitzhoehe-feder-s\/","og_site_name":"Markt-XXL","article_modified_time":"2023-04-11T02:03:13+00:00","og_image":[{"width":475,"height":500,"url":"https:\/\/m.media-amazon.com\/images\/I\/31m6iWMYksL._SL500_.jpg","type":"image\/jpeg"}],"twitter_card":"summary_large_image","twitter_misc":{"Gesch\u00e4tzte Lesezeit":"1\u00a0Minute"},"schema":{"@context":"https:\/\/schema.org","@graph":[{"@type":"WebPage","@id":"https:\/\/marktxxl.de\/markt\/produkt\/aeris-swopper-air-new-edition-ergonomischer-hocker-mit-gleitern-dynamischer-buerostuhl-fuer-einen-gesunden-ruecken-buerohocker-und-sitztrainer-45-59-cm-sitzhoehe-feder-s\/","url":"https:\/\/marktxxl.de\/markt\/produkt\/aeris-swopper-air-new-edition-ergonomischer-hocker-mit-gleitern-dynamischer-buerostuhl-fuer-einen-gesunden-ruecken-buerohocker-und-sitztrainer-45-59-cm-sitzhoehe-feder-s\/","name":"aeris Swopper mit extra Baumwolltasche, Ergonomischer Hocker, B\u00fcrohocker h\u00f6henverstellbar, Vielseitiger Sitzhocker f\u00fcr\u2026 - Markt-XXL","isPartOf":{"@id":"https:\/\/marktxxl.de\/markt\/#website"},"primaryImageOfPage":{"@id":"https:\/\/marktxxl.de\/markt\/produkt\/aeris-swopper-air-new-edition-ergonomischer-hocker-mit-gleitern-dynamischer-buerostuhl-fuer-einen-gesunden-ruecken-buerohocker-und-sitztrainer-45-59-cm-sitzhoehe-feder-s\/#primaryimage"},"image":{"@id":"https:\/\/marktxxl.de\/markt\/produkt\/aeris-swopper-air-new-edition-ergonomischer-hocker-mit-gleitern-dynamischer-buerostuhl-fuer-einen-gesunden-ruecken-buerohocker-und-sitztrainer-45-59-cm-sitzhoehe-feder-s\/#primaryimage"},"thumbnailUrl":"https:\/\/m.media-amazon.com\/images\/I\/31m6iWMYksL._SL500_.jpg","datePublished":"2022-06-14T02:07:31+00:00","dateModified":"2023-04-11T02:03:13+00:00","description":"Markt-XXL aeris Swopper mit extra Baumwolltasche, Ergonomischer Hocker, B\u00fcrohocker h\u00f6henverstellbar, Vielseitiger Sitzhocker f\u00fcr\u2026","breadcrumb":{"@id":"https:\/\/marktxxl.de\/markt\/produkt\/aeris-swopper-air-new-edition-ergonomischer-hocker-mit-gleitern-dynamischer-buerostuhl-fuer-einen-gesunden-ruecken-buerohocker-und-sitztrainer-45-59-cm-sitzhoehe-feder-s\/#breadcrumb"},"inLanguage":"de","potentialAction":[{"@type":"ReadAction","target":["https:\/\/marktxxl.de\/markt\/produkt\/aeris-swopper-air-new-edition-ergonomischer-hocker-mit-gleitern-dynamischer-buerostuhl-fuer-einen-gesunden-ruecken-buerohocker-und-sitztrainer-45-59-cm-sitzhoehe-feder-s\/"]}]},{"@type":"ImageObject","inLanguage":"de","@id":"https:\/\/marktxxl.de\/markt\/produkt\/aeris-swopper-air-new-edition-ergonomischer-hocker-mit-gleitern-dynamischer-buerostuhl-fuer-einen-gesunden-ruecken-buerohocker-und-sitztrainer-45-59-cm-sitzhoehe-feder-s\/#primaryimage","url":"https:\/\/m.media-amazon.com\/images\/I\/31m6iWMYksL._SL500_.jpg","contentUrl":"https:\/\/m.media-amazon.com\/images\/I\/31m6iWMYksL._SL500_.jpg","width":475,"height":500},{"@type":"BreadcrumbList","@id":"https:\/\/marktxxl.de\/markt\/produkt\/aeris-swopper-air-new-edition-ergonomischer-hocker-mit-gleitern-dynamischer-buerostuhl-fuer-einen-gesunden-ruecken-buerohocker-und-sitztrainer-45-59-cm-sitzhoehe-feder-s\/#breadcrumb","itemListElement":[{"@type":"ListItem","position":1,"name":"Startseite","item":"https:\/\/marktxxl.de\/markt\/"},{"@type":"ListItem","position":2,"name":"Markt","item":"https:\/\/marktxxl.de\/markt\/"},{"@type":"ListItem","position":3,"name":"aeris Swopper mit extra Baumwolltasche, Ergonomischer Hocker, B\u00fcrohocker h\u00f6henverstellbar, Vielseitiger Sitzhocker f\u00fcr\u2026"}]},{"@type":"WebSite","@id":"https:\/\/marktxxl.de\/markt\/#website","url":"https:\/\/marktxxl.de\/markt\/","name":"Markt-XXL","description":"Ihr Markt Online","publisher":{"@id":"https:\/\/marktxxl.de\/markt\/#organization"},"potentialAction":[{"@type":"SearchAction","target":{"@type":"EntryPoint","urlTemplate":"https:\/\/marktxxl.de\/markt\/?s={search_term_string}"},"query-input":{"@type":"PropertyValueSpecification","valueRequired":true,"valueName":"search_term_string"}}],"inLanguage":"de"},{"@type":"Organization","@id":"https:\/\/marktxxl.de\/markt\/#organization","name":"Markt-XXL","url":"https:\/\/marktxxl.de\/markt\/","logo":{"@type":"ImageObject","inLanguage":"de","@id":"https:\/\/marktxxl.de\/markt\/#\/schema\/logo\/image\/","url":"https:\/\/marktxxl.de\/markt\/wp-content\/uploads\/sites\/3\/2020\/12\/logo.png","contentUrl":"https:\/\/marktxxl.de\/markt\/wp-content\/uploads\/sites\/3\/2020\/12\/logo.png","width":200,"height":70,"caption":"Markt-XXL"},"image":{"@id":"https:\/\/marktxxl.de\/markt\/#\/schema\/logo\/image\/"}}]}},"_links":{"self":[{"href":"https:\/\/marktxxl.de\/markt\/wp-json\/wp\/v2\/product\/129569","targetHints":{"allow":["GET"]}}],"collection":[{"href":"https:\/\/marktxxl.de\/markt\/wp-json\/wp\/v2\/product"}],"about":[{"href":"https:\/\/marktxxl.de\/markt\/wp-json\/wp\/v2\/types\/product"}],"replies":[{"embeddable":true,"href":"https:\/\/marktxxl.de\/markt\/wp-json\/wp\/v2\/comments?post=129569"}],"wp:featuredmedia":[{"embeddable":true,"href":"https:\/\/marktxxl.de\/markt\/wp-json\/wp\/v2\/media\/129570"}],"wp:attachment":[{"href":"https:\/\/marktxxl.de\/markt\/wp-json\/wp\/v2\/media?parent=129569"}],"wp:term":[{"taxonomy":"product_brand","embeddable":true,"href":"https:\/\/marktxxl.de\/markt\/wp-json\/wp\/v2\/product_brand?post=129569"},{"taxonomy":"product_cat","embeddable":true,"href":"https:\/\/marktxxl.de\/markt\/wp-json\/wp\/v2\/product_cat?post=129569"},{"taxonomy":"product_tag","embeddable":true,"href":"https:\/\/marktxxl.de\/markt\/wp-json\/wp\/v2\/product_tag?post=129569"}],"curies":[{"name":"wp","href":"https:\/\/api.w.org\/{rel}","templated":true}]}}