{"id":129559,"date":"2022-06-14T04:07:23","date_gmt":"2022-06-14T02:07:23","guid":{"rendered":"https:\/\/marktxxl.de\/markt\/produkt\/exeta-elektrisch-hoehenverstellbarer-schreibtisch-version-2019-mit-2-motoren\/"},"modified":"2023-04-11T04:03:12","modified_gmt":"2023-04-11T02:03:12","slug":"exeta-elektrisch-hoehenverstellbarer-schreibtisch-version-2019-mit-2-motoren","status":"publish","type":"product","link":"https:\/\/marktxxl.de\/markt\/produkt\/exeta-elektrisch-hoehenverstellbarer-schreibtisch-version-2019-mit-2-motoren\/","title":{"rendered":"Exeta Elektrisch h\u00f6henverstellbarer Schreibtisch Gestell (Version 2023) mit 2 Motoren (Grau)"},"content":{"rendered":"<p>GUTE GR\u00dcNDE F\u00dcR DEN H\u00d6HENVERSTELLBAREN TISCH VON EXETA: Ein regelm\u00e4\u00dfiger Haltungswechsel beugt Verspannungen vor (sitzen, aufstehen). Vorteil: h\u00f6here Muskelaktivit\u00e4t in den Beinen, nachweislich h\u00f6here Gehirnaktivit\u00e4t im Stehen, Entlastung des R\u00fcckens, aktiverer Stoffwechsel, besser f\u00fcr das gesamte Herz-Kreislaufsystem, schonend f\u00fcr R\u00fccken und Nacken.<br \/>\nHOHE SICHERHEIT: 2 Motoren bieten fl\u00fcssige und sichere Verstellbarkeit, eine h\u00f6here Tragf\u00e4higkeit (Tragkraft bis 100 kg, dadurch f\u00fcr gr\u00f6\u00dfere und schwerere Arbeitsplatten geeignet) und erh\u00f6hte Stabilit\u00e4t. Beide Motoren verf\u00fcgen \u00fcber einen \u00dcberlastungs- und Hitzeschutz. Das Kollisionsvermeidungssystem sch\u00fctzt vor Unf\u00e4llen und Verletzungen.<br \/>\nKOMFORT: Der Digitale LED-Speichercontroller mit Touch-Funktion und digitaler H\u00f6henanzeige erm\u00f6glicht bequem, die optimalen individuellen Einstellungen zu finden! 3 individuell programmierbare H\u00f6heneinstellungen mithilfe der Memory-Funktion sowie die Sitz -\/ Standzeit-Erinnerung zur regelm\u00e4\u00dfigen Bewegung erm\u00f6glichen eine Anpassung an die individuellen Bed\u00fcrfnisse.<br \/>\nFLEXIBILIT\u00c4T: S\u00e4ulenstufen bieten mehr Einstellm\u00f6glichkeit. Die einstellbare Breite passt zu einer Vielzahl von Desktop-Formen und Gr\u00f6\u00dfen. 4 verstellbare F\u00fc\u00dfe machen eine Anpassung an die Bodenoberfl\u00e4che m\u00f6glich.<br \/>\nMA\u00dfE\/ DATEN: elektrische H\u00f6henverstellung von 63 cm bis 125 cm \/\/ flexible Gestellbreite f\u00fcr Tischplatten von 120 cm bis 200 cm \/\/ Tragkraft bis 100 kg, dadurch gr\u00f6\u00dfere und schwerere Arbeitsplatte m\u00f6glich \/\/ Mit simpler Montageanleitung \/\/ 5 Jahre Garantie f\u00fcr Tischgestell und 3 Jahre Garantie f\u00fcr Motoren<br \/>\n<div class=\"main-cross-sell\" data-asin=\"B07CXLKBKY\">\n\n\t<div class=\"WooZone-cross-sell-loader\">\n\t\t<div>\n\t\t\t<div id=\"floatingBarsG\">\n\t\t\t\t<div class=\"blockG\" id=\"rotateG_01\"><\/div>\n\t\t\t\t<div class=\"blockG\" id=\"rotateG_02\"><\/div>\n\t\t\t\t<div class=\"blockG\" id=\"rotateG_03\"><\/div>\n\t\t\t\t<div class=\"blockG\" id=\"rotateG_04\"><\/div>\n\t\t\t\t<div class=\"blockG\" id=\"rotateG_05\"><\/div>\n\t\t\t\t<div class=\"blockG\" id=\"rotateG_06\"><\/div>\n\t\t\t\t<div class=\"blockG\" id=\"rotateG_07\"><\/div>\n\t\t\t\t<div class=\"blockG\" id=\"rotateG_08\"><\/div>\n\t\t\t<\/div>\n\t\t\t<div class=\"WooZone-cross-sell-loader-text\"><\/div>\n\t\t<\/div>\n\t<\/div>\n\n\t\t\n<\/div>\n<div style=\"clear:both;\"><\/div><\/p>\n","protected":false},"excerpt":{"rendered":"<p>GUTE GR\u00dcNDE F\u00dcR DEN H\u00d6HENVERSTELLBAREN TISCH VON EXETA: Ein regelm\u00e4\u00dfiger Haltungswechsel beugt Verspannungen vor (sitzen, aufstehen). Vorteil: h\u00f6here Muskelaktivit\u00e4t in den Beinen, nachweislich h\u00f6here Gehirnaktivit\u00e4t im Stehen, Entlastung des R\u00fcckens, aktiverer Stoffwechsel, besser f\u00fcr das gesamte Herz-Kreislaufsystem, schonend f\u00fcr R\u00fccken und Nacken.<br \/>\nHOHE SICHERHEIT: 2 Motoren bieten fl\u00fcssige und sichere Verstellbarkeit, eine h\u00f6here Tragf\u00e4higkeit (Tragkraft bis 100 kg, dadurch f\u00fcr gr\u00f6\u00dfere und schwerere Arbeitsplatten geeignet) und erh\u00f6hte Stabilit\u00e4t. Beide Motoren verf\u00fcgen \u00fcber einen \u00dcberlastungs- und Hitzeschutz. Das Kollisionsvermeidungssystem sch\u00fctzt vor Unf\u00e4llen und Verletzungen.<br \/>\nKOMFORT: Der Digitale LED-Speichercontroller mit Touch-Funktion und digitaler H\u00f6henanzeige erm\u00f6glicht bequem, die optimalen individuellen Einstellungen zu finden! 3 individuell programmierbare H\u00f6heneinstellungen mithilfe der Memory-Funktion sowie die Sitz -\/ Standzeit-Erinnerung zur regelm\u00e4\u00dfigen Bewegung erm\u00f6glichen eine Anpassung an die individuellen Bed\u00fcrfnisse.<\/p>\n","protected":false},"featured_media":129560,"comment_status":"open","ping_status":"closed","template":"","meta":[],"product_brand":[],"product_cat":[504,8312],"product_tag":[],"class_list":{"0":"post-129559","1":"product","2":"type-product","3":"status-publish","4":"has-post-thumbnail","6":"product_cat-buerobedarf-schreibwaren","7":"product_cat-bueromoebel-beleuchtung","8":"pa_brand-exeta","9":"pa_manufacturer-yayago","11":"first","12":"instock","13":"shipping-taxable","14":"purchasable","15":"product-type-simple","16":"customify-col","17":"product-has-gallery"},"yoast_head":"<!-- This site is optimized with the Yoast SEO plugin v27.4 - https:\/\/yoast.com\/product\/yoast-seo-wordpress\/ -->\n<title>Exeta Elektrisch h\u00f6henverstellbarer Schreibtisch Gestell (Version 2023) mit 2 Motoren (Grau) - Markt-XXL<\/title>\n<meta name=\"description\" content=\"Markt-XXL Exeta Elektrisch h\u00f6henverstellbarer Schreibtisch Gestell (Version 2023) mit 2 Motoren (Grau)\" \/>\n<meta name=\"robots\" content=\"index, follow, max-snippet:-1, max-image-preview:large, max-video-preview:-1\" \/>\n<link rel=\"canonical\" href=\"https:\/\/marktxxl.de\/markt\/produkt\/exeta-elektrisch-hoehenverstellbarer-schreibtisch-version-2019-mit-2-motoren\/\" \/>\n<meta property=\"og:locale\" content=\"de_DE\" \/>\n<meta property=\"og:type\" content=\"article\" \/>\n<meta property=\"og:title\" content=\"Exeta Elektrisch h\u00f6henverstellbarer Schreibtisch Gestell (Version 2023) mit 2 Motoren (Grau) - Markt-XXL\" \/>\n<meta property=\"og:description\" content=\"Markt-XXL Exeta Elektrisch h\u00f6henverstellbarer Schreibtisch Gestell (Version 2023) mit 2 Motoren (Grau)\" \/>\n<meta property=\"og:url\" content=\"https:\/\/marktxxl.de\/markt\/produkt\/exeta-elektrisch-hoehenverstellbarer-schreibtisch-version-2019-mit-2-motoren\/\" \/>\n<meta property=\"og:site_name\" content=\"Markt-XXL\" \/>\n<meta property=\"article:modified_time\" content=\"2023-04-11T02:03:12+00:00\" \/>\n<meta property=\"og:image\" content=\"https:\/\/m.media-amazon.com\/images\/I\/31UdGtI13aS._SL500_.jpg\" \/>\n\t<meta property=\"og:image:width\" content=\"500\" \/>\n\t<meta property=\"og:image:height\" content=\"490\" \/>\n\t<meta property=\"og:image:type\" content=\"image\/jpeg\" \/>\n<meta name=\"twitter:card\" content=\"summary_large_image\" \/>\n<meta name=\"twitter:label1\" content=\"Gesch\u00e4tzte Lesezeit\" \/>\n\t<meta name=\"twitter:data1\" content=\"1\u00a0Minute\" \/>\n<script type=\"application\/ld+json\" class=\"yoast-schema-graph\">{\"@context\":\"https:\\\/\\\/schema.org\",\"@graph\":[{\"@type\":\"WebPage\",\"@id\":\"https:\\\/\\\/marktxxl.de\\\/markt\\\/produkt\\\/exeta-elektrisch-hoehenverstellbarer-schreibtisch-version-2019-mit-2-motoren\\\/\",\"url\":\"https:\\\/\\\/marktxxl.de\\\/markt\\\/produkt\\\/exeta-elektrisch-hoehenverstellbarer-schreibtisch-version-2019-mit-2-motoren\\\/\",\"name\":\"Exeta Elektrisch h\u00f6henverstellbarer Schreibtisch Gestell (Version 2023) mit 2 Motoren (Grau) - Markt-XXL\",\"isPartOf\":{\"@id\":\"https:\\\/\\\/marktxxl.de\\\/markt\\\/#website\"},\"primaryImageOfPage\":{\"@id\":\"https:\\\/\\\/marktxxl.de\\\/markt\\\/produkt\\\/exeta-elektrisch-hoehenverstellbarer-schreibtisch-version-2019-mit-2-motoren\\\/#primaryimage\"},\"image\":{\"@id\":\"https:\\\/\\\/marktxxl.de\\\/markt\\\/produkt\\\/exeta-elektrisch-hoehenverstellbarer-schreibtisch-version-2019-mit-2-motoren\\\/#primaryimage\"},\"thumbnailUrl\":\"https:\\\/\\\/m.media-amazon.com\\\/images\\\/I\\\/31UdGtI13aS._SL500_.jpg\",\"datePublished\":\"2022-06-14T02:07:23+00:00\",\"dateModified\":\"2023-04-11T02:03:12+00:00\",\"description\":\"Markt-XXL Exeta Elektrisch h\u00f6henverstellbarer Schreibtisch Gestell (Version 2023) mit 2 Motoren (Grau)\",\"breadcrumb\":{\"@id\":\"https:\\\/\\\/marktxxl.de\\\/markt\\\/produkt\\\/exeta-elektrisch-hoehenverstellbarer-schreibtisch-version-2019-mit-2-motoren\\\/#breadcrumb\"},\"inLanguage\":\"de\",\"potentialAction\":[{\"@type\":\"ReadAction\",\"target\":[\"https:\\\/\\\/marktxxl.de\\\/markt\\\/produkt\\\/exeta-elektrisch-hoehenverstellbarer-schreibtisch-version-2019-mit-2-motoren\\\/\"]}]},{\"@type\":\"ImageObject\",\"inLanguage\":\"de\",\"@id\":\"https:\\\/\\\/marktxxl.de\\\/markt\\\/produkt\\\/exeta-elektrisch-hoehenverstellbarer-schreibtisch-version-2019-mit-2-motoren\\\/#primaryimage\",\"url\":\"https:\\\/\\\/m.media-amazon.com\\\/images\\\/I\\\/31UdGtI13aS._SL500_.jpg\",\"contentUrl\":\"https:\\\/\\\/m.media-amazon.com\\\/images\\\/I\\\/31UdGtI13aS._SL500_.jpg\",\"width\":500,\"height\":490},{\"@type\":\"BreadcrumbList\",\"@id\":\"https:\\\/\\\/marktxxl.de\\\/markt\\\/produkt\\\/exeta-elektrisch-hoehenverstellbarer-schreibtisch-version-2019-mit-2-motoren\\\/#breadcrumb\",\"itemListElement\":[{\"@type\":\"ListItem\",\"position\":1,\"name\":\"Startseite\",\"item\":\"https:\\\/\\\/marktxxl.de\\\/markt\\\/\"},{\"@type\":\"ListItem\",\"position\":2,\"name\":\"Markt\",\"item\":\"https:\\\/\\\/marktxxl.de\\\/markt\\\/\"},{\"@type\":\"ListItem\",\"position\":3,\"name\":\"Exeta Elektrisch h\u00f6henverstellbarer Schreibtisch Gestell (Version 2023) mit 2 Motoren (Grau)\"}]},{\"@type\":\"WebSite\",\"@id\":\"https:\\\/\\\/marktxxl.de\\\/markt\\\/#website\",\"url\":\"https:\\\/\\\/marktxxl.de\\\/markt\\\/\",\"name\":\"Markt-XXL\",\"description\":\"Ihr Markt Online\",\"publisher\":{\"@id\":\"https:\\\/\\\/marktxxl.de\\\/markt\\\/#organization\"},\"potentialAction\":[{\"@type\":\"SearchAction\",\"target\":{\"@type\":\"EntryPoint\",\"urlTemplate\":\"https:\\\/\\\/marktxxl.de\\\/markt\\\/?s={search_term_string}\"},\"query-input\":{\"@type\":\"PropertyValueSpecification\",\"valueRequired\":true,\"valueName\":\"search_term_string\"}}],\"inLanguage\":\"de\"},{\"@type\":\"Organization\",\"@id\":\"https:\\\/\\\/marktxxl.de\\\/markt\\\/#organization\",\"name\":\"Markt-XXL\",\"url\":\"https:\\\/\\\/marktxxl.de\\\/markt\\\/\",\"logo\":{\"@type\":\"ImageObject\",\"inLanguage\":\"de\",\"@id\":\"https:\\\/\\\/marktxxl.de\\\/markt\\\/#\\\/schema\\\/logo\\\/image\\\/\",\"url\":\"https:\\\/\\\/marktxxl.de\\\/markt\\\/wp-content\\\/uploads\\\/sites\\\/3\\\/2020\\\/12\\\/logo.png\",\"contentUrl\":\"https:\\\/\\\/marktxxl.de\\\/markt\\\/wp-content\\\/uploads\\\/sites\\\/3\\\/2020\\\/12\\\/logo.png\",\"width\":200,\"height\":70,\"caption\":\"Markt-XXL\"},\"image\":{\"@id\":\"https:\\\/\\\/marktxxl.de\\\/markt\\\/#\\\/schema\\\/logo\\\/image\\\/\"}}]}<\/script>\n<!-- \/ Yoast SEO plugin. -->","yoast_head_json":{"title":"Exeta Elektrisch h\u00f6henverstellbarer Schreibtisch Gestell (Version 2023) mit 2 Motoren (Grau) - Markt-XXL","description":"Markt-XXL Exeta Elektrisch h\u00f6henverstellbarer Schreibtisch Gestell (Version 2023) mit 2 Motoren (Grau)","robots":{"index":"index","follow":"follow","max-snippet":"max-snippet:-1","max-image-preview":"max-image-preview:large","max-video-preview":"max-video-preview:-1"},"canonical":"https:\/\/marktxxl.de\/markt\/produkt\/exeta-elektrisch-hoehenverstellbarer-schreibtisch-version-2019-mit-2-motoren\/","og_locale":"de_DE","og_type":"article","og_title":"Exeta Elektrisch h\u00f6henverstellbarer Schreibtisch Gestell (Version 2023) mit 2 Motoren (Grau) - Markt-XXL","og_description":"Markt-XXL Exeta Elektrisch h\u00f6henverstellbarer Schreibtisch Gestell (Version 2023) mit 2 Motoren (Grau)","og_url":"https:\/\/marktxxl.de\/markt\/produkt\/exeta-elektrisch-hoehenverstellbarer-schreibtisch-version-2019-mit-2-motoren\/","og_site_name":"Markt-XXL","article_modified_time":"2023-04-11T02:03:12+00:00","og_image":[{"width":500,"height":490,"url":"https:\/\/m.media-amazon.com\/images\/I\/31UdGtI13aS._SL500_.jpg","type":"image\/jpeg"}],"twitter_card":"summary_large_image","twitter_misc":{"Gesch\u00e4tzte Lesezeit":"1\u00a0Minute"},"schema":{"@context":"https:\/\/schema.org","@graph":[{"@type":"WebPage","@id":"https:\/\/marktxxl.de\/markt\/produkt\/exeta-elektrisch-hoehenverstellbarer-schreibtisch-version-2019-mit-2-motoren\/","url":"https:\/\/marktxxl.de\/markt\/produkt\/exeta-elektrisch-hoehenverstellbarer-schreibtisch-version-2019-mit-2-motoren\/","name":"Exeta Elektrisch h\u00f6henverstellbarer Schreibtisch Gestell (Version 2023) mit 2 Motoren (Grau) - Markt-XXL","isPartOf":{"@id":"https:\/\/marktxxl.de\/markt\/#website"},"primaryImageOfPage":{"@id":"https:\/\/marktxxl.de\/markt\/produkt\/exeta-elektrisch-hoehenverstellbarer-schreibtisch-version-2019-mit-2-motoren\/#primaryimage"},"image":{"@id":"https:\/\/marktxxl.de\/markt\/produkt\/exeta-elektrisch-hoehenverstellbarer-schreibtisch-version-2019-mit-2-motoren\/#primaryimage"},"thumbnailUrl":"https:\/\/m.media-amazon.com\/images\/I\/31UdGtI13aS._SL500_.jpg","datePublished":"2022-06-14T02:07:23+00:00","dateModified":"2023-04-11T02:03:12+00:00","description":"Markt-XXL Exeta Elektrisch h\u00f6henverstellbarer Schreibtisch Gestell (Version 2023) mit 2 Motoren (Grau)","breadcrumb":{"@id":"https:\/\/marktxxl.de\/markt\/produkt\/exeta-elektrisch-hoehenverstellbarer-schreibtisch-version-2019-mit-2-motoren\/#breadcrumb"},"inLanguage":"de","potentialAction":[{"@type":"ReadAction","target":["https:\/\/marktxxl.de\/markt\/produkt\/exeta-elektrisch-hoehenverstellbarer-schreibtisch-version-2019-mit-2-motoren\/"]}]},{"@type":"ImageObject","inLanguage":"de","@id":"https:\/\/marktxxl.de\/markt\/produkt\/exeta-elektrisch-hoehenverstellbarer-schreibtisch-version-2019-mit-2-motoren\/#primaryimage","url":"https:\/\/m.media-amazon.com\/images\/I\/31UdGtI13aS._SL500_.jpg","contentUrl":"https:\/\/m.media-amazon.com\/images\/I\/31UdGtI13aS._SL500_.jpg","width":500,"height":490},{"@type":"BreadcrumbList","@id":"https:\/\/marktxxl.de\/markt\/produkt\/exeta-elektrisch-hoehenverstellbarer-schreibtisch-version-2019-mit-2-motoren\/#breadcrumb","itemListElement":[{"@type":"ListItem","position":1,"name":"Startseite","item":"https:\/\/marktxxl.de\/markt\/"},{"@type":"ListItem","position":2,"name":"Markt","item":"https:\/\/marktxxl.de\/markt\/"},{"@type":"ListItem","position":3,"name":"Exeta Elektrisch h\u00f6henverstellbarer Schreibtisch Gestell (Version 2023) mit 2 Motoren (Grau)"}]},{"@type":"WebSite","@id":"https:\/\/marktxxl.de\/markt\/#website","url":"https:\/\/marktxxl.de\/markt\/","name":"Markt-XXL","description":"Ihr Markt Online","publisher":{"@id":"https:\/\/marktxxl.de\/markt\/#organization"},"potentialAction":[{"@type":"SearchAction","target":{"@type":"EntryPoint","urlTemplate":"https:\/\/marktxxl.de\/markt\/?s={search_term_string}"},"query-input":{"@type":"PropertyValueSpecification","valueRequired":true,"valueName":"search_term_string"}}],"inLanguage":"de"},{"@type":"Organization","@id":"https:\/\/marktxxl.de\/markt\/#organization","name":"Markt-XXL","url":"https:\/\/marktxxl.de\/markt\/","logo":{"@type":"ImageObject","inLanguage":"de","@id":"https:\/\/marktxxl.de\/markt\/#\/schema\/logo\/image\/","url":"https:\/\/marktxxl.de\/markt\/wp-content\/uploads\/sites\/3\/2020\/12\/logo.png","contentUrl":"https:\/\/marktxxl.de\/markt\/wp-content\/uploads\/sites\/3\/2020\/12\/logo.png","width":200,"height":70,"caption":"Markt-XXL"},"image":{"@id":"https:\/\/marktxxl.de\/markt\/#\/schema\/logo\/image\/"}}]}},"_links":{"self":[{"href":"https:\/\/marktxxl.de\/markt\/wp-json\/wp\/v2\/product\/129559","targetHints":{"allow":["GET"]}}],"collection":[{"href":"https:\/\/marktxxl.de\/markt\/wp-json\/wp\/v2\/product"}],"about":[{"href":"https:\/\/marktxxl.de\/markt\/wp-json\/wp\/v2\/types\/product"}],"replies":[{"embeddable":true,"href":"https:\/\/marktxxl.de\/markt\/wp-json\/wp\/v2\/comments?post=129559"}],"wp:featuredmedia":[{"embeddable":true,"href":"https:\/\/marktxxl.de\/markt\/wp-json\/wp\/v2\/media\/129560"}],"wp:attachment":[{"href":"https:\/\/marktxxl.de\/markt\/wp-json\/wp\/v2\/media?parent=129559"}],"wp:term":[{"taxonomy":"product_brand","embeddable":true,"href":"https:\/\/marktxxl.de\/markt\/wp-json\/wp\/v2\/product_brand?post=129559"},{"taxonomy":"product_cat","embeddable":true,"href":"https:\/\/marktxxl.de\/markt\/wp-json\/wp\/v2\/product_cat?post=129559"},{"taxonomy":"product_tag","embeddable":true,"href":"https:\/\/marktxxl.de\/markt\/wp-json\/wp\/v2\/product_tag?post=129559"}],"curies":[{"name":"wp","href":"https:\/\/api.w.org\/{rel}","templated":true}]}}