{"id":129550,"date":"2022-06-14T04:07:14","date_gmt":"2022-06-14T02:07:14","guid":{"rendered":"https:\/\/marktxxl.de\/markt\/produkt\/ondis24-tritthocker-waschbeckenhocker-step-stool-mit-bis-zu-150-kg-belastbar-sehr-sicherer-stand\/"},"modified":"2023-04-11T04:03:12","modified_gmt":"2023-04-11T02:03:12","slug":"ondis24-tritthocker-waschbeckenhocker-step-stool-mit-bis-zu-150-kg-belastbar-sehr-sicherer-stand","status":"publish","type":"product","link":"https:\/\/marktxxl.de\/markt\/produkt\/ondis24-tritthocker-waschbeckenhocker-step-stool-mit-bis-zu-150-kg-belastbar-sehr-sicherer-stand\/","title":{"rendered":"Ondis24 Tritthocker Step Stool mit bis zu 150 kg belastbar (Misty Teal)"},"content":{"rendered":"<p>Tritthocker Step Stool f\u00fcr die Anwendung im Innenraum, n\u00fctzlich im ganzen Haushalt<br \/>\nhohe Stabilit\u00e4t und Sicherheit, mit bis zu max. 150 kg belastbar<br \/>\nmit Noppen an der Trittfl\u00e4che, mit Gummiringen an den F\u00fc\u00dfen<br \/>\nzur Aufbewahrung von mehreren Hockern platzsparend ineinander nestbar<br \/>\nMa\u00dfe ca. 44 x 31 x 23,5 (H) cm, Gewicht ca. 0,64 kg, in verschiedenen Trendfarben erh\u00e4ltlich<br \/>\n<div class=\"main-cross-sell\" data-asin=\"B0719L4WQQ\">\n\n\t<div class=\"WooZone-cross-sell-loader\">\n\t\t<div>\n\t\t\t<div id=\"floatingBarsG\">\n\t\t\t\t<div class=\"blockG\" id=\"rotateG_01\"><\/div>\n\t\t\t\t<div class=\"blockG\" id=\"rotateG_02\"><\/div>\n\t\t\t\t<div class=\"blockG\" id=\"rotateG_03\"><\/div>\n\t\t\t\t<div class=\"blockG\" id=\"rotateG_04\"><\/div>\n\t\t\t\t<div class=\"blockG\" id=\"rotateG_05\"><\/div>\n\t\t\t\t<div class=\"blockG\" id=\"rotateG_06\"><\/div>\n\t\t\t\t<div class=\"blockG\" id=\"rotateG_07\"><\/div>\n\t\t\t\t<div class=\"blockG\" id=\"rotateG_08\"><\/div>\n\t\t\t<\/div>\n\t\t\t<div class=\"WooZone-cross-sell-loader-text\"><\/div>\n\t\t<\/div>\n\t<\/div>\n\n\t\t\n<\/div>\n<div style=\"clear:both;\"><\/div><\/p>\n","protected":false},"excerpt":{"rendered":"<p>Tritthocker Step Stool f\u00fcr die Anwendung im Innenraum, n\u00fctzlich im ganzen Haushalt<br \/>\nhohe Stabilit\u00e4t und Sicherheit, mit bis zu max. 150 kg belastbar<br \/>\nmit Noppen an der Trittfl\u00e4che, mit Gummiringen an den F\u00fc\u00dfen<\/p>\n","protected":false},"featured_media":129551,"comment_status":"open","ping_status":"closed","template":"","meta":[],"product_brand":[],"product_cat":[504,8312],"product_tag":[],"class_list":{"0":"post-129550","1":"product","2":"type-product","3":"status-publish","4":"has-post-thumbnail","6":"product_cat-buerobedarf-schreibwaren","7":"product_cat-bueromoebel-beleuchtung","8":"pa_brand-ondis24","9":"pa_height-9-2519684945-zoll","10":"pa_length-17-322834628-zoll","11":"pa_manufacturer-ondis24","12":"pa_weight-1-4109584768-pfund","13":"pa_width-12-204724397-zoll","15":"first","16":"instock","17":"shipping-taxable","18":"purchasable","19":"product-type-simple","20":"customify-col","21":"product-has-gallery"},"yoast_head":"<!-- This site is optimized with the Yoast SEO plugin v27.4 - https:\/\/yoast.com\/product\/yoast-seo-wordpress\/ -->\n<title>Ondis24 Tritthocker Step Stool mit bis zu 150 kg belastbar (Misty Teal) - Markt-XXL<\/title>\n<meta name=\"description\" content=\"Markt-XXL Ondis24 Tritthocker Step Stool mit bis zu 150 kg belastbar (Misty Teal)\" \/>\n<meta name=\"robots\" content=\"index, follow, max-snippet:-1, max-image-preview:large, max-video-preview:-1\" \/>\n<link rel=\"canonical\" href=\"https:\/\/marktxxl.de\/markt\/produkt\/ondis24-tritthocker-waschbeckenhocker-step-stool-mit-bis-zu-150-kg-belastbar-sehr-sicherer-stand\/\" \/>\n<meta property=\"og:locale\" content=\"de_DE\" \/>\n<meta property=\"og:type\" content=\"article\" \/>\n<meta property=\"og:title\" content=\"Ondis24 Tritthocker Step Stool mit bis zu 150 kg belastbar (Misty Teal) - Markt-XXL\" \/>\n<meta property=\"og:description\" content=\"Markt-XXL Ondis24 Tritthocker Step Stool mit bis zu 150 kg belastbar (Misty Teal)\" \/>\n<meta property=\"og:url\" content=\"https:\/\/marktxxl.de\/markt\/produkt\/ondis24-tritthocker-waschbeckenhocker-step-stool-mit-bis-zu-150-kg-belastbar-sehr-sicherer-stand\/\" \/>\n<meta property=\"og:site_name\" content=\"Markt-XXL\" \/>\n<meta property=\"article:modified_time\" content=\"2023-04-11T02:03:12+00:00\" \/>\n<meta property=\"og:image\" content=\"https:\/\/m.media-amazon.com\/images\/I\/41yB7nZMBuL._SL500_.jpg\" \/>\n\t<meta property=\"og:image:width\" content=\"500\" \/>\n\t<meta property=\"og:image:height\" content=\"400\" \/>\n\t<meta property=\"og:image:type\" content=\"image\/jpeg\" \/>\n<meta name=\"twitter:card\" content=\"summary_large_image\" \/>\n<script type=\"application\/ld+json\" class=\"yoast-schema-graph\">{\"@context\":\"https:\\\/\\\/schema.org\",\"@graph\":[{\"@type\":\"WebPage\",\"@id\":\"https:\\\/\\\/marktxxl.de\\\/markt\\\/produkt\\\/ondis24-tritthocker-waschbeckenhocker-step-stool-mit-bis-zu-150-kg-belastbar-sehr-sicherer-stand\\\/\",\"url\":\"https:\\\/\\\/marktxxl.de\\\/markt\\\/produkt\\\/ondis24-tritthocker-waschbeckenhocker-step-stool-mit-bis-zu-150-kg-belastbar-sehr-sicherer-stand\\\/\",\"name\":\"Ondis24 Tritthocker Step Stool mit bis zu 150 kg belastbar (Misty Teal) - Markt-XXL\",\"isPartOf\":{\"@id\":\"https:\\\/\\\/marktxxl.de\\\/markt\\\/#website\"},\"primaryImageOfPage\":{\"@id\":\"https:\\\/\\\/marktxxl.de\\\/markt\\\/produkt\\\/ondis24-tritthocker-waschbeckenhocker-step-stool-mit-bis-zu-150-kg-belastbar-sehr-sicherer-stand\\\/#primaryimage\"},\"image\":{\"@id\":\"https:\\\/\\\/marktxxl.de\\\/markt\\\/produkt\\\/ondis24-tritthocker-waschbeckenhocker-step-stool-mit-bis-zu-150-kg-belastbar-sehr-sicherer-stand\\\/#primaryimage\"},\"thumbnailUrl\":\"https:\\\/\\\/m.media-amazon.com\\\/images\\\/I\\\/41yB7nZMBuL._SL500_.jpg\",\"datePublished\":\"2022-06-14T02:07:14+00:00\",\"dateModified\":\"2023-04-11T02:03:12+00:00\",\"description\":\"Markt-XXL Ondis24 Tritthocker Step Stool mit bis zu 150 kg belastbar (Misty Teal)\",\"breadcrumb\":{\"@id\":\"https:\\\/\\\/marktxxl.de\\\/markt\\\/produkt\\\/ondis24-tritthocker-waschbeckenhocker-step-stool-mit-bis-zu-150-kg-belastbar-sehr-sicherer-stand\\\/#breadcrumb\"},\"inLanguage\":\"de\",\"potentialAction\":[{\"@type\":\"ReadAction\",\"target\":[\"https:\\\/\\\/marktxxl.de\\\/markt\\\/produkt\\\/ondis24-tritthocker-waschbeckenhocker-step-stool-mit-bis-zu-150-kg-belastbar-sehr-sicherer-stand\\\/\"]}]},{\"@type\":\"ImageObject\",\"inLanguage\":\"de\",\"@id\":\"https:\\\/\\\/marktxxl.de\\\/markt\\\/produkt\\\/ondis24-tritthocker-waschbeckenhocker-step-stool-mit-bis-zu-150-kg-belastbar-sehr-sicherer-stand\\\/#primaryimage\",\"url\":\"https:\\\/\\\/m.media-amazon.com\\\/images\\\/I\\\/41yB7nZMBuL._SL500_.jpg\",\"contentUrl\":\"https:\\\/\\\/m.media-amazon.com\\\/images\\\/I\\\/41yB7nZMBuL._SL500_.jpg\",\"width\":500,\"height\":400},{\"@type\":\"BreadcrumbList\",\"@id\":\"https:\\\/\\\/marktxxl.de\\\/markt\\\/produkt\\\/ondis24-tritthocker-waschbeckenhocker-step-stool-mit-bis-zu-150-kg-belastbar-sehr-sicherer-stand\\\/#breadcrumb\",\"itemListElement\":[{\"@type\":\"ListItem\",\"position\":1,\"name\":\"Startseite\",\"item\":\"https:\\\/\\\/marktxxl.de\\\/markt\\\/\"},{\"@type\":\"ListItem\",\"position\":2,\"name\":\"Markt\",\"item\":\"https:\\\/\\\/marktxxl.de\\\/markt\\\/\"},{\"@type\":\"ListItem\",\"position\":3,\"name\":\"Ondis24 Tritthocker Step Stool mit bis zu 150 kg belastbar (Misty Teal)\"}]},{\"@type\":\"WebSite\",\"@id\":\"https:\\\/\\\/marktxxl.de\\\/markt\\\/#website\",\"url\":\"https:\\\/\\\/marktxxl.de\\\/markt\\\/\",\"name\":\"Markt-XXL\",\"description\":\"Ihr Markt Online\",\"publisher\":{\"@id\":\"https:\\\/\\\/marktxxl.de\\\/markt\\\/#organization\"},\"potentialAction\":[{\"@type\":\"SearchAction\",\"target\":{\"@type\":\"EntryPoint\",\"urlTemplate\":\"https:\\\/\\\/marktxxl.de\\\/markt\\\/?s={search_term_string}\"},\"query-input\":{\"@type\":\"PropertyValueSpecification\",\"valueRequired\":true,\"valueName\":\"search_term_string\"}}],\"inLanguage\":\"de\"},{\"@type\":\"Organization\",\"@id\":\"https:\\\/\\\/marktxxl.de\\\/markt\\\/#organization\",\"name\":\"Markt-XXL\",\"url\":\"https:\\\/\\\/marktxxl.de\\\/markt\\\/\",\"logo\":{\"@type\":\"ImageObject\",\"inLanguage\":\"de\",\"@id\":\"https:\\\/\\\/marktxxl.de\\\/markt\\\/#\\\/schema\\\/logo\\\/image\\\/\",\"url\":\"https:\\\/\\\/marktxxl.de\\\/markt\\\/wp-content\\\/uploads\\\/sites\\\/3\\\/2020\\\/12\\\/logo.png\",\"contentUrl\":\"https:\\\/\\\/marktxxl.de\\\/markt\\\/wp-content\\\/uploads\\\/sites\\\/3\\\/2020\\\/12\\\/logo.png\",\"width\":200,\"height\":70,\"caption\":\"Markt-XXL\"},\"image\":{\"@id\":\"https:\\\/\\\/marktxxl.de\\\/markt\\\/#\\\/schema\\\/logo\\\/image\\\/\"}}]}<\/script>\n<!-- \/ Yoast SEO plugin. -->","yoast_head_json":{"title":"Ondis24 Tritthocker Step Stool mit bis zu 150 kg belastbar (Misty Teal) - Markt-XXL","description":"Markt-XXL Ondis24 Tritthocker Step Stool mit bis zu 150 kg belastbar (Misty Teal)","robots":{"index":"index","follow":"follow","max-snippet":"max-snippet:-1","max-image-preview":"max-image-preview:large","max-video-preview":"max-video-preview:-1"},"canonical":"https:\/\/marktxxl.de\/markt\/produkt\/ondis24-tritthocker-waschbeckenhocker-step-stool-mit-bis-zu-150-kg-belastbar-sehr-sicherer-stand\/","og_locale":"de_DE","og_type":"article","og_title":"Ondis24 Tritthocker Step Stool mit bis zu 150 kg belastbar (Misty Teal) - Markt-XXL","og_description":"Markt-XXL Ondis24 Tritthocker Step Stool mit bis zu 150 kg belastbar (Misty Teal)","og_url":"https:\/\/marktxxl.de\/markt\/produkt\/ondis24-tritthocker-waschbeckenhocker-step-stool-mit-bis-zu-150-kg-belastbar-sehr-sicherer-stand\/","og_site_name":"Markt-XXL","article_modified_time":"2023-04-11T02:03:12+00:00","og_image":[{"width":500,"height":400,"url":"https:\/\/m.media-amazon.com\/images\/I\/41yB7nZMBuL._SL500_.jpg","type":"image\/jpeg"}],"twitter_card":"summary_large_image","schema":{"@context":"https:\/\/schema.org","@graph":[{"@type":"WebPage","@id":"https:\/\/marktxxl.de\/markt\/produkt\/ondis24-tritthocker-waschbeckenhocker-step-stool-mit-bis-zu-150-kg-belastbar-sehr-sicherer-stand\/","url":"https:\/\/marktxxl.de\/markt\/produkt\/ondis24-tritthocker-waschbeckenhocker-step-stool-mit-bis-zu-150-kg-belastbar-sehr-sicherer-stand\/","name":"Ondis24 Tritthocker Step Stool mit bis zu 150 kg belastbar (Misty Teal) - Markt-XXL","isPartOf":{"@id":"https:\/\/marktxxl.de\/markt\/#website"},"primaryImageOfPage":{"@id":"https:\/\/marktxxl.de\/markt\/produkt\/ondis24-tritthocker-waschbeckenhocker-step-stool-mit-bis-zu-150-kg-belastbar-sehr-sicherer-stand\/#primaryimage"},"image":{"@id":"https:\/\/marktxxl.de\/markt\/produkt\/ondis24-tritthocker-waschbeckenhocker-step-stool-mit-bis-zu-150-kg-belastbar-sehr-sicherer-stand\/#primaryimage"},"thumbnailUrl":"https:\/\/m.media-amazon.com\/images\/I\/41yB7nZMBuL._SL500_.jpg","datePublished":"2022-06-14T02:07:14+00:00","dateModified":"2023-04-11T02:03:12+00:00","description":"Markt-XXL Ondis24 Tritthocker Step Stool mit bis zu 150 kg belastbar (Misty Teal)","breadcrumb":{"@id":"https:\/\/marktxxl.de\/markt\/produkt\/ondis24-tritthocker-waschbeckenhocker-step-stool-mit-bis-zu-150-kg-belastbar-sehr-sicherer-stand\/#breadcrumb"},"inLanguage":"de","potentialAction":[{"@type":"ReadAction","target":["https:\/\/marktxxl.de\/markt\/produkt\/ondis24-tritthocker-waschbeckenhocker-step-stool-mit-bis-zu-150-kg-belastbar-sehr-sicherer-stand\/"]}]},{"@type":"ImageObject","inLanguage":"de","@id":"https:\/\/marktxxl.de\/markt\/produkt\/ondis24-tritthocker-waschbeckenhocker-step-stool-mit-bis-zu-150-kg-belastbar-sehr-sicherer-stand\/#primaryimage","url":"https:\/\/m.media-amazon.com\/images\/I\/41yB7nZMBuL._SL500_.jpg","contentUrl":"https:\/\/m.media-amazon.com\/images\/I\/41yB7nZMBuL._SL500_.jpg","width":500,"height":400},{"@type":"BreadcrumbList","@id":"https:\/\/marktxxl.de\/markt\/produkt\/ondis24-tritthocker-waschbeckenhocker-step-stool-mit-bis-zu-150-kg-belastbar-sehr-sicherer-stand\/#breadcrumb","itemListElement":[{"@type":"ListItem","position":1,"name":"Startseite","item":"https:\/\/marktxxl.de\/markt\/"},{"@type":"ListItem","position":2,"name":"Markt","item":"https:\/\/marktxxl.de\/markt\/"},{"@type":"ListItem","position":3,"name":"Ondis24 Tritthocker Step Stool mit bis zu 150 kg belastbar (Misty Teal)"}]},{"@type":"WebSite","@id":"https:\/\/marktxxl.de\/markt\/#website","url":"https:\/\/marktxxl.de\/markt\/","name":"Markt-XXL","description":"Ihr Markt Online","publisher":{"@id":"https:\/\/marktxxl.de\/markt\/#organization"},"potentialAction":[{"@type":"SearchAction","target":{"@type":"EntryPoint","urlTemplate":"https:\/\/marktxxl.de\/markt\/?s={search_term_string}"},"query-input":{"@type":"PropertyValueSpecification","valueRequired":true,"valueName":"search_term_string"}}],"inLanguage":"de"},{"@type":"Organization","@id":"https:\/\/marktxxl.de\/markt\/#organization","name":"Markt-XXL","url":"https:\/\/marktxxl.de\/markt\/","logo":{"@type":"ImageObject","inLanguage":"de","@id":"https:\/\/marktxxl.de\/markt\/#\/schema\/logo\/image\/","url":"https:\/\/marktxxl.de\/markt\/wp-content\/uploads\/sites\/3\/2020\/12\/logo.png","contentUrl":"https:\/\/marktxxl.de\/markt\/wp-content\/uploads\/sites\/3\/2020\/12\/logo.png","width":200,"height":70,"caption":"Markt-XXL"},"image":{"@id":"https:\/\/marktxxl.de\/markt\/#\/schema\/logo\/image\/"}}]}},"_links":{"self":[{"href":"https:\/\/marktxxl.de\/markt\/wp-json\/wp\/v2\/product\/129550","targetHints":{"allow":["GET"]}}],"collection":[{"href":"https:\/\/marktxxl.de\/markt\/wp-json\/wp\/v2\/product"}],"about":[{"href":"https:\/\/marktxxl.de\/markt\/wp-json\/wp\/v2\/types\/product"}],"replies":[{"embeddable":true,"href":"https:\/\/marktxxl.de\/markt\/wp-json\/wp\/v2\/comments?post=129550"}],"wp:featuredmedia":[{"embeddable":true,"href":"https:\/\/marktxxl.de\/markt\/wp-json\/wp\/v2\/media\/129551"}],"wp:attachment":[{"href":"https:\/\/marktxxl.de\/markt\/wp-json\/wp\/v2\/media?parent=129550"}],"wp:term":[{"taxonomy":"product_brand","embeddable":true,"href":"https:\/\/marktxxl.de\/markt\/wp-json\/wp\/v2\/product_brand?post=129550"},{"taxonomy":"product_cat","embeddable":true,"href":"https:\/\/marktxxl.de\/markt\/wp-json\/wp\/v2\/product_cat?post=129550"},{"taxonomy":"product_tag","embeddable":true,"href":"https:\/\/marktxxl.de\/markt\/wp-json\/wp\/v2\/product_tag?post=129550"}],"curies":[{"name":"wp","href":"https:\/\/api.w.org\/{rel}","templated":true}]}}