{"id":129538,"date":"2022-06-14T04:05:08","date_gmt":"2022-06-14T02:05:08","guid":{"rendered":"https:\/\/marktxxl.de\/markt\/produkt\/nellsi-sonnenuntergangslampe-16-farben-wechselnde-projektor-led-leuchten-stehlampe\/"},"modified":"2023-04-11T04:03:12","modified_gmt":"2023-04-11T02:03:12","slug":"nellsi-sonnenuntergangslampe-16-farben-wechselnde-projektor-led-leuchten-stehlampe","status":"publish","type":"product","link":"https:\/\/marktxxl.de\/markt\/produkt\/nellsi-sonnenuntergangslampe-16-farben-wechselnde-projektor-led-leuchten-stehlampe\/","title":{"rendered":"Nellsi Sonnenuntergangslampe, 16 Farben wechselnde Projektor-LED-Leuchten Stehlampe"},"content":{"rendered":"<p>16 verschiedene Farben, eine Lampe: Diese Sonnenuntergangslampe ist das neueste Design, das alle Ihre Beleuchtungsbed\u00fcrfnisse befriedigt. Sie m\u00fcssen nicht mehrere Lampen f\u00fcr mehrere Farben kaufen, eine reicht aus. Dank einer Kombination aus Kunst und Technologie ist unsere Sunset Projektorlampe multifunktional, aber auch einfach zu bedienen. Verschiedene Modi k\u00f6nnen mit einer Taste erreicht werden. Mit nur einem Klick k\u00f6nnen Sie jede Farbe direkt vor Ihren Augen sehen.<br \/>\nRuhige verblassende und blinkende Party-Optionen \u2013 Diese 2 Optionen sind die einzigartigen Funktionen des Sonnenuntergangslichts, die Ihnen ein unerwartetes visuelles Erlebnis bringen k\u00f6nnen. Die schrittweise Farb\u00e4nderung sorgt f\u00fcr eine romantische Atmosph\u00e4re. Diese Lampe l\u00e4sst das romantische Gef\u00fchl so lange bleiben, wie Sie wollen. Schnell wechselnde Farben machen jeden lebendig und spa\u00dfig. Eine gute Wahl f\u00fcr Partys. Klicken Sie einfach auf unser Video, um den Farbwechsel-Effekt anzuzeigen.<br \/>\nKompakt und einfach zu verstellen \u2013 Sie k\u00f6nnen diese LED-Lampe aufgrund ihrer tragbaren Gr\u00f6\u00dfe und des geringen Gewichts \u00fcberall hin mitnehmen. Das Stativ hat flexible Beine und das Objektiv kann um 360 Grad gedreht werden, es kann verschiedene kleine bis Wand gro\u00dfe Sonnenuntergangsformen werfen, je nachdem, wie Sie es winkeln. Die Sonnenuntergangslampe schafft eine brillante Atmosph\u00e4re, die es Ihnen erm\u00f6glicht, die Sch\u00f6nheit der verschiedenen Farben zu genie\u00dfen<br \/>\nHD-Kristalllinse und 10-W-Netzteil &#8211; Die verdickte Kristalllinse bietet eine starke Lichtdurchl\u00e4ssigkeit, ein breiteres abgegebenes Licht, eine gr\u00f6\u00dfere Entfernung und einen gr\u00f6\u00dferen Projektionsbereich, einen sch\u00f6neren Lichteffekt. Das starke 10W Netzteil sorgt f\u00fcr die brillante Leuchtkraft, die Sie \u00fcberall ben\u00f6tigen.<br \/>\nAlle Sunset Projektionslampen durchlaufen strenge Kontrollen und Tests, um sicherzustellen, dass alle Kunden Produkte von perfekter Qualit\u00e4t erhalten. Wir sind zuversichtlich, dass Sie mit unserer farbwechselnden Sonnenuntergangslampe zufrieden sein werden. Wenn Sie nicht 100% zufrieden sind, kontaktieren Sie uns direkt (AUCH WENN NACH dem Amazon-R\u00fccksendefenster) und wir werden Ihnen einen oder eine ohne Fragen zur Verf\u00fcgung stellen.<br \/>\n<div class=\"main-cross-sell\" data-asin=\"B09NVQQ6C7\">\n\n\t<div class=\"WooZone-cross-sell-loader\">\n\t\t<div>\n\t\t\t<div id=\"floatingBarsG\">\n\t\t\t\t<div class=\"blockG\" id=\"rotateG_01\"><\/div>\n\t\t\t\t<div class=\"blockG\" id=\"rotateG_02\"><\/div>\n\t\t\t\t<div class=\"blockG\" id=\"rotateG_03\"><\/div>\n\t\t\t\t<div class=\"blockG\" id=\"rotateG_04\"><\/div>\n\t\t\t\t<div class=\"blockG\" id=\"rotateG_05\"><\/div>\n\t\t\t\t<div class=\"blockG\" id=\"rotateG_06\"><\/div>\n\t\t\t\t<div class=\"blockG\" id=\"rotateG_07\"><\/div>\n\t\t\t\t<div class=\"blockG\" id=\"rotateG_08\"><\/div>\n\t\t\t<\/div>\n\t\t\t<div class=\"WooZone-cross-sell-loader-text\"><\/div>\n\t\t<\/div>\n\t<\/div>\n\n\t\t\n<\/div>\n<div style=\"clear:both;\"><\/div><\/p>\n","protected":false},"excerpt":{"rendered":"<p>16 verschiedene Farben, eine Lampe: Diese Sonnenuntergangslampe ist das neueste Design, das alle Ihre Beleuchtungsbed\u00fcrfnisse befriedigt. Sie m\u00fcssen nicht mehrere Lampen f\u00fcr mehrere Farben kaufen, eine reicht aus. Dank einer Kombination aus Kunst und Technologie ist unsere Sunset Projektorlampe multifunktional, aber auch einfach zu bedienen. Verschiedene Modi k\u00f6nnen mit einer Taste erreicht werden. Mit nur einem Klick k\u00f6nnen Sie jede Farbe direkt vor Ihren Augen sehen.<br \/>\nRuhige verblassende und blinkende Party-Optionen \u2013 Diese 2 Optionen sind die einzigartigen Funktionen des Sonnenuntergangslichts, die Ihnen ein unerwartetes visuelles Erlebnis bringen k\u00f6nnen. Die schrittweise Farb\u00e4nderung sorgt f\u00fcr eine romantische Atmosph\u00e4re. Diese Lampe l\u00e4sst das romantische Gef\u00fchl so lange bleiben, wie Sie wollen. Schnell wechselnde Farben machen jeden lebendig und spa\u00dfig. Eine gute Wahl f\u00fcr Partys. Klicken Sie einfach auf unser Video, um den Farbwechsel-Effekt anzuzeigen.<br \/>\nKompakt und einfach zu verstellen \u2013 Sie k\u00f6nnen diese LED-Lampe aufgrund ihrer tragbaren Gr\u00f6\u00dfe und des geringen Gewichts \u00fcberall hin mitnehmen. Das Stativ hat flexible Beine und das Objektiv kann um 360 Grad gedreht werden, es kann verschiedene kleine bis Wand gro\u00dfe Sonnenuntergangsformen werfen, je nachdem, wie Sie es winkeln. Die Sonnenuntergangslampe schafft eine brillante Atmosph\u00e4re, die es Ihnen erm\u00f6glicht, die Sch\u00f6nheit der verschiedenen Farben zu genie\u00dfen<\/p>\n","protected":false},"featured_media":129539,"comment_status":"open","ping_status":"closed","template":"","meta":[],"product_brand":[],"product_cat":[504,8312],"product_tag":[],"class_list":{"0":"post-129538","1":"product","2":"type-product","3":"status-publish","4":"has-post-thumbnail","6":"product_cat-buerobedarf-schreibwaren","7":"product_cat-bueromoebel-beleuchtung","8":"pa_binding-haushaltswaren","9":"pa_brand-nellsi","10":"pa_height-4-330708657-zoll","11":"pa_length-7-87401574-zoll","12":"pa_manufacturer-shenzhen-liangtou-technology-coporation-limite","13":"pa_width-1-574803148-zoll","15":"first","16":"instock","17":"shipping-taxable","18":"purchasable","19":"product-type-simple","20":"customify-col","21":"product-has-gallery"},"yoast_head":"<!-- This site is optimized with the Yoast SEO plugin v27.4 - https:\/\/yoast.com\/product\/yoast-seo-wordpress\/ -->\n<title>Nellsi Sonnenuntergangslampe, 16 Farben wechselnde Projektor-LED-Leuchten Stehlampe - Markt-XXL<\/title>\n<meta name=\"description\" content=\"Markt-XXL Nellsi Sonnenuntergangslampe, 16 Farben wechselnde Projektor-LED-Leuchten Stehlampe\" \/>\n<meta name=\"robots\" content=\"index, follow, max-snippet:-1, max-image-preview:large, max-video-preview:-1\" \/>\n<link rel=\"canonical\" href=\"https:\/\/marktxxl.de\/markt\/produkt\/nellsi-sonnenuntergangslampe-16-farben-wechselnde-projektor-led-leuchten-stehlampe\/\" \/>\n<meta property=\"og:locale\" content=\"de_DE\" \/>\n<meta property=\"og:type\" content=\"article\" \/>\n<meta property=\"og:title\" content=\"Nellsi Sonnenuntergangslampe, 16 Farben wechselnde Projektor-LED-Leuchten Stehlampe - Markt-XXL\" \/>\n<meta property=\"og:description\" content=\"Markt-XXL Nellsi Sonnenuntergangslampe, 16 Farben wechselnde Projektor-LED-Leuchten Stehlampe\" \/>\n<meta property=\"og:url\" content=\"https:\/\/marktxxl.de\/markt\/produkt\/nellsi-sonnenuntergangslampe-16-farben-wechselnde-projektor-led-leuchten-stehlampe\/\" \/>\n<meta property=\"og:site_name\" content=\"Markt-XXL\" \/>\n<meta property=\"article:modified_time\" content=\"2023-04-11T02:03:12+00:00\" \/>\n<meta property=\"og:image\" content=\"https:\/\/m.media-amazon.com\/images\/I\/416eKJWGt8L._SL500_.jpg\" \/>\n\t<meta property=\"og:image:width\" content=\"500\" \/>\n\t<meta property=\"og:image:height\" content=\"500\" \/>\n\t<meta property=\"og:image:type\" content=\"image\/jpeg\" \/>\n<meta name=\"twitter:card\" content=\"summary_large_image\" \/>\n<meta name=\"twitter:label1\" content=\"Gesch\u00e4tzte Lesezeit\" \/>\n\t<meta name=\"twitter:data1\" content=\"2\u00a0Minuten\" \/>\n<script type=\"application\/ld+json\" class=\"yoast-schema-graph\">{\"@context\":\"https:\\\/\\\/schema.org\",\"@graph\":[{\"@type\":\"WebPage\",\"@id\":\"https:\\\/\\\/marktxxl.de\\\/markt\\\/produkt\\\/nellsi-sonnenuntergangslampe-16-farben-wechselnde-projektor-led-leuchten-stehlampe\\\/\",\"url\":\"https:\\\/\\\/marktxxl.de\\\/markt\\\/produkt\\\/nellsi-sonnenuntergangslampe-16-farben-wechselnde-projektor-led-leuchten-stehlampe\\\/\",\"name\":\"Nellsi Sonnenuntergangslampe, 16 Farben wechselnde Projektor-LED-Leuchten Stehlampe - Markt-XXL\",\"isPartOf\":{\"@id\":\"https:\\\/\\\/marktxxl.de\\\/markt\\\/#website\"},\"primaryImageOfPage\":{\"@id\":\"https:\\\/\\\/marktxxl.de\\\/markt\\\/produkt\\\/nellsi-sonnenuntergangslampe-16-farben-wechselnde-projektor-led-leuchten-stehlampe\\\/#primaryimage\"},\"image\":{\"@id\":\"https:\\\/\\\/marktxxl.de\\\/markt\\\/produkt\\\/nellsi-sonnenuntergangslampe-16-farben-wechselnde-projektor-led-leuchten-stehlampe\\\/#primaryimage\"},\"thumbnailUrl\":\"https:\\\/\\\/m.media-amazon.com\\\/images\\\/I\\\/416eKJWGt8L._SL500_.jpg\",\"datePublished\":\"2022-06-14T02:05:08+00:00\",\"dateModified\":\"2023-04-11T02:03:12+00:00\",\"description\":\"Markt-XXL Nellsi Sonnenuntergangslampe, 16 Farben wechselnde Projektor-LED-Leuchten Stehlampe\",\"breadcrumb\":{\"@id\":\"https:\\\/\\\/marktxxl.de\\\/markt\\\/produkt\\\/nellsi-sonnenuntergangslampe-16-farben-wechselnde-projektor-led-leuchten-stehlampe\\\/#breadcrumb\"},\"inLanguage\":\"de\",\"potentialAction\":[{\"@type\":\"ReadAction\",\"target\":[\"https:\\\/\\\/marktxxl.de\\\/markt\\\/produkt\\\/nellsi-sonnenuntergangslampe-16-farben-wechselnde-projektor-led-leuchten-stehlampe\\\/\"]}]},{\"@type\":\"ImageObject\",\"inLanguage\":\"de\",\"@id\":\"https:\\\/\\\/marktxxl.de\\\/markt\\\/produkt\\\/nellsi-sonnenuntergangslampe-16-farben-wechselnde-projektor-led-leuchten-stehlampe\\\/#primaryimage\",\"url\":\"https:\\\/\\\/m.media-amazon.com\\\/images\\\/I\\\/416eKJWGt8L._SL500_.jpg\",\"contentUrl\":\"https:\\\/\\\/m.media-amazon.com\\\/images\\\/I\\\/416eKJWGt8L._SL500_.jpg\",\"width\":500,\"height\":500},{\"@type\":\"BreadcrumbList\",\"@id\":\"https:\\\/\\\/marktxxl.de\\\/markt\\\/produkt\\\/nellsi-sonnenuntergangslampe-16-farben-wechselnde-projektor-led-leuchten-stehlampe\\\/#breadcrumb\",\"itemListElement\":[{\"@type\":\"ListItem\",\"position\":1,\"name\":\"Startseite\",\"item\":\"https:\\\/\\\/marktxxl.de\\\/markt\\\/\"},{\"@type\":\"ListItem\",\"position\":2,\"name\":\"Markt\",\"item\":\"https:\\\/\\\/marktxxl.de\\\/markt\\\/\"},{\"@type\":\"ListItem\",\"position\":3,\"name\":\"Nellsi Sonnenuntergangslampe, 16 Farben wechselnde Projektor-LED-Leuchten Stehlampe\"}]},{\"@type\":\"WebSite\",\"@id\":\"https:\\\/\\\/marktxxl.de\\\/markt\\\/#website\",\"url\":\"https:\\\/\\\/marktxxl.de\\\/markt\\\/\",\"name\":\"Markt-XXL\",\"description\":\"Ihr Markt Online\",\"publisher\":{\"@id\":\"https:\\\/\\\/marktxxl.de\\\/markt\\\/#organization\"},\"potentialAction\":[{\"@type\":\"SearchAction\",\"target\":{\"@type\":\"EntryPoint\",\"urlTemplate\":\"https:\\\/\\\/marktxxl.de\\\/markt\\\/?s={search_term_string}\"},\"query-input\":{\"@type\":\"PropertyValueSpecification\",\"valueRequired\":true,\"valueName\":\"search_term_string\"}}],\"inLanguage\":\"de\"},{\"@type\":\"Organization\",\"@id\":\"https:\\\/\\\/marktxxl.de\\\/markt\\\/#organization\",\"name\":\"Markt-XXL\",\"url\":\"https:\\\/\\\/marktxxl.de\\\/markt\\\/\",\"logo\":{\"@type\":\"ImageObject\",\"inLanguage\":\"de\",\"@id\":\"https:\\\/\\\/marktxxl.de\\\/markt\\\/#\\\/schema\\\/logo\\\/image\\\/\",\"url\":\"https:\\\/\\\/marktxxl.de\\\/markt\\\/wp-content\\\/uploads\\\/sites\\\/3\\\/2020\\\/12\\\/logo.png\",\"contentUrl\":\"https:\\\/\\\/marktxxl.de\\\/markt\\\/wp-content\\\/uploads\\\/sites\\\/3\\\/2020\\\/12\\\/logo.png\",\"width\":200,\"height\":70,\"caption\":\"Markt-XXL\"},\"image\":{\"@id\":\"https:\\\/\\\/marktxxl.de\\\/markt\\\/#\\\/schema\\\/logo\\\/image\\\/\"}}]}<\/script>\n<!-- \/ Yoast SEO plugin. -->","yoast_head_json":{"title":"Nellsi Sonnenuntergangslampe, 16 Farben wechselnde Projektor-LED-Leuchten Stehlampe - Markt-XXL","description":"Markt-XXL Nellsi Sonnenuntergangslampe, 16 Farben wechselnde Projektor-LED-Leuchten Stehlampe","robots":{"index":"index","follow":"follow","max-snippet":"max-snippet:-1","max-image-preview":"max-image-preview:large","max-video-preview":"max-video-preview:-1"},"canonical":"https:\/\/marktxxl.de\/markt\/produkt\/nellsi-sonnenuntergangslampe-16-farben-wechselnde-projektor-led-leuchten-stehlampe\/","og_locale":"de_DE","og_type":"article","og_title":"Nellsi Sonnenuntergangslampe, 16 Farben wechselnde Projektor-LED-Leuchten Stehlampe - Markt-XXL","og_description":"Markt-XXL Nellsi Sonnenuntergangslampe, 16 Farben wechselnde Projektor-LED-Leuchten Stehlampe","og_url":"https:\/\/marktxxl.de\/markt\/produkt\/nellsi-sonnenuntergangslampe-16-farben-wechselnde-projektor-led-leuchten-stehlampe\/","og_site_name":"Markt-XXL","article_modified_time":"2023-04-11T02:03:12+00:00","og_image":[{"width":500,"height":500,"url":"https:\/\/m.media-amazon.com\/images\/I\/416eKJWGt8L._SL500_.jpg","type":"image\/jpeg"}],"twitter_card":"summary_large_image","twitter_misc":{"Gesch\u00e4tzte Lesezeit":"2\u00a0Minuten"},"schema":{"@context":"https:\/\/schema.org","@graph":[{"@type":"WebPage","@id":"https:\/\/marktxxl.de\/markt\/produkt\/nellsi-sonnenuntergangslampe-16-farben-wechselnde-projektor-led-leuchten-stehlampe\/","url":"https:\/\/marktxxl.de\/markt\/produkt\/nellsi-sonnenuntergangslampe-16-farben-wechselnde-projektor-led-leuchten-stehlampe\/","name":"Nellsi Sonnenuntergangslampe, 16 Farben wechselnde Projektor-LED-Leuchten Stehlampe - Markt-XXL","isPartOf":{"@id":"https:\/\/marktxxl.de\/markt\/#website"},"primaryImageOfPage":{"@id":"https:\/\/marktxxl.de\/markt\/produkt\/nellsi-sonnenuntergangslampe-16-farben-wechselnde-projektor-led-leuchten-stehlampe\/#primaryimage"},"image":{"@id":"https:\/\/marktxxl.de\/markt\/produkt\/nellsi-sonnenuntergangslampe-16-farben-wechselnde-projektor-led-leuchten-stehlampe\/#primaryimage"},"thumbnailUrl":"https:\/\/m.media-amazon.com\/images\/I\/416eKJWGt8L._SL500_.jpg","datePublished":"2022-06-14T02:05:08+00:00","dateModified":"2023-04-11T02:03:12+00:00","description":"Markt-XXL Nellsi Sonnenuntergangslampe, 16 Farben wechselnde Projektor-LED-Leuchten Stehlampe","breadcrumb":{"@id":"https:\/\/marktxxl.de\/markt\/produkt\/nellsi-sonnenuntergangslampe-16-farben-wechselnde-projektor-led-leuchten-stehlampe\/#breadcrumb"},"inLanguage":"de","potentialAction":[{"@type":"ReadAction","target":["https:\/\/marktxxl.de\/markt\/produkt\/nellsi-sonnenuntergangslampe-16-farben-wechselnde-projektor-led-leuchten-stehlampe\/"]}]},{"@type":"ImageObject","inLanguage":"de","@id":"https:\/\/marktxxl.de\/markt\/produkt\/nellsi-sonnenuntergangslampe-16-farben-wechselnde-projektor-led-leuchten-stehlampe\/#primaryimage","url":"https:\/\/m.media-amazon.com\/images\/I\/416eKJWGt8L._SL500_.jpg","contentUrl":"https:\/\/m.media-amazon.com\/images\/I\/416eKJWGt8L._SL500_.jpg","width":500,"height":500},{"@type":"BreadcrumbList","@id":"https:\/\/marktxxl.de\/markt\/produkt\/nellsi-sonnenuntergangslampe-16-farben-wechselnde-projektor-led-leuchten-stehlampe\/#breadcrumb","itemListElement":[{"@type":"ListItem","position":1,"name":"Startseite","item":"https:\/\/marktxxl.de\/markt\/"},{"@type":"ListItem","position":2,"name":"Markt","item":"https:\/\/marktxxl.de\/markt\/"},{"@type":"ListItem","position":3,"name":"Nellsi Sonnenuntergangslampe, 16 Farben wechselnde Projektor-LED-Leuchten Stehlampe"}]},{"@type":"WebSite","@id":"https:\/\/marktxxl.de\/markt\/#website","url":"https:\/\/marktxxl.de\/markt\/","name":"Markt-XXL","description":"Ihr Markt Online","publisher":{"@id":"https:\/\/marktxxl.de\/markt\/#organization"},"potentialAction":[{"@type":"SearchAction","target":{"@type":"EntryPoint","urlTemplate":"https:\/\/marktxxl.de\/markt\/?s={search_term_string}"},"query-input":{"@type":"PropertyValueSpecification","valueRequired":true,"valueName":"search_term_string"}}],"inLanguage":"de"},{"@type":"Organization","@id":"https:\/\/marktxxl.de\/markt\/#organization","name":"Markt-XXL","url":"https:\/\/marktxxl.de\/markt\/","logo":{"@type":"ImageObject","inLanguage":"de","@id":"https:\/\/marktxxl.de\/markt\/#\/schema\/logo\/image\/","url":"https:\/\/marktxxl.de\/markt\/wp-content\/uploads\/sites\/3\/2020\/12\/logo.png","contentUrl":"https:\/\/marktxxl.de\/markt\/wp-content\/uploads\/sites\/3\/2020\/12\/logo.png","width":200,"height":70,"caption":"Markt-XXL"},"image":{"@id":"https:\/\/marktxxl.de\/markt\/#\/schema\/logo\/image\/"}}]}},"_links":{"self":[{"href":"https:\/\/marktxxl.de\/markt\/wp-json\/wp\/v2\/product\/129538","targetHints":{"allow":["GET"]}}],"collection":[{"href":"https:\/\/marktxxl.de\/markt\/wp-json\/wp\/v2\/product"}],"about":[{"href":"https:\/\/marktxxl.de\/markt\/wp-json\/wp\/v2\/types\/product"}],"replies":[{"embeddable":true,"href":"https:\/\/marktxxl.de\/markt\/wp-json\/wp\/v2\/comments?post=129538"}],"wp:featuredmedia":[{"embeddable":true,"href":"https:\/\/marktxxl.de\/markt\/wp-json\/wp\/v2\/media\/129539"}],"wp:attachment":[{"href":"https:\/\/marktxxl.de\/markt\/wp-json\/wp\/v2\/media?parent=129538"}],"wp:term":[{"taxonomy":"product_brand","embeddable":true,"href":"https:\/\/marktxxl.de\/markt\/wp-json\/wp\/v2\/product_brand?post=129538"},{"taxonomy":"product_cat","embeddable":true,"href":"https:\/\/marktxxl.de\/markt\/wp-json\/wp\/v2\/product_cat?post=129538"},{"taxonomy":"product_tag","embeddable":true,"href":"https:\/\/marktxxl.de\/markt\/wp-json\/wp\/v2\/product_tag?post=129538"}],"curies":[{"name":"wp","href":"https:\/\/api.w.org\/{rel}","templated":true}]}}