{"id":129531,"date":"2022-06-14T04:04:59","date_gmt":"2022-06-14T02:04:59","guid":{"rendered":"https:\/\/marktxxl.de\/markt\/produkt\/emnt-rollen-rollen-ersatz-fuer-die-meisten-computerstuehle-spielstuehle-schreibtischstuehle-schwarz-5-stueck\/"},"modified":"2023-04-11T04:03:12","modified_gmt":"2023-04-11T02:03:12","slug":"emnt-rollen-rollen-ersatz-fuer-die-meisten-computerstuehle-spielstuehle-schreibtischstuehle-schwarz-5-stueck","status":"publish","type":"product","link":"https:\/\/marktxxl.de\/markt\/produkt\/emnt-rollen-rollen-ersatz-fuer-die-meisten-computerstuehle-spielstuehle-schreibtischstuehle-schwarz-5-stueck\/","title":{"rendered":"EMNT Rollen-Rollen, Ersatz f\u00fcr die meisten Computerst\u00fchle, Spielst\u00fchle, Schreibtischst\u00fchle, Schwarz, 5 St\u00fcck"},"content":{"rendered":"<p>\u2705 PERFEKT WEICHES UND LEISES ROLLEN: Zwei pr\u00e4zise Lager und eine Radschale aus weichem Polyurethan sorgen f\u00fcr schnelles und leises Rollen auf jedem Untergrund. Dank des dritten Pr\u00e4zisionslagers im Drehmechanismus des Rades k\u00f6nnen Sie praktisch ohne Kraftaufwand die Bewegungsrichtung des Stuhls \u00e4ndern. Diese B\u00fcrostuhlrollen k\u00f6nnen als Ersatz f\u00fcr Stuhlmatten verwendet werden. Die leisen R\u00e4der verf\u00fcgen \u00fcber Pr\u00e4zisionskugellager, die m\u00fchelos auf Oberfl\u00e4chen gleiten, ohne Ger\u00e4usche zu erzeugen.<br \/>\n\u2705 EINFACHE INSTALLATION UND UNIVERSELLE STANDARD-STAMMGR\u00d6SSE: 7\/16&#8243; breit x 7\/8&#8243; hoch (11 mm x 22 mm). Sie k\u00f6nnen diese B\u00fcrostuhlrollen einfach und schnell ohne Werkzeug montieren. Lassen Sie diese einfach mit Ihren H\u00e4nden einrasten und schon kann es losgehen!<br \/>\n\u2705 EXTREM LANGLEBIGE STRUKTUR UND MATERIALIEN: Das elastische Hightech-Polyurethan unserer B\u00fcrostuhlrollen macht Bewegungen einfach und ger\u00e4uschlos. Diese Stuhlrollen f\u00fcr Hartholzb\u00f6den gleiten sanft. Hochwertige Materialien und eine felsenfeste Konstruktion machen unseren 3-Zoll-B\u00fcrostuhl zum st\u00e4rksten seiner Klasse. Jede Rolle kann bis zu 130 lb tragen, und ein Satz von 5 kann bis zu einem maximalen Gewicht von 650 lb tragen.<br \/>\n\u2705 SICHER F\u00dcR ALLE B\u00d6DEN: Unsere Stilrollen sind aus weichem Polyurethan-Material hergestellt, sie sind sicher f\u00fcr alle B\u00f6den, einschlie\u00dflich Hartholz, Laminat, Fliesen, Teppich, Vinyldielen und Bambusb\u00f6den, keine Kratzer und Flecken auf den B\u00f6den. Sie werden niemals zerkratzen , verschmieren oder besch\u00e4digen Sie Ihre B\u00f6den. Reibungslos in jede Richtung, ohne Stuhlmatte, sie sind gro\u00dfartig f\u00fcr das B\u00fcro, Zuhause, Spiele und mehr!<br \/>\n\u2705 AUSGEZEICHNETER KUNDENSERVICE: Unsere Stuhlrollen sind mit einer 18-monatigen Garantie, 100 % Zufriedenheitsgarantie und freundlichem Kundensupport rund um die Uhr ausgestattet. Wir werden unser Bestes geben, um Ihnen ein besseres Einkaufserlebnis zu bieten.<br \/>\n<div class=\"main-cross-sell\" data-asin=\"B09JW3154C\">\n\n\t<div class=\"WooZone-cross-sell-loader\">\n\t\t<div>\n\t\t\t<div id=\"floatingBarsG\">\n\t\t\t\t<div class=\"blockG\" id=\"rotateG_01\"><\/div>\n\t\t\t\t<div class=\"blockG\" id=\"rotateG_02\"><\/div>\n\t\t\t\t<div class=\"blockG\" id=\"rotateG_03\"><\/div>\n\t\t\t\t<div class=\"blockG\" id=\"rotateG_04\"><\/div>\n\t\t\t\t<div class=\"blockG\" id=\"rotateG_05\"><\/div>\n\t\t\t\t<div class=\"blockG\" id=\"rotateG_06\"><\/div>\n\t\t\t\t<div class=\"blockG\" id=\"rotateG_07\"><\/div>\n\t\t\t\t<div class=\"blockG\" id=\"rotateG_08\"><\/div>\n\t\t\t<\/div>\n\t\t\t<div class=\"WooZone-cross-sell-loader-text\"><\/div>\n\t\t<\/div>\n\t<\/div>\n\n\t\t\n<\/div>\n<div style=\"clear:both;\"><\/div><\/p>\n","protected":false},"excerpt":{"rendered":"<p>\u2705 PERFEKT WEICHES UND LEISES ROLLEN: Zwei pr\u00e4zise Lager und eine Radschale aus weichem Polyurethan sorgen f\u00fcr schnelles und leises Rollen auf jedem Untergrund. Dank des dritten Pr\u00e4zisionslagers im Drehmechanismus des Rades k\u00f6nnen Sie praktisch ohne Kraftaufwand die Bewegungsrichtung des Stuhls \u00e4ndern. Diese B\u00fcrostuhlrollen k\u00f6nnen als Ersatz f\u00fcr Stuhlmatten verwendet werden. Die leisen R\u00e4der verf\u00fcgen \u00fcber Pr\u00e4zisionskugellager, die m\u00fchelos auf Oberfl\u00e4chen gleiten, ohne Ger\u00e4usche zu erzeugen.<br \/>\n\u2705 EINFACHE INSTALLATION UND UNIVERSELLE STANDARD-STAMMGR\u00d6SSE: 7\/16&#8243; breit x 7\/8&#8243; hoch (11 mm x 22 mm). Sie k\u00f6nnen diese B\u00fcrostuhlrollen einfach und schnell ohne Werkzeug montieren. Lassen Sie diese einfach mit Ihren H\u00e4nden einrasten und schon kann es losgehen!<br \/>\n\u2705 EXTREM LANGLEBIGE STRUKTUR UND MATERIALIEN: Das elastische Hightech-Polyurethan unserer B\u00fcrostuhlrollen macht Bewegungen einfach und ger\u00e4uschlos. Diese Stuhlrollen f\u00fcr Hartholzb\u00f6den gleiten sanft. Hochwertige Materialien und eine felsenfeste Konstruktion machen unseren 3-Zoll-B\u00fcrostuhl zum st\u00e4rksten seiner Klasse. Jede Rolle kann bis zu 130 lb tragen, und ein Satz von 5 kann bis zu einem maximalen Gewicht von 650 lb tragen.<\/p>\n","protected":false},"featured_media":129532,"comment_status":"open","ping_status":"closed","template":"","meta":[],"product_brand":[],"product_cat":[504,8312],"product_tag":[],"class_list":{"0":"post-129531","1":"product","2":"type-product","3":"status-publish","4":"has-post-thumbnail","6":"product_cat-buerobedarf-schreibwaren","7":"product_cat-bueromoebel-beleuchtung","8":"pa_brand-emnt","9":"pa_color-schwarz","10":"pa_height-11-81102361-zoll","11":"pa_length-19-68503935-zoll","12":"pa_manufacturer-emnt","13":"pa_width-15-74803148-zoll","15":"first","16":"instock","17":"shipping-taxable","18":"purchasable","19":"product-type-simple","20":"customify-col","21":"product-has-gallery"},"yoast_head":"<!-- This site is optimized with the Yoast SEO plugin v27.4 - https:\/\/yoast.com\/product\/yoast-seo-wordpress\/ -->\n<title>EMNT Rollen-Rollen, Ersatz f\u00fcr die meisten Computerst\u00fchle, Spielst\u00fchle, Schreibtischst\u00fchle, Schwarz, 5 St\u00fcck - Markt-XXL<\/title>\n<meta name=\"description\" content=\"Markt-XXL EMNT Rollen-Rollen, Ersatz f\u00fcr die meisten Computerst\u00fchle, Spielst\u00fchle, Schreibtischst\u00fchle, Schwarz, 5 St\u00fcck\" \/>\n<meta name=\"robots\" content=\"index, follow, max-snippet:-1, max-image-preview:large, max-video-preview:-1\" \/>\n<link rel=\"canonical\" href=\"https:\/\/marktxxl.de\/markt\/produkt\/emnt-rollen-rollen-ersatz-fuer-die-meisten-computerstuehle-spielstuehle-schreibtischstuehle-schwarz-5-stueck\/\" \/>\n<meta property=\"og:locale\" content=\"de_DE\" \/>\n<meta property=\"og:type\" content=\"article\" \/>\n<meta property=\"og:title\" content=\"EMNT Rollen-Rollen, Ersatz f\u00fcr die meisten Computerst\u00fchle, Spielst\u00fchle, Schreibtischst\u00fchle, Schwarz, 5 St\u00fcck - Markt-XXL\" \/>\n<meta property=\"og:description\" content=\"Markt-XXL EMNT Rollen-Rollen, Ersatz f\u00fcr die meisten Computerst\u00fchle, Spielst\u00fchle, Schreibtischst\u00fchle, Schwarz, 5 St\u00fcck\" \/>\n<meta property=\"og:url\" content=\"https:\/\/marktxxl.de\/markt\/produkt\/emnt-rollen-rollen-ersatz-fuer-die-meisten-computerstuehle-spielstuehle-schreibtischstuehle-schwarz-5-stueck\/\" \/>\n<meta property=\"og:site_name\" content=\"Markt-XXL\" \/>\n<meta property=\"article:modified_time\" content=\"2023-04-11T02:03:12+00:00\" \/>\n<meta property=\"og:image\" content=\"https:\/\/m.media-amazon.com\/images\/I\/41dkjHb+A7L._SL500_.jpg\" \/>\n\t<meta property=\"og:image:width\" content=\"500\" \/>\n\t<meta property=\"og:image:height\" content=\"500\" \/>\n\t<meta property=\"og:image:type\" content=\"image\/jpeg\" \/>\n<meta name=\"twitter:card\" content=\"summary_large_image\" \/>\n<meta name=\"twitter:label1\" content=\"Gesch\u00e4tzte Lesezeit\" \/>\n\t<meta name=\"twitter:data1\" content=\"1\u00a0Minute\" \/>\n<script type=\"application\/ld+json\" class=\"yoast-schema-graph\">{\"@context\":\"https:\\\/\\\/schema.org\",\"@graph\":[{\"@type\":\"WebPage\",\"@id\":\"https:\\\/\\\/marktxxl.de\\\/markt\\\/produkt\\\/emnt-rollen-rollen-ersatz-fuer-die-meisten-computerstuehle-spielstuehle-schreibtischstuehle-schwarz-5-stueck\\\/\",\"url\":\"https:\\\/\\\/marktxxl.de\\\/markt\\\/produkt\\\/emnt-rollen-rollen-ersatz-fuer-die-meisten-computerstuehle-spielstuehle-schreibtischstuehle-schwarz-5-stueck\\\/\",\"name\":\"EMNT Rollen-Rollen, Ersatz f\u00fcr die meisten Computerst\u00fchle, Spielst\u00fchle, Schreibtischst\u00fchle, Schwarz, 5 St\u00fcck - Markt-XXL\",\"isPartOf\":{\"@id\":\"https:\\\/\\\/marktxxl.de\\\/markt\\\/#website\"},\"primaryImageOfPage\":{\"@id\":\"https:\\\/\\\/marktxxl.de\\\/markt\\\/produkt\\\/emnt-rollen-rollen-ersatz-fuer-die-meisten-computerstuehle-spielstuehle-schreibtischstuehle-schwarz-5-stueck\\\/#primaryimage\"},\"image\":{\"@id\":\"https:\\\/\\\/marktxxl.de\\\/markt\\\/produkt\\\/emnt-rollen-rollen-ersatz-fuer-die-meisten-computerstuehle-spielstuehle-schreibtischstuehle-schwarz-5-stueck\\\/#primaryimage\"},\"thumbnailUrl\":\"https:\\\/\\\/m.media-amazon.com\\\/images\\\/I\\\/41dkjHb+A7L._SL500_.jpg\",\"datePublished\":\"2022-06-14T02:04:59+00:00\",\"dateModified\":\"2023-04-11T02:03:12+00:00\",\"description\":\"Markt-XXL EMNT Rollen-Rollen, Ersatz f\u00fcr die meisten Computerst\u00fchle, Spielst\u00fchle, Schreibtischst\u00fchle, Schwarz, 5 St\u00fcck\",\"breadcrumb\":{\"@id\":\"https:\\\/\\\/marktxxl.de\\\/markt\\\/produkt\\\/emnt-rollen-rollen-ersatz-fuer-die-meisten-computerstuehle-spielstuehle-schreibtischstuehle-schwarz-5-stueck\\\/#breadcrumb\"},\"inLanguage\":\"de\",\"potentialAction\":[{\"@type\":\"ReadAction\",\"target\":[\"https:\\\/\\\/marktxxl.de\\\/markt\\\/produkt\\\/emnt-rollen-rollen-ersatz-fuer-die-meisten-computerstuehle-spielstuehle-schreibtischstuehle-schwarz-5-stueck\\\/\"]}]},{\"@type\":\"ImageObject\",\"inLanguage\":\"de\",\"@id\":\"https:\\\/\\\/marktxxl.de\\\/markt\\\/produkt\\\/emnt-rollen-rollen-ersatz-fuer-die-meisten-computerstuehle-spielstuehle-schreibtischstuehle-schwarz-5-stueck\\\/#primaryimage\",\"url\":\"https:\\\/\\\/m.media-amazon.com\\\/images\\\/I\\\/41dkjHb+A7L._SL500_.jpg\",\"contentUrl\":\"https:\\\/\\\/m.media-amazon.com\\\/images\\\/I\\\/41dkjHb+A7L._SL500_.jpg\",\"width\":500,\"height\":500},{\"@type\":\"BreadcrumbList\",\"@id\":\"https:\\\/\\\/marktxxl.de\\\/markt\\\/produkt\\\/emnt-rollen-rollen-ersatz-fuer-die-meisten-computerstuehle-spielstuehle-schreibtischstuehle-schwarz-5-stueck\\\/#breadcrumb\",\"itemListElement\":[{\"@type\":\"ListItem\",\"position\":1,\"name\":\"Startseite\",\"item\":\"https:\\\/\\\/marktxxl.de\\\/markt\\\/\"},{\"@type\":\"ListItem\",\"position\":2,\"name\":\"Markt\",\"item\":\"https:\\\/\\\/marktxxl.de\\\/markt\\\/\"},{\"@type\":\"ListItem\",\"position\":3,\"name\":\"EMNT Rollen-Rollen, Ersatz f\u00fcr die meisten Computerst\u00fchle, Spielst\u00fchle, Schreibtischst\u00fchle, Schwarz, 5 St\u00fcck\"}]},{\"@type\":\"WebSite\",\"@id\":\"https:\\\/\\\/marktxxl.de\\\/markt\\\/#website\",\"url\":\"https:\\\/\\\/marktxxl.de\\\/markt\\\/\",\"name\":\"Markt-XXL\",\"description\":\"Ihr Markt Online\",\"publisher\":{\"@id\":\"https:\\\/\\\/marktxxl.de\\\/markt\\\/#organization\"},\"potentialAction\":[{\"@type\":\"SearchAction\",\"target\":{\"@type\":\"EntryPoint\",\"urlTemplate\":\"https:\\\/\\\/marktxxl.de\\\/markt\\\/?s={search_term_string}\"},\"query-input\":{\"@type\":\"PropertyValueSpecification\",\"valueRequired\":true,\"valueName\":\"search_term_string\"}}],\"inLanguage\":\"de\"},{\"@type\":\"Organization\",\"@id\":\"https:\\\/\\\/marktxxl.de\\\/markt\\\/#organization\",\"name\":\"Markt-XXL\",\"url\":\"https:\\\/\\\/marktxxl.de\\\/markt\\\/\",\"logo\":{\"@type\":\"ImageObject\",\"inLanguage\":\"de\",\"@id\":\"https:\\\/\\\/marktxxl.de\\\/markt\\\/#\\\/schema\\\/logo\\\/image\\\/\",\"url\":\"https:\\\/\\\/marktxxl.de\\\/markt\\\/wp-content\\\/uploads\\\/sites\\\/3\\\/2020\\\/12\\\/logo.png\",\"contentUrl\":\"https:\\\/\\\/marktxxl.de\\\/markt\\\/wp-content\\\/uploads\\\/sites\\\/3\\\/2020\\\/12\\\/logo.png\",\"width\":200,\"height\":70,\"caption\":\"Markt-XXL\"},\"image\":{\"@id\":\"https:\\\/\\\/marktxxl.de\\\/markt\\\/#\\\/schema\\\/logo\\\/image\\\/\"}}]}<\/script>\n<!-- \/ Yoast SEO plugin. -->","yoast_head_json":{"title":"EMNT Rollen-Rollen, Ersatz f\u00fcr die meisten Computerst\u00fchle, Spielst\u00fchle, Schreibtischst\u00fchle, Schwarz, 5 St\u00fcck - Markt-XXL","description":"Markt-XXL EMNT Rollen-Rollen, Ersatz f\u00fcr die meisten Computerst\u00fchle, Spielst\u00fchle, Schreibtischst\u00fchle, Schwarz, 5 St\u00fcck","robots":{"index":"index","follow":"follow","max-snippet":"max-snippet:-1","max-image-preview":"max-image-preview:large","max-video-preview":"max-video-preview:-1"},"canonical":"https:\/\/marktxxl.de\/markt\/produkt\/emnt-rollen-rollen-ersatz-fuer-die-meisten-computerstuehle-spielstuehle-schreibtischstuehle-schwarz-5-stueck\/","og_locale":"de_DE","og_type":"article","og_title":"EMNT Rollen-Rollen, Ersatz f\u00fcr die meisten Computerst\u00fchle, Spielst\u00fchle, Schreibtischst\u00fchle, Schwarz, 5 St\u00fcck - Markt-XXL","og_description":"Markt-XXL EMNT Rollen-Rollen, Ersatz f\u00fcr die meisten Computerst\u00fchle, Spielst\u00fchle, Schreibtischst\u00fchle, Schwarz, 5 St\u00fcck","og_url":"https:\/\/marktxxl.de\/markt\/produkt\/emnt-rollen-rollen-ersatz-fuer-die-meisten-computerstuehle-spielstuehle-schreibtischstuehle-schwarz-5-stueck\/","og_site_name":"Markt-XXL","article_modified_time":"2023-04-11T02:03:12+00:00","og_image":[{"width":500,"height":500,"url":"https:\/\/m.media-amazon.com\/images\/I\/41dkjHb+A7L._SL500_.jpg","type":"image\/jpeg"}],"twitter_card":"summary_large_image","twitter_misc":{"Gesch\u00e4tzte Lesezeit":"1\u00a0Minute"},"schema":{"@context":"https:\/\/schema.org","@graph":[{"@type":"WebPage","@id":"https:\/\/marktxxl.de\/markt\/produkt\/emnt-rollen-rollen-ersatz-fuer-die-meisten-computerstuehle-spielstuehle-schreibtischstuehle-schwarz-5-stueck\/","url":"https:\/\/marktxxl.de\/markt\/produkt\/emnt-rollen-rollen-ersatz-fuer-die-meisten-computerstuehle-spielstuehle-schreibtischstuehle-schwarz-5-stueck\/","name":"EMNT Rollen-Rollen, Ersatz f\u00fcr die meisten Computerst\u00fchle, Spielst\u00fchle, Schreibtischst\u00fchle, Schwarz, 5 St\u00fcck - Markt-XXL","isPartOf":{"@id":"https:\/\/marktxxl.de\/markt\/#website"},"primaryImageOfPage":{"@id":"https:\/\/marktxxl.de\/markt\/produkt\/emnt-rollen-rollen-ersatz-fuer-die-meisten-computerstuehle-spielstuehle-schreibtischstuehle-schwarz-5-stueck\/#primaryimage"},"image":{"@id":"https:\/\/marktxxl.de\/markt\/produkt\/emnt-rollen-rollen-ersatz-fuer-die-meisten-computerstuehle-spielstuehle-schreibtischstuehle-schwarz-5-stueck\/#primaryimage"},"thumbnailUrl":"https:\/\/m.media-amazon.com\/images\/I\/41dkjHb+A7L._SL500_.jpg","datePublished":"2022-06-14T02:04:59+00:00","dateModified":"2023-04-11T02:03:12+00:00","description":"Markt-XXL EMNT Rollen-Rollen, Ersatz f\u00fcr die meisten Computerst\u00fchle, Spielst\u00fchle, Schreibtischst\u00fchle, Schwarz, 5 St\u00fcck","breadcrumb":{"@id":"https:\/\/marktxxl.de\/markt\/produkt\/emnt-rollen-rollen-ersatz-fuer-die-meisten-computerstuehle-spielstuehle-schreibtischstuehle-schwarz-5-stueck\/#breadcrumb"},"inLanguage":"de","potentialAction":[{"@type":"ReadAction","target":["https:\/\/marktxxl.de\/markt\/produkt\/emnt-rollen-rollen-ersatz-fuer-die-meisten-computerstuehle-spielstuehle-schreibtischstuehle-schwarz-5-stueck\/"]}]},{"@type":"ImageObject","inLanguage":"de","@id":"https:\/\/marktxxl.de\/markt\/produkt\/emnt-rollen-rollen-ersatz-fuer-die-meisten-computerstuehle-spielstuehle-schreibtischstuehle-schwarz-5-stueck\/#primaryimage","url":"https:\/\/m.media-amazon.com\/images\/I\/41dkjHb+A7L._SL500_.jpg","contentUrl":"https:\/\/m.media-amazon.com\/images\/I\/41dkjHb+A7L._SL500_.jpg","width":500,"height":500},{"@type":"BreadcrumbList","@id":"https:\/\/marktxxl.de\/markt\/produkt\/emnt-rollen-rollen-ersatz-fuer-die-meisten-computerstuehle-spielstuehle-schreibtischstuehle-schwarz-5-stueck\/#breadcrumb","itemListElement":[{"@type":"ListItem","position":1,"name":"Startseite","item":"https:\/\/marktxxl.de\/markt\/"},{"@type":"ListItem","position":2,"name":"Markt","item":"https:\/\/marktxxl.de\/markt\/"},{"@type":"ListItem","position":3,"name":"EMNT Rollen-Rollen, Ersatz f\u00fcr die meisten Computerst\u00fchle, Spielst\u00fchle, Schreibtischst\u00fchle, Schwarz, 5 St\u00fcck"}]},{"@type":"WebSite","@id":"https:\/\/marktxxl.de\/markt\/#website","url":"https:\/\/marktxxl.de\/markt\/","name":"Markt-XXL","description":"Ihr Markt Online","publisher":{"@id":"https:\/\/marktxxl.de\/markt\/#organization"},"potentialAction":[{"@type":"SearchAction","target":{"@type":"EntryPoint","urlTemplate":"https:\/\/marktxxl.de\/markt\/?s={search_term_string}"},"query-input":{"@type":"PropertyValueSpecification","valueRequired":true,"valueName":"search_term_string"}}],"inLanguage":"de"},{"@type":"Organization","@id":"https:\/\/marktxxl.de\/markt\/#organization","name":"Markt-XXL","url":"https:\/\/marktxxl.de\/markt\/","logo":{"@type":"ImageObject","inLanguage":"de","@id":"https:\/\/marktxxl.de\/markt\/#\/schema\/logo\/image\/","url":"https:\/\/marktxxl.de\/markt\/wp-content\/uploads\/sites\/3\/2020\/12\/logo.png","contentUrl":"https:\/\/marktxxl.de\/markt\/wp-content\/uploads\/sites\/3\/2020\/12\/logo.png","width":200,"height":70,"caption":"Markt-XXL"},"image":{"@id":"https:\/\/marktxxl.de\/markt\/#\/schema\/logo\/image\/"}}]}},"_links":{"self":[{"href":"https:\/\/marktxxl.de\/markt\/wp-json\/wp\/v2\/product\/129531","targetHints":{"allow":["GET"]}}],"collection":[{"href":"https:\/\/marktxxl.de\/markt\/wp-json\/wp\/v2\/product"}],"about":[{"href":"https:\/\/marktxxl.de\/markt\/wp-json\/wp\/v2\/types\/product"}],"replies":[{"embeddable":true,"href":"https:\/\/marktxxl.de\/markt\/wp-json\/wp\/v2\/comments?post=129531"}],"wp:featuredmedia":[{"embeddable":true,"href":"https:\/\/marktxxl.de\/markt\/wp-json\/wp\/v2\/media\/129532"}],"wp:attachment":[{"href":"https:\/\/marktxxl.de\/markt\/wp-json\/wp\/v2\/media?parent=129531"}],"wp:term":[{"taxonomy":"product_brand","embeddable":true,"href":"https:\/\/marktxxl.de\/markt\/wp-json\/wp\/v2\/product_brand?post=129531"},{"taxonomy":"product_cat","embeddable":true,"href":"https:\/\/marktxxl.de\/markt\/wp-json\/wp\/v2\/product_cat?post=129531"},{"taxonomy":"product_tag","embeddable":true,"href":"https:\/\/marktxxl.de\/markt\/wp-json\/wp\/v2\/product_tag?post=129531"}],"curies":[{"name":"wp","href":"https:\/\/api.w.org\/{rel}","templated":true}]}}