{"id":129496,"date":"2022-06-14T04:04:19","date_gmt":"2022-06-14T02:04:19","guid":{"rendered":"https:\/\/marktxxl.de\/markt\/produkt\/monitor-universal-hoehenverstellbar-staender-flachbildfernseher-staender-glas-aufsatz-tischstaender-schwarz-hd01b-203p\/"},"modified":"2023-04-11T04:03:12","modified_gmt":"2023-04-11T02:03:12","slug":"monitor-universal-hoehenverstellbar-staender-flachbildfernseher-staender-glas-aufsatz-tischstaender-schwarz-hd01b-203p","status":"publish","type":"product","link":"https:\/\/marktxxl.de\/markt\/produkt\/monitor-universal-hoehenverstellbar-staender-flachbildfernseher-staender-glas-aufsatz-tischstaender-schwarz-hd01b-203p\/","title":{"rendered":"Hemudu 2 Packungen Monitor Universal H\u00f6henverstellbar dreieckige St\u00e4nder Flachbildfernseher St\u00e4nder Glas Aufsatz\u2026"},"content":{"rendered":"<p>Gute Gesundheit: Der Monitor oder Notebook-Computer ist in eine korrekte ergonomische Betrachtungsposition angehoben, wodurch eine optimale Haltung entsteht, die die Belastung von Nacken und R\u00fccken reduziert. Dann k\u00f6nnen Sie Heftger\u00e4t, Klebebandspender und Notizpapier unter dem Monitor-Riser verstauen<br \/>\nNeigefunktion: Mein Computer-Monitorerh\u00f6hung kann um 0-15 Grad nach vorne eingestellt werden, um den Computer bequem zu positionieren<br \/>\nPers\u00f6nliches Design: Die dreieckige Form ist perfekt f\u00fcr Eckr\u00e4ume und L-f\u00f6rmige Schreibtische oder einfach zum Aufstellen<br \/>\nH\u00f6henverstellbar: Das Edelstahlbein kann stufenlos in der H\u00f6he von 8,6 cm bis 12,4 cm eingestellt werden<br \/>\nSicherheit: 6 mm dickes Sicherheitsglas f\u00fcr maximale Traglast von 40 kg<br \/>\n<div class=\"main-cross-sell\" data-asin=\"B07Q1JJZ88\">\n\n\t<div class=\"WooZone-cross-sell-loader\">\n\t\t<div>\n\t\t\t<div id=\"floatingBarsG\">\n\t\t\t\t<div class=\"blockG\" id=\"rotateG_01\"><\/div>\n\t\t\t\t<div class=\"blockG\" id=\"rotateG_02\"><\/div>\n\t\t\t\t<div class=\"blockG\" id=\"rotateG_03\"><\/div>\n\t\t\t\t<div class=\"blockG\" id=\"rotateG_04\"><\/div>\n\t\t\t\t<div class=\"blockG\" id=\"rotateG_05\"><\/div>\n\t\t\t\t<div class=\"blockG\" id=\"rotateG_06\"><\/div>\n\t\t\t\t<div class=\"blockG\" id=\"rotateG_07\"><\/div>\n\t\t\t\t<div class=\"blockG\" id=\"rotateG_08\"><\/div>\n\t\t\t<\/div>\n\t\t\t<div class=\"WooZone-cross-sell-loader-text\"><\/div>\n\t\t<\/div>\n\t<\/div>\n\n\t\t\n<\/div>\n<div style=\"clear:both;\"><\/div><\/p>\n","protected":false},"excerpt":{"rendered":"<p>Gute Gesundheit: Der Monitor oder Notebook-Computer ist in eine korrekte ergonomische Betrachtungsposition angehoben, wodurch eine optimale Haltung entsteht, die die Belastung von Nacken und R\u00fccken reduziert. Dann k\u00f6nnen Sie Heftger\u00e4t, Klebebandspender und Notizpapier unter dem Monitor-Riser verstauen<br \/>\nNeigefunktion: Mein Computer-Monitorerh\u00f6hung kann um 0-15 Grad nach vorne eingestellt werden, um den Computer bequem zu positionieren<br \/>\nPers\u00f6nliches Design: Die dreieckige Form ist perfekt f\u00fcr Eckr\u00e4ume und L-f\u00f6rmige Schreibtische oder einfach zum Aufstellen<\/p>\n","protected":false},"featured_media":129497,"comment_status":"open","ping_status":"closed","template":"","meta":[],"product_brand":[],"product_cat":[504,8312],"product_tag":[],"class_list":{"0":"post-129496","1":"product","2":"type-product","3":"status-publish","4":"has-post-thumbnail","6":"product_cat-buerobedarf-schreibwaren","7":"product_cat-bueromoebel-beleuchtung","8":"pa_binding-personal-computers","9":"pa_brand-hemudu","10":"pa_color-schwarz","11":"pa_manufacturer-xinpin","12":"pa_model-hd01b-203","13":"pa_size-17-111-63-inch","15":"first","16":"instock","17":"shipping-taxable","18":"purchasable","19":"product-type-simple","20":"customify-col","21":"product-has-gallery"},"yoast_head":"<!-- This site is optimized with the Yoast SEO plugin v27.4 - https:\/\/yoast.com\/product\/yoast-seo-wordpress\/ -->\n<title>Hemudu 2 Packungen Monitor Universal H\u00f6henverstellbar dreieckige St\u00e4nder Flachbildfernseher St\u00e4nder Glas Aufsatz\u2026 - Markt-XXL<\/title>\n<meta name=\"description\" content=\"Markt-XXL Hemudu 2 Packungen Monitor Universal H\u00f6henverstellbar dreieckige St\u00e4nder Flachbildfernseher St\u00e4nder Glas Aufsatz\u2026\" \/>\n<meta name=\"robots\" content=\"index, follow, max-snippet:-1, max-image-preview:large, max-video-preview:-1\" \/>\n<link rel=\"canonical\" href=\"https:\/\/marktxxl.de\/markt\/produkt\/monitor-universal-hoehenverstellbar-staender-flachbildfernseher-staender-glas-aufsatz-tischstaender-schwarz-hd01b-203p\/\" \/>\n<meta property=\"og:locale\" content=\"de_DE\" \/>\n<meta property=\"og:type\" content=\"article\" \/>\n<meta property=\"og:title\" content=\"Hemudu 2 Packungen Monitor Universal H\u00f6henverstellbar dreieckige St\u00e4nder Flachbildfernseher St\u00e4nder Glas Aufsatz\u2026 - Markt-XXL\" \/>\n<meta property=\"og:description\" content=\"Markt-XXL Hemudu 2 Packungen Monitor Universal H\u00f6henverstellbar dreieckige St\u00e4nder Flachbildfernseher St\u00e4nder Glas Aufsatz\u2026\" \/>\n<meta property=\"og:url\" content=\"https:\/\/marktxxl.de\/markt\/produkt\/monitor-universal-hoehenverstellbar-staender-flachbildfernseher-staender-glas-aufsatz-tischstaender-schwarz-hd01b-203p\/\" \/>\n<meta property=\"og:site_name\" content=\"Markt-XXL\" \/>\n<meta property=\"article:modified_time\" content=\"2023-04-11T02:03:12+00:00\" \/>\n<meta property=\"og:image\" content=\"https:\/\/m.media-amazon.com\/images\/I\/31zzYhZB30L._SL500_.jpg\" \/>\n\t<meta property=\"og:image:width\" content=\"500\" \/>\n\t<meta property=\"og:image:height\" content=\"500\" \/>\n\t<meta property=\"og:image:type\" content=\"image\/jpeg\" \/>\n<meta name=\"twitter:card\" content=\"summary_large_image\" \/>\n<meta name=\"twitter:label1\" content=\"Gesch\u00e4tzte Lesezeit\" \/>\n\t<meta name=\"twitter:data1\" content=\"1\u00a0Minute\" \/>\n<script type=\"application\/ld+json\" class=\"yoast-schema-graph\">{\"@context\":\"https:\\\/\\\/schema.org\",\"@graph\":[{\"@type\":\"WebPage\",\"@id\":\"https:\\\/\\\/marktxxl.de\\\/markt\\\/produkt\\\/monitor-universal-hoehenverstellbar-staender-flachbildfernseher-staender-glas-aufsatz-tischstaender-schwarz-hd01b-203p\\\/\",\"url\":\"https:\\\/\\\/marktxxl.de\\\/markt\\\/produkt\\\/monitor-universal-hoehenverstellbar-staender-flachbildfernseher-staender-glas-aufsatz-tischstaender-schwarz-hd01b-203p\\\/\",\"name\":\"Hemudu 2 Packungen Monitor Universal H\u00f6henverstellbar dreieckige St\u00e4nder Flachbildfernseher St\u00e4nder Glas Aufsatz\u2026 - Markt-XXL\",\"isPartOf\":{\"@id\":\"https:\\\/\\\/marktxxl.de\\\/markt\\\/#website\"},\"primaryImageOfPage\":{\"@id\":\"https:\\\/\\\/marktxxl.de\\\/markt\\\/produkt\\\/monitor-universal-hoehenverstellbar-staender-flachbildfernseher-staender-glas-aufsatz-tischstaender-schwarz-hd01b-203p\\\/#primaryimage\"},\"image\":{\"@id\":\"https:\\\/\\\/marktxxl.de\\\/markt\\\/produkt\\\/monitor-universal-hoehenverstellbar-staender-flachbildfernseher-staender-glas-aufsatz-tischstaender-schwarz-hd01b-203p\\\/#primaryimage\"},\"thumbnailUrl\":\"https:\\\/\\\/m.media-amazon.com\\\/images\\\/I\\\/31zzYhZB30L._SL500_.jpg\",\"datePublished\":\"2022-06-14T02:04:19+00:00\",\"dateModified\":\"2023-04-11T02:03:12+00:00\",\"description\":\"Markt-XXL Hemudu 2 Packungen Monitor Universal H\u00f6henverstellbar dreieckige St\u00e4nder Flachbildfernseher St\u00e4nder Glas Aufsatz\u2026\",\"breadcrumb\":{\"@id\":\"https:\\\/\\\/marktxxl.de\\\/markt\\\/produkt\\\/monitor-universal-hoehenverstellbar-staender-flachbildfernseher-staender-glas-aufsatz-tischstaender-schwarz-hd01b-203p\\\/#breadcrumb\"},\"inLanguage\":\"de\",\"potentialAction\":[{\"@type\":\"ReadAction\",\"target\":[\"https:\\\/\\\/marktxxl.de\\\/markt\\\/produkt\\\/monitor-universal-hoehenverstellbar-staender-flachbildfernseher-staender-glas-aufsatz-tischstaender-schwarz-hd01b-203p\\\/\"]}]},{\"@type\":\"ImageObject\",\"inLanguage\":\"de\",\"@id\":\"https:\\\/\\\/marktxxl.de\\\/markt\\\/produkt\\\/monitor-universal-hoehenverstellbar-staender-flachbildfernseher-staender-glas-aufsatz-tischstaender-schwarz-hd01b-203p\\\/#primaryimage\",\"url\":\"https:\\\/\\\/m.media-amazon.com\\\/images\\\/I\\\/31zzYhZB30L._SL500_.jpg\",\"contentUrl\":\"https:\\\/\\\/m.media-amazon.com\\\/images\\\/I\\\/31zzYhZB30L._SL500_.jpg\",\"width\":500,\"height\":500},{\"@type\":\"BreadcrumbList\",\"@id\":\"https:\\\/\\\/marktxxl.de\\\/markt\\\/produkt\\\/monitor-universal-hoehenverstellbar-staender-flachbildfernseher-staender-glas-aufsatz-tischstaender-schwarz-hd01b-203p\\\/#breadcrumb\",\"itemListElement\":[{\"@type\":\"ListItem\",\"position\":1,\"name\":\"Startseite\",\"item\":\"https:\\\/\\\/marktxxl.de\\\/markt\\\/\"},{\"@type\":\"ListItem\",\"position\":2,\"name\":\"Markt\",\"item\":\"https:\\\/\\\/marktxxl.de\\\/markt\\\/\"},{\"@type\":\"ListItem\",\"position\":3,\"name\":\"Hemudu 2 Packungen Monitor Universal H\u00f6henverstellbar dreieckige St\u00e4nder Flachbildfernseher St\u00e4nder Glas Aufsatz\u2026\"}]},{\"@type\":\"WebSite\",\"@id\":\"https:\\\/\\\/marktxxl.de\\\/markt\\\/#website\",\"url\":\"https:\\\/\\\/marktxxl.de\\\/markt\\\/\",\"name\":\"Markt-XXL\",\"description\":\"Ihr Markt Online\",\"publisher\":{\"@id\":\"https:\\\/\\\/marktxxl.de\\\/markt\\\/#organization\"},\"potentialAction\":[{\"@type\":\"SearchAction\",\"target\":{\"@type\":\"EntryPoint\",\"urlTemplate\":\"https:\\\/\\\/marktxxl.de\\\/markt\\\/?s={search_term_string}\"},\"query-input\":{\"@type\":\"PropertyValueSpecification\",\"valueRequired\":true,\"valueName\":\"search_term_string\"}}],\"inLanguage\":\"de\"},{\"@type\":\"Organization\",\"@id\":\"https:\\\/\\\/marktxxl.de\\\/markt\\\/#organization\",\"name\":\"Markt-XXL\",\"url\":\"https:\\\/\\\/marktxxl.de\\\/markt\\\/\",\"logo\":{\"@type\":\"ImageObject\",\"inLanguage\":\"de\",\"@id\":\"https:\\\/\\\/marktxxl.de\\\/markt\\\/#\\\/schema\\\/logo\\\/image\\\/\",\"url\":\"https:\\\/\\\/marktxxl.de\\\/markt\\\/wp-content\\\/uploads\\\/sites\\\/3\\\/2020\\\/12\\\/logo.png\",\"contentUrl\":\"https:\\\/\\\/marktxxl.de\\\/markt\\\/wp-content\\\/uploads\\\/sites\\\/3\\\/2020\\\/12\\\/logo.png\",\"width\":200,\"height\":70,\"caption\":\"Markt-XXL\"},\"image\":{\"@id\":\"https:\\\/\\\/marktxxl.de\\\/markt\\\/#\\\/schema\\\/logo\\\/image\\\/\"}}]}<\/script>\n<!-- \/ Yoast SEO plugin. -->","yoast_head_json":{"title":"Hemudu 2 Packungen Monitor Universal H\u00f6henverstellbar dreieckige St\u00e4nder Flachbildfernseher St\u00e4nder Glas Aufsatz\u2026 - Markt-XXL","description":"Markt-XXL Hemudu 2 Packungen Monitor Universal H\u00f6henverstellbar dreieckige St\u00e4nder Flachbildfernseher St\u00e4nder Glas Aufsatz\u2026","robots":{"index":"index","follow":"follow","max-snippet":"max-snippet:-1","max-image-preview":"max-image-preview:large","max-video-preview":"max-video-preview:-1"},"canonical":"https:\/\/marktxxl.de\/markt\/produkt\/monitor-universal-hoehenverstellbar-staender-flachbildfernseher-staender-glas-aufsatz-tischstaender-schwarz-hd01b-203p\/","og_locale":"de_DE","og_type":"article","og_title":"Hemudu 2 Packungen Monitor Universal H\u00f6henverstellbar dreieckige St\u00e4nder Flachbildfernseher St\u00e4nder Glas Aufsatz\u2026 - Markt-XXL","og_description":"Markt-XXL Hemudu 2 Packungen Monitor Universal H\u00f6henverstellbar dreieckige St\u00e4nder Flachbildfernseher St\u00e4nder Glas Aufsatz\u2026","og_url":"https:\/\/marktxxl.de\/markt\/produkt\/monitor-universal-hoehenverstellbar-staender-flachbildfernseher-staender-glas-aufsatz-tischstaender-schwarz-hd01b-203p\/","og_site_name":"Markt-XXL","article_modified_time":"2023-04-11T02:03:12+00:00","og_image":[{"width":500,"height":500,"url":"https:\/\/m.media-amazon.com\/images\/I\/31zzYhZB30L._SL500_.jpg","type":"image\/jpeg"}],"twitter_card":"summary_large_image","twitter_misc":{"Gesch\u00e4tzte Lesezeit":"1\u00a0Minute"},"schema":{"@context":"https:\/\/schema.org","@graph":[{"@type":"WebPage","@id":"https:\/\/marktxxl.de\/markt\/produkt\/monitor-universal-hoehenverstellbar-staender-flachbildfernseher-staender-glas-aufsatz-tischstaender-schwarz-hd01b-203p\/","url":"https:\/\/marktxxl.de\/markt\/produkt\/monitor-universal-hoehenverstellbar-staender-flachbildfernseher-staender-glas-aufsatz-tischstaender-schwarz-hd01b-203p\/","name":"Hemudu 2 Packungen Monitor Universal H\u00f6henverstellbar dreieckige St\u00e4nder Flachbildfernseher St\u00e4nder Glas Aufsatz\u2026 - Markt-XXL","isPartOf":{"@id":"https:\/\/marktxxl.de\/markt\/#website"},"primaryImageOfPage":{"@id":"https:\/\/marktxxl.de\/markt\/produkt\/monitor-universal-hoehenverstellbar-staender-flachbildfernseher-staender-glas-aufsatz-tischstaender-schwarz-hd01b-203p\/#primaryimage"},"image":{"@id":"https:\/\/marktxxl.de\/markt\/produkt\/monitor-universal-hoehenverstellbar-staender-flachbildfernseher-staender-glas-aufsatz-tischstaender-schwarz-hd01b-203p\/#primaryimage"},"thumbnailUrl":"https:\/\/m.media-amazon.com\/images\/I\/31zzYhZB30L._SL500_.jpg","datePublished":"2022-06-14T02:04:19+00:00","dateModified":"2023-04-11T02:03:12+00:00","description":"Markt-XXL Hemudu 2 Packungen Monitor Universal H\u00f6henverstellbar dreieckige St\u00e4nder Flachbildfernseher St\u00e4nder Glas Aufsatz\u2026","breadcrumb":{"@id":"https:\/\/marktxxl.de\/markt\/produkt\/monitor-universal-hoehenverstellbar-staender-flachbildfernseher-staender-glas-aufsatz-tischstaender-schwarz-hd01b-203p\/#breadcrumb"},"inLanguage":"de","potentialAction":[{"@type":"ReadAction","target":["https:\/\/marktxxl.de\/markt\/produkt\/monitor-universal-hoehenverstellbar-staender-flachbildfernseher-staender-glas-aufsatz-tischstaender-schwarz-hd01b-203p\/"]}]},{"@type":"ImageObject","inLanguage":"de","@id":"https:\/\/marktxxl.de\/markt\/produkt\/monitor-universal-hoehenverstellbar-staender-flachbildfernseher-staender-glas-aufsatz-tischstaender-schwarz-hd01b-203p\/#primaryimage","url":"https:\/\/m.media-amazon.com\/images\/I\/31zzYhZB30L._SL500_.jpg","contentUrl":"https:\/\/m.media-amazon.com\/images\/I\/31zzYhZB30L._SL500_.jpg","width":500,"height":500},{"@type":"BreadcrumbList","@id":"https:\/\/marktxxl.de\/markt\/produkt\/monitor-universal-hoehenverstellbar-staender-flachbildfernseher-staender-glas-aufsatz-tischstaender-schwarz-hd01b-203p\/#breadcrumb","itemListElement":[{"@type":"ListItem","position":1,"name":"Startseite","item":"https:\/\/marktxxl.de\/markt\/"},{"@type":"ListItem","position":2,"name":"Markt","item":"https:\/\/marktxxl.de\/markt\/"},{"@type":"ListItem","position":3,"name":"Hemudu 2 Packungen Monitor Universal H\u00f6henverstellbar dreieckige St\u00e4nder Flachbildfernseher St\u00e4nder Glas Aufsatz\u2026"}]},{"@type":"WebSite","@id":"https:\/\/marktxxl.de\/markt\/#website","url":"https:\/\/marktxxl.de\/markt\/","name":"Markt-XXL","description":"Ihr Markt Online","publisher":{"@id":"https:\/\/marktxxl.de\/markt\/#organization"},"potentialAction":[{"@type":"SearchAction","target":{"@type":"EntryPoint","urlTemplate":"https:\/\/marktxxl.de\/markt\/?s={search_term_string}"},"query-input":{"@type":"PropertyValueSpecification","valueRequired":true,"valueName":"search_term_string"}}],"inLanguage":"de"},{"@type":"Organization","@id":"https:\/\/marktxxl.de\/markt\/#organization","name":"Markt-XXL","url":"https:\/\/marktxxl.de\/markt\/","logo":{"@type":"ImageObject","inLanguage":"de","@id":"https:\/\/marktxxl.de\/markt\/#\/schema\/logo\/image\/","url":"https:\/\/marktxxl.de\/markt\/wp-content\/uploads\/sites\/3\/2020\/12\/logo.png","contentUrl":"https:\/\/marktxxl.de\/markt\/wp-content\/uploads\/sites\/3\/2020\/12\/logo.png","width":200,"height":70,"caption":"Markt-XXL"},"image":{"@id":"https:\/\/marktxxl.de\/markt\/#\/schema\/logo\/image\/"}}]}},"_links":{"self":[{"href":"https:\/\/marktxxl.de\/markt\/wp-json\/wp\/v2\/product\/129496","targetHints":{"allow":["GET"]}}],"collection":[{"href":"https:\/\/marktxxl.de\/markt\/wp-json\/wp\/v2\/product"}],"about":[{"href":"https:\/\/marktxxl.de\/markt\/wp-json\/wp\/v2\/types\/product"}],"replies":[{"embeddable":true,"href":"https:\/\/marktxxl.de\/markt\/wp-json\/wp\/v2\/comments?post=129496"}],"wp:featuredmedia":[{"embeddable":true,"href":"https:\/\/marktxxl.de\/markt\/wp-json\/wp\/v2\/media\/129497"}],"wp:attachment":[{"href":"https:\/\/marktxxl.de\/markt\/wp-json\/wp\/v2\/media?parent=129496"}],"wp:term":[{"taxonomy":"product_brand","embeddable":true,"href":"https:\/\/marktxxl.de\/markt\/wp-json\/wp\/v2\/product_brand?post=129496"},{"taxonomy":"product_cat","embeddable":true,"href":"https:\/\/marktxxl.de\/markt\/wp-json\/wp\/v2\/product_cat?post=129496"},{"taxonomy":"product_tag","embeddable":true,"href":"https:\/\/marktxxl.de\/markt\/wp-json\/wp\/v2\/product_tag?post=129496"}],"curies":[{"name":"wp","href":"https:\/\/api.w.org\/{rel}","templated":true}]}}