{"id":129318,"date":"2022-06-14T03:55:37","date_gmt":"2022-06-14T01:55:37","guid":{"rendered":"https:\/\/marktxxl.de\/markt\/produkt\/keenkle-kompatibel-schriftband-fuer-brother-tze231-tze-231-tz231-tz-231-p-touch-baender-12mm-0-47-schwarz-auf-weiss-fuer-brother-beschriftungsgeraet-fuer-ptouch-h105-h110-1000-1005-1010-1280-d4005er\/"},"modified":"2023-04-10T04:06:32","modified_gmt":"2023-04-10T02:06:32","slug":"keenkle-kompatibel-schriftband-fuer-brother-tze231-tze-231-tz231-tz-231-p-touch-baender-12mm-0-47-schwarz-auf-weiss-fuer-brother-beschriftungsgeraet-fuer-ptouch-h105-h110-1000-1005-1010-1280-d4005er","status":"publish","type":"product","link":"https:\/\/marktxxl.de\/markt\/produkt\/keenkle-kompatibel-schriftband-fuer-brother-tze231-tze-231-tz231-tz-231-p-touch-baender-12mm-0-47-schwarz-auf-weiss-fuer-brother-beschriftungsgeraet-fuer-ptouch-h105-h110-1000-1005-1010-1280-d4005er\/","title":{"rendered":"5er-Pack TZE231 TZe-231 Schriftband Kompatibel f\u00fcr Brother TZe 231 TZ231 TZ-231 12mm 0.47 Schwarz auf Wei\u00df f\u00fcr Brother P\u2026"},"content":{"rendered":"<p>KEENKLE TZE231 TZe-231 TZ231 TZ-231 12mm Schriftband B\u00e4nder Perfekt kompatibel f\u00fcr Brother P-touch PT-H105 PT-H110 Beschriftungsger\u00e4t<br \/>\nPackungsinhalt\uff1a5er-Pack Kompatibel Etikettenband band Ersatz f\u00fcr Brother Tze-231 Tze231 Tz-231; Farbe: Schwarz auf wei\u00df. Gr\u00f6\u00dfe: 12mm (Breite) x 8m (L\u00e4nge)<br \/>\nKompatibel f\u00fcr brother beschriftungsger\u00e4t b\u00e4nder, die TZe 12 mm 0.47 wei\u00dfe B\u00e4nder verwenden: PT-H105, PT-H100, PT-H100lb, PT-H100r, PT-H101c, PT-H101GB, PT-H105, PT-H107, P-TH108, PT-H110, PTGL-100, PTE100, PTH105, PT-D200, PT-D200VP, PT-D210, PT-D400, PT-D400AD, PT-D400VP, PT-D450, PT-D600, PT-D600VP, PT-P700, PT- P750W, PT-H100, PT-H300, PT-H300LI, PT-H500LI, PT-1230PC, PT2430PC, PT-9600<br \/>\nProdukteigenschaften: wasserdicht, UV-best\u00e4ndig, kratzfest, \u00f6labweisend, entfernen Sie das Etikett, ohne Klebstoffr\u00fcckst\u00e4nde zu hinterlassen<br \/>\nKEENKLE kompatibles Schriftband kann in verschiedenen Bereichen besser eingesetzt werden. Diese Eigenschaften f\u00fcr den Laboreinsatz erfordern Wasserdichtigkeit, Korrosionsbest\u00e4ndigkeit und starke Haftung, und in der industriellen Fertigung sind \u00d6lbest\u00e4ndigkeit, Verschlei\u00dffestigkeit sowie Hoch- und Tieftemperaturbest\u00e4ndigkeit erforderlich<br \/>\n<div class=\"main-cross-sell\" data-asin=\"B09TSXMBSY\">\n\n\t<div class=\"WooZone-cross-sell-loader\">\n\t\t<div>\n\t\t\t<div id=\"floatingBarsG\">\n\t\t\t\t<div class=\"blockG\" id=\"rotateG_01\"><\/div>\n\t\t\t\t<div class=\"blockG\" id=\"rotateG_02\"><\/div>\n\t\t\t\t<div class=\"blockG\" id=\"rotateG_03\"><\/div>\n\t\t\t\t<div class=\"blockG\" id=\"rotateG_04\"><\/div>\n\t\t\t\t<div class=\"blockG\" id=\"rotateG_05\"><\/div>\n\t\t\t\t<div class=\"blockG\" id=\"rotateG_06\"><\/div>\n\t\t\t\t<div class=\"blockG\" id=\"rotateG_07\"><\/div>\n\t\t\t\t<div class=\"blockG\" id=\"rotateG_08\"><\/div>\n\t\t\t<\/div>\n\t\t\t<div class=\"WooZone-cross-sell-loader-text\"><\/div>\n\t\t<\/div>\n\t<\/div>\n\n\t\t\n<\/div>\n<div style=\"clear:both;\"><\/div><\/p>\n","protected":false},"excerpt":{"rendered":"<p>KEENKLE TZE231 TZe-231 TZ231 TZ-231 12mm Schriftband B\u00e4nder Perfekt kompatibel f\u00fcr Brother P-touch PT-H105 PT-H110 Beschriftungsger\u00e4t<br \/>\nPackungsinhalt\uff1a5er-Pack Kompatibel Etikettenband band Ersatz f\u00fcr Brother Tze-231 Tze231 Tz-231; Farbe: Schwarz auf wei\u00df. Gr\u00f6\u00dfe: 12mm (Breite) x 8m (L\u00e4nge)<br \/>\nKompatibel f\u00fcr brother beschriftungsger\u00e4t b\u00e4nder, die TZe 12 mm 0.47 wei\u00dfe B\u00e4nder verwenden: PT-H105, PT-H100, PT-H100lb, PT-H100r, PT-H101c, PT-H101GB, PT-H105, PT-H107, P-TH108, PT-H110, PTGL-100, PTE100, PTH105, PT-D200, PT-D200VP, PT-D210, PT-D400, PT-D400AD, PT-D400VP, PT-D450, PT-D600, PT-D600VP, PT-P700, PT- P750W, PT-H100, PT-H300, PT-H300LI, PT-H500LI, PT-1230PC, PT2430PC, PT-9600<\/p>\n","protected":false},"featured_media":129319,"comment_status":"open","ping_status":"closed","template":"","meta":[],"product_brand":[],"product_cat":[504],"product_tag":[],"class_list":{"0":"post-129318","1":"product","2":"type-product","3":"status-publish","4":"has-post-thumbnail","6":"product_cat-buerobedarf-schreibwaren","7":"pa_brand-keenkle","8":"pa_color-schwarz-auf-weiss","9":"pa_manufacturer-keenkle-for-brother-tze-231-label-tapes","10":"pa_model-tez231-tze-231-12mm-ruban-detiquette","12":"first","13":"instock","14":"shipping-taxable","15":"purchasable","16":"product-type-simple","17":"customify-col","18":"product-has-gallery"},"yoast_head":"<!-- This site is optimized with the Yoast SEO plugin v27.4 - https:\/\/yoast.com\/product\/yoast-seo-wordpress\/ -->\n<title>5er-Pack TZE231 TZe-231 Schriftband Kompatibel f\u00fcr Brother TZe 231 TZ231 TZ-231 12mm 0.47 Schwarz auf Wei\u00df f\u00fcr Brother P\u2026 - Markt-XXL<\/title>\n<meta name=\"description\" content=\"Markt-XXL 5er-Pack TZE231 TZe-231 Schriftband Kompatibel f\u00fcr Brother TZe 231 TZ231 TZ-231 12mm 0.47 Schwarz auf Wei\u00df f\u00fcr Brother P\u2026\" \/>\n<meta name=\"robots\" content=\"index, follow, max-snippet:-1, max-image-preview:large, max-video-preview:-1\" \/>\n<link rel=\"canonical\" href=\"https:\/\/marktxxl.de\/markt\/produkt\/keenkle-kompatibel-schriftband-fuer-brother-tze231-tze-231-tz231-tz-231-p-touch-baender-12mm-0-47-schwarz-auf-weiss-fuer-brother-beschriftungsgeraet-fuer-ptouch-h105-h110-1000-1005-1010-1280-d4005er\/\" \/>\n<meta property=\"og:locale\" content=\"de_DE\" \/>\n<meta property=\"og:type\" content=\"article\" \/>\n<meta property=\"og:title\" content=\"5er-Pack TZE231 TZe-231 Schriftband Kompatibel f\u00fcr Brother TZe 231 TZ231 TZ-231 12mm 0.47 Schwarz auf Wei\u00df f\u00fcr Brother P\u2026 - Markt-XXL\" \/>\n<meta property=\"og:description\" content=\"Markt-XXL 5er-Pack TZE231 TZe-231 Schriftband Kompatibel f\u00fcr Brother TZe 231 TZ231 TZ-231 12mm 0.47 Schwarz auf Wei\u00df f\u00fcr Brother P\u2026\" \/>\n<meta property=\"og:url\" content=\"https:\/\/marktxxl.de\/markt\/produkt\/keenkle-kompatibel-schriftband-fuer-brother-tze231-tze-231-tz231-tz-231-p-touch-baender-12mm-0-47-schwarz-auf-weiss-fuer-brother-beschriftungsgeraet-fuer-ptouch-h105-h110-1000-1005-1010-1280-d4005er\/\" \/>\n<meta property=\"og:site_name\" content=\"Markt-XXL\" \/>\n<meta property=\"article:modified_time\" content=\"2023-04-10T02:06:32+00:00\" \/>\n<meta property=\"og:image\" content=\"https:\/\/m.media-amazon.com\/images\/I\/51eo1+850NL._SL500_.jpg\" \/>\n\t<meta property=\"og:image:width\" content=\"500\" \/>\n\t<meta property=\"og:image:height\" content=\"500\" \/>\n\t<meta property=\"og:image:type\" content=\"image\/jpeg\" \/>\n<meta name=\"twitter:card\" content=\"summary_large_image\" \/>\n<meta name=\"twitter:label1\" content=\"Gesch\u00e4tzte Lesezeit\" \/>\n\t<meta name=\"twitter:data1\" content=\"1\u00a0Minute\" \/>\n<script type=\"application\/ld+json\" class=\"yoast-schema-graph\">{\"@context\":\"https:\\\/\\\/schema.org\",\"@graph\":[{\"@type\":\"WebPage\",\"@id\":\"https:\\\/\\\/marktxxl.de\\\/markt\\\/produkt\\\/keenkle-kompatibel-schriftband-fuer-brother-tze231-tze-231-tz231-tz-231-p-touch-baender-12mm-0-47-schwarz-auf-weiss-fuer-brother-beschriftungsgeraet-fuer-ptouch-h105-h110-1000-1005-1010-1280-d4005er\\\/\",\"url\":\"https:\\\/\\\/marktxxl.de\\\/markt\\\/produkt\\\/keenkle-kompatibel-schriftband-fuer-brother-tze231-tze-231-tz231-tz-231-p-touch-baender-12mm-0-47-schwarz-auf-weiss-fuer-brother-beschriftungsgeraet-fuer-ptouch-h105-h110-1000-1005-1010-1280-d4005er\\\/\",\"name\":\"5er-Pack TZE231 TZe-231 Schriftband Kompatibel f\u00fcr Brother TZe 231 TZ231 TZ-231 12mm 0.47 Schwarz auf Wei\u00df f\u00fcr Brother P\u2026 - Markt-XXL\",\"isPartOf\":{\"@id\":\"https:\\\/\\\/marktxxl.de\\\/markt\\\/#website\"},\"primaryImageOfPage\":{\"@id\":\"https:\\\/\\\/marktxxl.de\\\/markt\\\/produkt\\\/keenkle-kompatibel-schriftband-fuer-brother-tze231-tze-231-tz231-tz-231-p-touch-baender-12mm-0-47-schwarz-auf-weiss-fuer-brother-beschriftungsgeraet-fuer-ptouch-h105-h110-1000-1005-1010-1280-d4005er\\\/#primaryimage\"},\"image\":{\"@id\":\"https:\\\/\\\/marktxxl.de\\\/markt\\\/produkt\\\/keenkle-kompatibel-schriftband-fuer-brother-tze231-tze-231-tz231-tz-231-p-touch-baender-12mm-0-47-schwarz-auf-weiss-fuer-brother-beschriftungsgeraet-fuer-ptouch-h105-h110-1000-1005-1010-1280-d4005er\\\/#primaryimage\"},\"thumbnailUrl\":\"https:\\\/\\\/m.media-amazon.com\\\/images\\\/I\\\/51eo1+850NL._SL500_.jpg\",\"datePublished\":\"2022-06-14T01:55:37+00:00\",\"dateModified\":\"2023-04-10T02:06:32+00:00\",\"description\":\"Markt-XXL 5er-Pack TZE231 TZe-231 Schriftband Kompatibel f\u00fcr Brother TZe 231 TZ231 TZ-231 12mm 0.47 Schwarz auf Wei\u00df f\u00fcr Brother P\u2026\",\"breadcrumb\":{\"@id\":\"https:\\\/\\\/marktxxl.de\\\/markt\\\/produkt\\\/keenkle-kompatibel-schriftband-fuer-brother-tze231-tze-231-tz231-tz-231-p-touch-baender-12mm-0-47-schwarz-auf-weiss-fuer-brother-beschriftungsgeraet-fuer-ptouch-h105-h110-1000-1005-1010-1280-d4005er\\\/#breadcrumb\"},\"inLanguage\":\"de\",\"potentialAction\":[{\"@type\":\"ReadAction\",\"target\":[\"https:\\\/\\\/marktxxl.de\\\/markt\\\/produkt\\\/keenkle-kompatibel-schriftband-fuer-brother-tze231-tze-231-tz231-tz-231-p-touch-baender-12mm-0-47-schwarz-auf-weiss-fuer-brother-beschriftungsgeraet-fuer-ptouch-h105-h110-1000-1005-1010-1280-d4005er\\\/\"]}]},{\"@type\":\"ImageObject\",\"inLanguage\":\"de\",\"@id\":\"https:\\\/\\\/marktxxl.de\\\/markt\\\/produkt\\\/keenkle-kompatibel-schriftband-fuer-brother-tze231-tze-231-tz231-tz-231-p-touch-baender-12mm-0-47-schwarz-auf-weiss-fuer-brother-beschriftungsgeraet-fuer-ptouch-h105-h110-1000-1005-1010-1280-d4005er\\\/#primaryimage\",\"url\":\"https:\\\/\\\/m.media-amazon.com\\\/images\\\/I\\\/51eo1+850NL._SL500_.jpg\",\"contentUrl\":\"https:\\\/\\\/m.media-amazon.com\\\/images\\\/I\\\/51eo1+850NL._SL500_.jpg\",\"width\":500,\"height\":500},{\"@type\":\"BreadcrumbList\",\"@id\":\"https:\\\/\\\/marktxxl.de\\\/markt\\\/produkt\\\/keenkle-kompatibel-schriftband-fuer-brother-tze231-tze-231-tz231-tz-231-p-touch-baender-12mm-0-47-schwarz-auf-weiss-fuer-brother-beschriftungsgeraet-fuer-ptouch-h105-h110-1000-1005-1010-1280-d4005er\\\/#breadcrumb\",\"itemListElement\":[{\"@type\":\"ListItem\",\"position\":1,\"name\":\"Startseite\",\"item\":\"https:\\\/\\\/marktxxl.de\\\/markt\\\/\"},{\"@type\":\"ListItem\",\"position\":2,\"name\":\"Markt\",\"item\":\"https:\\\/\\\/marktxxl.de\\\/markt\\\/\"},{\"@type\":\"ListItem\",\"position\":3,\"name\":\"5er-Pack TZE231 TZe-231 Schriftband Kompatibel f\u00fcr Brother TZe 231 TZ231 TZ-231 12mm 0.47 Schwarz auf Wei\u00df f\u00fcr Brother P\u2026\"}]},{\"@type\":\"WebSite\",\"@id\":\"https:\\\/\\\/marktxxl.de\\\/markt\\\/#website\",\"url\":\"https:\\\/\\\/marktxxl.de\\\/markt\\\/\",\"name\":\"Markt-XXL\",\"description\":\"Ihr Markt Online\",\"publisher\":{\"@id\":\"https:\\\/\\\/marktxxl.de\\\/markt\\\/#organization\"},\"potentialAction\":[{\"@type\":\"SearchAction\",\"target\":{\"@type\":\"EntryPoint\",\"urlTemplate\":\"https:\\\/\\\/marktxxl.de\\\/markt\\\/?s={search_term_string}\"},\"query-input\":{\"@type\":\"PropertyValueSpecification\",\"valueRequired\":true,\"valueName\":\"search_term_string\"}}],\"inLanguage\":\"de\"},{\"@type\":\"Organization\",\"@id\":\"https:\\\/\\\/marktxxl.de\\\/markt\\\/#organization\",\"name\":\"Markt-XXL\",\"url\":\"https:\\\/\\\/marktxxl.de\\\/markt\\\/\",\"logo\":{\"@type\":\"ImageObject\",\"inLanguage\":\"de\",\"@id\":\"https:\\\/\\\/marktxxl.de\\\/markt\\\/#\\\/schema\\\/logo\\\/image\\\/\",\"url\":\"https:\\\/\\\/marktxxl.de\\\/markt\\\/wp-content\\\/uploads\\\/sites\\\/3\\\/2020\\\/12\\\/logo.png\",\"contentUrl\":\"https:\\\/\\\/marktxxl.de\\\/markt\\\/wp-content\\\/uploads\\\/sites\\\/3\\\/2020\\\/12\\\/logo.png\",\"width\":200,\"height\":70,\"caption\":\"Markt-XXL\"},\"image\":{\"@id\":\"https:\\\/\\\/marktxxl.de\\\/markt\\\/#\\\/schema\\\/logo\\\/image\\\/\"}}]}<\/script>\n<!-- \/ Yoast SEO plugin. -->","yoast_head_json":{"title":"5er-Pack TZE231 TZe-231 Schriftband Kompatibel f\u00fcr Brother TZe 231 TZ231 TZ-231 12mm 0.47 Schwarz auf Wei\u00df f\u00fcr Brother P\u2026 - Markt-XXL","description":"Markt-XXL 5er-Pack TZE231 TZe-231 Schriftband Kompatibel f\u00fcr Brother TZe 231 TZ231 TZ-231 12mm 0.47 Schwarz auf Wei\u00df f\u00fcr Brother P\u2026","robots":{"index":"index","follow":"follow","max-snippet":"max-snippet:-1","max-image-preview":"max-image-preview:large","max-video-preview":"max-video-preview:-1"},"canonical":"https:\/\/marktxxl.de\/markt\/produkt\/keenkle-kompatibel-schriftband-fuer-brother-tze231-tze-231-tz231-tz-231-p-touch-baender-12mm-0-47-schwarz-auf-weiss-fuer-brother-beschriftungsgeraet-fuer-ptouch-h105-h110-1000-1005-1010-1280-d4005er\/","og_locale":"de_DE","og_type":"article","og_title":"5er-Pack TZE231 TZe-231 Schriftband Kompatibel f\u00fcr Brother TZe 231 TZ231 TZ-231 12mm 0.47 Schwarz auf Wei\u00df f\u00fcr Brother P\u2026 - Markt-XXL","og_description":"Markt-XXL 5er-Pack TZE231 TZe-231 Schriftband Kompatibel f\u00fcr Brother TZe 231 TZ231 TZ-231 12mm 0.47 Schwarz auf Wei\u00df f\u00fcr Brother P\u2026","og_url":"https:\/\/marktxxl.de\/markt\/produkt\/keenkle-kompatibel-schriftband-fuer-brother-tze231-tze-231-tz231-tz-231-p-touch-baender-12mm-0-47-schwarz-auf-weiss-fuer-brother-beschriftungsgeraet-fuer-ptouch-h105-h110-1000-1005-1010-1280-d4005er\/","og_site_name":"Markt-XXL","article_modified_time":"2023-04-10T02:06:32+00:00","og_image":[{"width":500,"height":500,"url":"https:\/\/m.media-amazon.com\/images\/I\/51eo1+850NL._SL500_.jpg","type":"image\/jpeg"}],"twitter_card":"summary_large_image","twitter_misc":{"Gesch\u00e4tzte Lesezeit":"1\u00a0Minute"},"schema":{"@context":"https:\/\/schema.org","@graph":[{"@type":"WebPage","@id":"https:\/\/marktxxl.de\/markt\/produkt\/keenkle-kompatibel-schriftband-fuer-brother-tze231-tze-231-tz231-tz-231-p-touch-baender-12mm-0-47-schwarz-auf-weiss-fuer-brother-beschriftungsgeraet-fuer-ptouch-h105-h110-1000-1005-1010-1280-d4005er\/","url":"https:\/\/marktxxl.de\/markt\/produkt\/keenkle-kompatibel-schriftband-fuer-brother-tze231-tze-231-tz231-tz-231-p-touch-baender-12mm-0-47-schwarz-auf-weiss-fuer-brother-beschriftungsgeraet-fuer-ptouch-h105-h110-1000-1005-1010-1280-d4005er\/","name":"5er-Pack TZE231 TZe-231 Schriftband Kompatibel f\u00fcr Brother TZe 231 TZ231 TZ-231 12mm 0.47 Schwarz auf Wei\u00df f\u00fcr Brother P\u2026 - Markt-XXL","isPartOf":{"@id":"https:\/\/marktxxl.de\/markt\/#website"},"primaryImageOfPage":{"@id":"https:\/\/marktxxl.de\/markt\/produkt\/keenkle-kompatibel-schriftband-fuer-brother-tze231-tze-231-tz231-tz-231-p-touch-baender-12mm-0-47-schwarz-auf-weiss-fuer-brother-beschriftungsgeraet-fuer-ptouch-h105-h110-1000-1005-1010-1280-d4005er\/#primaryimage"},"image":{"@id":"https:\/\/marktxxl.de\/markt\/produkt\/keenkle-kompatibel-schriftband-fuer-brother-tze231-tze-231-tz231-tz-231-p-touch-baender-12mm-0-47-schwarz-auf-weiss-fuer-brother-beschriftungsgeraet-fuer-ptouch-h105-h110-1000-1005-1010-1280-d4005er\/#primaryimage"},"thumbnailUrl":"https:\/\/m.media-amazon.com\/images\/I\/51eo1+850NL._SL500_.jpg","datePublished":"2022-06-14T01:55:37+00:00","dateModified":"2023-04-10T02:06:32+00:00","description":"Markt-XXL 5er-Pack TZE231 TZe-231 Schriftband Kompatibel f\u00fcr Brother TZe 231 TZ231 TZ-231 12mm 0.47 Schwarz auf Wei\u00df f\u00fcr Brother P\u2026","breadcrumb":{"@id":"https:\/\/marktxxl.de\/markt\/produkt\/keenkle-kompatibel-schriftband-fuer-brother-tze231-tze-231-tz231-tz-231-p-touch-baender-12mm-0-47-schwarz-auf-weiss-fuer-brother-beschriftungsgeraet-fuer-ptouch-h105-h110-1000-1005-1010-1280-d4005er\/#breadcrumb"},"inLanguage":"de","potentialAction":[{"@type":"ReadAction","target":["https:\/\/marktxxl.de\/markt\/produkt\/keenkle-kompatibel-schriftband-fuer-brother-tze231-tze-231-tz231-tz-231-p-touch-baender-12mm-0-47-schwarz-auf-weiss-fuer-brother-beschriftungsgeraet-fuer-ptouch-h105-h110-1000-1005-1010-1280-d4005er\/"]}]},{"@type":"ImageObject","inLanguage":"de","@id":"https:\/\/marktxxl.de\/markt\/produkt\/keenkle-kompatibel-schriftband-fuer-brother-tze231-tze-231-tz231-tz-231-p-touch-baender-12mm-0-47-schwarz-auf-weiss-fuer-brother-beschriftungsgeraet-fuer-ptouch-h105-h110-1000-1005-1010-1280-d4005er\/#primaryimage","url":"https:\/\/m.media-amazon.com\/images\/I\/51eo1+850NL._SL500_.jpg","contentUrl":"https:\/\/m.media-amazon.com\/images\/I\/51eo1+850NL._SL500_.jpg","width":500,"height":500},{"@type":"BreadcrumbList","@id":"https:\/\/marktxxl.de\/markt\/produkt\/keenkle-kompatibel-schriftband-fuer-brother-tze231-tze-231-tz231-tz-231-p-touch-baender-12mm-0-47-schwarz-auf-weiss-fuer-brother-beschriftungsgeraet-fuer-ptouch-h105-h110-1000-1005-1010-1280-d4005er\/#breadcrumb","itemListElement":[{"@type":"ListItem","position":1,"name":"Startseite","item":"https:\/\/marktxxl.de\/markt\/"},{"@type":"ListItem","position":2,"name":"Markt","item":"https:\/\/marktxxl.de\/markt\/"},{"@type":"ListItem","position":3,"name":"5er-Pack TZE231 TZe-231 Schriftband Kompatibel f\u00fcr Brother TZe 231 TZ231 TZ-231 12mm 0.47 Schwarz auf Wei\u00df f\u00fcr Brother P\u2026"}]},{"@type":"WebSite","@id":"https:\/\/marktxxl.de\/markt\/#website","url":"https:\/\/marktxxl.de\/markt\/","name":"Markt-XXL","description":"Ihr Markt Online","publisher":{"@id":"https:\/\/marktxxl.de\/markt\/#organization"},"potentialAction":[{"@type":"SearchAction","target":{"@type":"EntryPoint","urlTemplate":"https:\/\/marktxxl.de\/markt\/?s={search_term_string}"},"query-input":{"@type":"PropertyValueSpecification","valueRequired":true,"valueName":"search_term_string"}}],"inLanguage":"de"},{"@type":"Organization","@id":"https:\/\/marktxxl.de\/markt\/#organization","name":"Markt-XXL","url":"https:\/\/marktxxl.de\/markt\/","logo":{"@type":"ImageObject","inLanguage":"de","@id":"https:\/\/marktxxl.de\/markt\/#\/schema\/logo\/image\/","url":"https:\/\/marktxxl.de\/markt\/wp-content\/uploads\/sites\/3\/2020\/12\/logo.png","contentUrl":"https:\/\/marktxxl.de\/markt\/wp-content\/uploads\/sites\/3\/2020\/12\/logo.png","width":200,"height":70,"caption":"Markt-XXL"},"image":{"@id":"https:\/\/marktxxl.de\/markt\/#\/schema\/logo\/image\/"}}]}},"_links":{"self":[{"href":"https:\/\/marktxxl.de\/markt\/wp-json\/wp\/v2\/product\/129318","targetHints":{"allow":["GET"]}}],"collection":[{"href":"https:\/\/marktxxl.de\/markt\/wp-json\/wp\/v2\/product"}],"about":[{"href":"https:\/\/marktxxl.de\/markt\/wp-json\/wp\/v2\/types\/product"}],"replies":[{"embeddable":true,"href":"https:\/\/marktxxl.de\/markt\/wp-json\/wp\/v2\/comments?post=129318"}],"wp:featuredmedia":[{"embeddable":true,"href":"https:\/\/marktxxl.de\/markt\/wp-json\/wp\/v2\/media\/129319"}],"wp:attachment":[{"href":"https:\/\/marktxxl.de\/markt\/wp-json\/wp\/v2\/media?parent=129318"}],"wp:term":[{"taxonomy":"product_brand","embeddable":true,"href":"https:\/\/marktxxl.de\/markt\/wp-json\/wp\/v2\/product_brand?post=129318"},{"taxonomy":"product_cat","embeddable":true,"href":"https:\/\/marktxxl.de\/markt\/wp-json\/wp\/v2\/product_cat?post=129318"},{"taxonomy":"product_tag","embeddable":true,"href":"https:\/\/marktxxl.de\/markt\/wp-json\/wp\/v2\/product_tag?post=129318"}],"curies":[{"name":"wp","href":"https:\/\/api.w.org\/{rel}","templated":true}]}}