{"id":129299,"date":"2022-06-14T03:55:12","date_gmt":"2022-06-14T01:55:12","guid":{"rendered":"https:\/\/marktxxl.de\/markt\/produkt\/youngdeco-lampe-fuer-kinderzimmer-und-babyzimmer-wolke-auf-pastellgrau-2xe27-o38cm-grosser-stofflampenschirm-skandinavische-kinderzimmer-deko-komplette-deckenlampe-hergestellt-in-der-eu\/"},"modified":"2023-04-10T04:06:31","modified_gmt":"2023-04-10T02:06:31","slug":"youngdeco-lampe-fuer-kinderzimmer-und-babyzimmer-wolke-auf-pastellgrau-2xe27-o38cm-grosser-stofflampenschirm-skandinavische-kinderzimmer-deko-komplette-deckenlampe-hergestellt-in-der-eu","status":"publish","type":"product","link":"https:\/\/marktxxl.de\/markt\/produkt\/youngdeco-lampe-fuer-kinderzimmer-und-babyzimmer-wolke-auf-pastellgrau-2xe27-o38cm-grosser-stofflampenschirm-skandinavische-kinderzimmer-deko-komplette-deckenlampe-hergestellt-in-der-eu\/","title":{"rendered":"youngDECO\u00ae Pendellampe 2xE27, extra Lichtdiffusor, Lampe Wolke auf Pastellgrau, \u00d838cm gro\u00dfer Stofflampenschirm\u2026"},"content":{"rendered":"<p>\u2b50\ufe0fPREMIUM-QUALIT\u00c4T: H\u00e4ngeleuchte hergestellt in der EU. Au\u00dfen hochwertig 100% natural Baumwolle mit Oeko Tex Standard 100 Certificat.<br \/>\n\u2b50\ufe0fLIEFERUMFANG: Komplette H\u00e4ngelampe 1.gro\u00dfer Lampenschirm: Durchmesser 38cm und H\u00f6he 24cm (fertig zum Aufh\u00e4ngen, erfordert keine komplizierte Selbstorganisation) 2.regulierbare Kabell\u00e4nge max 45cm 3. Adapter fur 2xE27 Leuchtmittel. Es k\u00f6nnen 1 oder 2 Lampen verwendet werden. 4. Leuchtmittel nicht inclusive!<br \/>\n\u2b50\ufe0fKINDERZIMMER DEKO: Pendelleuchte mit modischen Wolken-Motiv sorgt fur eine tolle Atmosph\u00e4re in Kinderzimmer und Babyzimmer. Die sanfte Graufarbe erzeugt ein warmes und sanftes Licht in M\u00e4dchen- &amp; Jungenzimmern. Sch\u00f6ne Pendellampe.<br \/>\n\u2b50\ufe0fREINIGUNG: Au\u00dfen Baumwolle sollte mit einer B\u00fcrste mit langen Borsten abgesaugt werden, der innere Teil mit einem feuchten Tuch.<br \/>\n<div class=\"main-cross-sell\" data-asin=\"B08LLBNC8P\">\n\n\t<div class=\"WooZone-cross-sell-loader\">\n\t\t<div>\n\t\t\t<div id=\"floatingBarsG\">\n\t\t\t\t<div class=\"blockG\" id=\"rotateG_01\"><\/div>\n\t\t\t\t<div class=\"blockG\" id=\"rotateG_02\"><\/div>\n\t\t\t\t<div class=\"blockG\" id=\"rotateG_03\"><\/div>\n\t\t\t\t<div class=\"blockG\" id=\"rotateG_04\"><\/div>\n\t\t\t\t<div class=\"blockG\" id=\"rotateG_05\"><\/div>\n\t\t\t\t<div class=\"blockG\" id=\"rotateG_06\"><\/div>\n\t\t\t\t<div class=\"blockG\" id=\"rotateG_07\"><\/div>\n\t\t\t\t<div class=\"blockG\" id=\"rotateG_08\"><\/div>\n\t\t\t<\/div>\n\t\t\t<div class=\"WooZone-cross-sell-loader-text\"><\/div>\n\t\t<\/div>\n\t<\/div>\n\n\t\t\n<\/div>\n<div style=\"clear:both;\"><\/div><\/p>\n","protected":false},"excerpt":{"rendered":"<p>\u2b50\ufe0fPREMIUM-QUALIT\u00c4T: H\u00e4ngeleuchte hergestellt in der EU. Au\u00dfen hochwertig 100% natural Baumwolle mit Oeko Tex Standard 100 Certificat.<br \/>\n\u2b50\ufe0fLIEFERUMFANG: Komplette H\u00e4ngelampe 1.gro\u00dfer Lampenschirm: Durchmesser 38cm und H\u00f6he 24cm (fertig zum Aufh\u00e4ngen, erfordert keine komplizierte Selbstorganisation) 2.regulierbare Kabell\u00e4nge max 45cm 3. Adapter fur 2xE27 Leuchtmittel. Es k\u00f6nnen 1 oder 2 Lampen verwendet werden. 4. Leuchtmittel nicht inclusive!<br \/>\n\u2b50\ufe0fKINDERZIMMER DEKO: Pendelleuchte mit modischen Wolken-Motiv sorgt fur eine tolle Atmosph\u00e4re in Kinderzimmer und Babyzimmer. Die sanfte Graufarbe erzeugt ein warmes und sanftes Licht in M\u00e4dchen- &amp; Jungenzimmern. Sch\u00f6ne Pendellampe.<\/p>\n","protected":false},"featured_media":129300,"comment_status":"open","ping_status":"closed","template":"","meta":[],"product_brand":[],"product_cat":[2108,11509],"product_tag":[],"class_list":{"0":"post-129299","1":"product","2":"type-product","3":"status-publish","4":"has-post-thumbnail","6":"product_cat-beleuchtung","7":"product_cat-innenbeleuchtung","8":"pa_brand-youngdeco","9":"pa_color-weiss","10":"pa_manufacturer-youngdeco","11":"pa_size-2-stueck-1er-pack","13":"first","14":"instock","15":"shipping-taxable","16":"purchasable","17":"product-type-simple","18":"customify-col","19":"product-has-gallery"},"yoast_head":"<!-- This site is optimized with the Yoast SEO plugin v27.4 - https:\/\/yoast.com\/product\/yoast-seo-wordpress\/ -->\n<title>youngDECO\u00ae Pendellampe 2xE27, extra Lichtdiffusor, Lampe Wolke auf Pastellgrau, \u00d838cm gro\u00dfer Stofflampenschirm\u2026 - Markt-XXL<\/title>\n<meta name=\"description\" content=\"Markt-XXL youngDECO\u00ae Pendellampe 2xE27, extra Lichtdiffusor, Lampe Wolke auf Pastellgrau, \u00d838cm gro\u00dfer Stofflampenschirm\u2026\" \/>\n<meta name=\"robots\" content=\"index, follow, max-snippet:-1, max-image-preview:large, max-video-preview:-1\" \/>\n<link rel=\"canonical\" href=\"https:\/\/marktxxl.de\/markt\/produkt\/youngdeco-lampe-fuer-kinderzimmer-und-babyzimmer-wolke-auf-pastellgrau-2xe27-o38cm-grosser-stofflampenschirm-skandinavische-kinderzimmer-deko-komplette-deckenlampe-hergestellt-in-der-eu\/\" \/>\n<meta property=\"og:locale\" content=\"de_DE\" \/>\n<meta property=\"og:type\" content=\"article\" \/>\n<meta property=\"og:title\" content=\"youngDECO\u00ae Pendellampe 2xE27, extra Lichtdiffusor, Lampe Wolke auf Pastellgrau, \u00d838cm gro\u00dfer Stofflampenschirm\u2026 - Markt-XXL\" \/>\n<meta property=\"og:description\" content=\"Markt-XXL youngDECO\u00ae Pendellampe 2xE27, extra Lichtdiffusor, Lampe Wolke auf Pastellgrau, \u00d838cm gro\u00dfer Stofflampenschirm\u2026\" \/>\n<meta property=\"og:url\" content=\"https:\/\/marktxxl.de\/markt\/produkt\/youngdeco-lampe-fuer-kinderzimmer-und-babyzimmer-wolke-auf-pastellgrau-2xe27-o38cm-grosser-stofflampenschirm-skandinavische-kinderzimmer-deko-komplette-deckenlampe-hergestellt-in-der-eu\/\" \/>\n<meta property=\"og:site_name\" content=\"Markt-XXL\" \/>\n<meta property=\"article:modified_time\" content=\"2023-04-10T02:06:31+00:00\" \/>\n<meta property=\"og:image\" content=\"https:\/\/m.media-amazon.com\/images\/I\/41nOV+i8nNL._SL500_.jpg\" \/>\n\t<meta property=\"og:image:width\" content=\"500\" \/>\n\t<meta property=\"og:image:height\" content=\"500\" \/>\n\t<meta property=\"og:image:type\" content=\"image\/jpeg\" \/>\n<meta name=\"twitter:card\" content=\"summary_large_image\" \/>\n<meta name=\"twitter:label1\" content=\"Gesch\u00e4tzte Lesezeit\" \/>\n\t<meta name=\"twitter:data1\" content=\"1\u00a0Minute\" \/>\n<script type=\"application\/ld+json\" class=\"yoast-schema-graph\">{\"@context\":\"https:\\\/\\\/schema.org\",\"@graph\":[{\"@type\":\"WebPage\",\"@id\":\"https:\\\/\\\/marktxxl.de\\\/markt\\\/produkt\\\/youngdeco-lampe-fuer-kinderzimmer-und-babyzimmer-wolke-auf-pastellgrau-2xe27-o38cm-grosser-stofflampenschirm-skandinavische-kinderzimmer-deko-komplette-deckenlampe-hergestellt-in-der-eu\\\/\",\"url\":\"https:\\\/\\\/marktxxl.de\\\/markt\\\/produkt\\\/youngdeco-lampe-fuer-kinderzimmer-und-babyzimmer-wolke-auf-pastellgrau-2xe27-o38cm-grosser-stofflampenschirm-skandinavische-kinderzimmer-deko-komplette-deckenlampe-hergestellt-in-der-eu\\\/\",\"name\":\"youngDECO\u00ae Pendellampe 2xE27, extra Lichtdiffusor, Lampe Wolke auf Pastellgrau, \u00d838cm gro\u00dfer Stofflampenschirm\u2026 - Markt-XXL\",\"isPartOf\":{\"@id\":\"https:\\\/\\\/marktxxl.de\\\/markt\\\/#website\"},\"primaryImageOfPage\":{\"@id\":\"https:\\\/\\\/marktxxl.de\\\/markt\\\/produkt\\\/youngdeco-lampe-fuer-kinderzimmer-und-babyzimmer-wolke-auf-pastellgrau-2xe27-o38cm-grosser-stofflampenschirm-skandinavische-kinderzimmer-deko-komplette-deckenlampe-hergestellt-in-der-eu\\\/#primaryimage\"},\"image\":{\"@id\":\"https:\\\/\\\/marktxxl.de\\\/markt\\\/produkt\\\/youngdeco-lampe-fuer-kinderzimmer-und-babyzimmer-wolke-auf-pastellgrau-2xe27-o38cm-grosser-stofflampenschirm-skandinavische-kinderzimmer-deko-komplette-deckenlampe-hergestellt-in-der-eu\\\/#primaryimage\"},\"thumbnailUrl\":\"https:\\\/\\\/m.media-amazon.com\\\/images\\\/I\\\/41nOV+i8nNL._SL500_.jpg\",\"datePublished\":\"2022-06-14T01:55:12+00:00\",\"dateModified\":\"2023-04-10T02:06:31+00:00\",\"description\":\"Markt-XXL youngDECO\u00ae Pendellampe 2xE27, extra Lichtdiffusor, Lampe Wolke auf Pastellgrau, \u00d838cm gro\u00dfer Stofflampenschirm\u2026\",\"breadcrumb\":{\"@id\":\"https:\\\/\\\/marktxxl.de\\\/markt\\\/produkt\\\/youngdeco-lampe-fuer-kinderzimmer-und-babyzimmer-wolke-auf-pastellgrau-2xe27-o38cm-grosser-stofflampenschirm-skandinavische-kinderzimmer-deko-komplette-deckenlampe-hergestellt-in-der-eu\\\/#breadcrumb\"},\"inLanguage\":\"de\",\"potentialAction\":[{\"@type\":\"ReadAction\",\"target\":[\"https:\\\/\\\/marktxxl.de\\\/markt\\\/produkt\\\/youngdeco-lampe-fuer-kinderzimmer-und-babyzimmer-wolke-auf-pastellgrau-2xe27-o38cm-grosser-stofflampenschirm-skandinavische-kinderzimmer-deko-komplette-deckenlampe-hergestellt-in-der-eu\\\/\"]}]},{\"@type\":\"ImageObject\",\"inLanguage\":\"de\",\"@id\":\"https:\\\/\\\/marktxxl.de\\\/markt\\\/produkt\\\/youngdeco-lampe-fuer-kinderzimmer-und-babyzimmer-wolke-auf-pastellgrau-2xe27-o38cm-grosser-stofflampenschirm-skandinavische-kinderzimmer-deko-komplette-deckenlampe-hergestellt-in-der-eu\\\/#primaryimage\",\"url\":\"https:\\\/\\\/m.media-amazon.com\\\/images\\\/I\\\/41nOV+i8nNL._SL500_.jpg\",\"contentUrl\":\"https:\\\/\\\/m.media-amazon.com\\\/images\\\/I\\\/41nOV+i8nNL._SL500_.jpg\",\"width\":500,\"height\":500},{\"@type\":\"BreadcrumbList\",\"@id\":\"https:\\\/\\\/marktxxl.de\\\/markt\\\/produkt\\\/youngdeco-lampe-fuer-kinderzimmer-und-babyzimmer-wolke-auf-pastellgrau-2xe27-o38cm-grosser-stofflampenschirm-skandinavische-kinderzimmer-deko-komplette-deckenlampe-hergestellt-in-der-eu\\\/#breadcrumb\",\"itemListElement\":[{\"@type\":\"ListItem\",\"position\":1,\"name\":\"Startseite\",\"item\":\"https:\\\/\\\/marktxxl.de\\\/markt\\\/\"},{\"@type\":\"ListItem\",\"position\":2,\"name\":\"Markt\",\"item\":\"https:\\\/\\\/marktxxl.de\\\/markt\\\/\"},{\"@type\":\"ListItem\",\"position\":3,\"name\":\"youngDECO\u00ae Pendellampe 2xE27, extra Lichtdiffusor, Lampe Wolke auf Pastellgrau, \u00d838cm gro\u00dfer Stofflampenschirm\u2026\"}]},{\"@type\":\"WebSite\",\"@id\":\"https:\\\/\\\/marktxxl.de\\\/markt\\\/#website\",\"url\":\"https:\\\/\\\/marktxxl.de\\\/markt\\\/\",\"name\":\"Markt-XXL\",\"description\":\"Ihr Markt Online\",\"publisher\":{\"@id\":\"https:\\\/\\\/marktxxl.de\\\/markt\\\/#organization\"},\"potentialAction\":[{\"@type\":\"SearchAction\",\"target\":{\"@type\":\"EntryPoint\",\"urlTemplate\":\"https:\\\/\\\/marktxxl.de\\\/markt\\\/?s={search_term_string}\"},\"query-input\":{\"@type\":\"PropertyValueSpecification\",\"valueRequired\":true,\"valueName\":\"search_term_string\"}}],\"inLanguage\":\"de\"},{\"@type\":\"Organization\",\"@id\":\"https:\\\/\\\/marktxxl.de\\\/markt\\\/#organization\",\"name\":\"Markt-XXL\",\"url\":\"https:\\\/\\\/marktxxl.de\\\/markt\\\/\",\"logo\":{\"@type\":\"ImageObject\",\"inLanguage\":\"de\",\"@id\":\"https:\\\/\\\/marktxxl.de\\\/markt\\\/#\\\/schema\\\/logo\\\/image\\\/\",\"url\":\"https:\\\/\\\/marktxxl.de\\\/markt\\\/wp-content\\\/uploads\\\/sites\\\/3\\\/2020\\\/12\\\/logo.png\",\"contentUrl\":\"https:\\\/\\\/marktxxl.de\\\/markt\\\/wp-content\\\/uploads\\\/sites\\\/3\\\/2020\\\/12\\\/logo.png\",\"width\":200,\"height\":70,\"caption\":\"Markt-XXL\"},\"image\":{\"@id\":\"https:\\\/\\\/marktxxl.de\\\/markt\\\/#\\\/schema\\\/logo\\\/image\\\/\"}}]}<\/script>\n<!-- \/ Yoast SEO plugin. -->","yoast_head_json":{"title":"youngDECO\u00ae Pendellampe 2xE27, extra Lichtdiffusor, Lampe Wolke auf Pastellgrau, \u00d838cm gro\u00dfer Stofflampenschirm\u2026 - Markt-XXL","description":"Markt-XXL youngDECO\u00ae Pendellampe 2xE27, extra Lichtdiffusor, Lampe Wolke auf Pastellgrau, \u00d838cm gro\u00dfer Stofflampenschirm\u2026","robots":{"index":"index","follow":"follow","max-snippet":"max-snippet:-1","max-image-preview":"max-image-preview:large","max-video-preview":"max-video-preview:-1"},"canonical":"https:\/\/marktxxl.de\/markt\/produkt\/youngdeco-lampe-fuer-kinderzimmer-und-babyzimmer-wolke-auf-pastellgrau-2xe27-o38cm-grosser-stofflampenschirm-skandinavische-kinderzimmer-deko-komplette-deckenlampe-hergestellt-in-der-eu\/","og_locale":"de_DE","og_type":"article","og_title":"youngDECO\u00ae Pendellampe 2xE27, extra Lichtdiffusor, Lampe Wolke auf Pastellgrau, \u00d838cm gro\u00dfer Stofflampenschirm\u2026 - Markt-XXL","og_description":"Markt-XXL youngDECO\u00ae Pendellampe 2xE27, extra Lichtdiffusor, Lampe Wolke auf Pastellgrau, \u00d838cm gro\u00dfer Stofflampenschirm\u2026","og_url":"https:\/\/marktxxl.de\/markt\/produkt\/youngdeco-lampe-fuer-kinderzimmer-und-babyzimmer-wolke-auf-pastellgrau-2xe27-o38cm-grosser-stofflampenschirm-skandinavische-kinderzimmer-deko-komplette-deckenlampe-hergestellt-in-der-eu\/","og_site_name":"Markt-XXL","article_modified_time":"2023-04-10T02:06:31+00:00","og_image":[{"width":500,"height":500,"url":"https:\/\/m.media-amazon.com\/images\/I\/41nOV+i8nNL._SL500_.jpg","type":"image\/jpeg"}],"twitter_card":"summary_large_image","twitter_misc":{"Gesch\u00e4tzte Lesezeit":"1\u00a0Minute"},"schema":{"@context":"https:\/\/schema.org","@graph":[{"@type":"WebPage","@id":"https:\/\/marktxxl.de\/markt\/produkt\/youngdeco-lampe-fuer-kinderzimmer-und-babyzimmer-wolke-auf-pastellgrau-2xe27-o38cm-grosser-stofflampenschirm-skandinavische-kinderzimmer-deko-komplette-deckenlampe-hergestellt-in-der-eu\/","url":"https:\/\/marktxxl.de\/markt\/produkt\/youngdeco-lampe-fuer-kinderzimmer-und-babyzimmer-wolke-auf-pastellgrau-2xe27-o38cm-grosser-stofflampenschirm-skandinavische-kinderzimmer-deko-komplette-deckenlampe-hergestellt-in-der-eu\/","name":"youngDECO\u00ae Pendellampe 2xE27, extra Lichtdiffusor, Lampe Wolke auf Pastellgrau, \u00d838cm gro\u00dfer Stofflampenschirm\u2026 - Markt-XXL","isPartOf":{"@id":"https:\/\/marktxxl.de\/markt\/#website"},"primaryImageOfPage":{"@id":"https:\/\/marktxxl.de\/markt\/produkt\/youngdeco-lampe-fuer-kinderzimmer-und-babyzimmer-wolke-auf-pastellgrau-2xe27-o38cm-grosser-stofflampenschirm-skandinavische-kinderzimmer-deko-komplette-deckenlampe-hergestellt-in-der-eu\/#primaryimage"},"image":{"@id":"https:\/\/marktxxl.de\/markt\/produkt\/youngdeco-lampe-fuer-kinderzimmer-und-babyzimmer-wolke-auf-pastellgrau-2xe27-o38cm-grosser-stofflampenschirm-skandinavische-kinderzimmer-deko-komplette-deckenlampe-hergestellt-in-der-eu\/#primaryimage"},"thumbnailUrl":"https:\/\/m.media-amazon.com\/images\/I\/41nOV+i8nNL._SL500_.jpg","datePublished":"2022-06-14T01:55:12+00:00","dateModified":"2023-04-10T02:06:31+00:00","description":"Markt-XXL youngDECO\u00ae Pendellampe 2xE27, extra Lichtdiffusor, Lampe Wolke auf Pastellgrau, \u00d838cm gro\u00dfer Stofflampenschirm\u2026","breadcrumb":{"@id":"https:\/\/marktxxl.de\/markt\/produkt\/youngdeco-lampe-fuer-kinderzimmer-und-babyzimmer-wolke-auf-pastellgrau-2xe27-o38cm-grosser-stofflampenschirm-skandinavische-kinderzimmer-deko-komplette-deckenlampe-hergestellt-in-der-eu\/#breadcrumb"},"inLanguage":"de","potentialAction":[{"@type":"ReadAction","target":["https:\/\/marktxxl.de\/markt\/produkt\/youngdeco-lampe-fuer-kinderzimmer-und-babyzimmer-wolke-auf-pastellgrau-2xe27-o38cm-grosser-stofflampenschirm-skandinavische-kinderzimmer-deko-komplette-deckenlampe-hergestellt-in-der-eu\/"]}]},{"@type":"ImageObject","inLanguage":"de","@id":"https:\/\/marktxxl.de\/markt\/produkt\/youngdeco-lampe-fuer-kinderzimmer-und-babyzimmer-wolke-auf-pastellgrau-2xe27-o38cm-grosser-stofflampenschirm-skandinavische-kinderzimmer-deko-komplette-deckenlampe-hergestellt-in-der-eu\/#primaryimage","url":"https:\/\/m.media-amazon.com\/images\/I\/41nOV+i8nNL._SL500_.jpg","contentUrl":"https:\/\/m.media-amazon.com\/images\/I\/41nOV+i8nNL._SL500_.jpg","width":500,"height":500},{"@type":"BreadcrumbList","@id":"https:\/\/marktxxl.de\/markt\/produkt\/youngdeco-lampe-fuer-kinderzimmer-und-babyzimmer-wolke-auf-pastellgrau-2xe27-o38cm-grosser-stofflampenschirm-skandinavische-kinderzimmer-deko-komplette-deckenlampe-hergestellt-in-der-eu\/#breadcrumb","itemListElement":[{"@type":"ListItem","position":1,"name":"Startseite","item":"https:\/\/marktxxl.de\/markt\/"},{"@type":"ListItem","position":2,"name":"Markt","item":"https:\/\/marktxxl.de\/markt\/"},{"@type":"ListItem","position":3,"name":"youngDECO\u00ae Pendellampe 2xE27, extra Lichtdiffusor, Lampe Wolke auf Pastellgrau, \u00d838cm gro\u00dfer Stofflampenschirm\u2026"}]},{"@type":"WebSite","@id":"https:\/\/marktxxl.de\/markt\/#website","url":"https:\/\/marktxxl.de\/markt\/","name":"Markt-XXL","description":"Ihr Markt Online","publisher":{"@id":"https:\/\/marktxxl.de\/markt\/#organization"},"potentialAction":[{"@type":"SearchAction","target":{"@type":"EntryPoint","urlTemplate":"https:\/\/marktxxl.de\/markt\/?s={search_term_string}"},"query-input":{"@type":"PropertyValueSpecification","valueRequired":true,"valueName":"search_term_string"}}],"inLanguage":"de"},{"@type":"Organization","@id":"https:\/\/marktxxl.de\/markt\/#organization","name":"Markt-XXL","url":"https:\/\/marktxxl.de\/markt\/","logo":{"@type":"ImageObject","inLanguage":"de","@id":"https:\/\/marktxxl.de\/markt\/#\/schema\/logo\/image\/","url":"https:\/\/marktxxl.de\/markt\/wp-content\/uploads\/sites\/3\/2020\/12\/logo.png","contentUrl":"https:\/\/marktxxl.de\/markt\/wp-content\/uploads\/sites\/3\/2020\/12\/logo.png","width":200,"height":70,"caption":"Markt-XXL"},"image":{"@id":"https:\/\/marktxxl.de\/markt\/#\/schema\/logo\/image\/"}}]}},"_links":{"self":[{"href":"https:\/\/marktxxl.de\/markt\/wp-json\/wp\/v2\/product\/129299","targetHints":{"allow":["GET"]}}],"collection":[{"href":"https:\/\/marktxxl.de\/markt\/wp-json\/wp\/v2\/product"}],"about":[{"href":"https:\/\/marktxxl.de\/markt\/wp-json\/wp\/v2\/types\/product"}],"replies":[{"embeddable":true,"href":"https:\/\/marktxxl.de\/markt\/wp-json\/wp\/v2\/comments?post=129299"}],"wp:featuredmedia":[{"embeddable":true,"href":"https:\/\/marktxxl.de\/markt\/wp-json\/wp\/v2\/media\/129300"}],"wp:attachment":[{"href":"https:\/\/marktxxl.de\/markt\/wp-json\/wp\/v2\/media?parent=129299"}],"wp:term":[{"taxonomy":"product_brand","embeddable":true,"href":"https:\/\/marktxxl.de\/markt\/wp-json\/wp\/v2\/product_brand?post=129299"},{"taxonomy":"product_cat","embeddable":true,"href":"https:\/\/marktxxl.de\/markt\/wp-json\/wp\/v2\/product_cat?post=129299"},{"taxonomy":"product_tag","embeddable":true,"href":"https:\/\/marktxxl.de\/markt\/wp-json\/wp\/v2\/product_tag?post=129299"}],"curies":[{"name":"wp","href":"https:\/\/api.w.org\/{rel}","templated":true}]}}