{"id":129218,"date":"2022-06-14T03:10:55","date_gmt":"2022-06-14T01:10:55","guid":{"rendered":"https:\/\/marktxxl.de\/markt\/produkt\/hp-712-gelb-29-ml-original-druckerpatrone-3ed69a-mit-originaler-hp-tinte-fuer-designjet-t650-t630-t250-t230-grossformatdrucker-der-studio-serie-sowie-den-hp-713-designjet-druckkopf\/"},"modified":"2023-04-10T04:06:30","modified_gmt":"2023-04-10T02:06:30","slug":"hp-712-gelb-29-ml-original-druckerpatrone-3ed69a-mit-originaler-hp-tinte-fuer-designjet-t650-t630-t250-t230-grossformatdrucker-der-studio-serie-sowie-den-hp-713-designjet-druckkopf","status":"publish","type":"product","link":"https:\/\/marktxxl.de\/markt\/produkt\/hp-712-gelb-29-ml-original-druckerpatrone-3ed69a-mit-originaler-hp-tinte-fuer-designjet-t650-t630-t250-t230-grossformatdrucker-der-studio-serie-sowie-den-hp-713-designjet-druckkopf\/","title":{"rendered":"HP 712 Gelb 29 ml Original Druckerpatrone (3ED69A) mit originaler HP Tinte, f\u00fcr DesignJet T650, T630, T250, T230\u2026"},"content":{"rendered":"<p>Die originale HP 712 Druckerpatrone in Gelb ist kompatibel mit DesignJet T650, T630, T250, T230 &amp; Gro\u00dfformatdruckern der Studio-Serie sowie dem HP 713 DesignJet Druckkopf<br \/>\nHP Bright Office Tinten bieten eine \u00fcberragende Linienqualit\u00e4t und strahlende Farbunterschiede, wodurch kr\u00e4ftige Bilder und authentische Graut\u00f6ne erzeugt werden; Dar\u00fcber hinaus liefern die wasserresistenten Schwarzt\u00f6ne eine zuverl\u00e4ssige Archivierung<br \/>\nDie Druckerpatrone eignet sich f\u00fcr Ihren HP DesignJet Drucker und liefert stets hochwertige Drucke auf einer Bandbreite verschiedener Materialien, was Ihnen Kosten und Zeit erspart und dar\u00fcber hinaus die Zufriedenheit Ihrer Kunden sicherstellt<br \/>\nDie originalen Druckerpatronen und Drucker von HP sind mit einer bestimmten Technologie ausgestattet, die die Qualit\u00e4t und Best\u00e4ndigkeit stetig verbessert, eine schnelle Druckgeschwindigkeit erm\u00f6glicht und verhindert, dass Ihre Drucke verschmieren<br \/>\nMit HP treffen Sie eine umweltfreundliche und verantwortungsbewusste Entscheidung, denn bei der Herstellung neuer Zubeh\u00f6rprodukte verwendet das Unternehmen Kunststoff aus recycelten Druckerpatronen von HP, recycelten Flaschen sowie Kleiderb\u00fcgeln<br \/>\nEnth\u00e4lt 1,2-Benzisothiazolin-3-on. Kann allergische Reaktionen hervorrufen.<br \/>\n<div class=\"main-cross-sell\" data-asin=\"B08FD798ZV\">\n\n\t<div class=\"WooZone-cross-sell-loader\">\n\t\t<div>\n\t\t\t<div id=\"floatingBarsG\">\n\t\t\t\t<div class=\"blockG\" id=\"rotateG_01\"><\/div>\n\t\t\t\t<div class=\"blockG\" id=\"rotateG_02\"><\/div>\n\t\t\t\t<div class=\"blockG\" id=\"rotateG_03\"><\/div>\n\t\t\t\t<div class=\"blockG\" id=\"rotateG_04\"><\/div>\n\t\t\t\t<div class=\"blockG\" id=\"rotateG_05\"><\/div>\n\t\t\t\t<div class=\"blockG\" id=\"rotateG_06\"><\/div>\n\t\t\t\t<div class=\"blockG\" id=\"rotateG_07\"><\/div>\n\t\t\t\t<div class=\"blockG\" id=\"rotateG_08\"><\/div>\n\t\t\t<\/div>\n\t\t\t<div class=\"WooZone-cross-sell-loader-text\"><\/div>\n\t\t<\/div>\n\t<\/div>\n\n\t\t\n<\/div>\n<div style=\"clear:both;\"><\/div><\/p>\n","protected":false},"excerpt":{"rendered":"<p>Die originale HP 712 Druckerpatrone in Gelb ist kompatibel mit DesignJet T650, T630, T250, T230 &amp; Gro\u00dfformatdruckern der Studio-Serie sowie dem HP 713 DesignJet Druckkopf<br \/>\nHP Bright Office Tinten bieten eine \u00fcberragende Linienqualit\u00e4t und strahlende Farbunterschiede, wodurch kr\u00e4ftige Bilder und authentische Graut\u00f6ne erzeugt werden; Dar\u00fcber hinaus liefern die wasserresistenten Schwarzt\u00f6ne eine zuverl\u00e4ssige Archivierung<br \/>\nDie Druckerpatrone eignet sich f\u00fcr Ihren HP DesignJet Drucker und liefert stets hochwertige Drucke auf einer Bandbreite verschiedener Materialien, was Ihnen Kosten und Zeit erspart und dar\u00fcber hinaus die Zufriedenheit Ihrer Kunden sicherstellt<\/p>\n","protected":false},"featured_media":129219,"comment_status":"open","ping_status":"closed","template":"","meta":[],"product_brand":[],"product_cat":[504,8208],"product_tag":[],"class_list":{"0":"post-129218","1":"product","2":"type-product","3":"status-publish","4":"has-post-thumbnail","6":"product_cat-buerobedarf-schreibwaren","7":"product_cat-bueroelektronik","8":"pa_binding-buerobedarf-schreibwaren","9":"pa_brand-hp","10":"pa_color-gelb","11":"pa_height-4-96-zoll","12":"pa_languages-audiodeskription-englisch-unbekannt-englisch-unbekannt-englisch-unbekannt-englisch-unbekannt-englisch-unbekannt-englisch","13":"pa_length-0-98-zoll","14":"pa_manufacturer-hp","15":"pa_model-hp-712","16":"pa_size-29ml","17":"pa_warranty-bis-das-ende-des-garantiezeitraums-erreicht-oder-die-maximale-von-der-garantie-abgedeckte-nutzungsdauer-abgelaufen-ist-je-nachdem-was-frueher-eintritt","18":"pa_weight-0-110231131-pfund","19":"pa_width-4-49-zoll","21":"first","22":"instock","23":"shipping-taxable","24":"purchasable","25":"product-type-simple","26":"customify-col","27":"product-has-gallery"},"yoast_head":"<!-- This site is optimized with the Yoast SEO plugin v27.3 - https:\/\/yoast.com\/product\/yoast-seo-wordpress\/ -->\n<title>HP 712 Gelb 29 ml Original Druckerpatrone (3ED69A) mit originaler HP Tinte, f\u00fcr DesignJet T650, T630, T250, T230\u2026 - Markt-XXL<\/title>\n<meta name=\"description\" content=\"Markt-XXL HP 712 Gelb 29 ml Original Druckerpatrone (3ED69A) mit originaler HP Tinte, f\u00fcr DesignJet T650, T630, T250, T230\u2026\" \/>\n<meta name=\"robots\" content=\"index, follow, max-snippet:-1, max-image-preview:large, max-video-preview:-1\" \/>\n<link rel=\"canonical\" href=\"https:\/\/marktxxl.de\/markt\/produkt\/hp-712-gelb-29-ml-original-druckerpatrone-3ed69a-mit-originaler-hp-tinte-fuer-designjet-t650-t630-t250-t230-grossformatdrucker-der-studio-serie-sowie-den-hp-713-designjet-druckkopf\/\" \/>\n<meta property=\"og:locale\" content=\"de_DE\" \/>\n<meta property=\"og:type\" content=\"article\" \/>\n<meta property=\"og:title\" content=\"HP 712 Gelb 29 ml Original Druckerpatrone (3ED69A) mit originaler HP Tinte, f\u00fcr DesignJet T650, T630, T250, T230\u2026 - Markt-XXL\" \/>\n<meta property=\"og:description\" content=\"Markt-XXL HP 712 Gelb 29 ml Original Druckerpatrone (3ED69A) mit originaler HP Tinte, f\u00fcr DesignJet T650, T630, T250, T230\u2026\" \/>\n<meta property=\"og:url\" content=\"https:\/\/marktxxl.de\/markt\/produkt\/hp-712-gelb-29-ml-original-druckerpatrone-3ed69a-mit-originaler-hp-tinte-fuer-designjet-t650-t630-t250-t230-grossformatdrucker-der-studio-serie-sowie-den-hp-713-designjet-druckkopf\/\" \/>\n<meta property=\"og:site_name\" content=\"Markt-XXL\" \/>\n<meta property=\"article:modified_time\" content=\"2023-04-10T02:06:30+00:00\" \/>\n<meta property=\"og:image\" content=\"https:\/\/m.media-amazon.com\/images\/I\/4144pE2WCfL._SL500_.jpg\" \/>\n\t<meta property=\"og:image:width\" content=\"500\" \/>\n\t<meta property=\"og:image:height\" content=\"500\" \/>\n\t<meta property=\"og:image:type\" content=\"image\/jpeg\" \/>\n<meta name=\"twitter:card\" content=\"summary_large_image\" \/>\n<meta name=\"twitter:label1\" content=\"Gesch\u00e4tzte Lesezeit\" \/>\n\t<meta name=\"twitter:data1\" content=\"1\u00a0Minute\" \/>\n<script type=\"application\/ld+json\" class=\"yoast-schema-graph\">{\"@context\":\"https:\\\/\\\/schema.org\",\"@graph\":[{\"@type\":\"WebPage\",\"@id\":\"https:\\\/\\\/marktxxl.de\\\/markt\\\/produkt\\\/hp-712-gelb-29-ml-original-druckerpatrone-3ed69a-mit-originaler-hp-tinte-fuer-designjet-t650-t630-t250-t230-grossformatdrucker-der-studio-serie-sowie-den-hp-713-designjet-druckkopf\\\/\",\"url\":\"https:\\\/\\\/marktxxl.de\\\/markt\\\/produkt\\\/hp-712-gelb-29-ml-original-druckerpatrone-3ed69a-mit-originaler-hp-tinte-fuer-designjet-t650-t630-t250-t230-grossformatdrucker-der-studio-serie-sowie-den-hp-713-designjet-druckkopf\\\/\",\"name\":\"HP 712 Gelb 29 ml Original Druckerpatrone (3ED69A) mit originaler HP Tinte, f\u00fcr DesignJet T650, T630, T250, T230\u2026 - Markt-XXL\",\"isPartOf\":{\"@id\":\"https:\\\/\\\/marktxxl.de\\\/markt\\\/#website\"},\"primaryImageOfPage\":{\"@id\":\"https:\\\/\\\/marktxxl.de\\\/markt\\\/produkt\\\/hp-712-gelb-29-ml-original-druckerpatrone-3ed69a-mit-originaler-hp-tinte-fuer-designjet-t650-t630-t250-t230-grossformatdrucker-der-studio-serie-sowie-den-hp-713-designjet-druckkopf\\\/#primaryimage\"},\"image\":{\"@id\":\"https:\\\/\\\/marktxxl.de\\\/markt\\\/produkt\\\/hp-712-gelb-29-ml-original-druckerpatrone-3ed69a-mit-originaler-hp-tinte-fuer-designjet-t650-t630-t250-t230-grossformatdrucker-der-studio-serie-sowie-den-hp-713-designjet-druckkopf\\\/#primaryimage\"},\"thumbnailUrl\":\"https:\\\/\\\/m.media-amazon.com\\\/images\\\/I\\\/4144pE2WCfL._SL500_.jpg\",\"datePublished\":\"2022-06-14T01:10:55+00:00\",\"dateModified\":\"2023-04-10T02:06:30+00:00\",\"description\":\"Markt-XXL HP 712 Gelb 29 ml Original Druckerpatrone (3ED69A) mit originaler HP Tinte, f\u00fcr DesignJet T650, T630, T250, T230\u2026\",\"breadcrumb\":{\"@id\":\"https:\\\/\\\/marktxxl.de\\\/markt\\\/produkt\\\/hp-712-gelb-29-ml-original-druckerpatrone-3ed69a-mit-originaler-hp-tinte-fuer-designjet-t650-t630-t250-t230-grossformatdrucker-der-studio-serie-sowie-den-hp-713-designjet-druckkopf\\\/#breadcrumb\"},\"inLanguage\":\"de\",\"potentialAction\":[{\"@type\":\"ReadAction\",\"target\":[\"https:\\\/\\\/marktxxl.de\\\/markt\\\/produkt\\\/hp-712-gelb-29-ml-original-druckerpatrone-3ed69a-mit-originaler-hp-tinte-fuer-designjet-t650-t630-t250-t230-grossformatdrucker-der-studio-serie-sowie-den-hp-713-designjet-druckkopf\\\/\"]}]},{\"@type\":\"ImageObject\",\"inLanguage\":\"de\",\"@id\":\"https:\\\/\\\/marktxxl.de\\\/markt\\\/produkt\\\/hp-712-gelb-29-ml-original-druckerpatrone-3ed69a-mit-originaler-hp-tinte-fuer-designjet-t650-t630-t250-t230-grossformatdrucker-der-studio-serie-sowie-den-hp-713-designjet-druckkopf\\\/#primaryimage\",\"url\":\"https:\\\/\\\/m.media-amazon.com\\\/images\\\/I\\\/4144pE2WCfL._SL500_.jpg\",\"contentUrl\":\"https:\\\/\\\/m.media-amazon.com\\\/images\\\/I\\\/4144pE2WCfL._SL500_.jpg\",\"width\":500,\"height\":500},{\"@type\":\"BreadcrumbList\",\"@id\":\"https:\\\/\\\/marktxxl.de\\\/markt\\\/produkt\\\/hp-712-gelb-29-ml-original-druckerpatrone-3ed69a-mit-originaler-hp-tinte-fuer-designjet-t650-t630-t250-t230-grossformatdrucker-der-studio-serie-sowie-den-hp-713-designjet-druckkopf\\\/#breadcrumb\",\"itemListElement\":[{\"@type\":\"ListItem\",\"position\":1,\"name\":\"Startseite\",\"item\":\"https:\\\/\\\/marktxxl.de\\\/markt\\\/\"},{\"@type\":\"ListItem\",\"position\":2,\"name\":\"Markt\",\"item\":\"https:\\\/\\\/marktxxl.de\\\/markt\\\/\"},{\"@type\":\"ListItem\",\"position\":3,\"name\":\"HP 712 Gelb 29 ml Original Druckerpatrone (3ED69A) mit originaler HP Tinte, f\u00fcr DesignJet T650, T630, T250, T230\u2026\"}]},{\"@type\":\"WebSite\",\"@id\":\"https:\\\/\\\/marktxxl.de\\\/markt\\\/#website\",\"url\":\"https:\\\/\\\/marktxxl.de\\\/markt\\\/\",\"name\":\"Markt-XXL\",\"description\":\"Ihr Markt Online\",\"publisher\":{\"@id\":\"https:\\\/\\\/marktxxl.de\\\/markt\\\/#organization\"},\"potentialAction\":[{\"@type\":\"SearchAction\",\"target\":{\"@type\":\"EntryPoint\",\"urlTemplate\":\"https:\\\/\\\/marktxxl.de\\\/markt\\\/?s={search_term_string}\"},\"query-input\":{\"@type\":\"PropertyValueSpecification\",\"valueRequired\":true,\"valueName\":\"search_term_string\"}}],\"inLanguage\":\"de\"},{\"@type\":\"Organization\",\"@id\":\"https:\\\/\\\/marktxxl.de\\\/markt\\\/#organization\",\"name\":\"Markt-XXL\",\"url\":\"https:\\\/\\\/marktxxl.de\\\/markt\\\/\",\"logo\":{\"@type\":\"ImageObject\",\"inLanguage\":\"de\",\"@id\":\"https:\\\/\\\/marktxxl.de\\\/markt\\\/#\\\/schema\\\/logo\\\/image\\\/\",\"url\":\"https:\\\/\\\/marktxxl.de\\\/markt\\\/wp-content\\\/uploads\\\/sites\\\/3\\\/2020\\\/12\\\/logo.png\",\"contentUrl\":\"https:\\\/\\\/marktxxl.de\\\/markt\\\/wp-content\\\/uploads\\\/sites\\\/3\\\/2020\\\/12\\\/logo.png\",\"width\":200,\"height\":70,\"caption\":\"Markt-XXL\"},\"image\":{\"@id\":\"https:\\\/\\\/marktxxl.de\\\/markt\\\/#\\\/schema\\\/logo\\\/image\\\/\"}}]}<\/script>\n<!-- \/ Yoast SEO plugin. -->","yoast_head_json":{"title":"HP 712 Gelb 29 ml Original Druckerpatrone (3ED69A) mit originaler HP Tinte, f\u00fcr DesignJet T650, T630, T250, T230\u2026 - Markt-XXL","description":"Markt-XXL HP 712 Gelb 29 ml Original Druckerpatrone (3ED69A) mit originaler HP Tinte, f\u00fcr DesignJet T650, T630, T250, T230\u2026","robots":{"index":"index","follow":"follow","max-snippet":"max-snippet:-1","max-image-preview":"max-image-preview:large","max-video-preview":"max-video-preview:-1"},"canonical":"https:\/\/marktxxl.de\/markt\/produkt\/hp-712-gelb-29-ml-original-druckerpatrone-3ed69a-mit-originaler-hp-tinte-fuer-designjet-t650-t630-t250-t230-grossformatdrucker-der-studio-serie-sowie-den-hp-713-designjet-druckkopf\/","og_locale":"de_DE","og_type":"article","og_title":"HP 712 Gelb 29 ml Original Druckerpatrone (3ED69A) mit originaler HP Tinte, f\u00fcr DesignJet T650, T630, T250, T230\u2026 - Markt-XXL","og_description":"Markt-XXL HP 712 Gelb 29 ml Original Druckerpatrone (3ED69A) mit originaler HP Tinte, f\u00fcr DesignJet T650, T630, T250, T230\u2026","og_url":"https:\/\/marktxxl.de\/markt\/produkt\/hp-712-gelb-29-ml-original-druckerpatrone-3ed69a-mit-originaler-hp-tinte-fuer-designjet-t650-t630-t250-t230-grossformatdrucker-der-studio-serie-sowie-den-hp-713-designjet-druckkopf\/","og_site_name":"Markt-XXL","article_modified_time":"2023-04-10T02:06:30+00:00","og_image":[{"width":500,"height":500,"url":"https:\/\/m.media-amazon.com\/images\/I\/4144pE2WCfL._SL500_.jpg","type":"image\/jpeg"}],"twitter_card":"summary_large_image","twitter_misc":{"Gesch\u00e4tzte Lesezeit":"1\u00a0Minute"},"schema":{"@context":"https:\/\/schema.org","@graph":[{"@type":"WebPage","@id":"https:\/\/marktxxl.de\/markt\/produkt\/hp-712-gelb-29-ml-original-druckerpatrone-3ed69a-mit-originaler-hp-tinte-fuer-designjet-t650-t630-t250-t230-grossformatdrucker-der-studio-serie-sowie-den-hp-713-designjet-druckkopf\/","url":"https:\/\/marktxxl.de\/markt\/produkt\/hp-712-gelb-29-ml-original-druckerpatrone-3ed69a-mit-originaler-hp-tinte-fuer-designjet-t650-t630-t250-t230-grossformatdrucker-der-studio-serie-sowie-den-hp-713-designjet-druckkopf\/","name":"HP 712 Gelb 29 ml Original Druckerpatrone (3ED69A) mit originaler HP Tinte, f\u00fcr DesignJet T650, T630, T250, T230\u2026 - Markt-XXL","isPartOf":{"@id":"https:\/\/marktxxl.de\/markt\/#website"},"primaryImageOfPage":{"@id":"https:\/\/marktxxl.de\/markt\/produkt\/hp-712-gelb-29-ml-original-druckerpatrone-3ed69a-mit-originaler-hp-tinte-fuer-designjet-t650-t630-t250-t230-grossformatdrucker-der-studio-serie-sowie-den-hp-713-designjet-druckkopf\/#primaryimage"},"image":{"@id":"https:\/\/marktxxl.de\/markt\/produkt\/hp-712-gelb-29-ml-original-druckerpatrone-3ed69a-mit-originaler-hp-tinte-fuer-designjet-t650-t630-t250-t230-grossformatdrucker-der-studio-serie-sowie-den-hp-713-designjet-druckkopf\/#primaryimage"},"thumbnailUrl":"https:\/\/m.media-amazon.com\/images\/I\/4144pE2WCfL._SL500_.jpg","datePublished":"2022-06-14T01:10:55+00:00","dateModified":"2023-04-10T02:06:30+00:00","description":"Markt-XXL HP 712 Gelb 29 ml Original Druckerpatrone (3ED69A) mit originaler HP Tinte, f\u00fcr DesignJet T650, T630, T250, T230\u2026","breadcrumb":{"@id":"https:\/\/marktxxl.de\/markt\/produkt\/hp-712-gelb-29-ml-original-druckerpatrone-3ed69a-mit-originaler-hp-tinte-fuer-designjet-t650-t630-t250-t230-grossformatdrucker-der-studio-serie-sowie-den-hp-713-designjet-druckkopf\/#breadcrumb"},"inLanguage":"de","potentialAction":[{"@type":"ReadAction","target":["https:\/\/marktxxl.de\/markt\/produkt\/hp-712-gelb-29-ml-original-druckerpatrone-3ed69a-mit-originaler-hp-tinte-fuer-designjet-t650-t630-t250-t230-grossformatdrucker-der-studio-serie-sowie-den-hp-713-designjet-druckkopf\/"]}]},{"@type":"ImageObject","inLanguage":"de","@id":"https:\/\/marktxxl.de\/markt\/produkt\/hp-712-gelb-29-ml-original-druckerpatrone-3ed69a-mit-originaler-hp-tinte-fuer-designjet-t650-t630-t250-t230-grossformatdrucker-der-studio-serie-sowie-den-hp-713-designjet-druckkopf\/#primaryimage","url":"https:\/\/m.media-amazon.com\/images\/I\/4144pE2WCfL._SL500_.jpg","contentUrl":"https:\/\/m.media-amazon.com\/images\/I\/4144pE2WCfL._SL500_.jpg","width":500,"height":500},{"@type":"BreadcrumbList","@id":"https:\/\/marktxxl.de\/markt\/produkt\/hp-712-gelb-29-ml-original-druckerpatrone-3ed69a-mit-originaler-hp-tinte-fuer-designjet-t650-t630-t250-t230-grossformatdrucker-der-studio-serie-sowie-den-hp-713-designjet-druckkopf\/#breadcrumb","itemListElement":[{"@type":"ListItem","position":1,"name":"Startseite","item":"https:\/\/marktxxl.de\/markt\/"},{"@type":"ListItem","position":2,"name":"Markt","item":"https:\/\/marktxxl.de\/markt\/"},{"@type":"ListItem","position":3,"name":"HP 712 Gelb 29 ml Original Druckerpatrone (3ED69A) mit originaler HP Tinte, f\u00fcr DesignJet T650, T630, T250, T230\u2026"}]},{"@type":"WebSite","@id":"https:\/\/marktxxl.de\/markt\/#website","url":"https:\/\/marktxxl.de\/markt\/","name":"Markt-XXL","description":"Ihr Markt Online","publisher":{"@id":"https:\/\/marktxxl.de\/markt\/#organization"},"potentialAction":[{"@type":"SearchAction","target":{"@type":"EntryPoint","urlTemplate":"https:\/\/marktxxl.de\/markt\/?s={search_term_string}"},"query-input":{"@type":"PropertyValueSpecification","valueRequired":true,"valueName":"search_term_string"}}],"inLanguage":"de"},{"@type":"Organization","@id":"https:\/\/marktxxl.de\/markt\/#organization","name":"Markt-XXL","url":"https:\/\/marktxxl.de\/markt\/","logo":{"@type":"ImageObject","inLanguage":"de","@id":"https:\/\/marktxxl.de\/markt\/#\/schema\/logo\/image\/","url":"https:\/\/marktxxl.de\/markt\/wp-content\/uploads\/sites\/3\/2020\/12\/logo.png","contentUrl":"https:\/\/marktxxl.de\/markt\/wp-content\/uploads\/sites\/3\/2020\/12\/logo.png","width":200,"height":70,"caption":"Markt-XXL"},"image":{"@id":"https:\/\/marktxxl.de\/markt\/#\/schema\/logo\/image\/"}}]}},"_links":{"self":[{"href":"https:\/\/marktxxl.de\/markt\/wp-json\/wp\/v2\/product\/129218","targetHints":{"allow":["GET"]}}],"collection":[{"href":"https:\/\/marktxxl.de\/markt\/wp-json\/wp\/v2\/product"}],"about":[{"href":"https:\/\/marktxxl.de\/markt\/wp-json\/wp\/v2\/types\/product"}],"replies":[{"embeddable":true,"href":"https:\/\/marktxxl.de\/markt\/wp-json\/wp\/v2\/comments?post=129218"}],"wp:featuredmedia":[{"embeddable":true,"href":"https:\/\/marktxxl.de\/markt\/wp-json\/wp\/v2\/media\/129219"}],"wp:attachment":[{"href":"https:\/\/marktxxl.de\/markt\/wp-json\/wp\/v2\/media?parent=129218"}],"wp:term":[{"taxonomy":"product_brand","embeddable":true,"href":"https:\/\/marktxxl.de\/markt\/wp-json\/wp\/v2\/product_brand?post=129218"},{"taxonomy":"product_cat","embeddable":true,"href":"https:\/\/marktxxl.de\/markt\/wp-json\/wp\/v2\/product_cat?post=129218"},{"taxonomy":"product_tag","embeddable":true,"href":"https:\/\/marktxxl.de\/markt\/wp-json\/wp\/v2\/product_tag?post=129218"}],"curies":[{"name":"wp","href":"https:\/\/api.w.org\/{rel}","templated":true}]}}