{"id":129170,"date":"2022-06-14T03:08:19","date_gmt":"2022-06-14T01:08:19","guid":{"rendered":"https:\/\/marktxxl.de\/markt\/produkt\/brother-lt-330cl-optionale-papierkassette-250-blatt\/"},"modified":"2023-04-10T04:06:29","modified_gmt":"2023-04-10T02:06:29","slug":"brother-lt-330cl-optionale-papierkassette-250-blatt","status":"publish","type":"product","link":"https:\/\/marktxxl.de\/markt\/produkt\/brother-lt-330cl-optionale-papierkassette-250-blatt\/","title":{"rendered":"BROTHER LT-330CL optionale Papierkassette 250 Blatt"},"content":{"rendered":"<p>Die optionale Papierkassette LT-330CL von Brother fasst 250 Blatt und ist das ideale Zubeh\u00f6r f\u00fcr Vieldrucker. Durch die zus\u00e4tzliche Kapazit\u00e4t von 250 Blatt entf\u00e4llt das h\u00e4ufige Nachf\u00fcllen von Papier, sodass auch h\u00f6here Druckvolumen problemlos durchf\u00fchrbar sind.<br \/>\nDie optionale Papierkassette LT-330CL von Brother ist kompatibel mit den Ger\u00e4ten HL-L8260CDW, HL-L8360CDW, HL-L9310CDW, HL-L9310CDWT, DCP-L8410CDW, MFC-L8690CDW, MFC-L8900CDW, MFC-L9570CDW, und MFC-L9570CDWT.<br \/>\nAbmessungen (B x H x T): 410 x 97 x 486 \u2212 5,1 kg<br \/>\nMedienformate: A4, Letter, A5, Executive, Legal, Folio, Mexico Legal<br \/>\n<div class=\"main-cross-sell\" data-asin=\"B06X91XNG2\">\n\n\t<div class=\"WooZone-cross-sell-loader\">\n\t\t<div>\n\t\t\t<div id=\"floatingBarsG\">\n\t\t\t\t<div class=\"blockG\" id=\"rotateG_01\"><\/div>\n\t\t\t\t<div class=\"blockG\" id=\"rotateG_02\"><\/div>\n\t\t\t\t<div class=\"blockG\" id=\"rotateG_03\"><\/div>\n\t\t\t\t<div class=\"blockG\" id=\"rotateG_04\"><\/div>\n\t\t\t\t<div class=\"blockG\" id=\"rotateG_05\"><\/div>\n\t\t\t\t<div class=\"blockG\" id=\"rotateG_06\"><\/div>\n\t\t\t\t<div class=\"blockG\" id=\"rotateG_07\"><\/div>\n\t\t\t\t<div class=\"blockG\" id=\"rotateG_08\"><\/div>\n\t\t\t<\/div>\n\t\t\t<div class=\"WooZone-cross-sell-loader-text\"><\/div>\n\t\t<\/div>\n\t<\/div>\n\n\t\t\n<\/div>\n<div style=\"clear:both;\"><\/div><\/p>\n","protected":false},"excerpt":{"rendered":"<p>Die optionale Papierkassette LT-330CL von Brother fasst 250 Blatt und ist das ideale Zubeh\u00f6r f\u00fcr Vieldrucker. Durch die zus\u00e4tzliche Kapazit\u00e4t von 250 Blatt entf\u00e4llt das h\u00e4ufige Nachf\u00fcllen von Papier, sodass auch h\u00f6here Druckvolumen problemlos durchf\u00fchrbar sind.<br \/>\nDie optionale Papierkassette LT-330CL von Brother ist kompatibel mit den Ger\u00e4ten HL-L8260CDW, HL-L8360CDW, HL-L9310CDW, HL-L9310CDWT, DCP-L8410CDW, MFC-L8690CDW, MFC-L8900CDW, MFC-L9570CDW, und MFC-L9570CDWT.<br \/>\nAbmessungen (B x H x T): 410 x 97 x 486 \u2212 5,1 kg<\/p>\n","protected":false},"featured_media":129171,"comment_status":"open","ping_status":"closed","template":"","meta":[],"product_brand":[],"product_cat":[504,8208],"product_tag":[],"class_list":{"0":"post-129170","1":"product","2":"type-product","3":"status-publish","4":"has-post-thumbnail","6":"product_cat-buerobedarf-schreibwaren","7":"product_cat-bueroelektronik","8":"pa_binding-zubehoer","9":"pa_brand-brother","10":"pa_height-10-6299-zoll","11":"pa_languages-handbuch-franzoesisch","12":"pa_length-22-4409-zoll","13":"pa_manufacturer-brother-international-gmbh","14":"pa_model-lt330cl","15":"pa_warranty-herstellergarantie","16":"pa_weight-1-75928885076-pfund","17":"pa_width-25-5905-zoll","19":"first","20":"instock","21":"shipping-taxable","22":"purchasable","23":"product-type-simple","24":"customify-col","25":"product-has-gallery"},"yoast_head":"<!-- This site is optimized with the Yoast SEO plugin v27.3 - https:\/\/yoast.com\/product\/yoast-seo-wordpress\/ -->\n<title>BROTHER LT-330CL optionale Papierkassette 250 Blatt - Markt-XXL<\/title>\n<meta name=\"description\" content=\"Markt-XXL BROTHER LT-330CL optionale Papierkassette 250 Blatt\" \/>\n<meta name=\"robots\" content=\"index, follow, max-snippet:-1, max-image-preview:large, max-video-preview:-1\" \/>\n<link rel=\"canonical\" href=\"https:\/\/marktxxl.de\/markt\/produkt\/brother-lt-330cl-optionale-papierkassette-250-blatt\/\" \/>\n<meta property=\"og:locale\" content=\"de_DE\" \/>\n<meta property=\"og:type\" content=\"article\" \/>\n<meta property=\"og:title\" content=\"BROTHER LT-330CL optionale Papierkassette 250 Blatt - Markt-XXL\" \/>\n<meta property=\"og:description\" content=\"Markt-XXL BROTHER LT-330CL optionale Papierkassette 250 Blatt\" \/>\n<meta property=\"og:url\" content=\"https:\/\/marktxxl.de\/markt\/produkt\/brother-lt-330cl-optionale-papierkassette-250-blatt\/\" \/>\n<meta property=\"og:site_name\" content=\"Markt-XXL\" \/>\n<meta property=\"article:modified_time\" content=\"2023-04-10T02:06:29+00:00\" \/>\n<meta property=\"og:image\" content=\"https:\/\/m.media-amazon.com\/images\/I\/31Alep-LpLL._SL500_.jpg\" \/>\n\t<meta property=\"og:image:width\" content=\"500\" \/>\n\t<meta property=\"og:image:height\" content=\"500\" \/>\n\t<meta property=\"og:image:type\" content=\"image\/jpeg\" \/>\n<meta name=\"twitter:card\" content=\"summary_large_image\" \/>\n<meta name=\"twitter:label1\" content=\"Gesch\u00e4tzte Lesezeit\" \/>\n\t<meta name=\"twitter:data1\" content=\"1\u00a0Minute\" \/>\n<script type=\"application\/ld+json\" class=\"yoast-schema-graph\">{\"@context\":\"https:\\\/\\\/schema.org\",\"@graph\":[{\"@type\":\"WebPage\",\"@id\":\"https:\\\/\\\/marktxxl.de\\\/markt\\\/produkt\\\/brother-lt-330cl-optionale-papierkassette-250-blatt\\\/\",\"url\":\"https:\\\/\\\/marktxxl.de\\\/markt\\\/produkt\\\/brother-lt-330cl-optionale-papierkassette-250-blatt\\\/\",\"name\":\"BROTHER LT-330CL optionale Papierkassette 250 Blatt - Markt-XXL\",\"isPartOf\":{\"@id\":\"https:\\\/\\\/marktxxl.de\\\/markt\\\/#website\"},\"primaryImageOfPage\":{\"@id\":\"https:\\\/\\\/marktxxl.de\\\/markt\\\/produkt\\\/brother-lt-330cl-optionale-papierkassette-250-blatt\\\/#primaryimage\"},\"image\":{\"@id\":\"https:\\\/\\\/marktxxl.de\\\/markt\\\/produkt\\\/brother-lt-330cl-optionale-papierkassette-250-blatt\\\/#primaryimage\"},\"thumbnailUrl\":\"https:\\\/\\\/m.media-amazon.com\\\/images\\\/I\\\/31Alep-LpLL._SL500_.jpg\",\"datePublished\":\"2022-06-14T01:08:19+00:00\",\"dateModified\":\"2023-04-10T02:06:29+00:00\",\"description\":\"Markt-XXL BROTHER LT-330CL optionale Papierkassette 250 Blatt\",\"breadcrumb\":{\"@id\":\"https:\\\/\\\/marktxxl.de\\\/markt\\\/produkt\\\/brother-lt-330cl-optionale-papierkassette-250-blatt\\\/#breadcrumb\"},\"inLanguage\":\"de\",\"potentialAction\":[{\"@type\":\"ReadAction\",\"target\":[\"https:\\\/\\\/marktxxl.de\\\/markt\\\/produkt\\\/brother-lt-330cl-optionale-papierkassette-250-blatt\\\/\"]}]},{\"@type\":\"ImageObject\",\"inLanguage\":\"de\",\"@id\":\"https:\\\/\\\/marktxxl.de\\\/markt\\\/produkt\\\/brother-lt-330cl-optionale-papierkassette-250-blatt\\\/#primaryimage\",\"url\":\"https:\\\/\\\/m.media-amazon.com\\\/images\\\/I\\\/31Alep-LpLL._SL500_.jpg\",\"contentUrl\":\"https:\\\/\\\/m.media-amazon.com\\\/images\\\/I\\\/31Alep-LpLL._SL500_.jpg\",\"width\":500,\"height\":500},{\"@type\":\"BreadcrumbList\",\"@id\":\"https:\\\/\\\/marktxxl.de\\\/markt\\\/produkt\\\/brother-lt-330cl-optionale-papierkassette-250-blatt\\\/#breadcrumb\",\"itemListElement\":[{\"@type\":\"ListItem\",\"position\":1,\"name\":\"Startseite\",\"item\":\"https:\\\/\\\/marktxxl.de\\\/markt\\\/\"},{\"@type\":\"ListItem\",\"position\":2,\"name\":\"Markt\",\"item\":\"https:\\\/\\\/marktxxl.de\\\/markt\\\/\"},{\"@type\":\"ListItem\",\"position\":3,\"name\":\"BROTHER LT-330CL optionale Papierkassette 250 Blatt\"}]},{\"@type\":\"WebSite\",\"@id\":\"https:\\\/\\\/marktxxl.de\\\/markt\\\/#website\",\"url\":\"https:\\\/\\\/marktxxl.de\\\/markt\\\/\",\"name\":\"Markt-XXL\",\"description\":\"Ihr Markt Online\",\"publisher\":{\"@id\":\"https:\\\/\\\/marktxxl.de\\\/markt\\\/#organization\"},\"potentialAction\":[{\"@type\":\"SearchAction\",\"target\":{\"@type\":\"EntryPoint\",\"urlTemplate\":\"https:\\\/\\\/marktxxl.de\\\/markt\\\/?s={search_term_string}\"},\"query-input\":{\"@type\":\"PropertyValueSpecification\",\"valueRequired\":true,\"valueName\":\"search_term_string\"}}],\"inLanguage\":\"de\"},{\"@type\":\"Organization\",\"@id\":\"https:\\\/\\\/marktxxl.de\\\/markt\\\/#organization\",\"name\":\"Markt-XXL\",\"url\":\"https:\\\/\\\/marktxxl.de\\\/markt\\\/\",\"logo\":{\"@type\":\"ImageObject\",\"inLanguage\":\"de\",\"@id\":\"https:\\\/\\\/marktxxl.de\\\/markt\\\/#\\\/schema\\\/logo\\\/image\\\/\",\"url\":\"https:\\\/\\\/marktxxl.de\\\/markt\\\/wp-content\\\/uploads\\\/sites\\\/3\\\/2020\\\/12\\\/logo.png\",\"contentUrl\":\"https:\\\/\\\/marktxxl.de\\\/markt\\\/wp-content\\\/uploads\\\/sites\\\/3\\\/2020\\\/12\\\/logo.png\",\"width\":200,\"height\":70,\"caption\":\"Markt-XXL\"},\"image\":{\"@id\":\"https:\\\/\\\/marktxxl.de\\\/markt\\\/#\\\/schema\\\/logo\\\/image\\\/\"}}]}<\/script>\n<!-- \/ Yoast SEO plugin. -->","yoast_head_json":{"title":"BROTHER LT-330CL optionale Papierkassette 250 Blatt - Markt-XXL","description":"Markt-XXL BROTHER LT-330CL optionale Papierkassette 250 Blatt","robots":{"index":"index","follow":"follow","max-snippet":"max-snippet:-1","max-image-preview":"max-image-preview:large","max-video-preview":"max-video-preview:-1"},"canonical":"https:\/\/marktxxl.de\/markt\/produkt\/brother-lt-330cl-optionale-papierkassette-250-blatt\/","og_locale":"de_DE","og_type":"article","og_title":"BROTHER LT-330CL optionale Papierkassette 250 Blatt - Markt-XXL","og_description":"Markt-XXL BROTHER LT-330CL optionale Papierkassette 250 Blatt","og_url":"https:\/\/marktxxl.de\/markt\/produkt\/brother-lt-330cl-optionale-papierkassette-250-blatt\/","og_site_name":"Markt-XXL","article_modified_time":"2023-04-10T02:06:29+00:00","og_image":[{"width":500,"height":500,"url":"https:\/\/m.media-amazon.com\/images\/I\/31Alep-LpLL._SL500_.jpg","type":"image\/jpeg"}],"twitter_card":"summary_large_image","twitter_misc":{"Gesch\u00e4tzte Lesezeit":"1\u00a0Minute"},"schema":{"@context":"https:\/\/schema.org","@graph":[{"@type":"WebPage","@id":"https:\/\/marktxxl.de\/markt\/produkt\/brother-lt-330cl-optionale-papierkassette-250-blatt\/","url":"https:\/\/marktxxl.de\/markt\/produkt\/brother-lt-330cl-optionale-papierkassette-250-blatt\/","name":"BROTHER LT-330CL optionale Papierkassette 250 Blatt - Markt-XXL","isPartOf":{"@id":"https:\/\/marktxxl.de\/markt\/#website"},"primaryImageOfPage":{"@id":"https:\/\/marktxxl.de\/markt\/produkt\/brother-lt-330cl-optionale-papierkassette-250-blatt\/#primaryimage"},"image":{"@id":"https:\/\/marktxxl.de\/markt\/produkt\/brother-lt-330cl-optionale-papierkassette-250-blatt\/#primaryimage"},"thumbnailUrl":"https:\/\/m.media-amazon.com\/images\/I\/31Alep-LpLL._SL500_.jpg","datePublished":"2022-06-14T01:08:19+00:00","dateModified":"2023-04-10T02:06:29+00:00","description":"Markt-XXL BROTHER LT-330CL optionale Papierkassette 250 Blatt","breadcrumb":{"@id":"https:\/\/marktxxl.de\/markt\/produkt\/brother-lt-330cl-optionale-papierkassette-250-blatt\/#breadcrumb"},"inLanguage":"de","potentialAction":[{"@type":"ReadAction","target":["https:\/\/marktxxl.de\/markt\/produkt\/brother-lt-330cl-optionale-papierkassette-250-blatt\/"]}]},{"@type":"ImageObject","inLanguage":"de","@id":"https:\/\/marktxxl.de\/markt\/produkt\/brother-lt-330cl-optionale-papierkassette-250-blatt\/#primaryimage","url":"https:\/\/m.media-amazon.com\/images\/I\/31Alep-LpLL._SL500_.jpg","contentUrl":"https:\/\/m.media-amazon.com\/images\/I\/31Alep-LpLL._SL500_.jpg","width":500,"height":500},{"@type":"BreadcrumbList","@id":"https:\/\/marktxxl.de\/markt\/produkt\/brother-lt-330cl-optionale-papierkassette-250-blatt\/#breadcrumb","itemListElement":[{"@type":"ListItem","position":1,"name":"Startseite","item":"https:\/\/marktxxl.de\/markt\/"},{"@type":"ListItem","position":2,"name":"Markt","item":"https:\/\/marktxxl.de\/markt\/"},{"@type":"ListItem","position":3,"name":"BROTHER LT-330CL optionale Papierkassette 250 Blatt"}]},{"@type":"WebSite","@id":"https:\/\/marktxxl.de\/markt\/#website","url":"https:\/\/marktxxl.de\/markt\/","name":"Markt-XXL","description":"Ihr Markt Online","publisher":{"@id":"https:\/\/marktxxl.de\/markt\/#organization"},"potentialAction":[{"@type":"SearchAction","target":{"@type":"EntryPoint","urlTemplate":"https:\/\/marktxxl.de\/markt\/?s={search_term_string}"},"query-input":{"@type":"PropertyValueSpecification","valueRequired":true,"valueName":"search_term_string"}}],"inLanguage":"de"},{"@type":"Organization","@id":"https:\/\/marktxxl.de\/markt\/#organization","name":"Markt-XXL","url":"https:\/\/marktxxl.de\/markt\/","logo":{"@type":"ImageObject","inLanguage":"de","@id":"https:\/\/marktxxl.de\/markt\/#\/schema\/logo\/image\/","url":"https:\/\/marktxxl.de\/markt\/wp-content\/uploads\/sites\/3\/2020\/12\/logo.png","contentUrl":"https:\/\/marktxxl.de\/markt\/wp-content\/uploads\/sites\/3\/2020\/12\/logo.png","width":200,"height":70,"caption":"Markt-XXL"},"image":{"@id":"https:\/\/marktxxl.de\/markt\/#\/schema\/logo\/image\/"}}]}},"_links":{"self":[{"href":"https:\/\/marktxxl.de\/markt\/wp-json\/wp\/v2\/product\/129170","targetHints":{"allow":["GET"]}}],"collection":[{"href":"https:\/\/marktxxl.de\/markt\/wp-json\/wp\/v2\/product"}],"about":[{"href":"https:\/\/marktxxl.de\/markt\/wp-json\/wp\/v2\/types\/product"}],"replies":[{"embeddable":true,"href":"https:\/\/marktxxl.de\/markt\/wp-json\/wp\/v2\/comments?post=129170"}],"wp:featuredmedia":[{"embeddable":true,"href":"https:\/\/marktxxl.de\/markt\/wp-json\/wp\/v2\/media\/129171"}],"wp:attachment":[{"href":"https:\/\/marktxxl.de\/markt\/wp-json\/wp\/v2\/media?parent=129170"}],"wp:term":[{"taxonomy":"product_brand","embeddable":true,"href":"https:\/\/marktxxl.de\/markt\/wp-json\/wp\/v2\/product_brand?post=129170"},{"taxonomy":"product_cat","embeddable":true,"href":"https:\/\/marktxxl.de\/markt\/wp-json\/wp\/v2\/product_cat?post=129170"},{"taxonomy":"product_tag","embeddable":true,"href":"https:\/\/marktxxl.de\/markt\/wp-json\/wp\/v2\/product_tag?post=129170"}],"curies":[{"name":"wp","href":"https:\/\/api.w.org\/{rel}","templated":true}]}}