{"id":129150,"date":"2022-06-14T03:07:55","date_gmt":"2022-06-14T01:07:55","guid":{"rendered":"https:\/\/marktxxl.de\/markt\/produkt\/denvoer-t0715-xl-ersatz-tintenpatronen-fuer-epson-t0711-t0712-t0713-t0714-multipack-kompatibel-fuer-epson-stylus-sx200-sx210-sx215-sx218-sx400-sx415-sx515w-dx4000-dx7400-dx8450-bx300f-15-stueck\/"},"modified":"2023-04-10T04:06:29","modified_gmt":"2023-04-10T02:06:29","slug":"denvoer-t0715-xl-ersatz-tintenpatronen-fuer-epson-t0711-t0712-t0713-t0714-multipack-kompatibel-fuer-epson-stylus-sx200-sx210-sx215-sx218-sx400-sx415-sx515w-dx4000-dx7400-dx8450-bx300f-15-stueck","status":"publish","type":"product","link":"https:\/\/marktxxl.de\/markt\/produkt\/denvoer-t0715-xl-ersatz-tintenpatronen-fuer-epson-t0711-t0712-t0713-t0714-multipack-kompatibel-fuer-epson-stylus-sx200-sx210-sx215-sx218-sx400-sx415-sx515w-dx4000-dx7400-dx8450-bx300f-15-stueck\/","title":{"rendered":"Denvoer T0715 XL Ersatz Tintenpatronen f\u00fcr Epson T0711 T0712 T0713 T0714 Multipack Kompatibel f\u00fcr Epson Stylus SX200\u2026"},"content":{"rendered":"<p>Patronen Modellnummer: Denvoer T0715 XL Tintenpatronen kompatibler Ersatz f\u00fcr Epson T0711 T0712 T0713 T0714 T0715 Tintenpatronen (nicht original)<br \/>\nPaket beinhaltet: 6 \u00d7 T0711 schwarze Tinte, 3 \u00d7 T0712 cyanfarbene Tinte, 3 \u00d7 T0713 gelbe Tinte, 3 \u00d7 T0714 magentafarbene Tinte (15er Pack)<br \/>\nKompatibler Drucker: Kompatibel f\u00fcr Stylus SX218, SX200, SX205, SX209, SX210, SX215, SX100, SX105, SX110, SX115, S20, S21, SX400, SX405, SX405, SX410, SX415, SX510W, SX515W, SX515W, SX610 D120, DX4000, DX4050, DX4400, DX4450, DX50, DX50, DX6000, DX60, DX7450, DX7000F, DX7450, DX8400, DX8450, DX9400F, Stylus-B\u00fcro BX300F, BX610FW, BX600FW, BX310FN, B40W, BX3450F<br \/>\nStandard-Seitenleistung:T0711 T0712 T0713 T0714 T0715 Tinte Schwarz ergibt 650 Seiten, T0711 T0712 T0713 T0714 T0715 Tinte Cyan\/Magenta\/Gelb ergibt 500 Seiten (5 % Deckung auf A4-Papier)<br \/>\nDruckvorteile: Denvoer-kompatible T0715 XL-Tintenpatronen liefern hochwertigen Druck, gestochen scharfe Texte und gew\u00e4hrleisten die Produktkompatibilit\u00e4t mit Ihrem Drucker<br \/>\n<div class=\"main-cross-sell\" data-asin=\"B09TKQKNDK\">\n\n\t<div class=\"WooZone-cross-sell-loader\">\n\t\t<div>\n\t\t\t<div id=\"floatingBarsG\">\n\t\t\t\t<div class=\"blockG\" id=\"rotateG_01\"><\/div>\n\t\t\t\t<div class=\"blockG\" id=\"rotateG_02\"><\/div>\n\t\t\t\t<div class=\"blockG\" id=\"rotateG_03\"><\/div>\n\t\t\t\t<div class=\"blockG\" id=\"rotateG_04\"><\/div>\n\t\t\t\t<div class=\"blockG\" id=\"rotateG_05\"><\/div>\n\t\t\t\t<div class=\"blockG\" id=\"rotateG_06\"><\/div>\n\t\t\t\t<div class=\"blockG\" id=\"rotateG_07\"><\/div>\n\t\t\t\t<div class=\"blockG\" id=\"rotateG_08\"><\/div>\n\t\t\t<\/div>\n\t\t\t<div class=\"WooZone-cross-sell-loader-text\"><\/div>\n\t\t<\/div>\n\t<\/div>\n\n\t\t\n<\/div>\n<div style=\"clear:both;\"><\/div><\/p>\n","protected":false},"excerpt":{"rendered":"<p>Patronen Modellnummer: Denvoer T0715 XL Tintenpatronen kompatibler Ersatz f\u00fcr Epson T0711 T0712 T0713 T0714 T0715 Tintenpatronen (nicht original)<br \/>\nPaket beinhaltet: 6 \u00d7 T0711 schwarze Tinte, 3 \u00d7 T0712 cyanfarbene Tinte, 3 \u00d7 T0713 gelbe Tinte, 3 \u00d7 T0714 magentafarbene Tinte (15er Pack)<br \/>\nKompatibler Drucker: Kompatibel f\u00fcr Stylus SX218, SX200, SX205, SX209, SX210, SX215, SX100, SX105, SX110, SX115, S20, S21, SX400, SX405, SX405, SX410, SX415, SX510W, SX515W, SX515W, SX610 D120, DX4000, DX4050, DX4400, DX4450, DX50, DX50, DX6000, DX60, DX7450, DX7000F, DX7450, DX8400, DX8450, DX9400F, Stylus-B\u00fcro BX300F, BX610FW, BX600FW, BX310FN, B40W, BX3450F<\/p>\n","protected":false},"featured_media":129151,"comment_status":"open","ping_status":"closed","template":"","meta":[],"product_brand":[],"product_cat":[504,8208],"product_tag":[],"class_list":{"0":"post-129150","1":"product","2":"type-product","3":"status-publish","4":"has-post-thumbnail","6":"product_cat-buerobedarf-schreibwaren","7":"product_cat-bueroelektronik","8":"pa_brand-denvoer","9":"pa_color-6-schwarz-3-cyan-3-magenta-3-gelb","10":"pa_manufacturer-denvoer-nicht-epson-oem","11":"pa_model-t0711-t0712-t0713-t0714-t0715","13":"first","14":"instock","15":"shipping-taxable","16":"purchasable","17":"product-type-simple","18":"customify-col","19":"product-has-gallery"},"yoast_head":"<!-- This site is optimized with the Yoast SEO plugin v27.4 - https:\/\/yoast.com\/product\/yoast-seo-wordpress\/ -->\n<title>Denvoer T0715 XL Ersatz Tintenpatronen f\u00fcr Epson T0711 T0712 T0713 T0714 Multipack Kompatibel f\u00fcr Epson Stylus SX200\u2026 - Markt-XXL<\/title>\n<meta name=\"description\" content=\"Markt-XXL Denvoer T0715 XL Ersatz Tintenpatronen f\u00fcr Epson T0711 T0712 T0713 T0714 Multipack Kompatibel f\u00fcr Epson Stylus SX200\u2026\" \/>\n<meta name=\"robots\" content=\"index, follow, max-snippet:-1, max-image-preview:large, max-video-preview:-1\" \/>\n<link rel=\"canonical\" href=\"https:\/\/marktxxl.de\/markt\/produkt\/denvoer-t0715-xl-ersatz-tintenpatronen-fuer-epson-t0711-t0712-t0713-t0714-multipack-kompatibel-fuer-epson-stylus-sx200-sx210-sx215-sx218-sx400-sx415-sx515w-dx4000-dx7400-dx8450-bx300f-15-stueck\/\" \/>\n<meta property=\"og:locale\" content=\"de_DE\" \/>\n<meta property=\"og:type\" content=\"article\" \/>\n<meta property=\"og:title\" content=\"Denvoer T0715 XL Ersatz Tintenpatronen f\u00fcr Epson T0711 T0712 T0713 T0714 Multipack Kompatibel f\u00fcr Epson Stylus SX200\u2026 - Markt-XXL\" \/>\n<meta property=\"og:description\" content=\"Markt-XXL Denvoer T0715 XL Ersatz Tintenpatronen f\u00fcr Epson T0711 T0712 T0713 T0714 Multipack Kompatibel f\u00fcr Epson Stylus SX200\u2026\" \/>\n<meta property=\"og:url\" content=\"https:\/\/marktxxl.de\/markt\/produkt\/denvoer-t0715-xl-ersatz-tintenpatronen-fuer-epson-t0711-t0712-t0713-t0714-multipack-kompatibel-fuer-epson-stylus-sx200-sx210-sx215-sx218-sx400-sx415-sx515w-dx4000-dx7400-dx8450-bx300f-15-stueck\/\" \/>\n<meta property=\"og:site_name\" content=\"Markt-XXL\" \/>\n<meta property=\"article:modified_time\" content=\"2023-04-10T02:06:29+00:00\" \/>\n<meta property=\"og:image\" content=\"https:\/\/m.media-amazon.com\/images\/I\/51eF4ZkjP9L._SL500_.jpg\" \/>\n\t<meta property=\"og:image:width\" content=\"500\" \/>\n\t<meta property=\"og:image:height\" content=\"500\" \/>\n\t<meta property=\"og:image:type\" content=\"image\/jpeg\" \/>\n<meta name=\"twitter:card\" content=\"summary_large_image\" \/>\n<meta name=\"twitter:label1\" content=\"Gesch\u00e4tzte Lesezeit\" \/>\n\t<meta name=\"twitter:data1\" content=\"1\u00a0Minute\" \/>\n<script type=\"application\/ld+json\" class=\"yoast-schema-graph\">{\"@context\":\"https:\\\/\\\/schema.org\",\"@graph\":[{\"@type\":\"WebPage\",\"@id\":\"https:\\\/\\\/marktxxl.de\\\/markt\\\/produkt\\\/denvoer-t0715-xl-ersatz-tintenpatronen-fuer-epson-t0711-t0712-t0713-t0714-multipack-kompatibel-fuer-epson-stylus-sx200-sx210-sx215-sx218-sx400-sx415-sx515w-dx4000-dx7400-dx8450-bx300f-15-stueck\\\/\",\"url\":\"https:\\\/\\\/marktxxl.de\\\/markt\\\/produkt\\\/denvoer-t0715-xl-ersatz-tintenpatronen-fuer-epson-t0711-t0712-t0713-t0714-multipack-kompatibel-fuer-epson-stylus-sx200-sx210-sx215-sx218-sx400-sx415-sx515w-dx4000-dx7400-dx8450-bx300f-15-stueck\\\/\",\"name\":\"Denvoer T0715 XL Ersatz Tintenpatronen f\u00fcr Epson T0711 T0712 T0713 T0714 Multipack Kompatibel f\u00fcr Epson Stylus SX200\u2026 - Markt-XXL\",\"isPartOf\":{\"@id\":\"https:\\\/\\\/marktxxl.de\\\/markt\\\/#website\"},\"primaryImageOfPage\":{\"@id\":\"https:\\\/\\\/marktxxl.de\\\/markt\\\/produkt\\\/denvoer-t0715-xl-ersatz-tintenpatronen-fuer-epson-t0711-t0712-t0713-t0714-multipack-kompatibel-fuer-epson-stylus-sx200-sx210-sx215-sx218-sx400-sx415-sx515w-dx4000-dx7400-dx8450-bx300f-15-stueck\\\/#primaryimage\"},\"image\":{\"@id\":\"https:\\\/\\\/marktxxl.de\\\/markt\\\/produkt\\\/denvoer-t0715-xl-ersatz-tintenpatronen-fuer-epson-t0711-t0712-t0713-t0714-multipack-kompatibel-fuer-epson-stylus-sx200-sx210-sx215-sx218-sx400-sx415-sx515w-dx4000-dx7400-dx8450-bx300f-15-stueck\\\/#primaryimage\"},\"thumbnailUrl\":\"https:\\\/\\\/m.media-amazon.com\\\/images\\\/I\\\/51eF4ZkjP9L._SL500_.jpg\",\"datePublished\":\"2022-06-14T01:07:55+00:00\",\"dateModified\":\"2023-04-10T02:06:29+00:00\",\"description\":\"Markt-XXL Denvoer T0715 XL Ersatz Tintenpatronen f\u00fcr Epson T0711 T0712 T0713 T0714 Multipack Kompatibel f\u00fcr Epson Stylus SX200\u2026\",\"breadcrumb\":{\"@id\":\"https:\\\/\\\/marktxxl.de\\\/markt\\\/produkt\\\/denvoer-t0715-xl-ersatz-tintenpatronen-fuer-epson-t0711-t0712-t0713-t0714-multipack-kompatibel-fuer-epson-stylus-sx200-sx210-sx215-sx218-sx400-sx415-sx515w-dx4000-dx7400-dx8450-bx300f-15-stueck\\\/#breadcrumb\"},\"inLanguage\":\"de\",\"potentialAction\":[{\"@type\":\"ReadAction\",\"target\":[\"https:\\\/\\\/marktxxl.de\\\/markt\\\/produkt\\\/denvoer-t0715-xl-ersatz-tintenpatronen-fuer-epson-t0711-t0712-t0713-t0714-multipack-kompatibel-fuer-epson-stylus-sx200-sx210-sx215-sx218-sx400-sx415-sx515w-dx4000-dx7400-dx8450-bx300f-15-stueck\\\/\"]}]},{\"@type\":\"ImageObject\",\"inLanguage\":\"de\",\"@id\":\"https:\\\/\\\/marktxxl.de\\\/markt\\\/produkt\\\/denvoer-t0715-xl-ersatz-tintenpatronen-fuer-epson-t0711-t0712-t0713-t0714-multipack-kompatibel-fuer-epson-stylus-sx200-sx210-sx215-sx218-sx400-sx415-sx515w-dx4000-dx7400-dx8450-bx300f-15-stueck\\\/#primaryimage\",\"url\":\"https:\\\/\\\/m.media-amazon.com\\\/images\\\/I\\\/51eF4ZkjP9L._SL500_.jpg\",\"contentUrl\":\"https:\\\/\\\/m.media-amazon.com\\\/images\\\/I\\\/51eF4ZkjP9L._SL500_.jpg\",\"width\":500,\"height\":500},{\"@type\":\"BreadcrumbList\",\"@id\":\"https:\\\/\\\/marktxxl.de\\\/markt\\\/produkt\\\/denvoer-t0715-xl-ersatz-tintenpatronen-fuer-epson-t0711-t0712-t0713-t0714-multipack-kompatibel-fuer-epson-stylus-sx200-sx210-sx215-sx218-sx400-sx415-sx515w-dx4000-dx7400-dx8450-bx300f-15-stueck\\\/#breadcrumb\",\"itemListElement\":[{\"@type\":\"ListItem\",\"position\":1,\"name\":\"Startseite\",\"item\":\"https:\\\/\\\/marktxxl.de\\\/markt\\\/\"},{\"@type\":\"ListItem\",\"position\":2,\"name\":\"Markt\",\"item\":\"https:\\\/\\\/marktxxl.de\\\/markt\\\/\"},{\"@type\":\"ListItem\",\"position\":3,\"name\":\"Denvoer T0715 XL Ersatz Tintenpatronen f\u00fcr Epson T0711 T0712 T0713 T0714 Multipack Kompatibel f\u00fcr Epson Stylus SX200\u2026\"}]},{\"@type\":\"WebSite\",\"@id\":\"https:\\\/\\\/marktxxl.de\\\/markt\\\/#website\",\"url\":\"https:\\\/\\\/marktxxl.de\\\/markt\\\/\",\"name\":\"Markt-XXL\",\"description\":\"Ihr Markt Online\",\"publisher\":{\"@id\":\"https:\\\/\\\/marktxxl.de\\\/markt\\\/#organization\"},\"potentialAction\":[{\"@type\":\"SearchAction\",\"target\":{\"@type\":\"EntryPoint\",\"urlTemplate\":\"https:\\\/\\\/marktxxl.de\\\/markt\\\/?s={search_term_string}\"},\"query-input\":{\"@type\":\"PropertyValueSpecification\",\"valueRequired\":true,\"valueName\":\"search_term_string\"}}],\"inLanguage\":\"de\"},{\"@type\":\"Organization\",\"@id\":\"https:\\\/\\\/marktxxl.de\\\/markt\\\/#organization\",\"name\":\"Markt-XXL\",\"url\":\"https:\\\/\\\/marktxxl.de\\\/markt\\\/\",\"logo\":{\"@type\":\"ImageObject\",\"inLanguage\":\"de\",\"@id\":\"https:\\\/\\\/marktxxl.de\\\/markt\\\/#\\\/schema\\\/logo\\\/image\\\/\",\"url\":\"https:\\\/\\\/marktxxl.de\\\/markt\\\/wp-content\\\/uploads\\\/sites\\\/3\\\/2020\\\/12\\\/logo.png\",\"contentUrl\":\"https:\\\/\\\/marktxxl.de\\\/markt\\\/wp-content\\\/uploads\\\/sites\\\/3\\\/2020\\\/12\\\/logo.png\",\"width\":200,\"height\":70,\"caption\":\"Markt-XXL\"},\"image\":{\"@id\":\"https:\\\/\\\/marktxxl.de\\\/markt\\\/#\\\/schema\\\/logo\\\/image\\\/\"}}]}<\/script>\n<!-- \/ Yoast SEO plugin. -->","yoast_head_json":{"title":"Denvoer T0715 XL Ersatz Tintenpatronen f\u00fcr Epson T0711 T0712 T0713 T0714 Multipack Kompatibel f\u00fcr Epson Stylus SX200\u2026 - Markt-XXL","description":"Markt-XXL Denvoer T0715 XL Ersatz Tintenpatronen f\u00fcr Epson T0711 T0712 T0713 T0714 Multipack Kompatibel f\u00fcr Epson Stylus SX200\u2026","robots":{"index":"index","follow":"follow","max-snippet":"max-snippet:-1","max-image-preview":"max-image-preview:large","max-video-preview":"max-video-preview:-1"},"canonical":"https:\/\/marktxxl.de\/markt\/produkt\/denvoer-t0715-xl-ersatz-tintenpatronen-fuer-epson-t0711-t0712-t0713-t0714-multipack-kompatibel-fuer-epson-stylus-sx200-sx210-sx215-sx218-sx400-sx415-sx515w-dx4000-dx7400-dx8450-bx300f-15-stueck\/","og_locale":"de_DE","og_type":"article","og_title":"Denvoer T0715 XL Ersatz Tintenpatronen f\u00fcr Epson T0711 T0712 T0713 T0714 Multipack Kompatibel f\u00fcr Epson Stylus SX200\u2026 - Markt-XXL","og_description":"Markt-XXL Denvoer T0715 XL Ersatz Tintenpatronen f\u00fcr Epson T0711 T0712 T0713 T0714 Multipack Kompatibel f\u00fcr Epson Stylus SX200\u2026","og_url":"https:\/\/marktxxl.de\/markt\/produkt\/denvoer-t0715-xl-ersatz-tintenpatronen-fuer-epson-t0711-t0712-t0713-t0714-multipack-kompatibel-fuer-epson-stylus-sx200-sx210-sx215-sx218-sx400-sx415-sx515w-dx4000-dx7400-dx8450-bx300f-15-stueck\/","og_site_name":"Markt-XXL","article_modified_time":"2023-04-10T02:06:29+00:00","og_image":[{"width":500,"height":500,"url":"https:\/\/m.media-amazon.com\/images\/I\/51eF4ZkjP9L._SL500_.jpg","type":"image\/jpeg"}],"twitter_card":"summary_large_image","twitter_misc":{"Gesch\u00e4tzte Lesezeit":"1\u00a0Minute"},"schema":{"@context":"https:\/\/schema.org","@graph":[{"@type":"WebPage","@id":"https:\/\/marktxxl.de\/markt\/produkt\/denvoer-t0715-xl-ersatz-tintenpatronen-fuer-epson-t0711-t0712-t0713-t0714-multipack-kompatibel-fuer-epson-stylus-sx200-sx210-sx215-sx218-sx400-sx415-sx515w-dx4000-dx7400-dx8450-bx300f-15-stueck\/","url":"https:\/\/marktxxl.de\/markt\/produkt\/denvoer-t0715-xl-ersatz-tintenpatronen-fuer-epson-t0711-t0712-t0713-t0714-multipack-kompatibel-fuer-epson-stylus-sx200-sx210-sx215-sx218-sx400-sx415-sx515w-dx4000-dx7400-dx8450-bx300f-15-stueck\/","name":"Denvoer T0715 XL Ersatz Tintenpatronen f\u00fcr Epson T0711 T0712 T0713 T0714 Multipack Kompatibel f\u00fcr Epson Stylus SX200\u2026 - Markt-XXL","isPartOf":{"@id":"https:\/\/marktxxl.de\/markt\/#website"},"primaryImageOfPage":{"@id":"https:\/\/marktxxl.de\/markt\/produkt\/denvoer-t0715-xl-ersatz-tintenpatronen-fuer-epson-t0711-t0712-t0713-t0714-multipack-kompatibel-fuer-epson-stylus-sx200-sx210-sx215-sx218-sx400-sx415-sx515w-dx4000-dx7400-dx8450-bx300f-15-stueck\/#primaryimage"},"image":{"@id":"https:\/\/marktxxl.de\/markt\/produkt\/denvoer-t0715-xl-ersatz-tintenpatronen-fuer-epson-t0711-t0712-t0713-t0714-multipack-kompatibel-fuer-epson-stylus-sx200-sx210-sx215-sx218-sx400-sx415-sx515w-dx4000-dx7400-dx8450-bx300f-15-stueck\/#primaryimage"},"thumbnailUrl":"https:\/\/m.media-amazon.com\/images\/I\/51eF4ZkjP9L._SL500_.jpg","datePublished":"2022-06-14T01:07:55+00:00","dateModified":"2023-04-10T02:06:29+00:00","description":"Markt-XXL Denvoer T0715 XL Ersatz Tintenpatronen f\u00fcr Epson T0711 T0712 T0713 T0714 Multipack Kompatibel f\u00fcr Epson Stylus SX200\u2026","breadcrumb":{"@id":"https:\/\/marktxxl.de\/markt\/produkt\/denvoer-t0715-xl-ersatz-tintenpatronen-fuer-epson-t0711-t0712-t0713-t0714-multipack-kompatibel-fuer-epson-stylus-sx200-sx210-sx215-sx218-sx400-sx415-sx515w-dx4000-dx7400-dx8450-bx300f-15-stueck\/#breadcrumb"},"inLanguage":"de","potentialAction":[{"@type":"ReadAction","target":["https:\/\/marktxxl.de\/markt\/produkt\/denvoer-t0715-xl-ersatz-tintenpatronen-fuer-epson-t0711-t0712-t0713-t0714-multipack-kompatibel-fuer-epson-stylus-sx200-sx210-sx215-sx218-sx400-sx415-sx515w-dx4000-dx7400-dx8450-bx300f-15-stueck\/"]}]},{"@type":"ImageObject","inLanguage":"de","@id":"https:\/\/marktxxl.de\/markt\/produkt\/denvoer-t0715-xl-ersatz-tintenpatronen-fuer-epson-t0711-t0712-t0713-t0714-multipack-kompatibel-fuer-epson-stylus-sx200-sx210-sx215-sx218-sx400-sx415-sx515w-dx4000-dx7400-dx8450-bx300f-15-stueck\/#primaryimage","url":"https:\/\/m.media-amazon.com\/images\/I\/51eF4ZkjP9L._SL500_.jpg","contentUrl":"https:\/\/m.media-amazon.com\/images\/I\/51eF4ZkjP9L._SL500_.jpg","width":500,"height":500},{"@type":"BreadcrumbList","@id":"https:\/\/marktxxl.de\/markt\/produkt\/denvoer-t0715-xl-ersatz-tintenpatronen-fuer-epson-t0711-t0712-t0713-t0714-multipack-kompatibel-fuer-epson-stylus-sx200-sx210-sx215-sx218-sx400-sx415-sx515w-dx4000-dx7400-dx8450-bx300f-15-stueck\/#breadcrumb","itemListElement":[{"@type":"ListItem","position":1,"name":"Startseite","item":"https:\/\/marktxxl.de\/markt\/"},{"@type":"ListItem","position":2,"name":"Markt","item":"https:\/\/marktxxl.de\/markt\/"},{"@type":"ListItem","position":3,"name":"Denvoer T0715 XL Ersatz Tintenpatronen f\u00fcr Epson T0711 T0712 T0713 T0714 Multipack Kompatibel f\u00fcr Epson Stylus SX200\u2026"}]},{"@type":"WebSite","@id":"https:\/\/marktxxl.de\/markt\/#website","url":"https:\/\/marktxxl.de\/markt\/","name":"Markt-XXL","description":"Ihr Markt Online","publisher":{"@id":"https:\/\/marktxxl.de\/markt\/#organization"},"potentialAction":[{"@type":"SearchAction","target":{"@type":"EntryPoint","urlTemplate":"https:\/\/marktxxl.de\/markt\/?s={search_term_string}"},"query-input":{"@type":"PropertyValueSpecification","valueRequired":true,"valueName":"search_term_string"}}],"inLanguage":"de"},{"@type":"Organization","@id":"https:\/\/marktxxl.de\/markt\/#organization","name":"Markt-XXL","url":"https:\/\/marktxxl.de\/markt\/","logo":{"@type":"ImageObject","inLanguage":"de","@id":"https:\/\/marktxxl.de\/markt\/#\/schema\/logo\/image\/","url":"https:\/\/marktxxl.de\/markt\/wp-content\/uploads\/sites\/3\/2020\/12\/logo.png","contentUrl":"https:\/\/marktxxl.de\/markt\/wp-content\/uploads\/sites\/3\/2020\/12\/logo.png","width":200,"height":70,"caption":"Markt-XXL"},"image":{"@id":"https:\/\/marktxxl.de\/markt\/#\/schema\/logo\/image\/"}}]}},"_links":{"self":[{"href":"https:\/\/marktxxl.de\/markt\/wp-json\/wp\/v2\/product\/129150","targetHints":{"allow":["GET"]}}],"collection":[{"href":"https:\/\/marktxxl.de\/markt\/wp-json\/wp\/v2\/product"}],"about":[{"href":"https:\/\/marktxxl.de\/markt\/wp-json\/wp\/v2\/types\/product"}],"replies":[{"embeddable":true,"href":"https:\/\/marktxxl.de\/markt\/wp-json\/wp\/v2\/comments?post=129150"}],"wp:featuredmedia":[{"embeddable":true,"href":"https:\/\/marktxxl.de\/markt\/wp-json\/wp\/v2\/media\/129151"}],"wp:attachment":[{"href":"https:\/\/marktxxl.de\/markt\/wp-json\/wp\/v2\/media?parent=129150"}],"wp:term":[{"taxonomy":"product_brand","embeddable":true,"href":"https:\/\/marktxxl.de\/markt\/wp-json\/wp\/v2\/product_brand?post=129150"},{"taxonomy":"product_cat","embeddable":true,"href":"https:\/\/marktxxl.de\/markt\/wp-json\/wp\/v2\/product_cat?post=129150"},{"taxonomy":"product_tag","embeddable":true,"href":"https:\/\/marktxxl.de\/markt\/wp-json\/wp\/v2\/product_tag?post=129150"}],"curies":[{"name":"wp","href":"https:\/\/api.w.org\/{rel}","templated":true}]}}