{"id":128788,"date":"2022-06-14T02:16:55","date_gmt":"2022-06-14T00:16:55","guid":{"rendered":"https:\/\/marktxxl.de\/markt\/produkt\/solar-led-lichterketten-micacorn-blumen-wasserdichte-lichterkette-7-meter-8-modi-50-led-kirschbluete-solar-lichterkette-fuer-aussen-hochzeits-terrassen-party-weihnachten-dekoration\/"},"modified":"2023-04-10T04:06:21","modified_gmt":"2023-04-10T02:06:21","slug":"solar-led-lichterketten-micacorn-blumen-wasserdichte-lichterkette-7-meter-8-modi-50-led-kirschbluete-solar-lichterkette-fuer-aussen-hochzeits-terrassen-party-weihnachten-dekoration","status":"publish","type":"product","link":"https:\/\/marktxxl.de\/markt\/produkt\/solar-led-lichterketten-micacorn-blumen-wasserdichte-lichterkette-7-meter-8-modi-50-led-kirschbluete-solar-lichterkette-fuer-aussen-hochzeits-terrassen-party-weihnachten-dekoration\/","title":{"rendered":"Micacorn Solar LED Lichterkette Garten, Wasserdichte Lotus Lichterkette 7 Meter 8 Modi 50 LED Lotus Solar Lichterkette\u2026"},"content":{"rendered":"<p>\u3010Design in Bl\u00fctenform\u3011Solarblumen-Lichterketten sind alle sch\u00f6ne Kirschbl\u00fctenformen, die darauf abzielen, helle Kirschbl\u00fcten zu sehen, die \u00fcberall in dunkler Nacht bl\u00fchen. Die Gesamtl\u00e4nge dieser Lichterkette betr\u00e4gt 29,6 Fu\u00df, die Lichtl\u00e4nge betr\u00e4gt 23 Fu\u00df und die Leitungsl\u00e4nge betr\u00e4gt 6,6 Fu\u00df. Bei 50 LEDs hat jeder LED-Lichtkopf einen Abstand von 4 Zoll.<br \/>\n\u30108 Modi &amp; Speicher\u3011Diese Solar-Lichterkette im bl\u00fchenden Stil hat 8 verschiedene dynamische LED-Wechseleffekte, einschlie\u00dflich Kombination, in Wellen, sequentiell, langsames Leuchten, jagender Blitz, langsames Verblassen, Funkeln, Dauerlicht, die unterschiedliche Atmosph\u00e4ren f\u00fcr Ihr Leben schaffen k\u00f6nnen. Solarlichterketten mit eingebautem Speicherchip merken sich automatisch die letzte Einstellung und ersparen Ihnen so die M\u00fche des Zur\u00fccksetzens.<br \/>\n\u3010Energieeinsparung und Automatisches Ein-\/Ausschalten\u3011Solarenergieversorgung, keine zus\u00e4tzlichen Stromkosten und kein Batteriewechsel erforderlich. Schalten Sie einfach den Schalter auf der R\u00fcckseite des Solarpanels ein und stellen Sie es an einen sonnigen Ort, es wird automatisch aufgeladen. Der Lichtsensor steuert die Kirschbl\u00fcten-Solargarten-Lichterkette automatisch, um die Beleuchtung 6-8 Stunden bei Dunkelheit einzuschalten und tags\u00fcber automatisch auszuschalten.<br \/>\n\u3010IP65 Wasserdicht und Breite Anwendung\u3011Sowohl die Blumen-Lichterkette als auch das Solarpanel sind IP65 wasserdicht und somit perfekt f\u00fcr den Innen- und Au\u00dfenbereich geeignet, ohne sich Sorgen um Feuchtigkeit oder Wettersch\u00e4den oder Kurzschl\u00fcsse machen zu m\u00fcssen. Wenn Sie Ihren Garten, Innenhof, Ihr Dach, Ihre Veranda, Ihr Zuhause usw. dekorieren m\u00f6chten, ist diese Kirschbl\u00fcten-Lichterkette die ideale Wahl.<br \/>\n\u3010Hohe Qualit\u00e4t\u3011Unser Ziel ist es, uns auf hochwertige Lichterketten f\u00fcr den Au\u00dfenbereich zu konzentrieren, bessere Produkte anzubieten und die unterschiedlichen Bed\u00fcrfnisse der Kunden zu erf\u00fcllen. Wenn es ein Problem mit unseren Solar-Weihnachtslichtern gibt, kontaktieren Sie uns bitte, wir werden uns auf jeden Fall so schnell wie m\u00f6glich darum k\u00fcmmern, um Ihnen ein besseres Einkaufserlebnis zu bieten.<br \/>\n<div class=\"main-cross-sell\" data-asin=\"B0B2LLSPQY\">\n\n\t<div class=\"WooZone-cross-sell-loader\">\n\t\t<div>\n\t\t\t<div id=\"floatingBarsG\">\n\t\t\t\t<div class=\"blockG\" id=\"rotateG_01\"><\/div>\n\t\t\t\t<div class=\"blockG\" id=\"rotateG_02\"><\/div>\n\t\t\t\t<div class=\"blockG\" id=\"rotateG_03\"><\/div>\n\t\t\t\t<div class=\"blockG\" id=\"rotateG_04\"><\/div>\n\t\t\t\t<div class=\"blockG\" id=\"rotateG_05\"><\/div>\n\t\t\t\t<div class=\"blockG\" id=\"rotateG_06\"><\/div>\n\t\t\t\t<div class=\"blockG\" id=\"rotateG_07\"><\/div>\n\t\t\t\t<div class=\"blockG\" id=\"rotateG_08\"><\/div>\n\t\t\t<\/div>\n\t\t\t<div class=\"WooZone-cross-sell-loader-text\"><\/div>\n\t\t<\/div>\n\t<\/div>\n\n\t\t\n<\/div>\n<div style=\"clear:both;\"><\/div><\/p>\n","protected":false},"excerpt":{"rendered":"<p>\u3010Design in Bl\u00fctenform\u3011Solarblumen-Lichterketten sind alle sch\u00f6ne Kirschbl\u00fctenformen, die darauf abzielen, helle Kirschbl\u00fcten zu sehen, die \u00fcberall in dunkler Nacht bl\u00fchen. Die Gesamtl\u00e4nge dieser Lichterkette betr\u00e4gt 29,6 Fu\u00df, die Lichtl\u00e4nge betr\u00e4gt 23 Fu\u00df und die Leitungsl\u00e4nge betr\u00e4gt 6,6 Fu\u00df. Bei 50 LEDs hat jeder LED-Lichtkopf einen Abstand von 4 Zoll.<br \/>\n\u30108 Modi &amp; Speicher\u3011Diese Solar-Lichterkette im bl\u00fchenden Stil hat 8 verschiedene dynamische LED-Wechseleffekte, einschlie\u00dflich Kombination, in Wellen, sequentiell, langsames Leuchten, jagender Blitz, langsames Verblassen, Funkeln, Dauerlicht, die unterschiedliche Atmosph\u00e4ren f\u00fcr Ihr Leben schaffen k\u00f6nnen. Solarlichterketten mit eingebautem Speicherchip merken sich automatisch die letzte Einstellung und ersparen Ihnen so die M\u00fche des Zur\u00fccksetzens.<br \/>\n\u3010Energieeinsparung und Automatisches Ein-\/Ausschalten\u3011Solarenergieversorgung, keine zus\u00e4tzlichen Stromkosten und kein Batteriewechsel erforderlich. Schalten Sie einfach den Schalter auf der R\u00fcckseite des Solarpanels ein und stellen Sie es an einen sonnigen Ort, es wird automatisch aufgeladen. Der Lichtsensor steuert die Kirschbl\u00fcten-Solargarten-Lichterkette automatisch, um die Beleuchtung 6-8 Stunden bei Dunkelheit einzuschalten und tags\u00fcber automatisch auszuschalten.<\/p>\n","protected":false},"featured_media":128789,"comment_status":"open","ping_status":"closed","template":"","meta":[],"product_brand":[],"product_cat":[2108,15622],"product_tag":[],"class_list":{"0":"post-128788","1":"product","2":"type-product","3":"status-publish","4":"has-post-thumbnail","6":"product_cat-beleuchtung","7":"product_cat-lichterketten","8":"pa_brand-micacorn","10":"first","11":"instock","12":"shipping-taxable","13":"purchasable","14":"product-type-simple","15":"customify-col","16":"product-has-gallery"},"yoast_head":"<!-- This site is optimized with the Yoast SEO plugin v27.4 - https:\/\/yoast.com\/product\/yoast-seo-wordpress\/ -->\n<title>Micacorn Solar LED Lichterkette Garten, Wasserdichte Lotus Lichterkette 7 Meter 8 Modi 50 LED Lotus Solar Lichterkette\u2026 - Markt-XXL<\/title>\n<meta name=\"description\" content=\"Markt-XXL Micacorn Solar LED Lichterkette Garten, Wasserdichte Lotus Lichterkette 7 Meter 8 Modi 50 LED Lotus Solar Lichterkette\u2026\" \/>\n<meta name=\"robots\" content=\"index, follow, max-snippet:-1, max-image-preview:large, max-video-preview:-1\" \/>\n<link rel=\"canonical\" href=\"https:\/\/marktxxl.de\/markt\/produkt\/solar-led-lichterketten-micacorn-blumen-wasserdichte-lichterkette-7-meter-8-modi-50-led-kirschbluete-solar-lichterkette-fuer-aussen-hochzeits-terrassen-party-weihnachten-dekoration\/\" \/>\n<meta property=\"og:locale\" content=\"de_DE\" \/>\n<meta property=\"og:type\" content=\"article\" \/>\n<meta property=\"og:title\" content=\"Micacorn Solar LED Lichterkette Garten, Wasserdichte Lotus Lichterkette 7 Meter 8 Modi 50 LED Lotus Solar Lichterkette\u2026 - Markt-XXL\" \/>\n<meta property=\"og:description\" content=\"Markt-XXL Micacorn Solar LED Lichterkette Garten, Wasserdichte Lotus Lichterkette 7 Meter 8 Modi 50 LED Lotus Solar Lichterkette\u2026\" \/>\n<meta property=\"og:url\" content=\"https:\/\/marktxxl.de\/markt\/produkt\/solar-led-lichterketten-micacorn-blumen-wasserdichte-lichterkette-7-meter-8-modi-50-led-kirschbluete-solar-lichterkette-fuer-aussen-hochzeits-terrassen-party-weihnachten-dekoration\/\" \/>\n<meta property=\"og:site_name\" content=\"Markt-XXL\" \/>\n<meta property=\"article:modified_time\" content=\"2023-04-10T02:06:21+00:00\" \/>\n<meta property=\"og:image\" content=\"https:\/\/m.media-amazon.com\/images\/I\/51jNb-oqMGL._SL500_.jpg\" \/>\n\t<meta property=\"og:image:width\" content=\"500\" \/>\n\t<meta property=\"og:image:height\" content=\"500\" \/>\n\t<meta property=\"og:image:type\" content=\"image\/jpeg\" \/>\n<meta name=\"twitter:card\" content=\"summary_large_image\" \/>\n<meta name=\"twitter:label1\" content=\"Gesch\u00e4tzte Lesezeit\" \/>\n\t<meta name=\"twitter:data1\" content=\"2\u00a0Minuten\" \/>\n<script type=\"application\/ld+json\" class=\"yoast-schema-graph\">{\"@context\":\"https:\\\/\\\/schema.org\",\"@graph\":[{\"@type\":\"WebPage\",\"@id\":\"https:\\\/\\\/marktxxl.de\\\/markt\\\/produkt\\\/solar-led-lichterketten-micacorn-blumen-wasserdichte-lichterkette-7-meter-8-modi-50-led-kirschbluete-solar-lichterkette-fuer-aussen-hochzeits-terrassen-party-weihnachten-dekoration\\\/\",\"url\":\"https:\\\/\\\/marktxxl.de\\\/markt\\\/produkt\\\/solar-led-lichterketten-micacorn-blumen-wasserdichte-lichterkette-7-meter-8-modi-50-led-kirschbluete-solar-lichterkette-fuer-aussen-hochzeits-terrassen-party-weihnachten-dekoration\\\/\",\"name\":\"Micacorn Solar LED Lichterkette Garten, Wasserdichte Lotus Lichterkette 7 Meter 8 Modi 50 LED Lotus Solar Lichterkette\u2026 - Markt-XXL\",\"isPartOf\":{\"@id\":\"https:\\\/\\\/marktxxl.de\\\/markt\\\/#website\"},\"primaryImageOfPage\":{\"@id\":\"https:\\\/\\\/marktxxl.de\\\/markt\\\/produkt\\\/solar-led-lichterketten-micacorn-blumen-wasserdichte-lichterkette-7-meter-8-modi-50-led-kirschbluete-solar-lichterkette-fuer-aussen-hochzeits-terrassen-party-weihnachten-dekoration\\\/#primaryimage\"},\"image\":{\"@id\":\"https:\\\/\\\/marktxxl.de\\\/markt\\\/produkt\\\/solar-led-lichterketten-micacorn-blumen-wasserdichte-lichterkette-7-meter-8-modi-50-led-kirschbluete-solar-lichterkette-fuer-aussen-hochzeits-terrassen-party-weihnachten-dekoration\\\/#primaryimage\"},\"thumbnailUrl\":\"https:\\\/\\\/m.media-amazon.com\\\/images\\\/I\\\/51jNb-oqMGL._SL500_.jpg\",\"datePublished\":\"2022-06-14T00:16:55+00:00\",\"dateModified\":\"2023-04-10T02:06:21+00:00\",\"description\":\"Markt-XXL Micacorn Solar LED Lichterkette Garten, Wasserdichte Lotus Lichterkette 7 Meter 8 Modi 50 LED Lotus Solar Lichterkette\u2026\",\"breadcrumb\":{\"@id\":\"https:\\\/\\\/marktxxl.de\\\/markt\\\/produkt\\\/solar-led-lichterketten-micacorn-blumen-wasserdichte-lichterkette-7-meter-8-modi-50-led-kirschbluete-solar-lichterkette-fuer-aussen-hochzeits-terrassen-party-weihnachten-dekoration\\\/#breadcrumb\"},\"inLanguage\":\"de\",\"potentialAction\":[{\"@type\":\"ReadAction\",\"target\":[\"https:\\\/\\\/marktxxl.de\\\/markt\\\/produkt\\\/solar-led-lichterketten-micacorn-blumen-wasserdichte-lichterkette-7-meter-8-modi-50-led-kirschbluete-solar-lichterkette-fuer-aussen-hochzeits-terrassen-party-weihnachten-dekoration\\\/\"]}]},{\"@type\":\"ImageObject\",\"inLanguage\":\"de\",\"@id\":\"https:\\\/\\\/marktxxl.de\\\/markt\\\/produkt\\\/solar-led-lichterketten-micacorn-blumen-wasserdichte-lichterkette-7-meter-8-modi-50-led-kirschbluete-solar-lichterkette-fuer-aussen-hochzeits-terrassen-party-weihnachten-dekoration\\\/#primaryimage\",\"url\":\"https:\\\/\\\/m.media-amazon.com\\\/images\\\/I\\\/51jNb-oqMGL._SL500_.jpg\",\"contentUrl\":\"https:\\\/\\\/m.media-amazon.com\\\/images\\\/I\\\/51jNb-oqMGL._SL500_.jpg\",\"width\":500,\"height\":500},{\"@type\":\"BreadcrumbList\",\"@id\":\"https:\\\/\\\/marktxxl.de\\\/markt\\\/produkt\\\/solar-led-lichterketten-micacorn-blumen-wasserdichte-lichterkette-7-meter-8-modi-50-led-kirschbluete-solar-lichterkette-fuer-aussen-hochzeits-terrassen-party-weihnachten-dekoration\\\/#breadcrumb\",\"itemListElement\":[{\"@type\":\"ListItem\",\"position\":1,\"name\":\"Startseite\",\"item\":\"https:\\\/\\\/marktxxl.de\\\/markt\\\/\"},{\"@type\":\"ListItem\",\"position\":2,\"name\":\"Markt\",\"item\":\"https:\\\/\\\/marktxxl.de\\\/markt\\\/\"},{\"@type\":\"ListItem\",\"position\":3,\"name\":\"Micacorn Solar LED Lichterkette Garten, Wasserdichte Lotus Lichterkette 7 Meter 8 Modi 50 LED Lotus Solar Lichterkette\u2026\"}]},{\"@type\":\"WebSite\",\"@id\":\"https:\\\/\\\/marktxxl.de\\\/markt\\\/#website\",\"url\":\"https:\\\/\\\/marktxxl.de\\\/markt\\\/\",\"name\":\"Markt-XXL\",\"description\":\"Ihr Markt Online\",\"publisher\":{\"@id\":\"https:\\\/\\\/marktxxl.de\\\/markt\\\/#organization\"},\"potentialAction\":[{\"@type\":\"SearchAction\",\"target\":{\"@type\":\"EntryPoint\",\"urlTemplate\":\"https:\\\/\\\/marktxxl.de\\\/markt\\\/?s={search_term_string}\"},\"query-input\":{\"@type\":\"PropertyValueSpecification\",\"valueRequired\":true,\"valueName\":\"search_term_string\"}}],\"inLanguage\":\"de\"},{\"@type\":\"Organization\",\"@id\":\"https:\\\/\\\/marktxxl.de\\\/markt\\\/#organization\",\"name\":\"Markt-XXL\",\"url\":\"https:\\\/\\\/marktxxl.de\\\/markt\\\/\",\"logo\":{\"@type\":\"ImageObject\",\"inLanguage\":\"de\",\"@id\":\"https:\\\/\\\/marktxxl.de\\\/markt\\\/#\\\/schema\\\/logo\\\/image\\\/\",\"url\":\"https:\\\/\\\/marktxxl.de\\\/markt\\\/wp-content\\\/uploads\\\/sites\\\/3\\\/2020\\\/12\\\/logo.png\",\"contentUrl\":\"https:\\\/\\\/marktxxl.de\\\/markt\\\/wp-content\\\/uploads\\\/sites\\\/3\\\/2020\\\/12\\\/logo.png\",\"width\":200,\"height\":70,\"caption\":\"Markt-XXL\"},\"image\":{\"@id\":\"https:\\\/\\\/marktxxl.de\\\/markt\\\/#\\\/schema\\\/logo\\\/image\\\/\"}}]}<\/script>\n<!-- \/ Yoast SEO plugin. -->","yoast_head_json":{"title":"Micacorn Solar LED Lichterkette Garten, Wasserdichte Lotus Lichterkette 7 Meter 8 Modi 50 LED Lotus Solar Lichterkette\u2026 - Markt-XXL","description":"Markt-XXL Micacorn Solar LED Lichterkette Garten, Wasserdichte Lotus Lichterkette 7 Meter 8 Modi 50 LED Lotus Solar Lichterkette\u2026","robots":{"index":"index","follow":"follow","max-snippet":"max-snippet:-1","max-image-preview":"max-image-preview:large","max-video-preview":"max-video-preview:-1"},"canonical":"https:\/\/marktxxl.de\/markt\/produkt\/solar-led-lichterketten-micacorn-blumen-wasserdichte-lichterkette-7-meter-8-modi-50-led-kirschbluete-solar-lichterkette-fuer-aussen-hochzeits-terrassen-party-weihnachten-dekoration\/","og_locale":"de_DE","og_type":"article","og_title":"Micacorn Solar LED Lichterkette Garten, Wasserdichte Lotus Lichterkette 7 Meter 8 Modi 50 LED Lotus Solar Lichterkette\u2026 - Markt-XXL","og_description":"Markt-XXL Micacorn Solar LED Lichterkette Garten, Wasserdichte Lotus Lichterkette 7 Meter 8 Modi 50 LED Lotus Solar Lichterkette\u2026","og_url":"https:\/\/marktxxl.de\/markt\/produkt\/solar-led-lichterketten-micacorn-blumen-wasserdichte-lichterkette-7-meter-8-modi-50-led-kirschbluete-solar-lichterkette-fuer-aussen-hochzeits-terrassen-party-weihnachten-dekoration\/","og_site_name":"Markt-XXL","article_modified_time":"2023-04-10T02:06:21+00:00","og_image":[{"width":500,"height":500,"url":"https:\/\/m.media-amazon.com\/images\/I\/51jNb-oqMGL._SL500_.jpg","type":"image\/jpeg"}],"twitter_card":"summary_large_image","twitter_misc":{"Gesch\u00e4tzte Lesezeit":"2\u00a0Minuten"},"schema":{"@context":"https:\/\/schema.org","@graph":[{"@type":"WebPage","@id":"https:\/\/marktxxl.de\/markt\/produkt\/solar-led-lichterketten-micacorn-blumen-wasserdichte-lichterkette-7-meter-8-modi-50-led-kirschbluete-solar-lichterkette-fuer-aussen-hochzeits-terrassen-party-weihnachten-dekoration\/","url":"https:\/\/marktxxl.de\/markt\/produkt\/solar-led-lichterketten-micacorn-blumen-wasserdichte-lichterkette-7-meter-8-modi-50-led-kirschbluete-solar-lichterkette-fuer-aussen-hochzeits-terrassen-party-weihnachten-dekoration\/","name":"Micacorn Solar LED Lichterkette Garten, Wasserdichte Lotus Lichterkette 7 Meter 8 Modi 50 LED Lotus Solar Lichterkette\u2026 - Markt-XXL","isPartOf":{"@id":"https:\/\/marktxxl.de\/markt\/#website"},"primaryImageOfPage":{"@id":"https:\/\/marktxxl.de\/markt\/produkt\/solar-led-lichterketten-micacorn-blumen-wasserdichte-lichterkette-7-meter-8-modi-50-led-kirschbluete-solar-lichterkette-fuer-aussen-hochzeits-terrassen-party-weihnachten-dekoration\/#primaryimage"},"image":{"@id":"https:\/\/marktxxl.de\/markt\/produkt\/solar-led-lichterketten-micacorn-blumen-wasserdichte-lichterkette-7-meter-8-modi-50-led-kirschbluete-solar-lichterkette-fuer-aussen-hochzeits-terrassen-party-weihnachten-dekoration\/#primaryimage"},"thumbnailUrl":"https:\/\/m.media-amazon.com\/images\/I\/51jNb-oqMGL._SL500_.jpg","datePublished":"2022-06-14T00:16:55+00:00","dateModified":"2023-04-10T02:06:21+00:00","description":"Markt-XXL Micacorn Solar LED Lichterkette Garten, Wasserdichte Lotus Lichterkette 7 Meter 8 Modi 50 LED Lotus Solar Lichterkette\u2026","breadcrumb":{"@id":"https:\/\/marktxxl.de\/markt\/produkt\/solar-led-lichterketten-micacorn-blumen-wasserdichte-lichterkette-7-meter-8-modi-50-led-kirschbluete-solar-lichterkette-fuer-aussen-hochzeits-terrassen-party-weihnachten-dekoration\/#breadcrumb"},"inLanguage":"de","potentialAction":[{"@type":"ReadAction","target":["https:\/\/marktxxl.de\/markt\/produkt\/solar-led-lichterketten-micacorn-blumen-wasserdichte-lichterkette-7-meter-8-modi-50-led-kirschbluete-solar-lichterkette-fuer-aussen-hochzeits-terrassen-party-weihnachten-dekoration\/"]}]},{"@type":"ImageObject","inLanguage":"de","@id":"https:\/\/marktxxl.de\/markt\/produkt\/solar-led-lichterketten-micacorn-blumen-wasserdichte-lichterkette-7-meter-8-modi-50-led-kirschbluete-solar-lichterkette-fuer-aussen-hochzeits-terrassen-party-weihnachten-dekoration\/#primaryimage","url":"https:\/\/m.media-amazon.com\/images\/I\/51jNb-oqMGL._SL500_.jpg","contentUrl":"https:\/\/m.media-amazon.com\/images\/I\/51jNb-oqMGL._SL500_.jpg","width":500,"height":500},{"@type":"BreadcrumbList","@id":"https:\/\/marktxxl.de\/markt\/produkt\/solar-led-lichterketten-micacorn-blumen-wasserdichte-lichterkette-7-meter-8-modi-50-led-kirschbluete-solar-lichterkette-fuer-aussen-hochzeits-terrassen-party-weihnachten-dekoration\/#breadcrumb","itemListElement":[{"@type":"ListItem","position":1,"name":"Startseite","item":"https:\/\/marktxxl.de\/markt\/"},{"@type":"ListItem","position":2,"name":"Markt","item":"https:\/\/marktxxl.de\/markt\/"},{"@type":"ListItem","position":3,"name":"Micacorn Solar LED Lichterkette Garten, Wasserdichte Lotus Lichterkette 7 Meter 8 Modi 50 LED Lotus Solar Lichterkette\u2026"}]},{"@type":"WebSite","@id":"https:\/\/marktxxl.de\/markt\/#website","url":"https:\/\/marktxxl.de\/markt\/","name":"Markt-XXL","description":"Ihr Markt Online","publisher":{"@id":"https:\/\/marktxxl.de\/markt\/#organization"},"potentialAction":[{"@type":"SearchAction","target":{"@type":"EntryPoint","urlTemplate":"https:\/\/marktxxl.de\/markt\/?s={search_term_string}"},"query-input":{"@type":"PropertyValueSpecification","valueRequired":true,"valueName":"search_term_string"}}],"inLanguage":"de"},{"@type":"Organization","@id":"https:\/\/marktxxl.de\/markt\/#organization","name":"Markt-XXL","url":"https:\/\/marktxxl.de\/markt\/","logo":{"@type":"ImageObject","inLanguage":"de","@id":"https:\/\/marktxxl.de\/markt\/#\/schema\/logo\/image\/","url":"https:\/\/marktxxl.de\/markt\/wp-content\/uploads\/sites\/3\/2020\/12\/logo.png","contentUrl":"https:\/\/marktxxl.de\/markt\/wp-content\/uploads\/sites\/3\/2020\/12\/logo.png","width":200,"height":70,"caption":"Markt-XXL"},"image":{"@id":"https:\/\/marktxxl.de\/markt\/#\/schema\/logo\/image\/"}}]}},"_links":{"self":[{"href":"https:\/\/marktxxl.de\/markt\/wp-json\/wp\/v2\/product\/128788","targetHints":{"allow":["GET"]}}],"collection":[{"href":"https:\/\/marktxxl.de\/markt\/wp-json\/wp\/v2\/product"}],"about":[{"href":"https:\/\/marktxxl.de\/markt\/wp-json\/wp\/v2\/types\/product"}],"replies":[{"embeddable":true,"href":"https:\/\/marktxxl.de\/markt\/wp-json\/wp\/v2\/comments?post=128788"}],"wp:featuredmedia":[{"embeddable":true,"href":"https:\/\/marktxxl.de\/markt\/wp-json\/wp\/v2\/media\/128789"}],"wp:attachment":[{"href":"https:\/\/marktxxl.de\/markt\/wp-json\/wp\/v2\/media?parent=128788"}],"wp:term":[{"taxonomy":"product_brand","embeddable":true,"href":"https:\/\/marktxxl.de\/markt\/wp-json\/wp\/v2\/product_brand?post=128788"},{"taxonomy":"product_cat","embeddable":true,"href":"https:\/\/marktxxl.de\/markt\/wp-json\/wp\/v2\/product_cat?post=128788"},{"taxonomy":"product_tag","embeddable":true,"href":"https:\/\/marktxxl.de\/markt\/wp-json\/wp\/v2\/product_tag?post=128788"}],"curies":[{"name":"wp","href":"https:\/\/api.w.org\/{rel}","templated":true}]}}