{"id":128671,"date":"2022-06-14T01:55:24","date_gmt":"2022-06-13T23:55:24","guid":{"rendered":"https:\/\/marktxxl.de\/markt\/produkt\/lichterkette-aussen-eisregen-blau-und-kaltweisse-lightnum-9m-240-led-lichterkette-strom-mit-stecker-wasserdicht-weihnachtsbeleuchtung-eiszapfen-lichtervorhang-fuer-traufe-treppe-gelaender-fenste\/"},"modified":"2023-04-11T04:02:12","modified_gmt":"2023-04-11T02:02:12","slug":"lichterkette-aussen-eisregen-blau-und-kaltweisse-lightnum-9m-240-led-lichterkette-strom-mit-stecker-wasserdicht-weihnachtsbeleuchtung-eiszapfen-lichtervorhang-fuer-traufe-treppe-gelaender-fenste","status":"publish","type":"product","link":"https:\/\/marktxxl.de\/markt\/produkt\/lichterkette-aussen-eisregen-blau-und-kaltweisse-lightnum-9m-240-led-lichterkette-strom-mit-stecker-wasserdicht-weihnachtsbeleuchtung-eiszapfen-lichtervorhang-fuer-traufe-treppe-gelaender-fenste\/","title":{"rendered":"Eisregen Lichterkette Au\u00dfen, 9M Weihnachtsbeleuchtung Eiszapfen mit Stecker, IP44 Wasserdicht, 8 Modi, Lichtervorhang\u2026"},"content":{"rendered":"<p>\u3010Blua und Kaltwei\u00dfe LED Lichterkette\u3011240 Blua und Kaltwei\u00dfe LED-Lichter mit Stecker und Transformator. Die leuchtende L\u00e4nge betr\u00e4gt 9m und das Anschlusskabel 10m, lang genug um problemlos an Strom angeschlossen zu werden. 48 Tropfen, die L\u00e4nge der einzelnen Str\u00e4nge betr\u00e4gt: 3 Micro-LEDs (25cm), 7 Micro-LEDs (65cm), 4 Micro-LEDs (35cm), 6 Micro-LEDs (55cm). Der Abstand zwischen jedem LED-Eiszapfen: 10cm<br \/>\n\u30108 Modi und Speicherfunktion\u3011Die lichterkette steckdose \u00fcber 8 Beleuchtungsmodi (Kombination, in Welle, sequentiell, Slo-Glo, Jagen\/Blitzen, langsames \u00dcberblenden, Funkeln\/Blitzen, Dauerlicht). \u00dcber die Adaptertaste werden verschiedene Lichteffekte gesteuert. Mit der Speicherfunktion erinnert sich die LED-Lichterkette an den letzten Einstellungsmodus, es muss nicht jedes Mal neu eingestellt werden<br \/>\n\u3010Wasserdicht Lichterkette Au\u00dfen\u3011Die Lichterkette ist IP44 wasserdicht und Sie k\u00f6nnen sie im Freien aufh\u00e4ngen, aber bitte beachten Sie, dass der Stecker nicht wasserdicht ist, bitte halten Sie den Adapter trocken. Einfach 2-poliges Netzteil in die Steckdose einstecken und die LED-Lichterketten einschalten<br \/>\n\u3010Sicher Eisregen Lichterkette\u3011Die Lichterkette strom ist ma\u00dfgeblich CE-zertifiziert und verwendet einen 31-V-Niederspannungsstecker, der niedriger ist als die sichere Spannung des menschlichen K\u00f6rpers, definitiv kein Risiko eines Stromschlags. Die Leistung des Adapters betr\u00e4gt nur 3,6W, geringer Verbrauch und keine Hitze auch nach l\u00e4ngerer Verwendung, K\u00fchl zum Anfassen und sicher f\u00fcr Ihre Kinder und Haustiere<br \/>\n\u3010Tolle Weihnachtsdekoration\u3011Sie k\u00f6nnen LIGHTNUM Eiszapfen Weihnachtsbeleuchtung zu Weihnachten, Feiertagen, Hochzeiten, Partys, Zuhause usw. verwenden. Sie ist auch ideal als Stimmungs-\/Ambientelicht zu verwenden.Wenn Sie eine defekte Saite erhalten, z\u00f6gern Sie bitte nicht, uns f\u00fcr einen Austausch zu kontaktieren<br \/>\n<div class=\"main-cross-sell\" data-asin=\"B09B9Z2GRD\">\n\n\t<div class=\"WooZone-cross-sell-loader\">\n\t\t<div>\n\t\t\t<div id=\"floatingBarsG\">\n\t\t\t\t<div class=\"blockG\" id=\"rotateG_01\"><\/div>\n\t\t\t\t<div class=\"blockG\" id=\"rotateG_02\"><\/div>\n\t\t\t\t<div class=\"blockG\" id=\"rotateG_03\"><\/div>\n\t\t\t\t<div class=\"blockG\" id=\"rotateG_04\"><\/div>\n\t\t\t\t<div class=\"blockG\" id=\"rotateG_05\"><\/div>\n\t\t\t\t<div class=\"blockG\" id=\"rotateG_06\"><\/div>\n\t\t\t\t<div class=\"blockG\" id=\"rotateG_07\"><\/div>\n\t\t\t\t<div class=\"blockG\" id=\"rotateG_08\"><\/div>\n\t\t\t<\/div>\n\t\t\t<div class=\"WooZone-cross-sell-loader-text\"><\/div>\n\t\t<\/div>\n\t<\/div>\n\n\t\t\n<\/div>\n<div style=\"clear:both;\"><\/div><\/p>\n","protected":false},"excerpt":{"rendered":"<p>\u3010Blua und Kaltwei\u00dfe LED Lichterkette\u3011240 Blua und Kaltwei\u00dfe LED-Lichter mit Stecker und Transformator. Die leuchtende L\u00e4nge betr\u00e4gt 9m und das Anschlusskabel 10m, lang genug um problemlos an Strom angeschlossen zu werden. 48 Tropfen, die L\u00e4nge der einzelnen Str\u00e4nge betr\u00e4gt: 3 Micro-LEDs (25cm), 7 Micro-LEDs (65cm), 4 Micro-LEDs (35cm), 6 Micro-LEDs (55cm). Der Abstand zwischen jedem LED-Eiszapfen: 10cm<br \/>\n\u30108 Modi und Speicherfunktion\u3011Die lichterkette steckdose \u00fcber 8 Beleuchtungsmodi (Kombination, in Welle, sequentiell, Slo-Glo, Jagen\/Blitzen, langsames \u00dcberblenden, Funkeln\/Blitzen, Dauerlicht). \u00dcber die Adaptertaste werden verschiedene Lichteffekte gesteuert. Mit der Speicherfunktion erinnert sich die LED-Lichterkette an den letzten Einstellungsmodus, es muss nicht jedes Mal neu eingestellt werden<br \/>\n\u3010Wasserdicht Lichterkette Au\u00dfen\u3011Die Lichterkette ist IP44 wasserdicht und Sie k\u00f6nnen sie im Freien aufh\u00e4ngen, aber bitte beachten Sie, dass der Stecker nicht wasserdicht ist, bitte halten Sie den Adapter trocken. Einfach 2-poliges Netzteil in die Steckdose einstecken und die LED-Lichterketten einschalten<\/p>\n","protected":false},"featured_media":128672,"comment_status":"open","ping_status":"closed","template":"","meta":[],"product_brand":[],"product_cat":[2108,15622],"product_tag":[],"class_list":{"0":"post-128671","1":"product","2":"type-product","3":"status-publish","4":"has-post-thumbnail","6":"product_cat-beleuchtung","7":"product_cat-lichterketten","8":"pa_binding-haushaltswaren","9":"pa_brand-lightnum","10":"pa_color-weiss","11":"pa_manufacturer-lightnum","12":"pa_model-36857","14":"first","15":"instock","16":"shipping-taxable","17":"purchasable","18":"product-type-simple","19":"customify-col","20":"product-has-gallery"},"yoast_head":"<!-- This site is optimized with the Yoast SEO plugin v27.4 - https:\/\/yoast.com\/product\/yoast-seo-wordpress\/ -->\n<title>Eisregen Lichterkette Au\u00dfen, 9M Weihnachtsbeleuchtung Eiszapfen mit Stecker, IP44 Wasserdicht, 8 Modi, Lichtervorhang\u2026 - Markt-XXL<\/title>\n<meta name=\"description\" content=\"Markt-XXL Eisregen Lichterkette Au\u00dfen, 9M Weihnachtsbeleuchtung Eiszapfen mit Stecker, IP44 Wasserdicht, 8 Modi, Lichtervorhang\u2026\" \/>\n<meta name=\"robots\" content=\"index, follow, max-snippet:-1, max-image-preview:large, max-video-preview:-1\" \/>\n<link rel=\"canonical\" href=\"https:\/\/marktxxl.de\/markt\/produkt\/lichterkette-aussen-eisregen-blau-und-kaltweisse-lightnum-9m-240-led-lichterkette-strom-mit-stecker-wasserdicht-weihnachtsbeleuchtung-eiszapfen-lichtervorhang-fuer-traufe-treppe-gelaender-fenste\/\" \/>\n<meta property=\"og:locale\" content=\"de_DE\" \/>\n<meta property=\"og:type\" content=\"article\" \/>\n<meta property=\"og:title\" content=\"Eisregen Lichterkette Au\u00dfen, 9M Weihnachtsbeleuchtung Eiszapfen mit Stecker, IP44 Wasserdicht, 8 Modi, Lichtervorhang\u2026 - Markt-XXL\" \/>\n<meta property=\"og:description\" content=\"Markt-XXL Eisregen Lichterkette Au\u00dfen, 9M Weihnachtsbeleuchtung Eiszapfen mit Stecker, IP44 Wasserdicht, 8 Modi, Lichtervorhang\u2026\" \/>\n<meta property=\"og:url\" content=\"https:\/\/marktxxl.de\/markt\/produkt\/lichterkette-aussen-eisregen-blau-und-kaltweisse-lightnum-9m-240-led-lichterkette-strom-mit-stecker-wasserdicht-weihnachtsbeleuchtung-eiszapfen-lichtervorhang-fuer-traufe-treppe-gelaender-fenste\/\" \/>\n<meta property=\"og:site_name\" content=\"Markt-XXL\" \/>\n<meta property=\"article:modified_time\" content=\"2023-04-11T02:02:12+00:00\" \/>\n<meta property=\"og:image\" content=\"https:\/\/m.media-amazon.com\/images\/I\/51bn0tM4pmL._SL500_.jpg\" \/>\n\t<meta property=\"og:image:width\" content=\"500\" \/>\n\t<meta property=\"og:image:height\" content=\"500\" \/>\n\t<meta property=\"og:image:type\" content=\"image\/jpeg\" \/>\n<meta name=\"twitter:card\" content=\"summary_large_image\" \/>\n<meta name=\"twitter:label1\" content=\"Gesch\u00e4tzte Lesezeit\" \/>\n\t<meta name=\"twitter:data1\" content=\"1\u00a0Minute\" \/>\n<script type=\"application\/ld+json\" class=\"yoast-schema-graph\">{\"@context\":\"https:\\\/\\\/schema.org\",\"@graph\":[{\"@type\":\"WebPage\",\"@id\":\"https:\\\/\\\/marktxxl.de\\\/markt\\\/produkt\\\/lichterkette-aussen-eisregen-blau-und-kaltweisse-lightnum-9m-240-led-lichterkette-strom-mit-stecker-wasserdicht-weihnachtsbeleuchtung-eiszapfen-lichtervorhang-fuer-traufe-treppe-gelaender-fenste\\\/\",\"url\":\"https:\\\/\\\/marktxxl.de\\\/markt\\\/produkt\\\/lichterkette-aussen-eisregen-blau-und-kaltweisse-lightnum-9m-240-led-lichterkette-strom-mit-stecker-wasserdicht-weihnachtsbeleuchtung-eiszapfen-lichtervorhang-fuer-traufe-treppe-gelaender-fenste\\\/\",\"name\":\"Eisregen Lichterkette Au\u00dfen, 9M Weihnachtsbeleuchtung Eiszapfen mit Stecker, IP44 Wasserdicht, 8 Modi, Lichtervorhang\u2026 - Markt-XXL\",\"isPartOf\":{\"@id\":\"https:\\\/\\\/marktxxl.de\\\/markt\\\/#website\"},\"primaryImageOfPage\":{\"@id\":\"https:\\\/\\\/marktxxl.de\\\/markt\\\/produkt\\\/lichterkette-aussen-eisregen-blau-und-kaltweisse-lightnum-9m-240-led-lichterkette-strom-mit-stecker-wasserdicht-weihnachtsbeleuchtung-eiszapfen-lichtervorhang-fuer-traufe-treppe-gelaender-fenste\\\/#primaryimage\"},\"image\":{\"@id\":\"https:\\\/\\\/marktxxl.de\\\/markt\\\/produkt\\\/lichterkette-aussen-eisregen-blau-und-kaltweisse-lightnum-9m-240-led-lichterkette-strom-mit-stecker-wasserdicht-weihnachtsbeleuchtung-eiszapfen-lichtervorhang-fuer-traufe-treppe-gelaender-fenste\\\/#primaryimage\"},\"thumbnailUrl\":\"https:\\\/\\\/m.media-amazon.com\\\/images\\\/I\\\/51bn0tM4pmL._SL500_.jpg\",\"datePublished\":\"2022-06-13T23:55:24+00:00\",\"dateModified\":\"2023-04-11T02:02:12+00:00\",\"description\":\"Markt-XXL Eisregen Lichterkette Au\u00dfen, 9M Weihnachtsbeleuchtung Eiszapfen mit Stecker, IP44 Wasserdicht, 8 Modi, Lichtervorhang\u2026\",\"breadcrumb\":{\"@id\":\"https:\\\/\\\/marktxxl.de\\\/markt\\\/produkt\\\/lichterkette-aussen-eisregen-blau-und-kaltweisse-lightnum-9m-240-led-lichterkette-strom-mit-stecker-wasserdicht-weihnachtsbeleuchtung-eiszapfen-lichtervorhang-fuer-traufe-treppe-gelaender-fenste\\\/#breadcrumb\"},\"inLanguage\":\"de\",\"potentialAction\":[{\"@type\":\"ReadAction\",\"target\":[\"https:\\\/\\\/marktxxl.de\\\/markt\\\/produkt\\\/lichterkette-aussen-eisregen-blau-und-kaltweisse-lightnum-9m-240-led-lichterkette-strom-mit-stecker-wasserdicht-weihnachtsbeleuchtung-eiszapfen-lichtervorhang-fuer-traufe-treppe-gelaender-fenste\\\/\"]}]},{\"@type\":\"ImageObject\",\"inLanguage\":\"de\",\"@id\":\"https:\\\/\\\/marktxxl.de\\\/markt\\\/produkt\\\/lichterkette-aussen-eisregen-blau-und-kaltweisse-lightnum-9m-240-led-lichterkette-strom-mit-stecker-wasserdicht-weihnachtsbeleuchtung-eiszapfen-lichtervorhang-fuer-traufe-treppe-gelaender-fenste\\\/#primaryimage\",\"url\":\"https:\\\/\\\/m.media-amazon.com\\\/images\\\/I\\\/51bn0tM4pmL._SL500_.jpg\",\"contentUrl\":\"https:\\\/\\\/m.media-amazon.com\\\/images\\\/I\\\/51bn0tM4pmL._SL500_.jpg\",\"width\":500,\"height\":500},{\"@type\":\"BreadcrumbList\",\"@id\":\"https:\\\/\\\/marktxxl.de\\\/markt\\\/produkt\\\/lichterkette-aussen-eisregen-blau-und-kaltweisse-lightnum-9m-240-led-lichterkette-strom-mit-stecker-wasserdicht-weihnachtsbeleuchtung-eiszapfen-lichtervorhang-fuer-traufe-treppe-gelaender-fenste\\\/#breadcrumb\",\"itemListElement\":[{\"@type\":\"ListItem\",\"position\":1,\"name\":\"Startseite\",\"item\":\"https:\\\/\\\/marktxxl.de\\\/markt\\\/\"},{\"@type\":\"ListItem\",\"position\":2,\"name\":\"Markt\",\"item\":\"https:\\\/\\\/marktxxl.de\\\/markt\\\/\"},{\"@type\":\"ListItem\",\"position\":3,\"name\":\"Eisregen Lichterkette Au\u00dfen, 9M Weihnachtsbeleuchtung Eiszapfen mit Stecker, IP44 Wasserdicht, 8 Modi, Lichtervorhang\u2026\"}]},{\"@type\":\"WebSite\",\"@id\":\"https:\\\/\\\/marktxxl.de\\\/markt\\\/#website\",\"url\":\"https:\\\/\\\/marktxxl.de\\\/markt\\\/\",\"name\":\"Markt-XXL\",\"description\":\"Ihr Markt Online\",\"publisher\":{\"@id\":\"https:\\\/\\\/marktxxl.de\\\/markt\\\/#organization\"},\"potentialAction\":[{\"@type\":\"SearchAction\",\"target\":{\"@type\":\"EntryPoint\",\"urlTemplate\":\"https:\\\/\\\/marktxxl.de\\\/markt\\\/?s={search_term_string}\"},\"query-input\":{\"@type\":\"PropertyValueSpecification\",\"valueRequired\":true,\"valueName\":\"search_term_string\"}}],\"inLanguage\":\"de\"},{\"@type\":\"Organization\",\"@id\":\"https:\\\/\\\/marktxxl.de\\\/markt\\\/#organization\",\"name\":\"Markt-XXL\",\"url\":\"https:\\\/\\\/marktxxl.de\\\/markt\\\/\",\"logo\":{\"@type\":\"ImageObject\",\"inLanguage\":\"de\",\"@id\":\"https:\\\/\\\/marktxxl.de\\\/markt\\\/#\\\/schema\\\/logo\\\/image\\\/\",\"url\":\"https:\\\/\\\/marktxxl.de\\\/markt\\\/wp-content\\\/uploads\\\/sites\\\/3\\\/2020\\\/12\\\/logo.png\",\"contentUrl\":\"https:\\\/\\\/marktxxl.de\\\/markt\\\/wp-content\\\/uploads\\\/sites\\\/3\\\/2020\\\/12\\\/logo.png\",\"width\":200,\"height\":70,\"caption\":\"Markt-XXL\"},\"image\":{\"@id\":\"https:\\\/\\\/marktxxl.de\\\/markt\\\/#\\\/schema\\\/logo\\\/image\\\/\"}}]}<\/script>\n<!-- \/ Yoast SEO plugin. -->","yoast_head_json":{"title":"Eisregen Lichterkette Au\u00dfen, 9M Weihnachtsbeleuchtung Eiszapfen mit Stecker, IP44 Wasserdicht, 8 Modi, Lichtervorhang\u2026 - Markt-XXL","description":"Markt-XXL Eisregen Lichterkette Au\u00dfen, 9M Weihnachtsbeleuchtung Eiszapfen mit Stecker, IP44 Wasserdicht, 8 Modi, Lichtervorhang\u2026","robots":{"index":"index","follow":"follow","max-snippet":"max-snippet:-1","max-image-preview":"max-image-preview:large","max-video-preview":"max-video-preview:-1"},"canonical":"https:\/\/marktxxl.de\/markt\/produkt\/lichterkette-aussen-eisregen-blau-und-kaltweisse-lightnum-9m-240-led-lichterkette-strom-mit-stecker-wasserdicht-weihnachtsbeleuchtung-eiszapfen-lichtervorhang-fuer-traufe-treppe-gelaender-fenste\/","og_locale":"de_DE","og_type":"article","og_title":"Eisregen Lichterkette Au\u00dfen, 9M Weihnachtsbeleuchtung Eiszapfen mit Stecker, IP44 Wasserdicht, 8 Modi, Lichtervorhang\u2026 - Markt-XXL","og_description":"Markt-XXL Eisregen Lichterkette Au\u00dfen, 9M Weihnachtsbeleuchtung Eiszapfen mit Stecker, IP44 Wasserdicht, 8 Modi, Lichtervorhang\u2026","og_url":"https:\/\/marktxxl.de\/markt\/produkt\/lichterkette-aussen-eisregen-blau-und-kaltweisse-lightnum-9m-240-led-lichterkette-strom-mit-stecker-wasserdicht-weihnachtsbeleuchtung-eiszapfen-lichtervorhang-fuer-traufe-treppe-gelaender-fenste\/","og_site_name":"Markt-XXL","article_modified_time":"2023-04-11T02:02:12+00:00","og_image":[{"width":500,"height":500,"url":"https:\/\/m.media-amazon.com\/images\/I\/51bn0tM4pmL._SL500_.jpg","type":"image\/jpeg"}],"twitter_card":"summary_large_image","twitter_misc":{"Gesch\u00e4tzte Lesezeit":"1\u00a0Minute"},"schema":{"@context":"https:\/\/schema.org","@graph":[{"@type":"WebPage","@id":"https:\/\/marktxxl.de\/markt\/produkt\/lichterkette-aussen-eisregen-blau-und-kaltweisse-lightnum-9m-240-led-lichterkette-strom-mit-stecker-wasserdicht-weihnachtsbeleuchtung-eiszapfen-lichtervorhang-fuer-traufe-treppe-gelaender-fenste\/","url":"https:\/\/marktxxl.de\/markt\/produkt\/lichterkette-aussen-eisregen-blau-und-kaltweisse-lightnum-9m-240-led-lichterkette-strom-mit-stecker-wasserdicht-weihnachtsbeleuchtung-eiszapfen-lichtervorhang-fuer-traufe-treppe-gelaender-fenste\/","name":"Eisregen Lichterkette Au\u00dfen, 9M Weihnachtsbeleuchtung Eiszapfen mit Stecker, IP44 Wasserdicht, 8 Modi, Lichtervorhang\u2026 - Markt-XXL","isPartOf":{"@id":"https:\/\/marktxxl.de\/markt\/#website"},"primaryImageOfPage":{"@id":"https:\/\/marktxxl.de\/markt\/produkt\/lichterkette-aussen-eisregen-blau-und-kaltweisse-lightnum-9m-240-led-lichterkette-strom-mit-stecker-wasserdicht-weihnachtsbeleuchtung-eiszapfen-lichtervorhang-fuer-traufe-treppe-gelaender-fenste\/#primaryimage"},"image":{"@id":"https:\/\/marktxxl.de\/markt\/produkt\/lichterkette-aussen-eisregen-blau-und-kaltweisse-lightnum-9m-240-led-lichterkette-strom-mit-stecker-wasserdicht-weihnachtsbeleuchtung-eiszapfen-lichtervorhang-fuer-traufe-treppe-gelaender-fenste\/#primaryimage"},"thumbnailUrl":"https:\/\/m.media-amazon.com\/images\/I\/51bn0tM4pmL._SL500_.jpg","datePublished":"2022-06-13T23:55:24+00:00","dateModified":"2023-04-11T02:02:12+00:00","description":"Markt-XXL Eisregen Lichterkette Au\u00dfen, 9M Weihnachtsbeleuchtung Eiszapfen mit Stecker, IP44 Wasserdicht, 8 Modi, Lichtervorhang\u2026","breadcrumb":{"@id":"https:\/\/marktxxl.de\/markt\/produkt\/lichterkette-aussen-eisregen-blau-und-kaltweisse-lightnum-9m-240-led-lichterkette-strom-mit-stecker-wasserdicht-weihnachtsbeleuchtung-eiszapfen-lichtervorhang-fuer-traufe-treppe-gelaender-fenste\/#breadcrumb"},"inLanguage":"de","potentialAction":[{"@type":"ReadAction","target":["https:\/\/marktxxl.de\/markt\/produkt\/lichterkette-aussen-eisregen-blau-und-kaltweisse-lightnum-9m-240-led-lichterkette-strom-mit-stecker-wasserdicht-weihnachtsbeleuchtung-eiszapfen-lichtervorhang-fuer-traufe-treppe-gelaender-fenste\/"]}]},{"@type":"ImageObject","inLanguage":"de","@id":"https:\/\/marktxxl.de\/markt\/produkt\/lichterkette-aussen-eisregen-blau-und-kaltweisse-lightnum-9m-240-led-lichterkette-strom-mit-stecker-wasserdicht-weihnachtsbeleuchtung-eiszapfen-lichtervorhang-fuer-traufe-treppe-gelaender-fenste\/#primaryimage","url":"https:\/\/m.media-amazon.com\/images\/I\/51bn0tM4pmL._SL500_.jpg","contentUrl":"https:\/\/m.media-amazon.com\/images\/I\/51bn0tM4pmL._SL500_.jpg","width":500,"height":500},{"@type":"BreadcrumbList","@id":"https:\/\/marktxxl.de\/markt\/produkt\/lichterkette-aussen-eisregen-blau-und-kaltweisse-lightnum-9m-240-led-lichterkette-strom-mit-stecker-wasserdicht-weihnachtsbeleuchtung-eiszapfen-lichtervorhang-fuer-traufe-treppe-gelaender-fenste\/#breadcrumb","itemListElement":[{"@type":"ListItem","position":1,"name":"Startseite","item":"https:\/\/marktxxl.de\/markt\/"},{"@type":"ListItem","position":2,"name":"Markt","item":"https:\/\/marktxxl.de\/markt\/"},{"@type":"ListItem","position":3,"name":"Eisregen Lichterkette Au\u00dfen, 9M Weihnachtsbeleuchtung Eiszapfen mit Stecker, IP44 Wasserdicht, 8 Modi, Lichtervorhang\u2026"}]},{"@type":"WebSite","@id":"https:\/\/marktxxl.de\/markt\/#website","url":"https:\/\/marktxxl.de\/markt\/","name":"Markt-XXL","description":"Ihr Markt Online","publisher":{"@id":"https:\/\/marktxxl.de\/markt\/#organization"},"potentialAction":[{"@type":"SearchAction","target":{"@type":"EntryPoint","urlTemplate":"https:\/\/marktxxl.de\/markt\/?s={search_term_string}"},"query-input":{"@type":"PropertyValueSpecification","valueRequired":true,"valueName":"search_term_string"}}],"inLanguage":"de"},{"@type":"Organization","@id":"https:\/\/marktxxl.de\/markt\/#organization","name":"Markt-XXL","url":"https:\/\/marktxxl.de\/markt\/","logo":{"@type":"ImageObject","inLanguage":"de","@id":"https:\/\/marktxxl.de\/markt\/#\/schema\/logo\/image\/","url":"https:\/\/marktxxl.de\/markt\/wp-content\/uploads\/sites\/3\/2020\/12\/logo.png","contentUrl":"https:\/\/marktxxl.de\/markt\/wp-content\/uploads\/sites\/3\/2020\/12\/logo.png","width":200,"height":70,"caption":"Markt-XXL"},"image":{"@id":"https:\/\/marktxxl.de\/markt\/#\/schema\/logo\/image\/"}}]}},"_links":{"self":[{"href":"https:\/\/marktxxl.de\/markt\/wp-json\/wp\/v2\/product\/128671","targetHints":{"allow":["GET"]}}],"collection":[{"href":"https:\/\/marktxxl.de\/markt\/wp-json\/wp\/v2\/product"}],"about":[{"href":"https:\/\/marktxxl.de\/markt\/wp-json\/wp\/v2\/types\/product"}],"replies":[{"embeddable":true,"href":"https:\/\/marktxxl.de\/markt\/wp-json\/wp\/v2\/comments?post=128671"}],"wp:featuredmedia":[{"embeddable":true,"href":"https:\/\/marktxxl.de\/markt\/wp-json\/wp\/v2\/media\/128672"}],"wp:attachment":[{"href":"https:\/\/marktxxl.de\/markt\/wp-json\/wp\/v2\/media?parent=128671"}],"wp:term":[{"taxonomy":"product_brand","embeddable":true,"href":"https:\/\/marktxxl.de\/markt\/wp-json\/wp\/v2\/product_brand?post=128671"},{"taxonomy":"product_cat","embeddable":true,"href":"https:\/\/marktxxl.de\/markt\/wp-json\/wp\/v2\/product_cat?post=128671"},{"taxonomy":"product_tag","embeddable":true,"href":"https:\/\/marktxxl.de\/markt\/wp-json\/wp\/v2\/product_tag?post=128671"}],"curies":[{"name":"wp","href":"https:\/\/api.w.org\/{rel}","templated":true}]}}