{"id":128577,"date":"2022-06-14T01:35:48","date_gmt":"2022-06-13T23:35:48","guid":{"rendered":"https:\/\/marktxxl.de\/markt\/produkt\/leselampe-mit-14-leds-wiederaufladbar-warmes-und-weisses-buchlicht-3-helligkeiten-3-farben-zum-anklippen-bis-zu-65-stunden-augenpflege-leicht-fuer-kinder-buecherwuermer-und-notenstaender-sch\/"},"modified":"2023-04-11T04:02:10","modified_gmt":"2023-04-11T02:02:10","slug":"leselampe-mit-14-leds-wiederaufladbar-warmes-und-weisses-buchlicht-3-helligkeiten-3-farben-zum-anklippen-bis-zu-65-stunden-augenpflege-leicht-fuer-kinder-buecherwuermer-und-notenstaender-sch","status":"publish","type":"product","link":"https:\/\/marktxxl.de\/markt\/produkt\/leselampe-mit-14-leds-wiederaufladbar-warmes-und-weisses-buchlicht-3-helligkeiten-3-farben-zum-anklippen-bis-zu-65-stunden-augenpflege-leicht-fuer-kinder-buecherwuermer-und-notenstaender-sch\/","title":{"rendered":"Vekkia Leselampe Buch Klemme, Buchlampe mit 14 LEDs\uff0c3 Farbmodi und 3 Helligkeitsstufen, 80 Stunden lange Laufzeit , USB\u2026"},"content":{"rendered":"<p>Neuartige Buchlichter zum Lesen bei Nacht: 180 Grad faltbares, patentiertes Walschwanz-Design, wiederaufladbares Buchlicht, sorgf\u00e4ltig von deutschen Designern entwickelt. Es bietet einen breiteren Beleuchtungsbereich als andere normale Mini-Book-Leuchten. Der eingebaute Akku bietet Ihnen eine drahtlose Lesezeit von 65 Stunden. Die Leselampe verf\u00fcgt \u00fcber 14 LEDs und mehr Helligkeitsmodi. Ob Sie warmes oder wei\u00dfes Licht, hell oder weich m\u00f6gen, unser &#8220;Walbuch-Leselicht&#8221; kann Ihre Zufriedenheit perfekt erf\u00fcllen.<br \/>\nLeistungsstarker wiederaufladbarer Akku: 950 mAh Kapazit\u00e4t, langlebige LED h\u00e4lt 100.000 Stunden ohne Ersatz. Wir wollen nicht, dass keine Leser aufh\u00f6ren wunderbare Kapitel zu lesen. Unser hochwertiger wiederaufladbarer Akku wird innerhalb von 3 Stunden vollst\u00e4ndig aufgeladen und bietet 5 Stunden Beleuchtung bei hohem Modus und 65 Stunden Beleuchtung bei niedrigem Modus. Kommt mit einem Standard Android Micro-USB-Kabel.<br \/>\nAusziehbarer Beleuchtungskopf: Der geteilte Beleuchtungskopf bietet eine gr\u00f6\u00dfere Beleuchtungsfl\u00e4che, die neueste SMD-LED-Leselampe bietet die besten Farbtemperaturen und Helligkeit, spart deutlich Ihre Augen beim Lesen im Dunkeln oder Lesen im Bett, vor allem f\u00fcr Kinder. Klicken Sie auf den Schalter, um den Helligkeitsmodus in 9 verschiedenen Bedingungen zu w\u00e4hlen.<br \/>\nBeste Buchlampe und ausgezeichneter Kundenservice: Wir kreieren diese LED-Leseleuchten f\u00fcr Betten mit respektvollem Herz. Ausgezeichnete Kundenzufriedenheit innerhalb von 24 Stunden. Probieren Sie unseren 30-Tage-Geld-zur\u00fcck-Garantie. Klicken Sie jetzt auf die Schaltfl\u00e4che &#8220;In den Einkaufswagen&#8221;, um es aufzubauen. Versand aus den USA.<br \/>\nFester Clip und flexibler Schwanenhals: Der untere Clip unserer Leselampe kann bis zu 4 cm ge\u00f6ffnet werden. Der starke und verstellbare Schwanenhals kann in jede Position gedreht werden und fokussiert das Licht mit nur einer Hand genau nach Bedarf. Unsere Clip-Leuchten zum Lesen sind sehr geeignet f\u00fcr jedermann und ein sch\u00f6nes Geschenk f\u00fcr Familie, Freunde und Kinder.<br \/>\n<div class=\"main-cross-sell\" data-asin=\"B083W1SDK1\">\n\n\t<div class=\"WooZone-cross-sell-loader\">\n\t\t<div>\n\t\t\t<div id=\"floatingBarsG\">\n\t\t\t\t<div class=\"blockG\" id=\"rotateG_01\"><\/div>\n\t\t\t\t<div class=\"blockG\" id=\"rotateG_02\"><\/div>\n\t\t\t\t<div class=\"blockG\" id=\"rotateG_03\"><\/div>\n\t\t\t\t<div class=\"blockG\" id=\"rotateG_04\"><\/div>\n\t\t\t\t<div class=\"blockG\" id=\"rotateG_05\"><\/div>\n\t\t\t\t<div class=\"blockG\" id=\"rotateG_06\"><\/div>\n\t\t\t\t<div class=\"blockG\" id=\"rotateG_07\"><\/div>\n\t\t\t\t<div class=\"blockG\" id=\"rotateG_08\"><\/div>\n\t\t\t<\/div>\n\t\t\t<div class=\"WooZone-cross-sell-loader-text\"><\/div>\n\t\t<\/div>\n\t<\/div>\n\n\t\t\n<\/div>\n<div style=\"clear:both;\"><\/div><\/p>\n","protected":false},"excerpt":{"rendered":"<p>Neuartige Buchlichter zum Lesen bei Nacht: 180 Grad faltbares, patentiertes Walschwanz-Design, wiederaufladbares Buchlicht, sorgf\u00e4ltig von deutschen Designern entwickelt. Es bietet einen breiteren Beleuchtungsbereich als andere normale Mini-Book-Leuchten. Der eingebaute Akku bietet Ihnen eine drahtlose Lesezeit von 65 Stunden. Die Leselampe verf\u00fcgt \u00fcber 14 LEDs und mehr Helligkeitsmodi. Ob Sie warmes oder wei\u00dfes Licht, hell oder weich m\u00f6gen, unser &#8220;Walbuch-Leselicht&#8221; kann Ihre Zufriedenheit perfekt erf\u00fcllen.<br \/>\nLeistungsstarker wiederaufladbarer Akku: 950 mAh Kapazit\u00e4t, langlebige LED h\u00e4lt 100.000 Stunden ohne Ersatz. Wir wollen nicht, dass keine Leser aufh\u00f6ren wunderbare Kapitel zu lesen. Unser hochwertiger wiederaufladbarer Akku wird innerhalb von 3 Stunden vollst\u00e4ndig aufgeladen und bietet 5 Stunden Beleuchtung bei hohem Modus und 65 Stunden Beleuchtung bei niedrigem Modus. Kommt mit einem Standard Android Micro-USB-Kabel.<br \/>\nAusziehbarer Beleuchtungskopf: Der geteilte Beleuchtungskopf bietet eine gr\u00f6\u00dfere Beleuchtungsfl\u00e4che, die neueste SMD-LED-Leselampe bietet die besten Farbtemperaturen und Helligkeit, spart deutlich Ihre Augen beim Lesen im Dunkeln oder Lesen im Bett, vor allem f\u00fcr Kinder. Klicken Sie auf den Schalter, um den Helligkeitsmodus in 9 verschiedenen Bedingungen zu w\u00e4hlen.<\/p>\n","protected":false},"featured_media":128578,"comment_status":"open","ping_status":"closed","template":"","meta":[],"product_brand":[],"product_cat":[2108,11509],"product_tag":[],"class_list":{"0":"post-128577","1":"product","2":"type-product","3":"status-publish","4":"has-post-thumbnail","6":"product_cat-beleuchtung","7":"product_cat-innenbeleuchtung","8":"pa_binding-werkzeug","9":"pa_brand-rundourman","10":"pa_color-schwarz","11":"pa_manufacturer-rundourman","12":"pa_model-36835","13":"pa_weight-0-134375-pfund","15":"first","16":"instock","17":"shipping-taxable","18":"purchasable","19":"product-type-simple","20":"customify-col","21":"product-has-gallery"},"yoast_head":"<!-- This site is optimized with the Yoast SEO plugin v27.4 - https:\/\/yoast.com\/product\/yoast-seo-wordpress\/ -->\n<title>Vekkia Leselampe Buch Klemme, Buchlampe mit 14 LEDs\uff0c3 Farbmodi und 3 Helligkeitsstufen, 80 Stunden lange Laufzeit , USB\u2026 - Markt-XXL<\/title>\n<meta name=\"description\" content=\"Markt-XXL Vekkia Leselampe Buch Klemme, Buchlampe mit 14 LEDs\uff0c3 Farbmodi und 3 Helligkeitsstufen, 80 Stunden lange Laufzeit , USB\u2026\" \/>\n<meta name=\"robots\" content=\"index, follow, max-snippet:-1, max-image-preview:large, max-video-preview:-1\" \/>\n<link rel=\"canonical\" href=\"https:\/\/marktxxl.de\/markt\/produkt\/leselampe-mit-14-leds-wiederaufladbar-warmes-und-weisses-buchlicht-3-helligkeiten-3-farben-zum-anklippen-bis-zu-65-stunden-augenpflege-leicht-fuer-kinder-buecherwuermer-und-notenstaender-sch\/\" \/>\n<meta property=\"og:locale\" content=\"de_DE\" \/>\n<meta property=\"og:type\" content=\"article\" \/>\n<meta property=\"og:title\" content=\"Vekkia Leselampe Buch Klemme, Buchlampe mit 14 LEDs\uff0c3 Farbmodi und 3 Helligkeitsstufen, 80 Stunden lange Laufzeit , USB\u2026 - Markt-XXL\" \/>\n<meta property=\"og:description\" content=\"Markt-XXL Vekkia Leselampe Buch Klemme, Buchlampe mit 14 LEDs\uff0c3 Farbmodi und 3 Helligkeitsstufen, 80 Stunden lange Laufzeit , USB\u2026\" \/>\n<meta property=\"og:url\" content=\"https:\/\/marktxxl.de\/markt\/produkt\/leselampe-mit-14-leds-wiederaufladbar-warmes-und-weisses-buchlicht-3-helligkeiten-3-farben-zum-anklippen-bis-zu-65-stunden-augenpflege-leicht-fuer-kinder-buecherwuermer-und-notenstaender-sch\/\" \/>\n<meta property=\"og:site_name\" content=\"Markt-XXL\" \/>\n<meta property=\"article:modified_time\" content=\"2023-04-11T02:02:10+00:00\" \/>\n<meta property=\"og:image\" content=\"https:\/\/m.media-amazon.com\/images\/I\/4191WLJP+DL._SL500_.jpg\" \/>\n\t<meta property=\"og:image:width\" content=\"500\" \/>\n\t<meta property=\"og:image:height\" content=\"500\" \/>\n\t<meta property=\"og:image:type\" content=\"image\/jpeg\" \/>\n<meta name=\"twitter:card\" content=\"summary_large_image\" \/>\n<meta name=\"twitter:label1\" content=\"Gesch\u00e4tzte Lesezeit\" \/>\n\t<meta name=\"twitter:data1\" content=\"1\u00a0Minute\" \/>\n<script type=\"application\/ld+json\" class=\"yoast-schema-graph\">{\"@context\":\"https:\\\/\\\/schema.org\",\"@graph\":[{\"@type\":\"WebPage\",\"@id\":\"https:\\\/\\\/marktxxl.de\\\/markt\\\/produkt\\\/leselampe-mit-14-leds-wiederaufladbar-warmes-und-weisses-buchlicht-3-helligkeiten-3-farben-zum-anklippen-bis-zu-65-stunden-augenpflege-leicht-fuer-kinder-buecherwuermer-und-notenstaender-sch\\\/\",\"url\":\"https:\\\/\\\/marktxxl.de\\\/markt\\\/produkt\\\/leselampe-mit-14-leds-wiederaufladbar-warmes-und-weisses-buchlicht-3-helligkeiten-3-farben-zum-anklippen-bis-zu-65-stunden-augenpflege-leicht-fuer-kinder-buecherwuermer-und-notenstaender-sch\\\/\",\"name\":\"Vekkia Leselampe Buch Klemme, Buchlampe mit 14 LEDs\uff0c3 Farbmodi und 3 Helligkeitsstufen, 80 Stunden lange Laufzeit , USB\u2026 - Markt-XXL\",\"isPartOf\":{\"@id\":\"https:\\\/\\\/marktxxl.de\\\/markt\\\/#website\"},\"primaryImageOfPage\":{\"@id\":\"https:\\\/\\\/marktxxl.de\\\/markt\\\/produkt\\\/leselampe-mit-14-leds-wiederaufladbar-warmes-und-weisses-buchlicht-3-helligkeiten-3-farben-zum-anklippen-bis-zu-65-stunden-augenpflege-leicht-fuer-kinder-buecherwuermer-und-notenstaender-sch\\\/#primaryimage\"},\"image\":{\"@id\":\"https:\\\/\\\/marktxxl.de\\\/markt\\\/produkt\\\/leselampe-mit-14-leds-wiederaufladbar-warmes-und-weisses-buchlicht-3-helligkeiten-3-farben-zum-anklippen-bis-zu-65-stunden-augenpflege-leicht-fuer-kinder-buecherwuermer-und-notenstaender-sch\\\/#primaryimage\"},\"thumbnailUrl\":\"https:\\\/\\\/m.media-amazon.com\\\/images\\\/I\\\/4191WLJP+DL._SL500_.jpg\",\"datePublished\":\"2022-06-13T23:35:48+00:00\",\"dateModified\":\"2023-04-11T02:02:10+00:00\",\"description\":\"Markt-XXL Vekkia Leselampe Buch Klemme, Buchlampe mit 14 LEDs\uff0c3 Farbmodi und 3 Helligkeitsstufen, 80 Stunden lange Laufzeit , USB\u2026\",\"breadcrumb\":{\"@id\":\"https:\\\/\\\/marktxxl.de\\\/markt\\\/produkt\\\/leselampe-mit-14-leds-wiederaufladbar-warmes-und-weisses-buchlicht-3-helligkeiten-3-farben-zum-anklippen-bis-zu-65-stunden-augenpflege-leicht-fuer-kinder-buecherwuermer-und-notenstaender-sch\\\/#breadcrumb\"},\"inLanguage\":\"de\",\"potentialAction\":[{\"@type\":\"ReadAction\",\"target\":[\"https:\\\/\\\/marktxxl.de\\\/markt\\\/produkt\\\/leselampe-mit-14-leds-wiederaufladbar-warmes-und-weisses-buchlicht-3-helligkeiten-3-farben-zum-anklippen-bis-zu-65-stunden-augenpflege-leicht-fuer-kinder-buecherwuermer-und-notenstaender-sch\\\/\"]}]},{\"@type\":\"ImageObject\",\"inLanguage\":\"de\",\"@id\":\"https:\\\/\\\/marktxxl.de\\\/markt\\\/produkt\\\/leselampe-mit-14-leds-wiederaufladbar-warmes-und-weisses-buchlicht-3-helligkeiten-3-farben-zum-anklippen-bis-zu-65-stunden-augenpflege-leicht-fuer-kinder-buecherwuermer-und-notenstaender-sch\\\/#primaryimage\",\"url\":\"https:\\\/\\\/m.media-amazon.com\\\/images\\\/I\\\/4191WLJP+DL._SL500_.jpg\",\"contentUrl\":\"https:\\\/\\\/m.media-amazon.com\\\/images\\\/I\\\/4191WLJP+DL._SL500_.jpg\",\"width\":500,\"height\":500},{\"@type\":\"BreadcrumbList\",\"@id\":\"https:\\\/\\\/marktxxl.de\\\/markt\\\/produkt\\\/leselampe-mit-14-leds-wiederaufladbar-warmes-und-weisses-buchlicht-3-helligkeiten-3-farben-zum-anklippen-bis-zu-65-stunden-augenpflege-leicht-fuer-kinder-buecherwuermer-und-notenstaender-sch\\\/#breadcrumb\",\"itemListElement\":[{\"@type\":\"ListItem\",\"position\":1,\"name\":\"Startseite\",\"item\":\"https:\\\/\\\/marktxxl.de\\\/markt\\\/\"},{\"@type\":\"ListItem\",\"position\":2,\"name\":\"Markt\",\"item\":\"https:\\\/\\\/marktxxl.de\\\/markt\\\/\"},{\"@type\":\"ListItem\",\"position\":3,\"name\":\"Vekkia Leselampe Buch Klemme, Buchlampe mit 14 LEDs\uff0c3 Farbmodi und 3 Helligkeitsstufen, 80 Stunden lange Laufzeit , USB\u2026\"}]},{\"@type\":\"WebSite\",\"@id\":\"https:\\\/\\\/marktxxl.de\\\/markt\\\/#website\",\"url\":\"https:\\\/\\\/marktxxl.de\\\/markt\\\/\",\"name\":\"Markt-XXL\",\"description\":\"Ihr Markt Online\",\"publisher\":{\"@id\":\"https:\\\/\\\/marktxxl.de\\\/markt\\\/#organization\"},\"potentialAction\":[{\"@type\":\"SearchAction\",\"target\":{\"@type\":\"EntryPoint\",\"urlTemplate\":\"https:\\\/\\\/marktxxl.de\\\/markt\\\/?s={search_term_string}\"},\"query-input\":{\"@type\":\"PropertyValueSpecification\",\"valueRequired\":true,\"valueName\":\"search_term_string\"}}],\"inLanguage\":\"de\"},{\"@type\":\"Organization\",\"@id\":\"https:\\\/\\\/marktxxl.de\\\/markt\\\/#organization\",\"name\":\"Markt-XXL\",\"url\":\"https:\\\/\\\/marktxxl.de\\\/markt\\\/\",\"logo\":{\"@type\":\"ImageObject\",\"inLanguage\":\"de\",\"@id\":\"https:\\\/\\\/marktxxl.de\\\/markt\\\/#\\\/schema\\\/logo\\\/image\\\/\",\"url\":\"https:\\\/\\\/marktxxl.de\\\/markt\\\/wp-content\\\/uploads\\\/sites\\\/3\\\/2020\\\/12\\\/logo.png\",\"contentUrl\":\"https:\\\/\\\/marktxxl.de\\\/markt\\\/wp-content\\\/uploads\\\/sites\\\/3\\\/2020\\\/12\\\/logo.png\",\"width\":200,\"height\":70,\"caption\":\"Markt-XXL\"},\"image\":{\"@id\":\"https:\\\/\\\/marktxxl.de\\\/markt\\\/#\\\/schema\\\/logo\\\/image\\\/\"}}]}<\/script>\n<!-- \/ Yoast SEO plugin. -->","yoast_head_json":{"title":"Vekkia Leselampe Buch Klemme, Buchlampe mit 14 LEDs\uff0c3 Farbmodi und 3 Helligkeitsstufen, 80 Stunden lange Laufzeit , USB\u2026 - Markt-XXL","description":"Markt-XXL Vekkia Leselampe Buch Klemme, Buchlampe mit 14 LEDs\uff0c3 Farbmodi und 3 Helligkeitsstufen, 80 Stunden lange Laufzeit , USB\u2026","robots":{"index":"index","follow":"follow","max-snippet":"max-snippet:-1","max-image-preview":"max-image-preview:large","max-video-preview":"max-video-preview:-1"},"canonical":"https:\/\/marktxxl.de\/markt\/produkt\/leselampe-mit-14-leds-wiederaufladbar-warmes-und-weisses-buchlicht-3-helligkeiten-3-farben-zum-anklippen-bis-zu-65-stunden-augenpflege-leicht-fuer-kinder-buecherwuermer-und-notenstaender-sch\/","og_locale":"de_DE","og_type":"article","og_title":"Vekkia Leselampe Buch Klemme, Buchlampe mit 14 LEDs\uff0c3 Farbmodi und 3 Helligkeitsstufen, 80 Stunden lange Laufzeit , USB\u2026 - Markt-XXL","og_description":"Markt-XXL Vekkia Leselampe Buch Klemme, Buchlampe mit 14 LEDs\uff0c3 Farbmodi und 3 Helligkeitsstufen, 80 Stunden lange Laufzeit , USB\u2026","og_url":"https:\/\/marktxxl.de\/markt\/produkt\/leselampe-mit-14-leds-wiederaufladbar-warmes-und-weisses-buchlicht-3-helligkeiten-3-farben-zum-anklippen-bis-zu-65-stunden-augenpflege-leicht-fuer-kinder-buecherwuermer-und-notenstaender-sch\/","og_site_name":"Markt-XXL","article_modified_time":"2023-04-11T02:02:10+00:00","og_image":[{"width":500,"height":500,"url":"https:\/\/m.media-amazon.com\/images\/I\/4191WLJP+DL._SL500_.jpg","type":"image\/jpeg"}],"twitter_card":"summary_large_image","twitter_misc":{"Gesch\u00e4tzte Lesezeit":"1\u00a0Minute"},"schema":{"@context":"https:\/\/schema.org","@graph":[{"@type":"WebPage","@id":"https:\/\/marktxxl.de\/markt\/produkt\/leselampe-mit-14-leds-wiederaufladbar-warmes-und-weisses-buchlicht-3-helligkeiten-3-farben-zum-anklippen-bis-zu-65-stunden-augenpflege-leicht-fuer-kinder-buecherwuermer-und-notenstaender-sch\/","url":"https:\/\/marktxxl.de\/markt\/produkt\/leselampe-mit-14-leds-wiederaufladbar-warmes-und-weisses-buchlicht-3-helligkeiten-3-farben-zum-anklippen-bis-zu-65-stunden-augenpflege-leicht-fuer-kinder-buecherwuermer-und-notenstaender-sch\/","name":"Vekkia Leselampe Buch Klemme, Buchlampe mit 14 LEDs\uff0c3 Farbmodi und 3 Helligkeitsstufen, 80 Stunden lange Laufzeit , USB\u2026 - Markt-XXL","isPartOf":{"@id":"https:\/\/marktxxl.de\/markt\/#website"},"primaryImageOfPage":{"@id":"https:\/\/marktxxl.de\/markt\/produkt\/leselampe-mit-14-leds-wiederaufladbar-warmes-und-weisses-buchlicht-3-helligkeiten-3-farben-zum-anklippen-bis-zu-65-stunden-augenpflege-leicht-fuer-kinder-buecherwuermer-und-notenstaender-sch\/#primaryimage"},"image":{"@id":"https:\/\/marktxxl.de\/markt\/produkt\/leselampe-mit-14-leds-wiederaufladbar-warmes-und-weisses-buchlicht-3-helligkeiten-3-farben-zum-anklippen-bis-zu-65-stunden-augenpflege-leicht-fuer-kinder-buecherwuermer-und-notenstaender-sch\/#primaryimage"},"thumbnailUrl":"https:\/\/m.media-amazon.com\/images\/I\/4191WLJP+DL._SL500_.jpg","datePublished":"2022-06-13T23:35:48+00:00","dateModified":"2023-04-11T02:02:10+00:00","description":"Markt-XXL Vekkia Leselampe Buch Klemme, Buchlampe mit 14 LEDs\uff0c3 Farbmodi und 3 Helligkeitsstufen, 80 Stunden lange Laufzeit , USB\u2026","breadcrumb":{"@id":"https:\/\/marktxxl.de\/markt\/produkt\/leselampe-mit-14-leds-wiederaufladbar-warmes-und-weisses-buchlicht-3-helligkeiten-3-farben-zum-anklippen-bis-zu-65-stunden-augenpflege-leicht-fuer-kinder-buecherwuermer-und-notenstaender-sch\/#breadcrumb"},"inLanguage":"de","potentialAction":[{"@type":"ReadAction","target":["https:\/\/marktxxl.de\/markt\/produkt\/leselampe-mit-14-leds-wiederaufladbar-warmes-und-weisses-buchlicht-3-helligkeiten-3-farben-zum-anklippen-bis-zu-65-stunden-augenpflege-leicht-fuer-kinder-buecherwuermer-und-notenstaender-sch\/"]}]},{"@type":"ImageObject","inLanguage":"de","@id":"https:\/\/marktxxl.de\/markt\/produkt\/leselampe-mit-14-leds-wiederaufladbar-warmes-und-weisses-buchlicht-3-helligkeiten-3-farben-zum-anklippen-bis-zu-65-stunden-augenpflege-leicht-fuer-kinder-buecherwuermer-und-notenstaender-sch\/#primaryimage","url":"https:\/\/m.media-amazon.com\/images\/I\/4191WLJP+DL._SL500_.jpg","contentUrl":"https:\/\/m.media-amazon.com\/images\/I\/4191WLJP+DL._SL500_.jpg","width":500,"height":500},{"@type":"BreadcrumbList","@id":"https:\/\/marktxxl.de\/markt\/produkt\/leselampe-mit-14-leds-wiederaufladbar-warmes-und-weisses-buchlicht-3-helligkeiten-3-farben-zum-anklippen-bis-zu-65-stunden-augenpflege-leicht-fuer-kinder-buecherwuermer-und-notenstaender-sch\/#breadcrumb","itemListElement":[{"@type":"ListItem","position":1,"name":"Startseite","item":"https:\/\/marktxxl.de\/markt\/"},{"@type":"ListItem","position":2,"name":"Markt","item":"https:\/\/marktxxl.de\/markt\/"},{"@type":"ListItem","position":3,"name":"Vekkia Leselampe Buch Klemme, Buchlampe mit 14 LEDs\uff0c3 Farbmodi und 3 Helligkeitsstufen, 80 Stunden lange Laufzeit , USB\u2026"}]},{"@type":"WebSite","@id":"https:\/\/marktxxl.de\/markt\/#website","url":"https:\/\/marktxxl.de\/markt\/","name":"Markt-XXL","description":"Ihr Markt Online","publisher":{"@id":"https:\/\/marktxxl.de\/markt\/#organization"},"potentialAction":[{"@type":"SearchAction","target":{"@type":"EntryPoint","urlTemplate":"https:\/\/marktxxl.de\/markt\/?s={search_term_string}"},"query-input":{"@type":"PropertyValueSpecification","valueRequired":true,"valueName":"search_term_string"}}],"inLanguage":"de"},{"@type":"Organization","@id":"https:\/\/marktxxl.de\/markt\/#organization","name":"Markt-XXL","url":"https:\/\/marktxxl.de\/markt\/","logo":{"@type":"ImageObject","inLanguage":"de","@id":"https:\/\/marktxxl.de\/markt\/#\/schema\/logo\/image\/","url":"https:\/\/marktxxl.de\/markt\/wp-content\/uploads\/sites\/3\/2020\/12\/logo.png","contentUrl":"https:\/\/marktxxl.de\/markt\/wp-content\/uploads\/sites\/3\/2020\/12\/logo.png","width":200,"height":70,"caption":"Markt-XXL"},"image":{"@id":"https:\/\/marktxxl.de\/markt\/#\/schema\/logo\/image\/"}}]}},"_links":{"self":[{"href":"https:\/\/marktxxl.de\/markt\/wp-json\/wp\/v2\/product\/128577","targetHints":{"allow":["GET"]}}],"collection":[{"href":"https:\/\/marktxxl.de\/markt\/wp-json\/wp\/v2\/product"}],"about":[{"href":"https:\/\/marktxxl.de\/markt\/wp-json\/wp\/v2\/types\/product"}],"replies":[{"embeddable":true,"href":"https:\/\/marktxxl.de\/markt\/wp-json\/wp\/v2\/comments?post=128577"}],"wp:featuredmedia":[{"embeddable":true,"href":"https:\/\/marktxxl.de\/markt\/wp-json\/wp\/v2\/media\/128578"}],"wp:attachment":[{"href":"https:\/\/marktxxl.de\/markt\/wp-json\/wp\/v2\/media?parent=128577"}],"wp:term":[{"taxonomy":"product_brand","embeddable":true,"href":"https:\/\/marktxxl.de\/markt\/wp-json\/wp\/v2\/product_brand?post=128577"},{"taxonomy":"product_cat","embeddable":true,"href":"https:\/\/marktxxl.de\/markt\/wp-json\/wp\/v2\/product_cat?post=128577"},{"taxonomy":"product_tag","embeddable":true,"href":"https:\/\/marktxxl.de\/markt\/wp-json\/wp\/v2\/product_tag?post=128577"}],"curies":[{"name":"wp","href":"https:\/\/api.w.org\/{rel}","templated":true}]}}