{"id":128496,"date":"2022-06-14T01:16:32","date_gmt":"2022-06-13T23:16:32","guid":{"rendered":"https:\/\/marktxxl.de\/markt\/produkt\/consciot-vanity-lights-fuer-spiegel-hollywood-stil-schminkspiegel-lichter-set-mit-10-led-lampen-dimmbar-verstellbare-helligkeit-usb-beleuchtungsleiste-fuer-schminktisch-set-im-ankleidezimmer\/"},"modified":"2023-04-11T04:02:10","modified_gmt":"2023-04-11T02:02:10","slug":"consciot-vanity-lights-fuer-spiegel-hollywood-stil-schminkspiegel-lichter-set-mit-10-led-lampen-dimmbar-verstellbare-helligkeit-usb-beleuchtungsleiste-fuer-schminktisch-set-im-ankleidezimmer","status":"publish","type":"product","link":"https:\/\/marktxxl.de\/markt\/produkt\/consciot-vanity-lights-fuer-spiegel-hollywood-stil-schminkspiegel-lichter-set-mit-10-led-lampen-dimmbar-verstellbare-helligkeit-usb-beleuchtungsleiste-fuer-schminktisch-set-im-ankleidezimmer\/","title":{"rendered":"LED-Kosmetik-Lichter f\u00fcr Spiegel, Consciot Hollywood-Stil, mit 10 dimmbaren Gl\u00fchbirnen, einstellbare Farbe und\u2026"},"content":{"rendered":"<p>\u2726 Einstellbar mit 3 Farbmodi: Die Spiegelleuchten haben 3 Farbtemperatur-Optionen, einschlie\u00dflich Warmwei\u00df (3000 k), Tageslichtwei\u00df (4000 k) und Kaltwei\u00df (6500 k). Sie k\u00f6nnen jede Farbe je nach Stimmung w\u00e4hlen.<br \/>\nDimmbar mit 9-stufiger Helligkeit. Mit 120 Grad Abstrahlwinkel. Die dimmbaren LED-Lampen im Hollywood-Stil bieten 1-9-stufige Dimmung, um Ihre unterschiedlichen Bed\u00fcrfnisse zu erf\u00fcllen. Die Memory-Funktion macht Sie davon ab, das Licht jedes Mal einzustellen.<br \/>\n\u2726 DIY VANITY LIGHTS F\u00dcR SPIEGEL. Dies ist ein DIY Spiegel-Lichtstreifen. Sie k\u00f6nnen die L\u00e4nge frei einstellen, indem Sie die Gl\u00fchbirnen im Uhrzeigersinn oder gegen den Uhrzeigersinn drehen, um Ihre verschiedenen Bed\u00fcrfnisse zu versorgen, und auch Ihr Schminkset sch\u00f6n und ordentlich zu halten.<br \/>\n\u2726 Einfache Installation &amp; USB-Kabel mit mitgeliefertem doppelseitigem Klebeband fixiert, diese Vanity Leuchtmittel fallen nicht leicht ab und hinterlassen keine Spuren auf dem Spiegel, wenn Sie die Gl\u00fchbirnen entfernen m\u00f6chten. Das USB-Kabel-Design erm\u00f6glicht mehrere Ladeoptionen, bequem f\u00fcr \u00fcberall.<br \/>\n\u2726 Dekoration und Geschenk im Hollywood-Stil. Sie k\u00f6nnen diese Schminkleuchten als Spiegel verwenden, um Ihre Fensterb\u00e4nke, Ankleidezimmer, Badezimmer und Waschtische, Kunstausstellung, Flur zu dekorieren. Nicht nur perfekt f\u00fcr Party- oder Festival-Dekoration, sondern auch ein kreatives Geschenk f\u00fcr Ihre Freunde oder Ihre Lieben.<br \/>\n\u2726 Sicherheit und hohe Qualit\u00e4t: Hergestellt aus Materialien mit \u00dcberlastschutz. Diese Gl\u00fchbirne ist f\u00fcr Menschen konzipiert, die Qualit\u00e4t und Sicherheit am Herzen liegen. Der PC-Lampenschirm weicht das Licht nicht weh an den Augen und schafft eine weiche Umgebung f\u00fcr Ihr Make-up.<br \/>\n<div class=\"main-cross-sell\" data-asin=\"B082YBHHQF\">\n\n\t<div class=\"WooZone-cross-sell-loader\">\n\t\t<div>\n\t\t\t<div id=\"floatingBarsG\">\n\t\t\t\t<div class=\"blockG\" id=\"rotateG_01\"><\/div>\n\t\t\t\t<div class=\"blockG\" id=\"rotateG_02\"><\/div>\n\t\t\t\t<div class=\"blockG\" id=\"rotateG_03\"><\/div>\n\t\t\t\t<div class=\"blockG\" id=\"rotateG_04\"><\/div>\n\t\t\t\t<div class=\"blockG\" id=\"rotateG_05\"><\/div>\n\t\t\t\t<div class=\"blockG\" id=\"rotateG_06\"><\/div>\n\t\t\t\t<div class=\"blockG\" id=\"rotateG_07\"><\/div>\n\t\t\t\t<div class=\"blockG\" id=\"rotateG_08\"><\/div>\n\t\t\t<\/div>\n\t\t\t<div class=\"WooZone-cross-sell-loader-text\"><\/div>\n\t\t<\/div>\n\t<\/div>\n\n\t\t\n<\/div>\n<div style=\"clear:both;\"><\/div><\/p>\n","protected":false},"excerpt":{"rendered":"<p>\u2726 Einstellbar mit 3 Farbmodi: Die Spiegelleuchten haben 3 Farbtemperatur-Optionen, einschlie\u00dflich Warmwei\u00df (3000 k), Tageslichtwei\u00df (4000 k) und Kaltwei\u00df (6500 k). Sie k\u00f6nnen jede Farbe je nach Stimmung w\u00e4hlen.<br \/>\nDimmbar mit 9-stufiger Helligkeit. Mit 120 Grad Abstrahlwinkel. Die dimmbaren LED-Lampen im Hollywood-Stil bieten 1-9-stufige Dimmung, um Ihre unterschiedlichen Bed\u00fcrfnisse zu erf\u00fcllen. Die Memory-Funktion macht Sie davon ab, das Licht jedes Mal einzustellen.<br \/>\n\u2726 DIY VANITY LIGHTS F\u00dcR SPIEGEL. Dies ist ein DIY Spiegel-Lichtstreifen. Sie k\u00f6nnen die L\u00e4nge frei einstellen, indem Sie die Gl\u00fchbirnen im Uhrzeigersinn oder gegen den Uhrzeigersinn drehen, um Ihre verschiedenen Bed\u00fcrfnisse zu versorgen, und auch Ihr Schminkset sch\u00f6n und ordentlich zu halten.<\/p>\n","protected":false},"featured_media":128497,"comment_status":"open","ping_status":"closed","template":"","meta":[],"product_brand":[],"product_cat":[11474,2108],"product_tag":[],"class_list":{"0":"post-128496","1":"product","2":"type-product","3":"status-publish","4":"has-post-thumbnail","6":"product_cat-bad-beleuchtung","7":"product_cat-beleuchtung","8":"pa_binding-werkzeug","9":"pa_brand-consciot","10":"pa_color-weiss","11":"pa_height-2-29-zoll","12":"pa_length-8-zoll","13":"pa_manufacturer-linkind-technology-co-ltd","14":"pa_model-pc-10d-2835-w-f5","15":"pa_width-5-6-zoll","17":"first","18":"instock","19":"shipping-taxable","20":"purchasable","21":"product-type-simple","22":"customify-col","23":"product-has-gallery"},"yoast_head":"<!-- This site is optimized with the Yoast SEO plugin v27.4 - https:\/\/yoast.com\/product\/yoast-seo-wordpress\/ -->\n<title>LED-Kosmetik-Lichter f\u00fcr Spiegel, Consciot Hollywood-Stil, mit 10 dimmbaren Gl\u00fchbirnen, einstellbare Farbe und\u2026 - Markt-XXL<\/title>\n<meta name=\"description\" content=\"Markt-XXL LED-Kosmetik-Lichter f\u00fcr Spiegel, Consciot Hollywood-Stil, mit 10 dimmbaren Gl\u00fchbirnen, einstellbare Farbe und\u2026\" \/>\n<meta name=\"robots\" content=\"index, follow, max-snippet:-1, max-image-preview:large, max-video-preview:-1\" \/>\n<link rel=\"canonical\" href=\"https:\/\/marktxxl.de\/markt\/produkt\/consciot-vanity-lights-fuer-spiegel-hollywood-stil-schminkspiegel-lichter-set-mit-10-led-lampen-dimmbar-verstellbare-helligkeit-usb-beleuchtungsleiste-fuer-schminktisch-set-im-ankleidezimmer\/\" \/>\n<meta property=\"og:locale\" content=\"de_DE\" \/>\n<meta property=\"og:type\" content=\"article\" \/>\n<meta property=\"og:title\" content=\"LED-Kosmetik-Lichter f\u00fcr Spiegel, Consciot Hollywood-Stil, mit 10 dimmbaren Gl\u00fchbirnen, einstellbare Farbe und\u2026 - Markt-XXL\" \/>\n<meta property=\"og:description\" content=\"Markt-XXL LED-Kosmetik-Lichter f\u00fcr Spiegel, Consciot Hollywood-Stil, mit 10 dimmbaren Gl\u00fchbirnen, einstellbare Farbe und\u2026\" \/>\n<meta property=\"og:url\" content=\"https:\/\/marktxxl.de\/markt\/produkt\/consciot-vanity-lights-fuer-spiegel-hollywood-stil-schminkspiegel-lichter-set-mit-10-led-lampen-dimmbar-verstellbare-helligkeit-usb-beleuchtungsleiste-fuer-schminktisch-set-im-ankleidezimmer\/\" \/>\n<meta property=\"og:site_name\" content=\"Markt-XXL\" \/>\n<meta property=\"article:modified_time\" content=\"2023-04-11T02:02:10+00:00\" \/>\n<meta property=\"og:image\" content=\"https:\/\/m.media-amazon.com\/images\/I\/317mGwQE+vL._SL500_.jpg\" \/>\n\t<meta property=\"og:image:width\" content=\"500\" \/>\n\t<meta property=\"og:image:height\" content=\"500\" \/>\n\t<meta property=\"og:image:type\" content=\"image\/jpeg\" \/>\n<meta name=\"twitter:card\" content=\"summary_large_image\" \/>\n<meta name=\"twitter:label1\" content=\"Gesch\u00e4tzte Lesezeit\" \/>\n\t<meta name=\"twitter:data1\" content=\"1\u00a0Minute\" \/>\n<script type=\"application\/ld+json\" class=\"yoast-schema-graph\">{\"@context\":\"https:\\\/\\\/schema.org\",\"@graph\":[{\"@type\":\"WebPage\",\"@id\":\"https:\\\/\\\/marktxxl.de\\\/markt\\\/produkt\\\/consciot-vanity-lights-fuer-spiegel-hollywood-stil-schminkspiegel-lichter-set-mit-10-led-lampen-dimmbar-verstellbare-helligkeit-usb-beleuchtungsleiste-fuer-schminktisch-set-im-ankleidezimmer\\\/\",\"url\":\"https:\\\/\\\/marktxxl.de\\\/markt\\\/produkt\\\/consciot-vanity-lights-fuer-spiegel-hollywood-stil-schminkspiegel-lichter-set-mit-10-led-lampen-dimmbar-verstellbare-helligkeit-usb-beleuchtungsleiste-fuer-schminktisch-set-im-ankleidezimmer\\\/\",\"name\":\"LED-Kosmetik-Lichter f\u00fcr Spiegel, Consciot Hollywood-Stil, mit 10 dimmbaren Gl\u00fchbirnen, einstellbare Farbe und\u2026 - Markt-XXL\",\"isPartOf\":{\"@id\":\"https:\\\/\\\/marktxxl.de\\\/markt\\\/#website\"},\"primaryImageOfPage\":{\"@id\":\"https:\\\/\\\/marktxxl.de\\\/markt\\\/produkt\\\/consciot-vanity-lights-fuer-spiegel-hollywood-stil-schminkspiegel-lichter-set-mit-10-led-lampen-dimmbar-verstellbare-helligkeit-usb-beleuchtungsleiste-fuer-schminktisch-set-im-ankleidezimmer\\\/#primaryimage\"},\"image\":{\"@id\":\"https:\\\/\\\/marktxxl.de\\\/markt\\\/produkt\\\/consciot-vanity-lights-fuer-spiegel-hollywood-stil-schminkspiegel-lichter-set-mit-10-led-lampen-dimmbar-verstellbare-helligkeit-usb-beleuchtungsleiste-fuer-schminktisch-set-im-ankleidezimmer\\\/#primaryimage\"},\"thumbnailUrl\":\"https:\\\/\\\/m.media-amazon.com\\\/images\\\/I\\\/317mGwQE+vL._SL500_.jpg\",\"datePublished\":\"2022-06-13T23:16:32+00:00\",\"dateModified\":\"2023-04-11T02:02:10+00:00\",\"description\":\"Markt-XXL LED-Kosmetik-Lichter f\u00fcr Spiegel, Consciot Hollywood-Stil, mit 10 dimmbaren Gl\u00fchbirnen, einstellbare Farbe und\u2026\",\"breadcrumb\":{\"@id\":\"https:\\\/\\\/marktxxl.de\\\/markt\\\/produkt\\\/consciot-vanity-lights-fuer-spiegel-hollywood-stil-schminkspiegel-lichter-set-mit-10-led-lampen-dimmbar-verstellbare-helligkeit-usb-beleuchtungsleiste-fuer-schminktisch-set-im-ankleidezimmer\\\/#breadcrumb\"},\"inLanguage\":\"de\",\"potentialAction\":[{\"@type\":\"ReadAction\",\"target\":[\"https:\\\/\\\/marktxxl.de\\\/markt\\\/produkt\\\/consciot-vanity-lights-fuer-spiegel-hollywood-stil-schminkspiegel-lichter-set-mit-10-led-lampen-dimmbar-verstellbare-helligkeit-usb-beleuchtungsleiste-fuer-schminktisch-set-im-ankleidezimmer\\\/\"]}]},{\"@type\":\"ImageObject\",\"inLanguage\":\"de\",\"@id\":\"https:\\\/\\\/marktxxl.de\\\/markt\\\/produkt\\\/consciot-vanity-lights-fuer-spiegel-hollywood-stil-schminkspiegel-lichter-set-mit-10-led-lampen-dimmbar-verstellbare-helligkeit-usb-beleuchtungsleiste-fuer-schminktisch-set-im-ankleidezimmer\\\/#primaryimage\",\"url\":\"https:\\\/\\\/m.media-amazon.com\\\/images\\\/I\\\/317mGwQE+vL._SL500_.jpg\",\"contentUrl\":\"https:\\\/\\\/m.media-amazon.com\\\/images\\\/I\\\/317mGwQE+vL._SL500_.jpg\",\"width\":500,\"height\":500},{\"@type\":\"BreadcrumbList\",\"@id\":\"https:\\\/\\\/marktxxl.de\\\/markt\\\/produkt\\\/consciot-vanity-lights-fuer-spiegel-hollywood-stil-schminkspiegel-lichter-set-mit-10-led-lampen-dimmbar-verstellbare-helligkeit-usb-beleuchtungsleiste-fuer-schminktisch-set-im-ankleidezimmer\\\/#breadcrumb\",\"itemListElement\":[{\"@type\":\"ListItem\",\"position\":1,\"name\":\"Startseite\",\"item\":\"https:\\\/\\\/marktxxl.de\\\/markt\\\/\"},{\"@type\":\"ListItem\",\"position\":2,\"name\":\"Markt\",\"item\":\"https:\\\/\\\/marktxxl.de\\\/markt\\\/\"},{\"@type\":\"ListItem\",\"position\":3,\"name\":\"LED-Kosmetik-Lichter f\u00fcr Spiegel, Consciot Hollywood-Stil, mit 10 dimmbaren Gl\u00fchbirnen, einstellbare Farbe und\u2026\"}]},{\"@type\":\"WebSite\",\"@id\":\"https:\\\/\\\/marktxxl.de\\\/markt\\\/#website\",\"url\":\"https:\\\/\\\/marktxxl.de\\\/markt\\\/\",\"name\":\"Markt-XXL\",\"description\":\"Ihr Markt Online\",\"publisher\":{\"@id\":\"https:\\\/\\\/marktxxl.de\\\/markt\\\/#organization\"},\"potentialAction\":[{\"@type\":\"SearchAction\",\"target\":{\"@type\":\"EntryPoint\",\"urlTemplate\":\"https:\\\/\\\/marktxxl.de\\\/markt\\\/?s={search_term_string}\"},\"query-input\":{\"@type\":\"PropertyValueSpecification\",\"valueRequired\":true,\"valueName\":\"search_term_string\"}}],\"inLanguage\":\"de\"},{\"@type\":\"Organization\",\"@id\":\"https:\\\/\\\/marktxxl.de\\\/markt\\\/#organization\",\"name\":\"Markt-XXL\",\"url\":\"https:\\\/\\\/marktxxl.de\\\/markt\\\/\",\"logo\":{\"@type\":\"ImageObject\",\"inLanguage\":\"de\",\"@id\":\"https:\\\/\\\/marktxxl.de\\\/markt\\\/#\\\/schema\\\/logo\\\/image\\\/\",\"url\":\"https:\\\/\\\/marktxxl.de\\\/markt\\\/wp-content\\\/uploads\\\/sites\\\/3\\\/2020\\\/12\\\/logo.png\",\"contentUrl\":\"https:\\\/\\\/marktxxl.de\\\/markt\\\/wp-content\\\/uploads\\\/sites\\\/3\\\/2020\\\/12\\\/logo.png\",\"width\":200,\"height\":70,\"caption\":\"Markt-XXL\"},\"image\":{\"@id\":\"https:\\\/\\\/marktxxl.de\\\/markt\\\/#\\\/schema\\\/logo\\\/image\\\/\"}}]}<\/script>\n<!-- \/ Yoast SEO plugin. -->","yoast_head_json":{"title":"LED-Kosmetik-Lichter f\u00fcr Spiegel, Consciot Hollywood-Stil, mit 10 dimmbaren Gl\u00fchbirnen, einstellbare Farbe und\u2026 - Markt-XXL","description":"Markt-XXL LED-Kosmetik-Lichter f\u00fcr Spiegel, Consciot Hollywood-Stil, mit 10 dimmbaren Gl\u00fchbirnen, einstellbare Farbe und\u2026","robots":{"index":"index","follow":"follow","max-snippet":"max-snippet:-1","max-image-preview":"max-image-preview:large","max-video-preview":"max-video-preview:-1"},"canonical":"https:\/\/marktxxl.de\/markt\/produkt\/consciot-vanity-lights-fuer-spiegel-hollywood-stil-schminkspiegel-lichter-set-mit-10-led-lampen-dimmbar-verstellbare-helligkeit-usb-beleuchtungsleiste-fuer-schminktisch-set-im-ankleidezimmer\/","og_locale":"de_DE","og_type":"article","og_title":"LED-Kosmetik-Lichter f\u00fcr Spiegel, Consciot Hollywood-Stil, mit 10 dimmbaren Gl\u00fchbirnen, einstellbare Farbe und\u2026 - Markt-XXL","og_description":"Markt-XXL LED-Kosmetik-Lichter f\u00fcr Spiegel, Consciot Hollywood-Stil, mit 10 dimmbaren Gl\u00fchbirnen, einstellbare Farbe und\u2026","og_url":"https:\/\/marktxxl.de\/markt\/produkt\/consciot-vanity-lights-fuer-spiegel-hollywood-stil-schminkspiegel-lichter-set-mit-10-led-lampen-dimmbar-verstellbare-helligkeit-usb-beleuchtungsleiste-fuer-schminktisch-set-im-ankleidezimmer\/","og_site_name":"Markt-XXL","article_modified_time":"2023-04-11T02:02:10+00:00","og_image":[{"width":500,"height":500,"url":"https:\/\/m.media-amazon.com\/images\/I\/317mGwQE+vL._SL500_.jpg","type":"image\/jpeg"}],"twitter_card":"summary_large_image","twitter_misc":{"Gesch\u00e4tzte Lesezeit":"1\u00a0Minute"},"schema":{"@context":"https:\/\/schema.org","@graph":[{"@type":"WebPage","@id":"https:\/\/marktxxl.de\/markt\/produkt\/consciot-vanity-lights-fuer-spiegel-hollywood-stil-schminkspiegel-lichter-set-mit-10-led-lampen-dimmbar-verstellbare-helligkeit-usb-beleuchtungsleiste-fuer-schminktisch-set-im-ankleidezimmer\/","url":"https:\/\/marktxxl.de\/markt\/produkt\/consciot-vanity-lights-fuer-spiegel-hollywood-stil-schminkspiegel-lichter-set-mit-10-led-lampen-dimmbar-verstellbare-helligkeit-usb-beleuchtungsleiste-fuer-schminktisch-set-im-ankleidezimmer\/","name":"LED-Kosmetik-Lichter f\u00fcr Spiegel, Consciot Hollywood-Stil, mit 10 dimmbaren Gl\u00fchbirnen, einstellbare Farbe und\u2026 - Markt-XXL","isPartOf":{"@id":"https:\/\/marktxxl.de\/markt\/#website"},"primaryImageOfPage":{"@id":"https:\/\/marktxxl.de\/markt\/produkt\/consciot-vanity-lights-fuer-spiegel-hollywood-stil-schminkspiegel-lichter-set-mit-10-led-lampen-dimmbar-verstellbare-helligkeit-usb-beleuchtungsleiste-fuer-schminktisch-set-im-ankleidezimmer\/#primaryimage"},"image":{"@id":"https:\/\/marktxxl.de\/markt\/produkt\/consciot-vanity-lights-fuer-spiegel-hollywood-stil-schminkspiegel-lichter-set-mit-10-led-lampen-dimmbar-verstellbare-helligkeit-usb-beleuchtungsleiste-fuer-schminktisch-set-im-ankleidezimmer\/#primaryimage"},"thumbnailUrl":"https:\/\/m.media-amazon.com\/images\/I\/317mGwQE+vL._SL500_.jpg","datePublished":"2022-06-13T23:16:32+00:00","dateModified":"2023-04-11T02:02:10+00:00","description":"Markt-XXL LED-Kosmetik-Lichter f\u00fcr Spiegel, Consciot Hollywood-Stil, mit 10 dimmbaren Gl\u00fchbirnen, einstellbare Farbe und\u2026","breadcrumb":{"@id":"https:\/\/marktxxl.de\/markt\/produkt\/consciot-vanity-lights-fuer-spiegel-hollywood-stil-schminkspiegel-lichter-set-mit-10-led-lampen-dimmbar-verstellbare-helligkeit-usb-beleuchtungsleiste-fuer-schminktisch-set-im-ankleidezimmer\/#breadcrumb"},"inLanguage":"de","potentialAction":[{"@type":"ReadAction","target":["https:\/\/marktxxl.de\/markt\/produkt\/consciot-vanity-lights-fuer-spiegel-hollywood-stil-schminkspiegel-lichter-set-mit-10-led-lampen-dimmbar-verstellbare-helligkeit-usb-beleuchtungsleiste-fuer-schminktisch-set-im-ankleidezimmer\/"]}]},{"@type":"ImageObject","inLanguage":"de","@id":"https:\/\/marktxxl.de\/markt\/produkt\/consciot-vanity-lights-fuer-spiegel-hollywood-stil-schminkspiegel-lichter-set-mit-10-led-lampen-dimmbar-verstellbare-helligkeit-usb-beleuchtungsleiste-fuer-schminktisch-set-im-ankleidezimmer\/#primaryimage","url":"https:\/\/m.media-amazon.com\/images\/I\/317mGwQE+vL._SL500_.jpg","contentUrl":"https:\/\/m.media-amazon.com\/images\/I\/317mGwQE+vL._SL500_.jpg","width":500,"height":500},{"@type":"BreadcrumbList","@id":"https:\/\/marktxxl.de\/markt\/produkt\/consciot-vanity-lights-fuer-spiegel-hollywood-stil-schminkspiegel-lichter-set-mit-10-led-lampen-dimmbar-verstellbare-helligkeit-usb-beleuchtungsleiste-fuer-schminktisch-set-im-ankleidezimmer\/#breadcrumb","itemListElement":[{"@type":"ListItem","position":1,"name":"Startseite","item":"https:\/\/marktxxl.de\/markt\/"},{"@type":"ListItem","position":2,"name":"Markt","item":"https:\/\/marktxxl.de\/markt\/"},{"@type":"ListItem","position":3,"name":"LED-Kosmetik-Lichter f\u00fcr Spiegel, Consciot Hollywood-Stil, mit 10 dimmbaren Gl\u00fchbirnen, einstellbare Farbe und\u2026"}]},{"@type":"WebSite","@id":"https:\/\/marktxxl.de\/markt\/#website","url":"https:\/\/marktxxl.de\/markt\/","name":"Markt-XXL","description":"Ihr Markt Online","publisher":{"@id":"https:\/\/marktxxl.de\/markt\/#organization"},"potentialAction":[{"@type":"SearchAction","target":{"@type":"EntryPoint","urlTemplate":"https:\/\/marktxxl.de\/markt\/?s={search_term_string}"},"query-input":{"@type":"PropertyValueSpecification","valueRequired":true,"valueName":"search_term_string"}}],"inLanguage":"de"},{"@type":"Organization","@id":"https:\/\/marktxxl.de\/markt\/#organization","name":"Markt-XXL","url":"https:\/\/marktxxl.de\/markt\/","logo":{"@type":"ImageObject","inLanguage":"de","@id":"https:\/\/marktxxl.de\/markt\/#\/schema\/logo\/image\/","url":"https:\/\/marktxxl.de\/markt\/wp-content\/uploads\/sites\/3\/2020\/12\/logo.png","contentUrl":"https:\/\/marktxxl.de\/markt\/wp-content\/uploads\/sites\/3\/2020\/12\/logo.png","width":200,"height":70,"caption":"Markt-XXL"},"image":{"@id":"https:\/\/marktxxl.de\/markt\/#\/schema\/logo\/image\/"}}]}},"_links":{"self":[{"href":"https:\/\/marktxxl.de\/markt\/wp-json\/wp\/v2\/product\/128496","targetHints":{"allow":["GET"]}}],"collection":[{"href":"https:\/\/marktxxl.de\/markt\/wp-json\/wp\/v2\/product"}],"about":[{"href":"https:\/\/marktxxl.de\/markt\/wp-json\/wp\/v2\/types\/product"}],"replies":[{"embeddable":true,"href":"https:\/\/marktxxl.de\/markt\/wp-json\/wp\/v2\/comments?post=128496"}],"wp:featuredmedia":[{"embeddable":true,"href":"https:\/\/marktxxl.de\/markt\/wp-json\/wp\/v2\/media\/128497"}],"wp:attachment":[{"href":"https:\/\/marktxxl.de\/markt\/wp-json\/wp\/v2\/media?parent=128496"}],"wp:term":[{"taxonomy":"product_brand","embeddable":true,"href":"https:\/\/marktxxl.de\/markt\/wp-json\/wp\/v2\/product_brand?post=128496"},{"taxonomy":"product_cat","embeddable":true,"href":"https:\/\/marktxxl.de\/markt\/wp-json\/wp\/v2\/product_cat?post=128496"},{"taxonomy":"product_tag","embeddable":true,"href":"https:\/\/marktxxl.de\/markt\/wp-json\/wp\/v2\/product_tag?post=128496"}],"curies":[{"name":"wp","href":"https:\/\/api.w.org\/{rel}","templated":true}]}}