{"id":128303,"date":"2022-06-14T00:36:23","date_gmt":"2022-06-13T22:36:23","guid":{"rendered":"https:\/\/marktxxl.de\/markt\/produkt\/shirtracer-statement-sprueche-baby-sei-lieb-zu-mir-sonst-sag-ichs-meinem-onkel-baby-body-langarm\/"},"modified":"2023-04-11T04:02:07","modified_gmt":"2023-04-11T02:02:07","slug":"shirtracer-statement-sprueche-baby-sei-lieb-zu-mir-sonst-sag-ichs-meinem-onkel-baby-body-langarm","status":"publish","type":"product","link":"https:\/\/marktxxl.de\/markt\/produkt\/shirtracer-statement-sprueche-baby-sei-lieb-zu-mir-sonst-sag-ichs-meinem-onkel-baby-body-langarm\/","title":{"rendered":"Shirtracer &#8211; Baby Body Langarm M\u00e4dchen Junge &#8211; Spr\u00fcche Baby &#8211; Sei lieb zu Mir sonst sag ichs Meinem Onkel"},"content":{"rendered":"<p>\u2714\ufe0f PRINTED IN GERMANY: Wir achten stets auf eine beste Qualit\u00e4t unserer Textilien. Alle unsere Familie-Prints werden von unseren Grafikern gestaltet und daraufhin auf die Textilien gedruckt. Um das optimale Druckergebnis sicherzustellen, kann sich das Druckverfahren je nach Produkt unterscheiden. Mit diesem Print erh\u00e4ltst du ein qualitatives Accessoire im Fun-Look<br \/>\nDer Baby langarm-Body aus 100% flauschig weicher, dicker Bio-Baumwolle mit Envelope-Ausschnitt f\u00fcr leichtes an- und ausziehen sowie Ton-in-Ton Druckkn\u00f6pfen (ohne Nickel) im Schritt besticht vor allem durch seine tolle Qualit\u00e4t<br \/>\nDie Gr\u00f6\u00dfenangaben des Baby-Bodies sind in Monaten &#8211; so ist es f\u00fcr Oma, Opa, Tante, Onkel oder Freunde leichter als Geschenk zur Geburt, Taufe usw. die richtige Gr\u00f6\u00dfe zu w\u00e4hlen und auch Mama und Papa tun sich vor allem am Anfang leichter, 3-6 Monate entspricht in etwa der Gr\u00f6\u00dfe 60\/66, 6-12 Monate 66\/76, 12-18 Monate 76\/86<br \/>\nEin Baby-Body, vor allem mit langen Armen, geh\u00f6rt zu jeder Baby Erstausstattung &#8211; gerade junge Eltern legen viel Wert auf beste Qualit\u00e4t, daher ist nicht nur das Material hochwertig und nach dem Oeko-Tex Standard 100 zertifiziert sondern auch unser haltbarer und angenehmer Digitaldruck, au\u00dferdem ist der Strampler GOTS-zertifiziert<br \/>\nUnsere Baby-Kleidung ist in vielen Farben erh\u00e4ltlich, Unisex z.B. in Schwarz, Wei\u00df und Creme bzw. Beige , f\u00fcr M\u00e4dchen oder Jungen in Dunkelblau oder Pink &#8211; bedruckt mit einem lustigen Spruch oder einem s\u00fc\u00dfen Motiv ist er ein Must-Have<br \/>\n<div class=\"main-cross-sell\" data-asin=\"B07BPLVMWV\">\n\n\t<div class=\"WooZone-cross-sell-loader\">\n\t\t<div>\n\t\t\t<div id=\"floatingBarsG\">\n\t\t\t\t<div class=\"blockG\" id=\"rotateG_01\"><\/div>\n\t\t\t\t<div class=\"blockG\" id=\"rotateG_02\"><\/div>\n\t\t\t\t<div class=\"blockG\" id=\"rotateG_03\"><\/div>\n\t\t\t\t<div class=\"blockG\" id=\"rotateG_04\"><\/div>\n\t\t\t\t<div class=\"blockG\" id=\"rotateG_05\"><\/div>\n\t\t\t\t<div class=\"blockG\" id=\"rotateG_06\"><\/div>\n\t\t\t\t<div class=\"blockG\" id=\"rotateG_07\"><\/div>\n\t\t\t\t<div class=\"blockG\" id=\"rotateG_08\"><\/div>\n\t\t\t<\/div>\n\t\t\t<div class=\"WooZone-cross-sell-loader-text\"><\/div>\n\t\t<\/div>\n\t<\/div>\n\n\t\t\n<\/div>\n<div style=\"clear:both;\"><\/div><\/p>\n","protected":false},"excerpt":{"rendered":"<p>\u2714\ufe0f PRINTED IN GERMANY: Wir achten stets auf eine beste Qualit\u00e4t unserer Textilien. Alle unsere Familie-Prints werden von unseren Grafikern gestaltet und daraufhin auf die Textilien gedruckt. Um das optimale Druckergebnis sicherzustellen, kann sich das Druckverfahren je nach Produkt unterscheiden. Mit diesem Print erh\u00e4ltst du ein qualitatives Accessoire im Fun-Look<br \/>\nDer Baby langarm-Body aus 100% flauschig weicher, dicker Bio-Baumwolle mit Envelope-Ausschnitt f\u00fcr leichtes an- und ausziehen sowie Ton-in-Ton Druckkn\u00f6pfen (ohne Nickel) im Schritt besticht vor allem durch seine tolle Qualit\u00e4t<br \/>\nDie Gr\u00f6\u00dfenangaben des Baby-Bodies sind in Monaten &#8211; so ist es f\u00fcr Oma, Opa, Tante, Onkel oder Freunde leichter als Geschenk zur Geburt, Taufe usw. die richtige Gr\u00f6\u00dfe zu w\u00e4hlen und auch Mama und Papa tun sich vor allem am Anfang leichter, 3-6 Monate entspricht in etwa der Gr\u00f6\u00dfe 60\/66, 6-12 Monate 66\/76, 12-18 Monate 76\/86<\/p>\n","protected":false},"featured_media":128304,"comment_status":"open","ping_status":"closed","template":"","meta":[],"product_brand":[],"product_cat":[1186,4069],"product_tag":[],"class_list":{"0":"post-128303","1":"product","2":"type-product","3":"status-publish","4":"has-post-thumbnail","6":"product_cat-bekleidung","7":"product_cat-spezielle-anlaesse","8":"pa_brand-shirtracer","9":"pa_manufacturer-shirtracer","10":"pa_model-bz30","12":"first","13":"instock","14":"shipping-taxable","15":"purchasable","16":"product-type-simple","17":"customify-col","18":"product-has-gallery"},"yoast_head":"<!-- This site is optimized with the Yoast SEO plugin v27.4 - https:\/\/yoast.com\/product\/yoast-seo-wordpress\/ -->\n<title>Shirtracer - Baby Body Langarm M\u00e4dchen Junge - Spr\u00fcche Baby - Sei lieb zu Mir sonst sag ichs Meinem Onkel - Markt-XXL<\/title>\n<meta name=\"description\" content=\"Markt-XXL Shirtracer - Baby Body Langarm M\u00e4dchen Junge - Spr\u00fcche Baby - Sei lieb zu Mir sonst sag ichs Meinem Onkel\" \/>\n<meta name=\"robots\" content=\"index, follow, max-snippet:-1, max-image-preview:large, max-video-preview:-1\" \/>\n<link rel=\"canonical\" href=\"https:\/\/marktxxl.de\/markt\/produkt\/shirtracer-statement-sprueche-baby-sei-lieb-zu-mir-sonst-sag-ichs-meinem-onkel-baby-body-langarm\/\" \/>\n<meta property=\"og:locale\" content=\"de_DE\" \/>\n<meta property=\"og:type\" content=\"article\" \/>\n<meta property=\"og:title\" content=\"Shirtracer - Baby Body Langarm M\u00e4dchen Junge - Spr\u00fcche Baby - Sei lieb zu Mir sonst sag ichs Meinem Onkel - Markt-XXL\" \/>\n<meta property=\"og:description\" content=\"Markt-XXL Shirtracer - Baby Body Langarm M\u00e4dchen Junge - Spr\u00fcche Baby - Sei lieb zu Mir sonst sag ichs Meinem Onkel\" \/>\n<meta property=\"og:url\" content=\"https:\/\/marktxxl.de\/markt\/produkt\/shirtracer-statement-sprueche-baby-sei-lieb-zu-mir-sonst-sag-ichs-meinem-onkel-baby-body-langarm\/\" \/>\n<meta property=\"og:site_name\" content=\"Markt-XXL\" \/>\n<meta property=\"article:modified_time\" content=\"2023-04-11T02:02:07+00:00\" \/>\n<meta property=\"og:image\" content=\"https:\/\/m.media-amazon.com\/images\/I\/419z4-m3yjL._SL500_.jpg\" \/>\n\t<meta property=\"og:image:width\" content=\"413\" \/>\n\t<meta property=\"og:image:height\" content=\"500\" \/>\n\t<meta property=\"og:image:type\" content=\"image\/jpeg\" \/>\n<meta name=\"twitter:card\" content=\"summary_large_image\" \/>\n<meta name=\"twitter:label1\" content=\"Gesch\u00e4tzte Lesezeit\" \/>\n\t<meta name=\"twitter:data1\" content=\"1\u00a0Minute\" \/>\n<script type=\"application\/ld+json\" class=\"yoast-schema-graph\">{\"@context\":\"https:\\\/\\\/schema.org\",\"@graph\":[{\"@type\":\"WebPage\",\"@id\":\"https:\\\/\\\/marktxxl.de\\\/markt\\\/produkt\\\/shirtracer-statement-sprueche-baby-sei-lieb-zu-mir-sonst-sag-ichs-meinem-onkel-baby-body-langarm\\\/\",\"url\":\"https:\\\/\\\/marktxxl.de\\\/markt\\\/produkt\\\/shirtracer-statement-sprueche-baby-sei-lieb-zu-mir-sonst-sag-ichs-meinem-onkel-baby-body-langarm\\\/\",\"name\":\"Shirtracer - Baby Body Langarm M\u00e4dchen Junge - Spr\u00fcche Baby - Sei lieb zu Mir sonst sag ichs Meinem Onkel - Markt-XXL\",\"isPartOf\":{\"@id\":\"https:\\\/\\\/marktxxl.de\\\/markt\\\/#website\"},\"primaryImageOfPage\":{\"@id\":\"https:\\\/\\\/marktxxl.de\\\/markt\\\/produkt\\\/shirtracer-statement-sprueche-baby-sei-lieb-zu-mir-sonst-sag-ichs-meinem-onkel-baby-body-langarm\\\/#primaryimage\"},\"image\":{\"@id\":\"https:\\\/\\\/marktxxl.de\\\/markt\\\/produkt\\\/shirtracer-statement-sprueche-baby-sei-lieb-zu-mir-sonst-sag-ichs-meinem-onkel-baby-body-langarm\\\/#primaryimage\"},\"thumbnailUrl\":\"https:\\\/\\\/m.media-amazon.com\\\/images\\\/I\\\/419z4-m3yjL._SL500_.jpg\",\"datePublished\":\"2022-06-13T22:36:23+00:00\",\"dateModified\":\"2023-04-11T02:02:07+00:00\",\"description\":\"Markt-XXL Shirtracer - Baby Body Langarm M\u00e4dchen Junge - Spr\u00fcche Baby - Sei lieb zu Mir sonst sag ichs Meinem Onkel\",\"breadcrumb\":{\"@id\":\"https:\\\/\\\/marktxxl.de\\\/markt\\\/produkt\\\/shirtracer-statement-sprueche-baby-sei-lieb-zu-mir-sonst-sag-ichs-meinem-onkel-baby-body-langarm\\\/#breadcrumb\"},\"inLanguage\":\"de\",\"potentialAction\":[{\"@type\":\"ReadAction\",\"target\":[\"https:\\\/\\\/marktxxl.de\\\/markt\\\/produkt\\\/shirtracer-statement-sprueche-baby-sei-lieb-zu-mir-sonst-sag-ichs-meinem-onkel-baby-body-langarm\\\/\"]}]},{\"@type\":\"ImageObject\",\"inLanguage\":\"de\",\"@id\":\"https:\\\/\\\/marktxxl.de\\\/markt\\\/produkt\\\/shirtracer-statement-sprueche-baby-sei-lieb-zu-mir-sonst-sag-ichs-meinem-onkel-baby-body-langarm\\\/#primaryimage\",\"url\":\"https:\\\/\\\/m.media-amazon.com\\\/images\\\/I\\\/419z4-m3yjL._SL500_.jpg\",\"contentUrl\":\"https:\\\/\\\/m.media-amazon.com\\\/images\\\/I\\\/419z4-m3yjL._SL500_.jpg\",\"width\":413,\"height\":500},{\"@type\":\"BreadcrumbList\",\"@id\":\"https:\\\/\\\/marktxxl.de\\\/markt\\\/produkt\\\/shirtracer-statement-sprueche-baby-sei-lieb-zu-mir-sonst-sag-ichs-meinem-onkel-baby-body-langarm\\\/#breadcrumb\",\"itemListElement\":[{\"@type\":\"ListItem\",\"position\":1,\"name\":\"Startseite\",\"item\":\"https:\\\/\\\/marktxxl.de\\\/markt\\\/\"},{\"@type\":\"ListItem\",\"position\":2,\"name\":\"Markt\",\"item\":\"https:\\\/\\\/marktxxl.de\\\/markt\\\/\"},{\"@type\":\"ListItem\",\"position\":3,\"name\":\"Shirtracer &#8211; Baby Body Langarm M\u00e4dchen Junge &#8211; Spr\u00fcche Baby &#8211; Sei lieb zu Mir sonst sag ichs Meinem Onkel\"}]},{\"@type\":\"WebSite\",\"@id\":\"https:\\\/\\\/marktxxl.de\\\/markt\\\/#website\",\"url\":\"https:\\\/\\\/marktxxl.de\\\/markt\\\/\",\"name\":\"Markt-XXL\",\"description\":\"Ihr Markt Online\",\"publisher\":{\"@id\":\"https:\\\/\\\/marktxxl.de\\\/markt\\\/#organization\"},\"potentialAction\":[{\"@type\":\"SearchAction\",\"target\":{\"@type\":\"EntryPoint\",\"urlTemplate\":\"https:\\\/\\\/marktxxl.de\\\/markt\\\/?s={search_term_string}\"},\"query-input\":{\"@type\":\"PropertyValueSpecification\",\"valueRequired\":true,\"valueName\":\"search_term_string\"}}],\"inLanguage\":\"de\"},{\"@type\":\"Organization\",\"@id\":\"https:\\\/\\\/marktxxl.de\\\/markt\\\/#organization\",\"name\":\"Markt-XXL\",\"url\":\"https:\\\/\\\/marktxxl.de\\\/markt\\\/\",\"logo\":{\"@type\":\"ImageObject\",\"inLanguage\":\"de\",\"@id\":\"https:\\\/\\\/marktxxl.de\\\/markt\\\/#\\\/schema\\\/logo\\\/image\\\/\",\"url\":\"https:\\\/\\\/marktxxl.de\\\/markt\\\/wp-content\\\/uploads\\\/sites\\\/3\\\/2020\\\/12\\\/logo.png\",\"contentUrl\":\"https:\\\/\\\/marktxxl.de\\\/markt\\\/wp-content\\\/uploads\\\/sites\\\/3\\\/2020\\\/12\\\/logo.png\",\"width\":200,\"height\":70,\"caption\":\"Markt-XXL\"},\"image\":{\"@id\":\"https:\\\/\\\/marktxxl.de\\\/markt\\\/#\\\/schema\\\/logo\\\/image\\\/\"}}]}<\/script>\n<!-- \/ Yoast SEO plugin. -->","yoast_head_json":{"title":"Shirtracer - Baby Body Langarm M\u00e4dchen Junge - Spr\u00fcche Baby - Sei lieb zu Mir sonst sag ichs Meinem Onkel - Markt-XXL","description":"Markt-XXL Shirtracer - Baby Body Langarm M\u00e4dchen Junge - Spr\u00fcche Baby - Sei lieb zu Mir sonst sag ichs Meinem Onkel","robots":{"index":"index","follow":"follow","max-snippet":"max-snippet:-1","max-image-preview":"max-image-preview:large","max-video-preview":"max-video-preview:-1"},"canonical":"https:\/\/marktxxl.de\/markt\/produkt\/shirtracer-statement-sprueche-baby-sei-lieb-zu-mir-sonst-sag-ichs-meinem-onkel-baby-body-langarm\/","og_locale":"de_DE","og_type":"article","og_title":"Shirtracer - Baby Body Langarm M\u00e4dchen Junge - Spr\u00fcche Baby - Sei lieb zu Mir sonst sag ichs Meinem Onkel - Markt-XXL","og_description":"Markt-XXL Shirtracer - Baby Body Langarm M\u00e4dchen Junge - Spr\u00fcche Baby - Sei lieb zu Mir sonst sag ichs Meinem Onkel","og_url":"https:\/\/marktxxl.de\/markt\/produkt\/shirtracer-statement-sprueche-baby-sei-lieb-zu-mir-sonst-sag-ichs-meinem-onkel-baby-body-langarm\/","og_site_name":"Markt-XXL","article_modified_time":"2023-04-11T02:02:07+00:00","og_image":[{"width":413,"height":500,"url":"https:\/\/m.media-amazon.com\/images\/I\/419z4-m3yjL._SL500_.jpg","type":"image\/jpeg"}],"twitter_card":"summary_large_image","twitter_misc":{"Gesch\u00e4tzte Lesezeit":"1\u00a0Minute"},"schema":{"@context":"https:\/\/schema.org","@graph":[{"@type":"WebPage","@id":"https:\/\/marktxxl.de\/markt\/produkt\/shirtracer-statement-sprueche-baby-sei-lieb-zu-mir-sonst-sag-ichs-meinem-onkel-baby-body-langarm\/","url":"https:\/\/marktxxl.de\/markt\/produkt\/shirtracer-statement-sprueche-baby-sei-lieb-zu-mir-sonst-sag-ichs-meinem-onkel-baby-body-langarm\/","name":"Shirtracer - Baby Body Langarm M\u00e4dchen Junge - Spr\u00fcche Baby - Sei lieb zu Mir sonst sag ichs Meinem Onkel - Markt-XXL","isPartOf":{"@id":"https:\/\/marktxxl.de\/markt\/#website"},"primaryImageOfPage":{"@id":"https:\/\/marktxxl.de\/markt\/produkt\/shirtracer-statement-sprueche-baby-sei-lieb-zu-mir-sonst-sag-ichs-meinem-onkel-baby-body-langarm\/#primaryimage"},"image":{"@id":"https:\/\/marktxxl.de\/markt\/produkt\/shirtracer-statement-sprueche-baby-sei-lieb-zu-mir-sonst-sag-ichs-meinem-onkel-baby-body-langarm\/#primaryimage"},"thumbnailUrl":"https:\/\/m.media-amazon.com\/images\/I\/419z4-m3yjL._SL500_.jpg","datePublished":"2022-06-13T22:36:23+00:00","dateModified":"2023-04-11T02:02:07+00:00","description":"Markt-XXL Shirtracer - Baby Body Langarm M\u00e4dchen Junge - Spr\u00fcche Baby - Sei lieb zu Mir sonst sag ichs Meinem Onkel","breadcrumb":{"@id":"https:\/\/marktxxl.de\/markt\/produkt\/shirtracer-statement-sprueche-baby-sei-lieb-zu-mir-sonst-sag-ichs-meinem-onkel-baby-body-langarm\/#breadcrumb"},"inLanguage":"de","potentialAction":[{"@type":"ReadAction","target":["https:\/\/marktxxl.de\/markt\/produkt\/shirtracer-statement-sprueche-baby-sei-lieb-zu-mir-sonst-sag-ichs-meinem-onkel-baby-body-langarm\/"]}]},{"@type":"ImageObject","inLanguage":"de","@id":"https:\/\/marktxxl.de\/markt\/produkt\/shirtracer-statement-sprueche-baby-sei-lieb-zu-mir-sonst-sag-ichs-meinem-onkel-baby-body-langarm\/#primaryimage","url":"https:\/\/m.media-amazon.com\/images\/I\/419z4-m3yjL._SL500_.jpg","contentUrl":"https:\/\/m.media-amazon.com\/images\/I\/419z4-m3yjL._SL500_.jpg","width":413,"height":500},{"@type":"BreadcrumbList","@id":"https:\/\/marktxxl.de\/markt\/produkt\/shirtracer-statement-sprueche-baby-sei-lieb-zu-mir-sonst-sag-ichs-meinem-onkel-baby-body-langarm\/#breadcrumb","itemListElement":[{"@type":"ListItem","position":1,"name":"Startseite","item":"https:\/\/marktxxl.de\/markt\/"},{"@type":"ListItem","position":2,"name":"Markt","item":"https:\/\/marktxxl.de\/markt\/"},{"@type":"ListItem","position":3,"name":"Shirtracer &#8211; Baby Body Langarm M\u00e4dchen Junge &#8211; Spr\u00fcche Baby &#8211; Sei lieb zu Mir sonst sag ichs Meinem Onkel"}]},{"@type":"WebSite","@id":"https:\/\/marktxxl.de\/markt\/#website","url":"https:\/\/marktxxl.de\/markt\/","name":"Markt-XXL","description":"Ihr Markt Online","publisher":{"@id":"https:\/\/marktxxl.de\/markt\/#organization"},"potentialAction":[{"@type":"SearchAction","target":{"@type":"EntryPoint","urlTemplate":"https:\/\/marktxxl.de\/markt\/?s={search_term_string}"},"query-input":{"@type":"PropertyValueSpecification","valueRequired":true,"valueName":"search_term_string"}}],"inLanguage":"de"},{"@type":"Organization","@id":"https:\/\/marktxxl.de\/markt\/#organization","name":"Markt-XXL","url":"https:\/\/marktxxl.de\/markt\/","logo":{"@type":"ImageObject","inLanguage":"de","@id":"https:\/\/marktxxl.de\/markt\/#\/schema\/logo\/image\/","url":"https:\/\/marktxxl.de\/markt\/wp-content\/uploads\/sites\/3\/2020\/12\/logo.png","contentUrl":"https:\/\/marktxxl.de\/markt\/wp-content\/uploads\/sites\/3\/2020\/12\/logo.png","width":200,"height":70,"caption":"Markt-XXL"},"image":{"@id":"https:\/\/marktxxl.de\/markt\/#\/schema\/logo\/image\/"}}]}},"_links":{"self":[{"href":"https:\/\/marktxxl.de\/markt\/wp-json\/wp\/v2\/product\/128303","targetHints":{"allow":["GET"]}}],"collection":[{"href":"https:\/\/marktxxl.de\/markt\/wp-json\/wp\/v2\/product"}],"about":[{"href":"https:\/\/marktxxl.de\/markt\/wp-json\/wp\/v2\/types\/product"}],"replies":[{"embeddable":true,"href":"https:\/\/marktxxl.de\/markt\/wp-json\/wp\/v2\/comments?post=128303"}],"wp:featuredmedia":[{"embeddable":true,"href":"https:\/\/marktxxl.de\/markt\/wp-json\/wp\/v2\/media\/128304"}],"wp:attachment":[{"href":"https:\/\/marktxxl.de\/markt\/wp-json\/wp\/v2\/media?parent=128303"}],"wp:term":[{"taxonomy":"product_brand","embeddable":true,"href":"https:\/\/marktxxl.de\/markt\/wp-json\/wp\/v2\/product_brand?post=128303"},{"taxonomy":"product_cat","embeddable":true,"href":"https:\/\/marktxxl.de\/markt\/wp-json\/wp\/v2\/product_cat?post=128303"},{"taxonomy":"product_tag","embeddable":true,"href":"https:\/\/marktxxl.de\/markt\/wp-json\/wp\/v2\/product_tag?post=128303"}],"curies":[{"name":"wp","href":"https:\/\/api.w.org\/{rel}","templated":true}]}}