{"id":128239,"date":"2022-06-14T00:13:26","date_gmt":"2022-06-13T22:13:26","guid":{"rendered":"https:\/\/marktxxl.de\/markt\/produkt\/decken-sweatshirt-uebergrosse-tragbare-decke-pullover-damen-decken-hoodie-riesen-sweatshirt-superweiche-und-warme-flanell-kapuzenpullover-decke-riesige-fronttasche\/"},"modified":"2023-04-11T04:02:05","modified_gmt":"2023-04-11T02:02:05","slug":"decken-sweatshirt-uebergrosse-tragbare-decke-pullover-damen-decken-hoodie-riesen-sweatshirt-superweiche-und-warme-flanell-kapuzenpullover-decke-riesige-fronttasche","status":"publish","type":"product","link":"https:\/\/marktxxl.de\/markt\/produkt\/decken-sweatshirt-uebergrosse-tragbare-decke-pullover-damen-decken-hoodie-riesen-sweatshirt-superweiche-und-warme-flanell-kapuzenpullover-decke-riesige-fronttasche\/","title":{"rendered":"Verl\u00e4ngert \u00dcbergro\u00dfe Hoodie Decke mit Kapuze Sweatshirt Tragbare Decke f\u00fcr Damen Herren Erwachsene \u2013 Blaugr\u00fcn Blanket\u2026"},"content":{"rendered":"<p>\u3010LANGTHENED\u3011- Suchen Sie einen echten Oversize-Hoodie, der Ihren ganzen K\u00f6rper bedeckt und rundum W\u00e4rme bietet? Das ist genau das! Besser als andere haben wir die L\u00e4nge des Hoodies verl\u00e4ngert, sodass Ihr ganzer K\u00f6rper in W\u00e4rme geh\u00fcllt werden kann und Kn\u00f6chel und F\u00fc\u00dfe nie wieder kalt werden. Dieser wirklich verbesserte Hoodie eignet sich f\u00fcr dicke, d\u00fcnne, gro\u00dfe und kleine Erwachsene und \u00e4ltere Menschen f\u00fcr maximalen Komfort.<br \/>\n\u3010VERDICKT\u3011 &#8211; Unsere warme tragbare Decke besteht aus massivem Flanell mit hohem GSM-Wert und ber\u00fchrt sich wie ein Babygesicht, so weich! Sie werden das Gef\u00fchl haben, von einem Marshmallow umarmt zu werden, der in S\u00fc\u00dfe und Sicherheit eintaucht. Durch das vergr\u00f6\u00dferte Taschen-Design k\u00f6nnen Sie alles bequem verstauen, z. B. Snacks, elektronische Ger\u00e4te, Fernbedienungen und Handb\u00fccher.<br \/>\n\u3010ELASTISCH\u3011 &#8211; Unser Hoodie hat eine feenhafte Kombination, lose \u00c4rmel und ein Halsdesign zum freien An- und Ausziehen, w\u00e4hrend elastische Manschetten Ihre \u00c4rmel sauber halten und Ihnen das bequeme Schlafen \/ Arbeiten \/ Lesen \/ Kochen \/ Fahren erleichtern.<br \/>\n\u3010JEDES BESTE GESCHENK\u3011 &#8211; Unser Hoodie wird in diesem Winter das beste Geschenk sein. Es ist das perfekte Geschenk f\u00fcr Halloween, Thanksgiving Day und Weihnachten. Jeder wird gerne in diesem Hoodie nisten, egal ob Indoor-Aktivit\u00e4ten oder Outdoor-Sportarten. Besonders wenn Sie campen, werden Sie feststellen, dass dies so wichtig ist!<br \/>\n\u3010EINFACHES WASCHEN\u3011 &#8211; Keine Sorge beim Reinigen, es ist maschinenwaschbar. Machen Sie einfach einen sanften Zyklus mit kaltem Wasser und trocknen Sie es bei niedriger Temperatur im Trockner. Es wird empfohlen, vor dem ersten Gebrauch separat zu waschen, und die Neuheit h\u00e4lt lange an.<br \/>\n<div class=\"main-cross-sell\" data-asin=\"B097JS7FVH\">\n\n\t<div class=\"WooZone-cross-sell-loader\">\n\t\t<div>\n\t\t\t<div id=\"floatingBarsG\">\n\t\t\t\t<div class=\"blockG\" id=\"rotateG_01\"><\/div>\n\t\t\t\t<div class=\"blockG\" id=\"rotateG_02\"><\/div>\n\t\t\t\t<div class=\"blockG\" id=\"rotateG_03\"><\/div>\n\t\t\t\t<div class=\"blockG\" id=\"rotateG_04\"><\/div>\n\t\t\t\t<div class=\"blockG\" id=\"rotateG_05\"><\/div>\n\t\t\t\t<div class=\"blockG\" id=\"rotateG_06\"><\/div>\n\t\t\t\t<div class=\"blockG\" id=\"rotateG_07\"><\/div>\n\t\t\t\t<div class=\"blockG\" id=\"rotateG_08\"><\/div>\n\t\t\t<\/div>\n\t\t\t<div class=\"WooZone-cross-sell-loader-text\"><\/div>\n\t\t<\/div>\n\t<\/div>\n\n\t\t\n<\/div>\n<div style=\"clear:both;\"><\/div><\/p>\n","protected":false},"excerpt":{"rendered":"<p>\u3010LANGTHENED\u3011- Suchen Sie einen echten Oversize-Hoodie, der Ihren ganzen K\u00f6rper bedeckt und rundum W\u00e4rme bietet? Das ist genau das! Besser als andere haben wir die L\u00e4nge des Hoodies verl\u00e4ngert, sodass Ihr ganzer K\u00f6rper in W\u00e4rme geh\u00fcllt werden kann und Kn\u00f6chel und F\u00fc\u00dfe nie wieder kalt werden. Dieser wirklich verbesserte Hoodie eignet sich f\u00fcr dicke, d\u00fcnne, gro\u00dfe und kleine Erwachsene und \u00e4ltere Menschen f\u00fcr maximalen Komfort.<br \/>\n\u3010VERDICKT\u3011 &#8211; Unsere warme tragbare Decke besteht aus massivem Flanell mit hohem GSM-Wert und ber\u00fchrt sich wie ein Babygesicht, so weich! Sie werden das Gef\u00fchl haben, von einem Marshmallow umarmt zu werden, der in S\u00fc\u00dfe und Sicherheit eintaucht. Durch das vergr\u00f6\u00dferte Taschen-Design k\u00f6nnen Sie alles bequem verstauen, z. B. Snacks, elektronische Ger\u00e4te, Fernbedienungen und Handb\u00fccher.<br \/>\n\u3010ELASTISCH\u3011 &#8211; Unser Hoodie hat eine feenhafte Kombination, lose \u00c4rmel und ein Halsdesign zum freien An- und Ausziehen, w\u00e4hrend elastische Manschetten Ihre \u00c4rmel sauber halten und Ihnen das bequeme Schlafen \/ Arbeiten \/ Lesen \/ Kochen \/ Fahren erleichtern.<\/p>\n","protected":false},"featured_media":128240,"comment_status":"open","ping_status":"closed","template":"","meta":[],"product_brand":[],"product_cat":[1186,4069],"product_tag":[],"class_list":{"0":"post-128239","1":"product","2":"type-product","3":"status-publish","4":"has-post-thumbnail","6":"product_cat-bekleidung","7":"product_cat-spezielle-anlaesse","8":"pa_brand-daverose","9":"pa_manufacturer-daverose","11":"first","12":"instock","13":"shipping-taxable","14":"purchasable","15":"product-type-simple","16":"customify-col","17":"product-has-gallery"},"yoast_head":"<!-- This site is optimized with the Yoast SEO plugin v27.4 - https:\/\/yoast.com\/product\/yoast-seo-wordpress\/ -->\n<title>Verl\u00e4ngert \u00dcbergro\u00dfe Hoodie Decke mit Kapuze Sweatshirt Tragbare Decke f\u00fcr Damen Herren Erwachsene \u2013 Blaugr\u00fcn Blanket\u2026 - Markt-XXL<\/title>\n<meta name=\"description\" content=\"Markt-XXL Verl\u00e4ngert \u00dcbergro\u00dfe Hoodie Decke mit Kapuze Sweatshirt Tragbare Decke f\u00fcr Damen Herren Erwachsene \u2013 Blaugr\u00fcn Blanket\u2026\" \/>\n<meta name=\"robots\" content=\"index, follow, max-snippet:-1, max-image-preview:large, max-video-preview:-1\" \/>\n<link rel=\"canonical\" href=\"https:\/\/marktxxl.de\/markt\/produkt\/decken-sweatshirt-uebergrosse-tragbare-decke-pullover-damen-decken-hoodie-riesen-sweatshirt-superweiche-und-warme-flanell-kapuzenpullover-decke-riesige-fronttasche\/\" \/>\n<meta property=\"og:locale\" content=\"de_DE\" \/>\n<meta property=\"og:type\" content=\"article\" \/>\n<meta property=\"og:title\" content=\"Verl\u00e4ngert \u00dcbergro\u00dfe Hoodie Decke mit Kapuze Sweatshirt Tragbare Decke f\u00fcr Damen Herren Erwachsene \u2013 Blaugr\u00fcn Blanket\u2026 - Markt-XXL\" \/>\n<meta property=\"og:description\" content=\"Markt-XXL Verl\u00e4ngert \u00dcbergro\u00dfe Hoodie Decke mit Kapuze Sweatshirt Tragbare Decke f\u00fcr Damen Herren Erwachsene \u2013 Blaugr\u00fcn Blanket\u2026\" \/>\n<meta property=\"og:url\" content=\"https:\/\/marktxxl.de\/markt\/produkt\/decken-sweatshirt-uebergrosse-tragbare-decke-pullover-damen-decken-hoodie-riesen-sweatshirt-superweiche-und-warme-flanell-kapuzenpullover-decke-riesige-fronttasche\/\" \/>\n<meta property=\"og:site_name\" content=\"Markt-XXL\" \/>\n<meta property=\"article:modified_time\" content=\"2023-04-11T02:02:05+00:00\" \/>\n<meta property=\"og:image\" content=\"https:\/\/m.media-amazon.com\/images\/I\/41Dt9RgppJL._SL500_.jpg\" \/>\n\t<meta property=\"og:image:width\" content=\"500\" \/>\n\t<meta property=\"og:image:height\" content=\"500\" \/>\n\t<meta property=\"og:image:type\" content=\"image\/jpeg\" \/>\n<meta name=\"twitter:card\" content=\"summary_large_image\" \/>\n<meta name=\"twitter:label1\" content=\"Gesch\u00e4tzte Lesezeit\" \/>\n\t<meta name=\"twitter:data1\" content=\"1\u00a0Minute\" \/>\n<script type=\"application\/ld+json\" class=\"yoast-schema-graph\">{\"@context\":\"https:\\\/\\\/schema.org\",\"@graph\":[{\"@type\":\"WebPage\",\"@id\":\"https:\\\/\\\/marktxxl.de\\\/markt\\\/produkt\\\/decken-sweatshirt-uebergrosse-tragbare-decke-pullover-damen-decken-hoodie-riesen-sweatshirt-superweiche-und-warme-flanell-kapuzenpullover-decke-riesige-fronttasche\\\/\",\"url\":\"https:\\\/\\\/marktxxl.de\\\/markt\\\/produkt\\\/decken-sweatshirt-uebergrosse-tragbare-decke-pullover-damen-decken-hoodie-riesen-sweatshirt-superweiche-und-warme-flanell-kapuzenpullover-decke-riesige-fronttasche\\\/\",\"name\":\"Verl\u00e4ngert \u00dcbergro\u00dfe Hoodie Decke mit Kapuze Sweatshirt Tragbare Decke f\u00fcr Damen Herren Erwachsene \u2013 Blaugr\u00fcn Blanket\u2026 - Markt-XXL\",\"isPartOf\":{\"@id\":\"https:\\\/\\\/marktxxl.de\\\/markt\\\/#website\"},\"primaryImageOfPage\":{\"@id\":\"https:\\\/\\\/marktxxl.de\\\/markt\\\/produkt\\\/decken-sweatshirt-uebergrosse-tragbare-decke-pullover-damen-decken-hoodie-riesen-sweatshirt-superweiche-und-warme-flanell-kapuzenpullover-decke-riesige-fronttasche\\\/#primaryimage\"},\"image\":{\"@id\":\"https:\\\/\\\/marktxxl.de\\\/markt\\\/produkt\\\/decken-sweatshirt-uebergrosse-tragbare-decke-pullover-damen-decken-hoodie-riesen-sweatshirt-superweiche-und-warme-flanell-kapuzenpullover-decke-riesige-fronttasche\\\/#primaryimage\"},\"thumbnailUrl\":\"https:\\\/\\\/m.media-amazon.com\\\/images\\\/I\\\/41Dt9RgppJL._SL500_.jpg\",\"datePublished\":\"2022-06-13T22:13:26+00:00\",\"dateModified\":\"2023-04-11T02:02:05+00:00\",\"description\":\"Markt-XXL Verl\u00e4ngert \u00dcbergro\u00dfe Hoodie Decke mit Kapuze Sweatshirt Tragbare Decke f\u00fcr Damen Herren Erwachsene \u2013 Blaugr\u00fcn Blanket\u2026\",\"breadcrumb\":{\"@id\":\"https:\\\/\\\/marktxxl.de\\\/markt\\\/produkt\\\/decken-sweatshirt-uebergrosse-tragbare-decke-pullover-damen-decken-hoodie-riesen-sweatshirt-superweiche-und-warme-flanell-kapuzenpullover-decke-riesige-fronttasche\\\/#breadcrumb\"},\"inLanguage\":\"de\",\"potentialAction\":[{\"@type\":\"ReadAction\",\"target\":[\"https:\\\/\\\/marktxxl.de\\\/markt\\\/produkt\\\/decken-sweatshirt-uebergrosse-tragbare-decke-pullover-damen-decken-hoodie-riesen-sweatshirt-superweiche-und-warme-flanell-kapuzenpullover-decke-riesige-fronttasche\\\/\"]}]},{\"@type\":\"ImageObject\",\"inLanguage\":\"de\",\"@id\":\"https:\\\/\\\/marktxxl.de\\\/markt\\\/produkt\\\/decken-sweatshirt-uebergrosse-tragbare-decke-pullover-damen-decken-hoodie-riesen-sweatshirt-superweiche-und-warme-flanell-kapuzenpullover-decke-riesige-fronttasche\\\/#primaryimage\",\"url\":\"https:\\\/\\\/m.media-amazon.com\\\/images\\\/I\\\/41Dt9RgppJL._SL500_.jpg\",\"contentUrl\":\"https:\\\/\\\/m.media-amazon.com\\\/images\\\/I\\\/41Dt9RgppJL._SL500_.jpg\",\"width\":500,\"height\":500},{\"@type\":\"BreadcrumbList\",\"@id\":\"https:\\\/\\\/marktxxl.de\\\/markt\\\/produkt\\\/decken-sweatshirt-uebergrosse-tragbare-decke-pullover-damen-decken-hoodie-riesen-sweatshirt-superweiche-und-warme-flanell-kapuzenpullover-decke-riesige-fronttasche\\\/#breadcrumb\",\"itemListElement\":[{\"@type\":\"ListItem\",\"position\":1,\"name\":\"Startseite\",\"item\":\"https:\\\/\\\/marktxxl.de\\\/markt\\\/\"},{\"@type\":\"ListItem\",\"position\":2,\"name\":\"Markt\",\"item\":\"https:\\\/\\\/marktxxl.de\\\/markt\\\/\"},{\"@type\":\"ListItem\",\"position\":3,\"name\":\"Verl\u00e4ngert \u00dcbergro\u00dfe Hoodie Decke mit Kapuze Sweatshirt Tragbare Decke f\u00fcr Damen Herren Erwachsene \u2013 Blaugr\u00fcn Blanket\u2026\"}]},{\"@type\":\"WebSite\",\"@id\":\"https:\\\/\\\/marktxxl.de\\\/markt\\\/#website\",\"url\":\"https:\\\/\\\/marktxxl.de\\\/markt\\\/\",\"name\":\"Markt-XXL\",\"description\":\"Ihr Markt Online\",\"publisher\":{\"@id\":\"https:\\\/\\\/marktxxl.de\\\/markt\\\/#organization\"},\"potentialAction\":[{\"@type\":\"SearchAction\",\"target\":{\"@type\":\"EntryPoint\",\"urlTemplate\":\"https:\\\/\\\/marktxxl.de\\\/markt\\\/?s={search_term_string}\"},\"query-input\":{\"@type\":\"PropertyValueSpecification\",\"valueRequired\":true,\"valueName\":\"search_term_string\"}}],\"inLanguage\":\"de\"},{\"@type\":\"Organization\",\"@id\":\"https:\\\/\\\/marktxxl.de\\\/markt\\\/#organization\",\"name\":\"Markt-XXL\",\"url\":\"https:\\\/\\\/marktxxl.de\\\/markt\\\/\",\"logo\":{\"@type\":\"ImageObject\",\"inLanguage\":\"de\",\"@id\":\"https:\\\/\\\/marktxxl.de\\\/markt\\\/#\\\/schema\\\/logo\\\/image\\\/\",\"url\":\"https:\\\/\\\/marktxxl.de\\\/markt\\\/wp-content\\\/uploads\\\/sites\\\/3\\\/2020\\\/12\\\/logo.png\",\"contentUrl\":\"https:\\\/\\\/marktxxl.de\\\/markt\\\/wp-content\\\/uploads\\\/sites\\\/3\\\/2020\\\/12\\\/logo.png\",\"width\":200,\"height\":70,\"caption\":\"Markt-XXL\"},\"image\":{\"@id\":\"https:\\\/\\\/marktxxl.de\\\/markt\\\/#\\\/schema\\\/logo\\\/image\\\/\"}}]}<\/script>\n<!-- \/ Yoast SEO plugin. -->","yoast_head_json":{"title":"Verl\u00e4ngert \u00dcbergro\u00dfe Hoodie Decke mit Kapuze Sweatshirt Tragbare Decke f\u00fcr Damen Herren Erwachsene \u2013 Blaugr\u00fcn Blanket\u2026 - Markt-XXL","description":"Markt-XXL Verl\u00e4ngert \u00dcbergro\u00dfe Hoodie Decke mit Kapuze Sweatshirt Tragbare Decke f\u00fcr Damen Herren Erwachsene \u2013 Blaugr\u00fcn Blanket\u2026","robots":{"index":"index","follow":"follow","max-snippet":"max-snippet:-1","max-image-preview":"max-image-preview:large","max-video-preview":"max-video-preview:-1"},"canonical":"https:\/\/marktxxl.de\/markt\/produkt\/decken-sweatshirt-uebergrosse-tragbare-decke-pullover-damen-decken-hoodie-riesen-sweatshirt-superweiche-und-warme-flanell-kapuzenpullover-decke-riesige-fronttasche\/","og_locale":"de_DE","og_type":"article","og_title":"Verl\u00e4ngert \u00dcbergro\u00dfe Hoodie Decke mit Kapuze Sweatshirt Tragbare Decke f\u00fcr Damen Herren Erwachsene \u2013 Blaugr\u00fcn Blanket\u2026 - Markt-XXL","og_description":"Markt-XXL Verl\u00e4ngert \u00dcbergro\u00dfe Hoodie Decke mit Kapuze Sweatshirt Tragbare Decke f\u00fcr Damen Herren Erwachsene \u2013 Blaugr\u00fcn Blanket\u2026","og_url":"https:\/\/marktxxl.de\/markt\/produkt\/decken-sweatshirt-uebergrosse-tragbare-decke-pullover-damen-decken-hoodie-riesen-sweatshirt-superweiche-und-warme-flanell-kapuzenpullover-decke-riesige-fronttasche\/","og_site_name":"Markt-XXL","article_modified_time":"2023-04-11T02:02:05+00:00","og_image":[{"width":500,"height":500,"url":"https:\/\/m.media-amazon.com\/images\/I\/41Dt9RgppJL._SL500_.jpg","type":"image\/jpeg"}],"twitter_card":"summary_large_image","twitter_misc":{"Gesch\u00e4tzte Lesezeit":"1\u00a0Minute"},"schema":{"@context":"https:\/\/schema.org","@graph":[{"@type":"WebPage","@id":"https:\/\/marktxxl.de\/markt\/produkt\/decken-sweatshirt-uebergrosse-tragbare-decke-pullover-damen-decken-hoodie-riesen-sweatshirt-superweiche-und-warme-flanell-kapuzenpullover-decke-riesige-fronttasche\/","url":"https:\/\/marktxxl.de\/markt\/produkt\/decken-sweatshirt-uebergrosse-tragbare-decke-pullover-damen-decken-hoodie-riesen-sweatshirt-superweiche-und-warme-flanell-kapuzenpullover-decke-riesige-fronttasche\/","name":"Verl\u00e4ngert \u00dcbergro\u00dfe Hoodie Decke mit Kapuze Sweatshirt Tragbare Decke f\u00fcr Damen Herren Erwachsene \u2013 Blaugr\u00fcn Blanket\u2026 - Markt-XXL","isPartOf":{"@id":"https:\/\/marktxxl.de\/markt\/#website"},"primaryImageOfPage":{"@id":"https:\/\/marktxxl.de\/markt\/produkt\/decken-sweatshirt-uebergrosse-tragbare-decke-pullover-damen-decken-hoodie-riesen-sweatshirt-superweiche-und-warme-flanell-kapuzenpullover-decke-riesige-fronttasche\/#primaryimage"},"image":{"@id":"https:\/\/marktxxl.de\/markt\/produkt\/decken-sweatshirt-uebergrosse-tragbare-decke-pullover-damen-decken-hoodie-riesen-sweatshirt-superweiche-und-warme-flanell-kapuzenpullover-decke-riesige-fronttasche\/#primaryimage"},"thumbnailUrl":"https:\/\/m.media-amazon.com\/images\/I\/41Dt9RgppJL._SL500_.jpg","datePublished":"2022-06-13T22:13:26+00:00","dateModified":"2023-04-11T02:02:05+00:00","description":"Markt-XXL Verl\u00e4ngert \u00dcbergro\u00dfe Hoodie Decke mit Kapuze Sweatshirt Tragbare Decke f\u00fcr Damen Herren Erwachsene \u2013 Blaugr\u00fcn Blanket\u2026","breadcrumb":{"@id":"https:\/\/marktxxl.de\/markt\/produkt\/decken-sweatshirt-uebergrosse-tragbare-decke-pullover-damen-decken-hoodie-riesen-sweatshirt-superweiche-und-warme-flanell-kapuzenpullover-decke-riesige-fronttasche\/#breadcrumb"},"inLanguage":"de","potentialAction":[{"@type":"ReadAction","target":["https:\/\/marktxxl.de\/markt\/produkt\/decken-sweatshirt-uebergrosse-tragbare-decke-pullover-damen-decken-hoodie-riesen-sweatshirt-superweiche-und-warme-flanell-kapuzenpullover-decke-riesige-fronttasche\/"]}]},{"@type":"ImageObject","inLanguage":"de","@id":"https:\/\/marktxxl.de\/markt\/produkt\/decken-sweatshirt-uebergrosse-tragbare-decke-pullover-damen-decken-hoodie-riesen-sweatshirt-superweiche-und-warme-flanell-kapuzenpullover-decke-riesige-fronttasche\/#primaryimage","url":"https:\/\/m.media-amazon.com\/images\/I\/41Dt9RgppJL._SL500_.jpg","contentUrl":"https:\/\/m.media-amazon.com\/images\/I\/41Dt9RgppJL._SL500_.jpg","width":500,"height":500},{"@type":"BreadcrumbList","@id":"https:\/\/marktxxl.de\/markt\/produkt\/decken-sweatshirt-uebergrosse-tragbare-decke-pullover-damen-decken-hoodie-riesen-sweatshirt-superweiche-und-warme-flanell-kapuzenpullover-decke-riesige-fronttasche\/#breadcrumb","itemListElement":[{"@type":"ListItem","position":1,"name":"Startseite","item":"https:\/\/marktxxl.de\/markt\/"},{"@type":"ListItem","position":2,"name":"Markt","item":"https:\/\/marktxxl.de\/markt\/"},{"@type":"ListItem","position":3,"name":"Verl\u00e4ngert \u00dcbergro\u00dfe Hoodie Decke mit Kapuze Sweatshirt Tragbare Decke f\u00fcr Damen Herren Erwachsene \u2013 Blaugr\u00fcn Blanket\u2026"}]},{"@type":"WebSite","@id":"https:\/\/marktxxl.de\/markt\/#website","url":"https:\/\/marktxxl.de\/markt\/","name":"Markt-XXL","description":"Ihr Markt Online","publisher":{"@id":"https:\/\/marktxxl.de\/markt\/#organization"},"potentialAction":[{"@type":"SearchAction","target":{"@type":"EntryPoint","urlTemplate":"https:\/\/marktxxl.de\/markt\/?s={search_term_string}"},"query-input":{"@type":"PropertyValueSpecification","valueRequired":true,"valueName":"search_term_string"}}],"inLanguage":"de"},{"@type":"Organization","@id":"https:\/\/marktxxl.de\/markt\/#organization","name":"Markt-XXL","url":"https:\/\/marktxxl.de\/markt\/","logo":{"@type":"ImageObject","inLanguage":"de","@id":"https:\/\/marktxxl.de\/markt\/#\/schema\/logo\/image\/","url":"https:\/\/marktxxl.de\/markt\/wp-content\/uploads\/sites\/3\/2020\/12\/logo.png","contentUrl":"https:\/\/marktxxl.de\/markt\/wp-content\/uploads\/sites\/3\/2020\/12\/logo.png","width":200,"height":70,"caption":"Markt-XXL"},"image":{"@id":"https:\/\/marktxxl.de\/markt\/#\/schema\/logo\/image\/"}}]}},"_links":{"self":[{"href":"https:\/\/marktxxl.de\/markt\/wp-json\/wp\/v2\/product\/128239","targetHints":{"allow":["GET"]}}],"collection":[{"href":"https:\/\/marktxxl.de\/markt\/wp-json\/wp\/v2\/product"}],"about":[{"href":"https:\/\/marktxxl.de\/markt\/wp-json\/wp\/v2\/types\/product"}],"replies":[{"embeddable":true,"href":"https:\/\/marktxxl.de\/markt\/wp-json\/wp\/v2\/comments?post=128239"}],"wp:featuredmedia":[{"embeddable":true,"href":"https:\/\/marktxxl.de\/markt\/wp-json\/wp\/v2\/media\/128240"}],"wp:attachment":[{"href":"https:\/\/marktxxl.de\/markt\/wp-json\/wp\/v2\/media?parent=128239"}],"wp:term":[{"taxonomy":"product_brand","embeddable":true,"href":"https:\/\/marktxxl.de\/markt\/wp-json\/wp\/v2\/product_brand?post=128239"},{"taxonomy":"product_cat","embeddable":true,"href":"https:\/\/marktxxl.de\/markt\/wp-json\/wp\/v2\/product_cat?post=128239"},{"taxonomy":"product_tag","embeddable":true,"href":"https:\/\/marktxxl.de\/markt\/wp-json\/wp\/v2\/product_tag?post=128239"}],"curies":[{"name":"wp","href":"https:\/\/api.w.org\/{rel}","templated":true}]}}