{"id":128192,"date":"2022-06-14T00:10:29","date_gmt":"2022-06-13T22:10:29","guid":{"rendered":"https:\/\/marktxxl.de\/markt\/produkt\/super-mario-nintendo-pyjamas-jungen-kinder-luigi-blau-oder-rot-kurze-pjs\/"},"modified":"2023-04-11T04:02:04","modified_gmt":"2023-04-11T02:02:04","slug":"super-mario-nintendo-pyjamas-jungen-kinder-luigi-blau-oder-rot-kurze-pjs","status":"publish","type":"product","link":"https:\/\/marktxxl.de\/markt\/produkt\/super-mario-nintendo-pyjamas-jungen-kinder-luigi-blau-oder-rot-kurze-pjs\/","title":{"rendered":"SUPER MARIO Nintendo Pyjamas Jungen Kinder Luigi Blau oder Rot Kurze PJs"},"content":{"rendered":"<p>Super Mario T-Shirt &amp; Shorts in blauen oder roten Farben &#8211; Super Mario PJ Set f\u00fcr Jungen beinhaltet ein Top- und kurze Bottometer, die in zwei verschiedenen Farboptionen verf\u00fcgbar sind, rot oder blau, um ein tolles Super Mario-Geschenk f\u00fcr Gamer zu machen.<br \/>\nErh\u00e4ltlich in verschiedenen Gr\u00f6\u00dfen Super Mario PJs &#8211; Das supermarior rote oder blaue Sleepwear-Set der Kinder gibt es in Gr\u00f6\u00dfen. 4-5 5-6 7-8 9-10 11-12 und 13-14 Jahre. Sie kommen in einem regul\u00e4ren Kind und sind f\u00fcr ultimativen Komfort super, um das Haus um das beste Videospiel, Super Mario zu spielen!<br \/>\nMischmaterialien Super Mario &amp; Luigi PJs &#8211; Das super Mario Nachtw\u00e4sche f\u00fcr ihn umfasst ein 97% Baumwolle und 3% Polyester-T-Shirt mit Baumwollshorts. Die Super Mario Shorts verf\u00fcgen \u00fcber einen strapazierf\u00e4higen und elastischen Bund f\u00fcr die perfekte Passform!<br \/>\nSuper Mario, Luigi &amp; Game Elements Designs &#8211; Der Pyjamas gibt es rot oder blau, die mit den sehr geliebten spielbaren Charakteren Super Mario und Luigi, umgeben von \u00fcberallen Drucken, die aus Supermari-Gesichtern, Toad-Pilzen, M\u00fcnzen und Sternen sind Spa\u00df und entz\u00fcckender Pyjama-Set f\u00fcr Kinder- und Teenager-Gamer!<br \/>\nOffiziell lizenzierte Super Mario-Ware &#8211; Dieses Nintendo Super Mario T-Shirt und Pyjama-Bottom-Set ist 100% offizielle Nintendo-Ware. Um das Beste aus diesem Produkt herauszuholen, waschen Sie sich bitte mit \u00e4hnlichen Farben, waschen Sie sich innen aus, waschen Sie sich auf der R\u00fcckseite aus und b\u00fcgeln Sie nicht auf den Druck.<br \/>\n<div class=\"main-cross-sell\" data-asin=\"B09B449362\">\n\n\t<div class=\"WooZone-cross-sell-loader\">\n\t\t<div>\n\t\t\t<div id=\"floatingBarsG\">\n\t\t\t\t<div class=\"blockG\" id=\"rotateG_01\"><\/div>\n\t\t\t\t<div class=\"blockG\" id=\"rotateG_02\"><\/div>\n\t\t\t\t<div class=\"blockG\" id=\"rotateG_03\"><\/div>\n\t\t\t\t<div class=\"blockG\" id=\"rotateG_04\"><\/div>\n\t\t\t\t<div class=\"blockG\" id=\"rotateG_05\"><\/div>\n\t\t\t\t<div class=\"blockG\" id=\"rotateG_06\"><\/div>\n\t\t\t\t<div class=\"blockG\" id=\"rotateG_07\"><\/div>\n\t\t\t\t<div class=\"blockG\" id=\"rotateG_08\"><\/div>\n\t\t\t<\/div>\n\t\t\t<div class=\"WooZone-cross-sell-loader-text\"><\/div>\n\t\t<\/div>\n\t<\/div>\n\n\t\t\n<\/div>\n<div style=\"clear:both;\"><\/div><\/p>\n","protected":false},"excerpt":{"rendered":"<p>Super Mario T-Shirt &amp; Shorts in blauen oder roten Farben &#8211; Super Mario PJ Set f\u00fcr Jungen beinhaltet ein Top- und kurze Bottometer, die in zwei verschiedenen Farboptionen verf\u00fcgbar sind, rot oder blau, um ein tolles Super Mario-Geschenk f\u00fcr Gamer zu machen.<br \/>\nErh\u00e4ltlich in verschiedenen Gr\u00f6\u00dfen Super Mario PJs &#8211; Das supermarior rote oder blaue Sleepwear-Set der Kinder gibt es in Gr\u00f6\u00dfen. 4-5 5-6 7-8 9-10 11-12 und 13-14 Jahre. Sie kommen in einem regul\u00e4ren Kind und sind f\u00fcr ultimativen Komfort super, um das Haus um das beste Videospiel, Super Mario zu spielen!<br \/>\nMischmaterialien Super Mario &amp; Luigi PJs &#8211; Das super Mario Nachtw\u00e4sche f\u00fcr ihn umfasst ein 97% Baumwolle und 3% Polyester-T-Shirt mit Baumwollshorts. Die Super Mario Shorts verf\u00fcgen \u00fcber einen strapazierf\u00e4higen und elastischen Bund f\u00fcr die perfekte Passform!<\/p>\n","protected":false},"featured_media":128193,"comment_status":"open","ping_status":"closed","template":"","meta":[],"product_brand":[],"product_cat":[1186,4034],"product_tag":[],"class_list":{"0":"post-128192","1":"product","2":"type-product","3":"status-publish","4":"has-post-thumbnail","6":"product_cat-bekleidung","7":"product_cat-jungen","8":"pa_brand-super-mario","9":"pa_color-grau","10":"pa_manufacturer-vanilla-underground","12":"first","13":"instock","14":"shipping-taxable","15":"purchasable","16":"product-type-simple","17":"customify-col","18":"product-has-gallery"},"yoast_head":"<!-- This site is optimized with the Yoast SEO plugin v27.3 - https:\/\/yoast.com\/product\/yoast-seo-wordpress\/ -->\n<title>SUPER MARIO Nintendo Pyjamas Jungen Kinder Luigi Blau oder Rot Kurze PJs - Markt-XXL<\/title>\n<meta name=\"description\" content=\"Markt-XXL SUPER MARIO Nintendo Pyjamas Jungen Kinder Luigi Blau oder Rot Kurze PJs\" \/>\n<meta name=\"robots\" content=\"index, follow, max-snippet:-1, max-image-preview:large, max-video-preview:-1\" \/>\n<link rel=\"canonical\" href=\"https:\/\/marktxxl.de\/markt\/produkt\/super-mario-nintendo-pyjamas-jungen-kinder-luigi-blau-oder-rot-kurze-pjs\/\" \/>\n<meta property=\"og:locale\" content=\"de_DE\" \/>\n<meta property=\"og:type\" content=\"article\" \/>\n<meta property=\"og:title\" content=\"SUPER MARIO Nintendo Pyjamas Jungen Kinder Luigi Blau oder Rot Kurze PJs - Markt-XXL\" \/>\n<meta property=\"og:description\" content=\"Markt-XXL SUPER MARIO Nintendo Pyjamas Jungen Kinder Luigi Blau oder Rot Kurze PJs\" \/>\n<meta property=\"og:url\" content=\"https:\/\/marktxxl.de\/markt\/produkt\/super-mario-nintendo-pyjamas-jungen-kinder-luigi-blau-oder-rot-kurze-pjs\/\" \/>\n<meta property=\"og:site_name\" content=\"Markt-XXL\" \/>\n<meta property=\"article:modified_time\" content=\"2023-04-11T02:02:04+00:00\" \/>\n<meta property=\"og:image\" content=\"https:\/\/m.media-amazon.com\/images\/I\/51E3V49QV3S._SL500_.jpg\" \/>\n\t<meta property=\"og:image:width\" content=\"393\" \/>\n\t<meta property=\"og:image:height\" content=\"500\" \/>\n\t<meta property=\"og:image:type\" content=\"image\/jpeg\" \/>\n<meta name=\"twitter:card\" content=\"summary_large_image\" \/>\n<meta name=\"twitter:label1\" content=\"Gesch\u00e4tzte Lesezeit\" \/>\n\t<meta name=\"twitter:data1\" content=\"1\u00a0Minute\" \/>\n<script type=\"application\/ld+json\" class=\"yoast-schema-graph\">{\"@context\":\"https:\\\/\\\/schema.org\",\"@graph\":[{\"@type\":\"WebPage\",\"@id\":\"https:\\\/\\\/marktxxl.de\\\/markt\\\/produkt\\\/super-mario-nintendo-pyjamas-jungen-kinder-luigi-blau-oder-rot-kurze-pjs\\\/\",\"url\":\"https:\\\/\\\/marktxxl.de\\\/markt\\\/produkt\\\/super-mario-nintendo-pyjamas-jungen-kinder-luigi-blau-oder-rot-kurze-pjs\\\/\",\"name\":\"SUPER MARIO Nintendo Pyjamas Jungen Kinder Luigi Blau oder Rot Kurze PJs - Markt-XXL\",\"isPartOf\":{\"@id\":\"https:\\\/\\\/marktxxl.de\\\/markt\\\/#website\"},\"primaryImageOfPage\":{\"@id\":\"https:\\\/\\\/marktxxl.de\\\/markt\\\/produkt\\\/super-mario-nintendo-pyjamas-jungen-kinder-luigi-blau-oder-rot-kurze-pjs\\\/#primaryimage\"},\"image\":{\"@id\":\"https:\\\/\\\/marktxxl.de\\\/markt\\\/produkt\\\/super-mario-nintendo-pyjamas-jungen-kinder-luigi-blau-oder-rot-kurze-pjs\\\/#primaryimage\"},\"thumbnailUrl\":\"https:\\\/\\\/m.media-amazon.com\\\/images\\\/I\\\/51E3V49QV3S._SL500_.jpg\",\"datePublished\":\"2022-06-13T22:10:29+00:00\",\"dateModified\":\"2023-04-11T02:02:04+00:00\",\"description\":\"Markt-XXL SUPER MARIO Nintendo Pyjamas Jungen Kinder Luigi Blau oder Rot Kurze PJs\",\"breadcrumb\":{\"@id\":\"https:\\\/\\\/marktxxl.de\\\/markt\\\/produkt\\\/super-mario-nintendo-pyjamas-jungen-kinder-luigi-blau-oder-rot-kurze-pjs\\\/#breadcrumb\"},\"inLanguage\":\"de\",\"potentialAction\":[{\"@type\":\"ReadAction\",\"target\":[\"https:\\\/\\\/marktxxl.de\\\/markt\\\/produkt\\\/super-mario-nintendo-pyjamas-jungen-kinder-luigi-blau-oder-rot-kurze-pjs\\\/\"]}]},{\"@type\":\"ImageObject\",\"inLanguage\":\"de\",\"@id\":\"https:\\\/\\\/marktxxl.de\\\/markt\\\/produkt\\\/super-mario-nintendo-pyjamas-jungen-kinder-luigi-blau-oder-rot-kurze-pjs\\\/#primaryimage\",\"url\":\"https:\\\/\\\/m.media-amazon.com\\\/images\\\/I\\\/51E3V49QV3S._SL500_.jpg\",\"contentUrl\":\"https:\\\/\\\/m.media-amazon.com\\\/images\\\/I\\\/51E3V49QV3S._SL500_.jpg\",\"width\":393,\"height\":500},{\"@type\":\"BreadcrumbList\",\"@id\":\"https:\\\/\\\/marktxxl.de\\\/markt\\\/produkt\\\/super-mario-nintendo-pyjamas-jungen-kinder-luigi-blau-oder-rot-kurze-pjs\\\/#breadcrumb\",\"itemListElement\":[{\"@type\":\"ListItem\",\"position\":1,\"name\":\"Startseite\",\"item\":\"https:\\\/\\\/marktxxl.de\\\/markt\\\/\"},{\"@type\":\"ListItem\",\"position\":2,\"name\":\"Markt\",\"item\":\"https:\\\/\\\/marktxxl.de\\\/markt\\\/\"},{\"@type\":\"ListItem\",\"position\":3,\"name\":\"SUPER MARIO Nintendo Pyjamas Jungen Kinder Luigi Blau oder Rot Kurze PJs\"}]},{\"@type\":\"WebSite\",\"@id\":\"https:\\\/\\\/marktxxl.de\\\/markt\\\/#website\",\"url\":\"https:\\\/\\\/marktxxl.de\\\/markt\\\/\",\"name\":\"Markt-XXL\",\"description\":\"Ihr Markt Online\",\"publisher\":{\"@id\":\"https:\\\/\\\/marktxxl.de\\\/markt\\\/#organization\"},\"potentialAction\":[{\"@type\":\"SearchAction\",\"target\":{\"@type\":\"EntryPoint\",\"urlTemplate\":\"https:\\\/\\\/marktxxl.de\\\/markt\\\/?s={search_term_string}\"},\"query-input\":{\"@type\":\"PropertyValueSpecification\",\"valueRequired\":true,\"valueName\":\"search_term_string\"}}],\"inLanguage\":\"de\"},{\"@type\":\"Organization\",\"@id\":\"https:\\\/\\\/marktxxl.de\\\/markt\\\/#organization\",\"name\":\"Markt-XXL\",\"url\":\"https:\\\/\\\/marktxxl.de\\\/markt\\\/\",\"logo\":{\"@type\":\"ImageObject\",\"inLanguage\":\"de\",\"@id\":\"https:\\\/\\\/marktxxl.de\\\/markt\\\/#\\\/schema\\\/logo\\\/image\\\/\",\"url\":\"https:\\\/\\\/marktxxl.de\\\/markt\\\/wp-content\\\/uploads\\\/sites\\\/3\\\/2020\\\/12\\\/logo.png\",\"contentUrl\":\"https:\\\/\\\/marktxxl.de\\\/markt\\\/wp-content\\\/uploads\\\/sites\\\/3\\\/2020\\\/12\\\/logo.png\",\"width\":200,\"height\":70,\"caption\":\"Markt-XXL\"},\"image\":{\"@id\":\"https:\\\/\\\/marktxxl.de\\\/markt\\\/#\\\/schema\\\/logo\\\/image\\\/\"}}]}<\/script>\n<!-- \/ Yoast SEO plugin. -->","yoast_head_json":{"title":"SUPER MARIO Nintendo Pyjamas Jungen Kinder Luigi Blau oder Rot Kurze PJs - Markt-XXL","description":"Markt-XXL SUPER MARIO Nintendo Pyjamas Jungen Kinder Luigi Blau oder Rot Kurze PJs","robots":{"index":"index","follow":"follow","max-snippet":"max-snippet:-1","max-image-preview":"max-image-preview:large","max-video-preview":"max-video-preview:-1"},"canonical":"https:\/\/marktxxl.de\/markt\/produkt\/super-mario-nintendo-pyjamas-jungen-kinder-luigi-blau-oder-rot-kurze-pjs\/","og_locale":"de_DE","og_type":"article","og_title":"SUPER MARIO Nintendo Pyjamas Jungen Kinder Luigi Blau oder Rot Kurze PJs - Markt-XXL","og_description":"Markt-XXL SUPER MARIO Nintendo Pyjamas Jungen Kinder Luigi Blau oder Rot Kurze PJs","og_url":"https:\/\/marktxxl.de\/markt\/produkt\/super-mario-nintendo-pyjamas-jungen-kinder-luigi-blau-oder-rot-kurze-pjs\/","og_site_name":"Markt-XXL","article_modified_time":"2023-04-11T02:02:04+00:00","og_image":[{"width":393,"height":500,"url":"https:\/\/m.media-amazon.com\/images\/I\/51E3V49QV3S._SL500_.jpg","type":"image\/jpeg"}],"twitter_card":"summary_large_image","twitter_misc":{"Gesch\u00e4tzte Lesezeit":"1\u00a0Minute"},"schema":{"@context":"https:\/\/schema.org","@graph":[{"@type":"WebPage","@id":"https:\/\/marktxxl.de\/markt\/produkt\/super-mario-nintendo-pyjamas-jungen-kinder-luigi-blau-oder-rot-kurze-pjs\/","url":"https:\/\/marktxxl.de\/markt\/produkt\/super-mario-nintendo-pyjamas-jungen-kinder-luigi-blau-oder-rot-kurze-pjs\/","name":"SUPER MARIO Nintendo Pyjamas Jungen Kinder Luigi Blau oder Rot Kurze PJs - Markt-XXL","isPartOf":{"@id":"https:\/\/marktxxl.de\/markt\/#website"},"primaryImageOfPage":{"@id":"https:\/\/marktxxl.de\/markt\/produkt\/super-mario-nintendo-pyjamas-jungen-kinder-luigi-blau-oder-rot-kurze-pjs\/#primaryimage"},"image":{"@id":"https:\/\/marktxxl.de\/markt\/produkt\/super-mario-nintendo-pyjamas-jungen-kinder-luigi-blau-oder-rot-kurze-pjs\/#primaryimage"},"thumbnailUrl":"https:\/\/m.media-amazon.com\/images\/I\/51E3V49QV3S._SL500_.jpg","datePublished":"2022-06-13T22:10:29+00:00","dateModified":"2023-04-11T02:02:04+00:00","description":"Markt-XXL SUPER MARIO Nintendo Pyjamas Jungen Kinder Luigi Blau oder Rot Kurze PJs","breadcrumb":{"@id":"https:\/\/marktxxl.de\/markt\/produkt\/super-mario-nintendo-pyjamas-jungen-kinder-luigi-blau-oder-rot-kurze-pjs\/#breadcrumb"},"inLanguage":"de","potentialAction":[{"@type":"ReadAction","target":["https:\/\/marktxxl.de\/markt\/produkt\/super-mario-nintendo-pyjamas-jungen-kinder-luigi-blau-oder-rot-kurze-pjs\/"]}]},{"@type":"ImageObject","inLanguage":"de","@id":"https:\/\/marktxxl.de\/markt\/produkt\/super-mario-nintendo-pyjamas-jungen-kinder-luigi-blau-oder-rot-kurze-pjs\/#primaryimage","url":"https:\/\/m.media-amazon.com\/images\/I\/51E3V49QV3S._SL500_.jpg","contentUrl":"https:\/\/m.media-amazon.com\/images\/I\/51E3V49QV3S._SL500_.jpg","width":393,"height":500},{"@type":"BreadcrumbList","@id":"https:\/\/marktxxl.de\/markt\/produkt\/super-mario-nintendo-pyjamas-jungen-kinder-luigi-blau-oder-rot-kurze-pjs\/#breadcrumb","itemListElement":[{"@type":"ListItem","position":1,"name":"Startseite","item":"https:\/\/marktxxl.de\/markt\/"},{"@type":"ListItem","position":2,"name":"Markt","item":"https:\/\/marktxxl.de\/markt\/"},{"@type":"ListItem","position":3,"name":"SUPER MARIO Nintendo Pyjamas Jungen Kinder Luigi Blau oder Rot Kurze PJs"}]},{"@type":"WebSite","@id":"https:\/\/marktxxl.de\/markt\/#website","url":"https:\/\/marktxxl.de\/markt\/","name":"Markt-XXL","description":"Ihr Markt Online","publisher":{"@id":"https:\/\/marktxxl.de\/markt\/#organization"},"potentialAction":[{"@type":"SearchAction","target":{"@type":"EntryPoint","urlTemplate":"https:\/\/marktxxl.de\/markt\/?s={search_term_string}"},"query-input":{"@type":"PropertyValueSpecification","valueRequired":true,"valueName":"search_term_string"}}],"inLanguage":"de"},{"@type":"Organization","@id":"https:\/\/marktxxl.de\/markt\/#organization","name":"Markt-XXL","url":"https:\/\/marktxxl.de\/markt\/","logo":{"@type":"ImageObject","inLanguage":"de","@id":"https:\/\/marktxxl.de\/markt\/#\/schema\/logo\/image\/","url":"https:\/\/marktxxl.de\/markt\/wp-content\/uploads\/sites\/3\/2020\/12\/logo.png","contentUrl":"https:\/\/marktxxl.de\/markt\/wp-content\/uploads\/sites\/3\/2020\/12\/logo.png","width":200,"height":70,"caption":"Markt-XXL"},"image":{"@id":"https:\/\/marktxxl.de\/markt\/#\/schema\/logo\/image\/"}}]}},"_links":{"self":[{"href":"https:\/\/marktxxl.de\/markt\/wp-json\/wp\/v2\/product\/128192","targetHints":{"allow":["GET"]}}],"collection":[{"href":"https:\/\/marktxxl.de\/markt\/wp-json\/wp\/v2\/product"}],"about":[{"href":"https:\/\/marktxxl.de\/markt\/wp-json\/wp\/v2\/types\/product"}],"replies":[{"embeddable":true,"href":"https:\/\/marktxxl.de\/markt\/wp-json\/wp\/v2\/comments?post=128192"}],"wp:featuredmedia":[{"embeddable":true,"href":"https:\/\/marktxxl.de\/markt\/wp-json\/wp\/v2\/media\/128193"}],"wp:attachment":[{"href":"https:\/\/marktxxl.de\/markt\/wp-json\/wp\/v2\/media?parent=128192"}],"wp:term":[{"taxonomy":"product_brand","embeddable":true,"href":"https:\/\/marktxxl.de\/markt\/wp-json\/wp\/v2\/product_brand?post=128192"},{"taxonomy":"product_cat","embeddable":true,"href":"https:\/\/marktxxl.de\/markt\/wp-json\/wp\/v2\/product_cat?post=128192"},{"taxonomy":"product_tag","embeddable":true,"href":"https:\/\/marktxxl.de\/markt\/wp-json\/wp\/v2\/product_tag?post=128192"}],"curies":[{"name":"wp","href":"https:\/\/api.w.org\/{rel}","templated":true}]}}