{"id":128115,"date":"2022-06-14T00:04:39","date_gmt":"2022-06-13T22:04:39","guid":{"rendered":"https:\/\/marktxxl.de\/markt\/produkt\/falke-maedchen-active-warm-k-so-socken\/"},"modified":"2023-04-11T04:02:02","modified_gmt":"2023-04-11T02:02:02","slug":"falke-maedchen-active-warm-k-so-socken","status":"publish","type":"product","link":"https:\/\/marktxxl.de\/markt\/produkt\/falke-maedchen-active-warm-k-so-socken\/","title":{"rendered":"FALKE M\u00e4dchen Active Warm K So Socken"},"content":{"rendered":"<p>1 Paar dicke Thermo S\u00f6ckchen aus weichem Funktionsmaterial und leicht w\u00e4rmender Merinowolle ohne Motiv ist das Beste, was Ihr Kind f\u00fcr warme F\u00fc\u00dfe an kalten Tagen tragen kann ; lang,hochwertig,verst\u00e4rkt, uni, mit Sohle gegen Schwei\u00dff\u00fc\u00dfe und f\u00fcr jede Schuhe wie Stiefel, Sneaker, Skischuhe, Halbschuhe und Turnschuhe geeignet;<br \/>\nBlickdichte, einfarbige besonders bequeme Kindersocken f\u00fcr den Alltag, beim Laufen, zum Sport oder f\u00fcr die Freizeit und l\u00e4ngere Tragedauer; Stricksocken dr\u00fccken nicht durch flache Naht an den Zehen; Die Ferse und Hacke ist bedeckt und die Kindersocken enden an der Wade; idealer Artikel f\u00fcr den Herbst und Winter; Unisex Halbsocken f\u00fcr Jungen, M\u00e4dchen, Kleinkinder und Teenager gegen nasse F\u00fc\u00dfe<br \/>\nKinderstr\u00fcmpfe mit speziellem Sohlenmaterial sind halbhoch, bequem, fusselfrei und f\u00fcr trockene F\u00fc\u00dfe durch optimalem Feuchtigkeitstransport ideal geeignet; Farbe bleibt auch nach mehrmaligen Waschen erhalten;So kommt Ihr Kind ohne Schwitzen und nasse F\u00fc\u00dfe extra warm durch den Winter; Diese Str\u00fcmpfe sind bei 30\u00b0C im Wollwaschgang zu waschen<br \/>\nPerfekte Proportionen und Passform durch spezielle Strickverfahren und Zylinder; Fu\u00dfspitze und Fu\u00dfbett sind an die anatomischen Unterschiede von L\/R Fu\u00df angepasst. Diese Innovation garantiert einen optimalen, faltenfreien Sitz mit hohem Tragekomfort, sch\u00fctzt vor Druckstellen und erh\u00f6ht die Haltbarkeit der Str\u00fcmpfe<br \/>\nModellnummer FALKE Kinder Active Warm Socken: 10450; Gr\u00f6\u00dfen: 19-22 (1-2 Jahre), 23-26 (2-3 Jahre), 27-30 (3-6 Jahre), 31-34 (7-9 Jahre), 35-38 (9-12 Jahre), 39-42 (13-16 Jahre); Dieser Artikel entspricht der Oeko-Tex Klasse 1 Standard 100, dem h\u00f6chsten Qualit\u00e4tsstandard in Deutschland<br \/>\nEinzigartige FALKE-Qualit\u00e4t: Wir haben h\u00f6chste Anspr\u00fcche an das, was Ihren K\u00f6rper sch\u00fctzt und w\u00e4rmt. FALKE: Traditionsunternehmen und h\u00f6chste Qualit\u00e4t seit 1895<br \/>\n<div class=\"main-cross-sell\" data-asin=\"B0B322VZ67\">\n\n\t<div class=\"WooZone-cross-sell-loader\">\n\t\t<div>\n\t\t\t<div id=\"floatingBarsG\">\n\t\t\t\t<div class=\"blockG\" id=\"rotateG_01\"><\/div>\n\t\t\t\t<div class=\"blockG\" id=\"rotateG_02\"><\/div>\n\t\t\t\t<div class=\"blockG\" id=\"rotateG_03\"><\/div>\n\t\t\t\t<div class=\"blockG\" id=\"rotateG_04\"><\/div>\n\t\t\t\t<div class=\"blockG\" id=\"rotateG_05\"><\/div>\n\t\t\t\t<div class=\"blockG\" id=\"rotateG_06\"><\/div>\n\t\t\t\t<div class=\"blockG\" id=\"rotateG_07\"><\/div>\n\t\t\t\t<div class=\"blockG\" id=\"rotateG_08\"><\/div>\n\t\t\t<\/div>\n\t\t\t<div class=\"WooZone-cross-sell-loader-text\"><\/div>\n\t\t<\/div>\n\t<\/div>\n\n\t\t\n<\/div>\n<div style=\"clear:both;\"><\/div><\/p>\n","protected":false},"excerpt":{"rendered":"<p>1 Paar dicke Thermo S\u00f6ckchen aus weichem Funktionsmaterial und leicht w\u00e4rmender Merinowolle ohne Motiv ist das Beste, was Ihr Kind f\u00fcr warme F\u00fc\u00dfe an kalten Tagen tragen kann ; lang,hochwertig,verst\u00e4rkt, uni, mit Sohle gegen Schwei\u00dff\u00fc\u00dfe und f\u00fcr jede Schuhe wie Stiefel, Sneaker, Skischuhe, Halbschuhe und Turnschuhe geeignet;<br \/>\nBlickdichte, einfarbige besonders bequeme Kindersocken f\u00fcr den Alltag, beim Laufen, zum Sport oder f\u00fcr die Freizeit und l\u00e4ngere Tragedauer; Stricksocken dr\u00fccken nicht durch flache Naht an den Zehen; Die Ferse und Hacke ist bedeckt und die Kindersocken enden an der Wade; idealer Artikel f\u00fcr den Herbst und Winter; Unisex Halbsocken f\u00fcr Jungen, M\u00e4dchen, Kleinkinder und Teenager gegen nasse F\u00fc\u00dfe<br \/>\nKinderstr\u00fcmpfe mit speziellem Sohlenmaterial sind halbhoch, bequem, fusselfrei und f\u00fcr trockene F\u00fc\u00dfe durch optimalem Feuchtigkeitstransport ideal geeignet; Farbe bleibt auch nach mehrmaligen Waschen erhalten;So kommt Ihr Kind ohne Schwitzen und nasse F\u00fc\u00dfe extra warm durch den Winter; Diese Str\u00fcmpfe sind bei 30\u00b0C im Wollwaschgang zu waschen<\/p>\n","protected":false},"featured_media":128116,"comment_status":"open","ping_status":"closed","template":"","meta":[],"product_brand":[],"product_cat":[1186,3990],"product_tag":[],"class_list":{"0":"post-128115","1":"product","2":"type-product","3":"status-publish","4":"has-post-thumbnail","6":"product_cat-bekleidung","7":"product_cat-maedchen","8":"pa_binding-textilien","9":"pa_brand-falke","10":"pa_manufacturer-falke","11":"pa_model-36732","13":"first","14":"instock","15":"shipping-taxable","16":"purchasable","17":"product-type-simple","18":"customify-col","19":"product-has-gallery"},"yoast_head":"<!-- This site is optimized with the Yoast SEO plugin v27.3 - https:\/\/yoast.com\/product\/yoast-seo-wordpress\/ -->\n<title>FALKE M\u00e4dchen Active Warm K So Socken - Markt-XXL<\/title>\n<meta name=\"description\" content=\"Markt-XXL FALKE M\u00e4dchen Active Warm K So Socken\" \/>\n<meta name=\"robots\" content=\"index, follow, max-snippet:-1, max-image-preview:large, max-video-preview:-1\" \/>\n<link rel=\"canonical\" href=\"https:\/\/marktxxl.de\/markt\/produkt\/falke-maedchen-active-warm-k-so-socken\/\" \/>\n<meta property=\"og:locale\" content=\"de_DE\" \/>\n<meta property=\"og:type\" content=\"article\" \/>\n<meta property=\"og:title\" content=\"FALKE M\u00e4dchen Active Warm K So Socken - Markt-XXL\" \/>\n<meta property=\"og:description\" content=\"Markt-XXL FALKE M\u00e4dchen Active Warm K So Socken\" \/>\n<meta property=\"og:url\" content=\"https:\/\/marktxxl.de\/markt\/produkt\/falke-maedchen-active-warm-k-so-socken\/\" \/>\n<meta property=\"og:site_name\" content=\"Markt-XXL\" \/>\n<meta property=\"article:modified_time\" content=\"2023-04-11T02:02:02+00:00\" \/>\n<meta property=\"og:image\" content=\"https:\/\/m.media-amazon.com\/images\/I\/41-kCePPG7L._SL500_.jpg\" \/>\n\t<meta property=\"og:image:width\" content=\"417\" \/>\n\t<meta property=\"og:image:height\" content=\"500\" \/>\n\t<meta property=\"og:image:type\" content=\"image\/jpeg\" \/>\n<meta name=\"twitter:card\" content=\"summary_large_image\" \/>\n<meta name=\"twitter:label1\" content=\"Gesch\u00e4tzte Lesezeit\" \/>\n\t<meta name=\"twitter:data1\" content=\"1\u00a0Minute\" \/>\n<script type=\"application\/ld+json\" class=\"yoast-schema-graph\">{\"@context\":\"https:\\\/\\\/schema.org\",\"@graph\":[{\"@type\":\"WebPage\",\"@id\":\"https:\\\/\\\/marktxxl.de\\\/markt\\\/produkt\\\/falke-maedchen-active-warm-k-so-socken\\\/\",\"url\":\"https:\\\/\\\/marktxxl.de\\\/markt\\\/produkt\\\/falke-maedchen-active-warm-k-so-socken\\\/\",\"name\":\"FALKE M\u00e4dchen Active Warm K So Socken - Markt-XXL\",\"isPartOf\":{\"@id\":\"https:\\\/\\\/marktxxl.de\\\/markt\\\/#website\"},\"primaryImageOfPage\":{\"@id\":\"https:\\\/\\\/marktxxl.de\\\/markt\\\/produkt\\\/falke-maedchen-active-warm-k-so-socken\\\/#primaryimage\"},\"image\":{\"@id\":\"https:\\\/\\\/marktxxl.de\\\/markt\\\/produkt\\\/falke-maedchen-active-warm-k-so-socken\\\/#primaryimage\"},\"thumbnailUrl\":\"https:\\\/\\\/m.media-amazon.com\\\/images\\\/I\\\/41-kCePPG7L._SL500_.jpg\",\"datePublished\":\"2022-06-13T22:04:39+00:00\",\"dateModified\":\"2023-04-11T02:02:02+00:00\",\"description\":\"Markt-XXL FALKE M\u00e4dchen Active Warm K So Socken\",\"breadcrumb\":{\"@id\":\"https:\\\/\\\/marktxxl.de\\\/markt\\\/produkt\\\/falke-maedchen-active-warm-k-so-socken\\\/#breadcrumb\"},\"inLanguage\":\"de\",\"potentialAction\":[{\"@type\":\"ReadAction\",\"target\":[\"https:\\\/\\\/marktxxl.de\\\/markt\\\/produkt\\\/falke-maedchen-active-warm-k-so-socken\\\/\"]}]},{\"@type\":\"ImageObject\",\"inLanguage\":\"de\",\"@id\":\"https:\\\/\\\/marktxxl.de\\\/markt\\\/produkt\\\/falke-maedchen-active-warm-k-so-socken\\\/#primaryimage\",\"url\":\"https:\\\/\\\/m.media-amazon.com\\\/images\\\/I\\\/41-kCePPG7L._SL500_.jpg\",\"contentUrl\":\"https:\\\/\\\/m.media-amazon.com\\\/images\\\/I\\\/41-kCePPG7L._SL500_.jpg\",\"width\":417,\"height\":500},{\"@type\":\"BreadcrumbList\",\"@id\":\"https:\\\/\\\/marktxxl.de\\\/markt\\\/produkt\\\/falke-maedchen-active-warm-k-so-socken\\\/#breadcrumb\",\"itemListElement\":[{\"@type\":\"ListItem\",\"position\":1,\"name\":\"Startseite\",\"item\":\"https:\\\/\\\/marktxxl.de\\\/markt\\\/\"},{\"@type\":\"ListItem\",\"position\":2,\"name\":\"Markt\",\"item\":\"https:\\\/\\\/marktxxl.de\\\/markt\\\/\"},{\"@type\":\"ListItem\",\"position\":3,\"name\":\"FALKE M\u00e4dchen Active Warm K So Socken\"}]},{\"@type\":\"WebSite\",\"@id\":\"https:\\\/\\\/marktxxl.de\\\/markt\\\/#website\",\"url\":\"https:\\\/\\\/marktxxl.de\\\/markt\\\/\",\"name\":\"Markt-XXL\",\"description\":\"Ihr Markt Online\",\"publisher\":{\"@id\":\"https:\\\/\\\/marktxxl.de\\\/markt\\\/#organization\"},\"potentialAction\":[{\"@type\":\"SearchAction\",\"target\":{\"@type\":\"EntryPoint\",\"urlTemplate\":\"https:\\\/\\\/marktxxl.de\\\/markt\\\/?s={search_term_string}\"},\"query-input\":{\"@type\":\"PropertyValueSpecification\",\"valueRequired\":true,\"valueName\":\"search_term_string\"}}],\"inLanguage\":\"de\"},{\"@type\":\"Organization\",\"@id\":\"https:\\\/\\\/marktxxl.de\\\/markt\\\/#organization\",\"name\":\"Markt-XXL\",\"url\":\"https:\\\/\\\/marktxxl.de\\\/markt\\\/\",\"logo\":{\"@type\":\"ImageObject\",\"inLanguage\":\"de\",\"@id\":\"https:\\\/\\\/marktxxl.de\\\/markt\\\/#\\\/schema\\\/logo\\\/image\\\/\",\"url\":\"https:\\\/\\\/marktxxl.de\\\/markt\\\/wp-content\\\/uploads\\\/sites\\\/3\\\/2020\\\/12\\\/logo.png\",\"contentUrl\":\"https:\\\/\\\/marktxxl.de\\\/markt\\\/wp-content\\\/uploads\\\/sites\\\/3\\\/2020\\\/12\\\/logo.png\",\"width\":200,\"height\":70,\"caption\":\"Markt-XXL\"},\"image\":{\"@id\":\"https:\\\/\\\/marktxxl.de\\\/markt\\\/#\\\/schema\\\/logo\\\/image\\\/\"}}]}<\/script>\n<!-- \/ Yoast SEO plugin. -->","yoast_head_json":{"title":"FALKE M\u00e4dchen Active Warm K So Socken - Markt-XXL","description":"Markt-XXL FALKE M\u00e4dchen Active Warm K So Socken","robots":{"index":"index","follow":"follow","max-snippet":"max-snippet:-1","max-image-preview":"max-image-preview:large","max-video-preview":"max-video-preview:-1"},"canonical":"https:\/\/marktxxl.de\/markt\/produkt\/falke-maedchen-active-warm-k-so-socken\/","og_locale":"de_DE","og_type":"article","og_title":"FALKE M\u00e4dchen Active Warm K So Socken - Markt-XXL","og_description":"Markt-XXL FALKE M\u00e4dchen Active Warm K So Socken","og_url":"https:\/\/marktxxl.de\/markt\/produkt\/falke-maedchen-active-warm-k-so-socken\/","og_site_name":"Markt-XXL","article_modified_time":"2023-04-11T02:02:02+00:00","og_image":[{"width":417,"height":500,"url":"https:\/\/m.media-amazon.com\/images\/I\/41-kCePPG7L._SL500_.jpg","type":"image\/jpeg"}],"twitter_card":"summary_large_image","twitter_misc":{"Gesch\u00e4tzte Lesezeit":"1\u00a0Minute"},"schema":{"@context":"https:\/\/schema.org","@graph":[{"@type":"WebPage","@id":"https:\/\/marktxxl.de\/markt\/produkt\/falke-maedchen-active-warm-k-so-socken\/","url":"https:\/\/marktxxl.de\/markt\/produkt\/falke-maedchen-active-warm-k-so-socken\/","name":"FALKE M\u00e4dchen Active Warm K So Socken - Markt-XXL","isPartOf":{"@id":"https:\/\/marktxxl.de\/markt\/#website"},"primaryImageOfPage":{"@id":"https:\/\/marktxxl.de\/markt\/produkt\/falke-maedchen-active-warm-k-so-socken\/#primaryimage"},"image":{"@id":"https:\/\/marktxxl.de\/markt\/produkt\/falke-maedchen-active-warm-k-so-socken\/#primaryimage"},"thumbnailUrl":"https:\/\/m.media-amazon.com\/images\/I\/41-kCePPG7L._SL500_.jpg","datePublished":"2022-06-13T22:04:39+00:00","dateModified":"2023-04-11T02:02:02+00:00","description":"Markt-XXL FALKE M\u00e4dchen Active Warm K So Socken","breadcrumb":{"@id":"https:\/\/marktxxl.de\/markt\/produkt\/falke-maedchen-active-warm-k-so-socken\/#breadcrumb"},"inLanguage":"de","potentialAction":[{"@type":"ReadAction","target":["https:\/\/marktxxl.de\/markt\/produkt\/falke-maedchen-active-warm-k-so-socken\/"]}]},{"@type":"ImageObject","inLanguage":"de","@id":"https:\/\/marktxxl.de\/markt\/produkt\/falke-maedchen-active-warm-k-so-socken\/#primaryimage","url":"https:\/\/m.media-amazon.com\/images\/I\/41-kCePPG7L._SL500_.jpg","contentUrl":"https:\/\/m.media-amazon.com\/images\/I\/41-kCePPG7L._SL500_.jpg","width":417,"height":500},{"@type":"BreadcrumbList","@id":"https:\/\/marktxxl.de\/markt\/produkt\/falke-maedchen-active-warm-k-so-socken\/#breadcrumb","itemListElement":[{"@type":"ListItem","position":1,"name":"Startseite","item":"https:\/\/marktxxl.de\/markt\/"},{"@type":"ListItem","position":2,"name":"Markt","item":"https:\/\/marktxxl.de\/markt\/"},{"@type":"ListItem","position":3,"name":"FALKE M\u00e4dchen Active Warm K So Socken"}]},{"@type":"WebSite","@id":"https:\/\/marktxxl.de\/markt\/#website","url":"https:\/\/marktxxl.de\/markt\/","name":"Markt-XXL","description":"Ihr Markt Online","publisher":{"@id":"https:\/\/marktxxl.de\/markt\/#organization"},"potentialAction":[{"@type":"SearchAction","target":{"@type":"EntryPoint","urlTemplate":"https:\/\/marktxxl.de\/markt\/?s={search_term_string}"},"query-input":{"@type":"PropertyValueSpecification","valueRequired":true,"valueName":"search_term_string"}}],"inLanguage":"de"},{"@type":"Organization","@id":"https:\/\/marktxxl.de\/markt\/#organization","name":"Markt-XXL","url":"https:\/\/marktxxl.de\/markt\/","logo":{"@type":"ImageObject","inLanguage":"de","@id":"https:\/\/marktxxl.de\/markt\/#\/schema\/logo\/image\/","url":"https:\/\/marktxxl.de\/markt\/wp-content\/uploads\/sites\/3\/2020\/12\/logo.png","contentUrl":"https:\/\/marktxxl.de\/markt\/wp-content\/uploads\/sites\/3\/2020\/12\/logo.png","width":200,"height":70,"caption":"Markt-XXL"},"image":{"@id":"https:\/\/marktxxl.de\/markt\/#\/schema\/logo\/image\/"}}]}},"_links":{"self":[{"href":"https:\/\/marktxxl.de\/markt\/wp-json\/wp\/v2\/product\/128115","targetHints":{"allow":["GET"]}}],"collection":[{"href":"https:\/\/marktxxl.de\/markt\/wp-json\/wp\/v2\/product"}],"about":[{"href":"https:\/\/marktxxl.de\/markt\/wp-json\/wp\/v2\/types\/product"}],"replies":[{"embeddable":true,"href":"https:\/\/marktxxl.de\/markt\/wp-json\/wp\/v2\/comments?post=128115"}],"wp:featuredmedia":[{"embeddable":true,"href":"https:\/\/marktxxl.de\/markt\/wp-json\/wp\/v2\/media\/128116"}],"wp:attachment":[{"href":"https:\/\/marktxxl.de\/markt\/wp-json\/wp\/v2\/media?parent=128115"}],"wp:term":[{"taxonomy":"product_brand","embeddable":true,"href":"https:\/\/marktxxl.de\/markt\/wp-json\/wp\/v2\/product_brand?post=128115"},{"taxonomy":"product_cat","embeddable":true,"href":"https:\/\/marktxxl.de\/markt\/wp-json\/wp\/v2\/product_cat?post=128115"},{"taxonomy":"product_tag","embeddable":true,"href":"https:\/\/marktxxl.de\/markt\/wp-json\/wp\/v2\/product_tag?post=128115"}],"curies":[{"name":"wp","href":"https:\/\/api.w.org\/{rel}","templated":true}]}}