{"id":128105,"date":"2022-06-14T00:04:24","date_gmt":"2022-06-13T22:04:24","guid":{"rendered":"https:\/\/marktxxl.de\/markt\/produkt\/columbia-maedchen-heavenly-long-jacket-heavenly-long-jacket\/"},"modified":"2023-04-11T04:02:02","modified_gmt":"2023-04-11T02:02:02","slug":"columbia-maedchen-heavenly-long-jacket-heavenly-long-jacket","status":"publish","type":"product","link":"https:\/\/marktxxl.de\/markt\/produkt\/columbia-maedchen-heavenly-long-jacket-heavenly-long-jacket\/","title":{"rendered":"Columbia M\u00e4dchen Heavenly Long Jacket Heavenly Long Jacket"},"content":{"rendered":"<p>OMNI-HEAT: Unser patentiertes w\u00e4rmereflektierendes Futter bietet das ultimative Handw\u00e4rmermanagement f\u00fcr Outdoor-Leistung. Dieses Innenfutter besteht aus unserem metallischen Punktemuster, das entworfen wurde, um W\u00e4rme zu speichern, w\u00e4hrend das atmungsaktive Gewebe die Handfeuchtigkeit ableitet.<br \/>\nWarme, gesteppte Isolierung: Die Verwendung unserer Thermarator-Isolierung in einem Daunensteg bietet Flexibilit\u00e4t an den richtigen Stellen, bietet zus\u00e4tzliche Luft, vielseitige Passform und maximale W\u00e4rme und Genuss.<br \/>\nLange Passform: Diese wasserdichte Jacke f\u00fcr M\u00e4dchen verf\u00fcgt \u00fcber eine langlinige, klassische Passform f\u00fcr ultra bequeme W\u00e4rme und Schutz bei super kalten Ausfl\u00fcgen.<br \/>\nPraktische Eigenschaften: Diese Winterjacke ist austauschbar f\u00fcr Schichtungsoptionen, enth\u00e4lt eine pl\u00fcschige Fleece-gef\u00fctterte Kapuze und Kragen, einen Zwei-Wege-Front-Rei\u00dfverschluss f\u00fcr totale Anpassung, eine Sicherheitstasche, Rei\u00dfverschlusstaschen f\u00fcr die H\u00e4nde und Komfort-B\u00fcndchen.<br \/>\nLanglebig: Columbias Liebe zum Detail macht unsere Bekleidung einzigartig. Wir bieten nur die hochwertigsten Materialien, fachm\u00e4nnische N\u00e4hte und Handwerkskunst. Dies ist eine langlebige Jacke, die sie f\u00fcr die kommenden Jahreszeiten genie\u00dfen wird.<br \/>\n<div class=\"main-cross-sell\" data-asin=\"B0828KZD7V\">\n\n\t<div class=\"WooZone-cross-sell-loader\">\n\t\t<div>\n\t\t\t<div id=\"floatingBarsG\">\n\t\t\t\t<div class=\"blockG\" id=\"rotateG_01\"><\/div>\n\t\t\t\t<div class=\"blockG\" id=\"rotateG_02\"><\/div>\n\t\t\t\t<div class=\"blockG\" id=\"rotateG_03\"><\/div>\n\t\t\t\t<div class=\"blockG\" id=\"rotateG_04\"><\/div>\n\t\t\t\t<div class=\"blockG\" id=\"rotateG_05\"><\/div>\n\t\t\t\t<div class=\"blockG\" id=\"rotateG_06\"><\/div>\n\t\t\t\t<div class=\"blockG\" id=\"rotateG_07\"><\/div>\n\t\t\t\t<div class=\"blockG\" id=\"rotateG_08\"><\/div>\n\t\t\t<\/div>\n\t\t\t<div class=\"WooZone-cross-sell-loader-text\"><\/div>\n\t\t<\/div>\n\t<\/div>\n\n\t\t\n<\/div>\n<div style=\"clear:both;\"><\/div><\/p>\n","protected":false},"excerpt":{"rendered":"<p>OMNI-HEAT: Unser patentiertes w\u00e4rmereflektierendes Futter bietet das ultimative Handw\u00e4rmermanagement f\u00fcr Outdoor-Leistung. Dieses Innenfutter besteht aus unserem metallischen Punktemuster, das entworfen wurde, um W\u00e4rme zu speichern, w\u00e4hrend das atmungsaktive Gewebe die Handfeuchtigkeit ableitet.<br \/>\nWarme, gesteppte Isolierung: Die Verwendung unserer Thermarator-Isolierung in einem Daunensteg bietet Flexibilit\u00e4t an den richtigen Stellen, bietet zus\u00e4tzliche Luft, vielseitige Passform und maximale W\u00e4rme und Genuss.<br \/>\nLange Passform: Diese wasserdichte Jacke f\u00fcr M\u00e4dchen verf\u00fcgt \u00fcber eine langlinige, klassische Passform f\u00fcr ultra bequeme W\u00e4rme und Schutz bei super kalten Ausfl\u00fcgen.<\/p>\n","protected":false},"featured_media":128106,"comment_status":"open","ping_status":"closed","template":"","meta":[],"product_brand":[],"product_cat":[1186,3990],"product_tag":[],"class_list":{"0":"post-128105","1":"product","2":"type-product","3":"status-publish","4":"has-post-thumbnail","6":"product_cat-bekleidung","7":"product_cat-maedchen","8":"pa_binding-textilien","9":"pa_brand-columbia","10":"pa_manufacturer-columbia","11":"pa_model-36730","13":"first","14":"instock","15":"shipping-taxable","16":"purchasable","17":"product-type-simple","18":"customify-col","19":"product-has-gallery"},"yoast_head":"<!-- This site is optimized with the Yoast SEO plugin v27.3 - https:\/\/yoast.com\/product\/yoast-seo-wordpress\/ -->\n<title>Columbia M\u00e4dchen Heavenly Long Jacket Heavenly Long Jacket - Markt-XXL<\/title>\n<meta name=\"description\" content=\"Markt-XXL Columbia M\u00e4dchen Heavenly Long Jacket Heavenly Long Jacket\" \/>\n<meta name=\"robots\" content=\"index, follow, max-snippet:-1, max-image-preview:large, max-video-preview:-1\" \/>\n<link rel=\"canonical\" href=\"https:\/\/marktxxl.de\/markt\/produkt\/columbia-maedchen-heavenly-long-jacket-heavenly-long-jacket\/\" \/>\n<meta property=\"og:locale\" content=\"de_DE\" \/>\n<meta property=\"og:type\" content=\"article\" \/>\n<meta property=\"og:title\" content=\"Columbia M\u00e4dchen Heavenly Long Jacket Heavenly Long Jacket - Markt-XXL\" \/>\n<meta property=\"og:description\" content=\"Markt-XXL Columbia M\u00e4dchen Heavenly Long Jacket Heavenly Long Jacket\" \/>\n<meta property=\"og:url\" content=\"https:\/\/marktxxl.de\/markt\/produkt\/columbia-maedchen-heavenly-long-jacket-heavenly-long-jacket\/\" \/>\n<meta property=\"og:site_name\" content=\"Markt-XXL\" \/>\n<meta property=\"article:modified_time\" content=\"2023-04-11T02:02:02+00:00\" \/>\n<meta property=\"og:image\" content=\"https:\/\/m.media-amazon.com\/images\/I\/41Qlw3yIOSS._SL500_.jpg\" \/>\n\t<meta property=\"og:image:width\" content=\"476\" \/>\n\t<meta property=\"og:image:height\" content=\"500\" \/>\n\t<meta property=\"og:image:type\" content=\"image\/jpeg\" \/>\n<meta name=\"twitter:card\" content=\"summary_large_image\" \/>\n<meta name=\"twitter:label1\" content=\"Gesch\u00e4tzte Lesezeit\" \/>\n\t<meta name=\"twitter:data1\" content=\"1\u00a0Minute\" \/>\n<script type=\"application\/ld+json\" class=\"yoast-schema-graph\">{\"@context\":\"https:\\\/\\\/schema.org\",\"@graph\":[{\"@type\":\"WebPage\",\"@id\":\"https:\\\/\\\/marktxxl.de\\\/markt\\\/produkt\\\/columbia-maedchen-heavenly-long-jacket-heavenly-long-jacket\\\/\",\"url\":\"https:\\\/\\\/marktxxl.de\\\/markt\\\/produkt\\\/columbia-maedchen-heavenly-long-jacket-heavenly-long-jacket\\\/\",\"name\":\"Columbia M\u00e4dchen Heavenly Long Jacket Heavenly Long Jacket - Markt-XXL\",\"isPartOf\":{\"@id\":\"https:\\\/\\\/marktxxl.de\\\/markt\\\/#website\"},\"primaryImageOfPage\":{\"@id\":\"https:\\\/\\\/marktxxl.de\\\/markt\\\/produkt\\\/columbia-maedchen-heavenly-long-jacket-heavenly-long-jacket\\\/#primaryimage\"},\"image\":{\"@id\":\"https:\\\/\\\/marktxxl.de\\\/markt\\\/produkt\\\/columbia-maedchen-heavenly-long-jacket-heavenly-long-jacket\\\/#primaryimage\"},\"thumbnailUrl\":\"https:\\\/\\\/m.media-amazon.com\\\/images\\\/I\\\/41Qlw3yIOSS._SL500_.jpg\",\"datePublished\":\"2022-06-13T22:04:24+00:00\",\"dateModified\":\"2023-04-11T02:02:02+00:00\",\"description\":\"Markt-XXL Columbia M\u00e4dchen Heavenly Long Jacket Heavenly Long Jacket\",\"breadcrumb\":{\"@id\":\"https:\\\/\\\/marktxxl.de\\\/markt\\\/produkt\\\/columbia-maedchen-heavenly-long-jacket-heavenly-long-jacket\\\/#breadcrumb\"},\"inLanguage\":\"de\",\"potentialAction\":[{\"@type\":\"ReadAction\",\"target\":[\"https:\\\/\\\/marktxxl.de\\\/markt\\\/produkt\\\/columbia-maedchen-heavenly-long-jacket-heavenly-long-jacket\\\/\"]}]},{\"@type\":\"ImageObject\",\"inLanguage\":\"de\",\"@id\":\"https:\\\/\\\/marktxxl.de\\\/markt\\\/produkt\\\/columbia-maedchen-heavenly-long-jacket-heavenly-long-jacket\\\/#primaryimage\",\"url\":\"https:\\\/\\\/m.media-amazon.com\\\/images\\\/I\\\/41Qlw3yIOSS._SL500_.jpg\",\"contentUrl\":\"https:\\\/\\\/m.media-amazon.com\\\/images\\\/I\\\/41Qlw3yIOSS._SL500_.jpg\",\"width\":476,\"height\":500},{\"@type\":\"BreadcrumbList\",\"@id\":\"https:\\\/\\\/marktxxl.de\\\/markt\\\/produkt\\\/columbia-maedchen-heavenly-long-jacket-heavenly-long-jacket\\\/#breadcrumb\",\"itemListElement\":[{\"@type\":\"ListItem\",\"position\":1,\"name\":\"Startseite\",\"item\":\"https:\\\/\\\/marktxxl.de\\\/markt\\\/\"},{\"@type\":\"ListItem\",\"position\":2,\"name\":\"Markt\",\"item\":\"https:\\\/\\\/marktxxl.de\\\/markt\\\/\"},{\"@type\":\"ListItem\",\"position\":3,\"name\":\"Columbia M\u00e4dchen Heavenly Long Jacket Heavenly Long Jacket\"}]},{\"@type\":\"WebSite\",\"@id\":\"https:\\\/\\\/marktxxl.de\\\/markt\\\/#website\",\"url\":\"https:\\\/\\\/marktxxl.de\\\/markt\\\/\",\"name\":\"Markt-XXL\",\"description\":\"Ihr Markt Online\",\"publisher\":{\"@id\":\"https:\\\/\\\/marktxxl.de\\\/markt\\\/#organization\"},\"potentialAction\":[{\"@type\":\"SearchAction\",\"target\":{\"@type\":\"EntryPoint\",\"urlTemplate\":\"https:\\\/\\\/marktxxl.de\\\/markt\\\/?s={search_term_string}\"},\"query-input\":{\"@type\":\"PropertyValueSpecification\",\"valueRequired\":true,\"valueName\":\"search_term_string\"}}],\"inLanguage\":\"de\"},{\"@type\":\"Organization\",\"@id\":\"https:\\\/\\\/marktxxl.de\\\/markt\\\/#organization\",\"name\":\"Markt-XXL\",\"url\":\"https:\\\/\\\/marktxxl.de\\\/markt\\\/\",\"logo\":{\"@type\":\"ImageObject\",\"inLanguage\":\"de\",\"@id\":\"https:\\\/\\\/marktxxl.de\\\/markt\\\/#\\\/schema\\\/logo\\\/image\\\/\",\"url\":\"https:\\\/\\\/marktxxl.de\\\/markt\\\/wp-content\\\/uploads\\\/sites\\\/3\\\/2020\\\/12\\\/logo.png\",\"contentUrl\":\"https:\\\/\\\/marktxxl.de\\\/markt\\\/wp-content\\\/uploads\\\/sites\\\/3\\\/2020\\\/12\\\/logo.png\",\"width\":200,\"height\":70,\"caption\":\"Markt-XXL\"},\"image\":{\"@id\":\"https:\\\/\\\/marktxxl.de\\\/markt\\\/#\\\/schema\\\/logo\\\/image\\\/\"}}]}<\/script>\n<!-- \/ Yoast SEO plugin. -->","yoast_head_json":{"title":"Columbia M\u00e4dchen Heavenly Long Jacket Heavenly Long Jacket - Markt-XXL","description":"Markt-XXL Columbia M\u00e4dchen Heavenly Long Jacket Heavenly Long Jacket","robots":{"index":"index","follow":"follow","max-snippet":"max-snippet:-1","max-image-preview":"max-image-preview:large","max-video-preview":"max-video-preview:-1"},"canonical":"https:\/\/marktxxl.de\/markt\/produkt\/columbia-maedchen-heavenly-long-jacket-heavenly-long-jacket\/","og_locale":"de_DE","og_type":"article","og_title":"Columbia M\u00e4dchen Heavenly Long Jacket Heavenly Long Jacket - Markt-XXL","og_description":"Markt-XXL Columbia M\u00e4dchen Heavenly Long Jacket Heavenly Long Jacket","og_url":"https:\/\/marktxxl.de\/markt\/produkt\/columbia-maedchen-heavenly-long-jacket-heavenly-long-jacket\/","og_site_name":"Markt-XXL","article_modified_time":"2023-04-11T02:02:02+00:00","og_image":[{"width":476,"height":500,"url":"https:\/\/m.media-amazon.com\/images\/I\/41Qlw3yIOSS._SL500_.jpg","type":"image\/jpeg"}],"twitter_card":"summary_large_image","twitter_misc":{"Gesch\u00e4tzte Lesezeit":"1\u00a0Minute"},"schema":{"@context":"https:\/\/schema.org","@graph":[{"@type":"WebPage","@id":"https:\/\/marktxxl.de\/markt\/produkt\/columbia-maedchen-heavenly-long-jacket-heavenly-long-jacket\/","url":"https:\/\/marktxxl.de\/markt\/produkt\/columbia-maedchen-heavenly-long-jacket-heavenly-long-jacket\/","name":"Columbia M\u00e4dchen Heavenly Long Jacket Heavenly Long Jacket - Markt-XXL","isPartOf":{"@id":"https:\/\/marktxxl.de\/markt\/#website"},"primaryImageOfPage":{"@id":"https:\/\/marktxxl.de\/markt\/produkt\/columbia-maedchen-heavenly-long-jacket-heavenly-long-jacket\/#primaryimage"},"image":{"@id":"https:\/\/marktxxl.de\/markt\/produkt\/columbia-maedchen-heavenly-long-jacket-heavenly-long-jacket\/#primaryimage"},"thumbnailUrl":"https:\/\/m.media-amazon.com\/images\/I\/41Qlw3yIOSS._SL500_.jpg","datePublished":"2022-06-13T22:04:24+00:00","dateModified":"2023-04-11T02:02:02+00:00","description":"Markt-XXL Columbia M\u00e4dchen Heavenly Long Jacket Heavenly Long Jacket","breadcrumb":{"@id":"https:\/\/marktxxl.de\/markt\/produkt\/columbia-maedchen-heavenly-long-jacket-heavenly-long-jacket\/#breadcrumb"},"inLanguage":"de","potentialAction":[{"@type":"ReadAction","target":["https:\/\/marktxxl.de\/markt\/produkt\/columbia-maedchen-heavenly-long-jacket-heavenly-long-jacket\/"]}]},{"@type":"ImageObject","inLanguage":"de","@id":"https:\/\/marktxxl.de\/markt\/produkt\/columbia-maedchen-heavenly-long-jacket-heavenly-long-jacket\/#primaryimage","url":"https:\/\/m.media-amazon.com\/images\/I\/41Qlw3yIOSS._SL500_.jpg","contentUrl":"https:\/\/m.media-amazon.com\/images\/I\/41Qlw3yIOSS._SL500_.jpg","width":476,"height":500},{"@type":"BreadcrumbList","@id":"https:\/\/marktxxl.de\/markt\/produkt\/columbia-maedchen-heavenly-long-jacket-heavenly-long-jacket\/#breadcrumb","itemListElement":[{"@type":"ListItem","position":1,"name":"Startseite","item":"https:\/\/marktxxl.de\/markt\/"},{"@type":"ListItem","position":2,"name":"Markt","item":"https:\/\/marktxxl.de\/markt\/"},{"@type":"ListItem","position":3,"name":"Columbia M\u00e4dchen Heavenly Long Jacket Heavenly Long Jacket"}]},{"@type":"WebSite","@id":"https:\/\/marktxxl.de\/markt\/#website","url":"https:\/\/marktxxl.de\/markt\/","name":"Markt-XXL","description":"Ihr Markt Online","publisher":{"@id":"https:\/\/marktxxl.de\/markt\/#organization"},"potentialAction":[{"@type":"SearchAction","target":{"@type":"EntryPoint","urlTemplate":"https:\/\/marktxxl.de\/markt\/?s={search_term_string}"},"query-input":{"@type":"PropertyValueSpecification","valueRequired":true,"valueName":"search_term_string"}}],"inLanguage":"de"},{"@type":"Organization","@id":"https:\/\/marktxxl.de\/markt\/#organization","name":"Markt-XXL","url":"https:\/\/marktxxl.de\/markt\/","logo":{"@type":"ImageObject","inLanguage":"de","@id":"https:\/\/marktxxl.de\/markt\/#\/schema\/logo\/image\/","url":"https:\/\/marktxxl.de\/markt\/wp-content\/uploads\/sites\/3\/2020\/12\/logo.png","contentUrl":"https:\/\/marktxxl.de\/markt\/wp-content\/uploads\/sites\/3\/2020\/12\/logo.png","width":200,"height":70,"caption":"Markt-XXL"},"image":{"@id":"https:\/\/marktxxl.de\/markt\/#\/schema\/logo\/image\/"}}]}},"_links":{"self":[{"href":"https:\/\/marktxxl.de\/markt\/wp-json\/wp\/v2\/product\/128105","targetHints":{"allow":["GET"]}}],"collection":[{"href":"https:\/\/marktxxl.de\/markt\/wp-json\/wp\/v2\/product"}],"about":[{"href":"https:\/\/marktxxl.de\/markt\/wp-json\/wp\/v2\/types\/product"}],"replies":[{"embeddable":true,"href":"https:\/\/marktxxl.de\/markt\/wp-json\/wp\/v2\/comments?post=128105"}],"wp:featuredmedia":[{"embeddable":true,"href":"https:\/\/marktxxl.de\/markt\/wp-json\/wp\/v2\/media\/128106"}],"wp:attachment":[{"href":"https:\/\/marktxxl.de\/markt\/wp-json\/wp\/v2\/media?parent=128105"}],"wp:term":[{"taxonomy":"product_brand","embeddable":true,"href":"https:\/\/marktxxl.de\/markt\/wp-json\/wp\/v2\/product_brand?post=128105"},{"taxonomy":"product_cat","embeddable":true,"href":"https:\/\/marktxxl.de\/markt\/wp-json\/wp\/v2\/product_cat?post=128105"},{"taxonomy":"product_tag","embeddable":true,"href":"https:\/\/marktxxl.de\/markt\/wp-json\/wp\/v2\/product_tag?post=128105"}],"curies":[{"name":"wp","href":"https:\/\/api.w.org\/{rel}","templated":true}]}}