{"id":128068,"date":"2022-06-14T00:01:51","date_gmt":"2022-06-13T22:01:51","guid":{"rendered":"https:\/\/marktxxl.de\/markt\/produkt\/schlafanzug-fuer-maedchen-minnie-maus-design-fuer-kinder-im-alter-von-12-monaten-bis-6-jahren\/"},"modified":"2023-04-11T04:02:01","modified_gmt":"2023-04-11T02:02:01","slug":"schlafanzug-fuer-maedchen-minnie-maus-design-fuer-kinder-im-alter-von-12-monaten-bis-6-jahren","status":"publish","type":"product","link":"https:\/\/marktxxl.de\/markt\/produkt\/schlafanzug-fuer-maedchen-minnie-maus-design-fuer-kinder-im-alter-von-12-monaten-bis-6-jahren\/","title":{"rendered":"Schlafanzug f\u00fcr M\u00e4dchen, Minnie-Maus-Design, f\u00fcr Kinder im Alter von 12 Monaten bis 6 Jahren"},"content":{"rendered":"<p>Disney Minnie Mouse M\u00e4dchen Kurz Schlafanzug &#8211; Dieser Minnie Mouse Schlafanzug f\u00fcr Kleinkinder und M\u00e4dchen verf\u00fcgt \u00fcber einen sch\u00f6nen Druck von Minnie Maus mit ihrem niedlichen gepunkteten Outfit und Fliege. Mit einem rundum gepunkteten Print auf den Pyjama-Shorts sind diese Schlafanz\u00fcge f\u00fcr kleine M\u00e4dchen niedlich \u00fcberladen<br \/>\nPremium-Qualit\u00e4t \u2013 diese Disney-Pyjama f\u00fcr M\u00e4dchen sind aus 100 % weicher Baumwolle ohne die Sublimations-Frontplatte des T-Shirts. Sie sind weiche und gem\u00fctliche Pyjamas f\u00fcr jeden Minnie Mouse Fan, sorgen f\u00fcr einen angenehmen Schlaf f\u00fcr das Kind<br \/>\nVerf\u00fcgbare Gr\u00f6\u00dfen \u2013 Diese Minnie Schlafanz\u00fcge f\u00fcr M\u00e4dchen sind in einer Reihe von Gr\u00f6\u00dfen erh\u00e4ltlich: 12\u201318 Monate, 18\u201324 Monate, 2\u20133 Jahre, 3\u20134 Jahre, 4\u20135 Jahre und 5\u20136 Jahre. Egal ob Winter oder Sommer, dieser Kleinkind-Pyjama ist ideal f\u00fcr jeden Disney-Fan.<br \/>\nOffizielles Lizenzprodukt \u2013 Dieser Minnie Mouse Schlafanzug ist offiziell lizenziertes Disney-Produkt mit Authentizit\u00e4tsanh\u00e4ngern<br \/>\n<div class=\"main-cross-sell\" data-asin=\"B0933RN13B\">\n\n\t<div class=\"WooZone-cross-sell-loader\">\n\t\t<div>\n\t\t\t<div id=\"floatingBarsG\">\n\t\t\t\t<div class=\"blockG\" id=\"rotateG_01\"><\/div>\n\t\t\t\t<div class=\"blockG\" id=\"rotateG_02\"><\/div>\n\t\t\t\t<div class=\"blockG\" id=\"rotateG_03\"><\/div>\n\t\t\t\t<div class=\"blockG\" id=\"rotateG_04\"><\/div>\n\t\t\t\t<div class=\"blockG\" id=\"rotateG_05\"><\/div>\n\t\t\t\t<div class=\"blockG\" id=\"rotateG_06\"><\/div>\n\t\t\t\t<div class=\"blockG\" id=\"rotateG_07\"><\/div>\n\t\t\t\t<div class=\"blockG\" id=\"rotateG_08\"><\/div>\n\t\t\t<\/div>\n\t\t\t<div class=\"WooZone-cross-sell-loader-text\"><\/div>\n\t\t<\/div>\n\t<\/div>\n\n\t\t\n<\/div>\n<div style=\"clear:both;\"><\/div><\/p>\n","protected":false},"excerpt":{"rendered":"<p>Disney Minnie Mouse M\u00e4dchen Kurz Schlafanzug &#8211; Dieser Minnie Mouse Schlafanzug f\u00fcr Kleinkinder und M\u00e4dchen verf\u00fcgt \u00fcber einen sch\u00f6nen Druck von Minnie Maus mit ihrem niedlichen gepunkteten Outfit und Fliege. Mit einem rundum gepunkteten Print auf den Pyjama-Shorts sind diese Schlafanz\u00fcge f\u00fcr kleine M\u00e4dchen niedlich \u00fcberladen<br \/>\nPremium-Qualit\u00e4t \u2013 diese Disney-Pyjama f\u00fcr M\u00e4dchen sind aus 100 % weicher Baumwolle ohne die Sublimations-Frontplatte des T-Shirts. Sie sind weiche und gem\u00fctliche Pyjamas f\u00fcr jeden Minnie Mouse Fan, sorgen f\u00fcr einen angenehmen Schlaf f\u00fcr das Kind<br \/>\nVerf\u00fcgbare Gr\u00f6\u00dfen \u2013 Diese Minnie Schlafanz\u00fcge f\u00fcr M\u00e4dchen sind in einer Reihe von Gr\u00f6\u00dfen erh\u00e4ltlich: 12\u201318 Monate, 18\u201324 Monate, 2\u20133 Jahre, 3\u20134 Jahre, 4\u20135 Jahre und 5\u20136 Jahre. Egal ob Winter oder Sommer, dieser Kleinkind-Pyjama ist ideal f\u00fcr jeden Disney-Fan.<\/p>\n","protected":false},"featured_media":128069,"comment_status":"open","ping_status":"closed","template":"","meta":[],"product_brand":[],"product_cat":[1186,3990],"product_tag":[],"class_list":{"0":"post-128068","1":"product","2":"type-product","3":"status-publish","4":"has-post-thumbnail","6":"product_cat-bekleidung","7":"product_cat-maedchen","8":"pa_brand-disney","9":"pa_color-weiss","11":"first","12":"instock","13":"shipping-taxable","14":"purchasable","15":"product-type-simple","16":"customify-col","17":"product-has-gallery"},"yoast_head":"<!-- This site is optimized with the Yoast SEO plugin v27.3 - https:\/\/yoast.com\/product\/yoast-seo-wordpress\/ -->\n<title>Schlafanzug f\u00fcr M\u00e4dchen, Minnie-Maus-Design, f\u00fcr Kinder im Alter von 12 Monaten bis 6 Jahren - Markt-XXL<\/title>\n<meta name=\"description\" content=\"Markt-XXL Schlafanzug f\u00fcr M\u00e4dchen, Minnie-Maus-Design, f\u00fcr Kinder im Alter von 12 Monaten bis 6 Jahren\" \/>\n<meta name=\"robots\" content=\"index, follow, max-snippet:-1, max-image-preview:large, max-video-preview:-1\" \/>\n<link rel=\"canonical\" href=\"https:\/\/marktxxl.de\/markt\/produkt\/schlafanzug-fuer-maedchen-minnie-maus-design-fuer-kinder-im-alter-von-12-monaten-bis-6-jahren\/\" \/>\n<meta property=\"og:locale\" content=\"de_DE\" \/>\n<meta property=\"og:type\" content=\"article\" \/>\n<meta property=\"og:title\" content=\"Schlafanzug f\u00fcr M\u00e4dchen, Minnie-Maus-Design, f\u00fcr Kinder im Alter von 12 Monaten bis 6 Jahren - Markt-XXL\" \/>\n<meta property=\"og:description\" content=\"Markt-XXL Schlafanzug f\u00fcr M\u00e4dchen, Minnie-Maus-Design, f\u00fcr Kinder im Alter von 12 Monaten bis 6 Jahren\" \/>\n<meta property=\"og:url\" content=\"https:\/\/marktxxl.de\/markt\/produkt\/schlafanzug-fuer-maedchen-minnie-maus-design-fuer-kinder-im-alter-von-12-monaten-bis-6-jahren\/\" \/>\n<meta property=\"og:site_name\" content=\"Markt-XXL\" \/>\n<meta property=\"article:modified_time\" content=\"2023-04-11T02:02:01+00:00\" \/>\n<meta property=\"og:image\" content=\"https:\/\/m.media-amazon.com\/images\/I\/51C1iHTzhZS._SL500_.jpg\" \/>\n\t<meta property=\"og:image:width\" content=\"500\" \/>\n\t<meta property=\"og:image:height\" content=\"457\" \/>\n\t<meta property=\"og:image:type\" content=\"image\/jpeg\" \/>\n<meta name=\"twitter:card\" content=\"summary_large_image\" \/>\n<meta name=\"twitter:label1\" content=\"Gesch\u00e4tzte Lesezeit\" \/>\n\t<meta name=\"twitter:data1\" content=\"1\u00a0Minute\" \/>\n<script type=\"application\/ld+json\" class=\"yoast-schema-graph\">{\"@context\":\"https:\\\/\\\/schema.org\",\"@graph\":[{\"@type\":\"WebPage\",\"@id\":\"https:\\\/\\\/marktxxl.de\\\/markt\\\/produkt\\\/schlafanzug-fuer-maedchen-minnie-maus-design-fuer-kinder-im-alter-von-12-monaten-bis-6-jahren\\\/\",\"url\":\"https:\\\/\\\/marktxxl.de\\\/markt\\\/produkt\\\/schlafanzug-fuer-maedchen-minnie-maus-design-fuer-kinder-im-alter-von-12-monaten-bis-6-jahren\\\/\",\"name\":\"Schlafanzug f\u00fcr M\u00e4dchen, Minnie-Maus-Design, f\u00fcr Kinder im Alter von 12 Monaten bis 6 Jahren - Markt-XXL\",\"isPartOf\":{\"@id\":\"https:\\\/\\\/marktxxl.de\\\/markt\\\/#website\"},\"primaryImageOfPage\":{\"@id\":\"https:\\\/\\\/marktxxl.de\\\/markt\\\/produkt\\\/schlafanzug-fuer-maedchen-minnie-maus-design-fuer-kinder-im-alter-von-12-monaten-bis-6-jahren\\\/#primaryimage\"},\"image\":{\"@id\":\"https:\\\/\\\/marktxxl.de\\\/markt\\\/produkt\\\/schlafanzug-fuer-maedchen-minnie-maus-design-fuer-kinder-im-alter-von-12-monaten-bis-6-jahren\\\/#primaryimage\"},\"thumbnailUrl\":\"https:\\\/\\\/m.media-amazon.com\\\/images\\\/I\\\/51C1iHTzhZS._SL500_.jpg\",\"datePublished\":\"2022-06-13T22:01:51+00:00\",\"dateModified\":\"2023-04-11T02:02:01+00:00\",\"description\":\"Markt-XXL Schlafanzug f\u00fcr M\u00e4dchen, Minnie-Maus-Design, f\u00fcr Kinder im Alter von 12 Monaten bis 6 Jahren\",\"breadcrumb\":{\"@id\":\"https:\\\/\\\/marktxxl.de\\\/markt\\\/produkt\\\/schlafanzug-fuer-maedchen-minnie-maus-design-fuer-kinder-im-alter-von-12-monaten-bis-6-jahren\\\/#breadcrumb\"},\"inLanguage\":\"de\",\"potentialAction\":[{\"@type\":\"ReadAction\",\"target\":[\"https:\\\/\\\/marktxxl.de\\\/markt\\\/produkt\\\/schlafanzug-fuer-maedchen-minnie-maus-design-fuer-kinder-im-alter-von-12-monaten-bis-6-jahren\\\/\"]}]},{\"@type\":\"ImageObject\",\"inLanguage\":\"de\",\"@id\":\"https:\\\/\\\/marktxxl.de\\\/markt\\\/produkt\\\/schlafanzug-fuer-maedchen-minnie-maus-design-fuer-kinder-im-alter-von-12-monaten-bis-6-jahren\\\/#primaryimage\",\"url\":\"https:\\\/\\\/m.media-amazon.com\\\/images\\\/I\\\/51C1iHTzhZS._SL500_.jpg\",\"contentUrl\":\"https:\\\/\\\/m.media-amazon.com\\\/images\\\/I\\\/51C1iHTzhZS._SL500_.jpg\",\"width\":500,\"height\":457},{\"@type\":\"BreadcrumbList\",\"@id\":\"https:\\\/\\\/marktxxl.de\\\/markt\\\/produkt\\\/schlafanzug-fuer-maedchen-minnie-maus-design-fuer-kinder-im-alter-von-12-monaten-bis-6-jahren\\\/#breadcrumb\",\"itemListElement\":[{\"@type\":\"ListItem\",\"position\":1,\"name\":\"Startseite\",\"item\":\"https:\\\/\\\/marktxxl.de\\\/markt\\\/\"},{\"@type\":\"ListItem\",\"position\":2,\"name\":\"Markt\",\"item\":\"https:\\\/\\\/marktxxl.de\\\/markt\\\/\"},{\"@type\":\"ListItem\",\"position\":3,\"name\":\"Schlafanzug f\u00fcr M\u00e4dchen, Minnie-Maus-Design, f\u00fcr Kinder im Alter von 12 Monaten bis 6 Jahren\"}]},{\"@type\":\"WebSite\",\"@id\":\"https:\\\/\\\/marktxxl.de\\\/markt\\\/#website\",\"url\":\"https:\\\/\\\/marktxxl.de\\\/markt\\\/\",\"name\":\"Markt-XXL\",\"description\":\"Ihr Markt Online\",\"publisher\":{\"@id\":\"https:\\\/\\\/marktxxl.de\\\/markt\\\/#organization\"},\"potentialAction\":[{\"@type\":\"SearchAction\",\"target\":{\"@type\":\"EntryPoint\",\"urlTemplate\":\"https:\\\/\\\/marktxxl.de\\\/markt\\\/?s={search_term_string}\"},\"query-input\":{\"@type\":\"PropertyValueSpecification\",\"valueRequired\":true,\"valueName\":\"search_term_string\"}}],\"inLanguage\":\"de\"},{\"@type\":\"Organization\",\"@id\":\"https:\\\/\\\/marktxxl.de\\\/markt\\\/#organization\",\"name\":\"Markt-XXL\",\"url\":\"https:\\\/\\\/marktxxl.de\\\/markt\\\/\",\"logo\":{\"@type\":\"ImageObject\",\"inLanguage\":\"de\",\"@id\":\"https:\\\/\\\/marktxxl.de\\\/markt\\\/#\\\/schema\\\/logo\\\/image\\\/\",\"url\":\"https:\\\/\\\/marktxxl.de\\\/markt\\\/wp-content\\\/uploads\\\/sites\\\/3\\\/2020\\\/12\\\/logo.png\",\"contentUrl\":\"https:\\\/\\\/marktxxl.de\\\/markt\\\/wp-content\\\/uploads\\\/sites\\\/3\\\/2020\\\/12\\\/logo.png\",\"width\":200,\"height\":70,\"caption\":\"Markt-XXL\"},\"image\":{\"@id\":\"https:\\\/\\\/marktxxl.de\\\/markt\\\/#\\\/schema\\\/logo\\\/image\\\/\"}}]}<\/script>\n<!-- \/ Yoast SEO plugin. -->","yoast_head_json":{"title":"Schlafanzug f\u00fcr M\u00e4dchen, Minnie-Maus-Design, f\u00fcr Kinder im Alter von 12 Monaten bis 6 Jahren - Markt-XXL","description":"Markt-XXL Schlafanzug f\u00fcr M\u00e4dchen, Minnie-Maus-Design, f\u00fcr Kinder im Alter von 12 Monaten bis 6 Jahren","robots":{"index":"index","follow":"follow","max-snippet":"max-snippet:-1","max-image-preview":"max-image-preview:large","max-video-preview":"max-video-preview:-1"},"canonical":"https:\/\/marktxxl.de\/markt\/produkt\/schlafanzug-fuer-maedchen-minnie-maus-design-fuer-kinder-im-alter-von-12-monaten-bis-6-jahren\/","og_locale":"de_DE","og_type":"article","og_title":"Schlafanzug f\u00fcr M\u00e4dchen, Minnie-Maus-Design, f\u00fcr Kinder im Alter von 12 Monaten bis 6 Jahren - Markt-XXL","og_description":"Markt-XXL Schlafanzug f\u00fcr M\u00e4dchen, Minnie-Maus-Design, f\u00fcr Kinder im Alter von 12 Monaten bis 6 Jahren","og_url":"https:\/\/marktxxl.de\/markt\/produkt\/schlafanzug-fuer-maedchen-minnie-maus-design-fuer-kinder-im-alter-von-12-monaten-bis-6-jahren\/","og_site_name":"Markt-XXL","article_modified_time":"2023-04-11T02:02:01+00:00","og_image":[{"width":500,"height":457,"url":"https:\/\/m.media-amazon.com\/images\/I\/51C1iHTzhZS._SL500_.jpg","type":"image\/jpeg"}],"twitter_card":"summary_large_image","twitter_misc":{"Gesch\u00e4tzte Lesezeit":"1\u00a0Minute"},"schema":{"@context":"https:\/\/schema.org","@graph":[{"@type":"WebPage","@id":"https:\/\/marktxxl.de\/markt\/produkt\/schlafanzug-fuer-maedchen-minnie-maus-design-fuer-kinder-im-alter-von-12-monaten-bis-6-jahren\/","url":"https:\/\/marktxxl.de\/markt\/produkt\/schlafanzug-fuer-maedchen-minnie-maus-design-fuer-kinder-im-alter-von-12-monaten-bis-6-jahren\/","name":"Schlafanzug f\u00fcr M\u00e4dchen, Minnie-Maus-Design, f\u00fcr Kinder im Alter von 12 Monaten bis 6 Jahren - Markt-XXL","isPartOf":{"@id":"https:\/\/marktxxl.de\/markt\/#website"},"primaryImageOfPage":{"@id":"https:\/\/marktxxl.de\/markt\/produkt\/schlafanzug-fuer-maedchen-minnie-maus-design-fuer-kinder-im-alter-von-12-monaten-bis-6-jahren\/#primaryimage"},"image":{"@id":"https:\/\/marktxxl.de\/markt\/produkt\/schlafanzug-fuer-maedchen-minnie-maus-design-fuer-kinder-im-alter-von-12-monaten-bis-6-jahren\/#primaryimage"},"thumbnailUrl":"https:\/\/m.media-amazon.com\/images\/I\/51C1iHTzhZS._SL500_.jpg","datePublished":"2022-06-13T22:01:51+00:00","dateModified":"2023-04-11T02:02:01+00:00","description":"Markt-XXL Schlafanzug f\u00fcr M\u00e4dchen, Minnie-Maus-Design, f\u00fcr Kinder im Alter von 12 Monaten bis 6 Jahren","breadcrumb":{"@id":"https:\/\/marktxxl.de\/markt\/produkt\/schlafanzug-fuer-maedchen-minnie-maus-design-fuer-kinder-im-alter-von-12-monaten-bis-6-jahren\/#breadcrumb"},"inLanguage":"de","potentialAction":[{"@type":"ReadAction","target":["https:\/\/marktxxl.de\/markt\/produkt\/schlafanzug-fuer-maedchen-minnie-maus-design-fuer-kinder-im-alter-von-12-monaten-bis-6-jahren\/"]}]},{"@type":"ImageObject","inLanguage":"de","@id":"https:\/\/marktxxl.de\/markt\/produkt\/schlafanzug-fuer-maedchen-minnie-maus-design-fuer-kinder-im-alter-von-12-monaten-bis-6-jahren\/#primaryimage","url":"https:\/\/m.media-amazon.com\/images\/I\/51C1iHTzhZS._SL500_.jpg","contentUrl":"https:\/\/m.media-amazon.com\/images\/I\/51C1iHTzhZS._SL500_.jpg","width":500,"height":457},{"@type":"BreadcrumbList","@id":"https:\/\/marktxxl.de\/markt\/produkt\/schlafanzug-fuer-maedchen-minnie-maus-design-fuer-kinder-im-alter-von-12-monaten-bis-6-jahren\/#breadcrumb","itemListElement":[{"@type":"ListItem","position":1,"name":"Startseite","item":"https:\/\/marktxxl.de\/markt\/"},{"@type":"ListItem","position":2,"name":"Markt","item":"https:\/\/marktxxl.de\/markt\/"},{"@type":"ListItem","position":3,"name":"Schlafanzug f\u00fcr M\u00e4dchen, Minnie-Maus-Design, f\u00fcr Kinder im Alter von 12 Monaten bis 6 Jahren"}]},{"@type":"WebSite","@id":"https:\/\/marktxxl.de\/markt\/#website","url":"https:\/\/marktxxl.de\/markt\/","name":"Markt-XXL","description":"Ihr Markt Online","publisher":{"@id":"https:\/\/marktxxl.de\/markt\/#organization"},"potentialAction":[{"@type":"SearchAction","target":{"@type":"EntryPoint","urlTemplate":"https:\/\/marktxxl.de\/markt\/?s={search_term_string}"},"query-input":{"@type":"PropertyValueSpecification","valueRequired":true,"valueName":"search_term_string"}}],"inLanguage":"de"},{"@type":"Organization","@id":"https:\/\/marktxxl.de\/markt\/#organization","name":"Markt-XXL","url":"https:\/\/marktxxl.de\/markt\/","logo":{"@type":"ImageObject","inLanguage":"de","@id":"https:\/\/marktxxl.de\/markt\/#\/schema\/logo\/image\/","url":"https:\/\/marktxxl.de\/markt\/wp-content\/uploads\/sites\/3\/2020\/12\/logo.png","contentUrl":"https:\/\/marktxxl.de\/markt\/wp-content\/uploads\/sites\/3\/2020\/12\/logo.png","width":200,"height":70,"caption":"Markt-XXL"},"image":{"@id":"https:\/\/marktxxl.de\/markt\/#\/schema\/logo\/image\/"}}]}},"_links":{"self":[{"href":"https:\/\/marktxxl.de\/markt\/wp-json\/wp\/v2\/product\/128068","targetHints":{"allow":["GET"]}}],"collection":[{"href":"https:\/\/marktxxl.de\/markt\/wp-json\/wp\/v2\/product"}],"about":[{"href":"https:\/\/marktxxl.de\/markt\/wp-json\/wp\/v2\/types\/product"}],"replies":[{"embeddable":true,"href":"https:\/\/marktxxl.de\/markt\/wp-json\/wp\/v2\/comments?post=128068"}],"wp:featuredmedia":[{"embeddable":true,"href":"https:\/\/marktxxl.de\/markt\/wp-json\/wp\/v2\/media\/128069"}],"wp:attachment":[{"href":"https:\/\/marktxxl.de\/markt\/wp-json\/wp\/v2\/media?parent=128068"}],"wp:term":[{"taxonomy":"product_brand","embeddable":true,"href":"https:\/\/marktxxl.de\/markt\/wp-json\/wp\/v2\/product_brand?post=128068"},{"taxonomy":"product_cat","embeddable":true,"href":"https:\/\/marktxxl.de\/markt\/wp-json\/wp\/v2\/product_cat?post=128068"},{"taxonomy":"product_tag","embeddable":true,"href":"https:\/\/marktxxl.de\/markt\/wp-json\/wp\/v2\/product_tag?post=128068"}],"curies":[{"name":"wp","href":"https:\/\/api.w.org\/{rel}","templated":true}]}}