{"id":127981,"date":"2022-06-13T23:55:54","date_gmt":"2022-06-13T21:55:54","guid":{"rendered":"https:\/\/marktxxl.de\/markt\/produkt\/sportneer-kurze-sporthose-damen-atmungsaktive-radlerhose-kurz-hohe-taille-laufhose-gym-yoga-shorts-mit-taschen-s-xxl\/"},"modified":"2023-04-11T04:00:51","modified_gmt":"2023-04-11T02:00:51","slug":"sportneer-kurze-sporthose-damen-atmungsaktive-radlerhose-kurz-hohe-taille-laufhose-gym-yoga-shorts-mit-taschen-s-xxl","status":"publish","type":"product","link":"https:\/\/marktxxl.de\/markt\/produkt\/sportneer-kurze-sporthose-damen-atmungsaktive-radlerhose-kurz-hohe-taille-laufhose-gym-yoga-shorts-mit-taschen-s-xxl\/","title":{"rendered":"Sportneer Radlerhose Damen Kurze Sporthose 7&#8243; Kurze Leggings Damen Gym Shorts High Waist Sporthose Kurz Biker Shorts"},"content":{"rendered":"<p>Erstellen Sie sch\u00f6ne Kurve: Die Kurve des Ges\u00e4\u00dfes von Shorts ist der hohen Taille Design, die eine sch\u00f6ne Ges\u00e4\u00df Kurve formen kann, breite Taille Design kann besser die Taille formen und zeigen die perfekte Kurve.<br \/>\nStoff f\u00fcr Sport: 77% Nylon + 23% Polyester, Upgrade-Stoff f\u00fcr mehr Komfort. Professionelle 4-Wege-elastisches Gewebe, reduzieren die Reibung und Abrieb auf der Haut. Schnell trocknend, antibakteriell, Geruchsreduzierend, den ganzen Tag Komfort. Geeignet f\u00fcr Laufen, Radfahren, Yoga, Fitnessstudio, t\u00e4gliches Leben.<br \/>\nTaschen Design: Es bieten 2 gro\u00dfe Taschen in den beiden Seiten von Shorts , um Ihre Schl\u00fcssel oder Wertsachen darin zu stecken. Die Sportneer Frauen Yoga Shorts wird Ihre perfekte sein.<br \/>\nKomfortable Crotch Design: Flat-Lock-N\u00e4hte, um Reizungen zu reduzieren und f\u00fcr mehr Freiheit, Komfort und Tragbarkeit zu erm\u00f6glichen. Au\u00dferdem, unsere Frauen Spandex Shorts bestanden Hocke Test; perfekt f\u00fcr Yoga, Laufen, Wandern, \u00dcbung, Fitness, jede Art von Training, oder jeden Tag tragen.<br \/>\n100 % Kundenzufriedenheitsgarantie: Wir bieten die besten Stoffe und den besten Service. Wenn Sie irgendwelche Probleme mit unseren Yoga-Shorts haben, k\u00f6nnen Sie uns gerne kontaktieren.<br \/>\n<div class=\"main-cross-sell\" data-asin=\"B099ZBSTFP\">\n\n\t<div class=\"WooZone-cross-sell-loader\">\n\t\t<div>\n\t\t\t<div id=\"floatingBarsG\">\n\t\t\t\t<div class=\"blockG\" id=\"rotateG_01\"><\/div>\n\t\t\t\t<div class=\"blockG\" id=\"rotateG_02\"><\/div>\n\t\t\t\t<div class=\"blockG\" id=\"rotateG_03\"><\/div>\n\t\t\t\t<div class=\"blockG\" id=\"rotateG_04\"><\/div>\n\t\t\t\t<div class=\"blockG\" id=\"rotateG_05\"><\/div>\n\t\t\t\t<div class=\"blockG\" id=\"rotateG_06\"><\/div>\n\t\t\t\t<div class=\"blockG\" id=\"rotateG_07\"><\/div>\n\t\t\t\t<div class=\"blockG\" id=\"rotateG_08\"><\/div>\n\t\t\t<\/div>\n\t\t\t<div class=\"WooZone-cross-sell-loader-text\"><\/div>\n\t\t<\/div>\n\t<\/div>\n\n\t\t\n<\/div>\n<div style=\"clear:both;\"><\/div><\/p>\n","protected":false},"excerpt":{"rendered":"<p>Erstellen Sie sch\u00f6ne Kurve: Die Kurve des Ges\u00e4\u00dfes von Shorts ist der hohen Taille Design, die eine sch\u00f6ne Ges\u00e4\u00df Kurve formen kann, breite Taille Design kann besser die Taille formen und zeigen die perfekte Kurve.<br \/>\nStoff f\u00fcr Sport: 77% Nylon + 23% Polyester, Upgrade-Stoff f\u00fcr mehr Komfort. Professionelle 4-Wege-elastisches Gewebe, reduzieren die Reibung und Abrieb auf der Haut. Schnell trocknend, antibakteriell, Geruchsreduzierend, den ganzen Tag Komfort. Geeignet f\u00fcr Laufen, Radfahren, Yoga, Fitnessstudio, t\u00e4gliches Leben.<br \/>\nTaschen Design: Es bieten 2 gro\u00dfe Taschen in den beiden Seiten von Shorts , um Ihre Schl\u00fcssel oder Wertsachen darin zu stecken. Die Sportneer Frauen Yoga Shorts wird Ihre perfekte sein.<\/p>\n","protected":false},"featured_media":127982,"comment_status":"open","ping_status":"closed","template":"","meta":[],"product_brand":[],"product_cat":[1186,3920],"product_tag":[],"class_list":{"0":"post-127981","1":"product","2":"type-product","3":"status-publish","4":"has-post-thumbnail","6":"product_cat-bekleidung","7":"product_cat-damen","8":"pa_binding-textilien","9":"pa_brand-sportneer","10":"pa_color-schwarz","11":"pa_manufacturer-sportneer","13":"first","14":"instock","15":"shipping-taxable","16":"purchasable","17":"product-type-simple","18":"customify-col","19":"product-has-gallery"},"yoast_head":"<!-- This site is optimized with the Yoast SEO plugin v27.4 - https:\/\/yoast.com\/product\/yoast-seo-wordpress\/ -->\n<title>Sportneer Radlerhose Damen Kurze Sporthose 7&quot; Kurze Leggings Damen Gym Shorts High Waist Sporthose Kurz Biker Shorts - Markt-XXL<\/title>\n<meta name=\"description\" content=\"Markt-XXL Sportneer Radlerhose Damen Kurze Sporthose 7&quot; Kurze Leggings Damen Gym Shorts High Waist Sporthose Kurz Biker Shorts\" \/>\n<meta name=\"robots\" content=\"index, follow, max-snippet:-1, max-image-preview:large, max-video-preview:-1\" \/>\n<link rel=\"canonical\" href=\"https:\/\/marktxxl.de\/markt\/produkt\/sportneer-kurze-sporthose-damen-atmungsaktive-radlerhose-kurz-hohe-taille-laufhose-gym-yoga-shorts-mit-taschen-s-xxl\/\" \/>\n<meta property=\"og:locale\" content=\"de_DE\" \/>\n<meta property=\"og:type\" content=\"article\" \/>\n<meta property=\"og:title\" content=\"Sportneer Radlerhose Damen Kurze Sporthose 7&quot; Kurze Leggings Damen Gym Shorts High Waist Sporthose Kurz Biker Shorts - Markt-XXL\" \/>\n<meta property=\"og:description\" content=\"Markt-XXL Sportneer Radlerhose Damen Kurze Sporthose 7&quot; Kurze Leggings Damen Gym Shorts High Waist Sporthose Kurz Biker Shorts\" \/>\n<meta property=\"og:url\" content=\"https:\/\/marktxxl.de\/markt\/produkt\/sportneer-kurze-sporthose-damen-atmungsaktive-radlerhose-kurz-hohe-taille-laufhose-gym-yoga-shorts-mit-taschen-s-xxl\/\" \/>\n<meta property=\"og:site_name\" content=\"Markt-XXL\" \/>\n<meta property=\"article:modified_time\" content=\"2023-04-11T02:00:51+00:00\" \/>\n<meta property=\"og:image\" content=\"https:\/\/m.media-amazon.com\/images\/I\/41ngeNtXIwL._SL500_.jpg\" \/>\n\t<meta property=\"og:image:width\" content=\"400\" \/>\n\t<meta property=\"og:image:height\" content=\"500\" \/>\n\t<meta property=\"og:image:type\" content=\"image\/jpeg\" \/>\n<meta name=\"twitter:card\" content=\"summary_large_image\" \/>\n<meta name=\"twitter:label1\" content=\"Gesch\u00e4tzte Lesezeit\" \/>\n\t<meta name=\"twitter:data1\" content=\"1\u00a0Minute\" \/>\n<script type=\"application\/ld+json\" class=\"yoast-schema-graph\">{\"@context\":\"https:\\\/\\\/schema.org\",\"@graph\":[{\"@type\":\"WebPage\",\"@id\":\"https:\\\/\\\/marktxxl.de\\\/markt\\\/produkt\\\/sportneer-kurze-sporthose-damen-atmungsaktive-radlerhose-kurz-hohe-taille-laufhose-gym-yoga-shorts-mit-taschen-s-xxl\\\/\",\"url\":\"https:\\\/\\\/marktxxl.de\\\/markt\\\/produkt\\\/sportneer-kurze-sporthose-damen-atmungsaktive-radlerhose-kurz-hohe-taille-laufhose-gym-yoga-shorts-mit-taschen-s-xxl\\\/\",\"name\":\"Sportneer Radlerhose Damen Kurze Sporthose 7\\\" Kurze Leggings Damen Gym Shorts High Waist Sporthose Kurz Biker Shorts - Markt-XXL\",\"isPartOf\":{\"@id\":\"https:\\\/\\\/marktxxl.de\\\/markt\\\/#website\"},\"primaryImageOfPage\":{\"@id\":\"https:\\\/\\\/marktxxl.de\\\/markt\\\/produkt\\\/sportneer-kurze-sporthose-damen-atmungsaktive-radlerhose-kurz-hohe-taille-laufhose-gym-yoga-shorts-mit-taschen-s-xxl\\\/#primaryimage\"},\"image\":{\"@id\":\"https:\\\/\\\/marktxxl.de\\\/markt\\\/produkt\\\/sportneer-kurze-sporthose-damen-atmungsaktive-radlerhose-kurz-hohe-taille-laufhose-gym-yoga-shorts-mit-taschen-s-xxl\\\/#primaryimage\"},\"thumbnailUrl\":\"https:\\\/\\\/m.media-amazon.com\\\/images\\\/I\\\/41ngeNtXIwL._SL500_.jpg\",\"datePublished\":\"2022-06-13T21:55:54+00:00\",\"dateModified\":\"2023-04-11T02:00:51+00:00\",\"description\":\"Markt-XXL Sportneer Radlerhose Damen Kurze Sporthose 7\\\" Kurze Leggings Damen Gym Shorts High Waist Sporthose Kurz Biker Shorts\",\"breadcrumb\":{\"@id\":\"https:\\\/\\\/marktxxl.de\\\/markt\\\/produkt\\\/sportneer-kurze-sporthose-damen-atmungsaktive-radlerhose-kurz-hohe-taille-laufhose-gym-yoga-shorts-mit-taschen-s-xxl\\\/#breadcrumb\"},\"inLanguage\":\"de\",\"potentialAction\":[{\"@type\":\"ReadAction\",\"target\":[\"https:\\\/\\\/marktxxl.de\\\/markt\\\/produkt\\\/sportneer-kurze-sporthose-damen-atmungsaktive-radlerhose-kurz-hohe-taille-laufhose-gym-yoga-shorts-mit-taschen-s-xxl\\\/\"]}]},{\"@type\":\"ImageObject\",\"inLanguage\":\"de\",\"@id\":\"https:\\\/\\\/marktxxl.de\\\/markt\\\/produkt\\\/sportneer-kurze-sporthose-damen-atmungsaktive-radlerhose-kurz-hohe-taille-laufhose-gym-yoga-shorts-mit-taschen-s-xxl\\\/#primaryimage\",\"url\":\"https:\\\/\\\/m.media-amazon.com\\\/images\\\/I\\\/41ngeNtXIwL._SL500_.jpg\",\"contentUrl\":\"https:\\\/\\\/m.media-amazon.com\\\/images\\\/I\\\/41ngeNtXIwL._SL500_.jpg\",\"width\":400,\"height\":500},{\"@type\":\"BreadcrumbList\",\"@id\":\"https:\\\/\\\/marktxxl.de\\\/markt\\\/produkt\\\/sportneer-kurze-sporthose-damen-atmungsaktive-radlerhose-kurz-hohe-taille-laufhose-gym-yoga-shorts-mit-taschen-s-xxl\\\/#breadcrumb\",\"itemListElement\":[{\"@type\":\"ListItem\",\"position\":1,\"name\":\"Startseite\",\"item\":\"https:\\\/\\\/marktxxl.de\\\/markt\\\/\"},{\"@type\":\"ListItem\",\"position\":2,\"name\":\"Markt\",\"item\":\"https:\\\/\\\/marktxxl.de\\\/markt\\\/\"},{\"@type\":\"ListItem\",\"position\":3,\"name\":\"Sportneer Radlerhose Damen Kurze Sporthose 7&#8243; Kurze Leggings Damen Gym Shorts High Waist Sporthose Kurz Biker Shorts\"}]},{\"@type\":\"WebSite\",\"@id\":\"https:\\\/\\\/marktxxl.de\\\/markt\\\/#website\",\"url\":\"https:\\\/\\\/marktxxl.de\\\/markt\\\/\",\"name\":\"Markt-XXL\",\"description\":\"Ihr Markt Online\",\"publisher\":{\"@id\":\"https:\\\/\\\/marktxxl.de\\\/markt\\\/#organization\"},\"potentialAction\":[{\"@type\":\"SearchAction\",\"target\":{\"@type\":\"EntryPoint\",\"urlTemplate\":\"https:\\\/\\\/marktxxl.de\\\/markt\\\/?s={search_term_string}\"},\"query-input\":{\"@type\":\"PropertyValueSpecification\",\"valueRequired\":true,\"valueName\":\"search_term_string\"}}],\"inLanguage\":\"de\"},{\"@type\":\"Organization\",\"@id\":\"https:\\\/\\\/marktxxl.de\\\/markt\\\/#organization\",\"name\":\"Markt-XXL\",\"url\":\"https:\\\/\\\/marktxxl.de\\\/markt\\\/\",\"logo\":{\"@type\":\"ImageObject\",\"inLanguage\":\"de\",\"@id\":\"https:\\\/\\\/marktxxl.de\\\/markt\\\/#\\\/schema\\\/logo\\\/image\\\/\",\"url\":\"https:\\\/\\\/marktxxl.de\\\/markt\\\/wp-content\\\/uploads\\\/sites\\\/3\\\/2020\\\/12\\\/logo.png\",\"contentUrl\":\"https:\\\/\\\/marktxxl.de\\\/markt\\\/wp-content\\\/uploads\\\/sites\\\/3\\\/2020\\\/12\\\/logo.png\",\"width\":200,\"height\":70,\"caption\":\"Markt-XXL\"},\"image\":{\"@id\":\"https:\\\/\\\/marktxxl.de\\\/markt\\\/#\\\/schema\\\/logo\\\/image\\\/\"}}]}<\/script>\n<!-- \/ Yoast SEO plugin. -->","yoast_head_json":{"title":"Sportneer Radlerhose Damen Kurze Sporthose 7\" Kurze Leggings Damen Gym Shorts High Waist Sporthose Kurz Biker Shorts - Markt-XXL","description":"Markt-XXL Sportneer Radlerhose Damen Kurze Sporthose 7\" Kurze Leggings Damen Gym Shorts High Waist Sporthose Kurz Biker Shorts","robots":{"index":"index","follow":"follow","max-snippet":"max-snippet:-1","max-image-preview":"max-image-preview:large","max-video-preview":"max-video-preview:-1"},"canonical":"https:\/\/marktxxl.de\/markt\/produkt\/sportneer-kurze-sporthose-damen-atmungsaktive-radlerhose-kurz-hohe-taille-laufhose-gym-yoga-shorts-mit-taschen-s-xxl\/","og_locale":"de_DE","og_type":"article","og_title":"Sportneer Radlerhose Damen Kurze Sporthose 7\" Kurze Leggings Damen Gym Shorts High Waist Sporthose Kurz Biker Shorts - Markt-XXL","og_description":"Markt-XXL Sportneer Radlerhose Damen Kurze Sporthose 7\" Kurze Leggings Damen Gym Shorts High Waist Sporthose Kurz Biker Shorts","og_url":"https:\/\/marktxxl.de\/markt\/produkt\/sportneer-kurze-sporthose-damen-atmungsaktive-radlerhose-kurz-hohe-taille-laufhose-gym-yoga-shorts-mit-taschen-s-xxl\/","og_site_name":"Markt-XXL","article_modified_time":"2023-04-11T02:00:51+00:00","og_image":[{"width":400,"height":500,"url":"https:\/\/m.media-amazon.com\/images\/I\/41ngeNtXIwL._SL500_.jpg","type":"image\/jpeg"}],"twitter_card":"summary_large_image","twitter_misc":{"Gesch\u00e4tzte Lesezeit":"1\u00a0Minute"},"schema":{"@context":"https:\/\/schema.org","@graph":[{"@type":"WebPage","@id":"https:\/\/marktxxl.de\/markt\/produkt\/sportneer-kurze-sporthose-damen-atmungsaktive-radlerhose-kurz-hohe-taille-laufhose-gym-yoga-shorts-mit-taschen-s-xxl\/","url":"https:\/\/marktxxl.de\/markt\/produkt\/sportneer-kurze-sporthose-damen-atmungsaktive-radlerhose-kurz-hohe-taille-laufhose-gym-yoga-shorts-mit-taschen-s-xxl\/","name":"Sportneer Radlerhose Damen Kurze Sporthose 7\" Kurze Leggings Damen Gym Shorts High Waist Sporthose Kurz Biker Shorts - Markt-XXL","isPartOf":{"@id":"https:\/\/marktxxl.de\/markt\/#website"},"primaryImageOfPage":{"@id":"https:\/\/marktxxl.de\/markt\/produkt\/sportneer-kurze-sporthose-damen-atmungsaktive-radlerhose-kurz-hohe-taille-laufhose-gym-yoga-shorts-mit-taschen-s-xxl\/#primaryimage"},"image":{"@id":"https:\/\/marktxxl.de\/markt\/produkt\/sportneer-kurze-sporthose-damen-atmungsaktive-radlerhose-kurz-hohe-taille-laufhose-gym-yoga-shorts-mit-taschen-s-xxl\/#primaryimage"},"thumbnailUrl":"https:\/\/m.media-amazon.com\/images\/I\/41ngeNtXIwL._SL500_.jpg","datePublished":"2022-06-13T21:55:54+00:00","dateModified":"2023-04-11T02:00:51+00:00","description":"Markt-XXL Sportneer Radlerhose Damen Kurze Sporthose 7\" Kurze Leggings Damen Gym Shorts High Waist Sporthose Kurz Biker Shorts","breadcrumb":{"@id":"https:\/\/marktxxl.de\/markt\/produkt\/sportneer-kurze-sporthose-damen-atmungsaktive-radlerhose-kurz-hohe-taille-laufhose-gym-yoga-shorts-mit-taschen-s-xxl\/#breadcrumb"},"inLanguage":"de","potentialAction":[{"@type":"ReadAction","target":["https:\/\/marktxxl.de\/markt\/produkt\/sportneer-kurze-sporthose-damen-atmungsaktive-radlerhose-kurz-hohe-taille-laufhose-gym-yoga-shorts-mit-taschen-s-xxl\/"]}]},{"@type":"ImageObject","inLanguage":"de","@id":"https:\/\/marktxxl.de\/markt\/produkt\/sportneer-kurze-sporthose-damen-atmungsaktive-radlerhose-kurz-hohe-taille-laufhose-gym-yoga-shorts-mit-taschen-s-xxl\/#primaryimage","url":"https:\/\/m.media-amazon.com\/images\/I\/41ngeNtXIwL._SL500_.jpg","contentUrl":"https:\/\/m.media-amazon.com\/images\/I\/41ngeNtXIwL._SL500_.jpg","width":400,"height":500},{"@type":"BreadcrumbList","@id":"https:\/\/marktxxl.de\/markt\/produkt\/sportneer-kurze-sporthose-damen-atmungsaktive-radlerhose-kurz-hohe-taille-laufhose-gym-yoga-shorts-mit-taschen-s-xxl\/#breadcrumb","itemListElement":[{"@type":"ListItem","position":1,"name":"Startseite","item":"https:\/\/marktxxl.de\/markt\/"},{"@type":"ListItem","position":2,"name":"Markt","item":"https:\/\/marktxxl.de\/markt\/"},{"@type":"ListItem","position":3,"name":"Sportneer Radlerhose Damen Kurze Sporthose 7&#8243; Kurze Leggings Damen Gym Shorts High Waist Sporthose Kurz Biker Shorts"}]},{"@type":"WebSite","@id":"https:\/\/marktxxl.de\/markt\/#website","url":"https:\/\/marktxxl.de\/markt\/","name":"Markt-XXL","description":"Ihr Markt Online","publisher":{"@id":"https:\/\/marktxxl.de\/markt\/#organization"},"potentialAction":[{"@type":"SearchAction","target":{"@type":"EntryPoint","urlTemplate":"https:\/\/marktxxl.de\/markt\/?s={search_term_string}"},"query-input":{"@type":"PropertyValueSpecification","valueRequired":true,"valueName":"search_term_string"}}],"inLanguage":"de"},{"@type":"Organization","@id":"https:\/\/marktxxl.de\/markt\/#organization","name":"Markt-XXL","url":"https:\/\/marktxxl.de\/markt\/","logo":{"@type":"ImageObject","inLanguage":"de","@id":"https:\/\/marktxxl.de\/markt\/#\/schema\/logo\/image\/","url":"https:\/\/marktxxl.de\/markt\/wp-content\/uploads\/sites\/3\/2020\/12\/logo.png","contentUrl":"https:\/\/marktxxl.de\/markt\/wp-content\/uploads\/sites\/3\/2020\/12\/logo.png","width":200,"height":70,"caption":"Markt-XXL"},"image":{"@id":"https:\/\/marktxxl.de\/markt\/#\/schema\/logo\/image\/"}}]}},"_links":{"self":[{"href":"https:\/\/marktxxl.de\/markt\/wp-json\/wp\/v2\/product\/127981","targetHints":{"allow":["GET"]}}],"collection":[{"href":"https:\/\/marktxxl.de\/markt\/wp-json\/wp\/v2\/product"}],"about":[{"href":"https:\/\/marktxxl.de\/markt\/wp-json\/wp\/v2\/types\/product"}],"replies":[{"embeddable":true,"href":"https:\/\/marktxxl.de\/markt\/wp-json\/wp\/v2\/comments?post=127981"}],"wp:featuredmedia":[{"embeddable":true,"href":"https:\/\/marktxxl.de\/markt\/wp-json\/wp\/v2\/media\/127982"}],"wp:attachment":[{"href":"https:\/\/marktxxl.de\/markt\/wp-json\/wp\/v2\/media?parent=127981"}],"wp:term":[{"taxonomy":"product_brand","embeddable":true,"href":"https:\/\/marktxxl.de\/markt\/wp-json\/wp\/v2\/product_brand?post=127981"},{"taxonomy":"product_cat","embeddable":true,"href":"https:\/\/marktxxl.de\/markt\/wp-json\/wp\/v2\/product_cat?post=127981"},{"taxonomy":"product_tag","embeddable":true,"href":"https:\/\/marktxxl.de\/markt\/wp-json\/wp\/v2\/product_tag?post=127981"}],"curies":[{"name":"wp","href":"https:\/\/api.w.org\/{rel}","templated":true}]}}