{"id":127946,"date":"2022-06-13T23:55:07","date_gmt":"2022-06-13T21:55:07","guid":{"rendered":"https:\/\/marktxxl.de\/markt\/produkt\/von-lilienfeld-brillenetui-franz-marc-blaues-pferd-kunst-motiv-etui-brille-mikrofaser-brillenputztuch-brillenbox-stabiles-hardcase-set-mit-stoff-bezogen\/"},"modified":"2023-04-11T04:00:50","modified_gmt":"2023-04-11T02:00:50","slug":"von-lilienfeld-brillenetui-franz-marc-blaues-pferd-kunst-motiv-etui-brille-mikrofaser-brillenputztuch-brillenbox-stabiles-hardcase-set-mit-stoff-bezogen","status":"publish","type":"product","link":"https:\/\/marktxxl.de\/markt\/produkt\/von-lilienfeld-brillenetui-franz-marc-blaues-pferd-kunst-motiv-etui-brille-mikrofaser-brillenputztuch-brillenbox-stabiles-hardcase-set-mit-stoff-bezogen\/","title":{"rendered":"VON LILIENFELD Brillenetui Franz Marc Blaues Pferd Kunst Motiv Etui Brille Mikrofaser Brillenputztuch Brillenbox\u2026"},"content":{"rendered":"<p>KUNST DESIGN: Der bekannte deutsche Maler des Expressionismus Franz Marc schuf 1911 das Werk &#8220;Blaues Pferd&#8221;. Das Bild &#8220;Blaues Pferd&#8221; verf\u00fcgt \u00fcber eine einzigartige Farbgewalt und eine starke Aussagekraft. Der K\u00fcnstler war ein ber\u00fchmter expressionistischer Maler und experimentierte viel mit Farben und Formen. Sein ausgefallener, farbiger Stil kommt auf diesem Brillenetui gut zur Geltung und sorgt daf\u00fcr, dass Sie viele Blicke auf sich ziehen werden.<br \/>\nUNSERE QUALIT\u00c4T: Das Brillenetui ist ein stabiles, mit Mikrofaser bezogenes Hardcase, die Etuis sind aufw\u00e4ndig unterpolstert und innen mit Velours bezogen. Das Etui wiegt nur 110g und hat die Gr\u00f6\u00dfe: 16 x 6,5 x 4,5 cm. Unsere Brillenetuis sind geeignet f\u00fcr normal gro\u00dfe Brillen und Sonnenbrillen<br \/>\nBESONDERES EXTRA: Auf der Innenseite befindet sich ein hochwertiger VON LILIENFELD Logodruck in metallic-silber. Jedem Brillenetui ist ein hochwertiges Putztuch aus Mikrofaser beigef\u00fcgt, jedes Putztuch ist farbig mit demselben Motiv wie das Etui selbst bedruckt, Ma\u00dfe des Putztuchs: 18 x 14,5 cm<br \/>\nEIGNET SICH BESONDERS F\u00dcR: Die mode- und kunstbewusste Dame oder den mode- und kunstbewussten Herrn mit einem exquisiten Geschmack. Verschenken Sie das Etui als kleinen Lichtblick f\u00fcr den Alltag an sich oder andere<br \/>\nUNSER VERSPRECHEN: Um Ihnen die Kaufentscheidung so einfach wie m\u00f6glich zu machen, nehmen wir das Risiko komplett auf uns: Sollten Sie nicht zu 100% zufrieden sein, erhalten Sie Ihr Geld zur\u00fcck bis zu 60 Tage nach Kauf &#8211; ohne Wenn und Aber. Einfach unseren hervorragenden Kundenservice kontaktieren.<br \/>\n<div class=\"main-cross-sell\" data-asin=\"B07L3Z2F7X\">\n\n\t<div class=\"WooZone-cross-sell-loader\">\n\t\t<div>\n\t\t\t<div id=\"floatingBarsG\">\n\t\t\t\t<div class=\"blockG\" id=\"rotateG_01\"><\/div>\n\t\t\t\t<div class=\"blockG\" id=\"rotateG_02\"><\/div>\n\t\t\t\t<div class=\"blockG\" id=\"rotateG_03\"><\/div>\n\t\t\t\t<div class=\"blockG\" id=\"rotateG_04\"><\/div>\n\t\t\t\t<div class=\"blockG\" id=\"rotateG_05\"><\/div>\n\t\t\t\t<div class=\"blockG\" id=\"rotateG_06\"><\/div>\n\t\t\t\t<div class=\"blockG\" id=\"rotateG_07\"><\/div>\n\t\t\t\t<div class=\"blockG\" id=\"rotateG_08\"><\/div>\n\t\t\t<\/div>\n\t\t\t<div class=\"WooZone-cross-sell-loader-text\"><\/div>\n\t\t<\/div>\n\t<\/div>\n\n\t\t\n<\/div>\n<div style=\"clear:both;\"><\/div><\/p>\n","protected":false},"excerpt":{"rendered":"<p>KUNST DESIGN: Der bekannte deutsche Maler des Expressionismus Franz Marc schuf 1911 das Werk &#8220;Blaues Pferd&#8221;. Das Bild &#8220;Blaues Pferd&#8221; verf\u00fcgt \u00fcber eine einzigartige Farbgewalt und eine starke Aussagekraft. Der K\u00fcnstler war ein ber\u00fchmter expressionistischer Maler und experimentierte viel mit Farben und Formen. Sein ausgefallener, farbiger Stil kommt auf diesem Brillenetui gut zur Geltung und sorgt daf\u00fcr, dass Sie viele Blicke auf sich ziehen werden.<br \/>\nUNSERE QUALIT\u00c4T: Das Brillenetui ist ein stabiles, mit Mikrofaser bezogenes Hardcase, die Etuis sind aufw\u00e4ndig unterpolstert und innen mit Velours bezogen. Das Etui wiegt nur 110g und hat die Gr\u00f6\u00dfe: 16 x 6,5 x 4,5 cm. Unsere Brillenetuis sind geeignet f\u00fcr normal gro\u00dfe Brillen und Sonnenbrillen<br \/>\nBESONDERES EXTRA: Auf der Innenseite befindet sich ein hochwertiger VON LILIENFELD Logodruck in metallic-silber. Jedem Brillenetui ist ein hochwertiges Putztuch aus Mikrofaser beigef\u00fcgt, jedes Putztuch ist farbig mit demselben Motiv wie das Etui selbst bedruckt, Ma\u00dfe des Putztuchs: 18 x 14,5 cm<\/p>\n","protected":false},"featured_media":127947,"comment_status":"open","ping_status":"closed","template":"","meta":[],"product_brand":[],"product_cat":[1186,3920],"product_tag":[],"class_list":{"0":"post-127946","1":"product","2":"type-product","3":"status-publish","4":"has-post-thumbnail","6":"product_cat-bekleidung","7":"product_cat-damen","8":"pa_binding-textilien","9":"pa_brand-thames-hudson","10":"pa_brand-von-lilienfeld","11":"pa_height-2-755905509-zoll","12":"pa_length-6-299212592-zoll","13":"pa_manufacturer-von-lilienfeld","14":"pa_size-16x65x45","15":"pa_width-1-968503935-zoll","17":"first","18":"instock","19":"shipping-taxable","20":"purchasable","21":"product-type-simple","22":"customify-col","23":"product-has-gallery"},"yoast_head":"<!-- This site is optimized with the Yoast SEO plugin v27.4 - https:\/\/yoast.com\/product\/yoast-seo-wordpress\/ -->\n<title>VON LILIENFELD Brillenetui Franz Marc Blaues Pferd Kunst Motiv Etui Brille Mikrofaser Brillenputztuch Brillenbox\u2026 - Markt-XXL<\/title>\n<meta name=\"description\" content=\"Markt-XXL VON LILIENFELD Brillenetui Franz Marc Blaues Pferd Kunst Motiv Etui Brille Mikrofaser Brillenputztuch Brillenbox\u2026\" \/>\n<meta name=\"robots\" content=\"index, follow, max-snippet:-1, max-image-preview:large, max-video-preview:-1\" \/>\n<link rel=\"canonical\" href=\"https:\/\/marktxxl.de\/markt\/produkt\/von-lilienfeld-brillenetui-franz-marc-blaues-pferd-kunst-motiv-etui-brille-mikrofaser-brillenputztuch-brillenbox-stabiles-hardcase-set-mit-stoff-bezogen\/\" \/>\n<meta property=\"og:locale\" content=\"de_DE\" \/>\n<meta property=\"og:type\" content=\"article\" \/>\n<meta property=\"og:title\" content=\"VON LILIENFELD Brillenetui Franz Marc Blaues Pferd Kunst Motiv Etui Brille Mikrofaser Brillenputztuch Brillenbox\u2026 - Markt-XXL\" \/>\n<meta property=\"og:description\" content=\"Markt-XXL VON LILIENFELD Brillenetui Franz Marc Blaues Pferd Kunst Motiv Etui Brille Mikrofaser Brillenputztuch Brillenbox\u2026\" \/>\n<meta property=\"og:url\" content=\"https:\/\/marktxxl.de\/markt\/produkt\/von-lilienfeld-brillenetui-franz-marc-blaues-pferd-kunst-motiv-etui-brille-mikrofaser-brillenputztuch-brillenbox-stabiles-hardcase-set-mit-stoff-bezogen\/\" \/>\n<meta property=\"og:site_name\" content=\"Markt-XXL\" \/>\n<meta property=\"article:modified_time\" content=\"2023-04-11T02:00:50+00:00\" \/>\n<meta property=\"og:image\" content=\"https:\/\/m.media-amazon.com\/images\/I\/51CyF3BiHnS._SL500_.jpg\" \/>\n\t<meta property=\"og:image:width\" content=\"500\" \/>\n\t<meta property=\"og:image:height\" content=\"500\" \/>\n\t<meta property=\"og:image:type\" content=\"image\/jpeg\" \/>\n<meta name=\"twitter:card\" content=\"summary_large_image\" \/>\n<meta name=\"twitter:label1\" content=\"Gesch\u00e4tzte Lesezeit\" \/>\n\t<meta name=\"twitter:data1\" content=\"1\u00a0Minute\" \/>\n<script type=\"application\/ld+json\" class=\"yoast-schema-graph\">{\"@context\":\"https:\\\/\\\/schema.org\",\"@graph\":[{\"@type\":\"WebPage\",\"@id\":\"https:\\\/\\\/marktxxl.de\\\/markt\\\/produkt\\\/von-lilienfeld-brillenetui-franz-marc-blaues-pferd-kunst-motiv-etui-brille-mikrofaser-brillenputztuch-brillenbox-stabiles-hardcase-set-mit-stoff-bezogen\\\/\",\"url\":\"https:\\\/\\\/marktxxl.de\\\/markt\\\/produkt\\\/von-lilienfeld-brillenetui-franz-marc-blaues-pferd-kunst-motiv-etui-brille-mikrofaser-brillenputztuch-brillenbox-stabiles-hardcase-set-mit-stoff-bezogen\\\/\",\"name\":\"VON LILIENFELD Brillenetui Franz Marc Blaues Pferd Kunst Motiv Etui Brille Mikrofaser Brillenputztuch Brillenbox\u2026 - Markt-XXL\",\"isPartOf\":{\"@id\":\"https:\\\/\\\/marktxxl.de\\\/markt\\\/#website\"},\"primaryImageOfPage\":{\"@id\":\"https:\\\/\\\/marktxxl.de\\\/markt\\\/produkt\\\/von-lilienfeld-brillenetui-franz-marc-blaues-pferd-kunst-motiv-etui-brille-mikrofaser-brillenputztuch-brillenbox-stabiles-hardcase-set-mit-stoff-bezogen\\\/#primaryimage\"},\"image\":{\"@id\":\"https:\\\/\\\/marktxxl.de\\\/markt\\\/produkt\\\/von-lilienfeld-brillenetui-franz-marc-blaues-pferd-kunst-motiv-etui-brille-mikrofaser-brillenputztuch-brillenbox-stabiles-hardcase-set-mit-stoff-bezogen\\\/#primaryimage\"},\"thumbnailUrl\":\"https:\\\/\\\/m.media-amazon.com\\\/images\\\/I\\\/51CyF3BiHnS._SL500_.jpg\",\"datePublished\":\"2022-06-13T21:55:07+00:00\",\"dateModified\":\"2023-04-11T02:00:50+00:00\",\"description\":\"Markt-XXL VON LILIENFELD Brillenetui Franz Marc Blaues Pferd Kunst Motiv Etui Brille Mikrofaser Brillenputztuch Brillenbox\u2026\",\"breadcrumb\":{\"@id\":\"https:\\\/\\\/marktxxl.de\\\/markt\\\/produkt\\\/von-lilienfeld-brillenetui-franz-marc-blaues-pferd-kunst-motiv-etui-brille-mikrofaser-brillenputztuch-brillenbox-stabiles-hardcase-set-mit-stoff-bezogen\\\/#breadcrumb\"},\"inLanguage\":\"de\",\"potentialAction\":[{\"@type\":\"ReadAction\",\"target\":[\"https:\\\/\\\/marktxxl.de\\\/markt\\\/produkt\\\/von-lilienfeld-brillenetui-franz-marc-blaues-pferd-kunst-motiv-etui-brille-mikrofaser-brillenputztuch-brillenbox-stabiles-hardcase-set-mit-stoff-bezogen\\\/\"]}]},{\"@type\":\"ImageObject\",\"inLanguage\":\"de\",\"@id\":\"https:\\\/\\\/marktxxl.de\\\/markt\\\/produkt\\\/von-lilienfeld-brillenetui-franz-marc-blaues-pferd-kunst-motiv-etui-brille-mikrofaser-brillenputztuch-brillenbox-stabiles-hardcase-set-mit-stoff-bezogen\\\/#primaryimage\",\"url\":\"https:\\\/\\\/m.media-amazon.com\\\/images\\\/I\\\/51CyF3BiHnS._SL500_.jpg\",\"contentUrl\":\"https:\\\/\\\/m.media-amazon.com\\\/images\\\/I\\\/51CyF3BiHnS._SL500_.jpg\",\"width\":500,\"height\":500},{\"@type\":\"BreadcrumbList\",\"@id\":\"https:\\\/\\\/marktxxl.de\\\/markt\\\/produkt\\\/von-lilienfeld-brillenetui-franz-marc-blaues-pferd-kunst-motiv-etui-brille-mikrofaser-brillenputztuch-brillenbox-stabiles-hardcase-set-mit-stoff-bezogen\\\/#breadcrumb\",\"itemListElement\":[{\"@type\":\"ListItem\",\"position\":1,\"name\":\"Startseite\",\"item\":\"https:\\\/\\\/marktxxl.de\\\/markt\\\/\"},{\"@type\":\"ListItem\",\"position\":2,\"name\":\"Markt\",\"item\":\"https:\\\/\\\/marktxxl.de\\\/markt\\\/\"},{\"@type\":\"ListItem\",\"position\":3,\"name\":\"VON LILIENFELD Brillenetui Franz Marc Blaues Pferd Kunst Motiv Etui Brille Mikrofaser Brillenputztuch Brillenbox\u2026\"}]},{\"@type\":\"WebSite\",\"@id\":\"https:\\\/\\\/marktxxl.de\\\/markt\\\/#website\",\"url\":\"https:\\\/\\\/marktxxl.de\\\/markt\\\/\",\"name\":\"Markt-XXL\",\"description\":\"Ihr Markt Online\",\"publisher\":{\"@id\":\"https:\\\/\\\/marktxxl.de\\\/markt\\\/#organization\"},\"potentialAction\":[{\"@type\":\"SearchAction\",\"target\":{\"@type\":\"EntryPoint\",\"urlTemplate\":\"https:\\\/\\\/marktxxl.de\\\/markt\\\/?s={search_term_string}\"},\"query-input\":{\"@type\":\"PropertyValueSpecification\",\"valueRequired\":true,\"valueName\":\"search_term_string\"}}],\"inLanguage\":\"de\"},{\"@type\":\"Organization\",\"@id\":\"https:\\\/\\\/marktxxl.de\\\/markt\\\/#organization\",\"name\":\"Markt-XXL\",\"url\":\"https:\\\/\\\/marktxxl.de\\\/markt\\\/\",\"logo\":{\"@type\":\"ImageObject\",\"inLanguage\":\"de\",\"@id\":\"https:\\\/\\\/marktxxl.de\\\/markt\\\/#\\\/schema\\\/logo\\\/image\\\/\",\"url\":\"https:\\\/\\\/marktxxl.de\\\/markt\\\/wp-content\\\/uploads\\\/sites\\\/3\\\/2020\\\/12\\\/logo.png\",\"contentUrl\":\"https:\\\/\\\/marktxxl.de\\\/markt\\\/wp-content\\\/uploads\\\/sites\\\/3\\\/2020\\\/12\\\/logo.png\",\"width\":200,\"height\":70,\"caption\":\"Markt-XXL\"},\"image\":{\"@id\":\"https:\\\/\\\/marktxxl.de\\\/markt\\\/#\\\/schema\\\/logo\\\/image\\\/\"}}]}<\/script>\n<!-- \/ Yoast SEO plugin. -->","yoast_head_json":{"title":"VON LILIENFELD Brillenetui Franz Marc Blaues Pferd Kunst Motiv Etui Brille Mikrofaser Brillenputztuch Brillenbox\u2026 - Markt-XXL","description":"Markt-XXL VON LILIENFELD Brillenetui Franz Marc Blaues Pferd Kunst Motiv Etui Brille Mikrofaser Brillenputztuch Brillenbox\u2026","robots":{"index":"index","follow":"follow","max-snippet":"max-snippet:-1","max-image-preview":"max-image-preview:large","max-video-preview":"max-video-preview:-1"},"canonical":"https:\/\/marktxxl.de\/markt\/produkt\/von-lilienfeld-brillenetui-franz-marc-blaues-pferd-kunst-motiv-etui-brille-mikrofaser-brillenputztuch-brillenbox-stabiles-hardcase-set-mit-stoff-bezogen\/","og_locale":"de_DE","og_type":"article","og_title":"VON LILIENFELD Brillenetui Franz Marc Blaues Pferd Kunst Motiv Etui Brille Mikrofaser Brillenputztuch Brillenbox\u2026 - Markt-XXL","og_description":"Markt-XXL VON LILIENFELD Brillenetui Franz Marc Blaues Pferd Kunst Motiv Etui Brille Mikrofaser Brillenputztuch Brillenbox\u2026","og_url":"https:\/\/marktxxl.de\/markt\/produkt\/von-lilienfeld-brillenetui-franz-marc-blaues-pferd-kunst-motiv-etui-brille-mikrofaser-brillenputztuch-brillenbox-stabiles-hardcase-set-mit-stoff-bezogen\/","og_site_name":"Markt-XXL","article_modified_time":"2023-04-11T02:00:50+00:00","og_image":[{"width":500,"height":500,"url":"https:\/\/m.media-amazon.com\/images\/I\/51CyF3BiHnS._SL500_.jpg","type":"image\/jpeg"}],"twitter_card":"summary_large_image","twitter_misc":{"Gesch\u00e4tzte Lesezeit":"1\u00a0Minute"},"schema":{"@context":"https:\/\/schema.org","@graph":[{"@type":"WebPage","@id":"https:\/\/marktxxl.de\/markt\/produkt\/von-lilienfeld-brillenetui-franz-marc-blaues-pferd-kunst-motiv-etui-brille-mikrofaser-brillenputztuch-brillenbox-stabiles-hardcase-set-mit-stoff-bezogen\/","url":"https:\/\/marktxxl.de\/markt\/produkt\/von-lilienfeld-brillenetui-franz-marc-blaues-pferd-kunst-motiv-etui-brille-mikrofaser-brillenputztuch-brillenbox-stabiles-hardcase-set-mit-stoff-bezogen\/","name":"VON LILIENFELD Brillenetui Franz Marc Blaues Pferd Kunst Motiv Etui Brille Mikrofaser Brillenputztuch Brillenbox\u2026 - Markt-XXL","isPartOf":{"@id":"https:\/\/marktxxl.de\/markt\/#website"},"primaryImageOfPage":{"@id":"https:\/\/marktxxl.de\/markt\/produkt\/von-lilienfeld-brillenetui-franz-marc-blaues-pferd-kunst-motiv-etui-brille-mikrofaser-brillenputztuch-brillenbox-stabiles-hardcase-set-mit-stoff-bezogen\/#primaryimage"},"image":{"@id":"https:\/\/marktxxl.de\/markt\/produkt\/von-lilienfeld-brillenetui-franz-marc-blaues-pferd-kunst-motiv-etui-brille-mikrofaser-brillenputztuch-brillenbox-stabiles-hardcase-set-mit-stoff-bezogen\/#primaryimage"},"thumbnailUrl":"https:\/\/m.media-amazon.com\/images\/I\/51CyF3BiHnS._SL500_.jpg","datePublished":"2022-06-13T21:55:07+00:00","dateModified":"2023-04-11T02:00:50+00:00","description":"Markt-XXL VON LILIENFELD Brillenetui Franz Marc Blaues Pferd Kunst Motiv Etui Brille Mikrofaser Brillenputztuch Brillenbox\u2026","breadcrumb":{"@id":"https:\/\/marktxxl.de\/markt\/produkt\/von-lilienfeld-brillenetui-franz-marc-blaues-pferd-kunst-motiv-etui-brille-mikrofaser-brillenputztuch-brillenbox-stabiles-hardcase-set-mit-stoff-bezogen\/#breadcrumb"},"inLanguage":"de","potentialAction":[{"@type":"ReadAction","target":["https:\/\/marktxxl.de\/markt\/produkt\/von-lilienfeld-brillenetui-franz-marc-blaues-pferd-kunst-motiv-etui-brille-mikrofaser-brillenputztuch-brillenbox-stabiles-hardcase-set-mit-stoff-bezogen\/"]}]},{"@type":"ImageObject","inLanguage":"de","@id":"https:\/\/marktxxl.de\/markt\/produkt\/von-lilienfeld-brillenetui-franz-marc-blaues-pferd-kunst-motiv-etui-brille-mikrofaser-brillenputztuch-brillenbox-stabiles-hardcase-set-mit-stoff-bezogen\/#primaryimage","url":"https:\/\/m.media-amazon.com\/images\/I\/51CyF3BiHnS._SL500_.jpg","contentUrl":"https:\/\/m.media-amazon.com\/images\/I\/51CyF3BiHnS._SL500_.jpg","width":500,"height":500},{"@type":"BreadcrumbList","@id":"https:\/\/marktxxl.de\/markt\/produkt\/von-lilienfeld-brillenetui-franz-marc-blaues-pferd-kunst-motiv-etui-brille-mikrofaser-brillenputztuch-brillenbox-stabiles-hardcase-set-mit-stoff-bezogen\/#breadcrumb","itemListElement":[{"@type":"ListItem","position":1,"name":"Startseite","item":"https:\/\/marktxxl.de\/markt\/"},{"@type":"ListItem","position":2,"name":"Markt","item":"https:\/\/marktxxl.de\/markt\/"},{"@type":"ListItem","position":3,"name":"VON LILIENFELD Brillenetui Franz Marc Blaues Pferd Kunst Motiv Etui Brille Mikrofaser Brillenputztuch Brillenbox\u2026"}]},{"@type":"WebSite","@id":"https:\/\/marktxxl.de\/markt\/#website","url":"https:\/\/marktxxl.de\/markt\/","name":"Markt-XXL","description":"Ihr Markt Online","publisher":{"@id":"https:\/\/marktxxl.de\/markt\/#organization"},"potentialAction":[{"@type":"SearchAction","target":{"@type":"EntryPoint","urlTemplate":"https:\/\/marktxxl.de\/markt\/?s={search_term_string}"},"query-input":{"@type":"PropertyValueSpecification","valueRequired":true,"valueName":"search_term_string"}}],"inLanguage":"de"},{"@type":"Organization","@id":"https:\/\/marktxxl.de\/markt\/#organization","name":"Markt-XXL","url":"https:\/\/marktxxl.de\/markt\/","logo":{"@type":"ImageObject","inLanguage":"de","@id":"https:\/\/marktxxl.de\/markt\/#\/schema\/logo\/image\/","url":"https:\/\/marktxxl.de\/markt\/wp-content\/uploads\/sites\/3\/2020\/12\/logo.png","contentUrl":"https:\/\/marktxxl.de\/markt\/wp-content\/uploads\/sites\/3\/2020\/12\/logo.png","width":200,"height":70,"caption":"Markt-XXL"},"image":{"@id":"https:\/\/marktxxl.de\/markt\/#\/schema\/logo\/image\/"}}]}},"_links":{"self":[{"href":"https:\/\/marktxxl.de\/markt\/wp-json\/wp\/v2\/product\/127946","targetHints":{"allow":["GET"]}}],"collection":[{"href":"https:\/\/marktxxl.de\/markt\/wp-json\/wp\/v2\/product"}],"about":[{"href":"https:\/\/marktxxl.de\/markt\/wp-json\/wp\/v2\/types\/product"}],"replies":[{"embeddable":true,"href":"https:\/\/marktxxl.de\/markt\/wp-json\/wp\/v2\/comments?post=127946"}],"wp:featuredmedia":[{"embeddable":true,"href":"https:\/\/marktxxl.de\/markt\/wp-json\/wp\/v2\/media\/127947"}],"wp:attachment":[{"href":"https:\/\/marktxxl.de\/markt\/wp-json\/wp\/v2\/media?parent=127946"}],"wp:term":[{"taxonomy":"product_brand","embeddable":true,"href":"https:\/\/marktxxl.de\/markt\/wp-json\/wp\/v2\/product_brand?post=127946"},{"taxonomy":"product_cat","embeddable":true,"href":"https:\/\/marktxxl.de\/markt\/wp-json\/wp\/v2\/product_cat?post=127946"},{"taxonomy":"product_tag","embeddable":true,"href":"https:\/\/marktxxl.de\/markt\/wp-json\/wp\/v2\/product_tag?post=127946"}],"curies":[{"name":"wp","href":"https:\/\/api.w.org\/{rel}","templated":true}]}}