{"id":127738,"date":"2022-06-13T23:43:48","date_gmt":"2022-06-13T21:43:48","guid":{"rendered":"https:\/\/marktxxl.de\/markt\/produkt\/gl-turelifes-mermaid-pailletten-chunky-glitter-liquid-lidschatten-glitter-body-gel-festival-glitter-kosmetik-gesicht-haar-naegel-make-up-long-lasting-sparkling-30-g\/"},"modified":"2023-04-11T04:00:46","modified_gmt":"2023-04-11T02:00:46","slug":"gl-turelifes-mermaid-pailletten-chunky-glitter-liquid-lidschatten-glitter-body-gel-festival-glitter-kosmetik-gesicht-haar-naegel-make-up-long-lasting-sparkling-30-g","status":"publish","type":"product","link":"https:\/\/marktxxl.de\/markt\/produkt\/gl-turelifes-mermaid-pailletten-chunky-glitter-liquid-lidschatten-glitter-body-gel-festival-glitter-kosmetik-gesicht-haar-naegel-make-up-long-lasting-sparkling-30-g\/","title":{"rendered":"GL-Turelifes Mermaid Pailletten Chunky Glitter Liquid Lidschatten Glitter Body Gel Festival Glitter Kosmetik Gesicht\u2026"},"content":{"rendered":"<p>Der fl\u00fcssige Chunk Glitzer ist sehr funkelnd und wundersch\u00f6n. Bringen Sie es auf die n\u00e4chste Stufe mit unserem fl\u00fcssigen Glitzer mit kleinen Sternen, kleinen Mond, Hexagons und Staub f\u00fcr einen unwiderstehlichen Glanz. Unsere Kosmetik-Glitzer sind mit Designformeln und hochintensivem Pigment und holografischem Glanz hergestellt. Es gibt 8 Farben, perfekt f\u00fcr Geschenke und Ihre Glitzersucht.<br \/>\nSehr einfach zu verwenden. GL-Turelifes Mermaid Chunky Glitter ist ein glitzerndes K\u00f6rpergel, das klebrig ist, sodass Sie beim Gebrauch keinen Kleber verwenden m\u00fcssen. Es kann direkt im K\u00f6rper verwendet werden, wo immer Sie dekorieren m\u00f6chten.<br \/>\nGesundheit und sichere Inhaltsstoffe und einzigartige Farbe. Unsere Kosmetik-Glitzer sind sehr sicher auf der Haut zu tragen und sind auch kinderfreundlich. Unser klobiger Glitzer ist sicher auf der Haut zu tragen und erg\u00e4nzt alle. Verblasst nicht, langlebig, hell, wasserfest, leicht zu tragen, schnell trocknend und leicht schwindelerregend, einheitliche Farbe.<br \/>\nDieser pigmentierte gepresste Glitter Lidschatten kann auf Augen, Augenbrauen, Lippen, Wange, Gesicht aufgetragen werden. Besonders geeignet f\u00fcr Partys, Hochzeiten, Shows, B\u00fchnen, Bars, etc. Tropfen Sie in Glitzer Gl\u00fchen auf Festivals mit unter dem Auge Glitzertr\u00e4nen oder auf den Wangenknochen f\u00fcr eine Clubnacht Ready reflektierende Highlight. Unser Haarglitzer sorgt f\u00fcr den s\u00fc\u00dfesten Glitzerflechtinsta-Look. Auf dem K\u00f6rper einige auf die Schl\u00fcsselbein und Schultern stauben, f\u00fcr einen super schim<br \/>\nGr\u00f6\u00dfe: 8 x 2,8 x 2,8 cm, nel: 30 g, Lieferumfang: 1 x klobiges Glitzer-Gel.<br \/>\n<div class=\"main-cross-sell\" data-asin=\"B07X9JZPZ4\">\n\n\t<div class=\"WooZone-cross-sell-loader\">\n\t\t<div>\n\t\t\t<div id=\"floatingBarsG\">\n\t\t\t\t<div class=\"blockG\" id=\"rotateG_01\"><\/div>\n\t\t\t\t<div class=\"blockG\" id=\"rotateG_02\"><\/div>\n\t\t\t\t<div class=\"blockG\" id=\"rotateG_03\"><\/div>\n\t\t\t\t<div class=\"blockG\" id=\"rotateG_04\"><\/div>\n\t\t\t\t<div class=\"blockG\" id=\"rotateG_05\"><\/div>\n\t\t\t\t<div class=\"blockG\" id=\"rotateG_06\"><\/div>\n\t\t\t\t<div class=\"blockG\" id=\"rotateG_07\"><\/div>\n\t\t\t\t<div class=\"blockG\" id=\"rotateG_08\"><\/div>\n\t\t\t<\/div>\n\t\t\t<div class=\"WooZone-cross-sell-loader-text\"><\/div>\n\t\t<\/div>\n\t<\/div>\n\n\t\t\n<\/div>\n<div style=\"clear:both;\"><\/div><\/p>\n","protected":false},"excerpt":{"rendered":"<p>Der fl\u00fcssige Chunk Glitzer ist sehr funkelnd und wundersch\u00f6n. Bringen Sie es auf die n\u00e4chste Stufe mit unserem fl\u00fcssigen Glitzer mit kleinen Sternen, kleinen Mond, Hexagons und Staub f\u00fcr einen unwiderstehlichen Glanz. Unsere Kosmetik-Glitzer sind mit Designformeln und hochintensivem Pigment und holografischem Glanz hergestellt. Es gibt 8 Farben, perfekt f\u00fcr Geschenke und Ihre Glitzersucht.<br \/>\nSehr einfach zu verwenden. GL-Turelifes Mermaid Chunky Glitter ist ein glitzerndes K\u00f6rpergel, das klebrig ist, sodass Sie beim Gebrauch keinen Kleber verwenden m\u00fcssen. Es kann direkt im K\u00f6rper verwendet werden, wo immer Sie dekorieren m\u00f6chten.<br \/>\nGesundheit und sichere Inhaltsstoffe und einzigartige Farbe. Unsere Kosmetik-Glitzer sind sehr sicher auf der Haut zu tragen und sind auch kinderfreundlich. Unser klobiger Glitzer ist sicher auf der Haut zu tragen und erg\u00e4nzt alle. Verblasst nicht, langlebig, hell, wasserfest, leicht zu tragen, schnell trocknend und leicht schwindelerregend, einheitliche Farbe.<\/p>\n","protected":false},"featured_media":127739,"comment_status":"open","ping_status":"closed","template":"","meta":[],"product_brand":[],"product_cat":[2858,7575],"product_tag":[],"class_list":{"0":"post-127738","1":"product","2":"type-product","3":"status-publish","4":"has-post-thumbnail","6":"product_cat-beauty","7":"product_cat-make-up","8":"pa_binding-misc","9":"pa_brand-gl-turelifes","10":"pa_height-1-1023622036-zoll","11":"pa_length-3-149606296-zoll","12":"pa_manufacturer-chunbi","13":"pa_width-1-1023622036-zoll","15":"first","16":"instock","17":"shipping-taxable","18":"purchasable","19":"product-type-simple","20":"customify-col","21":"product-has-gallery"},"yoast_head":"<!-- This site is optimized with the Yoast SEO plugin v27.4 - https:\/\/yoast.com\/product\/yoast-seo-wordpress\/ -->\n<title>GL-Turelifes Mermaid Pailletten Chunky Glitter Liquid Lidschatten Glitter Body Gel Festival Glitter Kosmetik Gesicht\u2026 - Markt-XXL<\/title>\n<meta name=\"description\" content=\"Markt-XXL GL-Turelifes Mermaid Pailletten Chunky Glitter Liquid Lidschatten Glitter Body Gel Festival Glitter Kosmetik Gesicht\u2026\" \/>\n<meta name=\"robots\" content=\"index, follow, max-snippet:-1, max-image-preview:large, max-video-preview:-1\" \/>\n<link rel=\"canonical\" href=\"https:\/\/marktxxl.de\/markt\/produkt\/gl-turelifes-mermaid-pailletten-chunky-glitter-liquid-lidschatten-glitter-body-gel-festival-glitter-kosmetik-gesicht-haar-naegel-make-up-long-lasting-sparkling-30-g\/\" \/>\n<meta property=\"og:locale\" content=\"de_DE\" \/>\n<meta property=\"og:type\" content=\"article\" \/>\n<meta property=\"og:title\" content=\"GL-Turelifes Mermaid Pailletten Chunky Glitter Liquid Lidschatten Glitter Body Gel Festival Glitter Kosmetik Gesicht\u2026 - Markt-XXL\" \/>\n<meta property=\"og:description\" content=\"Markt-XXL GL-Turelifes Mermaid Pailletten Chunky Glitter Liquid Lidschatten Glitter Body Gel Festival Glitter Kosmetik Gesicht\u2026\" \/>\n<meta property=\"og:url\" content=\"https:\/\/marktxxl.de\/markt\/produkt\/gl-turelifes-mermaid-pailletten-chunky-glitter-liquid-lidschatten-glitter-body-gel-festival-glitter-kosmetik-gesicht-haar-naegel-make-up-long-lasting-sparkling-30-g\/\" \/>\n<meta property=\"og:site_name\" content=\"Markt-XXL\" \/>\n<meta property=\"article:modified_time\" content=\"2023-04-11T02:00:46+00:00\" \/>\n<meta property=\"og:image\" content=\"https:\/\/m.media-amazon.com\/images\/I\/51nb9kRrhPL._SL500_.jpg\" \/>\n\t<meta property=\"og:image:width\" content=\"500\" \/>\n\t<meta property=\"og:image:height\" content=\"500\" \/>\n\t<meta property=\"og:image:type\" content=\"image\/jpeg\" \/>\n<meta name=\"twitter:card\" content=\"summary_large_image\" \/>\n<meta name=\"twitter:label1\" content=\"Gesch\u00e4tzte Lesezeit\" \/>\n\t<meta name=\"twitter:data1\" content=\"1\u00a0Minute\" \/>\n<script type=\"application\/ld+json\" class=\"yoast-schema-graph\">{\"@context\":\"https:\\\/\\\/schema.org\",\"@graph\":[{\"@type\":\"WebPage\",\"@id\":\"https:\\\/\\\/marktxxl.de\\\/markt\\\/produkt\\\/gl-turelifes-mermaid-pailletten-chunky-glitter-liquid-lidschatten-glitter-body-gel-festival-glitter-kosmetik-gesicht-haar-naegel-make-up-long-lasting-sparkling-30-g\\\/\",\"url\":\"https:\\\/\\\/marktxxl.de\\\/markt\\\/produkt\\\/gl-turelifes-mermaid-pailletten-chunky-glitter-liquid-lidschatten-glitter-body-gel-festival-glitter-kosmetik-gesicht-haar-naegel-make-up-long-lasting-sparkling-30-g\\\/\",\"name\":\"GL-Turelifes Mermaid Pailletten Chunky Glitter Liquid Lidschatten Glitter Body Gel Festival Glitter Kosmetik Gesicht\u2026 - Markt-XXL\",\"isPartOf\":{\"@id\":\"https:\\\/\\\/marktxxl.de\\\/markt\\\/#website\"},\"primaryImageOfPage\":{\"@id\":\"https:\\\/\\\/marktxxl.de\\\/markt\\\/produkt\\\/gl-turelifes-mermaid-pailletten-chunky-glitter-liquid-lidschatten-glitter-body-gel-festival-glitter-kosmetik-gesicht-haar-naegel-make-up-long-lasting-sparkling-30-g\\\/#primaryimage\"},\"image\":{\"@id\":\"https:\\\/\\\/marktxxl.de\\\/markt\\\/produkt\\\/gl-turelifes-mermaid-pailletten-chunky-glitter-liquid-lidschatten-glitter-body-gel-festival-glitter-kosmetik-gesicht-haar-naegel-make-up-long-lasting-sparkling-30-g\\\/#primaryimage\"},\"thumbnailUrl\":\"https:\\\/\\\/m.media-amazon.com\\\/images\\\/I\\\/51nb9kRrhPL._SL500_.jpg\",\"datePublished\":\"2022-06-13T21:43:48+00:00\",\"dateModified\":\"2023-04-11T02:00:46+00:00\",\"description\":\"Markt-XXL GL-Turelifes Mermaid Pailletten Chunky Glitter Liquid Lidschatten Glitter Body Gel Festival Glitter Kosmetik Gesicht\u2026\",\"breadcrumb\":{\"@id\":\"https:\\\/\\\/marktxxl.de\\\/markt\\\/produkt\\\/gl-turelifes-mermaid-pailletten-chunky-glitter-liquid-lidschatten-glitter-body-gel-festival-glitter-kosmetik-gesicht-haar-naegel-make-up-long-lasting-sparkling-30-g\\\/#breadcrumb\"},\"inLanguage\":\"de\",\"potentialAction\":[{\"@type\":\"ReadAction\",\"target\":[\"https:\\\/\\\/marktxxl.de\\\/markt\\\/produkt\\\/gl-turelifes-mermaid-pailletten-chunky-glitter-liquid-lidschatten-glitter-body-gel-festival-glitter-kosmetik-gesicht-haar-naegel-make-up-long-lasting-sparkling-30-g\\\/\"]}]},{\"@type\":\"ImageObject\",\"inLanguage\":\"de\",\"@id\":\"https:\\\/\\\/marktxxl.de\\\/markt\\\/produkt\\\/gl-turelifes-mermaid-pailletten-chunky-glitter-liquid-lidschatten-glitter-body-gel-festival-glitter-kosmetik-gesicht-haar-naegel-make-up-long-lasting-sparkling-30-g\\\/#primaryimage\",\"url\":\"https:\\\/\\\/m.media-amazon.com\\\/images\\\/I\\\/51nb9kRrhPL._SL500_.jpg\",\"contentUrl\":\"https:\\\/\\\/m.media-amazon.com\\\/images\\\/I\\\/51nb9kRrhPL._SL500_.jpg\",\"width\":500,\"height\":500},{\"@type\":\"BreadcrumbList\",\"@id\":\"https:\\\/\\\/marktxxl.de\\\/markt\\\/produkt\\\/gl-turelifes-mermaid-pailletten-chunky-glitter-liquid-lidschatten-glitter-body-gel-festival-glitter-kosmetik-gesicht-haar-naegel-make-up-long-lasting-sparkling-30-g\\\/#breadcrumb\",\"itemListElement\":[{\"@type\":\"ListItem\",\"position\":1,\"name\":\"Startseite\",\"item\":\"https:\\\/\\\/marktxxl.de\\\/markt\\\/\"},{\"@type\":\"ListItem\",\"position\":2,\"name\":\"Markt\",\"item\":\"https:\\\/\\\/marktxxl.de\\\/markt\\\/\"},{\"@type\":\"ListItem\",\"position\":3,\"name\":\"GL-Turelifes Mermaid Pailletten Chunky Glitter Liquid Lidschatten Glitter Body Gel Festival Glitter Kosmetik Gesicht\u2026\"}]},{\"@type\":\"WebSite\",\"@id\":\"https:\\\/\\\/marktxxl.de\\\/markt\\\/#website\",\"url\":\"https:\\\/\\\/marktxxl.de\\\/markt\\\/\",\"name\":\"Markt-XXL\",\"description\":\"Ihr Markt Online\",\"publisher\":{\"@id\":\"https:\\\/\\\/marktxxl.de\\\/markt\\\/#organization\"},\"potentialAction\":[{\"@type\":\"SearchAction\",\"target\":{\"@type\":\"EntryPoint\",\"urlTemplate\":\"https:\\\/\\\/marktxxl.de\\\/markt\\\/?s={search_term_string}\"},\"query-input\":{\"@type\":\"PropertyValueSpecification\",\"valueRequired\":true,\"valueName\":\"search_term_string\"}}],\"inLanguage\":\"de\"},{\"@type\":\"Organization\",\"@id\":\"https:\\\/\\\/marktxxl.de\\\/markt\\\/#organization\",\"name\":\"Markt-XXL\",\"url\":\"https:\\\/\\\/marktxxl.de\\\/markt\\\/\",\"logo\":{\"@type\":\"ImageObject\",\"inLanguage\":\"de\",\"@id\":\"https:\\\/\\\/marktxxl.de\\\/markt\\\/#\\\/schema\\\/logo\\\/image\\\/\",\"url\":\"https:\\\/\\\/marktxxl.de\\\/markt\\\/wp-content\\\/uploads\\\/sites\\\/3\\\/2020\\\/12\\\/logo.png\",\"contentUrl\":\"https:\\\/\\\/marktxxl.de\\\/markt\\\/wp-content\\\/uploads\\\/sites\\\/3\\\/2020\\\/12\\\/logo.png\",\"width\":200,\"height\":70,\"caption\":\"Markt-XXL\"},\"image\":{\"@id\":\"https:\\\/\\\/marktxxl.de\\\/markt\\\/#\\\/schema\\\/logo\\\/image\\\/\"}}]}<\/script>\n<!-- \/ Yoast SEO plugin. -->","yoast_head_json":{"title":"GL-Turelifes Mermaid Pailletten Chunky Glitter Liquid Lidschatten Glitter Body Gel Festival Glitter Kosmetik Gesicht\u2026 - Markt-XXL","description":"Markt-XXL GL-Turelifes Mermaid Pailletten Chunky Glitter Liquid Lidschatten Glitter Body Gel Festival Glitter Kosmetik Gesicht\u2026","robots":{"index":"index","follow":"follow","max-snippet":"max-snippet:-1","max-image-preview":"max-image-preview:large","max-video-preview":"max-video-preview:-1"},"canonical":"https:\/\/marktxxl.de\/markt\/produkt\/gl-turelifes-mermaid-pailletten-chunky-glitter-liquid-lidschatten-glitter-body-gel-festival-glitter-kosmetik-gesicht-haar-naegel-make-up-long-lasting-sparkling-30-g\/","og_locale":"de_DE","og_type":"article","og_title":"GL-Turelifes Mermaid Pailletten Chunky Glitter Liquid Lidschatten Glitter Body Gel Festival Glitter Kosmetik Gesicht\u2026 - Markt-XXL","og_description":"Markt-XXL GL-Turelifes Mermaid Pailletten Chunky Glitter Liquid Lidschatten Glitter Body Gel Festival Glitter Kosmetik Gesicht\u2026","og_url":"https:\/\/marktxxl.de\/markt\/produkt\/gl-turelifes-mermaid-pailletten-chunky-glitter-liquid-lidschatten-glitter-body-gel-festival-glitter-kosmetik-gesicht-haar-naegel-make-up-long-lasting-sparkling-30-g\/","og_site_name":"Markt-XXL","article_modified_time":"2023-04-11T02:00:46+00:00","og_image":[{"width":500,"height":500,"url":"https:\/\/m.media-amazon.com\/images\/I\/51nb9kRrhPL._SL500_.jpg","type":"image\/jpeg"}],"twitter_card":"summary_large_image","twitter_misc":{"Gesch\u00e4tzte Lesezeit":"1\u00a0Minute"},"schema":{"@context":"https:\/\/schema.org","@graph":[{"@type":"WebPage","@id":"https:\/\/marktxxl.de\/markt\/produkt\/gl-turelifes-mermaid-pailletten-chunky-glitter-liquid-lidschatten-glitter-body-gel-festival-glitter-kosmetik-gesicht-haar-naegel-make-up-long-lasting-sparkling-30-g\/","url":"https:\/\/marktxxl.de\/markt\/produkt\/gl-turelifes-mermaid-pailletten-chunky-glitter-liquid-lidschatten-glitter-body-gel-festival-glitter-kosmetik-gesicht-haar-naegel-make-up-long-lasting-sparkling-30-g\/","name":"GL-Turelifes Mermaid Pailletten Chunky Glitter Liquid Lidschatten Glitter Body Gel Festival Glitter Kosmetik Gesicht\u2026 - Markt-XXL","isPartOf":{"@id":"https:\/\/marktxxl.de\/markt\/#website"},"primaryImageOfPage":{"@id":"https:\/\/marktxxl.de\/markt\/produkt\/gl-turelifes-mermaid-pailletten-chunky-glitter-liquid-lidschatten-glitter-body-gel-festival-glitter-kosmetik-gesicht-haar-naegel-make-up-long-lasting-sparkling-30-g\/#primaryimage"},"image":{"@id":"https:\/\/marktxxl.de\/markt\/produkt\/gl-turelifes-mermaid-pailletten-chunky-glitter-liquid-lidschatten-glitter-body-gel-festival-glitter-kosmetik-gesicht-haar-naegel-make-up-long-lasting-sparkling-30-g\/#primaryimage"},"thumbnailUrl":"https:\/\/m.media-amazon.com\/images\/I\/51nb9kRrhPL._SL500_.jpg","datePublished":"2022-06-13T21:43:48+00:00","dateModified":"2023-04-11T02:00:46+00:00","description":"Markt-XXL GL-Turelifes Mermaid Pailletten Chunky Glitter Liquid Lidschatten Glitter Body Gel Festival Glitter Kosmetik Gesicht\u2026","breadcrumb":{"@id":"https:\/\/marktxxl.de\/markt\/produkt\/gl-turelifes-mermaid-pailletten-chunky-glitter-liquid-lidschatten-glitter-body-gel-festival-glitter-kosmetik-gesicht-haar-naegel-make-up-long-lasting-sparkling-30-g\/#breadcrumb"},"inLanguage":"de","potentialAction":[{"@type":"ReadAction","target":["https:\/\/marktxxl.de\/markt\/produkt\/gl-turelifes-mermaid-pailletten-chunky-glitter-liquid-lidschatten-glitter-body-gel-festival-glitter-kosmetik-gesicht-haar-naegel-make-up-long-lasting-sparkling-30-g\/"]}]},{"@type":"ImageObject","inLanguage":"de","@id":"https:\/\/marktxxl.de\/markt\/produkt\/gl-turelifes-mermaid-pailletten-chunky-glitter-liquid-lidschatten-glitter-body-gel-festival-glitter-kosmetik-gesicht-haar-naegel-make-up-long-lasting-sparkling-30-g\/#primaryimage","url":"https:\/\/m.media-amazon.com\/images\/I\/51nb9kRrhPL._SL500_.jpg","contentUrl":"https:\/\/m.media-amazon.com\/images\/I\/51nb9kRrhPL._SL500_.jpg","width":500,"height":500},{"@type":"BreadcrumbList","@id":"https:\/\/marktxxl.de\/markt\/produkt\/gl-turelifes-mermaid-pailletten-chunky-glitter-liquid-lidschatten-glitter-body-gel-festival-glitter-kosmetik-gesicht-haar-naegel-make-up-long-lasting-sparkling-30-g\/#breadcrumb","itemListElement":[{"@type":"ListItem","position":1,"name":"Startseite","item":"https:\/\/marktxxl.de\/markt\/"},{"@type":"ListItem","position":2,"name":"Markt","item":"https:\/\/marktxxl.de\/markt\/"},{"@type":"ListItem","position":3,"name":"GL-Turelifes Mermaid Pailletten Chunky Glitter Liquid Lidschatten Glitter Body Gel Festival Glitter Kosmetik Gesicht\u2026"}]},{"@type":"WebSite","@id":"https:\/\/marktxxl.de\/markt\/#website","url":"https:\/\/marktxxl.de\/markt\/","name":"Markt-XXL","description":"Ihr Markt Online","publisher":{"@id":"https:\/\/marktxxl.de\/markt\/#organization"},"potentialAction":[{"@type":"SearchAction","target":{"@type":"EntryPoint","urlTemplate":"https:\/\/marktxxl.de\/markt\/?s={search_term_string}"},"query-input":{"@type":"PropertyValueSpecification","valueRequired":true,"valueName":"search_term_string"}}],"inLanguage":"de"},{"@type":"Organization","@id":"https:\/\/marktxxl.de\/markt\/#organization","name":"Markt-XXL","url":"https:\/\/marktxxl.de\/markt\/","logo":{"@type":"ImageObject","inLanguage":"de","@id":"https:\/\/marktxxl.de\/markt\/#\/schema\/logo\/image\/","url":"https:\/\/marktxxl.de\/markt\/wp-content\/uploads\/sites\/3\/2020\/12\/logo.png","contentUrl":"https:\/\/marktxxl.de\/markt\/wp-content\/uploads\/sites\/3\/2020\/12\/logo.png","width":200,"height":70,"caption":"Markt-XXL"},"image":{"@id":"https:\/\/marktxxl.de\/markt\/#\/schema\/logo\/image\/"}}]}},"_links":{"self":[{"href":"https:\/\/marktxxl.de\/markt\/wp-json\/wp\/v2\/product\/127738","targetHints":{"allow":["GET"]}}],"collection":[{"href":"https:\/\/marktxxl.de\/markt\/wp-json\/wp\/v2\/product"}],"about":[{"href":"https:\/\/marktxxl.de\/markt\/wp-json\/wp\/v2\/types\/product"}],"replies":[{"embeddable":true,"href":"https:\/\/marktxxl.de\/markt\/wp-json\/wp\/v2\/comments?post=127738"}],"wp:featuredmedia":[{"embeddable":true,"href":"https:\/\/marktxxl.de\/markt\/wp-json\/wp\/v2\/media\/127739"}],"wp:attachment":[{"href":"https:\/\/marktxxl.de\/markt\/wp-json\/wp\/v2\/media?parent=127738"}],"wp:term":[{"taxonomy":"product_brand","embeddable":true,"href":"https:\/\/marktxxl.de\/markt\/wp-json\/wp\/v2\/product_brand?post=127738"},{"taxonomy":"product_cat","embeddable":true,"href":"https:\/\/marktxxl.de\/markt\/wp-json\/wp\/v2\/product_cat?post=127738"},{"taxonomy":"product_tag","embeddable":true,"href":"https:\/\/marktxxl.de\/markt\/wp-json\/wp\/v2\/product_tag?post=127738"}],"curies":[{"name":"wp","href":"https:\/\/api.w.org\/{rel}","templated":true}]}}