{"id":127728,"date":"2022-06-13T23:43:41","date_gmt":"2022-06-13T21:43:41","guid":{"rendered":"https:\/\/marktxxl.de\/markt\/produkt\/essence-liquid-ink-eyeliner-waterproof-eye-liner-nr-01-schwarz-definierend-langanhaltend-wasserfest-vegan-ohne-parfuem-3ml\/"},"modified":"2023-04-11T04:00:46","modified_gmt":"2023-04-11T02:00:46","slug":"essence-liquid-ink-eyeliner-waterproof-eye-liner-nr-01-schwarz-definierend-langanhaltend-wasserfest-vegan-ohne-parfuem-3ml","status":"publish","type":"product","link":"https:\/\/marktxxl.de\/markt\/produkt\/essence-liquid-ink-eyeliner-waterproof-eye-liner-nr-01-schwarz-definierend-langanhaltend-wasserfest-vegan-ohne-parfuem-3ml\/","title":{"rendered":"essence liquid ink eyeliner waterproof, Eye Liner, Nr. 01, schwarz, definierend, langanhaltend, wasserfest, vegan, ohne\u2026"},"content":{"rendered":"<p>Er ist der absolute Must-have-Eyeliner. Der liquid ink eyeliner waterproof mit dem speziellen, feinen Pinsel-Applikator macht den schwarzen Lidstrich zum Kinderspiel und die Augen zum Eyecatcher.<br \/>\nBeauty-Must-have: Der liquid ink eyeliner in wasserfester Variante. Der extra-feine Pinselapplikator sorgt f\u00fcr einen pr\u00e4zisen, ausdrucksstarken Lidstrich. Die langanhaltende, wasserfeste Textur in intensivem Schwarz erm\u00f6glicht ein definiertes, strahlendes Augen-Make-up.<br \/>\nWasserfest, vegan, ohne Parf\u00fcm, \u00f6lfrei, ohne Parabene, Mikroplastik Partikel frei, ohne Aceton.<br \/>\nWir sagen Nein zu Tierversuchen. cosnova ist mit essence und CATRICE sowohl bei PETA Deutschland als auch bei PETA international gelistet.<br \/>\n<div class=\"main-cross-sell\" data-asin=\"B0093MG0LE\">\n\n\t<div class=\"WooZone-cross-sell-loader\">\n\t\t<div>\n\t\t\t<div id=\"floatingBarsG\">\n\t\t\t\t<div class=\"blockG\" id=\"rotateG_01\"><\/div>\n\t\t\t\t<div class=\"blockG\" id=\"rotateG_02\"><\/div>\n\t\t\t\t<div class=\"blockG\" id=\"rotateG_03\"><\/div>\n\t\t\t\t<div class=\"blockG\" id=\"rotateG_04\"><\/div>\n\t\t\t\t<div class=\"blockG\" id=\"rotateG_05\"><\/div>\n\t\t\t\t<div class=\"blockG\" id=\"rotateG_06\"><\/div>\n\t\t\t\t<div class=\"blockG\" id=\"rotateG_07\"><\/div>\n\t\t\t\t<div class=\"blockG\" id=\"rotateG_08\"><\/div>\n\t\t\t<\/div>\n\t\t\t<div class=\"WooZone-cross-sell-loader-text\"><\/div>\n\t\t<\/div>\n\t<\/div>\n\n\t\t\n<\/div>\n<div style=\"clear:both;\"><\/div><\/p>\n","protected":false},"excerpt":{"rendered":"<p>Er ist der absolute Must-have-Eyeliner. Der liquid ink eyeliner waterproof mit dem speziellen, feinen Pinsel-Applikator macht den schwarzen Lidstrich zum Kinderspiel und die Augen zum Eyecatcher.<br \/>\nBeauty-Must-have: Der liquid ink eyeliner in wasserfester Variante. Der extra-feine Pinselapplikator sorgt f\u00fcr einen pr\u00e4zisen, ausdrucksstarken Lidstrich. Die langanhaltende, wasserfeste Textur in intensivem Schwarz erm\u00f6glicht ein definiertes, strahlendes Augen-Make-up.<br \/>\nWasserfest, vegan, ohne Parf\u00fcm, \u00f6lfrei, ohne Parabene, Mikroplastik Partikel frei, ohne Aceton.<\/p>\n","protected":false},"featured_media":127729,"comment_status":"open","ping_status":"closed","template":"","meta":[],"product_brand":[],"product_cat":[2858,7575],"product_tag":[],"class_list":{"0":"post-127728","1":"product","2":"type-product","3":"status-publish","4":"has-post-thumbnail","6":"product_cat-beauty","7":"product_cat-make-up","8":"pa_binding-badartikel","9":"pa_brand-essence-cosmetics","10":"pa_color-schwarz","11":"pa_height-1-4960629906-zoll","12":"pa_length-0-5511811018-zoll","13":"pa_manufacturer-essence","14":"pa_model-es770546","15":"pa_size-3-ml-1er-pack","16":"pa_weight-0-0220462262-pfund","17":"pa_width-4-8818897588-zoll","19":"first","20":"instock","21":"shipping-taxable","22":"purchasable","23":"product-type-simple","24":"customify-col","25":"product-has-gallery"},"yoast_head":"<!-- This site is optimized with the Yoast SEO plugin v27.4 - https:\/\/yoast.com\/product\/yoast-seo-wordpress\/ -->\n<title>essence liquid ink eyeliner waterproof, Eye Liner, Nr. 01, schwarz, definierend, langanhaltend, wasserfest, vegan, ohne\u2026 - Markt-XXL<\/title>\n<meta name=\"description\" content=\"Markt-XXL essence liquid ink eyeliner waterproof, Eye Liner, Nr. 01, schwarz, definierend, langanhaltend, wasserfest, vegan, ohne\u2026\" \/>\n<meta name=\"robots\" content=\"index, follow, max-snippet:-1, max-image-preview:large, max-video-preview:-1\" \/>\n<link rel=\"canonical\" href=\"https:\/\/marktxxl.de\/markt\/produkt\/essence-liquid-ink-eyeliner-waterproof-eye-liner-nr-01-schwarz-definierend-langanhaltend-wasserfest-vegan-ohne-parfuem-3ml\/\" \/>\n<meta property=\"og:locale\" content=\"de_DE\" \/>\n<meta property=\"og:type\" content=\"article\" \/>\n<meta property=\"og:title\" content=\"essence liquid ink eyeliner waterproof, Eye Liner, Nr. 01, schwarz, definierend, langanhaltend, wasserfest, vegan, ohne\u2026 - Markt-XXL\" \/>\n<meta property=\"og:description\" content=\"Markt-XXL essence liquid ink eyeliner waterproof, Eye Liner, Nr. 01, schwarz, definierend, langanhaltend, wasserfest, vegan, ohne\u2026\" \/>\n<meta property=\"og:url\" content=\"https:\/\/marktxxl.de\/markt\/produkt\/essence-liquid-ink-eyeliner-waterproof-eye-liner-nr-01-schwarz-definierend-langanhaltend-wasserfest-vegan-ohne-parfuem-3ml\/\" \/>\n<meta property=\"og:site_name\" content=\"Markt-XXL\" \/>\n<meta property=\"article:modified_time\" content=\"2023-04-11T02:00:46+00:00\" \/>\n<meta property=\"og:image\" content=\"https:\/\/m.media-amazon.com\/images\/I\/311-rAP98rL._SL500_.jpg\" \/>\n\t<meta property=\"og:image:width\" content=\"500\" \/>\n\t<meta property=\"og:image:height\" content=\"500\" \/>\n\t<meta property=\"og:image:type\" content=\"image\/jpeg\" \/>\n<meta name=\"twitter:card\" content=\"summary_large_image\" \/>\n<meta name=\"twitter:label1\" content=\"Gesch\u00e4tzte Lesezeit\" \/>\n\t<meta name=\"twitter:data1\" content=\"1\u00a0Minute\" \/>\n<script type=\"application\/ld+json\" class=\"yoast-schema-graph\">{\"@context\":\"https:\\\/\\\/schema.org\",\"@graph\":[{\"@type\":\"WebPage\",\"@id\":\"https:\\\/\\\/marktxxl.de\\\/markt\\\/produkt\\\/essence-liquid-ink-eyeliner-waterproof-eye-liner-nr-01-schwarz-definierend-langanhaltend-wasserfest-vegan-ohne-parfuem-3ml\\\/\",\"url\":\"https:\\\/\\\/marktxxl.de\\\/markt\\\/produkt\\\/essence-liquid-ink-eyeliner-waterproof-eye-liner-nr-01-schwarz-definierend-langanhaltend-wasserfest-vegan-ohne-parfuem-3ml\\\/\",\"name\":\"essence liquid ink eyeliner waterproof, Eye Liner, Nr. 01, schwarz, definierend, langanhaltend, wasserfest, vegan, ohne\u2026 - Markt-XXL\",\"isPartOf\":{\"@id\":\"https:\\\/\\\/marktxxl.de\\\/markt\\\/#website\"},\"primaryImageOfPage\":{\"@id\":\"https:\\\/\\\/marktxxl.de\\\/markt\\\/produkt\\\/essence-liquid-ink-eyeliner-waterproof-eye-liner-nr-01-schwarz-definierend-langanhaltend-wasserfest-vegan-ohne-parfuem-3ml\\\/#primaryimage\"},\"image\":{\"@id\":\"https:\\\/\\\/marktxxl.de\\\/markt\\\/produkt\\\/essence-liquid-ink-eyeliner-waterproof-eye-liner-nr-01-schwarz-definierend-langanhaltend-wasserfest-vegan-ohne-parfuem-3ml\\\/#primaryimage\"},\"thumbnailUrl\":\"https:\\\/\\\/m.media-amazon.com\\\/images\\\/I\\\/311-rAP98rL._SL500_.jpg\",\"datePublished\":\"2022-06-13T21:43:41+00:00\",\"dateModified\":\"2023-04-11T02:00:46+00:00\",\"description\":\"Markt-XXL essence liquid ink eyeliner waterproof, Eye Liner, Nr. 01, schwarz, definierend, langanhaltend, wasserfest, vegan, ohne\u2026\",\"breadcrumb\":{\"@id\":\"https:\\\/\\\/marktxxl.de\\\/markt\\\/produkt\\\/essence-liquid-ink-eyeliner-waterproof-eye-liner-nr-01-schwarz-definierend-langanhaltend-wasserfest-vegan-ohne-parfuem-3ml\\\/#breadcrumb\"},\"inLanguage\":\"de\",\"potentialAction\":[{\"@type\":\"ReadAction\",\"target\":[\"https:\\\/\\\/marktxxl.de\\\/markt\\\/produkt\\\/essence-liquid-ink-eyeliner-waterproof-eye-liner-nr-01-schwarz-definierend-langanhaltend-wasserfest-vegan-ohne-parfuem-3ml\\\/\"]}]},{\"@type\":\"ImageObject\",\"inLanguage\":\"de\",\"@id\":\"https:\\\/\\\/marktxxl.de\\\/markt\\\/produkt\\\/essence-liquid-ink-eyeliner-waterproof-eye-liner-nr-01-schwarz-definierend-langanhaltend-wasserfest-vegan-ohne-parfuem-3ml\\\/#primaryimage\",\"url\":\"https:\\\/\\\/m.media-amazon.com\\\/images\\\/I\\\/311-rAP98rL._SL500_.jpg\",\"contentUrl\":\"https:\\\/\\\/m.media-amazon.com\\\/images\\\/I\\\/311-rAP98rL._SL500_.jpg\",\"width\":500,\"height\":500},{\"@type\":\"BreadcrumbList\",\"@id\":\"https:\\\/\\\/marktxxl.de\\\/markt\\\/produkt\\\/essence-liquid-ink-eyeliner-waterproof-eye-liner-nr-01-schwarz-definierend-langanhaltend-wasserfest-vegan-ohne-parfuem-3ml\\\/#breadcrumb\",\"itemListElement\":[{\"@type\":\"ListItem\",\"position\":1,\"name\":\"Startseite\",\"item\":\"https:\\\/\\\/marktxxl.de\\\/markt\\\/\"},{\"@type\":\"ListItem\",\"position\":2,\"name\":\"Markt\",\"item\":\"https:\\\/\\\/marktxxl.de\\\/markt\\\/\"},{\"@type\":\"ListItem\",\"position\":3,\"name\":\"essence liquid ink eyeliner waterproof, Eye Liner, Nr. 01, schwarz, definierend, langanhaltend, wasserfest, vegan, ohne\u2026\"}]},{\"@type\":\"WebSite\",\"@id\":\"https:\\\/\\\/marktxxl.de\\\/markt\\\/#website\",\"url\":\"https:\\\/\\\/marktxxl.de\\\/markt\\\/\",\"name\":\"Markt-XXL\",\"description\":\"Ihr Markt Online\",\"publisher\":{\"@id\":\"https:\\\/\\\/marktxxl.de\\\/markt\\\/#organization\"},\"potentialAction\":[{\"@type\":\"SearchAction\",\"target\":{\"@type\":\"EntryPoint\",\"urlTemplate\":\"https:\\\/\\\/marktxxl.de\\\/markt\\\/?s={search_term_string}\"},\"query-input\":{\"@type\":\"PropertyValueSpecification\",\"valueRequired\":true,\"valueName\":\"search_term_string\"}}],\"inLanguage\":\"de\"},{\"@type\":\"Organization\",\"@id\":\"https:\\\/\\\/marktxxl.de\\\/markt\\\/#organization\",\"name\":\"Markt-XXL\",\"url\":\"https:\\\/\\\/marktxxl.de\\\/markt\\\/\",\"logo\":{\"@type\":\"ImageObject\",\"inLanguage\":\"de\",\"@id\":\"https:\\\/\\\/marktxxl.de\\\/markt\\\/#\\\/schema\\\/logo\\\/image\\\/\",\"url\":\"https:\\\/\\\/marktxxl.de\\\/markt\\\/wp-content\\\/uploads\\\/sites\\\/3\\\/2020\\\/12\\\/logo.png\",\"contentUrl\":\"https:\\\/\\\/marktxxl.de\\\/markt\\\/wp-content\\\/uploads\\\/sites\\\/3\\\/2020\\\/12\\\/logo.png\",\"width\":200,\"height\":70,\"caption\":\"Markt-XXL\"},\"image\":{\"@id\":\"https:\\\/\\\/marktxxl.de\\\/markt\\\/#\\\/schema\\\/logo\\\/image\\\/\"}}]}<\/script>\n<!-- \/ Yoast SEO plugin. -->","yoast_head_json":{"title":"essence liquid ink eyeliner waterproof, Eye Liner, Nr. 01, schwarz, definierend, langanhaltend, wasserfest, vegan, ohne\u2026 - Markt-XXL","description":"Markt-XXL essence liquid ink eyeliner waterproof, Eye Liner, Nr. 01, schwarz, definierend, langanhaltend, wasserfest, vegan, ohne\u2026","robots":{"index":"index","follow":"follow","max-snippet":"max-snippet:-1","max-image-preview":"max-image-preview:large","max-video-preview":"max-video-preview:-1"},"canonical":"https:\/\/marktxxl.de\/markt\/produkt\/essence-liquid-ink-eyeliner-waterproof-eye-liner-nr-01-schwarz-definierend-langanhaltend-wasserfest-vegan-ohne-parfuem-3ml\/","og_locale":"de_DE","og_type":"article","og_title":"essence liquid ink eyeliner waterproof, Eye Liner, Nr. 01, schwarz, definierend, langanhaltend, wasserfest, vegan, ohne\u2026 - Markt-XXL","og_description":"Markt-XXL essence liquid ink eyeliner waterproof, Eye Liner, Nr. 01, schwarz, definierend, langanhaltend, wasserfest, vegan, ohne\u2026","og_url":"https:\/\/marktxxl.de\/markt\/produkt\/essence-liquid-ink-eyeliner-waterproof-eye-liner-nr-01-schwarz-definierend-langanhaltend-wasserfest-vegan-ohne-parfuem-3ml\/","og_site_name":"Markt-XXL","article_modified_time":"2023-04-11T02:00:46+00:00","og_image":[{"width":500,"height":500,"url":"https:\/\/m.media-amazon.com\/images\/I\/311-rAP98rL._SL500_.jpg","type":"image\/jpeg"}],"twitter_card":"summary_large_image","twitter_misc":{"Gesch\u00e4tzte Lesezeit":"1\u00a0Minute"},"schema":{"@context":"https:\/\/schema.org","@graph":[{"@type":"WebPage","@id":"https:\/\/marktxxl.de\/markt\/produkt\/essence-liquid-ink-eyeliner-waterproof-eye-liner-nr-01-schwarz-definierend-langanhaltend-wasserfest-vegan-ohne-parfuem-3ml\/","url":"https:\/\/marktxxl.de\/markt\/produkt\/essence-liquid-ink-eyeliner-waterproof-eye-liner-nr-01-schwarz-definierend-langanhaltend-wasserfest-vegan-ohne-parfuem-3ml\/","name":"essence liquid ink eyeliner waterproof, Eye Liner, Nr. 01, schwarz, definierend, langanhaltend, wasserfest, vegan, ohne\u2026 - Markt-XXL","isPartOf":{"@id":"https:\/\/marktxxl.de\/markt\/#website"},"primaryImageOfPage":{"@id":"https:\/\/marktxxl.de\/markt\/produkt\/essence-liquid-ink-eyeliner-waterproof-eye-liner-nr-01-schwarz-definierend-langanhaltend-wasserfest-vegan-ohne-parfuem-3ml\/#primaryimage"},"image":{"@id":"https:\/\/marktxxl.de\/markt\/produkt\/essence-liquid-ink-eyeliner-waterproof-eye-liner-nr-01-schwarz-definierend-langanhaltend-wasserfest-vegan-ohne-parfuem-3ml\/#primaryimage"},"thumbnailUrl":"https:\/\/m.media-amazon.com\/images\/I\/311-rAP98rL._SL500_.jpg","datePublished":"2022-06-13T21:43:41+00:00","dateModified":"2023-04-11T02:00:46+00:00","description":"Markt-XXL essence liquid ink eyeliner waterproof, Eye Liner, Nr. 01, schwarz, definierend, langanhaltend, wasserfest, vegan, ohne\u2026","breadcrumb":{"@id":"https:\/\/marktxxl.de\/markt\/produkt\/essence-liquid-ink-eyeliner-waterproof-eye-liner-nr-01-schwarz-definierend-langanhaltend-wasserfest-vegan-ohne-parfuem-3ml\/#breadcrumb"},"inLanguage":"de","potentialAction":[{"@type":"ReadAction","target":["https:\/\/marktxxl.de\/markt\/produkt\/essence-liquid-ink-eyeliner-waterproof-eye-liner-nr-01-schwarz-definierend-langanhaltend-wasserfest-vegan-ohne-parfuem-3ml\/"]}]},{"@type":"ImageObject","inLanguage":"de","@id":"https:\/\/marktxxl.de\/markt\/produkt\/essence-liquid-ink-eyeliner-waterproof-eye-liner-nr-01-schwarz-definierend-langanhaltend-wasserfest-vegan-ohne-parfuem-3ml\/#primaryimage","url":"https:\/\/m.media-amazon.com\/images\/I\/311-rAP98rL._SL500_.jpg","contentUrl":"https:\/\/m.media-amazon.com\/images\/I\/311-rAP98rL._SL500_.jpg","width":500,"height":500},{"@type":"BreadcrumbList","@id":"https:\/\/marktxxl.de\/markt\/produkt\/essence-liquid-ink-eyeliner-waterproof-eye-liner-nr-01-schwarz-definierend-langanhaltend-wasserfest-vegan-ohne-parfuem-3ml\/#breadcrumb","itemListElement":[{"@type":"ListItem","position":1,"name":"Startseite","item":"https:\/\/marktxxl.de\/markt\/"},{"@type":"ListItem","position":2,"name":"Markt","item":"https:\/\/marktxxl.de\/markt\/"},{"@type":"ListItem","position":3,"name":"essence liquid ink eyeliner waterproof, Eye Liner, Nr. 01, schwarz, definierend, langanhaltend, wasserfest, vegan, ohne\u2026"}]},{"@type":"WebSite","@id":"https:\/\/marktxxl.de\/markt\/#website","url":"https:\/\/marktxxl.de\/markt\/","name":"Markt-XXL","description":"Ihr Markt Online","publisher":{"@id":"https:\/\/marktxxl.de\/markt\/#organization"},"potentialAction":[{"@type":"SearchAction","target":{"@type":"EntryPoint","urlTemplate":"https:\/\/marktxxl.de\/markt\/?s={search_term_string}"},"query-input":{"@type":"PropertyValueSpecification","valueRequired":true,"valueName":"search_term_string"}}],"inLanguage":"de"},{"@type":"Organization","@id":"https:\/\/marktxxl.de\/markt\/#organization","name":"Markt-XXL","url":"https:\/\/marktxxl.de\/markt\/","logo":{"@type":"ImageObject","inLanguage":"de","@id":"https:\/\/marktxxl.de\/markt\/#\/schema\/logo\/image\/","url":"https:\/\/marktxxl.de\/markt\/wp-content\/uploads\/sites\/3\/2020\/12\/logo.png","contentUrl":"https:\/\/marktxxl.de\/markt\/wp-content\/uploads\/sites\/3\/2020\/12\/logo.png","width":200,"height":70,"caption":"Markt-XXL"},"image":{"@id":"https:\/\/marktxxl.de\/markt\/#\/schema\/logo\/image\/"}}]}},"_links":{"self":[{"href":"https:\/\/marktxxl.de\/markt\/wp-json\/wp\/v2\/product\/127728","targetHints":{"allow":["GET"]}}],"collection":[{"href":"https:\/\/marktxxl.de\/markt\/wp-json\/wp\/v2\/product"}],"about":[{"href":"https:\/\/marktxxl.de\/markt\/wp-json\/wp\/v2\/types\/product"}],"replies":[{"embeddable":true,"href":"https:\/\/marktxxl.de\/markt\/wp-json\/wp\/v2\/comments?post=127728"}],"wp:featuredmedia":[{"embeddable":true,"href":"https:\/\/marktxxl.de\/markt\/wp-json\/wp\/v2\/media\/127729"}],"wp:attachment":[{"href":"https:\/\/marktxxl.de\/markt\/wp-json\/wp\/v2\/media?parent=127728"}],"wp:term":[{"taxonomy":"product_brand","embeddable":true,"href":"https:\/\/marktxxl.de\/markt\/wp-json\/wp\/v2\/product_brand?post=127728"},{"taxonomy":"product_cat","embeddable":true,"href":"https:\/\/marktxxl.de\/markt\/wp-json\/wp\/v2\/product_cat?post=127728"},{"taxonomy":"product_tag","embeddable":true,"href":"https:\/\/marktxxl.de\/markt\/wp-json\/wp\/v2\/product_tag?post=127728"}],"curies":[{"name":"wp","href":"https:\/\/api.w.org\/{rel}","templated":true}]}}