{"id":127683,"date":"2022-06-13T23:41:29","date_gmt":"2022-06-13T21:41:29","guid":{"rendered":"https:\/\/marktxxl.de\/markt\/produkt\/gesicht-edelsteine-6-set-temporaere-tattoos-halloween-festival-glitter-strass-temporaere-tattoo-gesicht-juwelen-kristalle-strasssteine-gesicht-aufkleber-augenbraue-gesicht-koerperschmuck\/"},"modified":"2023-04-11T04:00:46","modified_gmt":"2023-04-11T02:00:46","slug":"gesicht-edelsteine-6-set-temporaere-tattoos-halloween-festival-glitter-strass-temporaere-tattoo-gesicht-juwelen-kristalle-strasssteine-gesicht-aufkleber-augenbraue-gesicht-koerperschmuck","status":"publish","type":"product","link":"https:\/\/marktxxl.de\/markt\/produkt\/gesicht-edelsteine-6-set-temporaere-tattoos-halloween-festival-glitter-strass-temporaere-tattoo-gesicht-juwelen-kristalle-strasssteine-gesicht-aufkleber-augenbraue-gesicht-koerperschmuck\/","title":{"rendered":"Gesicht Edelsteine 6 Set Tempor\u00e4re Tattoos Halloween Festival Glitter, Strass Tempor\u00e4re Tattoo Gesicht Juwelen Kristalle\u2026"},"content":{"rendered":"<p>\ud83d\udc8b\u3010Sicheres Material\u3011 Die Gesicht Edelsteine \u200b\u200bAufkleber sind aus Harz Strass, Kristallen und Glitzer, ungiftig und Umwelt Gesicht Crystal Tattoos Aufkleber<br \/>\n\ud83d\udc8b\u3010Einfach anzubringen\u3011 Die tempor\u00e4ren T\u00e4towierungen des Bindi K\u00f6rpers werden einfach abgezogen und geklebt, wie bei jedem anderen Aufkleber oder tempor\u00e4ren Tattoos. Platziere Gesichtssteine \u200b\u200b\u00fcberall auf deinem Gesicht oder K\u00f6rper<br \/>\n\ud83d\udc8b\u3010Multifunktionale\u3011 6 Stile Gesicht Aufkleber tempor\u00e4re Tattoos sind f\u00fcr Ihr Gesicht und K\u00f6rper, wie Stirn, Augenbrauen, Wangen, um Ihre Augen, Bauch, Brust, R\u00fccken, Arme, H\u00e4nde und sogar Ihre Haare konzipiert<br \/>\n\ud83d\udc8b\u3010Wiederverwendbare\u3011 Die Strass-Gesicht Aufkleber k\u00f6nnen selbstklebend, und einfach anzuwenden, nur abziehen und auf dem Gesicht bleiben Edelsteine \u200b\u200bsind abnehmbar, repositionierbar, wiederverwendbar. Sobald der Kleber ausgetrocknet ist, kann er erneut mit Wimpernkleber aufgetragen werden<br \/>\n\ud83d\udc8b\u3010Mode\u3011 alle dress-up, Kost\u00fcm oder verr\u00fcckte Nacht, Junggesellenabschiede oder Kunst-Performances, etc. Die Gesicht Juwelen sind gl\u00e4nzend, die Sie besonders macht und Blicke auf das Partypublikum<br \/>\n<div class=\"main-cross-sell\" data-asin=\"B07PHBJ8DJ\">\n\n\t<div class=\"WooZone-cross-sell-loader\">\n\t\t<div>\n\t\t\t<div id=\"floatingBarsG\">\n\t\t\t\t<div class=\"blockG\" id=\"rotateG_01\"><\/div>\n\t\t\t\t<div class=\"blockG\" id=\"rotateG_02\"><\/div>\n\t\t\t\t<div class=\"blockG\" id=\"rotateG_03\"><\/div>\n\t\t\t\t<div class=\"blockG\" id=\"rotateG_04\"><\/div>\n\t\t\t\t<div class=\"blockG\" id=\"rotateG_05\"><\/div>\n\t\t\t\t<div class=\"blockG\" id=\"rotateG_06\"><\/div>\n\t\t\t\t<div class=\"blockG\" id=\"rotateG_07\"><\/div>\n\t\t\t\t<div class=\"blockG\" id=\"rotateG_08\"><\/div>\n\t\t\t<\/div>\n\t\t\t<div class=\"WooZone-cross-sell-loader-text\"><\/div>\n\t\t<\/div>\n\t<\/div>\n\n\t\t\n<\/div>\n<div style=\"clear:both;\"><\/div><\/p>\n","protected":false},"excerpt":{"rendered":"<p>\ud83d\udc8b\u3010Sicheres Material\u3011 Die Gesicht Edelsteine \u200b\u200bAufkleber sind aus Harz Strass, Kristallen und Glitzer, ungiftig und Umwelt Gesicht Crystal Tattoos Aufkleber<br \/>\n\ud83d\udc8b\u3010Einfach anzubringen\u3011 Die tempor\u00e4ren T\u00e4towierungen des Bindi K\u00f6rpers werden einfach abgezogen und geklebt, wie bei jedem anderen Aufkleber oder tempor\u00e4ren Tattoos. Platziere Gesichtssteine \u200b\u200b\u00fcberall auf deinem Gesicht oder K\u00f6rper<br \/>\n\ud83d\udc8b\u3010Multifunktionale\u3011 6 Stile Gesicht Aufkleber tempor\u00e4re Tattoos sind f\u00fcr Ihr Gesicht und K\u00f6rper, wie Stirn, Augenbrauen, Wangen, um Ihre Augen, Bauch, Brust, R\u00fccken, Arme, H\u00e4nde und sogar Ihre Haare konzipiert<\/p>\n","protected":false},"featured_media":127684,"comment_status":"open","ping_status":"closed","template":"","meta":[],"product_brand":[],"product_cat":[2858,7575],"product_tag":[],"class_list":{"0":"post-127683","1":"product","2":"type-product","3":"status-publish","4":"has-post-thumbnail","6":"product_cat-beauty","7":"product_cat-make-up","8":"pa_binding-misc","9":"pa_brand-oasmu","10":"pa_color-gesicht-edelsteine-6-set","11":"pa_manufacturer-oasmu","12":"pa_size-6-stueck-1er-pack","14":"first","15":"instock","16":"shipping-taxable","17":"purchasable","18":"product-type-simple","19":"customify-col","20":"product-has-gallery"},"yoast_head":"<!-- This site is optimized with the Yoast SEO plugin v27.4 - https:\/\/yoast.com\/product\/yoast-seo-wordpress\/ -->\n<title>Gesicht Edelsteine 6 Set Tempor\u00e4re Tattoos Halloween Festival Glitter, Strass Tempor\u00e4re Tattoo Gesicht Juwelen Kristalle\u2026 - Markt-XXL<\/title>\n<meta name=\"description\" content=\"Markt-XXL Gesicht Edelsteine 6 Set Tempor\u00e4re Tattoos Halloween Festival Glitter, Strass Tempor\u00e4re Tattoo Gesicht Juwelen Kristalle\u2026\" \/>\n<meta name=\"robots\" content=\"index, follow, max-snippet:-1, max-image-preview:large, max-video-preview:-1\" \/>\n<link rel=\"canonical\" href=\"https:\/\/marktxxl.de\/markt\/produkt\/gesicht-edelsteine-6-set-temporaere-tattoos-halloween-festival-glitter-strass-temporaere-tattoo-gesicht-juwelen-kristalle-strasssteine-gesicht-aufkleber-augenbraue-gesicht-koerperschmuck\/\" \/>\n<meta property=\"og:locale\" content=\"de_DE\" \/>\n<meta property=\"og:type\" content=\"article\" \/>\n<meta property=\"og:title\" content=\"Gesicht Edelsteine 6 Set Tempor\u00e4re Tattoos Halloween Festival Glitter, Strass Tempor\u00e4re Tattoo Gesicht Juwelen Kristalle\u2026 - Markt-XXL\" \/>\n<meta property=\"og:description\" content=\"Markt-XXL Gesicht Edelsteine 6 Set Tempor\u00e4re Tattoos Halloween Festival Glitter, Strass Tempor\u00e4re Tattoo Gesicht Juwelen Kristalle\u2026\" \/>\n<meta property=\"og:url\" content=\"https:\/\/marktxxl.de\/markt\/produkt\/gesicht-edelsteine-6-set-temporaere-tattoos-halloween-festival-glitter-strass-temporaere-tattoo-gesicht-juwelen-kristalle-strasssteine-gesicht-aufkleber-augenbraue-gesicht-koerperschmuck\/\" \/>\n<meta property=\"og:site_name\" content=\"Markt-XXL\" \/>\n<meta property=\"article:modified_time\" content=\"2023-04-11T02:00:46+00:00\" \/>\n<meta property=\"og:image\" content=\"https:\/\/m.media-amazon.com\/images\/I\/516VtWw2xKL._SL500_.jpg\" \/>\n\t<meta property=\"og:image:width\" content=\"500\" \/>\n\t<meta property=\"og:image:height\" content=\"500\" \/>\n\t<meta property=\"og:image:type\" content=\"image\/jpeg\" \/>\n<meta name=\"twitter:card\" content=\"summary_large_image\" \/>\n<meta name=\"twitter:label1\" content=\"Gesch\u00e4tzte Lesezeit\" \/>\n\t<meta name=\"twitter:data1\" content=\"1\u00a0Minute\" \/>\n<script type=\"application\/ld+json\" class=\"yoast-schema-graph\">{\"@context\":\"https:\\\/\\\/schema.org\",\"@graph\":[{\"@type\":\"WebPage\",\"@id\":\"https:\\\/\\\/marktxxl.de\\\/markt\\\/produkt\\\/gesicht-edelsteine-6-set-temporaere-tattoos-halloween-festival-glitter-strass-temporaere-tattoo-gesicht-juwelen-kristalle-strasssteine-gesicht-aufkleber-augenbraue-gesicht-koerperschmuck\\\/\",\"url\":\"https:\\\/\\\/marktxxl.de\\\/markt\\\/produkt\\\/gesicht-edelsteine-6-set-temporaere-tattoos-halloween-festival-glitter-strass-temporaere-tattoo-gesicht-juwelen-kristalle-strasssteine-gesicht-aufkleber-augenbraue-gesicht-koerperschmuck\\\/\",\"name\":\"Gesicht Edelsteine 6 Set Tempor\u00e4re Tattoos Halloween Festival Glitter, Strass Tempor\u00e4re Tattoo Gesicht Juwelen Kristalle\u2026 - Markt-XXL\",\"isPartOf\":{\"@id\":\"https:\\\/\\\/marktxxl.de\\\/markt\\\/#website\"},\"primaryImageOfPage\":{\"@id\":\"https:\\\/\\\/marktxxl.de\\\/markt\\\/produkt\\\/gesicht-edelsteine-6-set-temporaere-tattoos-halloween-festival-glitter-strass-temporaere-tattoo-gesicht-juwelen-kristalle-strasssteine-gesicht-aufkleber-augenbraue-gesicht-koerperschmuck\\\/#primaryimage\"},\"image\":{\"@id\":\"https:\\\/\\\/marktxxl.de\\\/markt\\\/produkt\\\/gesicht-edelsteine-6-set-temporaere-tattoos-halloween-festival-glitter-strass-temporaere-tattoo-gesicht-juwelen-kristalle-strasssteine-gesicht-aufkleber-augenbraue-gesicht-koerperschmuck\\\/#primaryimage\"},\"thumbnailUrl\":\"https:\\\/\\\/m.media-amazon.com\\\/images\\\/I\\\/516VtWw2xKL._SL500_.jpg\",\"datePublished\":\"2022-06-13T21:41:29+00:00\",\"dateModified\":\"2023-04-11T02:00:46+00:00\",\"description\":\"Markt-XXL Gesicht Edelsteine 6 Set Tempor\u00e4re Tattoos Halloween Festival Glitter, Strass Tempor\u00e4re Tattoo Gesicht Juwelen Kristalle\u2026\",\"breadcrumb\":{\"@id\":\"https:\\\/\\\/marktxxl.de\\\/markt\\\/produkt\\\/gesicht-edelsteine-6-set-temporaere-tattoos-halloween-festival-glitter-strass-temporaere-tattoo-gesicht-juwelen-kristalle-strasssteine-gesicht-aufkleber-augenbraue-gesicht-koerperschmuck\\\/#breadcrumb\"},\"inLanguage\":\"de\",\"potentialAction\":[{\"@type\":\"ReadAction\",\"target\":[\"https:\\\/\\\/marktxxl.de\\\/markt\\\/produkt\\\/gesicht-edelsteine-6-set-temporaere-tattoos-halloween-festival-glitter-strass-temporaere-tattoo-gesicht-juwelen-kristalle-strasssteine-gesicht-aufkleber-augenbraue-gesicht-koerperschmuck\\\/\"]}]},{\"@type\":\"ImageObject\",\"inLanguage\":\"de\",\"@id\":\"https:\\\/\\\/marktxxl.de\\\/markt\\\/produkt\\\/gesicht-edelsteine-6-set-temporaere-tattoos-halloween-festival-glitter-strass-temporaere-tattoo-gesicht-juwelen-kristalle-strasssteine-gesicht-aufkleber-augenbraue-gesicht-koerperschmuck\\\/#primaryimage\",\"url\":\"https:\\\/\\\/m.media-amazon.com\\\/images\\\/I\\\/516VtWw2xKL._SL500_.jpg\",\"contentUrl\":\"https:\\\/\\\/m.media-amazon.com\\\/images\\\/I\\\/516VtWw2xKL._SL500_.jpg\",\"width\":500,\"height\":500},{\"@type\":\"BreadcrumbList\",\"@id\":\"https:\\\/\\\/marktxxl.de\\\/markt\\\/produkt\\\/gesicht-edelsteine-6-set-temporaere-tattoos-halloween-festival-glitter-strass-temporaere-tattoo-gesicht-juwelen-kristalle-strasssteine-gesicht-aufkleber-augenbraue-gesicht-koerperschmuck\\\/#breadcrumb\",\"itemListElement\":[{\"@type\":\"ListItem\",\"position\":1,\"name\":\"Startseite\",\"item\":\"https:\\\/\\\/marktxxl.de\\\/markt\\\/\"},{\"@type\":\"ListItem\",\"position\":2,\"name\":\"Markt\",\"item\":\"https:\\\/\\\/marktxxl.de\\\/markt\\\/\"},{\"@type\":\"ListItem\",\"position\":3,\"name\":\"Gesicht Edelsteine 6 Set Tempor\u00e4re Tattoos Halloween Festival Glitter, Strass Tempor\u00e4re Tattoo Gesicht Juwelen Kristalle\u2026\"}]},{\"@type\":\"WebSite\",\"@id\":\"https:\\\/\\\/marktxxl.de\\\/markt\\\/#website\",\"url\":\"https:\\\/\\\/marktxxl.de\\\/markt\\\/\",\"name\":\"Markt-XXL\",\"description\":\"Ihr Markt Online\",\"publisher\":{\"@id\":\"https:\\\/\\\/marktxxl.de\\\/markt\\\/#organization\"},\"potentialAction\":[{\"@type\":\"SearchAction\",\"target\":{\"@type\":\"EntryPoint\",\"urlTemplate\":\"https:\\\/\\\/marktxxl.de\\\/markt\\\/?s={search_term_string}\"},\"query-input\":{\"@type\":\"PropertyValueSpecification\",\"valueRequired\":true,\"valueName\":\"search_term_string\"}}],\"inLanguage\":\"de\"},{\"@type\":\"Organization\",\"@id\":\"https:\\\/\\\/marktxxl.de\\\/markt\\\/#organization\",\"name\":\"Markt-XXL\",\"url\":\"https:\\\/\\\/marktxxl.de\\\/markt\\\/\",\"logo\":{\"@type\":\"ImageObject\",\"inLanguage\":\"de\",\"@id\":\"https:\\\/\\\/marktxxl.de\\\/markt\\\/#\\\/schema\\\/logo\\\/image\\\/\",\"url\":\"https:\\\/\\\/marktxxl.de\\\/markt\\\/wp-content\\\/uploads\\\/sites\\\/3\\\/2020\\\/12\\\/logo.png\",\"contentUrl\":\"https:\\\/\\\/marktxxl.de\\\/markt\\\/wp-content\\\/uploads\\\/sites\\\/3\\\/2020\\\/12\\\/logo.png\",\"width\":200,\"height\":70,\"caption\":\"Markt-XXL\"},\"image\":{\"@id\":\"https:\\\/\\\/marktxxl.de\\\/markt\\\/#\\\/schema\\\/logo\\\/image\\\/\"}}]}<\/script>\n<!-- \/ Yoast SEO plugin. -->","yoast_head_json":{"title":"Gesicht Edelsteine 6 Set Tempor\u00e4re Tattoos Halloween Festival Glitter, Strass Tempor\u00e4re Tattoo Gesicht Juwelen Kristalle\u2026 - Markt-XXL","description":"Markt-XXL Gesicht Edelsteine 6 Set Tempor\u00e4re Tattoos Halloween Festival Glitter, Strass Tempor\u00e4re Tattoo Gesicht Juwelen Kristalle\u2026","robots":{"index":"index","follow":"follow","max-snippet":"max-snippet:-1","max-image-preview":"max-image-preview:large","max-video-preview":"max-video-preview:-1"},"canonical":"https:\/\/marktxxl.de\/markt\/produkt\/gesicht-edelsteine-6-set-temporaere-tattoos-halloween-festival-glitter-strass-temporaere-tattoo-gesicht-juwelen-kristalle-strasssteine-gesicht-aufkleber-augenbraue-gesicht-koerperschmuck\/","og_locale":"de_DE","og_type":"article","og_title":"Gesicht Edelsteine 6 Set Tempor\u00e4re Tattoos Halloween Festival Glitter, Strass Tempor\u00e4re Tattoo Gesicht Juwelen Kristalle\u2026 - Markt-XXL","og_description":"Markt-XXL Gesicht Edelsteine 6 Set Tempor\u00e4re Tattoos Halloween Festival Glitter, Strass Tempor\u00e4re Tattoo Gesicht Juwelen Kristalle\u2026","og_url":"https:\/\/marktxxl.de\/markt\/produkt\/gesicht-edelsteine-6-set-temporaere-tattoos-halloween-festival-glitter-strass-temporaere-tattoo-gesicht-juwelen-kristalle-strasssteine-gesicht-aufkleber-augenbraue-gesicht-koerperschmuck\/","og_site_name":"Markt-XXL","article_modified_time":"2023-04-11T02:00:46+00:00","og_image":[{"width":500,"height":500,"url":"https:\/\/m.media-amazon.com\/images\/I\/516VtWw2xKL._SL500_.jpg","type":"image\/jpeg"}],"twitter_card":"summary_large_image","twitter_misc":{"Gesch\u00e4tzte Lesezeit":"1\u00a0Minute"},"schema":{"@context":"https:\/\/schema.org","@graph":[{"@type":"WebPage","@id":"https:\/\/marktxxl.de\/markt\/produkt\/gesicht-edelsteine-6-set-temporaere-tattoos-halloween-festival-glitter-strass-temporaere-tattoo-gesicht-juwelen-kristalle-strasssteine-gesicht-aufkleber-augenbraue-gesicht-koerperschmuck\/","url":"https:\/\/marktxxl.de\/markt\/produkt\/gesicht-edelsteine-6-set-temporaere-tattoos-halloween-festival-glitter-strass-temporaere-tattoo-gesicht-juwelen-kristalle-strasssteine-gesicht-aufkleber-augenbraue-gesicht-koerperschmuck\/","name":"Gesicht Edelsteine 6 Set Tempor\u00e4re Tattoos Halloween Festival Glitter, Strass Tempor\u00e4re Tattoo Gesicht Juwelen Kristalle\u2026 - Markt-XXL","isPartOf":{"@id":"https:\/\/marktxxl.de\/markt\/#website"},"primaryImageOfPage":{"@id":"https:\/\/marktxxl.de\/markt\/produkt\/gesicht-edelsteine-6-set-temporaere-tattoos-halloween-festival-glitter-strass-temporaere-tattoo-gesicht-juwelen-kristalle-strasssteine-gesicht-aufkleber-augenbraue-gesicht-koerperschmuck\/#primaryimage"},"image":{"@id":"https:\/\/marktxxl.de\/markt\/produkt\/gesicht-edelsteine-6-set-temporaere-tattoos-halloween-festival-glitter-strass-temporaere-tattoo-gesicht-juwelen-kristalle-strasssteine-gesicht-aufkleber-augenbraue-gesicht-koerperschmuck\/#primaryimage"},"thumbnailUrl":"https:\/\/m.media-amazon.com\/images\/I\/516VtWw2xKL._SL500_.jpg","datePublished":"2022-06-13T21:41:29+00:00","dateModified":"2023-04-11T02:00:46+00:00","description":"Markt-XXL Gesicht Edelsteine 6 Set Tempor\u00e4re Tattoos Halloween Festival Glitter, Strass Tempor\u00e4re Tattoo Gesicht Juwelen Kristalle\u2026","breadcrumb":{"@id":"https:\/\/marktxxl.de\/markt\/produkt\/gesicht-edelsteine-6-set-temporaere-tattoos-halloween-festival-glitter-strass-temporaere-tattoo-gesicht-juwelen-kristalle-strasssteine-gesicht-aufkleber-augenbraue-gesicht-koerperschmuck\/#breadcrumb"},"inLanguage":"de","potentialAction":[{"@type":"ReadAction","target":["https:\/\/marktxxl.de\/markt\/produkt\/gesicht-edelsteine-6-set-temporaere-tattoos-halloween-festival-glitter-strass-temporaere-tattoo-gesicht-juwelen-kristalle-strasssteine-gesicht-aufkleber-augenbraue-gesicht-koerperschmuck\/"]}]},{"@type":"ImageObject","inLanguage":"de","@id":"https:\/\/marktxxl.de\/markt\/produkt\/gesicht-edelsteine-6-set-temporaere-tattoos-halloween-festival-glitter-strass-temporaere-tattoo-gesicht-juwelen-kristalle-strasssteine-gesicht-aufkleber-augenbraue-gesicht-koerperschmuck\/#primaryimage","url":"https:\/\/m.media-amazon.com\/images\/I\/516VtWw2xKL._SL500_.jpg","contentUrl":"https:\/\/m.media-amazon.com\/images\/I\/516VtWw2xKL._SL500_.jpg","width":500,"height":500},{"@type":"BreadcrumbList","@id":"https:\/\/marktxxl.de\/markt\/produkt\/gesicht-edelsteine-6-set-temporaere-tattoos-halloween-festival-glitter-strass-temporaere-tattoo-gesicht-juwelen-kristalle-strasssteine-gesicht-aufkleber-augenbraue-gesicht-koerperschmuck\/#breadcrumb","itemListElement":[{"@type":"ListItem","position":1,"name":"Startseite","item":"https:\/\/marktxxl.de\/markt\/"},{"@type":"ListItem","position":2,"name":"Markt","item":"https:\/\/marktxxl.de\/markt\/"},{"@type":"ListItem","position":3,"name":"Gesicht Edelsteine 6 Set Tempor\u00e4re Tattoos Halloween Festival Glitter, Strass Tempor\u00e4re Tattoo Gesicht Juwelen Kristalle\u2026"}]},{"@type":"WebSite","@id":"https:\/\/marktxxl.de\/markt\/#website","url":"https:\/\/marktxxl.de\/markt\/","name":"Markt-XXL","description":"Ihr Markt Online","publisher":{"@id":"https:\/\/marktxxl.de\/markt\/#organization"},"potentialAction":[{"@type":"SearchAction","target":{"@type":"EntryPoint","urlTemplate":"https:\/\/marktxxl.de\/markt\/?s={search_term_string}"},"query-input":{"@type":"PropertyValueSpecification","valueRequired":true,"valueName":"search_term_string"}}],"inLanguage":"de"},{"@type":"Organization","@id":"https:\/\/marktxxl.de\/markt\/#organization","name":"Markt-XXL","url":"https:\/\/marktxxl.de\/markt\/","logo":{"@type":"ImageObject","inLanguage":"de","@id":"https:\/\/marktxxl.de\/markt\/#\/schema\/logo\/image\/","url":"https:\/\/marktxxl.de\/markt\/wp-content\/uploads\/sites\/3\/2020\/12\/logo.png","contentUrl":"https:\/\/marktxxl.de\/markt\/wp-content\/uploads\/sites\/3\/2020\/12\/logo.png","width":200,"height":70,"caption":"Markt-XXL"},"image":{"@id":"https:\/\/marktxxl.de\/markt\/#\/schema\/logo\/image\/"}}]}},"_links":{"self":[{"href":"https:\/\/marktxxl.de\/markt\/wp-json\/wp\/v2\/product\/127683","targetHints":{"allow":["GET"]}}],"collection":[{"href":"https:\/\/marktxxl.de\/markt\/wp-json\/wp\/v2\/product"}],"about":[{"href":"https:\/\/marktxxl.de\/markt\/wp-json\/wp\/v2\/types\/product"}],"replies":[{"embeddable":true,"href":"https:\/\/marktxxl.de\/markt\/wp-json\/wp\/v2\/comments?post=127683"}],"wp:featuredmedia":[{"embeddable":true,"href":"https:\/\/marktxxl.de\/markt\/wp-json\/wp\/v2\/media\/127684"}],"wp:attachment":[{"href":"https:\/\/marktxxl.de\/markt\/wp-json\/wp\/v2\/media?parent=127683"}],"wp:term":[{"taxonomy":"product_brand","embeddable":true,"href":"https:\/\/marktxxl.de\/markt\/wp-json\/wp\/v2\/product_brand?post=127683"},{"taxonomy":"product_cat","embeddable":true,"href":"https:\/\/marktxxl.de\/markt\/wp-json\/wp\/v2\/product_cat?post=127683"},{"taxonomy":"product_tag","embeddable":true,"href":"https:\/\/marktxxl.de\/markt\/wp-json\/wp\/v2\/product_tag?post=127683"}],"curies":[{"name":"wp","href":"https:\/\/api.w.org\/{rel}","templated":true}]}}