{"id":127669,"date":"2022-06-13T23:41:14","date_gmt":"2022-06-13T21:41:14","guid":{"rendered":"https:\/\/marktxxl.de\/markt\/produkt\/temporaere-metallic-klebe-tattoos-temporaere-taetowierung-in-metallic-gold-silber-schwarz-tuerkis-zum-aufkleben-auf-die-haut-12-tattooboegen-mit-henna-koerpertattoos-fuer-body-art\/"},"modified":"2023-04-11T04:00:46","modified_gmt":"2023-04-11T02:00:46","slug":"temporaere-metallic-klebe-tattoos-temporaere-taetowierung-in-metallic-gold-silber-schwarz-tuerkis-zum-aufkleben-auf-die-haut-12-tattooboegen-mit-henna-koerpertattoos-fuer-body-art","status":"publish","type":"product","link":"https:\/\/marktxxl.de\/markt\/produkt\/temporaere-metallic-klebe-tattoos-temporaere-taetowierung-in-metallic-gold-silber-schwarz-tuerkis-zum-aufkleben-auf-die-haut-12-tattooboegen-mit-henna-koerpertattoos-fuer-body-art\/","title":{"rendered":"Tempor\u00e4re Metallic Klebe-Tattoos |Tempor\u00e4re T\u00e4towierung in metallic Gold, Silber, Schwarz &amp; T\u00fcrkis zum Aufkleben auf die\u2026"},"content":{"rendered":"<p>WASSERFEST &amp; EXTRA LANGER HALT: Ob Poolparty, schwei\u00dftreibendes Tanzen oder Duschen &#8211; AKTIIV Klebe-Tattoos eignen sich f\u00fcr einen aktiven Lebensstil. Wir verwenden f\u00fcr alle T\u00e4towierungen einen hochwertigen, wasserfesten Klebstoff f\u00fcr 2-5 Tage T\u00e4towierspa\u00df (es sei denn, Sie m\u00f6chten ihn vorher entfernen).<br \/>\nSEHR EINFACH ZU ENTFERNEN &#8211; Wenn das Festival oder der Urlaub zu Ende ist und Sie wieder mit der Arbeit oder dem Studium beginnen, m\u00f6chten Sie nicht mehr funkeln. Unsere T\u00e4towierungen lassen sich leicht mit etwas \u00d6l entfernen, sodass Sie die T\u00e4towierung nicht durch Streifen oder purpurrote Haut ersetzen k\u00f6nnen.<br \/>\n\u00c4NDERUNG F\u00dcR IHR STYLING &#8211; Mit 120 sch\u00f6nen und trendigen Designs sind Sie f\u00fcr eine Vielzahl von Anl\u00e4ssen ger\u00fcstet. Ob Armreifen, Federn, Traumf\u00e4nger, Pfeile, Ornamente und Schriftz\u00fcge &#8230; mit den 12 B\u00f6gen ist f\u00fcr jeden etwas dabei!<br \/>\nSUPER EINFACHE ANWENDUNG &#8211; Schneiden Sie das gew\u00fcnschte Motiv aus, entfernen Sie die Folie, befeuchten Sie sie mit etwas Wasser, dr\u00fccken Sie die Haut etwa eine Minute lang an und ziehen Sie sie dann leicht ab. Fertig!<br \/>\n30 TAGE AUSTAUSCH ODER GELD-ZUR\u00dcCK-GARANTIE: Wir sind ein kleines kreatives Unternehmen und die Kundenzufriedenheit hat f\u00fcr uns h\u00f6chste Priorit\u00e4t. Wenn Sie aus irgendeinem Grund unzufrieden sind, kontaktieren Sie uns einfach und wir werden Ihr Problem innerhalb von 24 Stunden l\u00f6sen.<br \/>\n<div class=\"main-cross-sell\" data-asin=\"B07Q2J9QTF\">\n\n\t<div class=\"WooZone-cross-sell-loader\">\n\t\t<div>\n\t\t\t<div id=\"floatingBarsG\">\n\t\t\t\t<div class=\"blockG\" id=\"rotateG_01\"><\/div>\n\t\t\t\t<div class=\"blockG\" id=\"rotateG_02\"><\/div>\n\t\t\t\t<div class=\"blockG\" id=\"rotateG_03\"><\/div>\n\t\t\t\t<div class=\"blockG\" id=\"rotateG_04\"><\/div>\n\t\t\t\t<div class=\"blockG\" id=\"rotateG_05\"><\/div>\n\t\t\t\t<div class=\"blockG\" id=\"rotateG_06\"><\/div>\n\t\t\t\t<div class=\"blockG\" id=\"rotateG_07\"><\/div>\n\t\t\t\t<div class=\"blockG\" id=\"rotateG_08\"><\/div>\n\t\t\t<\/div>\n\t\t\t<div class=\"WooZone-cross-sell-loader-text\"><\/div>\n\t\t<\/div>\n\t<\/div>\n\n\t\t\n<\/div>\n<div style=\"clear:both;\"><\/div><\/p>\n","protected":false},"excerpt":{"rendered":"<p>WASSERFEST &amp; EXTRA LANGER HALT: Ob Poolparty, schwei\u00dftreibendes Tanzen oder Duschen &#8211; AKTIIV Klebe-Tattoos eignen sich f\u00fcr einen aktiven Lebensstil. Wir verwenden f\u00fcr alle T\u00e4towierungen einen hochwertigen, wasserfesten Klebstoff f\u00fcr 2-5 Tage T\u00e4towierspa\u00df (es sei denn, Sie m\u00f6chten ihn vorher entfernen).<br \/>\nSEHR EINFACH ZU ENTFERNEN &#8211; Wenn das Festival oder der Urlaub zu Ende ist und Sie wieder mit der Arbeit oder dem Studium beginnen, m\u00f6chten Sie nicht mehr funkeln. Unsere T\u00e4towierungen lassen sich leicht mit etwas \u00d6l entfernen, sodass Sie die T\u00e4towierung nicht durch Streifen oder purpurrote Haut ersetzen k\u00f6nnen.<br \/>\n\u00c4NDERUNG F\u00dcR IHR STYLING &#8211; Mit 120 sch\u00f6nen und trendigen Designs sind Sie f\u00fcr eine Vielzahl von Anl\u00e4ssen ger\u00fcstet. Ob Armreifen, Federn, Traumf\u00e4nger, Pfeile, Ornamente und Schriftz\u00fcge &#8230; mit den 12 B\u00f6gen ist f\u00fcr jeden etwas dabei!<\/p>\n","protected":false},"featured_media":127670,"comment_status":"open","ping_status":"closed","template":"","meta":[],"product_brand":[],"product_cat":[2858,7575],"product_tag":[],"class_list":{"0":"post-127669","1":"product","2":"type-product","3":"status-publish","4":"has-post-thumbnail","6":"product_cat-beauty","7":"product_cat-make-up","8":"pa_binding-badartikel","9":"pa_brand-hoshin","10":"pa_color-gold","11":"pa_manufacturer-hoshin","12":"pa_model-hstt012","13":"pa_size-12-stueck-1er-pack","15":"first","16":"instock","17":"shipping-taxable","18":"purchasable","19":"product-type-simple","20":"customify-col","21":"product-has-gallery"},"yoast_head":"<!-- This site is optimized with the Yoast SEO plugin v27.4 - https:\/\/yoast.com\/product\/yoast-seo-wordpress\/ -->\n<title>Tempor\u00e4re Metallic Klebe-Tattoos |Tempor\u00e4re T\u00e4towierung in metallic Gold, Silber, Schwarz &amp; T\u00fcrkis zum Aufkleben auf die\u2026 - Markt-XXL<\/title>\n<meta name=\"description\" content=\"Markt-XXL Tempor\u00e4re Metallic Klebe-Tattoos |Tempor\u00e4re T\u00e4towierung in metallic Gold, Silber, Schwarz &amp; T\u00fcrkis zum Aufkleben auf die\u2026\" \/>\n<meta name=\"robots\" content=\"index, follow, max-snippet:-1, max-image-preview:large, max-video-preview:-1\" \/>\n<link rel=\"canonical\" href=\"https:\/\/marktxxl.de\/markt\/produkt\/temporaere-metallic-klebe-tattoos-temporaere-taetowierung-in-metallic-gold-silber-schwarz-tuerkis-zum-aufkleben-auf-die-haut-12-tattooboegen-mit-henna-koerpertattoos-fuer-body-art\/\" \/>\n<meta property=\"og:locale\" content=\"de_DE\" \/>\n<meta property=\"og:type\" content=\"article\" \/>\n<meta property=\"og:title\" content=\"Tempor\u00e4re Metallic Klebe-Tattoos |Tempor\u00e4re T\u00e4towierung in metallic Gold, Silber, Schwarz &amp; T\u00fcrkis zum Aufkleben auf die\u2026 - Markt-XXL\" \/>\n<meta property=\"og:description\" content=\"Markt-XXL Tempor\u00e4re Metallic Klebe-Tattoos |Tempor\u00e4re T\u00e4towierung in metallic Gold, Silber, Schwarz &amp; T\u00fcrkis zum Aufkleben auf die\u2026\" \/>\n<meta property=\"og:url\" content=\"https:\/\/marktxxl.de\/markt\/produkt\/temporaere-metallic-klebe-tattoos-temporaere-taetowierung-in-metallic-gold-silber-schwarz-tuerkis-zum-aufkleben-auf-die-haut-12-tattooboegen-mit-henna-koerpertattoos-fuer-body-art\/\" \/>\n<meta property=\"og:site_name\" content=\"Markt-XXL\" \/>\n<meta property=\"article:modified_time\" content=\"2023-04-11T02:00:46+00:00\" \/>\n<meta property=\"og:image\" content=\"https:\/\/m.media-amazon.com\/images\/I\/51cCjdZVAnL._SL500_.jpg\" \/>\n\t<meta property=\"og:image:width\" content=\"500\" \/>\n\t<meta property=\"og:image:height\" content=\"500\" \/>\n\t<meta property=\"og:image:type\" content=\"image\/jpeg\" \/>\n<meta name=\"twitter:card\" content=\"summary_large_image\" \/>\n<meta name=\"twitter:label1\" content=\"Gesch\u00e4tzte Lesezeit\" \/>\n\t<meta name=\"twitter:data1\" content=\"1\u00a0Minute\" \/>\n<script type=\"application\/ld+json\" class=\"yoast-schema-graph\">{\"@context\":\"https:\\\/\\\/schema.org\",\"@graph\":[{\"@type\":\"WebPage\",\"@id\":\"https:\\\/\\\/marktxxl.de\\\/markt\\\/produkt\\\/temporaere-metallic-klebe-tattoos-temporaere-taetowierung-in-metallic-gold-silber-schwarz-tuerkis-zum-aufkleben-auf-die-haut-12-tattooboegen-mit-henna-koerpertattoos-fuer-body-art\\\/\",\"url\":\"https:\\\/\\\/marktxxl.de\\\/markt\\\/produkt\\\/temporaere-metallic-klebe-tattoos-temporaere-taetowierung-in-metallic-gold-silber-schwarz-tuerkis-zum-aufkleben-auf-die-haut-12-tattooboegen-mit-henna-koerpertattoos-fuer-body-art\\\/\",\"name\":\"Tempor\u00e4re Metallic Klebe-Tattoos |Tempor\u00e4re T\u00e4towierung in metallic Gold, Silber, Schwarz &amp; T\u00fcrkis zum Aufkleben auf die\u2026 - Markt-XXL\",\"isPartOf\":{\"@id\":\"https:\\\/\\\/marktxxl.de\\\/markt\\\/#website\"},\"primaryImageOfPage\":{\"@id\":\"https:\\\/\\\/marktxxl.de\\\/markt\\\/produkt\\\/temporaere-metallic-klebe-tattoos-temporaere-taetowierung-in-metallic-gold-silber-schwarz-tuerkis-zum-aufkleben-auf-die-haut-12-tattooboegen-mit-henna-koerpertattoos-fuer-body-art\\\/#primaryimage\"},\"image\":{\"@id\":\"https:\\\/\\\/marktxxl.de\\\/markt\\\/produkt\\\/temporaere-metallic-klebe-tattoos-temporaere-taetowierung-in-metallic-gold-silber-schwarz-tuerkis-zum-aufkleben-auf-die-haut-12-tattooboegen-mit-henna-koerpertattoos-fuer-body-art\\\/#primaryimage\"},\"thumbnailUrl\":\"https:\\\/\\\/m.media-amazon.com\\\/images\\\/I\\\/51cCjdZVAnL._SL500_.jpg\",\"datePublished\":\"2022-06-13T21:41:14+00:00\",\"dateModified\":\"2023-04-11T02:00:46+00:00\",\"description\":\"Markt-XXL Tempor\u00e4re Metallic Klebe-Tattoos |Tempor\u00e4re T\u00e4towierung in metallic Gold, Silber, Schwarz &amp; T\u00fcrkis zum Aufkleben auf die\u2026\",\"breadcrumb\":{\"@id\":\"https:\\\/\\\/marktxxl.de\\\/markt\\\/produkt\\\/temporaere-metallic-klebe-tattoos-temporaere-taetowierung-in-metallic-gold-silber-schwarz-tuerkis-zum-aufkleben-auf-die-haut-12-tattooboegen-mit-henna-koerpertattoos-fuer-body-art\\\/#breadcrumb\"},\"inLanguage\":\"de\",\"potentialAction\":[{\"@type\":\"ReadAction\",\"target\":[\"https:\\\/\\\/marktxxl.de\\\/markt\\\/produkt\\\/temporaere-metallic-klebe-tattoos-temporaere-taetowierung-in-metallic-gold-silber-schwarz-tuerkis-zum-aufkleben-auf-die-haut-12-tattooboegen-mit-henna-koerpertattoos-fuer-body-art\\\/\"]}]},{\"@type\":\"ImageObject\",\"inLanguage\":\"de\",\"@id\":\"https:\\\/\\\/marktxxl.de\\\/markt\\\/produkt\\\/temporaere-metallic-klebe-tattoos-temporaere-taetowierung-in-metallic-gold-silber-schwarz-tuerkis-zum-aufkleben-auf-die-haut-12-tattooboegen-mit-henna-koerpertattoos-fuer-body-art\\\/#primaryimage\",\"url\":\"https:\\\/\\\/m.media-amazon.com\\\/images\\\/I\\\/51cCjdZVAnL._SL500_.jpg\",\"contentUrl\":\"https:\\\/\\\/m.media-amazon.com\\\/images\\\/I\\\/51cCjdZVAnL._SL500_.jpg\",\"width\":500,\"height\":500},{\"@type\":\"BreadcrumbList\",\"@id\":\"https:\\\/\\\/marktxxl.de\\\/markt\\\/produkt\\\/temporaere-metallic-klebe-tattoos-temporaere-taetowierung-in-metallic-gold-silber-schwarz-tuerkis-zum-aufkleben-auf-die-haut-12-tattooboegen-mit-henna-koerpertattoos-fuer-body-art\\\/#breadcrumb\",\"itemListElement\":[{\"@type\":\"ListItem\",\"position\":1,\"name\":\"Startseite\",\"item\":\"https:\\\/\\\/marktxxl.de\\\/markt\\\/\"},{\"@type\":\"ListItem\",\"position\":2,\"name\":\"Markt\",\"item\":\"https:\\\/\\\/marktxxl.de\\\/markt\\\/\"},{\"@type\":\"ListItem\",\"position\":3,\"name\":\"Tempor\u00e4re Metallic Klebe-Tattoos |Tempor\u00e4re T\u00e4towierung in metallic Gold, Silber, Schwarz &amp; T\u00fcrkis zum Aufkleben auf die\u2026\"}]},{\"@type\":\"WebSite\",\"@id\":\"https:\\\/\\\/marktxxl.de\\\/markt\\\/#website\",\"url\":\"https:\\\/\\\/marktxxl.de\\\/markt\\\/\",\"name\":\"Markt-XXL\",\"description\":\"Ihr Markt Online\",\"publisher\":{\"@id\":\"https:\\\/\\\/marktxxl.de\\\/markt\\\/#organization\"},\"potentialAction\":[{\"@type\":\"SearchAction\",\"target\":{\"@type\":\"EntryPoint\",\"urlTemplate\":\"https:\\\/\\\/marktxxl.de\\\/markt\\\/?s={search_term_string}\"},\"query-input\":{\"@type\":\"PropertyValueSpecification\",\"valueRequired\":true,\"valueName\":\"search_term_string\"}}],\"inLanguage\":\"de\"},{\"@type\":\"Organization\",\"@id\":\"https:\\\/\\\/marktxxl.de\\\/markt\\\/#organization\",\"name\":\"Markt-XXL\",\"url\":\"https:\\\/\\\/marktxxl.de\\\/markt\\\/\",\"logo\":{\"@type\":\"ImageObject\",\"inLanguage\":\"de\",\"@id\":\"https:\\\/\\\/marktxxl.de\\\/markt\\\/#\\\/schema\\\/logo\\\/image\\\/\",\"url\":\"https:\\\/\\\/marktxxl.de\\\/markt\\\/wp-content\\\/uploads\\\/sites\\\/3\\\/2020\\\/12\\\/logo.png\",\"contentUrl\":\"https:\\\/\\\/marktxxl.de\\\/markt\\\/wp-content\\\/uploads\\\/sites\\\/3\\\/2020\\\/12\\\/logo.png\",\"width\":200,\"height\":70,\"caption\":\"Markt-XXL\"},\"image\":{\"@id\":\"https:\\\/\\\/marktxxl.de\\\/markt\\\/#\\\/schema\\\/logo\\\/image\\\/\"}}]}<\/script>\n<!-- \/ Yoast SEO plugin. -->","yoast_head_json":{"title":"Tempor\u00e4re Metallic Klebe-Tattoos |Tempor\u00e4re T\u00e4towierung in metallic Gold, Silber, Schwarz &amp; T\u00fcrkis zum Aufkleben auf die\u2026 - Markt-XXL","description":"Markt-XXL Tempor\u00e4re Metallic Klebe-Tattoos |Tempor\u00e4re T\u00e4towierung in metallic Gold, Silber, Schwarz &amp; T\u00fcrkis zum Aufkleben auf die\u2026","robots":{"index":"index","follow":"follow","max-snippet":"max-snippet:-1","max-image-preview":"max-image-preview:large","max-video-preview":"max-video-preview:-1"},"canonical":"https:\/\/marktxxl.de\/markt\/produkt\/temporaere-metallic-klebe-tattoos-temporaere-taetowierung-in-metallic-gold-silber-schwarz-tuerkis-zum-aufkleben-auf-die-haut-12-tattooboegen-mit-henna-koerpertattoos-fuer-body-art\/","og_locale":"de_DE","og_type":"article","og_title":"Tempor\u00e4re Metallic Klebe-Tattoos |Tempor\u00e4re T\u00e4towierung in metallic Gold, Silber, Schwarz &amp; T\u00fcrkis zum Aufkleben auf die\u2026 - Markt-XXL","og_description":"Markt-XXL Tempor\u00e4re Metallic Klebe-Tattoos |Tempor\u00e4re T\u00e4towierung in metallic Gold, Silber, Schwarz &amp; T\u00fcrkis zum Aufkleben auf die\u2026","og_url":"https:\/\/marktxxl.de\/markt\/produkt\/temporaere-metallic-klebe-tattoos-temporaere-taetowierung-in-metallic-gold-silber-schwarz-tuerkis-zum-aufkleben-auf-die-haut-12-tattooboegen-mit-henna-koerpertattoos-fuer-body-art\/","og_site_name":"Markt-XXL","article_modified_time":"2023-04-11T02:00:46+00:00","og_image":[{"width":500,"height":500,"url":"https:\/\/m.media-amazon.com\/images\/I\/51cCjdZVAnL._SL500_.jpg","type":"image\/jpeg"}],"twitter_card":"summary_large_image","twitter_misc":{"Gesch\u00e4tzte Lesezeit":"1\u00a0Minute"},"schema":{"@context":"https:\/\/schema.org","@graph":[{"@type":"WebPage","@id":"https:\/\/marktxxl.de\/markt\/produkt\/temporaere-metallic-klebe-tattoos-temporaere-taetowierung-in-metallic-gold-silber-schwarz-tuerkis-zum-aufkleben-auf-die-haut-12-tattooboegen-mit-henna-koerpertattoos-fuer-body-art\/","url":"https:\/\/marktxxl.de\/markt\/produkt\/temporaere-metallic-klebe-tattoos-temporaere-taetowierung-in-metallic-gold-silber-schwarz-tuerkis-zum-aufkleben-auf-die-haut-12-tattooboegen-mit-henna-koerpertattoos-fuer-body-art\/","name":"Tempor\u00e4re Metallic Klebe-Tattoos |Tempor\u00e4re T\u00e4towierung in metallic Gold, Silber, Schwarz &amp; T\u00fcrkis zum Aufkleben auf die\u2026 - Markt-XXL","isPartOf":{"@id":"https:\/\/marktxxl.de\/markt\/#website"},"primaryImageOfPage":{"@id":"https:\/\/marktxxl.de\/markt\/produkt\/temporaere-metallic-klebe-tattoos-temporaere-taetowierung-in-metallic-gold-silber-schwarz-tuerkis-zum-aufkleben-auf-die-haut-12-tattooboegen-mit-henna-koerpertattoos-fuer-body-art\/#primaryimage"},"image":{"@id":"https:\/\/marktxxl.de\/markt\/produkt\/temporaere-metallic-klebe-tattoos-temporaere-taetowierung-in-metallic-gold-silber-schwarz-tuerkis-zum-aufkleben-auf-die-haut-12-tattooboegen-mit-henna-koerpertattoos-fuer-body-art\/#primaryimage"},"thumbnailUrl":"https:\/\/m.media-amazon.com\/images\/I\/51cCjdZVAnL._SL500_.jpg","datePublished":"2022-06-13T21:41:14+00:00","dateModified":"2023-04-11T02:00:46+00:00","description":"Markt-XXL Tempor\u00e4re Metallic Klebe-Tattoos |Tempor\u00e4re T\u00e4towierung in metallic Gold, Silber, Schwarz &amp; T\u00fcrkis zum Aufkleben auf die\u2026","breadcrumb":{"@id":"https:\/\/marktxxl.de\/markt\/produkt\/temporaere-metallic-klebe-tattoos-temporaere-taetowierung-in-metallic-gold-silber-schwarz-tuerkis-zum-aufkleben-auf-die-haut-12-tattooboegen-mit-henna-koerpertattoos-fuer-body-art\/#breadcrumb"},"inLanguage":"de","potentialAction":[{"@type":"ReadAction","target":["https:\/\/marktxxl.de\/markt\/produkt\/temporaere-metallic-klebe-tattoos-temporaere-taetowierung-in-metallic-gold-silber-schwarz-tuerkis-zum-aufkleben-auf-die-haut-12-tattooboegen-mit-henna-koerpertattoos-fuer-body-art\/"]}]},{"@type":"ImageObject","inLanguage":"de","@id":"https:\/\/marktxxl.de\/markt\/produkt\/temporaere-metallic-klebe-tattoos-temporaere-taetowierung-in-metallic-gold-silber-schwarz-tuerkis-zum-aufkleben-auf-die-haut-12-tattooboegen-mit-henna-koerpertattoos-fuer-body-art\/#primaryimage","url":"https:\/\/m.media-amazon.com\/images\/I\/51cCjdZVAnL._SL500_.jpg","contentUrl":"https:\/\/m.media-amazon.com\/images\/I\/51cCjdZVAnL._SL500_.jpg","width":500,"height":500},{"@type":"BreadcrumbList","@id":"https:\/\/marktxxl.de\/markt\/produkt\/temporaere-metallic-klebe-tattoos-temporaere-taetowierung-in-metallic-gold-silber-schwarz-tuerkis-zum-aufkleben-auf-die-haut-12-tattooboegen-mit-henna-koerpertattoos-fuer-body-art\/#breadcrumb","itemListElement":[{"@type":"ListItem","position":1,"name":"Startseite","item":"https:\/\/marktxxl.de\/markt\/"},{"@type":"ListItem","position":2,"name":"Markt","item":"https:\/\/marktxxl.de\/markt\/"},{"@type":"ListItem","position":3,"name":"Tempor\u00e4re Metallic Klebe-Tattoos |Tempor\u00e4re T\u00e4towierung in metallic Gold, Silber, Schwarz &amp; T\u00fcrkis zum Aufkleben auf die\u2026"}]},{"@type":"WebSite","@id":"https:\/\/marktxxl.de\/markt\/#website","url":"https:\/\/marktxxl.de\/markt\/","name":"Markt-XXL","description":"Ihr Markt Online","publisher":{"@id":"https:\/\/marktxxl.de\/markt\/#organization"},"potentialAction":[{"@type":"SearchAction","target":{"@type":"EntryPoint","urlTemplate":"https:\/\/marktxxl.de\/markt\/?s={search_term_string}"},"query-input":{"@type":"PropertyValueSpecification","valueRequired":true,"valueName":"search_term_string"}}],"inLanguage":"de"},{"@type":"Organization","@id":"https:\/\/marktxxl.de\/markt\/#organization","name":"Markt-XXL","url":"https:\/\/marktxxl.de\/markt\/","logo":{"@type":"ImageObject","inLanguage":"de","@id":"https:\/\/marktxxl.de\/markt\/#\/schema\/logo\/image\/","url":"https:\/\/marktxxl.de\/markt\/wp-content\/uploads\/sites\/3\/2020\/12\/logo.png","contentUrl":"https:\/\/marktxxl.de\/markt\/wp-content\/uploads\/sites\/3\/2020\/12\/logo.png","width":200,"height":70,"caption":"Markt-XXL"},"image":{"@id":"https:\/\/marktxxl.de\/markt\/#\/schema\/logo\/image\/"}}]}},"_links":{"self":[{"href":"https:\/\/marktxxl.de\/markt\/wp-json\/wp\/v2\/product\/127669","targetHints":{"allow":["GET"]}}],"collection":[{"href":"https:\/\/marktxxl.de\/markt\/wp-json\/wp\/v2\/product"}],"about":[{"href":"https:\/\/marktxxl.de\/markt\/wp-json\/wp\/v2\/types\/product"}],"replies":[{"embeddable":true,"href":"https:\/\/marktxxl.de\/markt\/wp-json\/wp\/v2\/comments?post=127669"}],"wp:featuredmedia":[{"embeddable":true,"href":"https:\/\/marktxxl.de\/markt\/wp-json\/wp\/v2\/media\/127670"}],"wp:attachment":[{"href":"https:\/\/marktxxl.de\/markt\/wp-json\/wp\/v2\/media?parent=127669"}],"wp:term":[{"taxonomy":"product_brand","embeddable":true,"href":"https:\/\/marktxxl.de\/markt\/wp-json\/wp\/v2\/product_brand?post=127669"},{"taxonomy":"product_cat","embeddable":true,"href":"https:\/\/marktxxl.de\/markt\/wp-json\/wp\/v2\/product_cat?post=127669"},{"taxonomy":"product_tag","embeddable":true,"href":"https:\/\/marktxxl.de\/markt\/wp-json\/wp\/v2\/product_tag?post=127669"}],"curies":[{"name":"wp","href":"https:\/\/api.w.org\/{rel}","templated":true}]}}