{"id":127521,"date":"2022-06-13T23:34:53","date_gmt":"2022-06-13T21:34:53","guid":{"rendered":"https:\/\/marktxxl.de\/markt\/produkt\/barbie-hck76-welpen-spielset-mit-barbie-puppe-ca-29-cm-dunkelbraune-haare-huendin-die-welpen-gebaeren-kann-3-welpen-pflegezubehoer-spielzeug-geschenk-fuer-kinder-von-3-bis-7\/"},"modified":"2023-04-11T04:00:43","modified_gmt":"2023-04-11T02:00:43","slug":"barbie-hck76-welpen-spielset-mit-barbie-puppe-ca-29-cm-dunkelbraune-haare-huendin-die-welpen-gebaeren-kann-3-welpen-pflegezubehoer-spielzeug-geschenk-fuer-kinder-von-3-bis-7","status":"publish","type":"product","link":"https:\/\/marktxxl.de\/markt\/produkt\/barbie-hck76-welpen-spielset-mit-barbie-puppe-ca-29-cm-dunkelbraune-haare-huendin-die-welpen-gebaeren-kann-3-welpen-pflegezubehoer-spielzeug-geschenk-fuer-kinder-von-3-bis-7\/","title":{"rendered":"Barbie HCK76 &#8211; Welpen-Spielset mit Barbie-Puppe (ca. 29\u00a0cm, dunkelbraune Haare), H\u00fcndin, die Welpen geb\u00e4ren kann, 3 Welpen &amp; Pflegezubeh\u00f6r, Spielzeug Geschenk f\u00fcr Kinder von 3 bis 7\u00a0Jahren"},"content":{"rendered":"<p>Der entz\u00fcckende Hund der Barbie-Puppe hat Welpen auf dem Weg, und Kinder k\u00f6nnen sie mit dem Barbie Newborn Pups Spielset begr\u00fc\u00dfen<br \/>\nDr\u00fccken Sie den R\u00fccken des Hundes nach unten, um die Barbie-Puppe einen Welpen zu liefern, dann dr\u00fccken Sie erneut, um 2 mehr zu begr\u00fc\u00dfen<br \/>\nF\u00fcllen Sie die Wanne mit eiskaltem Wasser, tauchen Sie dann das Handtuch ein und wischen Sie es \u00fcber die Welpen, um einen besonderen Geburtsstein zu enth\u00fcllen<br \/>\nEine Welpentrage hat Platz f\u00fcr alle drei Welpen, so dass die Barbie-Puppe sie unterwegs pflegen kann.<br \/>\nErweitern Sie das Geschichtenerz\u00e4hlen mit zus\u00e4tzlichem Zubeh\u00f6r, darunter eine Flasche, zwei B\u00fcrsten, ein Seilspielzeug, zwei Leckereien, eine Tasche Hundefutter und eine Sch\u00fcssel.<br \/>\n<div class=\"main-cross-sell\" data-asin=\"B09C189QY4\">\n\n\t<div class=\"WooZone-cross-sell-loader\">\n\t\t<div>\n\t\t\t<div id=\"floatingBarsG\">\n\t\t\t\t<div class=\"blockG\" id=\"rotateG_01\"><\/div>\n\t\t\t\t<div class=\"blockG\" id=\"rotateG_02\"><\/div>\n\t\t\t\t<div class=\"blockG\" id=\"rotateG_03\"><\/div>\n\t\t\t\t<div class=\"blockG\" id=\"rotateG_04\"><\/div>\n\t\t\t\t<div class=\"blockG\" id=\"rotateG_05\"><\/div>\n\t\t\t\t<div class=\"blockG\" id=\"rotateG_06\"><\/div>\n\t\t\t\t<div class=\"blockG\" id=\"rotateG_07\"><\/div>\n\t\t\t\t<div class=\"blockG\" id=\"rotateG_08\"><\/div>\n\t\t\t<\/div>\n\t\t\t<div class=\"WooZone-cross-sell-loader-text\"><\/div>\n\t\t<\/div>\n\t<\/div>\n\n\t\t\n<\/div>\n<div style=\"clear:both;\"><\/div><\/p>\n","protected":false},"excerpt":{"rendered":"<p>Der entz\u00fcckende Hund der Barbie-Puppe hat Welpen auf dem Weg, und Kinder k\u00f6nnen sie mit dem Barbie Newborn Pups Spielset begr\u00fc\u00dfen<br \/>\nDr\u00fccken Sie den R\u00fccken des Hundes nach unten, um die Barbie-Puppe einen Welpen zu liefern, dann dr\u00fccken Sie erneut, um 2 mehr zu begr\u00fc\u00dfen<br \/>\nF\u00fcllen Sie die Wanne mit eiskaltem Wasser, tauchen Sie dann das Handtuch ein und wischen Sie es \u00fcber die Welpen, um einen besonderen Geburtsstein zu enth\u00fcllen<\/p>\n","protected":false},"featured_media":127522,"comment_status":"open","ping_status":"closed","template":"","meta":[],"product_brand":[],"product_cat":[2858,6994],"product_tag":[],"class_list":{"0":"post-127521","1":"product","2":"type-product","3":"status-publish","4":"has-post-thumbnail","6":"product_cat-beauty","7":"product_cat-haarpflege-styling","8":"pa_binding-zubehoer","9":"pa_brand-barbie","10":"pa_color-multicolore","11":"pa_height-11-75-zoll","12":"pa_languages-handbuch-mehrsprachig","13":"pa_length-1-34-zoll","14":"pa_manufacturer-mattel","15":"pa_model-hck76","16":"pa_weight-0-78925489796-pfund","17":"pa_width-2-76-zoll","19":"first","20":"instock","21":"shipping-taxable","22":"purchasable","23":"product-type-simple","24":"customify-col","25":"product-has-gallery"},"yoast_head":"<!-- This site is optimized with the Yoast SEO plugin v27.3 - https:\/\/yoast.com\/product\/yoast-seo-wordpress\/ -->\n<title>Barbie HCK76 - Welpen-Spielset mit Barbie-Puppe (ca. 29\u00a0cm, dunkelbraune Haare), H\u00fcndin, die Welpen geb\u00e4ren kann, 3 Welpen &amp; Pflegezubeh\u00f6r, Spielzeug Geschenk f\u00fcr Kinder von 3 bis 7\u00a0Jahren - Markt-XXL<\/title>\n<meta name=\"description\" content=\"Markt-XXL Barbie HCK76 - Welpen-Spielset mit Barbie-Puppe (ca. 29\u00a0cm, dunkelbraune Haare), H\u00fcndin, die Welpen geb\u00e4ren kann, 3 Welpen &amp; Pflegezubeh\u00f6r, Spielzeug Geschenk f\u00fcr Kinder von 3 bis 7\u00a0Jahren\" \/>\n<meta name=\"robots\" content=\"index, follow, max-snippet:-1, max-image-preview:large, max-video-preview:-1\" \/>\n<link rel=\"canonical\" href=\"https:\/\/marktxxl.de\/markt\/produkt\/barbie-hck76-welpen-spielset-mit-barbie-puppe-ca-29-cm-dunkelbraune-haare-huendin-die-welpen-gebaeren-kann-3-welpen-pflegezubehoer-spielzeug-geschenk-fuer-kinder-von-3-bis-7\/\" \/>\n<meta property=\"og:locale\" content=\"de_DE\" \/>\n<meta property=\"og:type\" content=\"article\" \/>\n<meta property=\"og:title\" content=\"Barbie HCK76 - Welpen-Spielset mit Barbie-Puppe (ca. 29\u00a0cm, dunkelbraune Haare), H\u00fcndin, die Welpen geb\u00e4ren kann, 3 Welpen &amp; Pflegezubeh\u00f6r, Spielzeug Geschenk f\u00fcr Kinder von 3 bis 7\u00a0Jahren - Markt-XXL\" \/>\n<meta property=\"og:description\" content=\"Markt-XXL Barbie HCK76 - Welpen-Spielset mit Barbie-Puppe (ca. 29\u00a0cm, dunkelbraune Haare), H\u00fcndin, die Welpen geb\u00e4ren kann, 3 Welpen &amp; Pflegezubeh\u00f6r, Spielzeug Geschenk f\u00fcr Kinder von 3 bis 7\u00a0Jahren\" \/>\n<meta property=\"og:url\" content=\"https:\/\/marktxxl.de\/markt\/produkt\/barbie-hck76-welpen-spielset-mit-barbie-puppe-ca-29-cm-dunkelbraune-haare-huendin-die-welpen-gebaeren-kann-3-welpen-pflegezubehoer-spielzeug-geschenk-fuer-kinder-von-3-bis-7\/\" \/>\n<meta property=\"og:site_name\" content=\"Markt-XXL\" \/>\n<meta property=\"article:modified_time\" content=\"2023-04-11T02:00:43+00:00\" \/>\n<meta property=\"og:image\" content=\"https:\/\/m.media-amazon.com\/images\/I\/41VjP9g4KDL._SL500_.jpg\" \/>\n\t<meta property=\"og:image:width\" content=\"500\" \/>\n\t<meta property=\"og:image:height\" content=\"432\" \/>\n\t<meta property=\"og:image:type\" content=\"image\/jpeg\" \/>\n<meta name=\"twitter:card\" content=\"summary_large_image\" \/>\n<meta name=\"twitter:label1\" content=\"Gesch\u00e4tzte Lesezeit\" \/>\n\t<meta name=\"twitter:data1\" content=\"1\u00a0Minute\" \/>\n<script type=\"application\/ld+json\" class=\"yoast-schema-graph\">{\"@context\":\"https:\\\/\\\/schema.org\",\"@graph\":[{\"@type\":\"WebPage\",\"@id\":\"https:\\\/\\\/marktxxl.de\\\/markt\\\/produkt\\\/barbie-hck76-welpen-spielset-mit-barbie-puppe-ca-29-cm-dunkelbraune-haare-huendin-die-welpen-gebaeren-kann-3-welpen-pflegezubehoer-spielzeug-geschenk-fuer-kinder-von-3-bis-7\\\/\",\"url\":\"https:\\\/\\\/marktxxl.de\\\/markt\\\/produkt\\\/barbie-hck76-welpen-spielset-mit-barbie-puppe-ca-29-cm-dunkelbraune-haare-huendin-die-welpen-gebaeren-kann-3-welpen-pflegezubehoer-spielzeug-geschenk-fuer-kinder-von-3-bis-7\\\/\",\"name\":\"Barbie HCK76 - Welpen-Spielset mit Barbie-Puppe (ca. 29\u00a0cm, dunkelbraune Haare), H\u00fcndin, die Welpen geb\u00e4ren kann, 3 Welpen &amp; Pflegezubeh\u00f6r, Spielzeug Geschenk f\u00fcr Kinder von 3 bis 7\u00a0Jahren - Markt-XXL\",\"isPartOf\":{\"@id\":\"https:\\\/\\\/marktxxl.de\\\/markt\\\/#website\"},\"primaryImageOfPage\":{\"@id\":\"https:\\\/\\\/marktxxl.de\\\/markt\\\/produkt\\\/barbie-hck76-welpen-spielset-mit-barbie-puppe-ca-29-cm-dunkelbraune-haare-huendin-die-welpen-gebaeren-kann-3-welpen-pflegezubehoer-spielzeug-geschenk-fuer-kinder-von-3-bis-7\\\/#primaryimage\"},\"image\":{\"@id\":\"https:\\\/\\\/marktxxl.de\\\/markt\\\/produkt\\\/barbie-hck76-welpen-spielset-mit-barbie-puppe-ca-29-cm-dunkelbraune-haare-huendin-die-welpen-gebaeren-kann-3-welpen-pflegezubehoer-spielzeug-geschenk-fuer-kinder-von-3-bis-7\\\/#primaryimage\"},\"thumbnailUrl\":\"https:\\\/\\\/m.media-amazon.com\\\/images\\\/I\\\/41VjP9g4KDL._SL500_.jpg\",\"datePublished\":\"2022-06-13T21:34:53+00:00\",\"dateModified\":\"2023-04-11T02:00:43+00:00\",\"description\":\"Markt-XXL Barbie HCK76 - Welpen-Spielset mit Barbie-Puppe (ca. 29\u00a0cm, dunkelbraune Haare), H\u00fcndin, die Welpen geb\u00e4ren kann, 3 Welpen &amp; Pflegezubeh\u00f6r, Spielzeug Geschenk f\u00fcr Kinder von 3 bis 7\u00a0Jahren\",\"breadcrumb\":{\"@id\":\"https:\\\/\\\/marktxxl.de\\\/markt\\\/produkt\\\/barbie-hck76-welpen-spielset-mit-barbie-puppe-ca-29-cm-dunkelbraune-haare-huendin-die-welpen-gebaeren-kann-3-welpen-pflegezubehoer-spielzeug-geschenk-fuer-kinder-von-3-bis-7\\\/#breadcrumb\"},\"inLanguage\":\"de\",\"potentialAction\":[{\"@type\":\"ReadAction\",\"target\":[\"https:\\\/\\\/marktxxl.de\\\/markt\\\/produkt\\\/barbie-hck76-welpen-spielset-mit-barbie-puppe-ca-29-cm-dunkelbraune-haare-huendin-die-welpen-gebaeren-kann-3-welpen-pflegezubehoer-spielzeug-geschenk-fuer-kinder-von-3-bis-7\\\/\"]}]},{\"@type\":\"ImageObject\",\"inLanguage\":\"de\",\"@id\":\"https:\\\/\\\/marktxxl.de\\\/markt\\\/produkt\\\/barbie-hck76-welpen-spielset-mit-barbie-puppe-ca-29-cm-dunkelbraune-haare-huendin-die-welpen-gebaeren-kann-3-welpen-pflegezubehoer-spielzeug-geschenk-fuer-kinder-von-3-bis-7\\\/#primaryimage\",\"url\":\"https:\\\/\\\/m.media-amazon.com\\\/images\\\/I\\\/41VjP9g4KDL._SL500_.jpg\",\"contentUrl\":\"https:\\\/\\\/m.media-amazon.com\\\/images\\\/I\\\/41VjP9g4KDL._SL500_.jpg\",\"width\":500,\"height\":432},{\"@type\":\"BreadcrumbList\",\"@id\":\"https:\\\/\\\/marktxxl.de\\\/markt\\\/produkt\\\/barbie-hck76-welpen-spielset-mit-barbie-puppe-ca-29-cm-dunkelbraune-haare-huendin-die-welpen-gebaeren-kann-3-welpen-pflegezubehoer-spielzeug-geschenk-fuer-kinder-von-3-bis-7\\\/#breadcrumb\",\"itemListElement\":[{\"@type\":\"ListItem\",\"position\":1,\"name\":\"Startseite\",\"item\":\"https:\\\/\\\/marktxxl.de\\\/markt\\\/\"},{\"@type\":\"ListItem\",\"position\":2,\"name\":\"Markt\",\"item\":\"https:\\\/\\\/marktxxl.de\\\/markt\\\/\"},{\"@type\":\"ListItem\",\"position\":3,\"name\":\"Barbie HCK76 &#8211; Welpen-Spielset mit Barbie-Puppe (ca. 29\u00a0cm, dunkelbraune Haare), H\u00fcndin, die Welpen geb\u00e4ren kann, 3 Welpen &amp; Pflegezubeh\u00f6r, Spielzeug Geschenk f\u00fcr Kinder von 3 bis 7\u00a0Jahren\"}]},{\"@type\":\"WebSite\",\"@id\":\"https:\\\/\\\/marktxxl.de\\\/markt\\\/#website\",\"url\":\"https:\\\/\\\/marktxxl.de\\\/markt\\\/\",\"name\":\"Markt-XXL\",\"description\":\"Ihr Markt Online\",\"publisher\":{\"@id\":\"https:\\\/\\\/marktxxl.de\\\/markt\\\/#organization\"},\"potentialAction\":[{\"@type\":\"SearchAction\",\"target\":{\"@type\":\"EntryPoint\",\"urlTemplate\":\"https:\\\/\\\/marktxxl.de\\\/markt\\\/?s={search_term_string}\"},\"query-input\":{\"@type\":\"PropertyValueSpecification\",\"valueRequired\":true,\"valueName\":\"search_term_string\"}}],\"inLanguage\":\"de\"},{\"@type\":\"Organization\",\"@id\":\"https:\\\/\\\/marktxxl.de\\\/markt\\\/#organization\",\"name\":\"Markt-XXL\",\"url\":\"https:\\\/\\\/marktxxl.de\\\/markt\\\/\",\"logo\":{\"@type\":\"ImageObject\",\"inLanguage\":\"de\",\"@id\":\"https:\\\/\\\/marktxxl.de\\\/markt\\\/#\\\/schema\\\/logo\\\/image\\\/\",\"url\":\"https:\\\/\\\/marktxxl.de\\\/markt\\\/wp-content\\\/uploads\\\/sites\\\/3\\\/2020\\\/12\\\/logo.png\",\"contentUrl\":\"https:\\\/\\\/marktxxl.de\\\/markt\\\/wp-content\\\/uploads\\\/sites\\\/3\\\/2020\\\/12\\\/logo.png\",\"width\":200,\"height\":70,\"caption\":\"Markt-XXL\"},\"image\":{\"@id\":\"https:\\\/\\\/marktxxl.de\\\/markt\\\/#\\\/schema\\\/logo\\\/image\\\/\"}}]}<\/script>\n<!-- \/ Yoast SEO plugin. -->","yoast_head_json":{"title":"Barbie HCK76 - Welpen-Spielset mit Barbie-Puppe (ca. 29\u00a0cm, dunkelbraune Haare), H\u00fcndin, die Welpen geb\u00e4ren kann, 3 Welpen &amp; Pflegezubeh\u00f6r, Spielzeug Geschenk f\u00fcr Kinder von 3 bis 7\u00a0Jahren - Markt-XXL","description":"Markt-XXL Barbie HCK76 - Welpen-Spielset mit Barbie-Puppe (ca. 29\u00a0cm, dunkelbraune Haare), H\u00fcndin, die Welpen geb\u00e4ren kann, 3 Welpen &amp; Pflegezubeh\u00f6r, Spielzeug Geschenk f\u00fcr Kinder von 3 bis 7\u00a0Jahren","robots":{"index":"index","follow":"follow","max-snippet":"max-snippet:-1","max-image-preview":"max-image-preview:large","max-video-preview":"max-video-preview:-1"},"canonical":"https:\/\/marktxxl.de\/markt\/produkt\/barbie-hck76-welpen-spielset-mit-barbie-puppe-ca-29-cm-dunkelbraune-haare-huendin-die-welpen-gebaeren-kann-3-welpen-pflegezubehoer-spielzeug-geschenk-fuer-kinder-von-3-bis-7\/","og_locale":"de_DE","og_type":"article","og_title":"Barbie HCK76 - Welpen-Spielset mit Barbie-Puppe (ca. 29\u00a0cm, dunkelbraune Haare), H\u00fcndin, die Welpen geb\u00e4ren kann, 3 Welpen &amp; Pflegezubeh\u00f6r, Spielzeug Geschenk f\u00fcr Kinder von 3 bis 7\u00a0Jahren - Markt-XXL","og_description":"Markt-XXL Barbie HCK76 - Welpen-Spielset mit Barbie-Puppe (ca. 29\u00a0cm, dunkelbraune Haare), H\u00fcndin, die Welpen geb\u00e4ren kann, 3 Welpen &amp; Pflegezubeh\u00f6r, Spielzeug Geschenk f\u00fcr Kinder von 3 bis 7\u00a0Jahren","og_url":"https:\/\/marktxxl.de\/markt\/produkt\/barbie-hck76-welpen-spielset-mit-barbie-puppe-ca-29-cm-dunkelbraune-haare-huendin-die-welpen-gebaeren-kann-3-welpen-pflegezubehoer-spielzeug-geschenk-fuer-kinder-von-3-bis-7\/","og_site_name":"Markt-XXL","article_modified_time":"2023-04-11T02:00:43+00:00","og_image":[{"width":500,"height":432,"url":"https:\/\/m.media-amazon.com\/images\/I\/41VjP9g4KDL._SL500_.jpg","type":"image\/jpeg"}],"twitter_card":"summary_large_image","twitter_misc":{"Gesch\u00e4tzte Lesezeit":"1\u00a0Minute"},"schema":{"@context":"https:\/\/schema.org","@graph":[{"@type":"WebPage","@id":"https:\/\/marktxxl.de\/markt\/produkt\/barbie-hck76-welpen-spielset-mit-barbie-puppe-ca-29-cm-dunkelbraune-haare-huendin-die-welpen-gebaeren-kann-3-welpen-pflegezubehoer-spielzeug-geschenk-fuer-kinder-von-3-bis-7\/","url":"https:\/\/marktxxl.de\/markt\/produkt\/barbie-hck76-welpen-spielset-mit-barbie-puppe-ca-29-cm-dunkelbraune-haare-huendin-die-welpen-gebaeren-kann-3-welpen-pflegezubehoer-spielzeug-geschenk-fuer-kinder-von-3-bis-7\/","name":"Barbie HCK76 - Welpen-Spielset mit Barbie-Puppe (ca. 29\u00a0cm, dunkelbraune Haare), H\u00fcndin, die Welpen geb\u00e4ren kann, 3 Welpen &amp; Pflegezubeh\u00f6r, Spielzeug Geschenk f\u00fcr Kinder von 3 bis 7\u00a0Jahren - Markt-XXL","isPartOf":{"@id":"https:\/\/marktxxl.de\/markt\/#website"},"primaryImageOfPage":{"@id":"https:\/\/marktxxl.de\/markt\/produkt\/barbie-hck76-welpen-spielset-mit-barbie-puppe-ca-29-cm-dunkelbraune-haare-huendin-die-welpen-gebaeren-kann-3-welpen-pflegezubehoer-spielzeug-geschenk-fuer-kinder-von-3-bis-7\/#primaryimage"},"image":{"@id":"https:\/\/marktxxl.de\/markt\/produkt\/barbie-hck76-welpen-spielset-mit-barbie-puppe-ca-29-cm-dunkelbraune-haare-huendin-die-welpen-gebaeren-kann-3-welpen-pflegezubehoer-spielzeug-geschenk-fuer-kinder-von-3-bis-7\/#primaryimage"},"thumbnailUrl":"https:\/\/m.media-amazon.com\/images\/I\/41VjP9g4KDL._SL500_.jpg","datePublished":"2022-06-13T21:34:53+00:00","dateModified":"2023-04-11T02:00:43+00:00","description":"Markt-XXL Barbie HCK76 - Welpen-Spielset mit Barbie-Puppe (ca. 29\u00a0cm, dunkelbraune Haare), H\u00fcndin, die Welpen geb\u00e4ren kann, 3 Welpen &amp; Pflegezubeh\u00f6r, Spielzeug Geschenk f\u00fcr Kinder von 3 bis 7\u00a0Jahren","breadcrumb":{"@id":"https:\/\/marktxxl.de\/markt\/produkt\/barbie-hck76-welpen-spielset-mit-barbie-puppe-ca-29-cm-dunkelbraune-haare-huendin-die-welpen-gebaeren-kann-3-welpen-pflegezubehoer-spielzeug-geschenk-fuer-kinder-von-3-bis-7\/#breadcrumb"},"inLanguage":"de","potentialAction":[{"@type":"ReadAction","target":["https:\/\/marktxxl.de\/markt\/produkt\/barbie-hck76-welpen-spielset-mit-barbie-puppe-ca-29-cm-dunkelbraune-haare-huendin-die-welpen-gebaeren-kann-3-welpen-pflegezubehoer-spielzeug-geschenk-fuer-kinder-von-3-bis-7\/"]}]},{"@type":"ImageObject","inLanguage":"de","@id":"https:\/\/marktxxl.de\/markt\/produkt\/barbie-hck76-welpen-spielset-mit-barbie-puppe-ca-29-cm-dunkelbraune-haare-huendin-die-welpen-gebaeren-kann-3-welpen-pflegezubehoer-spielzeug-geschenk-fuer-kinder-von-3-bis-7\/#primaryimage","url":"https:\/\/m.media-amazon.com\/images\/I\/41VjP9g4KDL._SL500_.jpg","contentUrl":"https:\/\/m.media-amazon.com\/images\/I\/41VjP9g4KDL._SL500_.jpg","width":500,"height":432},{"@type":"BreadcrumbList","@id":"https:\/\/marktxxl.de\/markt\/produkt\/barbie-hck76-welpen-spielset-mit-barbie-puppe-ca-29-cm-dunkelbraune-haare-huendin-die-welpen-gebaeren-kann-3-welpen-pflegezubehoer-spielzeug-geschenk-fuer-kinder-von-3-bis-7\/#breadcrumb","itemListElement":[{"@type":"ListItem","position":1,"name":"Startseite","item":"https:\/\/marktxxl.de\/markt\/"},{"@type":"ListItem","position":2,"name":"Markt","item":"https:\/\/marktxxl.de\/markt\/"},{"@type":"ListItem","position":3,"name":"Barbie HCK76 &#8211; Welpen-Spielset mit Barbie-Puppe (ca. 29\u00a0cm, dunkelbraune Haare), H\u00fcndin, die Welpen geb\u00e4ren kann, 3 Welpen &amp; Pflegezubeh\u00f6r, Spielzeug Geschenk f\u00fcr Kinder von 3 bis 7\u00a0Jahren"}]},{"@type":"WebSite","@id":"https:\/\/marktxxl.de\/markt\/#website","url":"https:\/\/marktxxl.de\/markt\/","name":"Markt-XXL","description":"Ihr Markt Online","publisher":{"@id":"https:\/\/marktxxl.de\/markt\/#organization"},"potentialAction":[{"@type":"SearchAction","target":{"@type":"EntryPoint","urlTemplate":"https:\/\/marktxxl.de\/markt\/?s={search_term_string}"},"query-input":{"@type":"PropertyValueSpecification","valueRequired":true,"valueName":"search_term_string"}}],"inLanguage":"de"},{"@type":"Organization","@id":"https:\/\/marktxxl.de\/markt\/#organization","name":"Markt-XXL","url":"https:\/\/marktxxl.de\/markt\/","logo":{"@type":"ImageObject","inLanguage":"de","@id":"https:\/\/marktxxl.de\/markt\/#\/schema\/logo\/image\/","url":"https:\/\/marktxxl.de\/markt\/wp-content\/uploads\/sites\/3\/2020\/12\/logo.png","contentUrl":"https:\/\/marktxxl.de\/markt\/wp-content\/uploads\/sites\/3\/2020\/12\/logo.png","width":200,"height":70,"caption":"Markt-XXL"},"image":{"@id":"https:\/\/marktxxl.de\/markt\/#\/schema\/logo\/image\/"}}]}},"_links":{"self":[{"href":"https:\/\/marktxxl.de\/markt\/wp-json\/wp\/v2\/product\/127521","targetHints":{"allow":["GET"]}}],"collection":[{"href":"https:\/\/marktxxl.de\/markt\/wp-json\/wp\/v2\/product"}],"about":[{"href":"https:\/\/marktxxl.de\/markt\/wp-json\/wp\/v2\/types\/product"}],"replies":[{"embeddable":true,"href":"https:\/\/marktxxl.de\/markt\/wp-json\/wp\/v2\/comments?post=127521"}],"wp:featuredmedia":[{"embeddable":true,"href":"https:\/\/marktxxl.de\/markt\/wp-json\/wp\/v2\/media\/127522"}],"wp:attachment":[{"href":"https:\/\/marktxxl.de\/markt\/wp-json\/wp\/v2\/media?parent=127521"}],"wp:term":[{"taxonomy":"product_brand","embeddable":true,"href":"https:\/\/marktxxl.de\/markt\/wp-json\/wp\/v2\/product_brand?post=127521"},{"taxonomy":"product_cat","embeddable":true,"href":"https:\/\/marktxxl.de\/markt\/wp-json\/wp\/v2\/product_cat?post=127521"},{"taxonomy":"product_tag","embeddable":true,"href":"https:\/\/marktxxl.de\/markt\/wp-json\/wp\/v2\/product_tag?post=127521"}],"curies":[{"name":"wp","href":"https:\/\/api.w.org\/{rel}","templated":true}]}}