{"id":127317,"date":"2022-06-13T22:52:29","date_gmt":"2022-06-13T20:52:29","guid":{"rendered":"https:\/\/marktxxl.de\/markt\/produkt\/original-source-shower-gel-mint-and-tea-tree-250ml-pack-of-6\/"},"modified":"2023-04-08T03:29:08","modified_gmt":"2023-04-08T01:29:08","slug":"original-source-shower-gel-mint-and-tea-tree-250ml-pack-of-6","status":"publish","type":"product","link":"https:\/\/marktxxl.de\/markt\/produkt\/original-source-shower-gel-mint-and-tea-tree-250ml-pack-of-6\/","title":{"rendered":"Original Source Shower Gel Mint and Tea Tree 250ml Pack of 6"},"content":{"rendered":"<p>Original Source: Wir erfassen die Intensit\u00e4t, die die Natur zu bieten hat. Original Source wird mit 100 % nat\u00fcrlichen Duftstoffen hergestellt. Wir sind inspiriert von der Natur, von kr\u00e4ftigen D\u00fcften und lebhaften Farben. Wir haben es uns zur Aufgabe gemacht, frische Sinneseindr\u00fccke bei jeder Dusche zu vermitteln.<br \/>\nDie Kraft der Natur: Jede Flasche Duschgel enth\u00e4lt 7.927 erfrischene echte Minzbl\u00e4tter aus Indien und 100 % nat\u00fcrliche Duftstoffe. Der Teebaum sorgt f\u00fcr zus\u00e4tzliche Frische, um Ihre Sinne zu wecken und f\u00fcr das erfrischendste Duschgel, die Sie jemals verwenden werden.<br \/>\n100 % vegan und ohne Tierversuche hergestellt. Original Source ist vegan und wir tragen das Logo stolz auf allen Produkten. Produkte werden an uns getestet, nie an Tieren. Dieser Duft wurde geschaffen, um ein Duscherlebnis zu bieten, das Ihnen das Gef\u00fchl gibt, im tropischen Paradies zu sein.<br \/>\nParabenfrei: Das Duschgel mit Minze und Teebaum wurde bewusst ohne Parabene hergestellt.<br \/>\nDuschgel-Multipack: Verl\u00e4ngern Sie Ihre t\u00e4gliche Dosis an Frische und Natur mit diesem 6 x 250 ml Duschgel-Multipack<br \/>\n<div class=\"main-cross-sell\" data-asin=\"B00D4R5F60\">\n\n\t<div class=\"WooZone-cross-sell-loader\">\n\t\t<div>\n\t\t\t<div id=\"floatingBarsG\">\n\t\t\t\t<div class=\"blockG\" id=\"rotateG_01\"><\/div>\n\t\t\t\t<div class=\"blockG\" id=\"rotateG_02\"><\/div>\n\t\t\t\t<div class=\"blockG\" id=\"rotateG_03\"><\/div>\n\t\t\t\t<div class=\"blockG\" id=\"rotateG_04\"><\/div>\n\t\t\t\t<div class=\"blockG\" id=\"rotateG_05\"><\/div>\n\t\t\t\t<div class=\"blockG\" id=\"rotateG_06\"><\/div>\n\t\t\t\t<div class=\"blockG\" id=\"rotateG_07\"><\/div>\n\t\t\t\t<div class=\"blockG\" id=\"rotateG_08\"><\/div>\n\t\t\t<\/div>\n\t\t\t<div class=\"WooZone-cross-sell-loader-text\"><\/div>\n\t\t<\/div>\n\t<\/div>\n\n\t\t\n<\/div>\n<div style=\"clear:both;\"><\/div><\/p>\n","protected":false},"excerpt":{"rendered":"<p>Original Source: Wir erfassen die Intensit\u00e4t, die die Natur zu bieten hat. Original Source wird mit 100 % nat\u00fcrlichen Duftstoffen hergestellt. Wir sind inspiriert von der Natur, von kr\u00e4ftigen D\u00fcften und lebhaften Farben. Wir haben es uns zur Aufgabe gemacht, frische Sinneseindr\u00fccke bei jeder Dusche zu vermitteln.<br \/>\nDie Kraft der Natur: Jede Flasche Duschgel enth\u00e4lt 7.927 erfrischene echte Minzbl\u00e4tter aus Indien und 100 % nat\u00fcrliche Duftstoffe. Der Teebaum sorgt f\u00fcr zus\u00e4tzliche Frische, um Ihre Sinne zu wecken und f\u00fcr das erfrischendste Duschgel, die Sie jemals verwenden werden.<br \/>\n100 % vegan und ohne Tierversuche hergestellt. Original Source ist vegan und wir tragen das Logo stolz auf allen Produkten. Produkte werden an uns getestet, nie an Tieren. Dieser Duft wurde geschaffen, um ein Duscherlebnis zu bieten, das Ihnen das Gef\u00fchl gibt, im tropischen Paradies zu sein.<\/p>\n","protected":false},"featured_media":127318,"comment_status":"open","ping_status":"closed","template":"","meta":[],"product_brand":[],"product_cat":[6565,2858],"product_tag":[],"class_list":{"0":"post-127317","1":"product","2":"type-product","3":"status-publish","4":"has-post-thumbnail","6":"product_cat-baden-koerperpflege-beauty","7":"product_cat-beauty","8":"pa_binding-badartikel","9":"pa_height-0-zoll","10":"pa_languages-unbekannt-englisch","11":"pa_length-0-zoll","12":"pa_manufacturer-beautycentre","13":"pa_model-36548","14":"pa_size-250-ml-6er-pack","15":"pa_width-0-zoll","17":"first","18":"instock","19":"shipping-taxable","20":"purchasable","21":"product-type-simple","22":"customify-col","23":"product-has-gallery"},"yoast_head":"<!-- This site is optimized with the Yoast SEO plugin v27.4 - https:\/\/yoast.com\/product\/yoast-seo-wordpress\/ -->\n<title>Original Source Shower Gel Mint and Tea Tree 250ml Pack of 6 - Markt-XXL<\/title>\n<meta name=\"description\" content=\"Markt-XXL Original Source Shower Gel Mint and Tea Tree 250ml Pack of 6\" \/>\n<meta name=\"robots\" content=\"index, follow, max-snippet:-1, max-image-preview:large, max-video-preview:-1\" \/>\n<link rel=\"canonical\" href=\"https:\/\/marktxxl.de\/markt\/produkt\/original-source-shower-gel-mint-and-tea-tree-250ml-pack-of-6\/\" \/>\n<meta property=\"og:locale\" content=\"de_DE\" \/>\n<meta property=\"og:type\" content=\"article\" \/>\n<meta property=\"og:title\" content=\"Original Source Shower Gel Mint and Tea Tree 250ml Pack of 6 - Markt-XXL\" \/>\n<meta property=\"og:description\" content=\"Markt-XXL Original Source Shower Gel Mint and Tea Tree 250ml Pack of 6\" \/>\n<meta property=\"og:url\" content=\"https:\/\/marktxxl.de\/markt\/produkt\/original-source-shower-gel-mint-and-tea-tree-250ml-pack-of-6\/\" \/>\n<meta property=\"og:site_name\" content=\"Markt-XXL\" \/>\n<meta property=\"article:modified_time\" content=\"2023-04-08T01:29:08+00:00\" \/>\n<meta property=\"og:image\" content=\"https:\/\/m.media-amazon.com\/images\/I\/51iDFZDb+qL._SL500_.jpg\" \/>\n\t<meta property=\"og:image:width\" content=\"500\" \/>\n\t<meta property=\"og:image:height\" content=\"500\" \/>\n\t<meta property=\"og:image:type\" content=\"image\/jpeg\" \/>\n<meta name=\"twitter:card\" content=\"summary_large_image\" \/>\n<meta name=\"twitter:label1\" content=\"Gesch\u00e4tzte Lesezeit\" \/>\n\t<meta name=\"twitter:data1\" content=\"1\u00a0Minute\" \/>\n<script type=\"application\/ld+json\" class=\"yoast-schema-graph\">{\"@context\":\"https:\\\/\\\/schema.org\",\"@graph\":[{\"@type\":\"WebPage\",\"@id\":\"https:\\\/\\\/marktxxl.de\\\/markt\\\/produkt\\\/original-source-shower-gel-mint-and-tea-tree-250ml-pack-of-6\\\/\",\"url\":\"https:\\\/\\\/marktxxl.de\\\/markt\\\/produkt\\\/original-source-shower-gel-mint-and-tea-tree-250ml-pack-of-6\\\/\",\"name\":\"Original Source Shower Gel Mint and Tea Tree 250ml Pack of 6 - Markt-XXL\",\"isPartOf\":{\"@id\":\"https:\\\/\\\/marktxxl.de\\\/markt\\\/#website\"},\"primaryImageOfPage\":{\"@id\":\"https:\\\/\\\/marktxxl.de\\\/markt\\\/produkt\\\/original-source-shower-gel-mint-and-tea-tree-250ml-pack-of-6\\\/#primaryimage\"},\"image\":{\"@id\":\"https:\\\/\\\/marktxxl.de\\\/markt\\\/produkt\\\/original-source-shower-gel-mint-and-tea-tree-250ml-pack-of-6\\\/#primaryimage\"},\"thumbnailUrl\":\"https:\\\/\\\/m.media-amazon.com\\\/images\\\/I\\\/51iDFZDb+qL._SL500_.jpg\",\"datePublished\":\"2022-06-13T20:52:29+00:00\",\"dateModified\":\"2023-04-08T01:29:08+00:00\",\"description\":\"Markt-XXL Original Source Shower Gel Mint and Tea Tree 250ml Pack of 6\",\"breadcrumb\":{\"@id\":\"https:\\\/\\\/marktxxl.de\\\/markt\\\/produkt\\\/original-source-shower-gel-mint-and-tea-tree-250ml-pack-of-6\\\/#breadcrumb\"},\"inLanguage\":\"de\",\"potentialAction\":[{\"@type\":\"ReadAction\",\"target\":[\"https:\\\/\\\/marktxxl.de\\\/markt\\\/produkt\\\/original-source-shower-gel-mint-and-tea-tree-250ml-pack-of-6\\\/\"]}]},{\"@type\":\"ImageObject\",\"inLanguage\":\"de\",\"@id\":\"https:\\\/\\\/marktxxl.de\\\/markt\\\/produkt\\\/original-source-shower-gel-mint-and-tea-tree-250ml-pack-of-6\\\/#primaryimage\",\"url\":\"https:\\\/\\\/m.media-amazon.com\\\/images\\\/I\\\/51iDFZDb+qL._SL500_.jpg\",\"contentUrl\":\"https:\\\/\\\/m.media-amazon.com\\\/images\\\/I\\\/51iDFZDb+qL._SL500_.jpg\",\"width\":500,\"height\":500},{\"@type\":\"BreadcrumbList\",\"@id\":\"https:\\\/\\\/marktxxl.de\\\/markt\\\/produkt\\\/original-source-shower-gel-mint-and-tea-tree-250ml-pack-of-6\\\/#breadcrumb\",\"itemListElement\":[{\"@type\":\"ListItem\",\"position\":1,\"name\":\"Startseite\",\"item\":\"https:\\\/\\\/marktxxl.de\\\/markt\\\/\"},{\"@type\":\"ListItem\",\"position\":2,\"name\":\"Markt\",\"item\":\"https:\\\/\\\/marktxxl.de\\\/markt\\\/\"},{\"@type\":\"ListItem\",\"position\":3,\"name\":\"Original Source Shower Gel Mint and Tea Tree 250ml Pack of 6\"}]},{\"@type\":\"WebSite\",\"@id\":\"https:\\\/\\\/marktxxl.de\\\/markt\\\/#website\",\"url\":\"https:\\\/\\\/marktxxl.de\\\/markt\\\/\",\"name\":\"Markt-XXL\",\"description\":\"Ihr Markt Online\",\"publisher\":{\"@id\":\"https:\\\/\\\/marktxxl.de\\\/markt\\\/#organization\"},\"potentialAction\":[{\"@type\":\"SearchAction\",\"target\":{\"@type\":\"EntryPoint\",\"urlTemplate\":\"https:\\\/\\\/marktxxl.de\\\/markt\\\/?s={search_term_string}\"},\"query-input\":{\"@type\":\"PropertyValueSpecification\",\"valueRequired\":true,\"valueName\":\"search_term_string\"}}],\"inLanguage\":\"de\"},{\"@type\":\"Organization\",\"@id\":\"https:\\\/\\\/marktxxl.de\\\/markt\\\/#organization\",\"name\":\"Markt-XXL\",\"url\":\"https:\\\/\\\/marktxxl.de\\\/markt\\\/\",\"logo\":{\"@type\":\"ImageObject\",\"inLanguage\":\"de\",\"@id\":\"https:\\\/\\\/marktxxl.de\\\/markt\\\/#\\\/schema\\\/logo\\\/image\\\/\",\"url\":\"https:\\\/\\\/marktxxl.de\\\/markt\\\/wp-content\\\/uploads\\\/sites\\\/3\\\/2020\\\/12\\\/logo.png\",\"contentUrl\":\"https:\\\/\\\/marktxxl.de\\\/markt\\\/wp-content\\\/uploads\\\/sites\\\/3\\\/2020\\\/12\\\/logo.png\",\"width\":200,\"height\":70,\"caption\":\"Markt-XXL\"},\"image\":{\"@id\":\"https:\\\/\\\/marktxxl.de\\\/markt\\\/#\\\/schema\\\/logo\\\/image\\\/\"}}]}<\/script>\n<!-- \/ Yoast SEO plugin. -->","yoast_head_json":{"title":"Original Source Shower Gel Mint and Tea Tree 250ml Pack of 6 - Markt-XXL","description":"Markt-XXL Original Source Shower Gel Mint and Tea Tree 250ml Pack of 6","robots":{"index":"index","follow":"follow","max-snippet":"max-snippet:-1","max-image-preview":"max-image-preview:large","max-video-preview":"max-video-preview:-1"},"canonical":"https:\/\/marktxxl.de\/markt\/produkt\/original-source-shower-gel-mint-and-tea-tree-250ml-pack-of-6\/","og_locale":"de_DE","og_type":"article","og_title":"Original Source Shower Gel Mint and Tea Tree 250ml Pack of 6 - Markt-XXL","og_description":"Markt-XXL Original Source Shower Gel Mint and Tea Tree 250ml Pack of 6","og_url":"https:\/\/marktxxl.de\/markt\/produkt\/original-source-shower-gel-mint-and-tea-tree-250ml-pack-of-6\/","og_site_name":"Markt-XXL","article_modified_time":"2023-04-08T01:29:08+00:00","og_image":[{"width":500,"height":500,"url":"https:\/\/m.media-amazon.com\/images\/I\/51iDFZDb+qL._SL500_.jpg","type":"image\/jpeg"}],"twitter_card":"summary_large_image","twitter_misc":{"Gesch\u00e4tzte Lesezeit":"1\u00a0Minute"},"schema":{"@context":"https:\/\/schema.org","@graph":[{"@type":"WebPage","@id":"https:\/\/marktxxl.de\/markt\/produkt\/original-source-shower-gel-mint-and-tea-tree-250ml-pack-of-6\/","url":"https:\/\/marktxxl.de\/markt\/produkt\/original-source-shower-gel-mint-and-tea-tree-250ml-pack-of-6\/","name":"Original Source Shower Gel Mint and Tea Tree 250ml Pack of 6 - Markt-XXL","isPartOf":{"@id":"https:\/\/marktxxl.de\/markt\/#website"},"primaryImageOfPage":{"@id":"https:\/\/marktxxl.de\/markt\/produkt\/original-source-shower-gel-mint-and-tea-tree-250ml-pack-of-6\/#primaryimage"},"image":{"@id":"https:\/\/marktxxl.de\/markt\/produkt\/original-source-shower-gel-mint-and-tea-tree-250ml-pack-of-6\/#primaryimage"},"thumbnailUrl":"https:\/\/m.media-amazon.com\/images\/I\/51iDFZDb+qL._SL500_.jpg","datePublished":"2022-06-13T20:52:29+00:00","dateModified":"2023-04-08T01:29:08+00:00","description":"Markt-XXL Original Source Shower Gel Mint and Tea Tree 250ml Pack of 6","breadcrumb":{"@id":"https:\/\/marktxxl.de\/markt\/produkt\/original-source-shower-gel-mint-and-tea-tree-250ml-pack-of-6\/#breadcrumb"},"inLanguage":"de","potentialAction":[{"@type":"ReadAction","target":["https:\/\/marktxxl.de\/markt\/produkt\/original-source-shower-gel-mint-and-tea-tree-250ml-pack-of-6\/"]}]},{"@type":"ImageObject","inLanguage":"de","@id":"https:\/\/marktxxl.de\/markt\/produkt\/original-source-shower-gel-mint-and-tea-tree-250ml-pack-of-6\/#primaryimage","url":"https:\/\/m.media-amazon.com\/images\/I\/51iDFZDb+qL._SL500_.jpg","contentUrl":"https:\/\/m.media-amazon.com\/images\/I\/51iDFZDb+qL._SL500_.jpg","width":500,"height":500},{"@type":"BreadcrumbList","@id":"https:\/\/marktxxl.de\/markt\/produkt\/original-source-shower-gel-mint-and-tea-tree-250ml-pack-of-6\/#breadcrumb","itemListElement":[{"@type":"ListItem","position":1,"name":"Startseite","item":"https:\/\/marktxxl.de\/markt\/"},{"@type":"ListItem","position":2,"name":"Markt","item":"https:\/\/marktxxl.de\/markt\/"},{"@type":"ListItem","position":3,"name":"Original Source Shower Gel Mint and Tea Tree 250ml Pack of 6"}]},{"@type":"WebSite","@id":"https:\/\/marktxxl.de\/markt\/#website","url":"https:\/\/marktxxl.de\/markt\/","name":"Markt-XXL","description":"Ihr Markt Online","publisher":{"@id":"https:\/\/marktxxl.de\/markt\/#organization"},"potentialAction":[{"@type":"SearchAction","target":{"@type":"EntryPoint","urlTemplate":"https:\/\/marktxxl.de\/markt\/?s={search_term_string}"},"query-input":{"@type":"PropertyValueSpecification","valueRequired":true,"valueName":"search_term_string"}}],"inLanguage":"de"},{"@type":"Organization","@id":"https:\/\/marktxxl.de\/markt\/#organization","name":"Markt-XXL","url":"https:\/\/marktxxl.de\/markt\/","logo":{"@type":"ImageObject","inLanguage":"de","@id":"https:\/\/marktxxl.de\/markt\/#\/schema\/logo\/image\/","url":"https:\/\/marktxxl.de\/markt\/wp-content\/uploads\/sites\/3\/2020\/12\/logo.png","contentUrl":"https:\/\/marktxxl.de\/markt\/wp-content\/uploads\/sites\/3\/2020\/12\/logo.png","width":200,"height":70,"caption":"Markt-XXL"},"image":{"@id":"https:\/\/marktxxl.de\/markt\/#\/schema\/logo\/image\/"}}]}},"_links":{"self":[{"href":"https:\/\/marktxxl.de\/markt\/wp-json\/wp\/v2\/product\/127317","targetHints":{"allow":["GET"]}}],"collection":[{"href":"https:\/\/marktxxl.de\/markt\/wp-json\/wp\/v2\/product"}],"about":[{"href":"https:\/\/marktxxl.de\/markt\/wp-json\/wp\/v2\/types\/product"}],"replies":[{"embeddable":true,"href":"https:\/\/marktxxl.de\/markt\/wp-json\/wp\/v2\/comments?post=127317"}],"wp:featuredmedia":[{"embeddable":true,"href":"https:\/\/marktxxl.de\/markt\/wp-json\/wp\/v2\/media\/127318"}],"wp:attachment":[{"href":"https:\/\/marktxxl.de\/markt\/wp-json\/wp\/v2\/media?parent=127317"}],"wp:term":[{"taxonomy":"product_brand","embeddable":true,"href":"https:\/\/marktxxl.de\/markt\/wp-json\/wp\/v2\/product_brand?post=127317"},{"taxonomy":"product_cat","embeddable":true,"href":"https:\/\/marktxxl.de\/markt\/wp-json\/wp\/v2\/product_cat?post=127317"},{"taxonomy":"product_tag","embeddable":true,"href":"https:\/\/marktxxl.de\/markt\/wp-json\/wp\/v2\/product_tag?post=127317"}],"curies":[{"name":"wp","href":"https:\/\/api.w.org\/{rel}","templated":true}]}}