{"id":127160,"date":"2022-06-13T22:43:37","date_gmt":"2022-06-13T20:43:37","guid":{"rendered":"https:\/\/marktxxl.de\/markt\/produkt\/fassbender-druck-schilder-singen-und-klatschen-parken-verboten-schild-schild-zum-markieren-vom-absoluten-parkverbot-oder-privatgrundstueck-lustiges-fun-parkplatz-schild\/"},"modified":"2023-04-09T03:38:30","modified_gmt":"2023-04-09T01:38:30","slug":"fassbender-druck-schilder-singen-und-klatschen-parken-verboten-schild-schild-zum-markieren-vom-absoluten-parkverbot-oder-privatgrundstueck-lustiges-fun-parkplatz-schild","status":"publish","type":"product","link":"https:\/\/marktxxl.de\/markt\/produkt\/fassbender-druck-schilder-singen-und-klatschen-parken-verboten-schild-schild-zum-markieren-vom-absoluten-parkverbot-oder-privatgrundstueck-lustiges-fun-parkplatz-schild\/","title":{"rendered":"Fassbender-Druck SCHILDER &#8211; SINGEN UND KLATSCHEN &#8211; Parken verboten Schild &#8211; Schild zum Markieren vom absoluten\u2026"},"content":{"rendered":"<p>\u2705 Absolutes Parkverbot &#8211; Mit unserem Parkschild markieren Sie eindeutig und unverwechselbar eine parkfreie Zone. Setzen Sie mit unserem SINGEN UND KLATSCHEN &#8211; Parken verboten Schild &#8211; Falschparkern ein Ende.<br \/>\n\u2705 Beste Schild Qualit\u00e4t &#8211; Die Aufschrift wird auf eine leichte &amp; biegesteife 3mm Aluverbundplatte gedruckt. Unser Parkverbotsschild ist rostfrei, UV- &amp; Witterungsbest\u00e4ndig mit abgerundeten Ecken.<br \/>\n\u2705 Montage &#8211; Unser Parken verboten Schild kann problemlos mit einem Metallbohrer vorgebohrt werden. Danach k\u00f6nnen Sie das Schild an eine Hauswand d\u00fcbeln, mit Kabelbinder an einen Zaun oder alternativ mit doppelseitigem Klebeband an eine Garage kleben.<br \/>\n\u2705 UV-Direktdruck &#8211; Kein Abl\u00f6sen von kaschierten Folien, da die Tinte direkt auf das Schild gedruckt wird. Aus diesem Grund sind unsere Schilder f\u00fcr den langfristigen Au\u00dfeneinsatz geeignet.<br \/>\n\u2705 Made in Germany &#8211; Unsere Schilder \/ Aufkleber stammen alle zu 100% aus deutscher Produktion. In unserem deutschen Familienbetrieb achten wir seit jeher auf h\u00f6chste Qualit\u00e4tsstandards und das Feedback unserer Kunden.<br \/>\n<div class=\"main-cross-sell\" data-asin=\"B01N7BPVFN\">\n\n\t<div class=\"WooZone-cross-sell-loader\">\n\t\t<div>\n\t\t\t<div id=\"floatingBarsG\">\n\t\t\t\t<div class=\"blockG\" id=\"rotateG_01\"><\/div>\n\t\t\t\t<div class=\"blockG\" id=\"rotateG_02\"><\/div>\n\t\t\t\t<div class=\"blockG\" id=\"rotateG_03\"><\/div>\n\t\t\t\t<div class=\"blockG\" id=\"rotateG_04\"><\/div>\n\t\t\t\t<div class=\"blockG\" id=\"rotateG_05\"><\/div>\n\t\t\t\t<div class=\"blockG\" id=\"rotateG_06\"><\/div>\n\t\t\t\t<div class=\"blockG\" id=\"rotateG_07\"><\/div>\n\t\t\t\t<div class=\"blockG\" id=\"rotateG_08\"><\/div>\n\t\t\t<\/div>\n\t\t\t<div class=\"WooZone-cross-sell-loader-text\"><\/div>\n\t\t<\/div>\n\t<\/div>\n\n\t\t\n<\/div>\n<div style=\"clear:both;\"><\/div><\/p>\n","protected":false},"excerpt":{"rendered":"<p>\u2705 Absolutes Parkverbot &#8211; Mit unserem Parkschild markieren Sie eindeutig und unverwechselbar eine parkfreie Zone. Setzen Sie mit unserem SINGEN UND KLATSCHEN &#8211; Parken verboten Schild &#8211; Falschparkern ein Ende.<br \/>\n\u2705 Beste Schild Qualit\u00e4t &#8211; Die Aufschrift wird auf eine leichte &amp; biegesteife 3mm Aluverbundplatte gedruckt. Unser Parkverbotsschild ist rostfrei, UV- &amp; Witterungsbest\u00e4ndig mit abgerundeten Ecken.<br \/>\n\u2705 Montage &#8211; Unser Parken verboten Schild kann problemlos mit einem Metallbohrer vorgebohrt werden. Danach k\u00f6nnen Sie das Schild an eine Hauswand d\u00fcbeln, mit Kabelbinder an einen Zaun oder alternativ mit doppelseitigem Klebeband an eine Garage kleben.<\/p>\n","protected":false},"featured_media":127161,"comment_status":"open","ping_status":"closed","template":"","meta":[],"product_brand":[],"product_cat":[1983,11380],"product_tag":[],"class_list":{"0":"post-127160","1":"product","2":"type-product","3":"status-publish","4":"has-post-thumbnail","6":"product_cat-baumarkt","7":"product_cat-sicherheitstechnik","8":"pa_brand-fassbender-druck-schilder","9":"pa_languages-unbekannt-deutsch","10":"pa_manufacturer-fassbender-druck-schilder","12":"first","13":"instock","14":"shipping-taxable","15":"purchasable","16":"product-type-simple","17":"customify-col","18":"product-has-gallery"},"yoast_head":"<!-- This site is optimized with the Yoast SEO plugin v27.4 - https:\/\/yoast.com\/product\/yoast-seo-wordpress\/ -->\n<title>Fassbender-Druck SCHILDER - SINGEN UND KLATSCHEN - Parken verboten Schild - Schild zum Markieren vom absoluten\u2026 - Markt-XXL<\/title>\n<meta name=\"description\" content=\"Markt-XXL Fassbender-Druck SCHILDER - SINGEN UND KLATSCHEN - Parken verboten Schild - Schild zum Markieren vom absoluten\u2026\" \/>\n<meta name=\"robots\" content=\"index, follow, max-snippet:-1, max-image-preview:large, max-video-preview:-1\" \/>\n<link rel=\"canonical\" href=\"https:\/\/marktxxl.de\/markt\/produkt\/fassbender-druck-schilder-singen-und-klatschen-parken-verboten-schild-schild-zum-markieren-vom-absoluten-parkverbot-oder-privatgrundstueck-lustiges-fun-parkplatz-schild\/\" \/>\n<meta property=\"og:locale\" content=\"de_DE\" \/>\n<meta property=\"og:type\" content=\"article\" \/>\n<meta property=\"og:title\" content=\"Fassbender-Druck SCHILDER - SINGEN UND KLATSCHEN - Parken verboten Schild - Schild zum Markieren vom absoluten\u2026 - Markt-XXL\" \/>\n<meta property=\"og:description\" content=\"Markt-XXL Fassbender-Druck SCHILDER - SINGEN UND KLATSCHEN - Parken verboten Schild - Schild zum Markieren vom absoluten\u2026\" \/>\n<meta property=\"og:url\" content=\"https:\/\/marktxxl.de\/markt\/produkt\/fassbender-druck-schilder-singen-und-klatschen-parken-verboten-schild-schild-zum-markieren-vom-absoluten-parkverbot-oder-privatgrundstueck-lustiges-fun-parkplatz-schild\/\" \/>\n<meta property=\"og:site_name\" content=\"Markt-XXL\" \/>\n<meta property=\"article:modified_time\" content=\"2023-04-09T01:38:30+00:00\" \/>\n<meta property=\"og:image\" content=\"https:\/\/m.media-amazon.com\/images\/I\/41A2inL8G6L._SL500_.jpg\" \/>\n\t<meta property=\"og:image:width\" content=\"500\" \/>\n\t<meta property=\"og:image:height\" content=\"500\" \/>\n\t<meta property=\"og:image:type\" content=\"image\/jpeg\" \/>\n<meta name=\"twitter:card\" content=\"summary_large_image\" \/>\n<meta name=\"twitter:label1\" content=\"Gesch\u00e4tzte Lesezeit\" \/>\n\t<meta name=\"twitter:data1\" content=\"1\u00a0Minute\" \/>\n<script type=\"application\/ld+json\" class=\"yoast-schema-graph\">{\"@context\":\"https:\\\/\\\/schema.org\",\"@graph\":[{\"@type\":\"WebPage\",\"@id\":\"https:\\\/\\\/marktxxl.de\\\/markt\\\/produkt\\\/fassbender-druck-schilder-singen-und-klatschen-parken-verboten-schild-schild-zum-markieren-vom-absoluten-parkverbot-oder-privatgrundstueck-lustiges-fun-parkplatz-schild\\\/\",\"url\":\"https:\\\/\\\/marktxxl.de\\\/markt\\\/produkt\\\/fassbender-druck-schilder-singen-und-klatschen-parken-verboten-schild-schild-zum-markieren-vom-absoluten-parkverbot-oder-privatgrundstueck-lustiges-fun-parkplatz-schild\\\/\",\"name\":\"Fassbender-Druck SCHILDER - SINGEN UND KLATSCHEN - Parken verboten Schild - Schild zum Markieren vom absoluten\u2026 - Markt-XXL\",\"isPartOf\":{\"@id\":\"https:\\\/\\\/marktxxl.de\\\/markt\\\/#website\"},\"primaryImageOfPage\":{\"@id\":\"https:\\\/\\\/marktxxl.de\\\/markt\\\/produkt\\\/fassbender-druck-schilder-singen-und-klatschen-parken-verboten-schild-schild-zum-markieren-vom-absoluten-parkverbot-oder-privatgrundstueck-lustiges-fun-parkplatz-schild\\\/#primaryimage\"},\"image\":{\"@id\":\"https:\\\/\\\/marktxxl.de\\\/markt\\\/produkt\\\/fassbender-druck-schilder-singen-und-klatschen-parken-verboten-schild-schild-zum-markieren-vom-absoluten-parkverbot-oder-privatgrundstueck-lustiges-fun-parkplatz-schild\\\/#primaryimage\"},\"thumbnailUrl\":\"https:\\\/\\\/m.media-amazon.com\\\/images\\\/I\\\/41A2inL8G6L._SL500_.jpg\",\"datePublished\":\"2022-06-13T20:43:37+00:00\",\"dateModified\":\"2023-04-09T01:38:30+00:00\",\"description\":\"Markt-XXL Fassbender-Druck SCHILDER - SINGEN UND KLATSCHEN - Parken verboten Schild - Schild zum Markieren vom absoluten\u2026\",\"breadcrumb\":{\"@id\":\"https:\\\/\\\/marktxxl.de\\\/markt\\\/produkt\\\/fassbender-druck-schilder-singen-und-klatschen-parken-verboten-schild-schild-zum-markieren-vom-absoluten-parkverbot-oder-privatgrundstueck-lustiges-fun-parkplatz-schild\\\/#breadcrumb\"},\"inLanguage\":\"de\",\"potentialAction\":[{\"@type\":\"ReadAction\",\"target\":[\"https:\\\/\\\/marktxxl.de\\\/markt\\\/produkt\\\/fassbender-druck-schilder-singen-und-klatschen-parken-verboten-schild-schild-zum-markieren-vom-absoluten-parkverbot-oder-privatgrundstueck-lustiges-fun-parkplatz-schild\\\/\"]}]},{\"@type\":\"ImageObject\",\"inLanguage\":\"de\",\"@id\":\"https:\\\/\\\/marktxxl.de\\\/markt\\\/produkt\\\/fassbender-druck-schilder-singen-und-klatschen-parken-verboten-schild-schild-zum-markieren-vom-absoluten-parkverbot-oder-privatgrundstueck-lustiges-fun-parkplatz-schild\\\/#primaryimage\",\"url\":\"https:\\\/\\\/m.media-amazon.com\\\/images\\\/I\\\/41A2inL8G6L._SL500_.jpg\",\"contentUrl\":\"https:\\\/\\\/m.media-amazon.com\\\/images\\\/I\\\/41A2inL8G6L._SL500_.jpg\",\"width\":500,\"height\":500},{\"@type\":\"BreadcrumbList\",\"@id\":\"https:\\\/\\\/marktxxl.de\\\/markt\\\/produkt\\\/fassbender-druck-schilder-singen-und-klatschen-parken-verboten-schild-schild-zum-markieren-vom-absoluten-parkverbot-oder-privatgrundstueck-lustiges-fun-parkplatz-schild\\\/#breadcrumb\",\"itemListElement\":[{\"@type\":\"ListItem\",\"position\":1,\"name\":\"Startseite\",\"item\":\"https:\\\/\\\/marktxxl.de\\\/markt\\\/\"},{\"@type\":\"ListItem\",\"position\":2,\"name\":\"Markt\",\"item\":\"https:\\\/\\\/marktxxl.de\\\/markt\\\/\"},{\"@type\":\"ListItem\",\"position\":3,\"name\":\"Fassbender-Druck SCHILDER &#8211; SINGEN UND KLATSCHEN &#8211; Parken verboten Schild &#8211; Schild zum Markieren vom absoluten\u2026\"}]},{\"@type\":\"WebSite\",\"@id\":\"https:\\\/\\\/marktxxl.de\\\/markt\\\/#website\",\"url\":\"https:\\\/\\\/marktxxl.de\\\/markt\\\/\",\"name\":\"Markt-XXL\",\"description\":\"Ihr Markt Online\",\"publisher\":{\"@id\":\"https:\\\/\\\/marktxxl.de\\\/markt\\\/#organization\"},\"potentialAction\":[{\"@type\":\"SearchAction\",\"target\":{\"@type\":\"EntryPoint\",\"urlTemplate\":\"https:\\\/\\\/marktxxl.de\\\/markt\\\/?s={search_term_string}\"},\"query-input\":{\"@type\":\"PropertyValueSpecification\",\"valueRequired\":true,\"valueName\":\"search_term_string\"}}],\"inLanguage\":\"de\"},{\"@type\":\"Organization\",\"@id\":\"https:\\\/\\\/marktxxl.de\\\/markt\\\/#organization\",\"name\":\"Markt-XXL\",\"url\":\"https:\\\/\\\/marktxxl.de\\\/markt\\\/\",\"logo\":{\"@type\":\"ImageObject\",\"inLanguage\":\"de\",\"@id\":\"https:\\\/\\\/marktxxl.de\\\/markt\\\/#\\\/schema\\\/logo\\\/image\\\/\",\"url\":\"https:\\\/\\\/marktxxl.de\\\/markt\\\/wp-content\\\/uploads\\\/sites\\\/3\\\/2020\\\/12\\\/logo.png\",\"contentUrl\":\"https:\\\/\\\/marktxxl.de\\\/markt\\\/wp-content\\\/uploads\\\/sites\\\/3\\\/2020\\\/12\\\/logo.png\",\"width\":200,\"height\":70,\"caption\":\"Markt-XXL\"},\"image\":{\"@id\":\"https:\\\/\\\/marktxxl.de\\\/markt\\\/#\\\/schema\\\/logo\\\/image\\\/\"}}]}<\/script>\n<!-- \/ Yoast SEO plugin. -->","yoast_head_json":{"title":"Fassbender-Druck SCHILDER - SINGEN UND KLATSCHEN - Parken verboten Schild - Schild zum Markieren vom absoluten\u2026 - Markt-XXL","description":"Markt-XXL Fassbender-Druck SCHILDER - SINGEN UND KLATSCHEN - Parken verboten Schild - Schild zum Markieren vom absoluten\u2026","robots":{"index":"index","follow":"follow","max-snippet":"max-snippet:-1","max-image-preview":"max-image-preview:large","max-video-preview":"max-video-preview:-1"},"canonical":"https:\/\/marktxxl.de\/markt\/produkt\/fassbender-druck-schilder-singen-und-klatschen-parken-verboten-schild-schild-zum-markieren-vom-absoluten-parkverbot-oder-privatgrundstueck-lustiges-fun-parkplatz-schild\/","og_locale":"de_DE","og_type":"article","og_title":"Fassbender-Druck SCHILDER - SINGEN UND KLATSCHEN - Parken verboten Schild - Schild zum Markieren vom absoluten\u2026 - Markt-XXL","og_description":"Markt-XXL Fassbender-Druck SCHILDER - SINGEN UND KLATSCHEN - Parken verboten Schild - Schild zum Markieren vom absoluten\u2026","og_url":"https:\/\/marktxxl.de\/markt\/produkt\/fassbender-druck-schilder-singen-und-klatschen-parken-verboten-schild-schild-zum-markieren-vom-absoluten-parkverbot-oder-privatgrundstueck-lustiges-fun-parkplatz-schild\/","og_site_name":"Markt-XXL","article_modified_time":"2023-04-09T01:38:30+00:00","og_image":[{"width":500,"height":500,"url":"https:\/\/m.media-amazon.com\/images\/I\/41A2inL8G6L._SL500_.jpg","type":"image\/jpeg"}],"twitter_card":"summary_large_image","twitter_misc":{"Gesch\u00e4tzte Lesezeit":"1\u00a0Minute"},"schema":{"@context":"https:\/\/schema.org","@graph":[{"@type":"WebPage","@id":"https:\/\/marktxxl.de\/markt\/produkt\/fassbender-druck-schilder-singen-und-klatschen-parken-verboten-schild-schild-zum-markieren-vom-absoluten-parkverbot-oder-privatgrundstueck-lustiges-fun-parkplatz-schild\/","url":"https:\/\/marktxxl.de\/markt\/produkt\/fassbender-druck-schilder-singen-und-klatschen-parken-verboten-schild-schild-zum-markieren-vom-absoluten-parkverbot-oder-privatgrundstueck-lustiges-fun-parkplatz-schild\/","name":"Fassbender-Druck SCHILDER - SINGEN UND KLATSCHEN - Parken verboten Schild - Schild zum Markieren vom absoluten\u2026 - Markt-XXL","isPartOf":{"@id":"https:\/\/marktxxl.de\/markt\/#website"},"primaryImageOfPage":{"@id":"https:\/\/marktxxl.de\/markt\/produkt\/fassbender-druck-schilder-singen-und-klatschen-parken-verboten-schild-schild-zum-markieren-vom-absoluten-parkverbot-oder-privatgrundstueck-lustiges-fun-parkplatz-schild\/#primaryimage"},"image":{"@id":"https:\/\/marktxxl.de\/markt\/produkt\/fassbender-druck-schilder-singen-und-klatschen-parken-verboten-schild-schild-zum-markieren-vom-absoluten-parkverbot-oder-privatgrundstueck-lustiges-fun-parkplatz-schild\/#primaryimage"},"thumbnailUrl":"https:\/\/m.media-amazon.com\/images\/I\/41A2inL8G6L._SL500_.jpg","datePublished":"2022-06-13T20:43:37+00:00","dateModified":"2023-04-09T01:38:30+00:00","description":"Markt-XXL Fassbender-Druck SCHILDER - SINGEN UND KLATSCHEN - Parken verboten Schild - Schild zum Markieren vom absoluten\u2026","breadcrumb":{"@id":"https:\/\/marktxxl.de\/markt\/produkt\/fassbender-druck-schilder-singen-und-klatschen-parken-verboten-schild-schild-zum-markieren-vom-absoluten-parkverbot-oder-privatgrundstueck-lustiges-fun-parkplatz-schild\/#breadcrumb"},"inLanguage":"de","potentialAction":[{"@type":"ReadAction","target":["https:\/\/marktxxl.de\/markt\/produkt\/fassbender-druck-schilder-singen-und-klatschen-parken-verboten-schild-schild-zum-markieren-vom-absoluten-parkverbot-oder-privatgrundstueck-lustiges-fun-parkplatz-schild\/"]}]},{"@type":"ImageObject","inLanguage":"de","@id":"https:\/\/marktxxl.de\/markt\/produkt\/fassbender-druck-schilder-singen-und-klatschen-parken-verboten-schild-schild-zum-markieren-vom-absoluten-parkverbot-oder-privatgrundstueck-lustiges-fun-parkplatz-schild\/#primaryimage","url":"https:\/\/m.media-amazon.com\/images\/I\/41A2inL8G6L._SL500_.jpg","contentUrl":"https:\/\/m.media-amazon.com\/images\/I\/41A2inL8G6L._SL500_.jpg","width":500,"height":500},{"@type":"BreadcrumbList","@id":"https:\/\/marktxxl.de\/markt\/produkt\/fassbender-druck-schilder-singen-und-klatschen-parken-verboten-schild-schild-zum-markieren-vom-absoluten-parkverbot-oder-privatgrundstueck-lustiges-fun-parkplatz-schild\/#breadcrumb","itemListElement":[{"@type":"ListItem","position":1,"name":"Startseite","item":"https:\/\/marktxxl.de\/markt\/"},{"@type":"ListItem","position":2,"name":"Markt","item":"https:\/\/marktxxl.de\/markt\/"},{"@type":"ListItem","position":3,"name":"Fassbender-Druck SCHILDER &#8211; SINGEN UND KLATSCHEN &#8211; Parken verboten Schild &#8211; Schild zum Markieren vom absoluten\u2026"}]},{"@type":"WebSite","@id":"https:\/\/marktxxl.de\/markt\/#website","url":"https:\/\/marktxxl.de\/markt\/","name":"Markt-XXL","description":"Ihr Markt Online","publisher":{"@id":"https:\/\/marktxxl.de\/markt\/#organization"},"potentialAction":[{"@type":"SearchAction","target":{"@type":"EntryPoint","urlTemplate":"https:\/\/marktxxl.de\/markt\/?s={search_term_string}"},"query-input":{"@type":"PropertyValueSpecification","valueRequired":true,"valueName":"search_term_string"}}],"inLanguage":"de"},{"@type":"Organization","@id":"https:\/\/marktxxl.de\/markt\/#organization","name":"Markt-XXL","url":"https:\/\/marktxxl.de\/markt\/","logo":{"@type":"ImageObject","inLanguage":"de","@id":"https:\/\/marktxxl.de\/markt\/#\/schema\/logo\/image\/","url":"https:\/\/marktxxl.de\/markt\/wp-content\/uploads\/sites\/3\/2020\/12\/logo.png","contentUrl":"https:\/\/marktxxl.de\/markt\/wp-content\/uploads\/sites\/3\/2020\/12\/logo.png","width":200,"height":70,"caption":"Markt-XXL"},"image":{"@id":"https:\/\/marktxxl.de\/markt\/#\/schema\/logo\/image\/"}}]}},"_links":{"self":[{"href":"https:\/\/marktxxl.de\/markt\/wp-json\/wp\/v2\/product\/127160","targetHints":{"allow":["GET"]}}],"collection":[{"href":"https:\/\/marktxxl.de\/markt\/wp-json\/wp\/v2\/product"}],"about":[{"href":"https:\/\/marktxxl.de\/markt\/wp-json\/wp\/v2\/types\/product"}],"replies":[{"embeddable":true,"href":"https:\/\/marktxxl.de\/markt\/wp-json\/wp\/v2\/comments?post=127160"}],"wp:featuredmedia":[{"embeddable":true,"href":"https:\/\/marktxxl.de\/markt\/wp-json\/wp\/v2\/media\/127161"}],"wp:attachment":[{"href":"https:\/\/marktxxl.de\/markt\/wp-json\/wp\/v2\/media?parent=127160"}],"wp:term":[{"taxonomy":"product_brand","embeddable":true,"href":"https:\/\/marktxxl.de\/markt\/wp-json\/wp\/v2\/product_brand?post=127160"},{"taxonomy":"product_cat","embeddable":true,"href":"https:\/\/marktxxl.de\/markt\/wp-json\/wp\/v2\/product_cat?post=127160"},{"taxonomy":"product_tag","embeddable":true,"href":"https:\/\/marktxxl.de\/markt\/wp-json\/wp\/v2\/product_tag?post=127160"}],"curies":[{"name":"wp","href":"https:\/\/api.w.org\/{rel}","templated":true}]}}