{"id":127153,"date":"2022-06-13T22:43:29","date_gmt":"2022-06-13T20:43:29","guid":{"rendered":"https:\/\/marktxxl.de\/markt\/produkt\/goodvia-vorsicht-hund-schild-alu-2-x-schild-vorsicht-hund-warnschild-hunde-reflektierendes-metall-schild-hund-warnung-achtung-hund-schild-geeignet-fuer-den-innen-und-aussenbereich\/"},"modified":"2023-04-09T03:38:30","modified_gmt":"2023-04-09T01:38:30","slug":"goodvia-vorsicht-hund-schild-alu-2-x-schild-vorsicht-hund-warnschild-hunde-reflektierendes-metall-schild-hund-warnung-achtung-hund-schild-geeignet-fuer-den-innen-und-aussenbereich","status":"publish","type":"product","link":"https:\/\/marktxxl.de\/markt\/produkt\/goodvia-vorsicht-hund-schild-alu-2-x-schild-vorsicht-hund-warnschild-hunde-reflektierendes-metall-schild-hund-warnung-achtung-hund-schild-geeignet-fuer-den-innen-und-aussenbereich\/","title":{"rendered":"Goodvia Vorsicht Bissiger Hund Schild Aluminium 20 * 30cm, Achtung Hunde Warnschild Beware of The Dog Schild\u2026"},"content":{"rendered":"<p>HOCHSICHTBARE WARNUNG &#8211; Unsere Warnschilder haben helle und sichtbare rot-wei\u00dfe und gelb-schwarze Muster und sind leicht zu erkennen. Die metallische Aluminiumbeschilderung hat einen reflektierenden Effekt, und die hellen Farben werden von Eindringlingen leicht wahrgenommen und erinnern sie daran, sich fernzuhalten!<br \/>\nULTRA LANGLEBIGE PREMIUM-ALUMINIUM-ZEICHEN &#8211; Unser schild Hergestellt aus rostfreiem, schwerem Aluminium von professioneller Qualit\u00e4t 0,40, das mit modernsten Maschinen unter Verwendung einer UV-gesch\u00fctzten, langlebigen Tinte gedruckt wurde, um wasserdichte, wetterfeste, kratz- und UV-best\u00e4ndige Zeichen zu erzeugen, die dies gew\u00e4hrleisten dass das Schild nicht verblasst und viele Jahre im Innen- und Au\u00dfenbereich h\u00e4lt.<br \/>\nPERFEKT GR\u00d6SSE UND EINFACH ZU INSTALLIEREN &#8211; Unsere hochwertigen Sicherheitsschilder aus Aluminium verf\u00fcgen \u00fcber mehrere vorgebohrte Befestigungsl\u00f6cher und k\u00f6nnen problemlos auf jeder Oberfl\u00e4che montiert werden. Kann mit Schrauben, N\u00e4geln, Kabelbindern oder Dr\u00e4hten montiert werden. Bitte beachten Sie, dass Hardware nicht im Lieferumfang enthalten ist.<br \/>\nPROFESSIONAL METAL SIGN &#8211; Unsere Schilder sind ideal f\u00fcr die Platzierung im Freien. Das Aluminiummaterial ist langlebig, langlebig und weist eine hervorragende Wasser- und Chemikalienbest\u00e4ndigkeit auf. Es rostet oder verblasst nicht, ist verschlei\u00dffest. Unsere Schilder sind sorgf\u00e4ltig gestaltet, um elegant, ma\u00dfgeblich und leicht lesbar auszusehen.<br \/>\nWAS INKLUSIVE IST &#8211; 1 St\u00fcck oder 2 St\u00fcck hundeschilder warnung, Die Gr\u00f6\u00dfe jedes Aluminiumschildes ist 20*30cm\/ 7.8&#8243;x 11.7&#8243; !<br \/>\n<div class=\"main-cross-sell\" data-asin=\"B08JQ7C62G\">\n\n\t<div class=\"WooZone-cross-sell-loader\">\n\t\t<div>\n\t\t\t<div id=\"floatingBarsG\">\n\t\t\t\t<div class=\"blockG\" id=\"rotateG_01\"><\/div>\n\t\t\t\t<div class=\"blockG\" id=\"rotateG_02\"><\/div>\n\t\t\t\t<div class=\"blockG\" id=\"rotateG_03\"><\/div>\n\t\t\t\t<div class=\"blockG\" id=\"rotateG_04\"><\/div>\n\t\t\t\t<div class=\"blockG\" id=\"rotateG_05\"><\/div>\n\t\t\t\t<div class=\"blockG\" id=\"rotateG_06\"><\/div>\n\t\t\t\t<div class=\"blockG\" id=\"rotateG_07\"><\/div>\n\t\t\t\t<div class=\"blockG\" id=\"rotateG_08\"><\/div>\n\t\t\t<\/div>\n\t\t\t<div class=\"WooZone-cross-sell-loader-text\"><\/div>\n\t\t<\/div>\n\t<\/div>\n\n\t\t\n<\/div>\n<div style=\"clear:both;\"><\/div><\/p>\n","protected":false},"excerpt":{"rendered":"<p>HOCHSICHTBARE WARNUNG &#8211; Unsere Warnschilder haben helle und sichtbare rot-wei\u00dfe und gelb-schwarze Muster und sind leicht zu erkennen. Die metallische Aluminiumbeschilderung hat einen reflektierenden Effekt, und die hellen Farben werden von Eindringlingen leicht wahrgenommen und erinnern sie daran, sich fernzuhalten!<br \/>\nULTRA LANGLEBIGE PREMIUM-ALUMINIUM-ZEICHEN &#8211; Unser schild Hergestellt aus rostfreiem, schwerem Aluminium von professioneller Qualit\u00e4t 0,40, das mit modernsten Maschinen unter Verwendung einer UV-gesch\u00fctzten, langlebigen Tinte gedruckt wurde, um wasserdichte, wetterfeste, kratz- und UV-best\u00e4ndige Zeichen zu erzeugen, die dies gew\u00e4hrleisten dass das Schild nicht verblasst und viele Jahre im Innen- und Au\u00dfenbereich h\u00e4lt.<br \/>\nPERFEKT GR\u00d6SSE UND EINFACH ZU INSTALLIEREN &#8211; Unsere hochwertigen Sicherheitsschilder aus Aluminium verf\u00fcgen \u00fcber mehrere vorgebohrte Befestigungsl\u00f6cher und k\u00f6nnen problemlos auf jeder Oberfl\u00e4che montiert werden. Kann mit Schrauben, N\u00e4geln, Kabelbindern oder Dr\u00e4hten montiert werden. Bitte beachten Sie, dass Hardware nicht im Lieferumfang enthalten ist.<\/p>\n","protected":false},"featured_media":127154,"comment_status":"open","ping_status":"closed","template":"","meta":[],"product_brand":[],"product_cat":[1983,11380],"product_tag":[],"class_list":{"0":"post-127153","1":"product","2":"type-product","3":"status-publish","4":"has-post-thumbnail","6":"product_cat-baumarkt","7":"product_cat-sicherheitstechnik","8":"pa_brand-goodvia","9":"pa_manufacturer-nan-chang-gu-wei-ya-mao-yi-you-xian-gong-shi","11":"first","12":"instock","13":"shipping-taxable","14":"purchasable","15":"product-type-simple","16":"customify-col","17":"product-has-gallery"},"yoast_head":"<!-- This site is optimized with the Yoast SEO plugin v27.4 - https:\/\/yoast.com\/product\/yoast-seo-wordpress\/ -->\n<title>Goodvia Vorsicht Bissiger Hund Schild Aluminium 20 * 30cm, Achtung Hunde Warnschild Beware of The Dog Schild\u2026 - Markt-XXL<\/title>\n<meta name=\"description\" content=\"Markt-XXL Goodvia Vorsicht Bissiger Hund Schild Aluminium 20 * 30cm, Achtung Hunde Warnschild Beware of The Dog Schild\u2026\" \/>\n<meta name=\"robots\" content=\"index, follow, max-snippet:-1, max-image-preview:large, max-video-preview:-1\" \/>\n<link rel=\"canonical\" href=\"https:\/\/marktxxl.de\/markt\/produkt\/goodvia-vorsicht-hund-schild-alu-2-x-schild-vorsicht-hund-warnschild-hunde-reflektierendes-metall-schild-hund-warnung-achtung-hund-schild-geeignet-fuer-den-innen-und-aussenbereich\/\" \/>\n<meta property=\"og:locale\" content=\"de_DE\" \/>\n<meta property=\"og:type\" content=\"article\" \/>\n<meta property=\"og:title\" content=\"Goodvia Vorsicht Bissiger Hund Schild Aluminium 20 * 30cm, Achtung Hunde Warnschild Beware of The Dog Schild\u2026 - Markt-XXL\" \/>\n<meta property=\"og:description\" content=\"Markt-XXL Goodvia Vorsicht Bissiger Hund Schild Aluminium 20 * 30cm, Achtung Hunde Warnschild Beware of The Dog Schild\u2026\" \/>\n<meta property=\"og:url\" content=\"https:\/\/marktxxl.de\/markt\/produkt\/goodvia-vorsicht-hund-schild-alu-2-x-schild-vorsicht-hund-warnschild-hunde-reflektierendes-metall-schild-hund-warnung-achtung-hund-schild-geeignet-fuer-den-innen-und-aussenbereich\/\" \/>\n<meta property=\"og:site_name\" content=\"Markt-XXL\" \/>\n<meta property=\"article:modified_time\" content=\"2023-04-09T01:38:30+00:00\" \/>\n<meta property=\"og:image\" content=\"https:\/\/m.media-amazon.com\/images\/I\/51qCWlFXrhL._SL500_.jpg\" \/>\n\t<meta property=\"og:image:width\" content=\"500\" \/>\n\t<meta property=\"og:image:height\" content=\"500\" \/>\n\t<meta property=\"og:image:type\" content=\"image\/jpeg\" \/>\n<meta name=\"twitter:card\" content=\"summary_large_image\" \/>\n<meta name=\"twitter:label1\" content=\"Gesch\u00e4tzte Lesezeit\" \/>\n\t<meta name=\"twitter:data1\" content=\"1\u00a0Minute\" \/>\n<script type=\"application\/ld+json\" class=\"yoast-schema-graph\">{\"@context\":\"https:\\\/\\\/schema.org\",\"@graph\":[{\"@type\":\"WebPage\",\"@id\":\"https:\\\/\\\/marktxxl.de\\\/markt\\\/produkt\\\/goodvia-vorsicht-hund-schild-alu-2-x-schild-vorsicht-hund-warnschild-hunde-reflektierendes-metall-schild-hund-warnung-achtung-hund-schild-geeignet-fuer-den-innen-und-aussenbereich\\\/\",\"url\":\"https:\\\/\\\/marktxxl.de\\\/markt\\\/produkt\\\/goodvia-vorsicht-hund-schild-alu-2-x-schild-vorsicht-hund-warnschild-hunde-reflektierendes-metall-schild-hund-warnung-achtung-hund-schild-geeignet-fuer-den-innen-und-aussenbereich\\\/\",\"name\":\"Goodvia Vorsicht Bissiger Hund Schild Aluminium 20 * 30cm, Achtung Hunde Warnschild Beware of The Dog Schild\u2026 - Markt-XXL\",\"isPartOf\":{\"@id\":\"https:\\\/\\\/marktxxl.de\\\/markt\\\/#website\"},\"primaryImageOfPage\":{\"@id\":\"https:\\\/\\\/marktxxl.de\\\/markt\\\/produkt\\\/goodvia-vorsicht-hund-schild-alu-2-x-schild-vorsicht-hund-warnschild-hunde-reflektierendes-metall-schild-hund-warnung-achtung-hund-schild-geeignet-fuer-den-innen-und-aussenbereich\\\/#primaryimage\"},\"image\":{\"@id\":\"https:\\\/\\\/marktxxl.de\\\/markt\\\/produkt\\\/goodvia-vorsicht-hund-schild-alu-2-x-schild-vorsicht-hund-warnschild-hunde-reflektierendes-metall-schild-hund-warnung-achtung-hund-schild-geeignet-fuer-den-innen-und-aussenbereich\\\/#primaryimage\"},\"thumbnailUrl\":\"https:\\\/\\\/m.media-amazon.com\\\/images\\\/I\\\/51qCWlFXrhL._SL500_.jpg\",\"datePublished\":\"2022-06-13T20:43:29+00:00\",\"dateModified\":\"2023-04-09T01:38:30+00:00\",\"description\":\"Markt-XXL Goodvia Vorsicht Bissiger Hund Schild Aluminium 20 * 30cm, Achtung Hunde Warnschild Beware of The Dog Schild\u2026\",\"breadcrumb\":{\"@id\":\"https:\\\/\\\/marktxxl.de\\\/markt\\\/produkt\\\/goodvia-vorsicht-hund-schild-alu-2-x-schild-vorsicht-hund-warnschild-hunde-reflektierendes-metall-schild-hund-warnung-achtung-hund-schild-geeignet-fuer-den-innen-und-aussenbereich\\\/#breadcrumb\"},\"inLanguage\":\"de\",\"potentialAction\":[{\"@type\":\"ReadAction\",\"target\":[\"https:\\\/\\\/marktxxl.de\\\/markt\\\/produkt\\\/goodvia-vorsicht-hund-schild-alu-2-x-schild-vorsicht-hund-warnschild-hunde-reflektierendes-metall-schild-hund-warnung-achtung-hund-schild-geeignet-fuer-den-innen-und-aussenbereich\\\/\"]}]},{\"@type\":\"ImageObject\",\"inLanguage\":\"de\",\"@id\":\"https:\\\/\\\/marktxxl.de\\\/markt\\\/produkt\\\/goodvia-vorsicht-hund-schild-alu-2-x-schild-vorsicht-hund-warnschild-hunde-reflektierendes-metall-schild-hund-warnung-achtung-hund-schild-geeignet-fuer-den-innen-und-aussenbereich\\\/#primaryimage\",\"url\":\"https:\\\/\\\/m.media-amazon.com\\\/images\\\/I\\\/51qCWlFXrhL._SL500_.jpg\",\"contentUrl\":\"https:\\\/\\\/m.media-amazon.com\\\/images\\\/I\\\/51qCWlFXrhL._SL500_.jpg\",\"width\":500,\"height\":500},{\"@type\":\"BreadcrumbList\",\"@id\":\"https:\\\/\\\/marktxxl.de\\\/markt\\\/produkt\\\/goodvia-vorsicht-hund-schild-alu-2-x-schild-vorsicht-hund-warnschild-hunde-reflektierendes-metall-schild-hund-warnung-achtung-hund-schild-geeignet-fuer-den-innen-und-aussenbereich\\\/#breadcrumb\",\"itemListElement\":[{\"@type\":\"ListItem\",\"position\":1,\"name\":\"Startseite\",\"item\":\"https:\\\/\\\/marktxxl.de\\\/markt\\\/\"},{\"@type\":\"ListItem\",\"position\":2,\"name\":\"Markt\",\"item\":\"https:\\\/\\\/marktxxl.de\\\/markt\\\/\"},{\"@type\":\"ListItem\",\"position\":3,\"name\":\"Goodvia Vorsicht Bissiger Hund Schild Aluminium 20 * 30cm, Achtung Hunde Warnschild Beware of The Dog Schild\u2026\"}]},{\"@type\":\"WebSite\",\"@id\":\"https:\\\/\\\/marktxxl.de\\\/markt\\\/#website\",\"url\":\"https:\\\/\\\/marktxxl.de\\\/markt\\\/\",\"name\":\"Markt-XXL\",\"description\":\"Ihr Markt Online\",\"publisher\":{\"@id\":\"https:\\\/\\\/marktxxl.de\\\/markt\\\/#organization\"},\"potentialAction\":[{\"@type\":\"SearchAction\",\"target\":{\"@type\":\"EntryPoint\",\"urlTemplate\":\"https:\\\/\\\/marktxxl.de\\\/markt\\\/?s={search_term_string}\"},\"query-input\":{\"@type\":\"PropertyValueSpecification\",\"valueRequired\":true,\"valueName\":\"search_term_string\"}}],\"inLanguage\":\"de\"},{\"@type\":\"Organization\",\"@id\":\"https:\\\/\\\/marktxxl.de\\\/markt\\\/#organization\",\"name\":\"Markt-XXL\",\"url\":\"https:\\\/\\\/marktxxl.de\\\/markt\\\/\",\"logo\":{\"@type\":\"ImageObject\",\"inLanguage\":\"de\",\"@id\":\"https:\\\/\\\/marktxxl.de\\\/markt\\\/#\\\/schema\\\/logo\\\/image\\\/\",\"url\":\"https:\\\/\\\/marktxxl.de\\\/markt\\\/wp-content\\\/uploads\\\/sites\\\/3\\\/2020\\\/12\\\/logo.png\",\"contentUrl\":\"https:\\\/\\\/marktxxl.de\\\/markt\\\/wp-content\\\/uploads\\\/sites\\\/3\\\/2020\\\/12\\\/logo.png\",\"width\":200,\"height\":70,\"caption\":\"Markt-XXL\"},\"image\":{\"@id\":\"https:\\\/\\\/marktxxl.de\\\/markt\\\/#\\\/schema\\\/logo\\\/image\\\/\"}}]}<\/script>\n<!-- \/ Yoast SEO plugin. -->","yoast_head_json":{"title":"Goodvia Vorsicht Bissiger Hund Schild Aluminium 20 * 30cm, Achtung Hunde Warnschild Beware of The Dog Schild\u2026 - Markt-XXL","description":"Markt-XXL Goodvia Vorsicht Bissiger Hund Schild Aluminium 20 * 30cm, Achtung Hunde Warnschild Beware of The Dog Schild\u2026","robots":{"index":"index","follow":"follow","max-snippet":"max-snippet:-1","max-image-preview":"max-image-preview:large","max-video-preview":"max-video-preview:-1"},"canonical":"https:\/\/marktxxl.de\/markt\/produkt\/goodvia-vorsicht-hund-schild-alu-2-x-schild-vorsicht-hund-warnschild-hunde-reflektierendes-metall-schild-hund-warnung-achtung-hund-schild-geeignet-fuer-den-innen-und-aussenbereich\/","og_locale":"de_DE","og_type":"article","og_title":"Goodvia Vorsicht Bissiger Hund Schild Aluminium 20 * 30cm, Achtung Hunde Warnschild Beware of The Dog Schild\u2026 - Markt-XXL","og_description":"Markt-XXL Goodvia Vorsicht Bissiger Hund Schild Aluminium 20 * 30cm, Achtung Hunde Warnschild Beware of The Dog Schild\u2026","og_url":"https:\/\/marktxxl.de\/markt\/produkt\/goodvia-vorsicht-hund-schild-alu-2-x-schild-vorsicht-hund-warnschild-hunde-reflektierendes-metall-schild-hund-warnung-achtung-hund-schild-geeignet-fuer-den-innen-und-aussenbereich\/","og_site_name":"Markt-XXL","article_modified_time":"2023-04-09T01:38:30+00:00","og_image":[{"width":500,"height":500,"url":"https:\/\/m.media-amazon.com\/images\/I\/51qCWlFXrhL._SL500_.jpg","type":"image\/jpeg"}],"twitter_card":"summary_large_image","twitter_misc":{"Gesch\u00e4tzte Lesezeit":"1\u00a0Minute"},"schema":{"@context":"https:\/\/schema.org","@graph":[{"@type":"WebPage","@id":"https:\/\/marktxxl.de\/markt\/produkt\/goodvia-vorsicht-hund-schild-alu-2-x-schild-vorsicht-hund-warnschild-hunde-reflektierendes-metall-schild-hund-warnung-achtung-hund-schild-geeignet-fuer-den-innen-und-aussenbereich\/","url":"https:\/\/marktxxl.de\/markt\/produkt\/goodvia-vorsicht-hund-schild-alu-2-x-schild-vorsicht-hund-warnschild-hunde-reflektierendes-metall-schild-hund-warnung-achtung-hund-schild-geeignet-fuer-den-innen-und-aussenbereich\/","name":"Goodvia Vorsicht Bissiger Hund Schild Aluminium 20 * 30cm, Achtung Hunde Warnschild Beware of The Dog Schild\u2026 - Markt-XXL","isPartOf":{"@id":"https:\/\/marktxxl.de\/markt\/#website"},"primaryImageOfPage":{"@id":"https:\/\/marktxxl.de\/markt\/produkt\/goodvia-vorsicht-hund-schild-alu-2-x-schild-vorsicht-hund-warnschild-hunde-reflektierendes-metall-schild-hund-warnung-achtung-hund-schild-geeignet-fuer-den-innen-und-aussenbereich\/#primaryimage"},"image":{"@id":"https:\/\/marktxxl.de\/markt\/produkt\/goodvia-vorsicht-hund-schild-alu-2-x-schild-vorsicht-hund-warnschild-hunde-reflektierendes-metall-schild-hund-warnung-achtung-hund-schild-geeignet-fuer-den-innen-und-aussenbereich\/#primaryimage"},"thumbnailUrl":"https:\/\/m.media-amazon.com\/images\/I\/51qCWlFXrhL._SL500_.jpg","datePublished":"2022-06-13T20:43:29+00:00","dateModified":"2023-04-09T01:38:30+00:00","description":"Markt-XXL Goodvia Vorsicht Bissiger Hund Schild Aluminium 20 * 30cm, Achtung Hunde Warnschild Beware of The Dog Schild\u2026","breadcrumb":{"@id":"https:\/\/marktxxl.de\/markt\/produkt\/goodvia-vorsicht-hund-schild-alu-2-x-schild-vorsicht-hund-warnschild-hunde-reflektierendes-metall-schild-hund-warnung-achtung-hund-schild-geeignet-fuer-den-innen-und-aussenbereich\/#breadcrumb"},"inLanguage":"de","potentialAction":[{"@type":"ReadAction","target":["https:\/\/marktxxl.de\/markt\/produkt\/goodvia-vorsicht-hund-schild-alu-2-x-schild-vorsicht-hund-warnschild-hunde-reflektierendes-metall-schild-hund-warnung-achtung-hund-schild-geeignet-fuer-den-innen-und-aussenbereich\/"]}]},{"@type":"ImageObject","inLanguage":"de","@id":"https:\/\/marktxxl.de\/markt\/produkt\/goodvia-vorsicht-hund-schild-alu-2-x-schild-vorsicht-hund-warnschild-hunde-reflektierendes-metall-schild-hund-warnung-achtung-hund-schild-geeignet-fuer-den-innen-und-aussenbereich\/#primaryimage","url":"https:\/\/m.media-amazon.com\/images\/I\/51qCWlFXrhL._SL500_.jpg","contentUrl":"https:\/\/m.media-amazon.com\/images\/I\/51qCWlFXrhL._SL500_.jpg","width":500,"height":500},{"@type":"BreadcrumbList","@id":"https:\/\/marktxxl.de\/markt\/produkt\/goodvia-vorsicht-hund-schild-alu-2-x-schild-vorsicht-hund-warnschild-hunde-reflektierendes-metall-schild-hund-warnung-achtung-hund-schild-geeignet-fuer-den-innen-und-aussenbereich\/#breadcrumb","itemListElement":[{"@type":"ListItem","position":1,"name":"Startseite","item":"https:\/\/marktxxl.de\/markt\/"},{"@type":"ListItem","position":2,"name":"Markt","item":"https:\/\/marktxxl.de\/markt\/"},{"@type":"ListItem","position":3,"name":"Goodvia Vorsicht Bissiger Hund Schild Aluminium 20 * 30cm, Achtung Hunde Warnschild Beware of The Dog Schild\u2026"}]},{"@type":"WebSite","@id":"https:\/\/marktxxl.de\/markt\/#website","url":"https:\/\/marktxxl.de\/markt\/","name":"Markt-XXL","description":"Ihr Markt Online","publisher":{"@id":"https:\/\/marktxxl.de\/markt\/#organization"},"potentialAction":[{"@type":"SearchAction","target":{"@type":"EntryPoint","urlTemplate":"https:\/\/marktxxl.de\/markt\/?s={search_term_string}"},"query-input":{"@type":"PropertyValueSpecification","valueRequired":true,"valueName":"search_term_string"}}],"inLanguage":"de"},{"@type":"Organization","@id":"https:\/\/marktxxl.de\/markt\/#organization","name":"Markt-XXL","url":"https:\/\/marktxxl.de\/markt\/","logo":{"@type":"ImageObject","inLanguage":"de","@id":"https:\/\/marktxxl.de\/markt\/#\/schema\/logo\/image\/","url":"https:\/\/marktxxl.de\/markt\/wp-content\/uploads\/sites\/3\/2020\/12\/logo.png","contentUrl":"https:\/\/marktxxl.de\/markt\/wp-content\/uploads\/sites\/3\/2020\/12\/logo.png","width":200,"height":70,"caption":"Markt-XXL"},"image":{"@id":"https:\/\/marktxxl.de\/markt\/#\/schema\/logo\/image\/"}}]}},"_links":{"self":[{"href":"https:\/\/marktxxl.de\/markt\/wp-json\/wp\/v2\/product\/127153","targetHints":{"allow":["GET"]}}],"collection":[{"href":"https:\/\/marktxxl.de\/markt\/wp-json\/wp\/v2\/product"}],"about":[{"href":"https:\/\/marktxxl.de\/markt\/wp-json\/wp\/v2\/types\/product"}],"replies":[{"embeddable":true,"href":"https:\/\/marktxxl.de\/markt\/wp-json\/wp\/v2\/comments?post=127153"}],"wp:featuredmedia":[{"embeddable":true,"href":"https:\/\/marktxxl.de\/markt\/wp-json\/wp\/v2\/media\/127154"}],"wp:attachment":[{"href":"https:\/\/marktxxl.de\/markt\/wp-json\/wp\/v2\/media?parent=127153"}],"wp:term":[{"taxonomy":"product_brand","embeddable":true,"href":"https:\/\/marktxxl.de\/markt\/wp-json\/wp\/v2\/product_brand?post=127153"},{"taxonomy":"product_cat","embeddable":true,"href":"https:\/\/marktxxl.de\/markt\/wp-json\/wp\/v2\/product_cat?post=127153"},{"taxonomy":"product_tag","embeddable":true,"href":"https:\/\/marktxxl.de\/markt\/wp-json\/wp\/v2\/product_tag?post=127153"}],"curies":[{"name":"wp","href":"https:\/\/api.w.org\/{rel}","templated":true}]}}