{"id":127131,"date":"2022-06-13T22:41:22","date_gmt":"2022-06-13T20:41:22","guid":{"rendered":"https:\/\/marktxxl.de\/markt\/produkt\/cooau-2k-ueberwachungskamera-aussenptz-wlan-kamera-outdoor-ip-wifi-kamera-ueberwachung-aussen-mit-automatische-menschliche-verfolgung24-7-aufnahmenachtsicht-in-farbeip66-sd-karte-cloud-speicher\/"},"modified":"2023-04-09T03:38:29","modified_gmt":"2023-04-09T01:38:29","slug":"cooau-2k-ueberwachungskamera-aussenptz-wlan-kamera-outdoor-ip-wifi-kamera-ueberwachung-aussen-mit-automatische-menschliche-verfolgung24-7-aufnahmenachtsicht-in-farbeip66-sd-karte-cloud-speicher","status":"publish","type":"product","link":"https:\/\/marktxxl.de\/markt\/produkt\/cooau-2k-ueberwachungskamera-aussenptz-wlan-kamera-outdoor-ip-wifi-kamera-ueberwachung-aussen-mit-automatische-menschliche-verfolgung24-7-aufnahmenachtsicht-in-farbeip66-sd-karte-cloud-speicher\/","title":{"rendered":"COOAU (Upgraded) 2K \u00dcberwachungskamera Aussen,PTZ WLAN Kamera Outdoor IP WiFi Kamera \u00dcberwachung Au\u00dfen mit Menschliche\u2026"},"content":{"rendered":"<p>\u30102K kristallklare Aufl\u00f6sung und Nachtsicht\u3011Die COOAU Wlan Kamera ist mit einem verbesserten CMOS-Sensor ausgestattet, der sch\u00e4rferes und fl\u00fcssigeres Video-Streaming als 1080p-Kameras bietet. \u00dcberwachungskamera eingebaute 3-teilige Kombinations-LEDs, die Ihnen drei Arten von Nachtsichtmodi zur Auswahl bieten k\u00f6nnen: Farbig, Schwarzwei\u00df, Smart-Modus, Sie k\u00f6nnen einfach in der mobilen App in Ihren Lieblingsmodus wechseln.(Hinweis:Nur ereignisgesteuerte Aufzeichnung ist Farbnachtsicht.\uff09<br \/>\n\u3010Automatische Personenverfolgung und 360\u00b0-Ansicht \u3011 Die \u00dcberwachungskamera Aussen ist mit einer aktualisierten Auto Human Tracking ausgestattet, die die menschliche Bewegung automatisch verfolgen kann. Es erfasst Ereignisse pr\u00e4ziser als die Kamera, die nur Bewegungen automatisch erkennt, wodurch Fehlalarme reduziert werden. Mit einer Neigung von 350\u00b0 pan 108 \u00b0 k\u00f6nnen Sie das Objektiv auch manuell von Ihrem Telefon aus drehen, um jede Ecke zu \u00fcberwachen und eine Panoramaansicht zu erzielen\uff01<br \/>\n\u3010Exklusive Marken-APP &amp; Einfache Installation\u3011COOAU hat unsere brandneue App entwickelt &#8211; COOAU CAM, die einfacher und bequemer ist. Es kann Kundenfeedbacks direkt empfangen, Probleme nachverfolgen und Iterationen zeitnah aktualisieren. Es ist auch mit CloudEdge kompatibel und bietet Kunden mit Mehrmarkenkameras mehr Auswahlm\u00f6glichkeiten. Diese IP kamera eingebauter Upgrade-WLAN-Chip und Antenne, die eine st\u00e4rkere WLAN-Abdeckung und eine stabilere WLAN-Verbindung bietet (unterst\u00fctzt nur 2.4GHz).<br \/>\n\u3010Rechtzeitig alarmiert und IP66 wasserdicht \u3011Sie erhalten Echtzeit-Benachrichtigungen, wenn es Bewegungen erkennt. Mit einem verbesserten Ton- und Lichtalarmmodus hat es nachts eine sehr abschreckende Wirkung. Sie k\u00f6nnen die Erkennungszonen\/Zeit\/Empfindlichkeit nach Bedarf anpassen und sich auf das Wesentliche konzentrieren. Die ausgezeichnete IP66-Wasserdichtheit kann allen Wetter\u00e4nderungen im Freien perfekt widerstehen und funktioniert normalerweise im Temperaturbereich von -10 ~ 60 \u2103.<br \/>\n\u3010Erweitert Datenschutz\u3011COOAU outdoor Kamera unterst\u00fctzt 24\/7 ununterbrochene und bewegungsausgel\u00f6ste Aufzeichnung, die alle Ereignisse f\u00fcr 365 Tage ohne Unterbrechung aufzeichnen kann, und Sie k\u00f6nnen bis zu 128G SD-Karten (Nicht enthalten) oder Cloud-Speicher w\u00e4hlen, um Ihre Bed\u00fcrfnisse zu erf\u00fcllen. Mit AES-256-Verschl\u00fcsselung und dem TLS-Verschl\u00fcsselungsprotokoll hat COOAU eine lokale vertrauliche Datenbank eingerichtet, um die Privatsph\u00e4re der Kunden in allen Aspekten zu sch\u00fctzen.<br \/>\n<div class=\"main-cross-sell\" data-asin=\"B09SB5Y9RY\">\n\n\t<div class=\"WooZone-cross-sell-loader\">\n\t\t<div>\n\t\t\t<div id=\"floatingBarsG\">\n\t\t\t\t<div class=\"blockG\" id=\"rotateG_01\"><\/div>\n\t\t\t\t<div class=\"blockG\" id=\"rotateG_02\"><\/div>\n\t\t\t\t<div class=\"blockG\" id=\"rotateG_03\"><\/div>\n\t\t\t\t<div class=\"blockG\" id=\"rotateG_04\"><\/div>\n\t\t\t\t<div class=\"blockG\" id=\"rotateG_05\"><\/div>\n\t\t\t\t<div class=\"blockG\" id=\"rotateG_06\"><\/div>\n\t\t\t\t<div class=\"blockG\" id=\"rotateG_07\"><\/div>\n\t\t\t\t<div class=\"blockG\" id=\"rotateG_08\"><\/div>\n\t\t\t<\/div>\n\t\t\t<div class=\"WooZone-cross-sell-loader-text\"><\/div>\n\t\t<\/div>\n\t<\/div>\n\n\t\t\n<\/div>\n<div style=\"clear:both;\"><\/div><\/p>\n","protected":false},"excerpt":{"rendered":"<p>\u30102K kristallklare Aufl\u00f6sung und Nachtsicht\u3011Die COOAU Wlan Kamera ist mit einem verbesserten CMOS-Sensor ausgestattet, der sch\u00e4rferes und fl\u00fcssigeres Video-Streaming als 1080p-Kameras bietet. \u00dcberwachungskamera eingebaute 3-teilige Kombinations-LEDs, die Ihnen drei Arten von Nachtsichtmodi zur Auswahl bieten k\u00f6nnen: Farbig, Schwarzwei\u00df, Smart-Modus, Sie k\u00f6nnen einfach in der mobilen App in Ihren Lieblingsmodus wechseln.(Hinweis:Nur ereignisgesteuerte Aufzeichnung ist Farbnachtsicht.\uff09<br \/>\n\u3010Automatische Personenverfolgung und 360\u00b0-Ansicht \u3011 Die \u00dcberwachungskamera Aussen ist mit einer aktualisierten Auto Human Tracking ausgestattet, die die menschliche Bewegung automatisch verfolgen kann. Es erfasst Ereignisse pr\u00e4ziser als die Kamera, die nur Bewegungen automatisch erkennt, wodurch Fehlalarme reduziert werden. Mit einer Neigung von 350\u00b0 pan 108 \u00b0 k\u00f6nnen Sie das Objektiv auch manuell von Ihrem Telefon aus drehen, um jede Ecke zu \u00fcberwachen und eine Panoramaansicht zu erzielen\uff01<br \/>\n\u3010Exklusive Marken-APP &amp; Einfache Installation\u3011COOAU hat unsere brandneue App entwickelt &#8211; COOAU CAM, die einfacher und bequemer ist. Es kann Kundenfeedbacks direkt empfangen, Probleme nachverfolgen und Iterationen zeitnah aktualisieren. Es ist auch mit CloudEdge kompatibel und bietet Kunden mit Mehrmarkenkameras mehr Auswahlm\u00f6glichkeiten. Diese IP kamera eingebauter Upgrade-WLAN-Chip und Antenne, die eine st\u00e4rkere WLAN-Abdeckung und eine stabilere WLAN-Verbindung bietet (unterst\u00fctzt nur 2.4GHz).<\/p>\n","protected":false},"featured_media":127132,"comment_status":"open","ping_status":"closed","template":"","meta":[],"product_brand":[],"product_cat":[1983,11380],"product_tag":[],"class_list":{"0":"post-127131","1":"product","2":"type-product","3":"status-publish","4":"has-post-thumbnail","6":"product_cat-baumarkt","7":"product_cat-sicherheitstechnik","8":"pa_brand-cooau","9":"pa_color-weiss","10":"pa_height-3-7401574765-zoll","11":"pa_length-5-118110231-zoll","12":"pa_manufacturer-cooau","13":"pa_model-dc201","14":"pa_size-1-stueck-1er-pack","15":"pa_weight-600-gramm","16":"pa_width-4-724409444-zoll","18":"first","19":"instock","20":"shipping-taxable","21":"purchasable","22":"product-type-simple","23":"customify-col","24":"product-has-gallery"},"yoast_head":"<!-- This site is optimized with the Yoast SEO plugin v27.4 - https:\/\/yoast.com\/product\/yoast-seo-wordpress\/ -->\n<title>COOAU (Upgraded) 2K \u00dcberwachungskamera Aussen,PTZ WLAN Kamera Outdoor IP WiFi Kamera \u00dcberwachung Au\u00dfen mit Menschliche\u2026 - Markt-XXL<\/title>\n<meta name=\"description\" content=\"Markt-XXL COOAU (Upgraded) 2K \u00dcberwachungskamera Aussen,PTZ WLAN Kamera Outdoor IP WiFi Kamera \u00dcberwachung Au\u00dfen mit Menschliche\u2026\" \/>\n<meta name=\"robots\" content=\"index, follow, max-snippet:-1, max-image-preview:large, max-video-preview:-1\" \/>\n<link rel=\"canonical\" href=\"https:\/\/marktxxl.de\/markt\/produkt\/cooau-2k-ueberwachungskamera-aussenptz-wlan-kamera-outdoor-ip-wifi-kamera-ueberwachung-aussen-mit-automatische-menschliche-verfolgung24-7-aufnahmenachtsicht-in-farbeip66-sd-karte-cloud-speicher\/\" \/>\n<meta property=\"og:locale\" content=\"de_DE\" \/>\n<meta property=\"og:type\" content=\"article\" \/>\n<meta property=\"og:title\" content=\"COOAU (Upgraded) 2K \u00dcberwachungskamera Aussen,PTZ WLAN Kamera Outdoor IP WiFi Kamera \u00dcberwachung Au\u00dfen mit Menschliche\u2026 - Markt-XXL\" \/>\n<meta property=\"og:description\" content=\"Markt-XXL COOAU (Upgraded) 2K \u00dcberwachungskamera Aussen,PTZ WLAN Kamera Outdoor IP WiFi Kamera \u00dcberwachung Au\u00dfen mit Menschliche\u2026\" \/>\n<meta property=\"og:url\" content=\"https:\/\/marktxxl.de\/markt\/produkt\/cooau-2k-ueberwachungskamera-aussenptz-wlan-kamera-outdoor-ip-wifi-kamera-ueberwachung-aussen-mit-automatische-menschliche-verfolgung24-7-aufnahmenachtsicht-in-farbeip66-sd-karte-cloud-speicher\/\" \/>\n<meta property=\"og:site_name\" content=\"Markt-XXL\" \/>\n<meta property=\"article:modified_time\" content=\"2023-04-09T01:38:29+00:00\" \/>\n<meta property=\"og:image\" content=\"https:\/\/m.media-amazon.com\/images\/I\/41w89VbFmeL._SL500_.jpg\" \/>\n\t<meta property=\"og:image:width\" content=\"500\" \/>\n\t<meta property=\"og:image:height\" content=\"500\" \/>\n\t<meta property=\"og:image:type\" content=\"image\/jpeg\" \/>\n<meta name=\"twitter:card\" content=\"summary_large_image\" \/>\n<meta name=\"twitter:label1\" content=\"Gesch\u00e4tzte Lesezeit\" \/>\n\t<meta name=\"twitter:data1\" content=\"2\u00a0Minuten\" \/>\n<script type=\"application\/ld+json\" class=\"yoast-schema-graph\">{\"@context\":\"https:\\\/\\\/schema.org\",\"@graph\":[{\"@type\":\"WebPage\",\"@id\":\"https:\\\/\\\/marktxxl.de\\\/markt\\\/produkt\\\/cooau-2k-ueberwachungskamera-aussenptz-wlan-kamera-outdoor-ip-wifi-kamera-ueberwachung-aussen-mit-automatische-menschliche-verfolgung24-7-aufnahmenachtsicht-in-farbeip66-sd-karte-cloud-speicher\\\/\",\"url\":\"https:\\\/\\\/marktxxl.de\\\/markt\\\/produkt\\\/cooau-2k-ueberwachungskamera-aussenptz-wlan-kamera-outdoor-ip-wifi-kamera-ueberwachung-aussen-mit-automatische-menschliche-verfolgung24-7-aufnahmenachtsicht-in-farbeip66-sd-karte-cloud-speicher\\\/\",\"name\":\"COOAU (Upgraded) 2K \u00dcberwachungskamera Aussen,PTZ WLAN Kamera Outdoor IP WiFi Kamera \u00dcberwachung Au\u00dfen mit Menschliche\u2026 - Markt-XXL\",\"isPartOf\":{\"@id\":\"https:\\\/\\\/marktxxl.de\\\/markt\\\/#website\"},\"primaryImageOfPage\":{\"@id\":\"https:\\\/\\\/marktxxl.de\\\/markt\\\/produkt\\\/cooau-2k-ueberwachungskamera-aussenptz-wlan-kamera-outdoor-ip-wifi-kamera-ueberwachung-aussen-mit-automatische-menschliche-verfolgung24-7-aufnahmenachtsicht-in-farbeip66-sd-karte-cloud-speicher\\\/#primaryimage\"},\"image\":{\"@id\":\"https:\\\/\\\/marktxxl.de\\\/markt\\\/produkt\\\/cooau-2k-ueberwachungskamera-aussenptz-wlan-kamera-outdoor-ip-wifi-kamera-ueberwachung-aussen-mit-automatische-menschliche-verfolgung24-7-aufnahmenachtsicht-in-farbeip66-sd-karte-cloud-speicher\\\/#primaryimage\"},\"thumbnailUrl\":\"https:\\\/\\\/m.media-amazon.com\\\/images\\\/I\\\/41w89VbFmeL._SL500_.jpg\",\"datePublished\":\"2022-06-13T20:41:22+00:00\",\"dateModified\":\"2023-04-09T01:38:29+00:00\",\"description\":\"Markt-XXL COOAU (Upgraded) 2K \u00dcberwachungskamera Aussen,PTZ WLAN Kamera Outdoor IP WiFi Kamera \u00dcberwachung Au\u00dfen mit Menschliche\u2026\",\"breadcrumb\":{\"@id\":\"https:\\\/\\\/marktxxl.de\\\/markt\\\/produkt\\\/cooau-2k-ueberwachungskamera-aussenptz-wlan-kamera-outdoor-ip-wifi-kamera-ueberwachung-aussen-mit-automatische-menschliche-verfolgung24-7-aufnahmenachtsicht-in-farbeip66-sd-karte-cloud-speicher\\\/#breadcrumb\"},\"inLanguage\":\"de\",\"potentialAction\":[{\"@type\":\"ReadAction\",\"target\":[\"https:\\\/\\\/marktxxl.de\\\/markt\\\/produkt\\\/cooau-2k-ueberwachungskamera-aussenptz-wlan-kamera-outdoor-ip-wifi-kamera-ueberwachung-aussen-mit-automatische-menschliche-verfolgung24-7-aufnahmenachtsicht-in-farbeip66-sd-karte-cloud-speicher\\\/\"]}]},{\"@type\":\"ImageObject\",\"inLanguage\":\"de\",\"@id\":\"https:\\\/\\\/marktxxl.de\\\/markt\\\/produkt\\\/cooau-2k-ueberwachungskamera-aussenptz-wlan-kamera-outdoor-ip-wifi-kamera-ueberwachung-aussen-mit-automatische-menschliche-verfolgung24-7-aufnahmenachtsicht-in-farbeip66-sd-karte-cloud-speicher\\\/#primaryimage\",\"url\":\"https:\\\/\\\/m.media-amazon.com\\\/images\\\/I\\\/41w89VbFmeL._SL500_.jpg\",\"contentUrl\":\"https:\\\/\\\/m.media-amazon.com\\\/images\\\/I\\\/41w89VbFmeL._SL500_.jpg\",\"width\":500,\"height\":500},{\"@type\":\"BreadcrumbList\",\"@id\":\"https:\\\/\\\/marktxxl.de\\\/markt\\\/produkt\\\/cooau-2k-ueberwachungskamera-aussenptz-wlan-kamera-outdoor-ip-wifi-kamera-ueberwachung-aussen-mit-automatische-menschliche-verfolgung24-7-aufnahmenachtsicht-in-farbeip66-sd-karte-cloud-speicher\\\/#breadcrumb\",\"itemListElement\":[{\"@type\":\"ListItem\",\"position\":1,\"name\":\"Startseite\",\"item\":\"https:\\\/\\\/marktxxl.de\\\/markt\\\/\"},{\"@type\":\"ListItem\",\"position\":2,\"name\":\"Markt\",\"item\":\"https:\\\/\\\/marktxxl.de\\\/markt\\\/\"},{\"@type\":\"ListItem\",\"position\":3,\"name\":\"COOAU (Upgraded) 2K \u00dcberwachungskamera Aussen,PTZ WLAN Kamera Outdoor IP WiFi Kamera \u00dcberwachung Au\u00dfen mit Menschliche\u2026\"}]},{\"@type\":\"WebSite\",\"@id\":\"https:\\\/\\\/marktxxl.de\\\/markt\\\/#website\",\"url\":\"https:\\\/\\\/marktxxl.de\\\/markt\\\/\",\"name\":\"Markt-XXL\",\"description\":\"Ihr Markt Online\",\"publisher\":{\"@id\":\"https:\\\/\\\/marktxxl.de\\\/markt\\\/#organization\"},\"potentialAction\":[{\"@type\":\"SearchAction\",\"target\":{\"@type\":\"EntryPoint\",\"urlTemplate\":\"https:\\\/\\\/marktxxl.de\\\/markt\\\/?s={search_term_string}\"},\"query-input\":{\"@type\":\"PropertyValueSpecification\",\"valueRequired\":true,\"valueName\":\"search_term_string\"}}],\"inLanguage\":\"de\"},{\"@type\":\"Organization\",\"@id\":\"https:\\\/\\\/marktxxl.de\\\/markt\\\/#organization\",\"name\":\"Markt-XXL\",\"url\":\"https:\\\/\\\/marktxxl.de\\\/markt\\\/\",\"logo\":{\"@type\":\"ImageObject\",\"inLanguage\":\"de\",\"@id\":\"https:\\\/\\\/marktxxl.de\\\/markt\\\/#\\\/schema\\\/logo\\\/image\\\/\",\"url\":\"https:\\\/\\\/marktxxl.de\\\/markt\\\/wp-content\\\/uploads\\\/sites\\\/3\\\/2020\\\/12\\\/logo.png\",\"contentUrl\":\"https:\\\/\\\/marktxxl.de\\\/markt\\\/wp-content\\\/uploads\\\/sites\\\/3\\\/2020\\\/12\\\/logo.png\",\"width\":200,\"height\":70,\"caption\":\"Markt-XXL\"},\"image\":{\"@id\":\"https:\\\/\\\/marktxxl.de\\\/markt\\\/#\\\/schema\\\/logo\\\/image\\\/\"}}]}<\/script>\n<!-- \/ Yoast SEO plugin. -->","yoast_head_json":{"title":"COOAU (Upgraded) 2K \u00dcberwachungskamera Aussen,PTZ WLAN Kamera Outdoor IP WiFi Kamera \u00dcberwachung Au\u00dfen mit Menschliche\u2026 - Markt-XXL","description":"Markt-XXL COOAU (Upgraded) 2K \u00dcberwachungskamera Aussen,PTZ WLAN Kamera Outdoor IP WiFi Kamera \u00dcberwachung Au\u00dfen mit Menschliche\u2026","robots":{"index":"index","follow":"follow","max-snippet":"max-snippet:-1","max-image-preview":"max-image-preview:large","max-video-preview":"max-video-preview:-1"},"canonical":"https:\/\/marktxxl.de\/markt\/produkt\/cooau-2k-ueberwachungskamera-aussenptz-wlan-kamera-outdoor-ip-wifi-kamera-ueberwachung-aussen-mit-automatische-menschliche-verfolgung24-7-aufnahmenachtsicht-in-farbeip66-sd-karte-cloud-speicher\/","og_locale":"de_DE","og_type":"article","og_title":"COOAU (Upgraded) 2K \u00dcberwachungskamera Aussen,PTZ WLAN Kamera Outdoor IP WiFi Kamera \u00dcberwachung Au\u00dfen mit Menschliche\u2026 - Markt-XXL","og_description":"Markt-XXL COOAU (Upgraded) 2K \u00dcberwachungskamera Aussen,PTZ WLAN Kamera Outdoor IP WiFi Kamera \u00dcberwachung Au\u00dfen mit Menschliche\u2026","og_url":"https:\/\/marktxxl.de\/markt\/produkt\/cooau-2k-ueberwachungskamera-aussenptz-wlan-kamera-outdoor-ip-wifi-kamera-ueberwachung-aussen-mit-automatische-menschliche-verfolgung24-7-aufnahmenachtsicht-in-farbeip66-sd-karte-cloud-speicher\/","og_site_name":"Markt-XXL","article_modified_time":"2023-04-09T01:38:29+00:00","og_image":[{"width":500,"height":500,"url":"https:\/\/m.media-amazon.com\/images\/I\/41w89VbFmeL._SL500_.jpg","type":"image\/jpeg"}],"twitter_card":"summary_large_image","twitter_misc":{"Gesch\u00e4tzte Lesezeit":"2\u00a0Minuten"},"schema":{"@context":"https:\/\/schema.org","@graph":[{"@type":"WebPage","@id":"https:\/\/marktxxl.de\/markt\/produkt\/cooau-2k-ueberwachungskamera-aussenptz-wlan-kamera-outdoor-ip-wifi-kamera-ueberwachung-aussen-mit-automatische-menschliche-verfolgung24-7-aufnahmenachtsicht-in-farbeip66-sd-karte-cloud-speicher\/","url":"https:\/\/marktxxl.de\/markt\/produkt\/cooau-2k-ueberwachungskamera-aussenptz-wlan-kamera-outdoor-ip-wifi-kamera-ueberwachung-aussen-mit-automatische-menschliche-verfolgung24-7-aufnahmenachtsicht-in-farbeip66-sd-karte-cloud-speicher\/","name":"COOAU (Upgraded) 2K \u00dcberwachungskamera Aussen,PTZ WLAN Kamera Outdoor IP WiFi Kamera \u00dcberwachung Au\u00dfen mit Menschliche\u2026 - Markt-XXL","isPartOf":{"@id":"https:\/\/marktxxl.de\/markt\/#website"},"primaryImageOfPage":{"@id":"https:\/\/marktxxl.de\/markt\/produkt\/cooau-2k-ueberwachungskamera-aussenptz-wlan-kamera-outdoor-ip-wifi-kamera-ueberwachung-aussen-mit-automatische-menschliche-verfolgung24-7-aufnahmenachtsicht-in-farbeip66-sd-karte-cloud-speicher\/#primaryimage"},"image":{"@id":"https:\/\/marktxxl.de\/markt\/produkt\/cooau-2k-ueberwachungskamera-aussenptz-wlan-kamera-outdoor-ip-wifi-kamera-ueberwachung-aussen-mit-automatische-menschliche-verfolgung24-7-aufnahmenachtsicht-in-farbeip66-sd-karte-cloud-speicher\/#primaryimage"},"thumbnailUrl":"https:\/\/m.media-amazon.com\/images\/I\/41w89VbFmeL._SL500_.jpg","datePublished":"2022-06-13T20:41:22+00:00","dateModified":"2023-04-09T01:38:29+00:00","description":"Markt-XXL COOAU (Upgraded) 2K \u00dcberwachungskamera Aussen,PTZ WLAN Kamera Outdoor IP WiFi Kamera \u00dcberwachung Au\u00dfen mit Menschliche\u2026","breadcrumb":{"@id":"https:\/\/marktxxl.de\/markt\/produkt\/cooau-2k-ueberwachungskamera-aussenptz-wlan-kamera-outdoor-ip-wifi-kamera-ueberwachung-aussen-mit-automatische-menschliche-verfolgung24-7-aufnahmenachtsicht-in-farbeip66-sd-karte-cloud-speicher\/#breadcrumb"},"inLanguage":"de","potentialAction":[{"@type":"ReadAction","target":["https:\/\/marktxxl.de\/markt\/produkt\/cooau-2k-ueberwachungskamera-aussenptz-wlan-kamera-outdoor-ip-wifi-kamera-ueberwachung-aussen-mit-automatische-menschliche-verfolgung24-7-aufnahmenachtsicht-in-farbeip66-sd-karte-cloud-speicher\/"]}]},{"@type":"ImageObject","inLanguage":"de","@id":"https:\/\/marktxxl.de\/markt\/produkt\/cooau-2k-ueberwachungskamera-aussenptz-wlan-kamera-outdoor-ip-wifi-kamera-ueberwachung-aussen-mit-automatische-menschliche-verfolgung24-7-aufnahmenachtsicht-in-farbeip66-sd-karte-cloud-speicher\/#primaryimage","url":"https:\/\/m.media-amazon.com\/images\/I\/41w89VbFmeL._SL500_.jpg","contentUrl":"https:\/\/m.media-amazon.com\/images\/I\/41w89VbFmeL._SL500_.jpg","width":500,"height":500},{"@type":"BreadcrumbList","@id":"https:\/\/marktxxl.de\/markt\/produkt\/cooau-2k-ueberwachungskamera-aussenptz-wlan-kamera-outdoor-ip-wifi-kamera-ueberwachung-aussen-mit-automatische-menschliche-verfolgung24-7-aufnahmenachtsicht-in-farbeip66-sd-karte-cloud-speicher\/#breadcrumb","itemListElement":[{"@type":"ListItem","position":1,"name":"Startseite","item":"https:\/\/marktxxl.de\/markt\/"},{"@type":"ListItem","position":2,"name":"Markt","item":"https:\/\/marktxxl.de\/markt\/"},{"@type":"ListItem","position":3,"name":"COOAU (Upgraded) 2K \u00dcberwachungskamera Aussen,PTZ WLAN Kamera Outdoor IP WiFi Kamera \u00dcberwachung Au\u00dfen mit Menschliche\u2026"}]},{"@type":"WebSite","@id":"https:\/\/marktxxl.de\/markt\/#website","url":"https:\/\/marktxxl.de\/markt\/","name":"Markt-XXL","description":"Ihr Markt Online","publisher":{"@id":"https:\/\/marktxxl.de\/markt\/#organization"},"potentialAction":[{"@type":"SearchAction","target":{"@type":"EntryPoint","urlTemplate":"https:\/\/marktxxl.de\/markt\/?s={search_term_string}"},"query-input":{"@type":"PropertyValueSpecification","valueRequired":true,"valueName":"search_term_string"}}],"inLanguage":"de"},{"@type":"Organization","@id":"https:\/\/marktxxl.de\/markt\/#organization","name":"Markt-XXL","url":"https:\/\/marktxxl.de\/markt\/","logo":{"@type":"ImageObject","inLanguage":"de","@id":"https:\/\/marktxxl.de\/markt\/#\/schema\/logo\/image\/","url":"https:\/\/marktxxl.de\/markt\/wp-content\/uploads\/sites\/3\/2020\/12\/logo.png","contentUrl":"https:\/\/marktxxl.de\/markt\/wp-content\/uploads\/sites\/3\/2020\/12\/logo.png","width":200,"height":70,"caption":"Markt-XXL"},"image":{"@id":"https:\/\/marktxxl.de\/markt\/#\/schema\/logo\/image\/"}}]}},"_links":{"self":[{"href":"https:\/\/marktxxl.de\/markt\/wp-json\/wp\/v2\/product\/127131","targetHints":{"allow":["GET"]}}],"collection":[{"href":"https:\/\/marktxxl.de\/markt\/wp-json\/wp\/v2\/product"}],"about":[{"href":"https:\/\/marktxxl.de\/markt\/wp-json\/wp\/v2\/types\/product"}],"replies":[{"embeddable":true,"href":"https:\/\/marktxxl.de\/markt\/wp-json\/wp\/v2\/comments?post=127131"}],"wp:featuredmedia":[{"embeddable":true,"href":"https:\/\/marktxxl.de\/markt\/wp-json\/wp\/v2\/media\/127132"}],"wp:attachment":[{"href":"https:\/\/marktxxl.de\/markt\/wp-json\/wp\/v2\/media?parent=127131"}],"wp:term":[{"taxonomy":"product_brand","embeddable":true,"href":"https:\/\/marktxxl.de\/markt\/wp-json\/wp\/v2\/product_brand?post=127131"},{"taxonomy":"product_cat","embeddable":true,"href":"https:\/\/marktxxl.de\/markt\/wp-json\/wp\/v2\/product_cat?post=127131"},{"taxonomy":"product_tag","embeddable":true,"href":"https:\/\/marktxxl.de\/markt\/wp-json\/wp\/v2\/product_tag?post=127131"}],"curies":[{"name":"wp","href":"https:\/\/api.w.org\/{rel}","templated":true}]}}