{"id":127123,"date":"2022-06-13T22:41:07","date_gmt":"2022-06-13T20:41:07","guid":{"rendered":"https:\/\/marktxxl.de\/markt\/produkt\/firechief-svb1-k40-feuerloeschdecke-mit-guetesiegel-von-kitemark-klein-1-x-1m-geeignet-fuer-den-einsatz-rund-um-das-haus-kueche-buero-garage\/"},"modified":"2023-04-09T03:38:29","modified_gmt":"2023-04-09T01:38:29","slug":"firechief-svb1-k40-feuerloeschdecke-mit-guetesiegel-von-kitemark-klein-1-x-1m-geeignet-fuer-den-einsatz-rund-um-das-haus-kueche-buero-garage","status":"publish","type":"product","link":"https:\/\/marktxxl.de\/markt\/produkt\/firechief-svb1-k40-feuerloeschdecke-mit-guetesiegel-von-kitemark-klein-1-x-1m-geeignet-fuer-den-einsatz-rund-um-das-haus-kueche-buero-garage\/","title":{"rendered":"Firechief SVB1\/K40 Feuerl\u00f6schdecke mit G\u00fctesiegel von Kitemark, klein (1 x 1m), geeignet f\u00fcr den Einsatz rund um das\u2026"},"content":{"rendered":"<p>Kitemark zertifiziert: Qualitativ hochwertig. Diese Decke tr\u00e4gt das renommierte Kitemark-G\u00fctesiegel, das beweist, dass sie nach dem neuesten relevanten britischen Standard (BSEN 1869) zertifiziert ist.<br \/>\nWeiche Kunststofftasche: Entworfen f\u00fcr Benutzerfreundlichkeit und Funktionalit\u00e4t, wird diese Premium-Feuerl\u00f6schdecke in einem weichen Kunststoffbeutel aufbewahrt. Die Tasche hat zwei L\u00f6cher, sodass sie einfach an die Wand geh\u00e4ngt werden kann. Alternativ kann die Decke durch die Flexibilit\u00e4t der weichen H\u00fclle in einer Schublade oder einem Schrank verstaut werden, ohne zu viel Platz einzunehmen.<br \/>\n&#8211; Diese Premium-Feuerl\u00f6schdecke von Firechief wurde entwickelt, um Ihnen Sicherheit zu geben. Diese Feuerl\u00f6schdecke wurde so konzipiert, dass sie langlebig, zuverl\u00e4ssig und strapazierf\u00e4hig ist und bei Bedarf zuverl\u00e4ssig funktioniert.<br \/>\nIdeale Gr\u00f6\u00dfe f\u00fcr Pfannenfeuer: Die kompakte Gr\u00f6\u00dfe dieser Premium-Feuerl\u00f6schdecke macht sie sehr geeignet f\u00fcr den Einsatz in den fr\u00fchen Stadien von h\u00e4uslichen Brandsituationen. Mit einer Reichweite von \u00fcber 1 m\u00b2 ist diese Decke ideal zum Bek\u00e4mpfen von Pfannenbr\u00e4nden sowie f\u00fcr den Einsatz in Garage, B\u00fcro und Wohnwagen\/Wohnmobil geeignet.<br \/>\nKompakte, einfach zu verwendende Decke: Diese Premium-Feuerl\u00f6schdecke wurde so konzipiert, dass sie tragbar und einfach zu benutzen ist. Diese Feuerl\u00f6schdeckel ist klein genug, um leicht auf einer Reise oder in einem Schrank verstaut zu werden. Sie ist sehr schnell zug\u00e4nglich und kann verwendet werden, um ein Feuer im Innenbereich zu l\u00f6schen.<br \/>\n<div class=\"main-cross-sell\" data-asin=\"B07R8HZLGL\">\n\n\t<div class=\"WooZone-cross-sell-loader\">\n\t\t<div>\n\t\t\t<div id=\"floatingBarsG\">\n\t\t\t\t<div class=\"blockG\" id=\"rotateG_01\"><\/div>\n\t\t\t\t<div class=\"blockG\" id=\"rotateG_02\"><\/div>\n\t\t\t\t<div class=\"blockG\" id=\"rotateG_03\"><\/div>\n\t\t\t\t<div class=\"blockG\" id=\"rotateG_04\"><\/div>\n\t\t\t\t<div class=\"blockG\" id=\"rotateG_05\"><\/div>\n\t\t\t\t<div class=\"blockG\" id=\"rotateG_06\"><\/div>\n\t\t\t\t<div class=\"blockG\" id=\"rotateG_07\"><\/div>\n\t\t\t\t<div class=\"blockG\" id=\"rotateG_08\"><\/div>\n\t\t\t<\/div>\n\t\t\t<div class=\"WooZone-cross-sell-loader-text\"><\/div>\n\t\t<\/div>\n\t<\/div>\n\n\t\t\n<\/div>\n<div style=\"clear:both;\"><\/div><\/p>\n","protected":false},"excerpt":{"rendered":"<p>Kitemark zertifiziert: Qualitativ hochwertig. Diese Decke tr\u00e4gt das renommierte Kitemark-G\u00fctesiegel, das beweist, dass sie nach dem neuesten relevanten britischen Standard (BSEN 1869) zertifiziert ist.<br \/>\nWeiche Kunststofftasche: Entworfen f\u00fcr Benutzerfreundlichkeit und Funktionalit\u00e4t, wird diese Premium-Feuerl\u00f6schdecke in einem weichen Kunststoffbeutel aufbewahrt. Die Tasche hat zwei L\u00f6cher, sodass sie einfach an die Wand geh\u00e4ngt werden kann. Alternativ kann die Decke durch die Flexibilit\u00e4t der weichen H\u00fclle in einer Schublade oder einem Schrank verstaut werden, ohne zu viel Platz einzunehmen.<br \/>\n&#8211; Diese Premium-Feuerl\u00f6schdecke von Firechief wurde entwickelt, um Ihnen Sicherheit zu geben. Diese Feuerl\u00f6schdecke wurde so konzipiert, dass sie langlebig, zuverl\u00e4ssig und strapazierf\u00e4hig ist und bei Bedarf zuverl\u00e4ssig funktioniert.<\/p>\n","protected":false},"featured_media":127124,"comment_status":"open","ping_status":"closed","template":"","meta":[],"product_brand":[],"product_cat":[1983,11380],"product_tag":[],"class_list":{"0":"post-127123","1":"product","2":"type-product","3":"status-publish","4":"has-post-thumbnail","6":"product_cat-baumarkt","7":"product_cat-sicherheitstechnik","8":"pa_binding-misc","9":"pa_brand-firechief","10":"pa_height-1-574803148-zoll","11":"pa_length-11-81102361-zoll","12":"pa_manufacturer-homesaver","13":"pa_model-svb1-k40","14":"pa_width-7-086614166-zoll","16":"first","17":"instock","18":"shipping-taxable","19":"purchasable","20":"product-type-simple","21":"customify-col","22":"product-has-gallery"},"yoast_head":"<!-- This site is optimized with the Yoast SEO plugin v27.4 - https:\/\/yoast.com\/product\/yoast-seo-wordpress\/ -->\n<title>Firechief SVB1\/K40 Feuerl\u00f6schdecke mit G\u00fctesiegel von Kitemark, klein (1 x 1m), geeignet f\u00fcr den Einsatz rund um das\u2026 - Markt-XXL<\/title>\n<meta name=\"description\" content=\"Markt-XXL Firechief SVB1\/K40 Feuerl\u00f6schdecke mit G\u00fctesiegel von Kitemark, klein (1 x 1m), geeignet f\u00fcr den Einsatz rund um das\u2026\" \/>\n<meta name=\"robots\" content=\"index, follow, max-snippet:-1, max-image-preview:large, max-video-preview:-1\" \/>\n<link rel=\"canonical\" href=\"https:\/\/marktxxl.de\/markt\/produkt\/firechief-svb1-k40-feuerloeschdecke-mit-guetesiegel-von-kitemark-klein-1-x-1m-geeignet-fuer-den-einsatz-rund-um-das-haus-kueche-buero-garage\/\" \/>\n<meta property=\"og:locale\" content=\"de_DE\" \/>\n<meta property=\"og:type\" content=\"article\" \/>\n<meta property=\"og:title\" content=\"Firechief SVB1\/K40 Feuerl\u00f6schdecke mit G\u00fctesiegel von Kitemark, klein (1 x 1m), geeignet f\u00fcr den Einsatz rund um das\u2026 - Markt-XXL\" \/>\n<meta property=\"og:description\" content=\"Markt-XXL Firechief SVB1\/K40 Feuerl\u00f6schdecke mit G\u00fctesiegel von Kitemark, klein (1 x 1m), geeignet f\u00fcr den Einsatz rund um das\u2026\" \/>\n<meta property=\"og:url\" content=\"https:\/\/marktxxl.de\/markt\/produkt\/firechief-svb1-k40-feuerloeschdecke-mit-guetesiegel-von-kitemark-klein-1-x-1m-geeignet-fuer-den-einsatz-rund-um-das-haus-kueche-buero-garage\/\" \/>\n<meta property=\"og:site_name\" content=\"Markt-XXL\" \/>\n<meta property=\"article:modified_time\" content=\"2023-04-09T01:38:29+00:00\" \/>\n<meta property=\"og:image\" content=\"https:\/\/m.media-amazon.com\/images\/I\/41hxIYrgmhL._SL500_.jpg\" \/>\n\t<meta property=\"og:image:width\" content=\"260\" \/>\n\t<meta property=\"og:image:height\" content=\"500\" \/>\n\t<meta property=\"og:image:type\" content=\"image\/jpeg\" \/>\n<meta name=\"twitter:card\" content=\"summary_large_image\" \/>\n<meta name=\"twitter:label1\" content=\"Gesch\u00e4tzte Lesezeit\" \/>\n\t<meta name=\"twitter:data1\" content=\"1\u00a0Minute\" \/>\n<script type=\"application\/ld+json\" class=\"yoast-schema-graph\">{\"@context\":\"https:\\\/\\\/schema.org\",\"@graph\":[{\"@type\":\"WebPage\",\"@id\":\"https:\\\/\\\/marktxxl.de\\\/markt\\\/produkt\\\/firechief-svb1-k40-feuerloeschdecke-mit-guetesiegel-von-kitemark-klein-1-x-1m-geeignet-fuer-den-einsatz-rund-um-das-haus-kueche-buero-garage\\\/\",\"url\":\"https:\\\/\\\/marktxxl.de\\\/markt\\\/produkt\\\/firechief-svb1-k40-feuerloeschdecke-mit-guetesiegel-von-kitemark-klein-1-x-1m-geeignet-fuer-den-einsatz-rund-um-das-haus-kueche-buero-garage\\\/\",\"name\":\"Firechief SVB1\\\/K40 Feuerl\u00f6schdecke mit G\u00fctesiegel von Kitemark, klein (1 x 1m), geeignet f\u00fcr den Einsatz rund um das\u2026 - Markt-XXL\",\"isPartOf\":{\"@id\":\"https:\\\/\\\/marktxxl.de\\\/markt\\\/#website\"},\"primaryImageOfPage\":{\"@id\":\"https:\\\/\\\/marktxxl.de\\\/markt\\\/produkt\\\/firechief-svb1-k40-feuerloeschdecke-mit-guetesiegel-von-kitemark-klein-1-x-1m-geeignet-fuer-den-einsatz-rund-um-das-haus-kueche-buero-garage\\\/#primaryimage\"},\"image\":{\"@id\":\"https:\\\/\\\/marktxxl.de\\\/markt\\\/produkt\\\/firechief-svb1-k40-feuerloeschdecke-mit-guetesiegel-von-kitemark-klein-1-x-1m-geeignet-fuer-den-einsatz-rund-um-das-haus-kueche-buero-garage\\\/#primaryimage\"},\"thumbnailUrl\":\"https:\\\/\\\/m.media-amazon.com\\\/images\\\/I\\\/41hxIYrgmhL._SL500_.jpg\",\"datePublished\":\"2022-06-13T20:41:07+00:00\",\"dateModified\":\"2023-04-09T01:38:29+00:00\",\"description\":\"Markt-XXL Firechief SVB1\\\/K40 Feuerl\u00f6schdecke mit G\u00fctesiegel von Kitemark, klein (1 x 1m), geeignet f\u00fcr den Einsatz rund um das\u2026\",\"breadcrumb\":{\"@id\":\"https:\\\/\\\/marktxxl.de\\\/markt\\\/produkt\\\/firechief-svb1-k40-feuerloeschdecke-mit-guetesiegel-von-kitemark-klein-1-x-1m-geeignet-fuer-den-einsatz-rund-um-das-haus-kueche-buero-garage\\\/#breadcrumb\"},\"inLanguage\":\"de\",\"potentialAction\":[{\"@type\":\"ReadAction\",\"target\":[\"https:\\\/\\\/marktxxl.de\\\/markt\\\/produkt\\\/firechief-svb1-k40-feuerloeschdecke-mit-guetesiegel-von-kitemark-klein-1-x-1m-geeignet-fuer-den-einsatz-rund-um-das-haus-kueche-buero-garage\\\/\"]}]},{\"@type\":\"ImageObject\",\"inLanguage\":\"de\",\"@id\":\"https:\\\/\\\/marktxxl.de\\\/markt\\\/produkt\\\/firechief-svb1-k40-feuerloeschdecke-mit-guetesiegel-von-kitemark-klein-1-x-1m-geeignet-fuer-den-einsatz-rund-um-das-haus-kueche-buero-garage\\\/#primaryimage\",\"url\":\"https:\\\/\\\/m.media-amazon.com\\\/images\\\/I\\\/41hxIYrgmhL._SL500_.jpg\",\"contentUrl\":\"https:\\\/\\\/m.media-amazon.com\\\/images\\\/I\\\/41hxIYrgmhL._SL500_.jpg\",\"width\":260,\"height\":500},{\"@type\":\"BreadcrumbList\",\"@id\":\"https:\\\/\\\/marktxxl.de\\\/markt\\\/produkt\\\/firechief-svb1-k40-feuerloeschdecke-mit-guetesiegel-von-kitemark-klein-1-x-1m-geeignet-fuer-den-einsatz-rund-um-das-haus-kueche-buero-garage\\\/#breadcrumb\",\"itemListElement\":[{\"@type\":\"ListItem\",\"position\":1,\"name\":\"Startseite\",\"item\":\"https:\\\/\\\/marktxxl.de\\\/markt\\\/\"},{\"@type\":\"ListItem\",\"position\":2,\"name\":\"Markt\",\"item\":\"https:\\\/\\\/marktxxl.de\\\/markt\\\/\"},{\"@type\":\"ListItem\",\"position\":3,\"name\":\"Firechief SVB1\\\/K40 Feuerl\u00f6schdecke mit G\u00fctesiegel von Kitemark, klein (1 x 1m), geeignet f\u00fcr den Einsatz rund um das\u2026\"}]},{\"@type\":\"WebSite\",\"@id\":\"https:\\\/\\\/marktxxl.de\\\/markt\\\/#website\",\"url\":\"https:\\\/\\\/marktxxl.de\\\/markt\\\/\",\"name\":\"Markt-XXL\",\"description\":\"Ihr Markt Online\",\"publisher\":{\"@id\":\"https:\\\/\\\/marktxxl.de\\\/markt\\\/#organization\"},\"potentialAction\":[{\"@type\":\"SearchAction\",\"target\":{\"@type\":\"EntryPoint\",\"urlTemplate\":\"https:\\\/\\\/marktxxl.de\\\/markt\\\/?s={search_term_string}\"},\"query-input\":{\"@type\":\"PropertyValueSpecification\",\"valueRequired\":true,\"valueName\":\"search_term_string\"}}],\"inLanguage\":\"de\"},{\"@type\":\"Organization\",\"@id\":\"https:\\\/\\\/marktxxl.de\\\/markt\\\/#organization\",\"name\":\"Markt-XXL\",\"url\":\"https:\\\/\\\/marktxxl.de\\\/markt\\\/\",\"logo\":{\"@type\":\"ImageObject\",\"inLanguage\":\"de\",\"@id\":\"https:\\\/\\\/marktxxl.de\\\/markt\\\/#\\\/schema\\\/logo\\\/image\\\/\",\"url\":\"https:\\\/\\\/marktxxl.de\\\/markt\\\/wp-content\\\/uploads\\\/sites\\\/3\\\/2020\\\/12\\\/logo.png\",\"contentUrl\":\"https:\\\/\\\/marktxxl.de\\\/markt\\\/wp-content\\\/uploads\\\/sites\\\/3\\\/2020\\\/12\\\/logo.png\",\"width\":200,\"height\":70,\"caption\":\"Markt-XXL\"},\"image\":{\"@id\":\"https:\\\/\\\/marktxxl.de\\\/markt\\\/#\\\/schema\\\/logo\\\/image\\\/\"}}]}<\/script>\n<!-- \/ Yoast SEO plugin. -->","yoast_head_json":{"title":"Firechief SVB1\/K40 Feuerl\u00f6schdecke mit G\u00fctesiegel von Kitemark, klein (1 x 1m), geeignet f\u00fcr den Einsatz rund um das\u2026 - Markt-XXL","description":"Markt-XXL Firechief SVB1\/K40 Feuerl\u00f6schdecke mit G\u00fctesiegel von Kitemark, klein (1 x 1m), geeignet f\u00fcr den Einsatz rund um das\u2026","robots":{"index":"index","follow":"follow","max-snippet":"max-snippet:-1","max-image-preview":"max-image-preview:large","max-video-preview":"max-video-preview:-1"},"canonical":"https:\/\/marktxxl.de\/markt\/produkt\/firechief-svb1-k40-feuerloeschdecke-mit-guetesiegel-von-kitemark-klein-1-x-1m-geeignet-fuer-den-einsatz-rund-um-das-haus-kueche-buero-garage\/","og_locale":"de_DE","og_type":"article","og_title":"Firechief SVB1\/K40 Feuerl\u00f6schdecke mit G\u00fctesiegel von Kitemark, klein (1 x 1m), geeignet f\u00fcr den Einsatz rund um das\u2026 - Markt-XXL","og_description":"Markt-XXL Firechief SVB1\/K40 Feuerl\u00f6schdecke mit G\u00fctesiegel von Kitemark, klein (1 x 1m), geeignet f\u00fcr den Einsatz rund um das\u2026","og_url":"https:\/\/marktxxl.de\/markt\/produkt\/firechief-svb1-k40-feuerloeschdecke-mit-guetesiegel-von-kitemark-klein-1-x-1m-geeignet-fuer-den-einsatz-rund-um-das-haus-kueche-buero-garage\/","og_site_name":"Markt-XXL","article_modified_time":"2023-04-09T01:38:29+00:00","og_image":[{"width":260,"height":500,"url":"https:\/\/m.media-amazon.com\/images\/I\/41hxIYrgmhL._SL500_.jpg","type":"image\/jpeg"}],"twitter_card":"summary_large_image","twitter_misc":{"Gesch\u00e4tzte Lesezeit":"1\u00a0Minute"},"schema":{"@context":"https:\/\/schema.org","@graph":[{"@type":"WebPage","@id":"https:\/\/marktxxl.de\/markt\/produkt\/firechief-svb1-k40-feuerloeschdecke-mit-guetesiegel-von-kitemark-klein-1-x-1m-geeignet-fuer-den-einsatz-rund-um-das-haus-kueche-buero-garage\/","url":"https:\/\/marktxxl.de\/markt\/produkt\/firechief-svb1-k40-feuerloeschdecke-mit-guetesiegel-von-kitemark-klein-1-x-1m-geeignet-fuer-den-einsatz-rund-um-das-haus-kueche-buero-garage\/","name":"Firechief SVB1\/K40 Feuerl\u00f6schdecke mit G\u00fctesiegel von Kitemark, klein (1 x 1m), geeignet f\u00fcr den Einsatz rund um das\u2026 - Markt-XXL","isPartOf":{"@id":"https:\/\/marktxxl.de\/markt\/#website"},"primaryImageOfPage":{"@id":"https:\/\/marktxxl.de\/markt\/produkt\/firechief-svb1-k40-feuerloeschdecke-mit-guetesiegel-von-kitemark-klein-1-x-1m-geeignet-fuer-den-einsatz-rund-um-das-haus-kueche-buero-garage\/#primaryimage"},"image":{"@id":"https:\/\/marktxxl.de\/markt\/produkt\/firechief-svb1-k40-feuerloeschdecke-mit-guetesiegel-von-kitemark-klein-1-x-1m-geeignet-fuer-den-einsatz-rund-um-das-haus-kueche-buero-garage\/#primaryimage"},"thumbnailUrl":"https:\/\/m.media-amazon.com\/images\/I\/41hxIYrgmhL._SL500_.jpg","datePublished":"2022-06-13T20:41:07+00:00","dateModified":"2023-04-09T01:38:29+00:00","description":"Markt-XXL Firechief SVB1\/K40 Feuerl\u00f6schdecke mit G\u00fctesiegel von Kitemark, klein (1 x 1m), geeignet f\u00fcr den Einsatz rund um das\u2026","breadcrumb":{"@id":"https:\/\/marktxxl.de\/markt\/produkt\/firechief-svb1-k40-feuerloeschdecke-mit-guetesiegel-von-kitemark-klein-1-x-1m-geeignet-fuer-den-einsatz-rund-um-das-haus-kueche-buero-garage\/#breadcrumb"},"inLanguage":"de","potentialAction":[{"@type":"ReadAction","target":["https:\/\/marktxxl.de\/markt\/produkt\/firechief-svb1-k40-feuerloeschdecke-mit-guetesiegel-von-kitemark-klein-1-x-1m-geeignet-fuer-den-einsatz-rund-um-das-haus-kueche-buero-garage\/"]}]},{"@type":"ImageObject","inLanguage":"de","@id":"https:\/\/marktxxl.de\/markt\/produkt\/firechief-svb1-k40-feuerloeschdecke-mit-guetesiegel-von-kitemark-klein-1-x-1m-geeignet-fuer-den-einsatz-rund-um-das-haus-kueche-buero-garage\/#primaryimage","url":"https:\/\/m.media-amazon.com\/images\/I\/41hxIYrgmhL._SL500_.jpg","contentUrl":"https:\/\/m.media-amazon.com\/images\/I\/41hxIYrgmhL._SL500_.jpg","width":260,"height":500},{"@type":"BreadcrumbList","@id":"https:\/\/marktxxl.de\/markt\/produkt\/firechief-svb1-k40-feuerloeschdecke-mit-guetesiegel-von-kitemark-klein-1-x-1m-geeignet-fuer-den-einsatz-rund-um-das-haus-kueche-buero-garage\/#breadcrumb","itemListElement":[{"@type":"ListItem","position":1,"name":"Startseite","item":"https:\/\/marktxxl.de\/markt\/"},{"@type":"ListItem","position":2,"name":"Markt","item":"https:\/\/marktxxl.de\/markt\/"},{"@type":"ListItem","position":3,"name":"Firechief SVB1\/K40 Feuerl\u00f6schdecke mit G\u00fctesiegel von Kitemark, klein (1 x 1m), geeignet f\u00fcr den Einsatz rund um das\u2026"}]},{"@type":"WebSite","@id":"https:\/\/marktxxl.de\/markt\/#website","url":"https:\/\/marktxxl.de\/markt\/","name":"Markt-XXL","description":"Ihr Markt Online","publisher":{"@id":"https:\/\/marktxxl.de\/markt\/#organization"},"potentialAction":[{"@type":"SearchAction","target":{"@type":"EntryPoint","urlTemplate":"https:\/\/marktxxl.de\/markt\/?s={search_term_string}"},"query-input":{"@type":"PropertyValueSpecification","valueRequired":true,"valueName":"search_term_string"}}],"inLanguage":"de"},{"@type":"Organization","@id":"https:\/\/marktxxl.de\/markt\/#organization","name":"Markt-XXL","url":"https:\/\/marktxxl.de\/markt\/","logo":{"@type":"ImageObject","inLanguage":"de","@id":"https:\/\/marktxxl.de\/markt\/#\/schema\/logo\/image\/","url":"https:\/\/marktxxl.de\/markt\/wp-content\/uploads\/sites\/3\/2020\/12\/logo.png","contentUrl":"https:\/\/marktxxl.de\/markt\/wp-content\/uploads\/sites\/3\/2020\/12\/logo.png","width":200,"height":70,"caption":"Markt-XXL"},"image":{"@id":"https:\/\/marktxxl.de\/markt\/#\/schema\/logo\/image\/"}}]}},"_links":{"self":[{"href":"https:\/\/marktxxl.de\/markt\/wp-json\/wp\/v2\/product\/127123","targetHints":{"allow":["GET"]}}],"collection":[{"href":"https:\/\/marktxxl.de\/markt\/wp-json\/wp\/v2\/product"}],"about":[{"href":"https:\/\/marktxxl.de\/markt\/wp-json\/wp\/v2\/types\/product"}],"replies":[{"embeddable":true,"href":"https:\/\/marktxxl.de\/markt\/wp-json\/wp\/v2\/comments?post=127123"}],"wp:featuredmedia":[{"embeddable":true,"href":"https:\/\/marktxxl.de\/markt\/wp-json\/wp\/v2\/media\/127124"}],"wp:attachment":[{"href":"https:\/\/marktxxl.de\/markt\/wp-json\/wp\/v2\/media?parent=127123"}],"wp:term":[{"taxonomy":"product_brand","embeddable":true,"href":"https:\/\/marktxxl.de\/markt\/wp-json\/wp\/v2\/product_brand?post=127123"},{"taxonomy":"product_cat","embeddable":true,"href":"https:\/\/marktxxl.de\/markt\/wp-json\/wp\/v2\/product_cat?post=127123"},{"taxonomy":"product_tag","embeddable":true,"href":"https:\/\/marktxxl.de\/markt\/wp-json\/wp\/v2\/product_tag?post=127123"}],"curies":[{"name":"wp","href":"https:\/\/api.w.org\/{rel}","templated":true}]}}