{"id":127106,"date":"2022-06-13T22:40:44","date_gmt":"2022-06-13T20:40:44","guid":{"rendered":"https:\/\/marktxxl.de\/markt\/produkt\/ueberwachungskamera-15000-mah-akku-aussen-ptz-outdoor-ip-kamera-mit-pir-bewegungsmelder355-120schwenkbar-nachtsicht-dbi-wireless-antenna-ip66-asserdichte-mit-solarpanel\/"},"modified":"2023-04-09T03:38:28","modified_gmt":"2023-04-09T01:38:28","slug":"ueberwachungskamera-15000-mah-akku-aussen-ptz-outdoor-ip-kamera-mit-pir-bewegungsmelder355-120schwenkbar-nachtsicht-dbi-wireless-antenna-ip66-asserdichte-mit-solarpanel","status":"publish","type":"product","link":"https:\/\/marktxxl.de\/markt\/produkt\/ueberwachungskamera-15000-mah-akku-aussen-ptz-outdoor-ip-kamera-mit-pir-bewegungsmelder355-120schwenkbar-nachtsicht-dbi-wireless-antenna-ip66-asserdichte-mit-solarpanel\/","title":{"rendered":"elemage 2K \u00dcberwachungskamera Aussen Akku mit Solarpanel, PTZ WLAN Kamera,PIR Bewegungsmelder, 355\u00b0\/120\u00b0 Schwenkbar\u2026"},"content":{"rendered":"<p>\u3010Solarbetrieben\/Akku und 100% Kabellos\u3011\u00fcberwachungskamera aussen solar und aufger\u00fcstetem 15000-mAh-Akku bietet Ihnen 365 Tage ununterbrochenen Schutz.Die 100% kabellose Kamera erm\u00f6glicht es Ihnen, Kabel und Probleme zu beseitigen und kann einfach \u00fcberall installiert werden.<br \/>\n\u30104Dbi-Doppelantenne und IP65 wasserdichte \u3011Die \u00fcberwachungskamera aussen solar verwendet zwei rotierende Antennen, um ein st\u00e4rkeres und stabileres Signal zu erhalten. Die Kamera ist f\u00fcr jedes Klima geeignet, egal ob es sonnig ist, regnet oder schneit. Es ist die beste Wahl f\u00fcr den Innen- und Au\u00dfenbereich.<br \/>\n\u3010355\u00b0 Schwenk &amp; 120\u00b0 Neigungsfunktion und Zwei-Wege-Audio\u3011Die \u00dcberwachungskamera Aussen horizontal um 355 \u00b0 und vertikal um 120 \u00b0 gedreht werden, um mehr Bereiche ohne tote Winkel abzudecken.Personen in Echtzeit erkennt, k\u00f6nnen Sie rechtzeitig genaue Sicherheitswarnungen erhalten. Sie k\u00f6nnen auch die Erkennungsempfindlichkeitsstufe auf 1-10 einstellen, den Alarmplan und den Alarmbereich anpassen, um Fehlalarme zu reduzieren und Ihre Familie und Ihr Eigentum besser zu sch\u00fctzen.<br \/>\n\u30101080P Full HD und 15 m Nachtsicht\u3011Die \u00dcberwachungskamera Aussen wlan mit dem neuesten High End HiSilicon Chip und dem SONY CMOS-Bildsensor ausgestattet, der unabh\u00e4ngig vom Wetter klare Bilder und Videos liefern kann. 4 Infrarotlichter k\u00f6nnen das Umgebungslicht automatisch erkennen und in den Nachtsichtmodus wechseln. Die Anzeigedistanz kann 15 m erreichen.Sie k\u00f6nnen damit die Sicherheit von B\u00fcros, Gesch\u00e4ften,H\u00e4usern,Garagen und Hinterh\u00f6fen \u00fcberwachen.<br \/>\n\u3010Multiszenen-Anwendung und perfekter After-Sales-Service\u3011 Diese \u00dcberwachungskamera Au\u00dfen kann installiert und verwendet werden H\u00e4user, G\u00e4rten, Stra\u00dfen, Unternehmen usw. Wir versprechen eine 30-t\u00e4gige Geld-zur\u00fcck-Garantie und eine 6-monatige Reparaturgarantie. Wir k\u00f6nnen uns mit Ihnen in Verbindung setzen, um eine 100% zufriedenstellende L\u00f6sung zu erhalten, ungeachtet etwaiger Unzufriedenheit.<br \/>\n<div class=\"main-cross-sell\" data-asin=\"B09QMJN5DX\">\n\n\t<div class=\"WooZone-cross-sell-loader\">\n\t\t<div>\n\t\t\t<div id=\"floatingBarsG\">\n\t\t\t\t<div class=\"blockG\" id=\"rotateG_01\"><\/div>\n\t\t\t\t<div class=\"blockG\" id=\"rotateG_02\"><\/div>\n\t\t\t\t<div class=\"blockG\" id=\"rotateG_03\"><\/div>\n\t\t\t\t<div class=\"blockG\" id=\"rotateG_04\"><\/div>\n\t\t\t\t<div class=\"blockG\" id=\"rotateG_05\"><\/div>\n\t\t\t\t<div class=\"blockG\" id=\"rotateG_06\"><\/div>\n\t\t\t\t<div class=\"blockG\" id=\"rotateG_07\"><\/div>\n\t\t\t\t<div class=\"blockG\" id=\"rotateG_08\"><\/div>\n\t\t\t<\/div>\n\t\t\t<div class=\"WooZone-cross-sell-loader-text\"><\/div>\n\t\t<\/div>\n\t<\/div>\n\n\t\t\n<\/div>\n<div style=\"clear:both;\"><\/div><\/p>\n","protected":false},"excerpt":{"rendered":"<p>\u3010Solarbetrieben\/Akku und 100% Kabellos\u3011\u00fcberwachungskamera aussen solar und aufger\u00fcstetem 15000-mAh-Akku bietet Ihnen 365 Tage ununterbrochenen Schutz.Die 100% kabellose Kamera erm\u00f6glicht es Ihnen, Kabel und Probleme zu beseitigen und kann einfach \u00fcberall installiert werden.<br \/>\n\u30104Dbi-Doppelantenne und IP65 wasserdichte \u3011Die \u00fcberwachungskamera aussen solar verwendet zwei rotierende Antennen, um ein st\u00e4rkeres und stabileres Signal zu erhalten. Die Kamera ist f\u00fcr jedes Klima geeignet, egal ob es sonnig ist, regnet oder schneit. Es ist die beste Wahl f\u00fcr den Innen- und Au\u00dfenbereich.<br \/>\n\u3010355\u00b0 Schwenk &amp; 120\u00b0 Neigungsfunktion und Zwei-Wege-Audio\u3011Die \u00dcberwachungskamera Aussen horizontal um 355 \u00b0 und vertikal um 120 \u00b0 gedreht werden, um mehr Bereiche ohne tote Winkel abzudecken.Personen in Echtzeit erkennt, k\u00f6nnen Sie rechtzeitig genaue Sicherheitswarnungen erhalten. Sie k\u00f6nnen auch die Erkennungsempfindlichkeitsstufe auf 1-10 einstellen, den Alarmplan und den Alarmbereich anpassen, um Fehlalarme zu reduzieren und Ihre Familie und Ihr Eigentum besser zu sch\u00fctzen.<\/p>\n","protected":false},"featured_media":127107,"comment_status":"open","ping_status":"closed","template":"","meta":[],"product_brand":[],"product_cat":[1983,11380],"product_tag":[],"class_list":{"0":"post-127106","1":"product","2":"type-product","3":"status-publish","4":"has-post-thumbnail","6":"product_cat-baumarkt","7":"product_cat-sicherheitstechnik","8":"pa_brand-elemage","9":"pa_color-weiss","10":"pa_height-5-1181-zoll","11":"pa_languages-uebersetzung-englisch","12":"pa_length-5-9055-zoll","13":"pa_manufacturer-elemage","14":"pa_size-1-stueck-1er-pack","15":"pa_weight-2-1605301676-pfund","16":"pa_width-3-74015-zoll","18":"first","19":"instock","20":"shipping-taxable","21":"purchasable","22":"product-type-simple","23":"customify-col","24":"product-has-gallery"},"yoast_head":"<!-- This site is optimized with the Yoast SEO plugin v27.4 - https:\/\/yoast.com\/product\/yoast-seo-wordpress\/ -->\n<title>elemage 2K \u00dcberwachungskamera Aussen Akku mit Solarpanel, PTZ WLAN Kamera,PIR Bewegungsmelder, 355\u00b0\/120\u00b0 Schwenkbar\u2026 - Markt-XXL<\/title>\n<meta name=\"description\" content=\"Markt-XXL elemage 2K \u00dcberwachungskamera Aussen Akku mit Solarpanel, PTZ WLAN Kamera,PIR Bewegungsmelder, 355\u00b0\/120\u00b0 Schwenkbar\u2026\" \/>\n<meta name=\"robots\" content=\"index, follow, max-snippet:-1, max-image-preview:large, max-video-preview:-1\" \/>\n<link rel=\"canonical\" href=\"https:\/\/marktxxl.de\/markt\/produkt\/ueberwachungskamera-15000-mah-akku-aussen-ptz-outdoor-ip-kamera-mit-pir-bewegungsmelder355-120schwenkbar-nachtsicht-dbi-wireless-antenna-ip66-asserdichte-mit-solarpanel\/\" \/>\n<meta property=\"og:locale\" content=\"de_DE\" \/>\n<meta property=\"og:type\" content=\"article\" \/>\n<meta property=\"og:title\" content=\"elemage 2K \u00dcberwachungskamera Aussen Akku mit Solarpanel, PTZ WLAN Kamera,PIR Bewegungsmelder, 355\u00b0\/120\u00b0 Schwenkbar\u2026 - Markt-XXL\" \/>\n<meta property=\"og:description\" content=\"Markt-XXL elemage 2K \u00dcberwachungskamera Aussen Akku mit Solarpanel, PTZ WLAN Kamera,PIR Bewegungsmelder, 355\u00b0\/120\u00b0 Schwenkbar\u2026\" \/>\n<meta property=\"og:url\" content=\"https:\/\/marktxxl.de\/markt\/produkt\/ueberwachungskamera-15000-mah-akku-aussen-ptz-outdoor-ip-kamera-mit-pir-bewegungsmelder355-120schwenkbar-nachtsicht-dbi-wireless-antenna-ip66-asserdichte-mit-solarpanel\/\" \/>\n<meta property=\"og:site_name\" content=\"Markt-XXL\" \/>\n<meta property=\"article:modified_time\" content=\"2023-04-09T01:38:28+00:00\" \/>\n<meta property=\"og:image\" content=\"https:\/\/m.media-amazon.com\/images\/I\/41lXMNo13NL._SL500_.jpg\" \/>\n\t<meta property=\"og:image:width\" content=\"500\" \/>\n\t<meta property=\"og:image:height\" content=\"500\" \/>\n\t<meta property=\"og:image:type\" content=\"image\/jpeg\" \/>\n<meta name=\"twitter:card\" content=\"summary_large_image\" \/>\n<meta name=\"twitter:label1\" content=\"Gesch\u00e4tzte Lesezeit\" \/>\n\t<meta name=\"twitter:data1\" content=\"1\u00a0Minute\" \/>\n<script type=\"application\/ld+json\" class=\"yoast-schema-graph\">{\"@context\":\"https:\\\/\\\/schema.org\",\"@graph\":[{\"@type\":\"WebPage\",\"@id\":\"https:\\\/\\\/marktxxl.de\\\/markt\\\/produkt\\\/ueberwachungskamera-15000-mah-akku-aussen-ptz-outdoor-ip-kamera-mit-pir-bewegungsmelder355-120schwenkbar-nachtsicht-dbi-wireless-antenna-ip66-asserdichte-mit-solarpanel\\\/\",\"url\":\"https:\\\/\\\/marktxxl.de\\\/markt\\\/produkt\\\/ueberwachungskamera-15000-mah-akku-aussen-ptz-outdoor-ip-kamera-mit-pir-bewegungsmelder355-120schwenkbar-nachtsicht-dbi-wireless-antenna-ip66-asserdichte-mit-solarpanel\\\/\",\"name\":\"elemage 2K \u00dcberwachungskamera Aussen Akku mit Solarpanel, PTZ WLAN Kamera,PIR Bewegungsmelder, 355\u00b0\\\/120\u00b0 Schwenkbar\u2026 - Markt-XXL\",\"isPartOf\":{\"@id\":\"https:\\\/\\\/marktxxl.de\\\/markt\\\/#website\"},\"primaryImageOfPage\":{\"@id\":\"https:\\\/\\\/marktxxl.de\\\/markt\\\/produkt\\\/ueberwachungskamera-15000-mah-akku-aussen-ptz-outdoor-ip-kamera-mit-pir-bewegungsmelder355-120schwenkbar-nachtsicht-dbi-wireless-antenna-ip66-asserdichte-mit-solarpanel\\\/#primaryimage\"},\"image\":{\"@id\":\"https:\\\/\\\/marktxxl.de\\\/markt\\\/produkt\\\/ueberwachungskamera-15000-mah-akku-aussen-ptz-outdoor-ip-kamera-mit-pir-bewegungsmelder355-120schwenkbar-nachtsicht-dbi-wireless-antenna-ip66-asserdichte-mit-solarpanel\\\/#primaryimage\"},\"thumbnailUrl\":\"https:\\\/\\\/m.media-amazon.com\\\/images\\\/I\\\/41lXMNo13NL._SL500_.jpg\",\"datePublished\":\"2022-06-13T20:40:44+00:00\",\"dateModified\":\"2023-04-09T01:38:28+00:00\",\"description\":\"Markt-XXL elemage 2K \u00dcberwachungskamera Aussen Akku mit Solarpanel, PTZ WLAN Kamera,PIR Bewegungsmelder, 355\u00b0\\\/120\u00b0 Schwenkbar\u2026\",\"breadcrumb\":{\"@id\":\"https:\\\/\\\/marktxxl.de\\\/markt\\\/produkt\\\/ueberwachungskamera-15000-mah-akku-aussen-ptz-outdoor-ip-kamera-mit-pir-bewegungsmelder355-120schwenkbar-nachtsicht-dbi-wireless-antenna-ip66-asserdichte-mit-solarpanel\\\/#breadcrumb\"},\"inLanguage\":\"de\",\"potentialAction\":[{\"@type\":\"ReadAction\",\"target\":[\"https:\\\/\\\/marktxxl.de\\\/markt\\\/produkt\\\/ueberwachungskamera-15000-mah-akku-aussen-ptz-outdoor-ip-kamera-mit-pir-bewegungsmelder355-120schwenkbar-nachtsicht-dbi-wireless-antenna-ip66-asserdichte-mit-solarpanel\\\/\"]}]},{\"@type\":\"ImageObject\",\"inLanguage\":\"de\",\"@id\":\"https:\\\/\\\/marktxxl.de\\\/markt\\\/produkt\\\/ueberwachungskamera-15000-mah-akku-aussen-ptz-outdoor-ip-kamera-mit-pir-bewegungsmelder355-120schwenkbar-nachtsicht-dbi-wireless-antenna-ip66-asserdichte-mit-solarpanel\\\/#primaryimage\",\"url\":\"https:\\\/\\\/m.media-amazon.com\\\/images\\\/I\\\/41lXMNo13NL._SL500_.jpg\",\"contentUrl\":\"https:\\\/\\\/m.media-amazon.com\\\/images\\\/I\\\/41lXMNo13NL._SL500_.jpg\",\"width\":500,\"height\":500},{\"@type\":\"BreadcrumbList\",\"@id\":\"https:\\\/\\\/marktxxl.de\\\/markt\\\/produkt\\\/ueberwachungskamera-15000-mah-akku-aussen-ptz-outdoor-ip-kamera-mit-pir-bewegungsmelder355-120schwenkbar-nachtsicht-dbi-wireless-antenna-ip66-asserdichte-mit-solarpanel\\\/#breadcrumb\",\"itemListElement\":[{\"@type\":\"ListItem\",\"position\":1,\"name\":\"Startseite\",\"item\":\"https:\\\/\\\/marktxxl.de\\\/markt\\\/\"},{\"@type\":\"ListItem\",\"position\":2,\"name\":\"Markt\",\"item\":\"https:\\\/\\\/marktxxl.de\\\/markt\\\/\"},{\"@type\":\"ListItem\",\"position\":3,\"name\":\"elemage 2K \u00dcberwachungskamera Aussen Akku mit Solarpanel, PTZ WLAN Kamera,PIR Bewegungsmelder, 355\u00b0\\\/120\u00b0 Schwenkbar\u2026\"}]},{\"@type\":\"WebSite\",\"@id\":\"https:\\\/\\\/marktxxl.de\\\/markt\\\/#website\",\"url\":\"https:\\\/\\\/marktxxl.de\\\/markt\\\/\",\"name\":\"Markt-XXL\",\"description\":\"Ihr Markt Online\",\"publisher\":{\"@id\":\"https:\\\/\\\/marktxxl.de\\\/markt\\\/#organization\"},\"potentialAction\":[{\"@type\":\"SearchAction\",\"target\":{\"@type\":\"EntryPoint\",\"urlTemplate\":\"https:\\\/\\\/marktxxl.de\\\/markt\\\/?s={search_term_string}\"},\"query-input\":{\"@type\":\"PropertyValueSpecification\",\"valueRequired\":true,\"valueName\":\"search_term_string\"}}],\"inLanguage\":\"de\"},{\"@type\":\"Organization\",\"@id\":\"https:\\\/\\\/marktxxl.de\\\/markt\\\/#organization\",\"name\":\"Markt-XXL\",\"url\":\"https:\\\/\\\/marktxxl.de\\\/markt\\\/\",\"logo\":{\"@type\":\"ImageObject\",\"inLanguage\":\"de\",\"@id\":\"https:\\\/\\\/marktxxl.de\\\/markt\\\/#\\\/schema\\\/logo\\\/image\\\/\",\"url\":\"https:\\\/\\\/marktxxl.de\\\/markt\\\/wp-content\\\/uploads\\\/sites\\\/3\\\/2020\\\/12\\\/logo.png\",\"contentUrl\":\"https:\\\/\\\/marktxxl.de\\\/markt\\\/wp-content\\\/uploads\\\/sites\\\/3\\\/2020\\\/12\\\/logo.png\",\"width\":200,\"height\":70,\"caption\":\"Markt-XXL\"},\"image\":{\"@id\":\"https:\\\/\\\/marktxxl.de\\\/markt\\\/#\\\/schema\\\/logo\\\/image\\\/\"}}]}<\/script>\n<!-- \/ Yoast SEO plugin. -->","yoast_head_json":{"title":"elemage 2K \u00dcberwachungskamera Aussen Akku mit Solarpanel, PTZ WLAN Kamera,PIR Bewegungsmelder, 355\u00b0\/120\u00b0 Schwenkbar\u2026 - Markt-XXL","description":"Markt-XXL elemage 2K \u00dcberwachungskamera Aussen Akku mit Solarpanel, PTZ WLAN Kamera,PIR Bewegungsmelder, 355\u00b0\/120\u00b0 Schwenkbar\u2026","robots":{"index":"index","follow":"follow","max-snippet":"max-snippet:-1","max-image-preview":"max-image-preview:large","max-video-preview":"max-video-preview:-1"},"canonical":"https:\/\/marktxxl.de\/markt\/produkt\/ueberwachungskamera-15000-mah-akku-aussen-ptz-outdoor-ip-kamera-mit-pir-bewegungsmelder355-120schwenkbar-nachtsicht-dbi-wireless-antenna-ip66-asserdichte-mit-solarpanel\/","og_locale":"de_DE","og_type":"article","og_title":"elemage 2K \u00dcberwachungskamera Aussen Akku mit Solarpanel, PTZ WLAN Kamera,PIR Bewegungsmelder, 355\u00b0\/120\u00b0 Schwenkbar\u2026 - Markt-XXL","og_description":"Markt-XXL elemage 2K \u00dcberwachungskamera Aussen Akku mit Solarpanel, PTZ WLAN Kamera,PIR Bewegungsmelder, 355\u00b0\/120\u00b0 Schwenkbar\u2026","og_url":"https:\/\/marktxxl.de\/markt\/produkt\/ueberwachungskamera-15000-mah-akku-aussen-ptz-outdoor-ip-kamera-mit-pir-bewegungsmelder355-120schwenkbar-nachtsicht-dbi-wireless-antenna-ip66-asserdichte-mit-solarpanel\/","og_site_name":"Markt-XXL","article_modified_time":"2023-04-09T01:38:28+00:00","og_image":[{"width":500,"height":500,"url":"https:\/\/m.media-amazon.com\/images\/I\/41lXMNo13NL._SL500_.jpg","type":"image\/jpeg"}],"twitter_card":"summary_large_image","twitter_misc":{"Gesch\u00e4tzte Lesezeit":"1\u00a0Minute"},"schema":{"@context":"https:\/\/schema.org","@graph":[{"@type":"WebPage","@id":"https:\/\/marktxxl.de\/markt\/produkt\/ueberwachungskamera-15000-mah-akku-aussen-ptz-outdoor-ip-kamera-mit-pir-bewegungsmelder355-120schwenkbar-nachtsicht-dbi-wireless-antenna-ip66-asserdichte-mit-solarpanel\/","url":"https:\/\/marktxxl.de\/markt\/produkt\/ueberwachungskamera-15000-mah-akku-aussen-ptz-outdoor-ip-kamera-mit-pir-bewegungsmelder355-120schwenkbar-nachtsicht-dbi-wireless-antenna-ip66-asserdichte-mit-solarpanel\/","name":"elemage 2K \u00dcberwachungskamera Aussen Akku mit Solarpanel, PTZ WLAN Kamera,PIR Bewegungsmelder, 355\u00b0\/120\u00b0 Schwenkbar\u2026 - Markt-XXL","isPartOf":{"@id":"https:\/\/marktxxl.de\/markt\/#website"},"primaryImageOfPage":{"@id":"https:\/\/marktxxl.de\/markt\/produkt\/ueberwachungskamera-15000-mah-akku-aussen-ptz-outdoor-ip-kamera-mit-pir-bewegungsmelder355-120schwenkbar-nachtsicht-dbi-wireless-antenna-ip66-asserdichte-mit-solarpanel\/#primaryimage"},"image":{"@id":"https:\/\/marktxxl.de\/markt\/produkt\/ueberwachungskamera-15000-mah-akku-aussen-ptz-outdoor-ip-kamera-mit-pir-bewegungsmelder355-120schwenkbar-nachtsicht-dbi-wireless-antenna-ip66-asserdichte-mit-solarpanel\/#primaryimage"},"thumbnailUrl":"https:\/\/m.media-amazon.com\/images\/I\/41lXMNo13NL._SL500_.jpg","datePublished":"2022-06-13T20:40:44+00:00","dateModified":"2023-04-09T01:38:28+00:00","description":"Markt-XXL elemage 2K \u00dcberwachungskamera Aussen Akku mit Solarpanel, PTZ WLAN Kamera,PIR Bewegungsmelder, 355\u00b0\/120\u00b0 Schwenkbar\u2026","breadcrumb":{"@id":"https:\/\/marktxxl.de\/markt\/produkt\/ueberwachungskamera-15000-mah-akku-aussen-ptz-outdoor-ip-kamera-mit-pir-bewegungsmelder355-120schwenkbar-nachtsicht-dbi-wireless-antenna-ip66-asserdichte-mit-solarpanel\/#breadcrumb"},"inLanguage":"de","potentialAction":[{"@type":"ReadAction","target":["https:\/\/marktxxl.de\/markt\/produkt\/ueberwachungskamera-15000-mah-akku-aussen-ptz-outdoor-ip-kamera-mit-pir-bewegungsmelder355-120schwenkbar-nachtsicht-dbi-wireless-antenna-ip66-asserdichte-mit-solarpanel\/"]}]},{"@type":"ImageObject","inLanguage":"de","@id":"https:\/\/marktxxl.de\/markt\/produkt\/ueberwachungskamera-15000-mah-akku-aussen-ptz-outdoor-ip-kamera-mit-pir-bewegungsmelder355-120schwenkbar-nachtsicht-dbi-wireless-antenna-ip66-asserdichte-mit-solarpanel\/#primaryimage","url":"https:\/\/m.media-amazon.com\/images\/I\/41lXMNo13NL._SL500_.jpg","contentUrl":"https:\/\/m.media-amazon.com\/images\/I\/41lXMNo13NL._SL500_.jpg","width":500,"height":500},{"@type":"BreadcrumbList","@id":"https:\/\/marktxxl.de\/markt\/produkt\/ueberwachungskamera-15000-mah-akku-aussen-ptz-outdoor-ip-kamera-mit-pir-bewegungsmelder355-120schwenkbar-nachtsicht-dbi-wireless-antenna-ip66-asserdichte-mit-solarpanel\/#breadcrumb","itemListElement":[{"@type":"ListItem","position":1,"name":"Startseite","item":"https:\/\/marktxxl.de\/markt\/"},{"@type":"ListItem","position":2,"name":"Markt","item":"https:\/\/marktxxl.de\/markt\/"},{"@type":"ListItem","position":3,"name":"elemage 2K \u00dcberwachungskamera Aussen Akku mit Solarpanel, PTZ WLAN Kamera,PIR Bewegungsmelder, 355\u00b0\/120\u00b0 Schwenkbar\u2026"}]},{"@type":"WebSite","@id":"https:\/\/marktxxl.de\/markt\/#website","url":"https:\/\/marktxxl.de\/markt\/","name":"Markt-XXL","description":"Ihr Markt Online","publisher":{"@id":"https:\/\/marktxxl.de\/markt\/#organization"},"potentialAction":[{"@type":"SearchAction","target":{"@type":"EntryPoint","urlTemplate":"https:\/\/marktxxl.de\/markt\/?s={search_term_string}"},"query-input":{"@type":"PropertyValueSpecification","valueRequired":true,"valueName":"search_term_string"}}],"inLanguage":"de"},{"@type":"Organization","@id":"https:\/\/marktxxl.de\/markt\/#organization","name":"Markt-XXL","url":"https:\/\/marktxxl.de\/markt\/","logo":{"@type":"ImageObject","inLanguage":"de","@id":"https:\/\/marktxxl.de\/markt\/#\/schema\/logo\/image\/","url":"https:\/\/marktxxl.de\/markt\/wp-content\/uploads\/sites\/3\/2020\/12\/logo.png","contentUrl":"https:\/\/marktxxl.de\/markt\/wp-content\/uploads\/sites\/3\/2020\/12\/logo.png","width":200,"height":70,"caption":"Markt-XXL"},"image":{"@id":"https:\/\/marktxxl.de\/markt\/#\/schema\/logo\/image\/"}}]}},"_links":{"self":[{"href":"https:\/\/marktxxl.de\/markt\/wp-json\/wp\/v2\/product\/127106","targetHints":{"allow":["GET"]}}],"collection":[{"href":"https:\/\/marktxxl.de\/markt\/wp-json\/wp\/v2\/product"}],"about":[{"href":"https:\/\/marktxxl.de\/markt\/wp-json\/wp\/v2\/types\/product"}],"replies":[{"embeddable":true,"href":"https:\/\/marktxxl.de\/markt\/wp-json\/wp\/v2\/comments?post=127106"}],"wp:featuredmedia":[{"embeddable":true,"href":"https:\/\/marktxxl.de\/markt\/wp-json\/wp\/v2\/media\/127107"}],"wp:attachment":[{"href":"https:\/\/marktxxl.de\/markt\/wp-json\/wp\/v2\/media?parent=127106"}],"wp:term":[{"taxonomy":"product_brand","embeddable":true,"href":"https:\/\/marktxxl.de\/markt\/wp-json\/wp\/v2\/product_brand?post=127106"},{"taxonomy":"product_cat","embeddable":true,"href":"https:\/\/marktxxl.de\/markt\/wp-json\/wp\/v2\/product_cat?post=127106"},{"taxonomy":"product_tag","embeddable":true,"href":"https:\/\/marktxxl.de\/markt\/wp-json\/wp\/v2\/product_tag?post=127106"}],"curies":[{"name":"wp","href":"https:\/\/api.w.org\/{rel}","templated":true}]}}