{"id":127098,"date":"2022-06-13T22:40:37","date_gmt":"2022-06-13T20:40:37","guid":{"rendered":"https:\/\/marktxxl.de\/markt\/produkt\/harley-street\/"},"modified":"2023-04-09T03:38:28","modified_gmt":"2023-04-09T01:38:28","slug":"harley-street","status":"publish","type":"product","link":"https:\/\/marktxxl.de\/markt\/produkt\/harley-street\/","title":{"rendered":"H HARLEY STREET CARE Rosa Einweg-Gesichtsmasken sch\u00fctzende 3-lagige atmungsaktive dreilagige Mundabdeckung mit\u2026"},"content":{"rendered":"<p>Kaufen Sie von einer vertrauensw\u00fcrdigen britischen Marke \u2013 Harley Street Care liefert seit \u00fcber 10 Jahren medizinische und Erste-Hilfe-Ausr\u00fcstung. Wir f\u00fchren strenge Qualit\u00e4tskontrollma\u00dfnahmen ein und stellen sicher, dass alle unsere Produkte den h\u00f6chsten Standards entsprechen. Bitte beachten Sie, dass unsere Masken in China hergestellt werden<br \/>\nEinheitsgr\u00f6\u00dfe. Diese Gesichtsmaske ist ideal f\u00fcr M\u00e4nner und Frauen. Die Ohrschlaufen bieten eine gro\u00dfartige Unterst\u00fctzung, wodurch sie zum Radfahren, Laufen, Reisen oder f\u00fcr den t\u00e4glichen Gebrauch geeignet ist.<br \/>\nLeicht und bequem \u2013 unsere atmungsaktiven Gesichtsmasken verf\u00fcgen \u00fcber eine 3-lagige Polypropylen-Konstruktion. Das biegsame Nasenst\u00fcck sorgt daf\u00fcr, dass es keine L\u00fccken zwischen Ihrem Gesicht und der Maske f\u00fcr eine bessere Passform gibt.<br \/>\nEinweg-Maske ohne Latex: Vermeiden Sie es, die Maske w\u00e4hrend der Verwendung zu ber\u00fchren. Ersetzen Sie die Maske durch eine neue, sobald sie feucht ist, verwenden Sie Einwegmasken nicht wieder. Maske von den Ohrschlaufen entfernen, sofort in einem geschlossenen M\u00fclleimer entsorgen.<br \/>\nVersiegelte Packung \u2013 die Masken werden versiegelt in einem Polybeutel geliefert, um sicherzustellen, dass sie hygienisch aufbewahrt werden.<br \/>\n<div class=\"main-cross-sell\" data-asin=\"B08XLTCVTW\">\n\n\t<div class=\"WooZone-cross-sell-loader\">\n\t\t<div>\n\t\t\t<div id=\"floatingBarsG\">\n\t\t\t\t<div class=\"blockG\" id=\"rotateG_01\"><\/div>\n\t\t\t\t<div class=\"blockG\" id=\"rotateG_02\"><\/div>\n\t\t\t\t<div class=\"blockG\" id=\"rotateG_03\"><\/div>\n\t\t\t\t<div class=\"blockG\" id=\"rotateG_04\"><\/div>\n\t\t\t\t<div class=\"blockG\" id=\"rotateG_05\"><\/div>\n\t\t\t\t<div class=\"blockG\" id=\"rotateG_06\"><\/div>\n\t\t\t\t<div class=\"blockG\" id=\"rotateG_07\"><\/div>\n\t\t\t\t<div class=\"blockG\" id=\"rotateG_08\"><\/div>\n\t\t\t<\/div>\n\t\t\t<div class=\"WooZone-cross-sell-loader-text\"><\/div>\n\t\t<\/div>\n\t<\/div>\n\n\t\t\n<\/div>\n<div style=\"clear:both;\"><\/div><\/p>\n","protected":false},"excerpt":{"rendered":"<p>Kaufen Sie von einer vertrauensw\u00fcrdigen britischen Marke \u2013 Harley Street Care liefert seit \u00fcber 10 Jahren medizinische und Erste-Hilfe-Ausr\u00fcstung. Wir f\u00fchren strenge Qualit\u00e4tskontrollma\u00dfnahmen ein und stellen sicher, dass alle unsere Produkte den h\u00f6chsten Standards entsprechen. Bitte beachten Sie, dass unsere Masken in China hergestellt werden<br \/>\nEinheitsgr\u00f6\u00dfe. Diese Gesichtsmaske ist ideal f\u00fcr M\u00e4nner und Frauen. Die Ohrschlaufen bieten eine gro\u00dfartige Unterst\u00fctzung, wodurch sie zum Radfahren, Laufen, Reisen oder f\u00fcr den t\u00e4glichen Gebrauch geeignet ist.<br \/>\nLeicht und bequem \u2013 unsere atmungsaktiven Gesichtsmasken verf\u00fcgen \u00fcber eine 3-lagige Polypropylen-Konstruktion. Das biegsame Nasenst\u00fcck sorgt daf\u00fcr, dass es keine L\u00fccken zwischen Ihrem Gesicht und der Maske f\u00fcr eine bessere Passform gibt.<\/p>\n","protected":false},"featured_media":127099,"comment_status":"open","ping_status":"closed","template":"","meta":[],"product_brand":[],"product_cat":[1983,11380],"product_tag":[],"class_list":{"0":"post-127098","1":"product","2":"type-product","3":"status-publish","4":"has-post-thumbnail","6":"product_cat-baumarkt","7":"product_cat-sicherheitstechnik","8":"pa_brand-h-harley-street-care","9":"pa_manufacturer-h-harley-street-care","11":"first","12":"instock","13":"shipping-taxable","14":"purchasable","15":"product-type-simple","16":"customify-col","17":"product-has-gallery"},"yoast_head":"<!-- This site is optimized with the Yoast SEO plugin v27.4 - https:\/\/yoast.com\/product\/yoast-seo-wordpress\/ -->\n<title>H HARLEY STREET CARE Rosa Einweg-Gesichtsmasken sch\u00fctzende 3-lagige atmungsaktive dreilagige Mundabdeckung mit\u2026 - Markt-XXL<\/title>\n<meta name=\"description\" content=\"Markt-XXL H HARLEY STREET CARE Rosa Einweg-Gesichtsmasken sch\u00fctzende 3-lagige atmungsaktive dreilagige Mundabdeckung mit\u2026\" \/>\n<meta name=\"robots\" content=\"index, follow, max-snippet:-1, max-image-preview:large, max-video-preview:-1\" \/>\n<link rel=\"canonical\" href=\"https:\/\/marktxxl.de\/markt\/produkt\/harley-street\/\" \/>\n<meta property=\"og:locale\" content=\"de_DE\" \/>\n<meta property=\"og:type\" content=\"article\" \/>\n<meta property=\"og:title\" content=\"H HARLEY STREET CARE Rosa Einweg-Gesichtsmasken sch\u00fctzende 3-lagige atmungsaktive dreilagige Mundabdeckung mit\u2026 - Markt-XXL\" \/>\n<meta property=\"og:description\" content=\"Markt-XXL H HARLEY STREET CARE Rosa Einweg-Gesichtsmasken sch\u00fctzende 3-lagige atmungsaktive dreilagige Mundabdeckung mit\u2026\" \/>\n<meta property=\"og:url\" content=\"https:\/\/marktxxl.de\/markt\/produkt\/harley-street\/\" \/>\n<meta property=\"og:site_name\" content=\"Markt-XXL\" \/>\n<meta property=\"article:modified_time\" content=\"2023-04-09T01:38:28+00:00\" \/>\n<meta property=\"og:image\" content=\"https:\/\/m.media-amazon.com\/images\/I\/41Z7WR3RyUL._SL500_.jpg\" \/>\n\t<meta property=\"og:image:width\" content=\"500\" \/>\n\t<meta property=\"og:image:height\" content=\"500\" \/>\n\t<meta property=\"og:image:type\" content=\"image\/jpeg\" \/>\n<meta name=\"twitter:card\" content=\"summary_large_image\" \/>\n<meta name=\"twitter:label1\" content=\"Gesch\u00e4tzte Lesezeit\" \/>\n\t<meta name=\"twitter:data1\" content=\"1\u00a0Minute\" \/>\n<script type=\"application\/ld+json\" class=\"yoast-schema-graph\">{\"@context\":\"https:\\\/\\\/schema.org\",\"@graph\":[{\"@type\":\"WebPage\",\"@id\":\"https:\\\/\\\/marktxxl.de\\\/markt\\\/produkt\\\/harley-street\\\/\",\"url\":\"https:\\\/\\\/marktxxl.de\\\/markt\\\/produkt\\\/harley-street\\\/\",\"name\":\"H HARLEY STREET CARE Rosa Einweg-Gesichtsmasken sch\u00fctzende 3-lagige atmungsaktive dreilagige Mundabdeckung mit\u2026 - Markt-XXL\",\"isPartOf\":{\"@id\":\"https:\\\/\\\/marktxxl.de\\\/markt\\\/#website\"},\"primaryImageOfPage\":{\"@id\":\"https:\\\/\\\/marktxxl.de\\\/markt\\\/produkt\\\/harley-street\\\/#primaryimage\"},\"image\":{\"@id\":\"https:\\\/\\\/marktxxl.de\\\/markt\\\/produkt\\\/harley-street\\\/#primaryimage\"},\"thumbnailUrl\":\"https:\\\/\\\/m.media-amazon.com\\\/images\\\/I\\\/41Z7WR3RyUL._SL500_.jpg\",\"datePublished\":\"2022-06-13T20:40:37+00:00\",\"dateModified\":\"2023-04-09T01:38:28+00:00\",\"description\":\"Markt-XXL H HARLEY STREET CARE Rosa Einweg-Gesichtsmasken sch\u00fctzende 3-lagige atmungsaktive dreilagige Mundabdeckung mit\u2026\",\"breadcrumb\":{\"@id\":\"https:\\\/\\\/marktxxl.de\\\/markt\\\/produkt\\\/harley-street\\\/#breadcrumb\"},\"inLanguage\":\"de\",\"potentialAction\":[{\"@type\":\"ReadAction\",\"target\":[\"https:\\\/\\\/marktxxl.de\\\/markt\\\/produkt\\\/harley-street\\\/\"]}]},{\"@type\":\"ImageObject\",\"inLanguage\":\"de\",\"@id\":\"https:\\\/\\\/marktxxl.de\\\/markt\\\/produkt\\\/harley-street\\\/#primaryimage\",\"url\":\"https:\\\/\\\/m.media-amazon.com\\\/images\\\/I\\\/41Z7WR3RyUL._SL500_.jpg\",\"contentUrl\":\"https:\\\/\\\/m.media-amazon.com\\\/images\\\/I\\\/41Z7WR3RyUL._SL500_.jpg\",\"width\":500,\"height\":500},{\"@type\":\"BreadcrumbList\",\"@id\":\"https:\\\/\\\/marktxxl.de\\\/markt\\\/produkt\\\/harley-street\\\/#breadcrumb\",\"itemListElement\":[{\"@type\":\"ListItem\",\"position\":1,\"name\":\"Startseite\",\"item\":\"https:\\\/\\\/marktxxl.de\\\/markt\\\/\"},{\"@type\":\"ListItem\",\"position\":2,\"name\":\"Markt\",\"item\":\"https:\\\/\\\/marktxxl.de\\\/markt\\\/\"},{\"@type\":\"ListItem\",\"position\":3,\"name\":\"H HARLEY STREET CARE Rosa Einweg-Gesichtsmasken sch\u00fctzende 3-lagige atmungsaktive dreilagige Mundabdeckung mit\u2026\"}]},{\"@type\":\"WebSite\",\"@id\":\"https:\\\/\\\/marktxxl.de\\\/markt\\\/#website\",\"url\":\"https:\\\/\\\/marktxxl.de\\\/markt\\\/\",\"name\":\"Markt-XXL\",\"description\":\"Ihr Markt Online\",\"publisher\":{\"@id\":\"https:\\\/\\\/marktxxl.de\\\/markt\\\/#organization\"},\"potentialAction\":[{\"@type\":\"SearchAction\",\"target\":{\"@type\":\"EntryPoint\",\"urlTemplate\":\"https:\\\/\\\/marktxxl.de\\\/markt\\\/?s={search_term_string}\"},\"query-input\":{\"@type\":\"PropertyValueSpecification\",\"valueRequired\":true,\"valueName\":\"search_term_string\"}}],\"inLanguage\":\"de\"},{\"@type\":\"Organization\",\"@id\":\"https:\\\/\\\/marktxxl.de\\\/markt\\\/#organization\",\"name\":\"Markt-XXL\",\"url\":\"https:\\\/\\\/marktxxl.de\\\/markt\\\/\",\"logo\":{\"@type\":\"ImageObject\",\"inLanguage\":\"de\",\"@id\":\"https:\\\/\\\/marktxxl.de\\\/markt\\\/#\\\/schema\\\/logo\\\/image\\\/\",\"url\":\"https:\\\/\\\/marktxxl.de\\\/markt\\\/wp-content\\\/uploads\\\/sites\\\/3\\\/2020\\\/12\\\/logo.png\",\"contentUrl\":\"https:\\\/\\\/marktxxl.de\\\/markt\\\/wp-content\\\/uploads\\\/sites\\\/3\\\/2020\\\/12\\\/logo.png\",\"width\":200,\"height\":70,\"caption\":\"Markt-XXL\"},\"image\":{\"@id\":\"https:\\\/\\\/marktxxl.de\\\/markt\\\/#\\\/schema\\\/logo\\\/image\\\/\"}}]}<\/script>\n<!-- \/ Yoast SEO plugin. -->","yoast_head_json":{"title":"H HARLEY STREET CARE Rosa Einweg-Gesichtsmasken sch\u00fctzende 3-lagige atmungsaktive dreilagige Mundabdeckung mit\u2026 - Markt-XXL","description":"Markt-XXL H HARLEY STREET CARE Rosa Einweg-Gesichtsmasken sch\u00fctzende 3-lagige atmungsaktive dreilagige Mundabdeckung mit\u2026","robots":{"index":"index","follow":"follow","max-snippet":"max-snippet:-1","max-image-preview":"max-image-preview:large","max-video-preview":"max-video-preview:-1"},"canonical":"https:\/\/marktxxl.de\/markt\/produkt\/harley-street\/","og_locale":"de_DE","og_type":"article","og_title":"H HARLEY STREET CARE Rosa Einweg-Gesichtsmasken sch\u00fctzende 3-lagige atmungsaktive dreilagige Mundabdeckung mit\u2026 - Markt-XXL","og_description":"Markt-XXL H HARLEY STREET CARE Rosa Einweg-Gesichtsmasken sch\u00fctzende 3-lagige atmungsaktive dreilagige Mundabdeckung mit\u2026","og_url":"https:\/\/marktxxl.de\/markt\/produkt\/harley-street\/","og_site_name":"Markt-XXL","article_modified_time":"2023-04-09T01:38:28+00:00","og_image":[{"width":500,"height":500,"url":"https:\/\/m.media-amazon.com\/images\/I\/41Z7WR3RyUL._SL500_.jpg","type":"image\/jpeg"}],"twitter_card":"summary_large_image","twitter_misc":{"Gesch\u00e4tzte Lesezeit":"1\u00a0Minute"},"schema":{"@context":"https:\/\/schema.org","@graph":[{"@type":"WebPage","@id":"https:\/\/marktxxl.de\/markt\/produkt\/harley-street\/","url":"https:\/\/marktxxl.de\/markt\/produkt\/harley-street\/","name":"H HARLEY STREET CARE Rosa Einweg-Gesichtsmasken sch\u00fctzende 3-lagige atmungsaktive dreilagige Mundabdeckung mit\u2026 - Markt-XXL","isPartOf":{"@id":"https:\/\/marktxxl.de\/markt\/#website"},"primaryImageOfPage":{"@id":"https:\/\/marktxxl.de\/markt\/produkt\/harley-street\/#primaryimage"},"image":{"@id":"https:\/\/marktxxl.de\/markt\/produkt\/harley-street\/#primaryimage"},"thumbnailUrl":"https:\/\/m.media-amazon.com\/images\/I\/41Z7WR3RyUL._SL500_.jpg","datePublished":"2022-06-13T20:40:37+00:00","dateModified":"2023-04-09T01:38:28+00:00","description":"Markt-XXL H HARLEY STREET CARE Rosa Einweg-Gesichtsmasken sch\u00fctzende 3-lagige atmungsaktive dreilagige Mundabdeckung mit\u2026","breadcrumb":{"@id":"https:\/\/marktxxl.de\/markt\/produkt\/harley-street\/#breadcrumb"},"inLanguage":"de","potentialAction":[{"@type":"ReadAction","target":["https:\/\/marktxxl.de\/markt\/produkt\/harley-street\/"]}]},{"@type":"ImageObject","inLanguage":"de","@id":"https:\/\/marktxxl.de\/markt\/produkt\/harley-street\/#primaryimage","url":"https:\/\/m.media-amazon.com\/images\/I\/41Z7WR3RyUL._SL500_.jpg","contentUrl":"https:\/\/m.media-amazon.com\/images\/I\/41Z7WR3RyUL._SL500_.jpg","width":500,"height":500},{"@type":"BreadcrumbList","@id":"https:\/\/marktxxl.de\/markt\/produkt\/harley-street\/#breadcrumb","itemListElement":[{"@type":"ListItem","position":1,"name":"Startseite","item":"https:\/\/marktxxl.de\/markt\/"},{"@type":"ListItem","position":2,"name":"Markt","item":"https:\/\/marktxxl.de\/markt\/"},{"@type":"ListItem","position":3,"name":"H HARLEY STREET CARE Rosa Einweg-Gesichtsmasken sch\u00fctzende 3-lagige atmungsaktive dreilagige Mundabdeckung mit\u2026"}]},{"@type":"WebSite","@id":"https:\/\/marktxxl.de\/markt\/#website","url":"https:\/\/marktxxl.de\/markt\/","name":"Markt-XXL","description":"Ihr Markt Online","publisher":{"@id":"https:\/\/marktxxl.de\/markt\/#organization"},"potentialAction":[{"@type":"SearchAction","target":{"@type":"EntryPoint","urlTemplate":"https:\/\/marktxxl.de\/markt\/?s={search_term_string}"},"query-input":{"@type":"PropertyValueSpecification","valueRequired":true,"valueName":"search_term_string"}}],"inLanguage":"de"},{"@type":"Organization","@id":"https:\/\/marktxxl.de\/markt\/#organization","name":"Markt-XXL","url":"https:\/\/marktxxl.de\/markt\/","logo":{"@type":"ImageObject","inLanguage":"de","@id":"https:\/\/marktxxl.de\/markt\/#\/schema\/logo\/image\/","url":"https:\/\/marktxxl.de\/markt\/wp-content\/uploads\/sites\/3\/2020\/12\/logo.png","contentUrl":"https:\/\/marktxxl.de\/markt\/wp-content\/uploads\/sites\/3\/2020\/12\/logo.png","width":200,"height":70,"caption":"Markt-XXL"},"image":{"@id":"https:\/\/marktxxl.de\/markt\/#\/schema\/logo\/image\/"}}]}},"_links":{"self":[{"href":"https:\/\/marktxxl.de\/markt\/wp-json\/wp\/v2\/product\/127098","targetHints":{"allow":["GET"]}}],"collection":[{"href":"https:\/\/marktxxl.de\/markt\/wp-json\/wp\/v2\/product"}],"about":[{"href":"https:\/\/marktxxl.de\/markt\/wp-json\/wp\/v2\/types\/product"}],"replies":[{"embeddable":true,"href":"https:\/\/marktxxl.de\/markt\/wp-json\/wp\/v2\/comments?post=127098"}],"wp:featuredmedia":[{"embeddable":true,"href":"https:\/\/marktxxl.de\/markt\/wp-json\/wp\/v2\/media\/127099"}],"wp:attachment":[{"href":"https:\/\/marktxxl.de\/markt\/wp-json\/wp\/v2\/media?parent=127098"}],"wp:term":[{"taxonomy":"product_brand","embeddable":true,"href":"https:\/\/marktxxl.de\/markt\/wp-json\/wp\/v2\/product_brand?post=127098"},{"taxonomy":"product_cat","embeddable":true,"href":"https:\/\/marktxxl.de\/markt\/wp-json\/wp\/v2\/product_cat?post=127098"},{"taxonomy":"product_tag","embeddable":true,"href":"https:\/\/marktxxl.de\/markt\/wp-json\/wp\/v2\/product_tag?post=127098"}],"curies":[{"name":"wp","href":"https:\/\/api.w.org\/{rel}","templated":true}]}}