{"id":126913,"date":"2022-06-13T22:28:37","date_gmt":"2022-06-13T20:28:37","guid":{"rendered":"https:\/\/marktxxl.de\/markt\/produkt\/sungmor-retro-style-gusseisen-wandhalterung-mit-5-haken-1307-x-874-zoll-aushoehlungsmuster-dekorative-haengegestell-charming-home-decor\/"},"modified":"2023-04-09T03:38:23","modified_gmt":"2023-04-09T01:38:23","slug":"sungmor-retro-style-gusseisen-wandhalterung-mit-5-haken-1307-x-874-zoll-aushoehlungsmuster-dekorative-haengegestell-charming-home-decor","status":"publish","type":"product","link":"https:\/\/marktxxl.de\/markt\/produkt\/sungmor-retro-style-gusseisen-wandhalterung-mit-5-haken-1307-x-874-zoll-aushoehlungsmuster-dekorative-haengegestell-charming-home-decor\/","title":{"rendered":"Sungmor Retro Style Gusseisen Wandhalterung mit 5 Haken &#8211; 13,07 \u00d7 8,74 Zoll\/Aush\u00f6hlungsmuster Dekorative H\u00e4ngegestell\u2026"},"content":{"rendered":"<p>Es ist in Vintage-Rostoptik gegossen und hat ein ausgeh\u00f6hltes Muster. Es ist sehr charmant und voller Textur.<br \/>\nHergestellt aus strapazierf\u00e4higem Gusseisen, das mit einer hochglanzpolierten Spezialbeschichtung versehen ist und jahrelang h\u00e4lt.<br \/>\nSuper einfach, mit Schrauben im Paket anzubringen. Au\u00dferdem hat dieses Einzelteil 5 Haken, jeder von ihnen ist so stark, dass andere Sachen nicht zerrei\u00dfen oder besch\u00e4digen. F\u00fchlen Sie bitte sich frei zu verwenden.<br \/>\nAttraktives Design macht es nicht nur zu einer auff\u00e4lligen Inneneinrichtung, sondern auch zu einem praktischen Haken. Perfekt f\u00fcr den Eingang, die Eingangst\u00fcr, die K\u00fcche, das Bad und andere Bereiche Ihres Hauses, in denen Sie Ihre M\u00e4ntel, Schl\u00fcssel, H\u00fcte, Handt\u00fccher oder \u00c4hnliches aufh\u00e4ngen k\u00f6nnen andere pers\u00f6nliche Gegenst\u00e4nde.Eine absolut gro\u00dfartige Erg\u00e4nzung, um das gesamte Temperament Ihres Raumes zu verbessern.Sie verdienen wirklich einen Versuch\uff01<br \/>\nVerabschieden Sie sich von allem Chaos. Sorgen Sie mit diesem Artikel f\u00fcr einen aufger\u00e4umten und komfortablen Raum. Gr\u00f6\u00dfe: 33,2 * 3,8 * 22,2 cm \/ 13,07 * 1,5 * 8,74 Zoll<br \/>\n<div class=\"main-cross-sell\" data-asin=\"B07W6N7HBK\">\n\n\t<div class=\"WooZone-cross-sell-loader\">\n\t\t<div>\n\t\t\t<div id=\"floatingBarsG\">\n\t\t\t\t<div class=\"blockG\" id=\"rotateG_01\"><\/div>\n\t\t\t\t<div class=\"blockG\" id=\"rotateG_02\"><\/div>\n\t\t\t\t<div class=\"blockG\" id=\"rotateG_03\"><\/div>\n\t\t\t\t<div class=\"blockG\" id=\"rotateG_04\"><\/div>\n\t\t\t\t<div class=\"blockG\" id=\"rotateG_05\"><\/div>\n\t\t\t\t<div class=\"blockG\" id=\"rotateG_06\"><\/div>\n\t\t\t\t<div class=\"blockG\" id=\"rotateG_07\"><\/div>\n\t\t\t\t<div class=\"blockG\" id=\"rotateG_08\"><\/div>\n\t\t\t<\/div>\n\t\t\t<div class=\"WooZone-cross-sell-loader-text\"><\/div>\n\t\t<\/div>\n\t<\/div>\n\n\t\t\n<\/div>\n<div style=\"clear:both;\"><\/div><\/p>\n","protected":false},"excerpt":{"rendered":"<p>Es ist in Vintage-Rostoptik gegossen und hat ein ausgeh\u00f6hltes Muster. Es ist sehr charmant und voller Textur.<br \/>\nHergestellt aus strapazierf\u00e4higem Gusseisen, das mit einer hochglanzpolierten Spezialbeschichtung versehen ist und jahrelang h\u00e4lt.<br \/>\nSuper einfach, mit Schrauben im Paket anzubringen. Au\u00dferdem hat dieses Einzelteil 5 Haken, jeder von ihnen ist so stark, dass andere Sachen nicht zerrei\u00dfen oder besch\u00e4digen. F\u00fchlen Sie bitte sich frei zu verwenden.<\/p>\n","protected":false},"featured_media":126914,"comment_status":"open","ping_status":"closed","template":"","meta":[],"product_brand":[],"product_cat":[1983,11179],"product_tag":[],"class_list":{"0":"post-126913","1":"product","2":"type-product","3":"status-publish","4":"has-post-thumbnail","6":"product_cat-baumarkt","7":"product_cat-lagersysteme","8":"pa_binding-haushaltswaren","9":"pa_brand-sungmor","10":"pa_height-8-67-zoll","11":"pa_length-13-1-zoll","12":"pa_manufacturer-sungmor","13":"pa_width-1-38-zoll","15":"first","16":"instock","17":"shipping-taxable","18":"purchasable","19":"product-type-simple","20":"customify-col","21":"product-has-gallery"},"yoast_head":"<!-- This site is optimized with the Yoast SEO plugin v27.3 - https:\/\/yoast.com\/product\/yoast-seo-wordpress\/ -->\n<title>Sungmor Retro Style Gusseisen Wandhalterung mit 5 Haken - 13,07 \u00d7 8,74 Zoll\/Aush\u00f6hlungsmuster Dekorative H\u00e4ngegestell\u2026 - Markt-XXL<\/title>\n<meta name=\"description\" content=\"Markt-XXL Sungmor Retro Style Gusseisen Wandhalterung mit 5 Haken - 13,07 \u00d7 8,74 Zoll\/Aush\u00f6hlungsmuster Dekorative H\u00e4ngegestell\u2026\" \/>\n<meta name=\"robots\" content=\"index, follow, max-snippet:-1, max-image-preview:large, max-video-preview:-1\" \/>\n<link rel=\"canonical\" href=\"https:\/\/marktxxl.de\/markt\/produkt\/sungmor-retro-style-gusseisen-wandhalterung-mit-5-haken-1307-x-874-zoll-aushoehlungsmuster-dekorative-haengegestell-charming-home-decor\/\" \/>\n<meta property=\"og:locale\" content=\"de_DE\" \/>\n<meta property=\"og:type\" content=\"article\" \/>\n<meta property=\"og:title\" content=\"Sungmor Retro Style Gusseisen Wandhalterung mit 5 Haken - 13,07 \u00d7 8,74 Zoll\/Aush\u00f6hlungsmuster Dekorative H\u00e4ngegestell\u2026 - Markt-XXL\" \/>\n<meta property=\"og:description\" content=\"Markt-XXL Sungmor Retro Style Gusseisen Wandhalterung mit 5 Haken - 13,07 \u00d7 8,74 Zoll\/Aush\u00f6hlungsmuster Dekorative H\u00e4ngegestell\u2026\" \/>\n<meta property=\"og:url\" content=\"https:\/\/marktxxl.de\/markt\/produkt\/sungmor-retro-style-gusseisen-wandhalterung-mit-5-haken-1307-x-874-zoll-aushoehlungsmuster-dekorative-haengegestell-charming-home-decor\/\" \/>\n<meta property=\"og:site_name\" content=\"Markt-XXL\" \/>\n<meta property=\"article:modified_time\" content=\"2023-04-09T01:38:23+00:00\" \/>\n<meta property=\"og:image\" content=\"https:\/\/m.media-amazon.com\/images\/I\/41VLSzAHrpS._SL500_.jpg\" \/>\n\t<meta property=\"og:image:width\" content=\"500\" \/>\n\t<meta property=\"og:image:height\" content=\"500\" \/>\n\t<meta property=\"og:image:type\" content=\"image\/jpeg\" \/>\n<meta name=\"twitter:card\" content=\"summary_large_image\" \/>\n<meta name=\"twitter:label1\" content=\"Gesch\u00e4tzte Lesezeit\" \/>\n\t<meta name=\"twitter:data1\" content=\"1\u00a0Minute\" \/>\n<script type=\"application\/ld+json\" class=\"yoast-schema-graph\">{\"@context\":\"https:\\\/\\\/schema.org\",\"@graph\":[{\"@type\":\"WebPage\",\"@id\":\"https:\\\/\\\/marktxxl.de\\\/markt\\\/produkt\\\/sungmor-retro-style-gusseisen-wandhalterung-mit-5-haken-1307-x-874-zoll-aushoehlungsmuster-dekorative-haengegestell-charming-home-decor\\\/\",\"url\":\"https:\\\/\\\/marktxxl.de\\\/markt\\\/produkt\\\/sungmor-retro-style-gusseisen-wandhalterung-mit-5-haken-1307-x-874-zoll-aushoehlungsmuster-dekorative-haengegestell-charming-home-decor\\\/\",\"name\":\"Sungmor Retro Style Gusseisen Wandhalterung mit 5 Haken - 13,07 \u00d7 8,74 Zoll\\\/Aush\u00f6hlungsmuster Dekorative H\u00e4ngegestell\u2026 - Markt-XXL\",\"isPartOf\":{\"@id\":\"https:\\\/\\\/marktxxl.de\\\/markt\\\/#website\"},\"primaryImageOfPage\":{\"@id\":\"https:\\\/\\\/marktxxl.de\\\/markt\\\/produkt\\\/sungmor-retro-style-gusseisen-wandhalterung-mit-5-haken-1307-x-874-zoll-aushoehlungsmuster-dekorative-haengegestell-charming-home-decor\\\/#primaryimage\"},\"image\":{\"@id\":\"https:\\\/\\\/marktxxl.de\\\/markt\\\/produkt\\\/sungmor-retro-style-gusseisen-wandhalterung-mit-5-haken-1307-x-874-zoll-aushoehlungsmuster-dekorative-haengegestell-charming-home-decor\\\/#primaryimage\"},\"thumbnailUrl\":\"https:\\\/\\\/m.media-amazon.com\\\/images\\\/I\\\/41VLSzAHrpS._SL500_.jpg\",\"datePublished\":\"2022-06-13T20:28:37+00:00\",\"dateModified\":\"2023-04-09T01:38:23+00:00\",\"description\":\"Markt-XXL Sungmor Retro Style Gusseisen Wandhalterung mit 5 Haken - 13,07 \u00d7 8,74 Zoll\\\/Aush\u00f6hlungsmuster Dekorative H\u00e4ngegestell\u2026\",\"breadcrumb\":{\"@id\":\"https:\\\/\\\/marktxxl.de\\\/markt\\\/produkt\\\/sungmor-retro-style-gusseisen-wandhalterung-mit-5-haken-1307-x-874-zoll-aushoehlungsmuster-dekorative-haengegestell-charming-home-decor\\\/#breadcrumb\"},\"inLanguage\":\"de\",\"potentialAction\":[{\"@type\":\"ReadAction\",\"target\":[\"https:\\\/\\\/marktxxl.de\\\/markt\\\/produkt\\\/sungmor-retro-style-gusseisen-wandhalterung-mit-5-haken-1307-x-874-zoll-aushoehlungsmuster-dekorative-haengegestell-charming-home-decor\\\/\"]}]},{\"@type\":\"ImageObject\",\"inLanguage\":\"de\",\"@id\":\"https:\\\/\\\/marktxxl.de\\\/markt\\\/produkt\\\/sungmor-retro-style-gusseisen-wandhalterung-mit-5-haken-1307-x-874-zoll-aushoehlungsmuster-dekorative-haengegestell-charming-home-decor\\\/#primaryimage\",\"url\":\"https:\\\/\\\/m.media-amazon.com\\\/images\\\/I\\\/41VLSzAHrpS._SL500_.jpg\",\"contentUrl\":\"https:\\\/\\\/m.media-amazon.com\\\/images\\\/I\\\/41VLSzAHrpS._SL500_.jpg\",\"width\":500,\"height\":500},{\"@type\":\"BreadcrumbList\",\"@id\":\"https:\\\/\\\/marktxxl.de\\\/markt\\\/produkt\\\/sungmor-retro-style-gusseisen-wandhalterung-mit-5-haken-1307-x-874-zoll-aushoehlungsmuster-dekorative-haengegestell-charming-home-decor\\\/#breadcrumb\",\"itemListElement\":[{\"@type\":\"ListItem\",\"position\":1,\"name\":\"Startseite\",\"item\":\"https:\\\/\\\/marktxxl.de\\\/markt\\\/\"},{\"@type\":\"ListItem\",\"position\":2,\"name\":\"Markt\",\"item\":\"https:\\\/\\\/marktxxl.de\\\/markt\\\/\"},{\"@type\":\"ListItem\",\"position\":3,\"name\":\"Sungmor Retro Style Gusseisen Wandhalterung mit 5 Haken &#8211; 13,07 \u00d7 8,74 Zoll\\\/Aush\u00f6hlungsmuster Dekorative H\u00e4ngegestell\u2026\"}]},{\"@type\":\"WebSite\",\"@id\":\"https:\\\/\\\/marktxxl.de\\\/markt\\\/#website\",\"url\":\"https:\\\/\\\/marktxxl.de\\\/markt\\\/\",\"name\":\"Markt-XXL\",\"description\":\"Ihr Markt Online\",\"publisher\":{\"@id\":\"https:\\\/\\\/marktxxl.de\\\/markt\\\/#organization\"},\"potentialAction\":[{\"@type\":\"SearchAction\",\"target\":{\"@type\":\"EntryPoint\",\"urlTemplate\":\"https:\\\/\\\/marktxxl.de\\\/markt\\\/?s={search_term_string}\"},\"query-input\":{\"@type\":\"PropertyValueSpecification\",\"valueRequired\":true,\"valueName\":\"search_term_string\"}}],\"inLanguage\":\"de\"},{\"@type\":\"Organization\",\"@id\":\"https:\\\/\\\/marktxxl.de\\\/markt\\\/#organization\",\"name\":\"Markt-XXL\",\"url\":\"https:\\\/\\\/marktxxl.de\\\/markt\\\/\",\"logo\":{\"@type\":\"ImageObject\",\"inLanguage\":\"de\",\"@id\":\"https:\\\/\\\/marktxxl.de\\\/markt\\\/#\\\/schema\\\/logo\\\/image\\\/\",\"url\":\"https:\\\/\\\/marktxxl.de\\\/markt\\\/wp-content\\\/uploads\\\/sites\\\/3\\\/2020\\\/12\\\/logo.png\",\"contentUrl\":\"https:\\\/\\\/marktxxl.de\\\/markt\\\/wp-content\\\/uploads\\\/sites\\\/3\\\/2020\\\/12\\\/logo.png\",\"width\":200,\"height\":70,\"caption\":\"Markt-XXL\"},\"image\":{\"@id\":\"https:\\\/\\\/marktxxl.de\\\/markt\\\/#\\\/schema\\\/logo\\\/image\\\/\"}}]}<\/script>\n<!-- \/ Yoast SEO plugin. -->","yoast_head_json":{"title":"Sungmor Retro Style Gusseisen Wandhalterung mit 5 Haken - 13,07 \u00d7 8,74 Zoll\/Aush\u00f6hlungsmuster Dekorative H\u00e4ngegestell\u2026 - Markt-XXL","description":"Markt-XXL Sungmor Retro Style Gusseisen Wandhalterung mit 5 Haken - 13,07 \u00d7 8,74 Zoll\/Aush\u00f6hlungsmuster Dekorative H\u00e4ngegestell\u2026","robots":{"index":"index","follow":"follow","max-snippet":"max-snippet:-1","max-image-preview":"max-image-preview:large","max-video-preview":"max-video-preview:-1"},"canonical":"https:\/\/marktxxl.de\/markt\/produkt\/sungmor-retro-style-gusseisen-wandhalterung-mit-5-haken-1307-x-874-zoll-aushoehlungsmuster-dekorative-haengegestell-charming-home-decor\/","og_locale":"de_DE","og_type":"article","og_title":"Sungmor Retro Style Gusseisen Wandhalterung mit 5 Haken - 13,07 \u00d7 8,74 Zoll\/Aush\u00f6hlungsmuster Dekorative H\u00e4ngegestell\u2026 - Markt-XXL","og_description":"Markt-XXL Sungmor Retro Style Gusseisen Wandhalterung mit 5 Haken - 13,07 \u00d7 8,74 Zoll\/Aush\u00f6hlungsmuster Dekorative H\u00e4ngegestell\u2026","og_url":"https:\/\/marktxxl.de\/markt\/produkt\/sungmor-retro-style-gusseisen-wandhalterung-mit-5-haken-1307-x-874-zoll-aushoehlungsmuster-dekorative-haengegestell-charming-home-decor\/","og_site_name":"Markt-XXL","article_modified_time":"2023-04-09T01:38:23+00:00","og_image":[{"width":500,"height":500,"url":"https:\/\/m.media-amazon.com\/images\/I\/41VLSzAHrpS._SL500_.jpg","type":"image\/jpeg"}],"twitter_card":"summary_large_image","twitter_misc":{"Gesch\u00e4tzte Lesezeit":"1\u00a0Minute"},"schema":{"@context":"https:\/\/schema.org","@graph":[{"@type":"WebPage","@id":"https:\/\/marktxxl.de\/markt\/produkt\/sungmor-retro-style-gusseisen-wandhalterung-mit-5-haken-1307-x-874-zoll-aushoehlungsmuster-dekorative-haengegestell-charming-home-decor\/","url":"https:\/\/marktxxl.de\/markt\/produkt\/sungmor-retro-style-gusseisen-wandhalterung-mit-5-haken-1307-x-874-zoll-aushoehlungsmuster-dekorative-haengegestell-charming-home-decor\/","name":"Sungmor Retro Style Gusseisen Wandhalterung mit 5 Haken - 13,07 \u00d7 8,74 Zoll\/Aush\u00f6hlungsmuster Dekorative H\u00e4ngegestell\u2026 - Markt-XXL","isPartOf":{"@id":"https:\/\/marktxxl.de\/markt\/#website"},"primaryImageOfPage":{"@id":"https:\/\/marktxxl.de\/markt\/produkt\/sungmor-retro-style-gusseisen-wandhalterung-mit-5-haken-1307-x-874-zoll-aushoehlungsmuster-dekorative-haengegestell-charming-home-decor\/#primaryimage"},"image":{"@id":"https:\/\/marktxxl.de\/markt\/produkt\/sungmor-retro-style-gusseisen-wandhalterung-mit-5-haken-1307-x-874-zoll-aushoehlungsmuster-dekorative-haengegestell-charming-home-decor\/#primaryimage"},"thumbnailUrl":"https:\/\/m.media-amazon.com\/images\/I\/41VLSzAHrpS._SL500_.jpg","datePublished":"2022-06-13T20:28:37+00:00","dateModified":"2023-04-09T01:38:23+00:00","description":"Markt-XXL Sungmor Retro Style Gusseisen Wandhalterung mit 5 Haken - 13,07 \u00d7 8,74 Zoll\/Aush\u00f6hlungsmuster Dekorative H\u00e4ngegestell\u2026","breadcrumb":{"@id":"https:\/\/marktxxl.de\/markt\/produkt\/sungmor-retro-style-gusseisen-wandhalterung-mit-5-haken-1307-x-874-zoll-aushoehlungsmuster-dekorative-haengegestell-charming-home-decor\/#breadcrumb"},"inLanguage":"de","potentialAction":[{"@type":"ReadAction","target":["https:\/\/marktxxl.de\/markt\/produkt\/sungmor-retro-style-gusseisen-wandhalterung-mit-5-haken-1307-x-874-zoll-aushoehlungsmuster-dekorative-haengegestell-charming-home-decor\/"]}]},{"@type":"ImageObject","inLanguage":"de","@id":"https:\/\/marktxxl.de\/markt\/produkt\/sungmor-retro-style-gusseisen-wandhalterung-mit-5-haken-1307-x-874-zoll-aushoehlungsmuster-dekorative-haengegestell-charming-home-decor\/#primaryimage","url":"https:\/\/m.media-amazon.com\/images\/I\/41VLSzAHrpS._SL500_.jpg","contentUrl":"https:\/\/m.media-amazon.com\/images\/I\/41VLSzAHrpS._SL500_.jpg","width":500,"height":500},{"@type":"BreadcrumbList","@id":"https:\/\/marktxxl.de\/markt\/produkt\/sungmor-retro-style-gusseisen-wandhalterung-mit-5-haken-1307-x-874-zoll-aushoehlungsmuster-dekorative-haengegestell-charming-home-decor\/#breadcrumb","itemListElement":[{"@type":"ListItem","position":1,"name":"Startseite","item":"https:\/\/marktxxl.de\/markt\/"},{"@type":"ListItem","position":2,"name":"Markt","item":"https:\/\/marktxxl.de\/markt\/"},{"@type":"ListItem","position":3,"name":"Sungmor Retro Style Gusseisen Wandhalterung mit 5 Haken &#8211; 13,07 \u00d7 8,74 Zoll\/Aush\u00f6hlungsmuster Dekorative H\u00e4ngegestell\u2026"}]},{"@type":"WebSite","@id":"https:\/\/marktxxl.de\/markt\/#website","url":"https:\/\/marktxxl.de\/markt\/","name":"Markt-XXL","description":"Ihr Markt Online","publisher":{"@id":"https:\/\/marktxxl.de\/markt\/#organization"},"potentialAction":[{"@type":"SearchAction","target":{"@type":"EntryPoint","urlTemplate":"https:\/\/marktxxl.de\/markt\/?s={search_term_string}"},"query-input":{"@type":"PropertyValueSpecification","valueRequired":true,"valueName":"search_term_string"}}],"inLanguage":"de"},{"@type":"Organization","@id":"https:\/\/marktxxl.de\/markt\/#organization","name":"Markt-XXL","url":"https:\/\/marktxxl.de\/markt\/","logo":{"@type":"ImageObject","inLanguage":"de","@id":"https:\/\/marktxxl.de\/markt\/#\/schema\/logo\/image\/","url":"https:\/\/marktxxl.de\/markt\/wp-content\/uploads\/sites\/3\/2020\/12\/logo.png","contentUrl":"https:\/\/marktxxl.de\/markt\/wp-content\/uploads\/sites\/3\/2020\/12\/logo.png","width":200,"height":70,"caption":"Markt-XXL"},"image":{"@id":"https:\/\/marktxxl.de\/markt\/#\/schema\/logo\/image\/"}}]}},"_links":{"self":[{"href":"https:\/\/marktxxl.de\/markt\/wp-json\/wp\/v2\/product\/126913","targetHints":{"allow":["GET"]}}],"collection":[{"href":"https:\/\/marktxxl.de\/markt\/wp-json\/wp\/v2\/product"}],"about":[{"href":"https:\/\/marktxxl.de\/markt\/wp-json\/wp\/v2\/types\/product"}],"replies":[{"embeddable":true,"href":"https:\/\/marktxxl.de\/markt\/wp-json\/wp\/v2\/comments?post=126913"}],"wp:featuredmedia":[{"embeddable":true,"href":"https:\/\/marktxxl.de\/markt\/wp-json\/wp\/v2\/media\/126914"}],"wp:attachment":[{"href":"https:\/\/marktxxl.de\/markt\/wp-json\/wp\/v2\/media?parent=126913"}],"wp:term":[{"taxonomy":"product_brand","embeddable":true,"href":"https:\/\/marktxxl.de\/markt\/wp-json\/wp\/v2\/product_brand?post=126913"},{"taxonomy":"product_cat","embeddable":true,"href":"https:\/\/marktxxl.de\/markt\/wp-json\/wp\/v2\/product_cat?post=126913"},{"taxonomy":"product_tag","embeddable":true,"href":"https:\/\/marktxxl.de\/markt\/wp-json\/wp\/v2\/product_tag?post=126913"}],"curies":[{"name":"wp","href":"https:\/\/api.w.org\/{rel}","templated":true}]}}