{"id":126640,"date":"2022-06-13T21:53:16","date_gmt":"2022-06-13T19:53:16","guid":{"rendered":"https:\/\/marktxxl.de\/markt\/produkt\/hao-pro-anhaengerkupplungsstifte-federstifte-federklammer-haarnadeln-6-groessen-starke-federspannung-dicker-stabiler-fuer-anhaenger-kugeln-anhaengerkupplungen-traktoren-maehwagen-lkw-kuppl\/"},"modified":"2023-04-10T04:01:21","modified_gmt":"2023-04-10T02:01:21","slug":"hao-pro-anhaengerkupplungsstifte-federstifte-federklammer-haarnadeln-6-groessen-starke-federspannung-dicker-stabiler-fuer-anhaenger-kugeln-anhaengerkupplungen-traktoren-maehwagen-lkw-kuppl","status":"publish","type":"product","link":"https:\/\/marktxxl.de\/markt\/produkt\/hao-pro-anhaengerkupplungsstifte-federstifte-federklammer-haarnadeln-6-groessen-starke-federspannung-dicker-stabiler-fuer-anhaenger-kugeln-anhaengerkupplungen-traktoren-maehwagen-lkw-kuppl\/","title":{"rendered":"Hao Pro Anh\u00e4ngerkupplungsstifte, Federstifte, Federklammer, Haarnadeln, 6 Gr\u00f6\u00dfen, starke Federspannung, dicker, stabiler\u2026"},"content":{"rendered":"<p>Praktische Auswahl an Gr\u00f6\u00dfen. Haben Sie immer viele Stifte zur Hand. Sie m\u00fcssen ein Set haben, wenn Sie Rasenm\u00e4her und Gartentraktoren haben.<br \/>\nStarke Federspannung: Gut f\u00fcr ernsthafte Anwendungen, bei denen der Stift nicht h\u00e4ufig entfernt wird, da die Federspannung sehr stark ist, weil Sie einen festen Sitz w\u00fcnschen, wenn der Clip an Ort und Stelle ist. Dar\u00fcber hinaus halten sie fest, gute steife Stifte. Ersetzen Sie die Anh\u00e4ngerkupplungsstifte bei den meisten Ger\u00e4ten, die mit schw\u00e4cheren Stiften geliefert wurden.<br \/>\nDicker als der Originalstift, der mit der Sackkarre geliefert wurde. Stabil und handlich, auch wenn Sie 63,5 kg mit einem Satz von zwei von ihnen aufh\u00e4ngen, sie werden nicht scheren oder brechen, egal wie viel sie gezogen werden, zerrissen, gedreht oder ruckartig sind. Tolle Clips, schwer genug<br \/>\nPerfekt f\u00fcr Anh\u00e4ngerkupplungsstifte: Die gr\u00f6\u00dften in diesem Set sind unverzichtbar f\u00fcr Anh\u00e4nger-Kugelbolzen. Verwenden Sie sie auf Rasentraktoren f\u00fcr die M\u00e4hdecks. Perfekt f\u00fcr Rasenm\u00e4herreifen oder Aufsitzm\u00e4her und Wagen. Sie k\u00f6nnen alle Ihre Traktoren und LKW-Anh\u00e4ngerkupplungen aufr\u00fcsten. Gro\u00dfartige Ersatzl\u00f6sung f\u00fcr verlorene Clips an Ihrem Handwagen. F\u00fcr die Anh\u00e4ngerkupplung und andere Ausr\u00fcstung auf unserem Bauernhof. Perfekt f\u00fcr viele andere Anwendungen.<br \/>\nGr\u00f6\u00dfe: A: 1,2 mm Drahtdurchmesser, 21 mm L\u00e4nge.B: 1,6 mm Drahtdurchmesser, 28 mm L\u00e4nge.C: 2 mm Drahtdurchmesser, 45 mm L\u00e4nge.D: 2,5 mm Drahtdurchmesser, 50 mm L\u00e4nge.E: 3 mm Drahtdurchmesser, 60 mm L\u00e4nge.F: 3,5 mm Drahtdurchmesser, 75 mm L\u00e4nge.<br \/>\n<div class=\"main-cross-sell\" data-asin=\"B07VWV7WZ7\">\n\n\t<div class=\"WooZone-cross-sell-loader\">\n\t\t<div>\n\t\t\t<div id=\"floatingBarsG\">\n\t\t\t\t<div class=\"blockG\" id=\"rotateG_01\"><\/div>\n\t\t\t\t<div class=\"blockG\" id=\"rotateG_02\"><\/div>\n\t\t\t\t<div class=\"blockG\" id=\"rotateG_03\"><\/div>\n\t\t\t\t<div class=\"blockG\" id=\"rotateG_04\"><\/div>\n\t\t\t\t<div class=\"blockG\" id=\"rotateG_05\"><\/div>\n\t\t\t\t<div class=\"blockG\" id=\"rotateG_06\"><\/div>\n\t\t\t\t<div class=\"blockG\" id=\"rotateG_07\"><\/div>\n\t\t\t\t<div class=\"blockG\" id=\"rotateG_08\"><\/div>\n\t\t\t<\/div>\n\t\t\t<div class=\"WooZone-cross-sell-loader-text\"><\/div>\n\t\t<\/div>\n\t<\/div>\n\n\t\t\n<\/div>\n<div style=\"clear:both;\"><\/div><\/p>\n","protected":false},"excerpt":{"rendered":"<p>Praktische Auswahl an Gr\u00f6\u00dfen. Haben Sie immer viele Stifte zur Hand. Sie m\u00fcssen ein Set haben, wenn Sie Rasenm\u00e4her und Gartentraktoren haben.<br \/>\nStarke Federspannung: Gut f\u00fcr ernsthafte Anwendungen, bei denen der Stift nicht h\u00e4ufig entfernt wird, da die Federspannung sehr stark ist, weil Sie einen festen Sitz w\u00fcnschen, wenn der Clip an Ort und Stelle ist. Dar\u00fcber hinaus halten sie fest, gute steife Stifte. Ersetzen Sie die Anh\u00e4ngerkupplungsstifte bei den meisten Ger\u00e4ten, die mit schw\u00e4cheren Stiften geliefert wurden.<br \/>\nDicker als der Originalstift, der mit der Sackkarre geliefert wurde. Stabil und handlich, auch wenn Sie 63,5 kg mit einem Satz von zwei von ihnen aufh\u00e4ngen, sie werden nicht scheren oder brechen, egal wie viel sie gezogen werden, zerrissen, gedreht oder ruckartig sind. Tolle Clips, schwer genug<\/p>\n","protected":false},"featured_media":126641,"comment_status":"open","ping_status":"closed","template":"","meta":[],"product_brand":[],"product_cat":[1983,10767],"product_tag":[],"class_list":{"0":"post-126640","1":"product","2":"type-product","3":"status-publish","4":"has-post-thumbnail","6":"product_cat-baumarkt","7":"product_cat-baumaschinen-zubehoer","8":"pa_binding-buerobedarf-schreibwaren","9":"pa_brand-hao-pro","10":"pa_manufacturer-hao-pro","12":"first","13":"instock","14":"shipping-taxable","15":"purchasable","16":"product-type-simple","17":"customify-col","18":"product-has-gallery"},"yoast_head":"<!-- This site is optimized with the Yoast SEO plugin v27.4 - https:\/\/yoast.com\/product\/yoast-seo-wordpress\/ -->\n<title>Hao Pro Anh\u00e4ngerkupplungsstifte, Federstifte, Federklammer, Haarnadeln, 6 Gr\u00f6\u00dfen, starke Federspannung, dicker, stabiler\u2026 - Markt-XXL<\/title>\n<meta name=\"description\" content=\"Markt-XXL Hao Pro Anh\u00e4ngerkupplungsstifte, Federstifte, Federklammer, Haarnadeln, 6 Gr\u00f6\u00dfen, starke Federspannung, dicker, stabiler\u2026\" \/>\n<meta name=\"robots\" content=\"index, follow, max-snippet:-1, max-image-preview:large, max-video-preview:-1\" \/>\n<link rel=\"canonical\" href=\"https:\/\/marktxxl.de\/markt\/produkt\/hao-pro-anhaengerkupplungsstifte-federstifte-federklammer-haarnadeln-6-groessen-starke-federspannung-dicker-stabiler-fuer-anhaenger-kugeln-anhaengerkupplungen-traktoren-maehwagen-lkw-kuppl\/\" \/>\n<meta property=\"og:locale\" content=\"de_DE\" \/>\n<meta property=\"og:type\" content=\"article\" \/>\n<meta property=\"og:title\" content=\"Hao Pro Anh\u00e4ngerkupplungsstifte, Federstifte, Federklammer, Haarnadeln, 6 Gr\u00f6\u00dfen, starke Federspannung, dicker, stabiler\u2026 - Markt-XXL\" \/>\n<meta property=\"og:description\" content=\"Markt-XXL Hao Pro Anh\u00e4ngerkupplungsstifte, Federstifte, Federklammer, Haarnadeln, 6 Gr\u00f6\u00dfen, starke Federspannung, dicker, stabiler\u2026\" \/>\n<meta property=\"og:url\" content=\"https:\/\/marktxxl.de\/markt\/produkt\/hao-pro-anhaengerkupplungsstifte-federstifte-federklammer-haarnadeln-6-groessen-starke-federspannung-dicker-stabiler-fuer-anhaenger-kugeln-anhaengerkupplungen-traktoren-maehwagen-lkw-kuppl\/\" \/>\n<meta property=\"og:site_name\" content=\"Markt-XXL\" \/>\n<meta property=\"article:modified_time\" content=\"2023-04-10T02:01:21+00:00\" \/>\n<meta property=\"og:image\" content=\"https:\/\/m.media-amazon.com\/images\/I\/41T6D5WhSYL._SL500_.jpg\" \/>\n\t<meta property=\"og:image:width\" content=\"500\" \/>\n\t<meta property=\"og:image:height\" content=\"500\" \/>\n\t<meta property=\"og:image:type\" content=\"image\/jpeg\" \/>\n<meta name=\"twitter:card\" content=\"summary_large_image\" \/>\n<meta name=\"twitter:label1\" content=\"Gesch\u00e4tzte Lesezeit\" \/>\n\t<meta name=\"twitter:data1\" content=\"1\u00a0Minute\" \/>\n<script type=\"application\/ld+json\" class=\"yoast-schema-graph\">{\"@context\":\"https:\\\/\\\/schema.org\",\"@graph\":[{\"@type\":\"WebPage\",\"@id\":\"https:\\\/\\\/marktxxl.de\\\/markt\\\/produkt\\\/hao-pro-anhaengerkupplungsstifte-federstifte-federklammer-haarnadeln-6-groessen-starke-federspannung-dicker-stabiler-fuer-anhaenger-kugeln-anhaengerkupplungen-traktoren-maehwagen-lkw-kuppl\\\/\",\"url\":\"https:\\\/\\\/marktxxl.de\\\/markt\\\/produkt\\\/hao-pro-anhaengerkupplungsstifte-federstifte-federklammer-haarnadeln-6-groessen-starke-federspannung-dicker-stabiler-fuer-anhaenger-kugeln-anhaengerkupplungen-traktoren-maehwagen-lkw-kuppl\\\/\",\"name\":\"Hao Pro Anh\u00e4ngerkupplungsstifte, Federstifte, Federklammer, Haarnadeln, 6 Gr\u00f6\u00dfen, starke Federspannung, dicker, stabiler\u2026 - Markt-XXL\",\"isPartOf\":{\"@id\":\"https:\\\/\\\/marktxxl.de\\\/markt\\\/#website\"},\"primaryImageOfPage\":{\"@id\":\"https:\\\/\\\/marktxxl.de\\\/markt\\\/produkt\\\/hao-pro-anhaengerkupplungsstifte-federstifte-federklammer-haarnadeln-6-groessen-starke-federspannung-dicker-stabiler-fuer-anhaenger-kugeln-anhaengerkupplungen-traktoren-maehwagen-lkw-kuppl\\\/#primaryimage\"},\"image\":{\"@id\":\"https:\\\/\\\/marktxxl.de\\\/markt\\\/produkt\\\/hao-pro-anhaengerkupplungsstifte-federstifte-federklammer-haarnadeln-6-groessen-starke-federspannung-dicker-stabiler-fuer-anhaenger-kugeln-anhaengerkupplungen-traktoren-maehwagen-lkw-kuppl\\\/#primaryimage\"},\"thumbnailUrl\":\"https:\\\/\\\/m.media-amazon.com\\\/images\\\/I\\\/41T6D5WhSYL._SL500_.jpg\",\"datePublished\":\"2022-06-13T19:53:16+00:00\",\"dateModified\":\"2023-04-10T02:01:21+00:00\",\"description\":\"Markt-XXL Hao Pro Anh\u00e4ngerkupplungsstifte, Federstifte, Federklammer, Haarnadeln, 6 Gr\u00f6\u00dfen, starke Federspannung, dicker, stabiler\u2026\",\"breadcrumb\":{\"@id\":\"https:\\\/\\\/marktxxl.de\\\/markt\\\/produkt\\\/hao-pro-anhaengerkupplungsstifte-federstifte-federklammer-haarnadeln-6-groessen-starke-federspannung-dicker-stabiler-fuer-anhaenger-kugeln-anhaengerkupplungen-traktoren-maehwagen-lkw-kuppl\\\/#breadcrumb\"},\"inLanguage\":\"de\",\"potentialAction\":[{\"@type\":\"ReadAction\",\"target\":[\"https:\\\/\\\/marktxxl.de\\\/markt\\\/produkt\\\/hao-pro-anhaengerkupplungsstifte-federstifte-federklammer-haarnadeln-6-groessen-starke-federspannung-dicker-stabiler-fuer-anhaenger-kugeln-anhaengerkupplungen-traktoren-maehwagen-lkw-kuppl\\\/\"]}]},{\"@type\":\"ImageObject\",\"inLanguage\":\"de\",\"@id\":\"https:\\\/\\\/marktxxl.de\\\/markt\\\/produkt\\\/hao-pro-anhaengerkupplungsstifte-federstifte-federklammer-haarnadeln-6-groessen-starke-federspannung-dicker-stabiler-fuer-anhaenger-kugeln-anhaengerkupplungen-traktoren-maehwagen-lkw-kuppl\\\/#primaryimage\",\"url\":\"https:\\\/\\\/m.media-amazon.com\\\/images\\\/I\\\/41T6D5WhSYL._SL500_.jpg\",\"contentUrl\":\"https:\\\/\\\/m.media-amazon.com\\\/images\\\/I\\\/41T6D5WhSYL._SL500_.jpg\",\"width\":500,\"height\":500},{\"@type\":\"BreadcrumbList\",\"@id\":\"https:\\\/\\\/marktxxl.de\\\/markt\\\/produkt\\\/hao-pro-anhaengerkupplungsstifte-federstifte-federklammer-haarnadeln-6-groessen-starke-federspannung-dicker-stabiler-fuer-anhaenger-kugeln-anhaengerkupplungen-traktoren-maehwagen-lkw-kuppl\\\/#breadcrumb\",\"itemListElement\":[{\"@type\":\"ListItem\",\"position\":1,\"name\":\"Startseite\",\"item\":\"https:\\\/\\\/marktxxl.de\\\/markt\\\/\"},{\"@type\":\"ListItem\",\"position\":2,\"name\":\"Markt\",\"item\":\"https:\\\/\\\/marktxxl.de\\\/markt\\\/\"},{\"@type\":\"ListItem\",\"position\":3,\"name\":\"Hao Pro Anh\u00e4ngerkupplungsstifte, Federstifte, Federklammer, Haarnadeln, 6 Gr\u00f6\u00dfen, starke Federspannung, dicker, stabiler\u2026\"}]},{\"@type\":\"WebSite\",\"@id\":\"https:\\\/\\\/marktxxl.de\\\/markt\\\/#website\",\"url\":\"https:\\\/\\\/marktxxl.de\\\/markt\\\/\",\"name\":\"Markt-XXL\",\"description\":\"Ihr Markt Online\",\"publisher\":{\"@id\":\"https:\\\/\\\/marktxxl.de\\\/markt\\\/#organization\"},\"potentialAction\":[{\"@type\":\"SearchAction\",\"target\":{\"@type\":\"EntryPoint\",\"urlTemplate\":\"https:\\\/\\\/marktxxl.de\\\/markt\\\/?s={search_term_string}\"},\"query-input\":{\"@type\":\"PropertyValueSpecification\",\"valueRequired\":true,\"valueName\":\"search_term_string\"}}],\"inLanguage\":\"de\"},{\"@type\":\"Organization\",\"@id\":\"https:\\\/\\\/marktxxl.de\\\/markt\\\/#organization\",\"name\":\"Markt-XXL\",\"url\":\"https:\\\/\\\/marktxxl.de\\\/markt\\\/\",\"logo\":{\"@type\":\"ImageObject\",\"inLanguage\":\"de\",\"@id\":\"https:\\\/\\\/marktxxl.de\\\/markt\\\/#\\\/schema\\\/logo\\\/image\\\/\",\"url\":\"https:\\\/\\\/marktxxl.de\\\/markt\\\/wp-content\\\/uploads\\\/sites\\\/3\\\/2020\\\/12\\\/logo.png\",\"contentUrl\":\"https:\\\/\\\/marktxxl.de\\\/markt\\\/wp-content\\\/uploads\\\/sites\\\/3\\\/2020\\\/12\\\/logo.png\",\"width\":200,\"height\":70,\"caption\":\"Markt-XXL\"},\"image\":{\"@id\":\"https:\\\/\\\/marktxxl.de\\\/markt\\\/#\\\/schema\\\/logo\\\/image\\\/\"}}]}<\/script>\n<!-- \/ Yoast SEO plugin. -->","yoast_head_json":{"title":"Hao Pro Anh\u00e4ngerkupplungsstifte, Federstifte, Federklammer, Haarnadeln, 6 Gr\u00f6\u00dfen, starke Federspannung, dicker, stabiler\u2026 - Markt-XXL","description":"Markt-XXL Hao Pro Anh\u00e4ngerkupplungsstifte, Federstifte, Federklammer, Haarnadeln, 6 Gr\u00f6\u00dfen, starke Federspannung, dicker, stabiler\u2026","robots":{"index":"index","follow":"follow","max-snippet":"max-snippet:-1","max-image-preview":"max-image-preview:large","max-video-preview":"max-video-preview:-1"},"canonical":"https:\/\/marktxxl.de\/markt\/produkt\/hao-pro-anhaengerkupplungsstifte-federstifte-federklammer-haarnadeln-6-groessen-starke-federspannung-dicker-stabiler-fuer-anhaenger-kugeln-anhaengerkupplungen-traktoren-maehwagen-lkw-kuppl\/","og_locale":"de_DE","og_type":"article","og_title":"Hao Pro Anh\u00e4ngerkupplungsstifte, Federstifte, Federklammer, Haarnadeln, 6 Gr\u00f6\u00dfen, starke Federspannung, dicker, stabiler\u2026 - Markt-XXL","og_description":"Markt-XXL Hao Pro Anh\u00e4ngerkupplungsstifte, Federstifte, Federklammer, Haarnadeln, 6 Gr\u00f6\u00dfen, starke Federspannung, dicker, stabiler\u2026","og_url":"https:\/\/marktxxl.de\/markt\/produkt\/hao-pro-anhaengerkupplungsstifte-federstifte-federklammer-haarnadeln-6-groessen-starke-federspannung-dicker-stabiler-fuer-anhaenger-kugeln-anhaengerkupplungen-traktoren-maehwagen-lkw-kuppl\/","og_site_name":"Markt-XXL","article_modified_time":"2023-04-10T02:01:21+00:00","og_image":[{"width":500,"height":500,"url":"https:\/\/m.media-amazon.com\/images\/I\/41T6D5WhSYL._SL500_.jpg","type":"image\/jpeg"}],"twitter_card":"summary_large_image","twitter_misc":{"Gesch\u00e4tzte Lesezeit":"1\u00a0Minute"},"schema":{"@context":"https:\/\/schema.org","@graph":[{"@type":"WebPage","@id":"https:\/\/marktxxl.de\/markt\/produkt\/hao-pro-anhaengerkupplungsstifte-federstifte-federklammer-haarnadeln-6-groessen-starke-federspannung-dicker-stabiler-fuer-anhaenger-kugeln-anhaengerkupplungen-traktoren-maehwagen-lkw-kuppl\/","url":"https:\/\/marktxxl.de\/markt\/produkt\/hao-pro-anhaengerkupplungsstifte-federstifte-federklammer-haarnadeln-6-groessen-starke-federspannung-dicker-stabiler-fuer-anhaenger-kugeln-anhaengerkupplungen-traktoren-maehwagen-lkw-kuppl\/","name":"Hao Pro Anh\u00e4ngerkupplungsstifte, Federstifte, Federklammer, Haarnadeln, 6 Gr\u00f6\u00dfen, starke Federspannung, dicker, stabiler\u2026 - Markt-XXL","isPartOf":{"@id":"https:\/\/marktxxl.de\/markt\/#website"},"primaryImageOfPage":{"@id":"https:\/\/marktxxl.de\/markt\/produkt\/hao-pro-anhaengerkupplungsstifte-federstifte-federklammer-haarnadeln-6-groessen-starke-federspannung-dicker-stabiler-fuer-anhaenger-kugeln-anhaengerkupplungen-traktoren-maehwagen-lkw-kuppl\/#primaryimage"},"image":{"@id":"https:\/\/marktxxl.de\/markt\/produkt\/hao-pro-anhaengerkupplungsstifte-federstifte-federklammer-haarnadeln-6-groessen-starke-federspannung-dicker-stabiler-fuer-anhaenger-kugeln-anhaengerkupplungen-traktoren-maehwagen-lkw-kuppl\/#primaryimage"},"thumbnailUrl":"https:\/\/m.media-amazon.com\/images\/I\/41T6D5WhSYL._SL500_.jpg","datePublished":"2022-06-13T19:53:16+00:00","dateModified":"2023-04-10T02:01:21+00:00","description":"Markt-XXL Hao Pro Anh\u00e4ngerkupplungsstifte, Federstifte, Federklammer, Haarnadeln, 6 Gr\u00f6\u00dfen, starke Federspannung, dicker, stabiler\u2026","breadcrumb":{"@id":"https:\/\/marktxxl.de\/markt\/produkt\/hao-pro-anhaengerkupplungsstifte-federstifte-federklammer-haarnadeln-6-groessen-starke-federspannung-dicker-stabiler-fuer-anhaenger-kugeln-anhaengerkupplungen-traktoren-maehwagen-lkw-kuppl\/#breadcrumb"},"inLanguage":"de","potentialAction":[{"@type":"ReadAction","target":["https:\/\/marktxxl.de\/markt\/produkt\/hao-pro-anhaengerkupplungsstifte-federstifte-federklammer-haarnadeln-6-groessen-starke-federspannung-dicker-stabiler-fuer-anhaenger-kugeln-anhaengerkupplungen-traktoren-maehwagen-lkw-kuppl\/"]}]},{"@type":"ImageObject","inLanguage":"de","@id":"https:\/\/marktxxl.de\/markt\/produkt\/hao-pro-anhaengerkupplungsstifte-federstifte-federklammer-haarnadeln-6-groessen-starke-federspannung-dicker-stabiler-fuer-anhaenger-kugeln-anhaengerkupplungen-traktoren-maehwagen-lkw-kuppl\/#primaryimage","url":"https:\/\/m.media-amazon.com\/images\/I\/41T6D5WhSYL._SL500_.jpg","contentUrl":"https:\/\/m.media-amazon.com\/images\/I\/41T6D5WhSYL._SL500_.jpg","width":500,"height":500},{"@type":"BreadcrumbList","@id":"https:\/\/marktxxl.de\/markt\/produkt\/hao-pro-anhaengerkupplungsstifte-federstifte-federklammer-haarnadeln-6-groessen-starke-federspannung-dicker-stabiler-fuer-anhaenger-kugeln-anhaengerkupplungen-traktoren-maehwagen-lkw-kuppl\/#breadcrumb","itemListElement":[{"@type":"ListItem","position":1,"name":"Startseite","item":"https:\/\/marktxxl.de\/markt\/"},{"@type":"ListItem","position":2,"name":"Markt","item":"https:\/\/marktxxl.de\/markt\/"},{"@type":"ListItem","position":3,"name":"Hao Pro Anh\u00e4ngerkupplungsstifte, Federstifte, Federklammer, Haarnadeln, 6 Gr\u00f6\u00dfen, starke Federspannung, dicker, stabiler\u2026"}]},{"@type":"WebSite","@id":"https:\/\/marktxxl.de\/markt\/#website","url":"https:\/\/marktxxl.de\/markt\/","name":"Markt-XXL","description":"Ihr Markt Online","publisher":{"@id":"https:\/\/marktxxl.de\/markt\/#organization"},"potentialAction":[{"@type":"SearchAction","target":{"@type":"EntryPoint","urlTemplate":"https:\/\/marktxxl.de\/markt\/?s={search_term_string}"},"query-input":{"@type":"PropertyValueSpecification","valueRequired":true,"valueName":"search_term_string"}}],"inLanguage":"de"},{"@type":"Organization","@id":"https:\/\/marktxxl.de\/markt\/#organization","name":"Markt-XXL","url":"https:\/\/marktxxl.de\/markt\/","logo":{"@type":"ImageObject","inLanguage":"de","@id":"https:\/\/marktxxl.de\/markt\/#\/schema\/logo\/image\/","url":"https:\/\/marktxxl.de\/markt\/wp-content\/uploads\/sites\/3\/2020\/12\/logo.png","contentUrl":"https:\/\/marktxxl.de\/markt\/wp-content\/uploads\/sites\/3\/2020\/12\/logo.png","width":200,"height":70,"caption":"Markt-XXL"},"image":{"@id":"https:\/\/marktxxl.de\/markt\/#\/schema\/logo\/image\/"}}]}},"_links":{"self":[{"href":"https:\/\/marktxxl.de\/markt\/wp-json\/wp\/v2\/product\/126640","targetHints":{"allow":["GET"]}}],"collection":[{"href":"https:\/\/marktxxl.de\/markt\/wp-json\/wp\/v2\/product"}],"about":[{"href":"https:\/\/marktxxl.de\/markt\/wp-json\/wp\/v2\/types\/product"}],"replies":[{"embeddable":true,"href":"https:\/\/marktxxl.de\/markt\/wp-json\/wp\/v2\/comments?post=126640"}],"wp:featuredmedia":[{"embeddable":true,"href":"https:\/\/marktxxl.de\/markt\/wp-json\/wp\/v2\/media\/126641"}],"wp:attachment":[{"href":"https:\/\/marktxxl.de\/markt\/wp-json\/wp\/v2\/media?parent=126640"}],"wp:term":[{"taxonomy":"product_brand","embeddable":true,"href":"https:\/\/marktxxl.de\/markt\/wp-json\/wp\/v2\/product_brand?post=126640"},{"taxonomy":"product_cat","embeddable":true,"href":"https:\/\/marktxxl.de\/markt\/wp-json\/wp\/v2\/product_cat?post=126640"},{"taxonomy":"product_tag","embeddable":true,"href":"https:\/\/marktxxl.de\/markt\/wp-json\/wp\/v2\/product_tag?post=126640"}],"curies":[{"name":"wp","href":"https:\/\/api.w.org\/{rel}","templated":true}]}}