{"id":126368,"date":"2022-06-13T21:07:56","date_gmt":"2022-06-13T19:07:56","guid":{"rendered":"https:\/\/marktxxl.de\/markt\/produkt\/my-little-step-stool-fuchs-fuer-kleinkinder-anti-rutsch-oberflaeche-toiletten-training-fuer-kinder-ideal-um-toilette-und-waschbecken-zu-erreichen\/"},"modified":"2023-04-10T04:01:14","modified_gmt":"2023-04-10T02:01:14","slug":"my-little-step-stool-fuchs-fuer-kleinkinder-anti-rutsch-oberflaeche-toiletten-training-fuer-kinder-ideal-um-toilette-und-waschbecken-zu-erreichen","status":"publish","type":"product","link":"https:\/\/marktxxl.de\/markt\/produkt\/my-little-step-stool-fuchs-fuer-kleinkinder-anti-rutsch-oberflaeche-toiletten-training-fuer-kinder-ideal-um-toilette-und-waschbecken-zu-erreichen\/","title":{"rendered":"My Little Step Stool &#8211; Fuchs f\u00fcr Kleinkinder, Anti-Rutsch-Oberfl\u00e4che, Toiletten-Training f\u00fcr Kinder, Ideal um Toilette\u2026"},"content":{"rendered":"<p>HILFT BEIM TOILETTEN-TRAINING: Der Tritthocker hilft Kleinkindern, sowohl die Toilette als auch das Waschbecken leicht und voneinander unabh\u00e4ngig zu erreichen. Dadurch werden sie ermutigt, die Toilette zu benutzen, ihre H\u00e4nde zu waschen und ihre Z\u00e4hne zu putzen.<br \/>\nKORRIGIERT DIE HALTUNG: Mit dem Tritthocker gehen die Kleinen ganz nat\u00fcrlich in die optimale Kniebeugen-Position, um ihr gro\u00dfes Gesch\u00e4ft zu verrichten &#8211; mit leicht angehobenen Beinen, weil die F\u00fc\u00dfe auf dem Hocker stehen. Dies eignet sich bei Kindern hervorragend zur Vorbeugung und Bek\u00e4mpfung von Verstopfungen.<br \/>\nKINDER LIEBEN ES: Farbenfrohes, kinderfreundliches Marienk\u00e4fer-Design, das Ihren Kleinen garantiert gefallen wird. Die niedliche Tierfigur erweckt das Badezimmer zum Leben und ermutig Ihr Kind, den Hocker zu benutzen. My Little Step Stool, My Little Trainer Seat und und My Carry Potty sind in aufeinander abgestimmten Designs erh\u00e4ltlich<br \/>\nSICHER UND SAUBER: Verhindert Unf\u00e4lle, die entstehen k\u00f6nnen, wenn das Kind versucht, Toilette oder Waschbecken ohne Hocker zu erreichen. Er verf\u00fcgt \u00fcber einen rutschfesten Gummi auf der Oberseite sowie rutschfeste Gummif\u00fc\u00dfe. So k\u00f6nnen Kinder sicher auf dem Tritthocker stehen. Er besteht aus 100 % recyclebarem Kunststoff und ist leicht zu reinigen.<br \/>\nVON P\u00c4DAGOGEN ENTWICKELT: Der My Little Step Stool wurde von Amanda Jenner entworfen &#8211; der britischen Expertin und Buchautorin f\u00fcr T\u00f6pfchen-Training. Jenner wurde 2018 und 2020 beim &#8220;Mother &amp; Baby Award&#8221; f\u00fcr ihre Erfindung, den mobilen Kinder-Toilettensitz My Carry Potty mit Gold geehrt.<br \/>\n<div class=\"main-cross-sell\" data-asin=\"B07PRLCCCR\">\n\n\t<div class=\"WooZone-cross-sell-loader\">\n\t\t<div>\n\t\t\t<div id=\"floatingBarsG\">\n\t\t\t\t<div class=\"blockG\" id=\"rotateG_01\"><\/div>\n\t\t\t\t<div class=\"blockG\" id=\"rotateG_02\"><\/div>\n\t\t\t\t<div class=\"blockG\" id=\"rotateG_03\"><\/div>\n\t\t\t\t<div class=\"blockG\" id=\"rotateG_04\"><\/div>\n\t\t\t\t<div class=\"blockG\" id=\"rotateG_05\"><\/div>\n\t\t\t\t<div class=\"blockG\" id=\"rotateG_06\"><\/div>\n\t\t\t\t<div class=\"blockG\" id=\"rotateG_07\"><\/div>\n\t\t\t\t<div class=\"blockG\" id=\"rotateG_08\"><\/div>\n\t\t\t<\/div>\n\t\t\t<div class=\"WooZone-cross-sell-loader-text\"><\/div>\n\t\t<\/div>\n\t<\/div>\n\n\t\t\n<\/div>\n<div style=\"clear:both;\"><\/div><\/p>\n","protected":false},"excerpt":{"rendered":"<p>HILFT BEIM TOILETTEN-TRAINING: Der Tritthocker hilft Kleinkindern, sowohl die Toilette als auch das Waschbecken leicht und voneinander unabh\u00e4ngig zu erreichen. Dadurch werden sie ermutigt, die Toilette zu benutzen, ihre H\u00e4nde zu waschen und ihre Z\u00e4hne zu putzen.<br \/>\nKORRIGIERT DIE HALTUNG: Mit dem Tritthocker gehen die Kleinen ganz nat\u00fcrlich in die optimale Kniebeugen-Position, um ihr gro\u00dfes Gesch\u00e4ft zu verrichten &#8211; mit leicht angehobenen Beinen, weil die F\u00fc\u00dfe auf dem Hocker stehen. Dies eignet sich bei Kindern hervorragend zur Vorbeugung und Bek\u00e4mpfung von Verstopfungen.<br \/>\nKINDER LIEBEN ES: Farbenfrohes, kinderfreundliches Marienk\u00e4fer-Design, das Ihren Kleinen garantiert gefallen wird. Die niedliche Tierfigur erweckt das Badezimmer zum Leben und ermutig Ihr Kind, den Hocker zu benutzen. My Little Step Stool, My Little Trainer Seat und und My Carry Potty sind in aufeinander abgestimmten Designs erh\u00e4ltlich<\/p>\n","protected":false},"featured_media":126369,"comment_status":"open","ping_status":"closed","template":"","meta":[],"product_brand":[],"product_cat":[21,9437],"product_tag":[],"class_list":{"0":"post-126368","1":"product","2":"type-product","3":"status-publish","4":"has-post-thumbnail","6":"product_cat-baby","7":"product_cat-toepfchen-trittschemel-baby","8":"pa_binding-babyartikel","9":"pa_brand-my-carry-potty","10":"pa_color-fuchs","11":"pa_height-5-74802-zoll","12":"pa_length-10-31494-zoll","13":"pa_manufacturer-pws-europe-uk-account","14":"pa_model-mlst-fox","15":"pa_weight-1-0912881969-pfund","16":"pa_width-15-27556-zoll","18":"first","19":"instock","20":"shipping-taxable","21":"purchasable","22":"product-type-simple","23":"customify-col","24":"product-has-gallery"},"yoast_head":"<!-- This site is optimized with the Yoast SEO plugin v27.4 - https:\/\/yoast.com\/product\/yoast-seo-wordpress\/ -->\n<title>My Little Step Stool - Fuchs f\u00fcr Kleinkinder, Anti-Rutsch-Oberfl\u00e4che, Toiletten-Training f\u00fcr Kinder, Ideal um Toilette\u2026 - Markt-XXL<\/title>\n<meta name=\"description\" content=\"Markt-XXL My Little Step Stool - Fuchs f\u00fcr Kleinkinder, Anti-Rutsch-Oberfl\u00e4che, Toiletten-Training f\u00fcr Kinder, Ideal um Toilette\u2026\" \/>\n<meta name=\"robots\" content=\"index, follow, max-snippet:-1, max-image-preview:large, max-video-preview:-1\" \/>\n<link rel=\"canonical\" href=\"https:\/\/marktxxl.de\/markt\/produkt\/my-little-step-stool-fuchs-fuer-kleinkinder-anti-rutsch-oberflaeche-toiletten-training-fuer-kinder-ideal-um-toilette-und-waschbecken-zu-erreichen\/\" \/>\n<meta property=\"og:locale\" content=\"de_DE\" \/>\n<meta property=\"og:type\" content=\"article\" \/>\n<meta property=\"og:title\" content=\"My Little Step Stool - Fuchs f\u00fcr Kleinkinder, Anti-Rutsch-Oberfl\u00e4che, Toiletten-Training f\u00fcr Kinder, Ideal um Toilette\u2026 - Markt-XXL\" \/>\n<meta property=\"og:description\" content=\"Markt-XXL My Little Step Stool - Fuchs f\u00fcr Kleinkinder, Anti-Rutsch-Oberfl\u00e4che, Toiletten-Training f\u00fcr Kinder, Ideal um Toilette\u2026\" \/>\n<meta property=\"og:url\" content=\"https:\/\/marktxxl.de\/markt\/produkt\/my-little-step-stool-fuchs-fuer-kleinkinder-anti-rutsch-oberflaeche-toiletten-training-fuer-kinder-ideal-um-toilette-und-waschbecken-zu-erreichen\/\" \/>\n<meta property=\"og:site_name\" content=\"Markt-XXL\" \/>\n<meta property=\"article:modified_time\" content=\"2023-04-10T02:01:14+00:00\" \/>\n<meta property=\"og:image\" content=\"https:\/\/m.media-amazon.com\/images\/I\/415a+i48hJL._SL500_.jpg\" \/>\n\t<meta property=\"og:image:width\" content=\"500\" \/>\n\t<meta property=\"og:image:height\" content=\"500\" \/>\n\t<meta property=\"og:image:type\" content=\"image\/jpeg\" \/>\n<meta name=\"twitter:card\" content=\"summary_large_image\" \/>\n<meta name=\"twitter:label1\" content=\"Gesch\u00e4tzte Lesezeit\" \/>\n\t<meta name=\"twitter:data1\" content=\"1\u00a0Minute\" \/>\n<script type=\"application\/ld+json\" class=\"yoast-schema-graph\">{\"@context\":\"https:\\\/\\\/schema.org\",\"@graph\":[{\"@type\":\"WebPage\",\"@id\":\"https:\\\/\\\/marktxxl.de\\\/markt\\\/produkt\\\/my-little-step-stool-fuchs-fuer-kleinkinder-anti-rutsch-oberflaeche-toiletten-training-fuer-kinder-ideal-um-toilette-und-waschbecken-zu-erreichen\\\/\",\"url\":\"https:\\\/\\\/marktxxl.de\\\/markt\\\/produkt\\\/my-little-step-stool-fuchs-fuer-kleinkinder-anti-rutsch-oberflaeche-toiletten-training-fuer-kinder-ideal-um-toilette-und-waschbecken-zu-erreichen\\\/\",\"name\":\"My Little Step Stool - Fuchs f\u00fcr Kleinkinder, Anti-Rutsch-Oberfl\u00e4che, Toiletten-Training f\u00fcr Kinder, Ideal um Toilette\u2026 - Markt-XXL\",\"isPartOf\":{\"@id\":\"https:\\\/\\\/marktxxl.de\\\/markt\\\/#website\"},\"primaryImageOfPage\":{\"@id\":\"https:\\\/\\\/marktxxl.de\\\/markt\\\/produkt\\\/my-little-step-stool-fuchs-fuer-kleinkinder-anti-rutsch-oberflaeche-toiletten-training-fuer-kinder-ideal-um-toilette-und-waschbecken-zu-erreichen\\\/#primaryimage\"},\"image\":{\"@id\":\"https:\\\/\\\/marktxxl.de\\\/markt\\\/produkt\\\/my-little-step-stool-fuchs-fuer-kleinkinder-anti-rutsch-oberflaeche-toiletten-training-fuer-kinder-ideal-um-toilette-und-waschbecken-zu-erreichen\\\/#primaryimage\"},\"thumbnailUrl\":\"https:\\\/\\\/m.media-amazon.com\\\/images\\\/I\\\/415a+i48hJL._SL500_.jpg\",\"datePublished\":\"2022-06-13T19:07:56+00:00\",\"dateModified\":\"2023-04-10T02:01:14+00:00\",\"description\":\"Markt-XXL My Little Step Stool - Fuchs f\u00fcr Kleinkinder, Anti-Rutsch-Oberfl\u00e4che, Toiletten-Training f\u00fcr Kinder, Ideal um Toilette\u2026\",\"breadcrumb\":{\"@id\":\"https:\\\/\\\/marktxxl.de\\\/markt\\\/produkt\\\/my-little-step-stool-fuchs-fuer-kleinkinder-anti-rutsch-oberflaeche-toiletten-training-fuer-kinder-ideal-um-toilette-und-waschbecken-zu-erreichen\\\/#breadcrumb\"},\"inLanguage\":\"de\",\"potentialAction\":[{\"@type\":\"ReadAction\",\"target\":[\"https:\\\/\\\/marktxxl.de\\\/markt\\\/produkt\\\/my-little-step-stool-fuchs-fuer-kleinkinder-anti-rutsch-oberflaeche-toiletten-training-fuer-kinder-ideal-um-toilette-und-waschbecken-zu-erreichen\\\/\"]}]},{\"@type\":\"ImageObject\",\"inLanguage\":\"de\",\"@id\":\"https:\\\/\\\/marktxxl.de\\\/markt\\\/produkt\\\/my-little-step-stool-fuchs-fuer-kleinkinder-anti-rutsch-oberflaeche-toiletten-training-fuer-kinder-ideal-um-toilette-und-waschbecken-zu-erreichen\\\/#primaryimage\",\"url\":\"https:\\\/\\\/m.media-amazon.com\\\/images\\\/I\\\/415a+i48hJL._SL500_.jpg\",\"contentUrl\":\"https:\\\/\\\/m.media-amazon.com\\\/images\\\/I\\\/415a+i48hJL._SL500_.jpg\",\"width\":500,\"height\":500},{\"@type\":\"BreadcrumbList\",\"@id\":\"https:\\\/\\\/marktxxl.de\\\/markt\\\/produkt\\\/my-little-step-stool-fuchs-fuer-kleinkinder-anti-rutsch-oberflaeche-toiletten-training-fuer-kinder-ideal-um-toilette-und-waschbecken-zu-erreichen\\\/#breadcrumb\",\"itemListElement\":[{\"@type\":\"ListItem\",\"position\":1,\"name\":\"Startseite\",\"item\":\"https:\\\/\\\/marktxxl.de\\\/markt\\\/\"},{\"@type\":\"ListItem\",\"position\":2,\"name\":\"Markt\",\"item\":\"https:\\\/\\\/marktxxl.de\\\/markt\\\/\"},{\"@type\":\"ListItem\",\"position\":3,\"name\":\"My Little Step Stool &#8211; Fuchs f\u00fcr Kleinkinder, Anti-Rutsch-Oberfl\u00e4che, Toiletten-Training f\u00fcr Kinder, Ideal um Toilette\u2026\"}]},{\"@type\":\"WebSite\",\"@id\":\"https:\\\/\\\/marktxxl.de\\\/markt\\\/#website\",\"url\":\"https:\\\/\\\/marktxxl.de\\\/markt\\\/\",\"name\":\"Markt-XXL\",\"description\":\"Ihr Markt Online\",\"publisher\":{\"@id\":\"https:\\\/\\\/marktxxl.de\\\/markt\\\/#organization\"},\"potentialAction\":[{\"@type\":\"SearchAction\",\"target\":{\"@type\":\"EntryPoint\",\"urlTemplate\":\"https:\\\/\\\/marktxxl.de\\\/markt\\\/?s={search_term_string}\"},\"query-input\":{\"@type\":\"PropertyValueSpecification\",\"valueRequired\":true,\"valueName\":\"search_term_string\"}}],\"inLanguage\":\"de\"},{\"@type\":\"Organization\",\"@id\":\"https:\\\/\\\/marktxxl.de\\\/markt\\\/#organization\",\"name\":\"Markt-XXL\",\"url\":\"https:\\\/\\\/marktxxl.de\\\/markt\\\/\",\"logo\":{\"@type\":\"ImageObject\",\"inLanguage\":\"de\",\"@id\":\"https:\\\/\\\/marktxxl.de\\\/markt\\\/#\\\/schema\\\/logo\\\/image\\\/\",\"url\":\"https:\\\/\\\/marktxxl.de\\\/markt\\\/wp-content\\\/uploads\\\/sites\\\/3\\\/2020\\\/12\\\/logo.png\",\"contentUrl\":\"https:\\\/\\\/marktxxl.de\\\/markt\\\/wp-content\\\/uploads\\\/sites\\\/3\\\/2020\\\/12\\\/logo.png\",\"width\":200,\"height\":70,\"caption\":\"Markt-XXL\"},\"image\":{\"@id\":\"https:\\\/\\\/marktxxl.de\\\/markt\\\/#\\\/schema\\\/logo\\\/image\\\/\"}}]}<\/script>\n<!-- \/ Yoast SEO plugin. -->","yoast_head_json":{"title":"My Little Step Stool - Fuchs f\u00fcr Kleinkinder, Anti-Rutsch-Oberfl\u00e4che, Toiletten-Training f\u00fcr Kinder, Ideal um Toilette\u2026 - Markt-XXL","description":"Markt-XXL My Little Step Stool - Fuchs f\u00fcr Kleinkinder, Anti-Rutsch-Oberfl\u00e4che, Toiletten-Training f\u00fcr Kinder, Ideal um Toilette\u2026","robots":{"index":"index","follow":"follow","max-snippet":"max-snippet:-1","max-image-preview":"max-image-preview:large","max-video-preview":"max-video-preview:-1"},"canonical":"https:\/\/marktxxl.de\/markt\/produkt\/my-little-step-stool-fuchs-fuer-kleinkinder-anti-rutsch-oberflaeche-toiletten-training-fuer-kinder-ideal-um-toilette-und-waschbecken-zu-erreichen\/","og_locale":"de_DE","og_type":"article","og_title":"My Little Step Stool - Fuchs f\u00fcr Kleinkinder, Anti-Rutsch-Oberfl\u00e4che, Toiletten-Training f\u00fcr Kinder, Ideal um Toilette\u2026 - Markt-XXL","og_description":"Markt-XXL My Little Step Stool - Fuchs f\u00fcr Kleinkinder, Anti-Rutsch-Oberfl\u00e4che, Toiletten-Training f\u00fcr Kinder, Ideal um Toilette\u2026","og_url":"https:\/\/marktxxl.de\/markt\/produkt\/my-little-step-stool-fuchs-fuer-kleinkinder-anti-rutsch-oberflaeche-toiletten-training-fuer-kinder-ideal-um-toilette-und-waschbecken-zu-erreichen\/","og_site_name":"Markt-XXL","article_modified_time":"2023-04-10T02:01:14+00:00","og_image":[{"width":500,"height":500,"url":"https:\/\/m.media-amazon.com\/images\/I\/415a+i48hJL._SL500_.jpg","type":"image\/jpeg"}],"twitter_card":"summary_large_image","twitter_misc":{"Gesch\u00e4tzte Lesezeit":"1\u00a0Minute"},"schema":{"@context":"https:\/\/schema.org","@graph":[{"@type":"WebPage","@id":"https:\/\/marktxxl.de\/markt\/produkt\/my-little-step-stool-fuchs-fuer-kleinkinder-anti-rutsch-oberflaeche-toiletten-training-fuer-kinder-ideal-um-toilette-und-waschbecken-zu-erreichen\/","url":"https:\/\/marktxxl.de\/markt\/produkt\/my-little-step-stool-fuchs-fuer-kleinkinder-anti-rutsch-oberflaeche-toiletten-training-fuer-kinder-ideal-um-toilette-und-waschbecken-zu-erreichen\/","name":"My Little Step Stool - Fuchs f\u00fcr Kleinkinder, Anti-Rutsch-Oberfl\u00e4che, Toiletten-Training f\u00fcr Kinder, Ideal um Toilette\u2026 - Markt-XXL","isPartOf":{"@id":"https:\/\/marktxxl.de\/markt\/#website"},"primaryImageOfPage":{"@id":"https:\/\/marktxxl.de\/markt\/produkt\/my-little-step-stool-fuchs-fuer-kleinkinder-anti-rutsch-oberflaeche-toiletten-training-fuer-kinder-ideal-um-toilette-und-waschbecken-zu-erreichen\/#primaryimage"},"image":{"@id":"https:\/\/marktxxl.de\/markt\/produkt\/my-little-step-stool-fuchs-fuer-kleinkinder-anti-rutsch-oberflaeche-toiletten-training-fuer-kinder-ideal-um-toilette-und-waschbecken-zu-erreichen\/#primaryimage"},"thumbnailUrl":"https:\/\/m.media-amazon.com\/images\/I\/415a+i48hJL._SL500_.jpg","datePublished":"2022-06-13T19:07:56+00:00","dateModified":"2023-04-10T02:01:14+00:00","description":"Markt-XXL My Little Step Stool - Fuchs f\u00fcr Kleinkinder, Anti-Rutsch-Oberfl\u00e4che, Toiletten-Training f\u00fcr Kinder, Ideal um Toilette\u2026","breadcrumb":{"@id":"https:\/\/marktxxl.de\/markt\/produkt\/my-little-step-stool-fuchs-fuer-kleinkinder-anti-rutsch-oberflaeche-toiletten-training-fuer-kinder-ideal-um-toilette-und-waschbecken-zu-erreichen\/#breadcrumb"},"inLanguage":"de","potentialAction":[{"@type":"ReadAction","target":["https:\/\/marktxxl.de\/markt\/produkt\/my-little-step-stool-fuchs-fuer-kleinkinder-anti-rutsch-oberflaeche-toiletten-training-fuer-kinder-ideal-um-toilette-und-waschbecken-zu-erreichen\/"]}]},{"@type":"ImageObject","inLanguage":"de","@id":"https:\/\/marktxxl.de\/markt\/produkt\/my-little-step-stool-fuchs-fuer-kleinkinder-anti-rutsch-oberflaeche-toiletten-training-fuer-kinder-ideal-um-toilette-und-waschbecken-zu-erreichen\/#primaryimage","url":"https:\/\/m.media-amazon.com\/images\/I\/415a+i48hJL._SL500_.jpg","contentUrl":"https:\/\/m.media-amazon.com\/images\/I\/415a+i48hJL._SL500_.jpg","width":500,"height":500},{"@type":"BreadcrumbList","@id":"https:\/\/marktxxl.de\/markt\/produkt\/my-little-step-stool-fuchs-fuer-kleinkinder-anti-rutsch-oberflaeche-toiletten-training-fuer-kinder-ideal-um-toilette-und-waschbecken-zu-erreichen\/#breadcrumb","itemListElement":[{"@type":"ListItem","position":1,"name":"Startseite","item":"https:\/\/marktxxl.de\/markt\/"},{"@type":"ListItem","position":2,"name":"Markt","item":"https:\/\/marktxxl.de\/markt\/"},{"@type":"ListItem","position":3,"name":"My Little Step Stool &#8211; Fuchs f\u00fcr Kleinkinder, Anti-Rutsch-Oberfl\u00e4che, Toiletten-Training f\u00fcr Kinder, Ideal um Toilette\u2026"}]},{"@type":"WebSite","@id":"https:\/\/marktxxl.de\/markt\/#website","url":"https:\/\/marktxxl.de\/markt\/","name":"Markt-XXL","description":"Ihr Markt Online","publisher":{"@id":"https:\/\/marktxxl.de\/markt\/#organization"},"potentialAction":[{"@type":"SearchAction","target":{"@type":"EntryPoint","urlTemplate":"https:\/\/marktxxl.de\/markt\/?s={search_term_string}"},"query-input":{"@type":"PropertyValueSpecification","valueRequired":true,"valueName":"search_term_string"}}],"inLanguage":"de"},{"@type":"Organization","@id":"https:\/\/marktxxl.de\/markt\/#organization","name":"Markt-XXL","url":"https:\/\/marktxxl.de\/markt\/","logo":{"@type":"ImageObject","inLanguage":"de","@id":"https:\/\/marktxxl.de\/markt\/#\/schema\/logo\/image\/","url":"https:\/\/marktxxl.de\/markt\/wp-content\/uploads\/sites\/3\/2020\/12\/logo.png","contentUrl":"https:\/\/marktxxl.de\/markt\/wp-content\/uploads\/sites\/3\/2020\/12\/logo.png","width":200,"height":70,"caption":"Markt-XXL"},"image":{"@id":"https:\/\/marktxxl.de\/markt\/#\/schema\/logo\/image\/"}}]}},"_links":{"self":[{"href":"https:\/\/marktxxl.de\/markt\/wp-json\/wp\/v2\/product\/126368","targetHints":{"allow":["GET"]}}],"collection":[{"href":"https:\/\/marktxxl.de\/markt\/wp-json\/wp\/v2\/product"}],"about":[{"href":"https:\/\/marktxxl.de\/markt\/wp-json\/wp\/v2\/types\/product"}],"replies":[{"embeddable":true,"href":"https:\/\/marktxxl.de\/markt\/wp-json\/wp\/v2\/comments?post=126368"}],"wp:featuredmedia":[{"embeddable":true,"href":"https:\/\/marktxxl.de\/markt\/wp-json\/wp\/v2\/media\/126369"}],"wp:attachment":[{"href":"https:\/\/marktxxl.de\/markt\/wp-json\/wp\/v2\/media?parent=126368"}],"wp:term":[{"taxonomy":"product_brand","embeddable":true,"href":"https:\/\/marktxxl.de\/markt\/wp-json\/wp\/v2\/product_brand?post=126368"},{"taxonomy":"product_cat","embeddable":true,"href":"https:\/\/marktxxl.de\/markt\/wp-json\/wp\/v2\/product_cat?post=126368"},{"taxonomy":"product_tag","embeddable":true,"href":"https:\/\/marktxxl.de\/markt\/wp-json\/wp\/v2\/product_tag?post=126368"}],"curies":[{"name":"wp","href":"https:\/\/api.w.org\/{rel}","templated":true}]}}