{"id":126351,"date":"2022-06-13T21:07:41","date_gmt":"2022-06-13T19:07:41","guid":{"rendered":"https:\/\/marktxxl.de\/markt\/produkt\/lzq-toilettensitz-kinder-mit-treppe-fuer-1-7-jaehrige\/"},"modified":"2023-04-10T04:01:14","modified_gmt":"2023-04-10T02:01:14","slug":"lzq-toilettensitz-kinder-mit-treppe-fuer-1-7-jaehrige","status":"publish","type":"product","link":"https:\/\/marktxxl.de\/markt\/produkt\/lzq-toilettensitz-kinder-mit-treppe-fuer-1-7-jaehrige\/","title":{"rendered":"LZQ Toilettensitz Kinder mit treppe f\u00fcr 1-7 j\u00e4hrige, T\u00f6pfchentrainer mit PU Kissen und Griffen, Toiletten-Trainer\u2026"},"content":{"rendered":"<p>Alles f\u00fcr den sicheren Gebrauch: Rutschfeste Polster an der Unterseite f\u00fcr Sicherheit, breiter Schritt f\u00fcr sicheres Klettern, gepolstertes Polster f\u00fcr Komfort. Mit beidseitigen Handl\u00e4ufen, herausnehmbarem Kissen und h\u00f6henverstellbarer Fu\u00dfst\u00fctze, geeignet f\u00fcr Toiletten mit unterschiedlichen H\u00f6hen.<br \/>\nHergestellt aus hochwertigem Material: PP + PU+ Schwamm + PVC, ungiftig und lange Lebensdauer.<br \/>\nKlappbar Design: Nach dem Aufbau kann der Leitersitz leicht und sicher auf der Toilette platziert und nach dem Gebrauch zusammengeklappt werden, wobei er wenig Platz einnimmt, wenn er an die Wand gelehnt wird.<br \/>\nVerstellbar: Beide F\u00fc\u00dfe passen sich dem Boden automatisch und stabil an und sind rutschfest. Der T\u00f6pfchensitz passt perfekt zu 95% der auf dem Markt erh\u00e4ltlichen Toilettentypen (Typ U, Typ V und Typ O). Wenn Ihre Toilette vom Typ U ist, ist es besser, Ihre Toilette gem\u00e4\u00df den Messspezifikationen in den Produktbildern zu messen. Je nach Gr\u00f6\u00dfe des Kindes k\u00f6nnen Sie zwischen zwei Pedalh\u00f6hen w\u00e4hlen, um den Komfort Ihres Kindes zu gew\u00e4hrleisten. F\u00fcr Toiletten 38 &#8211; 42 cm geeignet.<br \/>\nDieser Kinder-T\u00f6pfchentrainer kann sich an jede Stufe des Toiletten-Trainings Ihres Kindes anpassen, so dass er lernen kann, die Toilette selbstst\u00e4ndig zu benutzen. Damit kultivieren Sie die Gewohnheiten der Kinder von unabh\u00e4ngigen Toiletten.<br \/>\n<div class=\"main-cross-sell\" data-asin=\"B097D1K48Z\">\n\n\t<div class=\"WooZone-cross-sell-loader\">\n\t\t<div>\n\t\t\t<div id=\"floatingBarsG\">\n\t\t\t\t<div class=\"blockG\" id=\"rotateG_01\"><\/div>\n\t\t\t\t<div class=\"blockG\" id=\"rotateG_02\"><\/div>\n\t\t\t\t<div class=\"blockG\" id=\"rotateG_03\"><\/div>\n\t\t\t\t<div class=\"blockG\" id=\"rotateG_04\"><\/div>\n\t\t\t\t<div class=\"blockG\" id=\"rotateG_05\"><\/div>\n\t\t\t\t<div class=\"blockG\" id=\"rotateG_06\"><\/div>\n\t\t\t\t<div class=\"blockG\" id=\"rotateG_07\"><\/div>\n\t\t\t\t<div class=\"blockG\" id=\"rotateG_08\"><\/div>\n\t\t\t<\/div>\n\t\t\t<div class=\"WooZone-cross-sell-loader-text\"><\/div>\n\t\t<\/div>\n\t<\/div>\n\n\t\t\n<\/div>\n<div style=\"clear:both;\"><\/div><\/p>\n","protected":false},"excerpt":{"rendered":"<p>Alles f\u00fcr den sicheren Gebrauch: Rutschfeste Polster an der Unterseite f\u00fcr Sicherheit, breiter Schritt f\u00fcr sicheres Klettern, gepolstertes Polster f\u00fcr Komfort. Mit beidseitigen Handl\u00e4ufen, herausnehmbarem Kissen und h\u00f6henverstellbarer Fu\u00dfst\u00fctze, geeignet f\u00fcr Toiletten mit unterschiedlichen H\u00f6hen.<br \/>\nHergestellt aus hochwertigem Material: PP + PU+ Schwamm + PVC, ungiftig und lange Lebensdauer.<br \/>\nKlappbar Design: Nach dem Aufbau kann der Leitersitz leicht und sicher auf der Toilette platziert und nach dem Gebrauch zusammengeklappt werden, wobei er wenig Platz einnimmt, wenn er an die Wand gelehnt wird.<\/p>\n","protected":false},"featured_media":126352,"comment_status":"open","ping_status":"closed","template":"","meta":[],"product_brand":[],"product_cat":[21,9437],"product_tag":[],"class_list":{"0":"post-126351","1":"product","2":"type-product","3":"status-publish","4":"has-post-thumbnail","6":"product_cat-baby","7":"product_cat-toepfchen-trittschemel-baby","8":"pa_brand-lzq","9":"pa_manufacturer-lzq","11":"first","12":"instock","13":"shipping-taxable","14":"purchasable","15":"product-type-simple","16":"customify-col","17":"product-has-gallery"},"yoast_head":"<!-- This site is optimized with the Yoast SEO plugin v27.3 - https:\/\/yoast.com\/product\/yoast-seo-wordpress\/ -->\n<title>LZQ Toilettensitz Kinder mit treppe f\u00fcr 1-7 j\u00e4hrige, T\u00f6pfchentrainer mit PU Kissen und Griffen, Toiletten-Trainer\u2026 - Markt-XXL<\/title>\n<meta name=\"description\" content=\"Markt-XXL LZQ Toilettensitz Kinder mit treppe f\u00fcr 1-7 j\u00e4hrige, T\u00f6pfchentrainer mit PU Kissen und Griffen, Toiletten-Trainer\u2026\" \/>\n<meta name=\"robots\" content=\"index, follow, max-snippet:-1, max-image-preview:large, max-video-preview:-1\" \/>\n<link rel=\"canonical\" href=\"https:\/\/marktxxl.de\/markt\/produkt\/lzq-toilettensitz-kinder-mit-treppe-fuer-1-7-jaehrige\/\" \/>\n<meta property=\"og:locale\" content=\"de_DE\" \/>\n<meta property=\"og:type\" content=\"article\" \/>\n<meta property=\"og:title\" content=\"LZQ Toilettensitz Kinder mit treppe f\u00fcr 1-7 j\u00e4hrige, T\u00f6pfchentrainer mit PU Kissen und Griffen, Toiletten-Trainer\u2026 - Markt-XXL\" \/>\n<meta property=\"og:description\" content=\"Markt-XXL LZQ Toilettensitz Kinder mit treppe f\u00fcr 1-7 j\u00e4hrige, T\u00f6pfchentrainer mit PU Kissen und Griffen, Toiletten-Trainer\u2026\" \/>\n<meta property=\"og:url\" content=\"https:\/\/marktxxl.de\/markt\/produkt\/lzq-toilettensitz-kinder-mit-treppe-fuer-1-7-jaehrige\/\" \/>\n<meta property=\"og:site_name\" content=\"Markt-XXL\" \/>\n<meta property=\"article:modified_time\" content=\"2023-04-10T02:01:14+00:00\" \/>\n<meta property=\"og:image\" content=\"https:\/\/m.media-amazon.com\/images\/I\/41UVtctl1IS._SL500_.jpg\" \/>\n\t<meta property=\"og:image:width\" content=\"500\" \/>\n\t<meta property=\"og:image:height\" content=\"500\" \/>\n\t<meta property=\"og:image:type\" content=\"image\/jpeg\" \/>\n<meta name=\"twitter:card\" content=\"summary_large_image\" \/>\n<meta name=\"twitter:label1\" content=\"Gesch\u00e4tzte Lesezeit\" \/>\n\t<meta name=\"twitter:data1\" content=\"1\u00a0Minute\" \/>\n<script type=\"application\/ld+json\" class=\"yoast-schema-graph\">{\"@context\":\"https:\\\/\\\/schema.org\",\"@graph\":[{\"@type\":\"WebPage\",\"@id\":\"https:\\\/\\\/marktxxl.de\\\/markt\\\/produkt\\\/lzq-toilettensitz-kinder-mit-treppe-fuer-1-7-jaehrige\\\/\",\"url\":\"https:\\\/\\\/marktxxl.de\\\/markt\\\/produkt\\\/lzq-toilettensitz-kinder-mit-treppe-fuer-1-7-jaehrige\\\/\",\"name\":\"LZQ Toilettensitz Kinder mit treppe f\u00fcr 1-7 j\u00e4hrige, T\u00f6pfchentrainer mit PU Kissen und Griffen, Toiletten-Trainer\u2026 - Markt-XXL\",\"isPartOf\":{\"@id\":\"https:\\\/\\\/marktxxl.de\\\/markt\\\/#website\"},\"primaryImageOfPage\":{\"@id\":\"https:\\\/\\\/marktxxl.de\\\/markt\\\/produkt\\\/lzq-toilettensitz-kinder-mit-treppe-fuer-1-7-jaehrige\\\/#primaryimage\"},\"image\":{\"@id\":\"https:\\\/\\\/marktxxl.de\\\/markt\\\/produkt\\\/lzq-toilettensitz-kinder-mit-treppe-fuer-1-7-jaehrige\\\/#primaryimage\"},\"thumbnailUrl\":\"https:\\\/\\\/m.media-amazon.com\\\/images\\\/I\\\/41UVtctl1IS._SL500_.jpg\",\"datePublished\":\"2022-06-13T19:07:41+00:00\",\"dateModified\":\"2023-04-10T02:01:14+00:00\",\"description\":\"Markt-XXL LZQ Toilettensitz Kinder mit treppe f\u00fcr 1-7 j\u00e4hrige, T\u00f6pfchentrainer mit PU Kissen und Griffen, Toiletten-Trainer\u2026\",\"breadcrumb\":{\"@id\":\"https:\\\/\\\/marktxxl.de\\\/markt\\\/produkt\\\/lzq-toilettensitz-kinder-mit-treppe-fuer-1-7-jaehrige\\\/#breadcrumb\"},\"inLanguage\":\"de\",\"potentialAction\":[{\"@type\":\"ReadAction\",\"target\":[\"https:\\\/\\\/marktxxl.de\\\/markt\\\/produkt\\\/lzq-toilettensitz-kinder-mit-treppe-fuer-1-7-jaehrige\\\/\"]}]},{\"@type\":\"ImageObject\",\"inLanguage\":\"de\",\"@id\":\"https:\\\/\\\/marktxxl.de\\\/markt\\\/produkt\\\/lzq-toilettensitz-kinder-mit-treppe-fuer-1-7-jaehrige\\\/#primaryimage\",\"url\":\"https:\\\/\\\/m.media-amazon.com\\\/images\\\/I\\\/41UVtctl1IS._SL500_.jpg\",\"contentUrl\":\"https:\\\/\\\/m.media-amazon.com\\\/images\\\/I\\\/41UVtctl1IS._SL500_.jpg\",\"width\":500,\"height\":500},{\"@type\":\"BreadcrumbList\",\"@id\":\"https:\\\/\\\/marktxxl.de\\\/markt\\\/produkt\\\/lzq-toilettensitz-kinder-mit-treppe-fuer-1-7-jaehrige\\\/#breadcrumb\",\"itemListElement\":[{\"@type\":\"ListItem\",\"position\":1,\"name\":\"Startseite\",\"item\":\"https:\\\/\\\/marktxxl.de\\\/markt\\\/\"},{\"@type\":\"ListItem\",\"position\":2,\"name\":\"Markt\",\"item\":\"https:\\\/\\\/marktxxl.de\\\/markt\\\/\"},{\"@type\":\"ListItem\",\"position\":3,\"name\":\"LZQ Toilettensitz Kinder mit treppe f\u00fcr 1-7 j\u00e4hrige, T\u00f6pfchentrainer mit PU Kissen und Griffen, Toiletten-Trainer\u2026\"}]},{\"@type\":\"WebSite\",\"@id\":\"https:\\\/\\\/marktxxl.de\\\/markt\\\/#website\",\"url\":\"https:\\\/\\\/marktxxl.de\\\/markt\\\/\",\"name\":\"Markt-XXL\",\"description\":\"Ihr Markt Online\",\"publisher\":{\"@id\":\"https:\\\/\\\/marktxxl.de\\\/markt\\\/#organization\"},\"potentialAction\":[{\"@type\":\"SearchAction\",\"target\":{\"@type\":\"EntryPoint\",\"urlTemplate\":\"https:\\\/\\\/marktxxl.de\\\/markt\\\/?s={search_term_string}\"},\"query-input\":{\"@type\":\"PropertyValueSpecification\",\"valueRequired\":true,\"valueName\":\"search_term_string\"}}],\"inLanguage\":\"de\"},{\"@type\":\"Organization\",\"@id\":\"https:\\\/\\\/marktxxl.de\\\/markt\\\/#organization\",\"name\":\"Markt-XXL\",\"url\":\"https:\\\/\\\/marktxxl.de\\\/markt\\\/\",\"logo\":{\"@type\":\"ImageObject\",\"inLanguage\":\"de\",\"@id\":\"https:\\\/\\\/marktxxl.de\\\/markt\\\/#\\\/schema\\\/logo\\\/image\\\/\",\"url\":\"https:\\\/\\\/marktxxl.de\\\/markt\\\/wp-content\\\/uploads\\\/sites\\\/3\\\/2020\\\/12\\\/logo.png\",\"contentUrl\":\"https:\\\/\\\/marktxxl.de\\\/markt\\\/wp-content\\\/uploads\\\/sites\\\/3\\\/2020\\\/12\\\/logo.png\",\"width\":200,\"height\":70,\"caption\":\"Markt-XXL\"},\"image\":{\"@id\":\"https:\\\/\\\/marktxxl.de\\\/markt\\\/#\\\/schema\\\/logo\\\/image\\\/\"}}]}<\/script>\n<!-- \/ Yoast SEO plugin. -->","yoast_head_json":{"title":"LZQ Toilettensitz Kinder mit treppe f\u00fcr 1-7 j\u00e4hrige, T\u00f6pfchentrainer mit PU Kissen und Griffen, Toiletten-Trainer\u2026 - Markt-XXL","description":"Markt-XXL LZQ Toilettensitz Kinder mit treppe f\u00fcr 1-7 j\u00e4hrige, T\u00f6pfchentrainer mit PU Kissen und Griffen, Toiletten-Trainer\u2026","robots":{"index":"index","follow":"follow","max-snippet":"max-snippet:-1","max-image-preview":"max-image-preview:large","max-video-preview":"max-video-preview:-1"},"canonical":"https:\/\/marktxxl.de\/markt\/produkt\/lzq-toilettensitz-kinder-mit-treppe-fuer-1-7-jaehrige\/","og_locale":"de_DE","og_type":"article","og_title":"LZQ Toilettensitz Kinder mit treppe f\u00fcr 1-7 j\u00e4hrige, T\u00f6pfchentrainer mit PU Kissen und Griffen, Toiletten-Trainer\u2026 - Markt-XXL","og_description":"Markt-XXL LZQ Toilettensitz Kinder mit treppe f\u00fcr 1-7 j\u00e4hrige, T\u00f6pfchentrainer mit PU Kissen und Griffen, Toiletten-Trainer\u2026","og_url":"https:\/\/marktxxl.de\/markt\/produkt\/lzq-toilettensitz-kinder-mit-treppe-fuer-1-7-jaehrige\/","og_site_name":"Markt-XXL","article_modified_time":"2023-04-10T02:01:14+00:00","og_image":[{"width":500,"height":500,"url":"https:\/\/m.media-amazon.com\/images\/I\/41UVtctl1IS._SL500_.jpg","type":"image\/jpeg"}],"twitter_card":"summary_large_image","twitter_misc":{"Gesch\u00e4tzte Lesezeit":"1\u00a0Minute"},"schema":{"@context":"https:\/\/schema.org","@graph":[{"@type":"WebPage","@id":"https:\/\/marktxxl.de\/markt\/produkt\/lzq-toilettensitz-kinder-mit-treppe-fuer-1-7-jaehrige\/","url":"https:\/\/marktxxl.de\/markt\/produkt\/lzq-toilettensitz-kinder-mit-treppe-fuer-1-7-jaehrige\/","name":"LZQ Toilettensitz Kinder mit treppe f\u00fcr 1-7 j\u00e4hrige, T\u00f6pfchentrainer mit PU Kissen und Griffen, Toiletten-Trainer\u2026 - Markt-XXL","isPartOf":{"@id":"https:\/\/marktxxl.de\/markt\/#website"},"primaryImageOfPage":{"@id":"https:\/\/marktxxl.de\/markt\/produkt\/lzq-toilettensitz-kinder-mit-treppe-fuer-1-7-jaehrige\/#primaryimage"},"image":{"@id":"https:\/\/marktxxl.de\/markt\/produkt\/lzq-toilettensitz-kinder-mit-treppe-fuer-1-7-jaehrige\/#primaryimage"},"thumbnailUrl":"https:\/\/m.media-amazon.com\/images\/I\/41UVtctl1IS._SL500_.jpg","datePublished":"2022-06-13T19:07:41+00:00","dateModified":"2023-04-10T02:01:14+00:00","description":"Markt-XXL LZQ Toilettensitz Kinder mit treppe f\u00fcr 1-7 j\u00e4hrige, T\u00f6pfchentrainer mit PU Kissen und Griffen, Toiletten-Trainer\u2026","breadcrumb":{"@id":"https:\/\/marktxxl.de\/markt\/produkt\/lzq-toilettensitz-kinder-mit-treppe-fuer-1-7-jaehrige\/#breadcrumb"},"inLanguage":"de","potentialAction":[{"@type":"ReadAction","target":["https:\/\/marktxxl.de\/markt\/produkt\/lzq-toilettensitz-kinder-mit-treppe-fuer-1-7-jaehrige\/"]}]},{"@type":"ImageObject","inLanguage":"de","@id":"https:\/\/marktxxl.de\/markt\/produkt\/lzq-toilettensitz-kinder-mit-treppe-fuer-1-7-jaehrige\/#primaryimage","url":"https:\/\/m.media-amazon.com\/images\/I\/41UVtctl1IS._SL500_.jpg","contentUrl":"https:\/\/m.media-amazon.com\/images\/I\/41UVtctl1IS._SL500_.jpg","width":500,"height":500},{"@type":"BreadcrumbList","@id":"https:\/\/marktxxl.de\/markt\/produkt\/lzq-toilettensitz-kinder-mit-treppe-fuer-1-7-jaehrige\/#breadcrumb","itemListElement":[{"@type":"ListItem","position":1,"name":"Startseite","item":"https:\/\/marktxxl.de\/markt\/"},{"@type":"ListItem","position":2,"name":"Markt","item":"https:\/\/marktxxl.de\/markt\/"},{"@type":"ListItem","position":3,"name":"LZQ Toilettensitz Kinder mit treppe f\u00fcr 1-7 j\u00e4hrige, T\u00f6pfchentrainer mit PU Kissen und Griffen, Toiletten-Trainer\u2026"}]},{"@type":"WebSite","@id":"https:\/\/marktxxl.de\/markt\/#website","url":"https:\/\/marktxxl.de\/markt\/","name":"Markt-XXL","description":"Ihr Markt Online","publisher":{"@id":"https:\/\/marktxxl.de\/markt\/#organization"},"potentialAction":[{"@type":"SearchAction","target":{"@type":"EntryPoint","urlTemplate":"https:\/\/marktxxl.de\/markt\/?s={search_term_string}"},"query-input":{"@type":"PropertyValueSpecification","valueRequired":true,"valueName":"search_term_string"}}],"inLanguage":"de"},{"@type":"Organization","@id":"https:\/\/marktxxl.de\/markt\/#organization","name":"Markt-XXL","url":"https:\/\/marktxxl.de\/markt\/","logo":{"@type":"ImageObject","inLanguage":"de","@id":"https:\/\/marktxxl.de\/markt\/#\/schema\/logo\/image\/","url":"https:\/\/marktxxl.de\/markt\/wp-content\/uploads\/sites\/3\/2020\/12\/logo.png","contentUrl":"https:\/\/marktxxl.de\/markt\/wp-content\/uploads\/sites\/3\/2020\/12\/logo.png","width":200,"height":70,"caption":"Markt-XXL"},"image":{"@id":"https:\/\/marktxxl.de\/markt\/#\/schema\/logo\/image\/"}}]}},"_links":{"self":[{"href":"https:\/\/marktxxl.de\/markt\/wp-json\/wp\/v2\/product\/126351","targetHints":{"allow":["GET"]}}],"collection":[{"href":"https:\/\/marktxxl.de\/markt\/wp-json\/wp\/v2\/product"}],"about":[{"href":"https:\/\/marktxxl.de\/markt\/wp-json\/wp\/v2\/types\/product"}],"replies":[{"embeddable":true,"href":"https:\/\/marktxxl.de\/markt\/wp-json\/wp\/v2\/comments?post=126351"}],"wp:featuredmedia":[{"embeddable":true,"href":"https:\/\/marktxxl.de\/markt\/wp-json\/wp\/v2\/media\/126352"}],"wp:attachment":[{"href":"https:\/\/marktxxl.de\/markt\/wp-json\/wp\/v2\/media?parent=126351"}],"wp:term":[{"taxonomy":"product_brand","embeddable":true,"href":"https:\/\/marktxxl.de\/markt\/wp-json\/wp\/v2\/product_brand?post=126351"},{"taxonomy":"product_cat","embeddable":true,"href":"https:\/\/marktxxl.de\/markt\/wp-json\/wp\/v2\/product_cat?post=126351"},{"taxonomy":"product_tag","embeddable":true,"href":"https:\/\/marktxxl.de\/markt\/wp-json\/wp\/v2\/product_tag?post=126351"}],"curies":[{"name":"wp","href":"https:\/\/api.w.org\/{rel}","templated":true}]}}