{"id":126184,"date":"2022-06-13T21:01:20","date_gmt":"2022-06-13T19:01:20","guid":{"rendered":"https:\/\/marktxxl.de\/markt\/produkt\/kawa-babyphone-mit-kamera-und-audio-5-zoll-720p-hd-display-zwei-wege-talk-nachtsicht-4000mah-akku-vox-modus-temperatursensor-schlaflieder-1000-fuss-smarte-meldungen\/"},"modified":"2023-04-10T04:01:10","modified_gmt":"2023-04-10T02:01:10","slug":"kawa-babyphone-mit-kamera-und-audio-5-zoll-720p-hd-display-zwei-wege-talk-nachtsicht-4000mah-akku-vox-modus-temperatursensor-schlaflieder-1000-fuss-smarte-meldungen","status":"publish","type":"product","link":"https:\/\/marktxxl.de\/markt\/produkt\/kawa-babyphone-mit-kamera-und-audio-5-zoll-720p-hd-display-zwei-wege-talk-nachtsicht-4000mah-akku-vox-modus-temperatursensor-schlaflieder-1000-fuss-smarte-meldungen\/","title":{"rendered":"KAWA Babyphone mit Kamera, 5 Zoll 720P HD Bildschirm, 300m reichweite, ohne WLAN und APP, 4000mAh Akku, Splitscreen\u2026"},"content":{"rendered":"<p>\u30105&#8221; 720P HD-LCD-Farbbildschirm &amp; Nachtsicht\u3011 \u2013- KAWA Babyphone mit Kamera verf\u00fcgt \u00fcber ein gro\u00dfes 5-Zoll 720P HD-Display bietet Ihnen ein klareres Bild, es bringt Ihnen die realen Szenen von dem, was Ihr Baby tut und ob Ihr Baby sicher ist. Automatische verbesserte Nachtsicht, erm\u00f6glicht es Ihnen, Ihr Baby auch in v\u00f6llig dunklen R\u00e4umen klar zu sehen.<br \/>\n\u3010Drehung und lange Batterielebensdauer\u3011 &#8212; Unsere Babyphone mit Kamera 350\u00b0-\u00dcbersetzung und 67\u00b0-Neigung, 110\u00b0-Weitwinkelobjektiv und 2-fachem Digitalzoom. Sie k\u00f6nnen die Kamera aus der Ferne neigen, schwenken und zoomen, um den gesamten Raum zu sehen . Die Batteriekapazit\u00e4t von 4000 mAh kann die lange Akkulaufzeit des Monitors gew\u00e4hrleisten, und Sie k\u00f6nnen sie mit Vertrauen verwenden<br \/>\n\u30102-Wege-Gespr\u00e4ch und stabile Verbindung\u3011 \u2013 KAWA Babyphone mit Kamera und Audio unterst\u00fctzung, empfindliches Mikrofon, fortschrittliche 2-Wege-Kommunikationstechnologie. Bringen Sie und Ihr Baby ein klares und reibungsloses Audiogespr\u00e4ch. Monitore mit Kamera bieten eine \u00dcbertragungsreichweite von 1000 Fu\u00df. Wenn das Baby weinend aufwacht oder nach Ihnen sucht, ist eine rechtzeitige Antwort und ein Gespr\u00e4ch der beste Trost f\u00fcr Ihr Baby.<br \/>\n\u3010Schlaflieder und Temperatur\u00fcberwachung\u3011 \u2013 Dieses intelligente Babyphone verf\u00fcgt \u00fcber 6 Schlaflieder, damit Kleinkinder in einen s\u00fc\u00dfen Traum fallen. Der Temperatursensor erkennt die Temperatur im Zimmer Ihres Babys, um die angenehmste Szene zu bieten. Wei\u00dfes Rauschen kann Eltern helfen, besser zu schlafen.<br \/>\n\u3010Babyf\u00fctterungserinnerung und -service\u3011 \u2013 Dieses Babyphone mit Kamera verf\u00fcgt \u00fcber eine Zeitplanerinnerung, die Ihnen helfen kann, den F\u00fctterungsplan f\u00fcr Ihr Baby abzuschlie\u00dfen. 30 Tage Geld-zur\u00fcck-Garantie und 12 Monate Herstellergarantie geben Ihnen Sicherheit bei Ihrem Kauf und die Gewissheit, dass ein gro\u00dfartiges Team bereit ist, Ihnen bei jedem Schritt zu helfen.<br \/>\n<div class=\"main-cross-sell\" data-asin=\"B09FDV7TK9\">\n\n\t<div class=\"WooZone-cross-sell-loader\">\n\t\t<div>\n\t\t\t<div id=\"floatingBarsG\">\n\t\t\t\t<div class=\"blockG\" id=\"rotateG_01\"><\/div>\n\t\t\t\t<div class=\"blockG\" id=\"rotateG_02\"><\/div>\n\t\t\t\t<div class=\"blockG\" id=\"rotateG_03\"><\/div>\n\t\t\t\t<div class=\"blockG\" id=\"rotateG_04\"><\/div>\n\t\t\t\t<div class=\"blockG\" id=\"rotateG_05\"><\/div>\n\t\t\t\t<div class=\"blockG\" id=\"rotateG_06\"><\/div>\n\t\t\t\t<div class=\"blockG\" id=\"rotateG_07\"><\/div>\n\t\t\t\t<div class=\"blockG\" id=\"rotateG_08\"><\/div>\n\t\t\t<\/div>\n\t\t\t<div class=\"WooZone-cross-sell-loader-text\"><\/div>\n\t\t<\/div>\n\t<\/div>\n\n\t\t\n<\/div>\n<div style=\"clear:both;\"><\/div><\/p>\n","protected":false},"excerpt":{"rendered":"<p>\u30105&#8221; 720P HD-LCD-Farbbildschirm &amp; Nachtsicht\u3011 \u2013- KAWA Babyphone mit Kamera verf\u00fcgt \u00fcber ein gro\u00dfes 5-Zoll 720P HD-Display bietet Ihnen ein klareres Bild, es bringt Ihnen die realen Szenen von dem, was Ihr Baby tut und ob Ihr Baby sicher ist. Automatische verbesserte Nachtsicht, erm\u00f6glicht es Ihnen, Ihr Baby auch in v\u00f6llig dunklen R\u00e4umen klar zu sehen.<br \/>\n\u3010Drehung und lange Batterielebensdauer\u3011 &#8212; Unsere Babyphone mit Kamera 350\u00b0-\u00dcbersetzung und 67\u00b0-Neigung, 110\u00b0-Weitwinkelobjektiv und 2-fachem Digitalzoom. Sie k\u00f6nnen die Kamera aus der Ferne neigen, schwenken und zoomen, um den gesamten Raum zu sehen . Die Batteriekapazit\u00e4t von 4000 mAh kann die lange Akkulaufzeit des Monitors gew\u00e4hrleisten, und Sie k\u00f6nnen sie mit Vertrauen verwenden<br \/>\n\u30102-Wege-Gespr\u00e4ch und stabile Verbindung\u3011 \u2013 KAWA Babyphone mit Kamera und Audio unterst\u00fctzung, empfindliches Mikrofon, fortschrittliche 2-Wege-Kommunikationstechnologie. Bringen Sie und Ihr Baby ein klares und reibungsloses Audiogespr\u00e4ch. Monitore mit Kamera bieten eine \u00dcbertragungsreichweite von 1000 Fu\u00df. Wenn das Baby weinend aufwacht oder nach Ihnen sucht, ist eine rechtzeitige Antwort und ein Gespr\u00e4ch der beste Trost f\u00fcr Ihr Baby.<\/p>\n","protected":false},"featured_media":126185,"comment_status":"open","ping_status":"closed","template":"","meta":[],"product_brand":[],"product_cat":[21,9378],"product_tag":[],"class_list":{"0":"post-126184","1":"product","2":"type-product","3":"status-publish","4":"has-post-thumbnail","6":"product_cat-baby","7":"product_cat-sicherheit-baby","8":"pa_binding-werkzeug","9":"pa_brand-kawa","10":"pa_color-baby-moniyot-mit-kamera","11":"pa_height-0-787401574-zoll","12":"pa_languages-handbuch-franzoesisch","13":"pa_length-5-905511805-zoll","14":"pa_manufacturer-kawa","15":"pa_model-s6","16":"pa_size-2-piece-set","17":"pa_weight-2-0282528104-pfund","18":"pa_width-3-149606296-zoll","20":"first","21":"instock","22":"shipping-taxable","23":"purchasable","24":"product-type-simple","25":"customify-col","26":"product-has-gallery"},"yoast_head":"<!-- This site is optimized with the Yoast SEO plugin v27.4 - https:\/\/yoast.com\/product\/yoast-seo-wordpress\/ -->\n<title>KAWA Babyphone mit Kamera, 5 Zoll 720P HD Bildschirm, 300m reichweite, ohne WLAN und APP, 4000mAh Akku, Splitscreen\u2026 - Markt-XXL<\/title>\n<meta name=\"description\" content=\"Markt-XXL KAWA Babyphone mit Kamera, 5 Zoll 720P HD Bildschirm, 300m reichweite, ohne WLAN und APP, 4000mAh Akku, Splitscreen\u2026\" \/>\n<meta name=\"robots\" content=\"index, follow, max-snippet:-1, max-image-preview:large, max-video-preview:-1\" \/>\n<link rel=\"canonical\" href=\"https:\/\/marktxxl.de\/markt\/produkt\/kawa-babyphone-mit-kamera-und-audio-5-zoll-720p-hd-display-zwei-wege-talk-nachtsicht-4000mah-akku-vox-modus-temperatursensor-schlaflieder-1000-fuss-smarte-meldungen\/\" \/>\n<meta property=\"og:locale\" content=\"de_DE\" \/>\n<meta property=\"og:type\" content=\"article\" \/>\n<meta property=\"og:title\" content=\"KAWA Babyphone mit Kamera, 5 Zoll 720P HD Bildschirm, 300m reichweite, ohne WLAN und APP, 4000mAh Akku, Splitscreen\u2026 - Markt-XXL\" \/>\n<meta property=\"og:description\" content=\"Markt-XXL KAWA Babyphone mit Kamera, 5 Zoll 720P HD Bildschirm, 300m reichweite, ohne WLAN und APP, 4000mAh Akku, Splitscreen\u2026\" \/>\n<meta property=\"og:url\" content=\"https:\/\/marktxxl.de\/markt\/produkt\/kawa-babyphone-mit-kamera-und-audio-5-zoll-720p-hd-display-zwei-wege-talk-nachtsicht-4000mah-akku-vox-modus-temperatursensor-schlaflieder-1000-fuss-smarte-meldungen\/\" \/>\n<meta property=\"og:site_name\" content=\"Markt-XXL\" \/>\n<meta property=\"article:modified_time\" content=\"2023-04-10T02:01:10+00:00\" \/>\n<meta property=\"og:image\" content=\"https:\/\/m.media-amazon.com\/images\/I\/41qcHopLU4L._SL500_.jpg\" \/>\n\t<meta property=\"og:image:width\" content=\"500\" \/>\n\t<meta property=\"og:image:height\" content=\"500\" \/>\n\t<meta property=\"og:image:type\" content=\"image\/jpeg\" \/>\n<meta name=\"twitter:card\" content=\"summary_large_image\" \/>\n<meta name=\"twitter:label1\" content=\"Gesch\u00e4tzte Lesezeit\" \/>\n\t<meta name=\"twitter:data1\" content=\"1\u00a0Minute\" \/>\n<script type=\"application\/ld+json\" class=\"yoast-schema-graph\">{\"@context\":\"https:\\\/\\\/schema.org\",\"@graph\":[{\"@type\":\"WebPage\",\"@id\":\"https:\\\/\\\/marktxxl.de\\\/markt\\\/produkt\\\/kawa-babyphone-mit-kamera-und-audio-5-zoll-720p-hd-display-zwei-wege-talk-nachtsicht-4000mah-akku-vox-modus-temperatursensor-schlaflieder-1000-fuss-smarte-meldungen\\\/\",\"url\":\"https:\\\/\\\/marktxxl.de\\\/markt\\\/produkt\\\/kawa-babyphone-mit-kamera-und-audio-5-zoll-720p-hd-display-zwei-wege-talk-nachtsicht-4000mah-akku-vox-modus-temperatursensor-schlaflieder-1000-fuss-smarte-meldungen\\\/\",\"name\":\"KAWA Babyphone mit Kamera, 5 Zoll 720P HD Bildschirm, 300m reichweite, ohne WLAN und APP, 4000mAh Akku, Splitscreen\u2026 - Markt-XXL\",\"isPartOf\":{\"@id\":\"https:\\\/\\\/marktxxl.de\\\/markt\\\/#website\"},\"primaryImageOfPage\":{\"@id\":\"https:\\\/\\\/marktxxl.de\\\/markt\\\/produkt\\\/kawa-babyphone-mit-kamera-und-audio-5-zoll-720p-hd-display-zwei-wege-talk-nachtsicht-4000mah-akku-vox-modus-temperatursensor-schlaflieder-1000-fuss-smarte-meldungen\\\/#primaryimage\"},\"image\":{\"@id\":\"https:\\\/\\\/marktxxl.de\\\/markt\\\/produkt\\\/kawa-babyphone-mit-kamera-und-audio-5-zoll-720p-hd-display-zwei-wege-talk-nachtsicht-4000mah-akku-vox-modus-temperatursensor-schlaflieder-1000-fuss-smarte-meldungen\\\/#primaryimage\"},\"thumbnailUrl\":\"https:\\\/\\\/m.media-amazon.com\\\/images\\\/I\\\/41qcHopLU4L._SL500_.jpg\",\"datePublished\":\"2022-06-13T19:01:20+00:00\",\"dateModified\":\"2023-04-10T02:01:10+00:00\",\"description\":\"Markt-XXL KAWA Babyphone mit Kamera, 5 Zoll 720P HD Bildschirm, 300m reichweite, ohne WLAN und APP, 4000mAh Akku, Splitscreen\u2026\",\"breadcrumb\":{\"@id\":\"https:\\\/\\\/marktxxl.de\\\/markt\\\/produkt\\\/kawa-babyphone-mit-kamera-und-audio-5-zoll-720p-hd-display-zwei-wege-talk-nachtsicht-4000mah-akku-vox-modus-temperatursensor-schlaflieder-1000-fuss-smarte-meldungen\\\/#breadcrumb\"},\"inLanguage\":\"de\",\"potentialAction\":[{\"@type\":\"ReadAction\",\"target\":[\"https:\\\/\\\/marktxxl.de\\\/markt\\\/produkt\\\/kawa-babyphone-mit-kamera-und-audio-5-zoll-720p-hd-display-zwei-wege-talk-nachtsicht-4000mah-akku-vox-modus-temperatursensor-schlaflieder-1000-fuss-smarte-meldungen\\\/\"]}]},{\"@type\":\"ImageObject\",\"inLanguage\":\"de\",\"@id\":\"https:\\\/\\\/marktxxl.de\\\/markt\\\/produkt\\\/kawa-babyphone-mit-kamera-und-audio-5-zoll-720p-hd-display-zwei-wege-talk-nachtsicht-4000mah-akku-vox-modus-temperatursensor-schlaflieder-1000-fuss-smarte-meldungen\\\/#primaryimage\",\"url\":\"https:\\\/\\\/m.media-amazon.com\\\/images\\\/I\\\/41qcHopLU4L._SL500_.jpg\",\"contentUrl\":\"https:\\\/\\\/m.media-amazon.com\\\/images\\\/I\\\/41qcHopLU4L._SL500_.jpg\",\"width\":500,\"height\":500},{\"@type\":\"BreadcrumbList\",\"@id\":\"https:\\\/\\\/marktxxl.de\\\/markt\\\/produkt\\\/kawa-babyphone-mit-kamera-und-audio-5-zoll-720p-hd-display-zwei-wege-talk-nachtsicht-4000mah-akku-vox-modus-temperatursensor-schlaflieder-1000-fuss-smarte-meldungen\\\/#breadcrumb\",\"itemListElement\":[{\"@type\":\"ListItem\",\"position\":1,\"name\":\"Startseite\",\"item\":\"https:\\\/\\\/marktxxl.de\\\/markt\\\/\"},{\"@type\":\"ListItem\",\"position\":2,\"name\":\"Markt\",\"item\":\"https:\\\/\\\/marktxxl.de\\\/markt\\\/\"},{\"@type\":\"ListItem\",\"position\":3,\"name\":\"KAWA Babyphone mit Kamera, 5 Zoll 720P HD Bildschirm, 300m reichweite, ohne WLAN und APP, 4000mAh Akku, Splitscreen\u2026\"}]},{\"@type\":\"WebSite\",\"@id\":\"https:\\\/\\\/marktxxl.de\\\/markt\\\/#website\",\"url\":\"https:\\\/\\\/marktxxl.de\\\/markt\\\/\",\"name\":\"Markt-XXL\",\"description\":\"Ihr Markt Online\",\"publisher\":{\"@id\":\"https:\\\/\\\/marktxxl.de\\\/markt\\\/#organization\"},\"potentialAction\":[{\"@type\":\"SearchAction\",\"target\":{\"@type\":\"EntryPoint\",\"urlTemplate\":\"https:\\\/\\\/marktxxl.de\\\/markt\\\/?s={search_term_string}\"},\"query-input\":{\"@type\":\"PropertyValueSpecification\",\"valueRequired\":true,\"valueName\":\"search_term_string\"}}],\"inLanguage\":\"de\"},{\"@type\":\"Organization\",\"@id\":\"https:\\\/\\\/marktxxl.de\\\/markt\\\/#organization\",\"name\":\"Markt-XXL\",\"url\":\"https:\\\/\\\/marktxxl.de\\\/markt\\\/\",\"logo\":{\"@type\":\"ImageObject\",\"inLanguage\":\"de\",\"@id\":\"https:\\\/\\\/marktxxl.de\\\/markt\\\/#\\\/schema\\\/logo\\\/image\\\/\",\"url\":\"https:\\\/\\\/marktxxl.de\\\/markt\\\/wp-content\\\/uploads\\\/sites\\\/3\\\/2020\\\/12\\\/logo.png\",\"contentUrl\":\"https:\\\/\\\/marktxxl.de\\\/markt\\\/wp-content\\\/uploads\\\/sites\\\/3\\\/2020\\\/12\\\/logo.png\",\"width\":200,\"height\":70,\"caption\":\"Markt-XXL\"},\"image\":{\"@id\":\"https:\\\/\\\/marktxxl.de\\\/markt\\\/#\\\/schema\\\/logo\\\/image\\\/\"}}]}<\/script>\n<!-- \/ Yoast SEO plugin. -->","yoast_head_json":{"title":"KAWA Babyphone mit Kamera, 5 Zoll 720P HD Bildschirm, 300m reichweite, ohne WLAN und APP, 4000mAh Akku, Splitscreen\u2026 - Markt-XXL","description":"Markt-XXL KAWA Babyphone mit Kamera, 5 Zoll 720P HD Bildschirm, 300m reichweite, ohne WLAN und APP, 4000mAh Akku, Splitscreen\u2026","robots":{"index":"index","follow":"follow","max-snippet":"max-snippet:-1","max-image-preview":"max-image-preview:large","max-video-preview":"max-video-preview:-1"},"canonical":"https:\/\/marktxxl.de\/markt\/produkt\/kawa-babyphone-mit-kamera-und-audio-5-zoll-720p-hd-display-zwei-wege-talk-nachtsicht-4000mah-akku-vox-modus-temperatursensor-schlaflieder-1000-fuss-smarte-meldungen\/","og_locale":"de_DE","og_type":"article","og_title":"KAWA Babyphone mit Kamera, 5 Zoll 720P HD Bildschirm, 300m reichweite, ohne WLAN und APP, 4000mAh Akku, Splitscreen\u2026 - Markt-XXL","og_description":"Markt-XXL KAWA Babyphone mit Kamera, 5 Zoll 720P HD Bildschirm, 300m reichweite, ohne WLAN und APP, 4000mAh Akku, Splitscreen\u2026","og_url":"https:\/\/marktxxl.de\/markt\/produkt\/kawa-babyphone-mit-kamera-und-audio-5-zoll-720p-hd-display-zwei-wege-talk-nachtsicht-4000mah-akku-vox-modus-temperatursensor-schlaflieder-1000-fuss-smarte-meldungen\/","og_site_name":"Markt-XXL","article_modified_time":"2023-04-10T02:01:10+00:00","og_image":[{"width":500,"height":500,"url":"https:\/\/m.media-amazon.com\/images\/I\/41qcHopLU4L._SL500_.jpg","type":"image\/jpeg"}],"twitter_card":"summary_large_image","twitter_misc":{"Gesch\u00e4tzte Lesezeit":"1\u00a0Minute"},"schema":{"@context":"https:\/\/schema.org","@graph":[{"@type":"WebPage","@id":"https:\/\/marktxxl.de\/markt\/produkt\/kawa-babyphone-mit-kamera-und-audio-5-zoll-720p-hd-display-zwei-wege-talk-nachtsicht-4000mah-akku-vox-modus-temperatursensor-schlaflieder-1000-fuss-smarte-meldungen\/","url":"https:\/\/marktxxl.de\/markt\/produkt\/kawa-babyphone-mit-kamera-und-audio-5-zoll-720p-hd-display-zwei-wege-talk-nachtsicht-4000mah-akku-vox-modus-temperatursensor-schlaflieder-1000-fuss-smarte-meldungen\/","name":"KAWA Babyphone mit Kamera, 5 Zoll 720P HD Bildschirm, 300m reichweite, ohne WLAN und APP, 4000mAh Akku, Splitscreen\u2026 - Markt-XXL","isPartOf":{"@id":"https:\/\/marktxxl.de\/markt\/#website"},"primaryImageOfPage":{"@id":"https:\/\/marktxxl.de\/markt\/produkt\/kawa-babyphone-mit-kamera-und-audio-5-zoll-720p-hd-display-zwei-wege-talk-nachtsicht-4000mah-akku-vox-modus-temperatursensor-schlaflieder-1000-fuss-smarte-meldungen\/#primaryimage"},"image":{"@id":"https:\/\/marktxxl.de\/markt\/produkt\/kawa-babyphone-mit-kamera-und-audio-5-zoll-720p-hd-display-zwei-wege-talk-nachtsicht-4000mah-akku-vox-modus-temperatursensor-schlaflieder-1000-fuss-smarte-meldungen\/#primaryimage"},"thumbnailUrl":"https:\/\/m.media-amazon.com\/images\/I\/41qcHopLU4L._SL500_.jpg","datePublished":"2022-06-13T19:01:20+00:00","dateModified":"2023-04-10T02:01:10+00:00","description":"Markt-XXL KAWA Babyphone mit Kamera, 5 Zoll 720P HD Bildschirm, 300m reichweite, ohne WLAN und APP, 4000mAh Akku, Splitscreen\u2026","breadcrumb":{"@id":"https:\/\/marktxxl.de\/markt\/produkt\/kawa-babyphone-mit-kamera-und-audio-5-zoll-720p-hd-display-zwei-wege-talk-nachtsicht-4000mah-akku-vox-modus-temperatursensor-schlaflieder-1000-fuss-smarte-meldungen\/#breadcrumb"},"inLanguage":"de","potentialAction":[{"@type":"ReadAction","target":["https:\/\/marktxxl.de\/markt\/produkt\/kawa-babyphone-mit-kamera-und-audio-5-zoll-720p-hd-display-zwei-wege-talk-nachtsicht-4000mah-akku-vox-modus-temperatursensor-schlaflieder-1000-fuss-smarte-meldungen\/"]}]},{"@type":"ImageObject","inLanguage":"de","@id":"https:\/\/marktxxl.de\/markt\/produkt\/kawa-babyphone-mit-kamera-und-audio-5-zoll-720p-hd-display-zwei-wege-talk-nachtsicht-4000mah-akku-vox-modus-temperatursensor-schlaflieder-1000-fuss-smarte-meldungen\/#primaryimage","url":"https:\/\/m.media-amazon.com\/images\/I\/41qcHopLU4L._SL500_.jpg","contentUrl":"https:\/\/m.media-amazon.com\/images\/I\/41qcHopLU4L._SL500_.jpg","width":500,"height":500},{"@type":"BreadcrumbList","@id":"https:\/\/marktxxl.de\/markt\/produkt\/kawa-babyphone-mit-kamera-und-audio-5-zoll-720p-hd-display-zwei-wege-talk-nachtsicht-4000mah-akku-vox-modus-temperatursensor-schlaflieder-1000-fuss-smarte-meldungen\/#breadcrumb","itemListElement":[{"@type":"ListItem","position":1,"name":"Startseite","item":"https:\/\/marktxxl.de\/markt\/"},{"@type":"ListItem","position":2,"name":"Markt","item":"https:\/\/marktxxl.de\/markt\/"},{"@type":"ListItem","position":3,"name":"KAWA Babyphone mit Kamera, 5 Zoll 720P HD Bildschirm, 300m reichweite, ohne WLAN und APP, 4000mAh Akku, Splitscreen\u2026"}]},{"@type":"WebSite","@id":"https:\/\/marktxxl.de\/markt\/#website","url":"https:\/\/marktxxl.de\/markt\/","name":"Markt-XXL","description":"Ihr Markt Online","publisher":{"@id":"https:\/\/marktxxl.de\/markt\/#organization"},"potentialAction":[{"@type":"SearchAction","target":{"@type":"EntryPoint","urlTemplate":"https:\/\/marktxxl.de\/markt\/?s={search_term_string}"},"query-input":{"@type":"PropertyValueSpecification","valueRequired":true,"valueName":"search_term_string"}}],"inLanguage":"de"},{"@type":"Organization","@id":"https:\/\/marktxxl.de\/markt\/#organization","name":"Markt-XXL","url":"https:\/\/marktxxl.de\/markt\/","logo":{"@type":"ImageObject","inLanguage":"de","@id":"https:\/\/marktxxl.de\/markt\/#\/schema\/logo\/image\/","url":"https:\/\/marktxxl.de\/markt\/wp-content\/uploads\/sites\/3\/2020\/12\/logo.png","contentUrl":"https:\/\/marktxxl.de\/markt\/wp-content\/uploads\/sites\/3\/2020\/12\/logo.png","width":200,"height":70,"caption":"Markt-XXL"},"image":{"@id":"https:\/\/marktxxl.de\/markt\/#\/schema\/logo\/image\/"}}]}},"_links":{"self":[{"href":"https:\/\/marktxxl.de\/markt\/wp-json\/wp\/v2\/product\/126184","targetHints":{"allow":["GET"]}}],"collection":[{"href":"https:\/\/marktxxl.de\/markt\/wp-json\/wp\/v2\/product"}],"about":[{"href":"https:\/\/marktxxl.de\/markt\/wp-json\/wp\/v2\/types\/product"}],"replies":[{"embeddable":true,"href":"https:\/\/marktxxl.de\/markt\/wp-json\/wp\/v2\/comments?post=126184"}],"wp:featuredmedia":[{"embeddable":true,"href":"https:\/\/marktxxl.de\/markt\/wp-json\/wp\/v2\/media\/126185"}],"wp:attachment":[{"href":"https:\/\/marktxxl.de\/markt\/wp-json\/wp\/v2\/media?parent=126184"}],"wp:term":[{"taxonomy":"product_brand","embeddable":true,"href":"https:\/\/marktxxl.de\/markt\/wp-json\/wp\/v2\/product_brand?post=126184"},{"taxonomy":"product_cat","embeddable":true,"href":"https:\/\/marktxxl.de\/markt\/wp-json\/wp\/v2\/product_cat?post=126184"},{"taxonomy":"product_tag","embeddable":true,"href":"https:\/\/marktxxl.de\/markt\/wp-json\/wp\/v2\/product_tag?post=126184"}],"curies":[{"name":"wp","href":"https:\/\/api.w.org\/{rel}","templated":true}]}}