{"id":125825,"date":"2022-06-13T20:46:35","date_gmt":"2022-06-13T18:46:35","guid":{"rendered":"https:\/\/marktxxl.de\/markt\/produkt\/mushie-silicone-baby-spoon-2-pack-stone-cloudy-mauve\/"},"modified":"2023-04-05T03:17:12","modified_gmt":"2023-04-05T01:17:12","slug":"mushie-silicone-baby-spoon-2-pack-stone-cloudy-mauve","status":"publish","type":"product","link":"https:\/\/marktxxl.de\/markt\/produkt\/mushie-silicone-baby-spoon-2-pack-stone-cloudy-mauve\/","title":{"rendered":"Mushie 2 x L\u00f6ffel f\u00fcr Kinder | Silikon kinderbesteck | Baby Geschirr f\u00fcr Essen | Sp\u00fclmaschinenfest, Sichere, Hochwertige\u2026"},"content":{"rendered":"<p>\u3010Neues Design\u3011 Dieser spiralf\u00f6rmige Q-Grip-Ohrenschmalz-Reiniger wird mit einer Saugnapfbasis geliefert. Ohrenschmalz-Reiniger kann auf jeder glatten Oberfl\u00e4che und glatten flachen Tischplatten adsorbiert werden. Das spiralf\u00f6rmige Design kann Schmutz in den Ohren schnell aufnehmen, das Ohr sch\u00fctzen, ohne das Trommelfell zu besch\u00e4digen, sicherer und effektiver als andere Wattest\u00e4bchen.<br \/>\n<div class=\"main-cross-sell\" data-asin=\"B08MV7L3X7\">\n\n\t<div class=\"WooZone-cross-sell-loader\">\n\t\t<div>\n\t\t\t<div id=\"floatingBarsG\">\n\t\t\t\t<div class=\"blockG\" id=\"rotateG_01\"><\/div>\n\t\t\t\t<div class=\"blockG\" id=\"rotateG_02\"><\/div>\n\t\t\t\t<div class=\"blockG\" id=\"rotateG_03\"><\/div>\n\t\t\t\t<div class=\"blockG\" id=\"rotateG_04\"><\/div>\n\t\t\t\t<div class=\"blockG\" id=\"rotateG_05\"><\/div>\n\t\t\t\t<div class=\"blockG\" id=\"rotateG_06\"><\/div>\n\t\t\t\t<div class=\"blockG\" id=\"rotateG_07\"><\/div>\n\t\t\t\t<div class=\"blockG\" id=\"rotateG_08\"><\/div>\n\t\t\t<\/div>\n\t\t\t<div class=\"WooZone-cross-sell-loader-text\"><\/div>\n\t\t<\/div>\n\t<\/div>\n\n\t\t\n<\/div>\n<div style=\"clear:both;\"><\/div><\/p>\n","protected":false},"excerpt":{"rendered":"<p>\u3010Neues Design\u3011 Dieser spiralf\u00f6rmige Q-Grip-Ohrenschmalz-Reiniger wird mit einer Saugnapfbasis geliefert. Ohrenschmalz-Reiniger kann auf jeder glatten Oberfl\u00e4che und glatten flachen Tischplatten adsorbiert werden. Das spiralf\u00f6rmige Design kann Schmutz in den Ohren schnell aufnehmen, das Ohr sch\u00fctzen, ohne das Trommelfell zu besch\u00e4digen, sicherer und effektiver als andere Wattest\u00e4bchen.<\/p>\n","protected":false},"featured_media":125826,"comment_status":"open","ping_status":"closed","template":"","meta":[],"product_brand":[],"product_cat":[21,9216],"product_tag":[],"class_list":{"0":"post-125825","1":"product","2":"type-product","3":"status-publish","4":"has-post-thumbnail","6":"product_cat-baby","7":"product_cat-ernaehrung-stillen-baby","8":"pa_binding-babyartikel","9":"pa_brand-mushie","10":"pa_height-0-393700787-zoll","11":"pa_length-6-299212592-zoll","12":"pa_manufacturer-mushie","13":"pa_model-36229","14":"pa_weight-0-03968320716-pfund","15":"pa_width-0-9842519675-zoll","17":"first","18":"instock","19":"shipping-taxable","20":"purchasable","21":"product-type-simple","22":"customify-col","23":"product-has-gallery"},"yoast_head":"<!-- This site is optimized with the Yoast SEO plugin v27.3 - https:\/\/yoast.com\/product\/yoast-seo-wordpress\/ -->\n<title>Mushie 2 x L\u00f6ffel f\u00fcr Kinder | Silikon kinderbesteck | Baby Geschirr f\u00fcr Essen | Sp\u00fclmaschinenfest, Sichere, Hochwertige\u2026 - Markt-XXL<\/title>\n<meta name=\"description\" content=\"Markt-XXL Mushie 2 x L\u00f6ffel f\u00fcr Kinder | Silikon kinderbesteck | Baby Geschirr f\u00fcr Essen | Sp\u00fclmaschinenfest, Sichere, Hochwertige\u2026\" \/>\n<meta name=\"robots\" content=\"index, follow, max-snippet:-1, max-image-preview:large, max-video-preview:-1\" \/>\n<link rel=\"canonical\" href=\"https:\/\/marktxxl.de\/markt\/produkt\/mushie-silicone-baby-spoon-2-pack-stone-cloudy-mauve\/\" \/>\n<meta property=\"og:locale\" content=\"de_DE\" \/>\n<meta property=\"og:type\" content=\"article\" \/>\n<meta property=\"og:title\" content=\"Mushie 2 x L\u00f6ffel f\u00fcr Kinder | Silikon kinderbesteck | Baby Geschirr f\u00fcr Essen | Sp\u00fclmaschinenfest, Sichere, Hochwertige\u2026 - Markt-XXL\" \/>\n<meta property=\"og:description\" content=\"Markt-XXL Mushie 2 x L\u00f6ffel f\u00fcr Kinder | Silikon kinderbesteck | Baby Geschirr f\u00fcr Essen | Sp\u00fclmaschinenfest, Sichere, Hochwertige\u2026\" \/>\n<meta property=\"og:url\" content=\"https:\/\/marktxxl.de\/markt\/produkt\/mushie-silicone-baby-spoon-2-pack-stone-cloudy-mauve\/\" \/>\n<meta property=\"og:site_name\" content=\"Markt-XXL\" \/>\n<meta property=\"article:modified_time\" content=\"2023-04-05T01:17:12+00:00\" \/>\n<meta property=\"og:image\" content=\"https:\/\/m.media-amazon.com\/images\/I\/31UvhlttxRL._SL500_.jpg\" \/>\n\t<meta property=\"og:image:width\" content=\"500\" \/>\n\t<meta property=\"og:image:height\" content=\"500\" \/>\n\t<meta property=\"og:image:type\" content=\"image\/jpeg\" \/>\n<meta name=\"twitter:card\" content=\"summary_large_image\" \/>\n<script type=\"application\/ld+json\" class=\"yoast-schema-graph\">{\"@context\":\"https:\\\/\\\/schema.org\",\"@graph\":[{\"@type\":\"WebPage\",\"@id\":\"https:\\\/\\\/marktxxl.de\\\/markt\\\/produkt\\\/mushie-silicone-baby-spoon-2-pack-stone-cloudy-mauve\\\/\",\"url\":\"https:\\\/\\\/marktxxl.de\\\/markt\\\/produkt\\\/mushie-silicone-baby-spoon-2-pack-stone-cloudy-mauve\\\/\",\"name\":\"Mushie 2 x L\u00f6ffel f\u00fcr Kinder | Silikon kinderbesteck | Baby Geschirr f\u00fcr Essen | Sp\u00fclmaschinenfest, Sichere, Hochwertige\u2026 - Markt-XXL\",\"isPartOf\":{\"@id\":\"https:\\\/\\\/marktxxl.de\\\/markt\\\/#website\"},\"primaryImageOfPage\":{\"@id\":\"https:\\\/\\\/marktxxl.de\\\/markt\\\/produkt\\\/mushie-silicone-baby-spoon-2-pack-stone-cloudy-mauve\\\/#primaryimage\"},\"image\":{\"@id\":\"https:\\\/\\\/marktxxl.de\\\/markt\\\/produkt\\\/mushie-silicone-baby-spoon-2-pack-stone-cloudy-mauve\\\/#primaryimage\"},\"thumbnailUrl\":\"https:\\\/\\\/m.media-amazon.com\\\/images\\\/I\\\/31UvhlttxRL._SL500_.jpg\",\"datePublished\":\"2022-06-13T18:46:35+00:00\",\"dateModified\":\"2023-04-05T01:17:12+00:00\",\"description\":\"Markt-XXL Mushie 2 x L\u00f6ffel f\u00fcr Kinder | Silikon kinderbesteck | Baby Geschirr f\u00fcr Essen | Sp\u00fclmaschinenfest, Sichere, Hochwertige\u2026\",\"breadcrumb\":{\"@id\":\"https:\\\/\\\/marktxxl.de\\\/markt\\\/produkt\\\/mushie-silicone-baby-spoon-2-pack-stone-cloudy-mauve\\\/#breadcrumb\"},\"inLanguage\":\"de\",\"potentialAction\":[{\"@type\":\"ReadAction\",\"target\":[\"https:\\\/\\\/marktxxl.de\\\/markt\\\/produkt\\\/mushie-silicone-baby-spoon-2-pack-stone-cloudy-mauve\\\/\"]}]},{\"@type\":\"ImageObject\",\"inLanguage\":\"de\",\"@id\":\"https:\\\/\\\/marktxxl.de\\\/markt\\\/produkt\\\/mushie-silicone-baby-spoon-2-pack-stone-cloudy-mauve\\\/#primaryimage\",\"url\":\"https:\\\/\\\/m.media-amazon.com\\\/images\\\/I\\\/31UvhlttxRL._SL500_.jpg\",\"contentUrl\":\"https:\\\/\\\/m.media-amazon.com\\\/images\\\/I\\\/31UvhlttxRL._SL500_.jpg\",\"width\":500,\"height\":500},{\"@type\":\"BreadcrumbList\",\"@id\":\"https:\\\/\\\/marktxxl.de\\\/markt\\\/produkt\\\/mushie-silicone-baby-spoon-2-pack-stone-cloudy-mauve\\\/#breadcrumb\",\"itemListElement\":[{\"@type\":\"ListItem\",\"position\":1,\"name\":\"Startseite\",\"item\":\"https:\\\/\\\/marktxxl.de\\\/markt\\\/\"},{\"@type\":\"ListItem\",\"position\":2,\"name\":\"Markt\",\"item\":\"https:\\\/\\\/marktxxl.de\\\/markt\\\/\"},{\"@type\":\"ListItem\",\"position\":3,\"name\":\"Mushie 2 x L\u00f6ffel f\u00fcr Kinder | Silikon kinderbesteck | Baby Geschirr f\u00fcr Essen | Sp\u00fclmaschinenfest, Sichere, Hochwertige\u2026\"}]},{\"@type\":\"WebSite\",\"@id\":\"https:\\\/\\\/marktxxl.de\\\/markt\\\/#website\",\"url\":\"https:\\\/\\\/marktxxl.de\\\/markt\\\/\",\"name\":\"Markt-XXL\",\"description\":\"Ihr Markt Online\",\"publisher\":{\"@id\":\"https:\\\/\\\/marktxxl.de\\\/markt\\\/#organization\"},\"potentialAction\":[{\"@type\":\"SearchAction\",\"target\":{\"@type\":\"EntryPoint\",\"urlTemplate\":\"https:\\\/\\\/marktxxl.de\\\/markt\\\/?s={search_term_string}\"},\"query-input\":{\"@type\":\"PropertyValueSpecification\",\"valueRequired\":true,\"valueName\":\"search_term_string\"}}],\"inLanguage\":\"de\"},{\"@type\":\"Organization\",\"@id\":\"https:\\\/\\\/marktxxl.de\\\/markt\\\/#organization\",\"name\":\"Markt-XXL\",\"url\":\"https:\\\/\\\/marktxxl.de\\\/markt\\\/\",\"logo\":{\"@type\":\"ImageObject\",\"inLanguage\":\"de\",\"@id\":\"https:\\\/\\\/marktxxl.de\\\/markt\\\/#\\\/schema\\\/logo\\\/image\\\/\",\"url\":\"https:\\\/\\\/marktxxl.de\\\/markt\\\/wp-content\\\/uploads\\\/sites\\\/3\\\/2020\\\/12\\\/logo.png\",\"contentUrl\":\"https:\\\/\\\/marktxxl.de\\\/markt\\\/wp-content\\\/uploads\\\/sites\\\/3\\\/2020\\\/12\\\/logo.png\",\"width\":200,\"height\":70,\"caption\":\"Markt-XXL\"},\"image\":{\"@id\":\"https:\\\/\\\/marktxxl.de\\\/markt\\\/#\\\/schema\\\/logo\\\/image\\\/\"}}]}<\/script>\n<!-- \/ Yoast SEO plugin. -->","yoast_head_json":{"title":"Mushie 2 x L\u00f6ffel f\u00fcr Kinder | Silikon kinderbesteck | Baby Geschirr f\u00fcr Essen | Sp\u00fclmaschinenfest, Sichere, Hochwertige\u2026 - Markt-XXL","description":"Markt-XXL Mushie 2 x L\u00f6ffel f\u00fcr Kinder | Silikon kinderbesteck | Baby Geschirr f\u00fcr Essen | Sp\u00fclmaschinenfest, Sichere, Hochwertige\u2026","robots":{"index":"index","follow":"follow","max-snippet":"max-snippet:-1","max-image-preview":"max-image-preview:large","max-video-preview":"max-video-preview:-1"},"canonical":"https:\/\/marktxxl.de\/markt\/produkt\/mushie-silicone-baby-spoon-2-pack-stone-cloudy-mauve\/","og_locale":"de_DE","og_type":"article","og_title":"Mushie 2 x L\u00f6ffel f\u00fcr Kinder | Silikon kinderbesteck | Baby Geschirr f\u00fcr Essen | Sp\u00fclmaschinenfest, Sichere, Hochwertige\u2026 - Markt-XXL","og_description":"Markt-XXL Mushie 2 x L\u00f6ffel f\u00fcr Kinder | Silikon kinderbesteck | Baby Geschirr f\u00fcr Essen | Sp\u00fclmaschinenfest, Sichere, Hochwertige\u2026","og_url":"https:\/\/marktxxl.de\/markt\/produkt\/mushie-silicone-baby-spoon-2-pack-stone-cloudy-mauve\/","og_site_name":"Markt-XXL","article_modified_time":"2023-04-05T01:17:12+00:00","og_image":[{"width":500,"height":500,"url":"https:\/\/m.media-amazon.com\/images\/I\/31UvhlttxRL._SL500_.jpg","type":"image\/jpeg"}],"twitter_card":"summary_large_image","schema":{"@context":"https:\/\/schema.org","@graph":[{"@type":"WebPage","@id":"https:\/\/marktxxl.de\/markt\/produkt\/mushie-silicone-baby-spoon-2-pack-stone-cloudy-mauve\/","url":"https:\/\/marktxxl.de\/markt\/produkt\/mushie-silicone-baby-spoon-2-pack-stone-cloudy-mauve\/","name":"Mushie 2 x L\u00f6ffel f\u00fcr Kinder | Silikon kinderbesteck | Baby Geschirr f\u00fcr Essen | Sp\u00fclmaschinenfest, Sichere, Hochwertige\u2026 - Markt-XXL","isPartOf":{"@id":"https:\/\/marktxxl.de\/markt\/#website"},"primaryImageOfPage":{"@id":"https:\/\/marktxxl.de\/markt\/produkt\/mushie-silicone-baby-spoon-2-pack-stone-cloudy-mauve\/#primaryimage"},"image":{"@id":"https:\/\/marktxxl.de\/markt\/produkt\/mushie-silicone-baby-spoon-2-pack-stone-cloudy-mauve\/#primaryimage"},"thumbnailUrl":"https:\/\/m.media-amazon.com\/images\/I\/31UvhlttxRL._SL500_.jpg","datePublished":"2022-06-13T18:46:35+00:00","dateModified":"2023-04-05T01:17:12+00:00","description":"Markt-XXL Mushie 2 x L\u00f6ffel f\u00fcr Kinder | Silikon kinderbesteck | Baby Geschirr f\u00fcr Essen | Sp\u00fclmaschinenfest, Sichere, Hochwertige\u2026","breadcrumb":{"@id":"https:\/\/marktxxl.de\/markt\/produkt\/mushie-silicone-baby-spoon-2-pack-stone-cloudy-mauve\/#breadcrumb"},"inLanguage":"de","potentialAction":[{"@type":"ReadAction","target":["https:\/\/marktxxl.de\/markt\/produkt\/mushie-silicone-baby-spoon-2-pack-stone-cloudy-mauve\/"]}]},{"@type":"ImageObject","inLanguage":"de","@id":"https:\/\/marktxxl.de\/markt\/produkt\/mushie-silicone-baby-spoon-2-pack-stone-cloudy-mauve\/#primaryimage","url":"https:\/\/m.media-amazon.com\/images\/I\/31UvhlttxRL._SL500_.jpg","contentUrl":"https:\/\/m.media-amazon.com\/images\/I\/31UvhlttxRL._SL500_.jpg","width":500,"height":500},{"@type":"BreadcrumbList","@id":"https:\/\/marktxxl.de\/markt\/produkt\/mushie-silicone-baby-spoon-2-pack-stone-cloudy-mauve\/#breadcrumb","itemListElement":[{"@type":"ListItem","position":1,"name":"Startseite","item":"https:\/\/marktxxl.de\/markt\/"},{"@type":"ListItem","position":2,"name":"Markt","item":"https:\/\/marktxxl.de\/markt\/"},{"@type":"ListItem","position":3,"name":"Mushie 2 x L\u00f6ffel f\u00fcr Kinder | Silikon kinderbesteck | Baby Geschirr f\u00fcr Essen | Sp\u00fclmaschinenfest, Sichere, Hochwertige\u2026"}]},{"@type":"WebSite","@id":"https:\/\/marktxxl.de\/markt\/#website","url":"https:\/\/marktxxl.de\/markt\/","name":"Markt-XXL","description":"Ihr Markt Online","publisher":{"@id":"https:\/\/marktxxl.de\/markt\/#organization"},"potentialAction":[{"@type":"SearchAction","target":{"@type":"EntryPoint","urlTemplate":"https:\/\/marktxxl.de\/markt\/?s={search_term_string}"},"query-input":{"@type":"PropertyValueSpecification","valueRequired":true,"valueName":"search_term_string"}}],"inLanguage":"de"},{"@type":"Organization","@id":"https:\/\/marktxxl.de\/markt\/#organization","name":"Markt-XXL","url":"https:\/\/marktxxl.de\/markt\/","logo":{"@type":"ImageObject","inLanguage":"de","@id":"https:\/\/marktxxl.de\/markt\/#\/schema\/logo\/image\/","url":"https:\/\/marktxxl.de\/markt\/wp-content\/uploads\/sites\/3\/2020\/12\/logo.png","contentUrl":"https:\/\/marktxxl.de\/markt\/wp-content\/uploads\/sites\/3\/2020\/12\/logo.png","width":200,"height":70,"caption":"Markt-XXL"},"image":{"@id":"https:\/\/marktxxl.de\/markt\/#\/schema\/logo\/image\/"}}]}},"_links":{"self":[{"href":"https:\/\/marktxxl.de\/markt\/wp-json\/wp\/v2\/product\/125825","targetHints":{"allow":["GET"]}}],"collection":[{"href":"https:\/\/marktxxl.de\/markt\/wp-json\/wp\/v2\/product"}],"about":[{"href":"https:\/\/marktxxl.de\/markt\/wp-json\/wp\/v2\/types\/product"}],"replies":[{"embeddable":true,"href":"https:\/\/marktxxl.de\/markt\/wp-json\/wp\/v2\/comments?post=125825"}],"wp:featuredmedia":[{"embeddable":true,"href":"https:\/\/marktxxl.de\/markt\/wp-json\/wp\/v2\/media\/125826"}],"wp:attachment":[{"href":"https:\/\/marktxxl.de\/markt\/wp-json\/wp\/v2\/media?parent=125825"}],"wp:term":[{"taxonomy":"product_brand","embeddable":true,"href":"https:\/\/marktxxl.de\/markt\/wp-json\/wp\/v2\/product_brand?post=125825"},{"taxonomy":"product_cat","embeddable":true,"href":"https:\/\/marktxxl.de\/markt\/wp-json\/wp\/v2\/product_cat?post=125825"},{"taxonomy":"product_tag","embeddable":true,"href":"https:\/\/marktxxl.de\/markt\/wp-json\/wp\/v2\/product_tag?post=125825"}],"curies":[{"name":"wp","href":"https:\/\/api.w.org\/{rel}","templated":true}]}}