{"id":125448,"date":"2022-06-13T20:11:07","date_gmt":"2022-06-13T18:11:07","guid":{"rendered":"https:\/\/marktxxl.de\/markt\/produkt\/mini-babybum-windelcremebuerste-weiches-silikon-zum-auftragen-von-windeln\/"},"modified":"2023-04-03T02:25:19","modified_gmt":"2023-04-03T00:25:19","slug":"mini-babybum-windelcremebuerste-weiches-silikon-zum-auftragen-von-windeln","status":"publish","type":"product","link":"https:\/\/marktxxl.de\/markt\/produkt\/mini-babybum-windelcremebuerste-weiches-silikon-zum-auftragen-von-windeln\/","title":{"rendered":"Mini BabyBum Windelcremeb\u00fcrste &#8211; weiches Silikon zum Auftragen von Windeln"},"content":{"rendered":"<p>Sanft f\u00fcr die Haut von Jungen und M\u00e4dchen: Wir haben die Baby Bum Brush erfunden, um sanft Salbe auf die empfindliche Haut meines eigenen Kindes aufzutragen. Windelcreme schafft eine dicke Barriere zum Schutz empfindlicher Haut und Heilung eines Windelausschlags. Halten Sie Ihre Finger sauber von Windelcreme mit der Original Mama erfundenen Baby Bum B\u00fcrste.<br \/>\nWeiches, flexibles Silikon: Die Baby Bum B\u00fcrste ist aus reinem, weichem, flexiblem Silikon und ist sicher und sanft f\u00fcr empfindliche Haut. Das Silikon ist BPA-frei und absolut toxinfrei, um die Gesundheit und Sicherheit Ihres Babys zu gew\u00e4hrleisten. Dieses Produkt ist auch kompatibel mit California Proposition 65. Geben Sie Ihrem Baby Entlastung von Windelausschlag oder Ekzeme.<br \/>\nWindelcreme geht glatter, dicker und schneller<br \/>\nPraktische Saugnapf-Unterseite: Die Verteilen von Windelcreme mit den Fingern wird noch schmieriger, wenn Babys w\u00e4hrend eines Windelwechsels wackeln. Der handliche Saugnapfboden h\u00e4lt die B\u00fcrste immer aufrecht auf jeder flachen Oberfl\u00e4che. So bekommen Sie keine Windelcreme auf der ganzen Babykommode<br \/>\nKlein und tragbar: Diese B\u00fcrste misst ca. 10,2 cm, so dass sie die perfekte Gr\u00f6\u00dfe f\u00fcr Reisen ist, aber gro\u00df genug, um an den Boden Ihres Lieblings-Windelcremes zu gelangen. Zur Verwendung mit Desitin, Butt Paste, Aquaphor, ehrlich, Dr. Smiths, Vaseline, Natural oder einer Ihrer Lieblings-Feuchtigkeitscreme. Werfen Sie einfach in Ihre Wickeltasche und los geht&#8217;s! Der Saugnapf kann an jeder flachen Oberfl\u00e4che befestigt werden, sodass Sie ihn in \u00f6ffentliche Toiletten mitnehmen k\u00f6nnen, wenn Sie den Wickeltisch verwenden m\u00fcssen.<br \/>\n<div class=\"main-cross-sell\" data-asin=\"B07V39Y253\">\n\n\t<div class=\"WooZone-cross-sell-loader\">\n\t\t<div>\n\t\t\t<div id=\"floatingBarsG\">\n\t\t\t\t<div class=\"blockG\" id=\"rotateG_01\"><\/div>\n\t\t\t\t<div class=\"blockG\" id=\"rotateG_02\"><\/div>\n\t\t\t\t<div class=\"blockG\" id=\"rotateG_03\"><\/div>\n\t\t\t\t<div class=\"blockG\" id=\"rotateG_04\"><\/div>\n\t\t\t\t<div class=\"blockG\" id=\"rotateG_05\"><\/div>\n\t\t\t\t<div class=\"blockG\" id=\"rotateG_06\"><\/div>\n\t\t\t\t<div class=\"blockG\" id=\"rotateG_07\"><\/div>\n\t\t\t\t<div class=\"blockG\" id=\"rotateG_08\"><\/div>\n\t\t\t<\/div>\n\t\t\t<div class=\"WooZone-cross-sell-loader-text\"><\/div>\n\t\t<\/div>\n\t<\/div>\n\n\t\t\n<\/div>\n<div style=\"clear:both;\"><\/div><\/p>\n","protected":false},"excerpt":{"rendered":"<p>Sanft f\u00fcr die Haut von Jungen und M\u00e4dchen: Wir haben die Baby Bum Brush erfunden, um sanft Salbe auf die empfindliche Haut meines eigenen Kindes aufzutragen. Windelcreme schafft eine dicke Barriere zum Schutz empfindlicher Haut und Heilung eines Windelausschlags. Halten Sie Ihre Finger sauber von Windelcreme mit der Original Mama erfundenen Baby Bum B\u00fcrste.<br \/>\nWeiches, flexibles Silikon: Die Baby Bum B\u00fcrste ist aus reinem, weichem, flexiblem Silikon und ist sicher und sanft f\u00fcr empfindliche Haut. Das Silikon ist BPA-frei und absolut toxinfrei, um die Gesundheit und Sicherheit Ihres Babys zu gew\u00e4hrleisten. Dieses Produkt ist auch kompatibel mit California Proposition 65. Geben Sie Ihrem Baby Entlastung von Windelausschlag oder Ekzeme.<br \/>\nWindelcreme geht glatter, dicker und schneller<\/p>\n","protected":false},"featured_media":125449,"comment_status":"open","ping_status":"closed","template":"","meta":[],"product_brand":[],"product_cat":[21,9009],"product_tag":[],"class_list":{"0":"post-125448","1":"product","2":"type-product","3":"status-publish","4":"has-post-thumbnail","6":"product_cat-baby","7":"product_cat-babypflege-baby","8":"pa_binding-babyartikel","9":"pa_brand-baby-bum-brush","10":"pa_height-7-zoll","11":"pa_length-4-zoll","12":"pa_manufacturer-baby-bumco","13":"pa_weight-0-13-pfund","14":"pa_width-1-5-zoll","16":"first","17":"instock","18":"shipping-taxable","19":"purchasable","20":"product-type-simple","21":"customify-col","22":"product-has-gallery"},"yoast_head":"<!-- This site is optimized with the Yoast SEO plugin v27.4 - https:\/\/yoast.com\/product\/yoast-seo-wordpress\/ -->\n<title>Mini BabyBum Windelcremeb\u00fcrste - weiches Silikon zum Auftragen von Windeln - Markt-XXL<\/title>\n<meta name=\"description\" content=\"Markt-XXL Mini BabyBum Windelcremeb\u00fcrste - weiches Silikon zum Auftragen von Windeln\" \/>\n<meta name=\"robots\" content=\"index, follow, max-snippet:-1, max-image-preview:large, max-video-preview:-1\" \/>\n<link rel=\"canonical\" href=\"https:\/\/marktxxl.de\/markt\/produkt\/mini-babybum-windelcremebuerste-weiches-silikon-zum-auftragen-von-windeln\/\" \/>\n<meta property=\"og:locale\" content=\"de_DE\" \/>\n<meta property=\"og:type\" content=\"article\" \/>\n<meta property=\"og:title\" content=\"Mini BabyBum Windelcremeb\u00fcrste - weiches Silikon zum Auftragen von Windeln - Markt-XXL\" \/>\n<meta property=\"og:description\" content=\"Markt-XXL Mini BabyBum Windelcremeb\u00fcrste - weiches Silikon zum Auftragen von Windeln\" \/>\n<meta property=\"og:url\" content=\"https:\/\/marktxxl.de\/markt\/produkt\/mini-babybum-windelcremebuerste-weiches-silikon-zum-auftragen-von-windeln\/\" \/>\n<meta property=\"og:site_name\" content=\"Markt-XXL\" \/>\n<meta property=\"article:modified_time\" content=\"2023-04-03T00:25:19+00:00\" \/>\n<meta property=\"og:image\" content=\"https:\/\/m.media-amazon.com\/images\/I\/51Ev-lEV93L._SL500_.jpg\" \/>\n\t<meta property=\"og:image:width\" content=\"400\" \/>\n\t<meta property=\"og:image:height\" content=\"500\" \/>\n\t<meta property=\"og:image:type\" content=\"image\/jpeg\" \/>\n<meta name=\"twitter:card\" content=\"summary_large_image\" \/>\n<meta name=\"twitter:label1\" content=\"Gesch\u00e4tzte Lesezeit\" \/>\n\t<meta name=\"twitter:data1\" content=\"1\u00a0Minute\" \/>\n<script type=\"application\/ld+json\" class=\"yoast-schema-graph\">{\"@context\":\"https:\\\/\\\/schema.org\",\"@graph\":[{\"@type\":\"WebPage\",\"@id\":\"https:\\\/\\\/marktxxl.de\\\/markt\\\/produkt\\\/mini-babybum-windelcremebuerste-weiches-silikon-zum-auftragen-von-windeln\\\/\",\"url\":\"https:\\\/\\\/marktxxl.de\\\/markt\\\/produkt\\\/mini-babybum-windelcremebuerste-weiches-silikon-zum-auftragen-von-windeln\\\/\",\"name\":\"Mini BabyBum Windelcremeb\u00fcrste - weiches Silikon zum Auftragen von Windeln - Markt-XXL\",\"isPartOf\":{\"@id\":\"https:\\\/\\\/marktxxl.de\\\/markt\\\/#website\"},\"primaryImageOfPage\":{\"@id\":\"https:\\\/\\\/marktxxl.de\\\/markt\\\/produkt\\\/mini-babybum-windelcremebuerste-weiches-silikon-zum-auftragen-von-windeln\\\/#primaryimage\"},\"image\":{\"@id\":\"https:\\\/\\\/marktxxl.de\\\/markt\\\/produkt\\\/mini-babybum-windelcremebuerste-weiches-silikon-zum-auftragen-von-windeln\\\/#primaryimage\"},\"thumbnailUrl\":\"https:\\\/\\\/m.media-amazon.com\\\/images\\\/I\\\/51Ev-lEV93L._SL500_.jpg\",\"datePublished\":\"2022-06-13T18:11:07+00:00\",\"dateModified\":\"2023-04-03T00:25:19+00:00\",\"description\":\"Markt-XXL Mini BabyBum Windelcremeb\u00fcrste - weiches Silikon zum Auftragen von Windeln\",\"breadcrumb\":{\"@id\":\"https:\\\/\\\/marktxxl.de\\\/markt\\\/produkt\\\/mini-babybum-windelcremebuerste-weiches-silikon-zum-auftragen-von-windeln\\\/#breadcrumb\"},\"inLanguage\":\"de\",\"potentialAction\":[{\"@type\":\"ReadAction\",\"target\":[\"https:\\\/\\\/marktxxl.de\\\/markt\\\/produkt\\\/mini-babybum-windelcremebuerste-weiches-silikon-zum-auftragen-von-windeln\\\/\"]}]},{\"@type\":\"ImageObject\",\"inLanguage\":\"de\",\"@id\":\"https:\\\/\\\/marktxxl.de\\\/markt\\\/produkt\\\/mini-babybum-windelcremebuerste-weiches-silikon-zum-auftragen-von-windeln\\\/#primaryimage\",\"url\":\"https:\\\/\\\/m.media-amazon.com\\\/images\\\/I\\\/51Ev-lEV93L._SL500_.jpg\",\"contentUrl\":\"https:\\\/\\\/m.media-amazon.com\\\/images\\\/I\\\/51Ev-lEV93L._SL500_.jpg\",\"width\":400,\"height\":500},{\"@type\":\"BreadcrumbList\",\"@id\":\"https:\\\/\\\/marktxxl.de\\\/markt\\\/produkt\\\/mini-babybum-windelcremebuerste-weiches-silikon-zum-auftragen-von-windeln\\\/#breadcrumb\",\"itemListElement\":[{\"@type\":\"ListItem\",\"position\":1,\"name\":\"Startseite\",\"item\":\"https:\\\/\\\/marktxxl.de\\\/markt\\\/\"},{\"@type\":\"ListItem\",\"position\":2,\"name\":\"Markt\",\"item\":\"https:\\\/\\\/marktxxl.de\\\/markt\\\/\"},{\"@type\":\"ListItem\",\"position\":3,\"name\":\"Mini BabyBum Windelcremeb\u00fcrste &#8211; weiches Silikon zum Auftragen von Windeln\"}]},{\"@type\":\"WebSite\",\"@id\":\"https:\\\/\\\/marktxxl.de\\\/markt\\\/#website\",\"url\":\"https:\\\/\\\/marktxxl.de\\\/markt\\\/\",\"name\":\"Markt-XXL\",\"description\":\"Ihr Markt Online\",\"publisher\":{\"@id\":\"https:\\\/\\\/marktxxl.de\\\/markt\\\/#organization\"},\"potentialAction\":[{\"@type\":\"SearchAction\",\"target\":{\"@type\":\"EntryPoint\",\"urlTemplate\":\"https:\\\/\\\/marktxxl.de\\\/markt\\\/?s={search_term_string}\"},\"query-input\":{\"@type\":\"PropertyValueSpecification\",\"valueRequired\":true,\"valueName\":\"search_term_string\"}}],\"inLanguage\":\"de\"},{\"@type\":\"Organization\",\"@id\":\"https:\\\/\\\/marktxxl.de\\\/markt\\\/#organization\",\"name\":\"Markt-XXL\",\"url\":\"https:\\\/\\\/marktxxl.de\\\/markt\\\/\",\"logo\":{\"@type\":\"ImageObject\",\"inLanguage\":\"de\",\"@id\":\"https:\\\/\\\/marktxxl.de\\\/markt\\\/#\\\/schema\\\/logo\\\/image\\\/\",\"url\":\"https:\\\/\\\/marktxxl.de\\\/markt\\\/wp-content\\\/uploads\\\/sites\\\/3\\\/2020\\\/12\\\/logo.png\",\"contentUrl\":\"https:\\\/\\\/marktxxl.de\\\/markt\\\/wp-content\\\/uploads\\\/sites\\\/3\\\/2020\\\/12\\\/logo.png\",\"width\":200,\"height\":70,\"caption\":\"Markt-XXL\"},\"image\":{\"@id\":\"https:\\\/\\\/marktxxl.de\\\/markt\\\/#\\\/schema\\\/logo\\\/image\\\/\"}}]}<\/script>\n<!-- \/ Yoast SEO plugin. -->","yoast_head_json":{"title":"Mini BabyBum Windelcremeb\u00fcrste - weiches Silikon zum Auftragen von Windeln - Markt-XXL","description":"Markt-XXL Mini BabyBum Windelcremeb\u00fcrste - weiches Silikon zum Auftragen von Windeln","robots":{"index":"index","follow":"follow","max-snippet":"max-snippet:-1","max-image-preview":"max-image-preview:large","max-video-preview":"max-video-preview:-1"},"canonical":"https:\/\/marktxxl.de\/markt\/produkt\/mini-babybum-windelcremebuerste-weiches-silikon-zum-auftragen-von-windeln\/","og_locale":"de_DE","og_type":"article","og_title":"Mini BabyBum Windelcremeb\u00fcrste - weiches Silikon zum Auftragen von Windeln - Markt-XXL","og_description":"Markt-XXL Mini BabyBum Windelcremeb\u00fcrste - weiches Silikon zum Auftragen von Windeln","og_url":"https:\/\/marktxxl.de\/markt\/produkt\/mini-babybum-windelcremebuerste-weiches-silikon-zum-auftragen-von-windeln\/","og_site_name":"Markt-XXL","article_modified_time":"2023-04-03T00:25:19+00:00","og_image":[{"width":400,"height":500,"url":"https:\/\/m.media-amazon.com\/images\/I\/51Ev-lEV93L._SL500_.jpg","type":"image\/jpeg"}],"twitter_card":"summary_large_image","twitter_misc":{"Gesch\u00e4tzte Lesezeit":"1\u00a0Minute"},"schema":{"@context":"https:\/\/schema.org","@graph":[{"@type":"WebPage","@id":"https:\/\/marktxxl.de\/markt\/produkt\/mini-babybum-windelcremebuerste-weiches-silikon-zum-auftragen-von-windeln\/","url":"https:\/\/marktxxl.de\/markt\/produkt\/mini-babybum-windelcremebuerste-weiches-silikon-zum-auftragen-von-windeln\/","name":"Mini BabyBum Windelcremeb\u00fcrste - weiches Silikon zum Auftragen von Windeln - Markt-XXL","isPartOf":{"@id":"https:\/\/marktxxl.de\/markt\/#website"},"primaryImageOfPage":{"@id":"https:\/\/marktxxl.de\/markt\/produkt\/mini-babybum-windelcremebuerste-weiches-silikon-zum-auftragen-von-windeln\/#primaryimage"},"image":{"@id":"https:\/\/marktxxl.de\/markt\/produkt\/mini-babybum-windelcremebuerste-weiches-silikon-zum-auftragen-von-windeln\/#primaryimage"},"thumbnailUrl":"https:\/\/m.media-amazon.com\/images\/I\/51Ev-lEV93L._SL500_.jpg","datePublished":"2022-06-13T18:11:07+00:00","dateModified":"2023-04-03T00:25:19+00:00","description":"Markt-XXL Mini BabyBum Windelcremeb\u00fcrste - weiches Silikon zum Auftragen von Windeln","breadcrumb":{"@id":"https:\/\/marktxxl.de\/markt\/produkt\/mini-babybum-windelcremebuerste-weiches-silikon-zum-auftragen-von-windeln\/#breadcrumb"},"inLanguage":"de","potentialAction":[{"@type":"ReadAction","target":["https:\/\/marktxxl.de\/markt\/produkt\/mini-babybum-windelcremebuerste-weiches-silikon-zum-auftragen-von-windeln\/"]}]},{"@type":"ImageObject","inLanguage":"de","@id":"https:\/\/marktxxl.de\/markt\/produkt\/mini-babybum-windelcremebuerste-weiches-silikon-zum-auftragen-von-windeln\/#primaryimage","url":"https:\/\/m.media-amazon.com\/images\/I\/51Ev-lEV93L._SL500_.jpg","contentUrl":"https:\/\/m.media-amazon.com\/images\/I\/51Ev-lEV93L._SL500_.jpg","width":400,"height":500},{"@type":"BreadcrumbList","@id":"https:\/\/marktxxl.de\/markt\/produkt\/mini-babybum-windelcremebuerste-weiches-silikon-zum-auftragen-von-windeln\/#breadcrumb","itemListElement":[{"@type":"ListItem","position":1,"name":"Startseite","item":"https:\/\/marktxxl.de\/markt\/"},{"@type":"ListItem","position":2,"name":"Markt","item":"https:\/\/marktxxl.de\/markt\/"},{"@type":"ListItem","position":3,"name":"Mini BabyBum Windelcremeb\u00fcrste &#8211; weiches Silikon zum Auftragen von Windeln"}]},{"@type":"WebSite","@id":"https:\/\/marktxxl.de\/markt\/#website","url":"https:\/\/marktxxl.de\/markt\/","name":"Markt-XXL","description":"Ihr Markt Online","publisher":{"@id":"https:\/\/marktxxl.de\/markt\/#organization"},"potentialAction":[{"@type":"SearchAction","target":{"@type":"EntryPoint","urlTemplate":"https:\/\/marktxxl.de\/markt\/?s={search_term_string}"},"query-input":{"@type":"PropertyValueSpecification","valueRequired":true,"valueName":"search_term_string"}}],"inLanguage":"de"},{"@type":"Organization","@id":"https:\/\/marktxxl.de\/markt\/#organization","name":"Markt-XXL","url":"https:\/\/marktxxl.de\/markt\/","logo":{"@type":"ImageObject","inLanguage":"de","@id":"https:\/\/marktxxl.de\/markt\/#\/schema\/logo\/image\/","url":"https:\/\/marktxxl.de\/markt\/wp-content\/uploads\/sites\/3\/2020\/12\/logo.png","contentUrl":"https:\/\/marktxxl.de\/markt\/wp-content\/uploads\/sites\/3\/2020\/12\/logo.png","width":200,"height":70,"caption":"Markt-XXL"},"image":{"@id":"https:\/\/marktxxl.de\/markt\/#\/schema\/logo\/image\/"}}]}},"_links":{"self":[{"href":"https:\/\/marktxxl.de\/markt\/wp-json\/wp\/v2\/product\/125448","targetHints":{"allow":["GET"]}}],"collection":[{"href":"https:\/\/marktxxl.de\/markt\/wp-json\/wp\/v2\/product"}],"about":[{"href":"https:\/\/marktxxl.de\/markt\/wp-json\/wp\/v2\/types\/product"}],"replies":[{"embeddable":true,"href":"https:\/\/marktxxl.de\/markt\/wp-json\/wp\/v2\/comments?post=125448"}],"wp:featuredmedia":[{"embeddable":true,"href":"https:\/\/marktxxl.de\/markt\/wp-json\/wp\/v2\/media\/125449"}],"wp:attachment":[{"href":"https:\/\/marktxxl.de\/markt\/wp-json\/wp\/v2\/media?parent=125448"}],"wp:term":[{"taxonomy":"product_brand","embeddable":true,"href":"https:\/\/marktxxl.de\/markt\/wp-json\/wp\/v2\/product_brand?post=125448"},{"taxonomy":"product_cat","embeddable":true,"href":"https:\/\/marktxxl.de\/markt\/wp-json\/wp\/v2\/product_cat?post=125448"},{"taxonomy":"product_tag","embeddable":true,"href":"https:\/\/marktxxl.de\/markt\/wp-json\/wp\/v2\/product_tag?post=125448"}],"curies":[{"name":"wp","href":"https:\/\/api.w.org\/{rel}","templated":true}]}}